

{"id":38127,"date":"2022-06-08T08:21:34","date_gmt":"2022-06-08T06:21:34","guid":{"rendered":"http:\/\/visitemporda.com\/?page_id=38127"},"modified":"2022-06-08T08:21:34","modified_gmt":"2022-06-08T06:21:34","slug":"baix-emporda-tourisme-responsable","status":"publish","type":"page","link":"https:\/\/visitemporda.com\/fr\/professionals\/empreses\/projectes-de-la-destinacio\/baix-emporda-tourisme-responsable\/","title":{"rendered":"Baix Empord\u00e0 Tourisme Responsable"},"content":{"rendered":"<p>Voulez-vous profiter du Baix Empord\u00e0 le plus authentique ? <strong>Faites-le de mani\u00e8re responsable!<\/strong> Ci-dessous, nous vous proposons un guide avec une s\u00e9rie de bonnes pratiques afin de profiter de la destination de mani\u00e8re durable, dans le respect de notre peuple, de notre patrimoine et de notre environnement naturel. Bienvenue dans le Baix Empord\u00e0 !<\/p>\n<p>FR. Dans le Baix Empord\u00e0 nous engageons pour un Tourisme Responsable. Guide de Bonnes Pratiques.<\/p>\n","protected":false},"excerpt":{"rendered":"<p>Voulez-vous profiter du Baix Empord\u00e0 le plus authentique ? Faites-le de mani\u00e8re responsable! Ci-dessous, nous vous proposons un guide avec une s\u00e9rie de bonnes pratiques afin de profiter de la destination de mani\u00e8re durable, dans le respect de notre peuple, de notre patrimoine et de notre environnement naturel. Bienvenue dans le Baix Empord\u00e0 ! FR. [&hellip;]<\/p>\n","protected":false},"author":2,"featured_media":38121,"parent":22920,"menu_order":0,"comment_status":"closed","ping_status":"closed","template":"page-templates\/fitxa-campanyes-gastronomiques.php","meta":{"_acf_changed":false,"footnotes":""},"class_list":["post-38127","page","type-page","status-publish","has-post-thumbnail","hentry"],"acf":[],"yoast_head":"<!-- This site is optimized with the Yoast SEO plugin v27.4 - https:\/\/yoast.com\/product\/yoast-seo-wordpress\/ -->\n<title>Baix Empord\u00e0 Tourisme Responsable - Visit Empord\u00e0<\/title>\n<meta name=\"robots\" content=\"index, follow, max-snippet:-1, max-image-preview:large, max-video-preview:-1\" \/>\n<link rel=\"canonical\" href=\"https:\/\/visitemporda.com\/fr\/professionals\/empreses\/projectes-de-la-destinacio\/baix-emporda-tourisme-responsable\/\" \/>\n<meta property=\"og:locale\" content=\"fr_FR\" \/>\n<meta property=\"og:type\" content=\"article\" \/>\n<meta property=\"og:title\" content=\"Baix Empord\u00e0 Tourisme Responsable - Visit Empord\u00e0\" \/>\n<meta property=\"og:description\" content=\"Voulez-vous profiter du Baix Empord\u00e0 le plus authentique ? Faites-le de mani\u00e8re responsable! Ci-dessous, nous vous proposons un guide avec une s\u00e9rie de bonnes pratiques afin de profiter de la destination de mani\u00e8re durable, dans le respect de notre peuple, de notre patrimoine et de notre environnement naturel. Bienvenue dans le Baix Empord\u00e0 ! FR. [&hellip;]\" \/>\n<meta property=\"og:url\" content=\"https:\/\/visitemporda.com\/fr\/professionals\/empreses\/projectes-de-la-destinacio\/baix-emporda-tourisme-responsable\/\" \/>\n<meta property=\"og:site_name\" content=\"Visit Empord\u00e0\" \/>\n<meta property=\"article:publisher\" content=\"https:\/\/www.facebook.com\/baixempordaturisme\" \/>\n<meta property=\"og:image\" content=\"https:\/\/visitemporda.com\/wp-content\/uploads\/2022\/06\/foto-web3.jpg\" \/>\n\t<meta property=\"og:image:width\" content=\"736\" \/>\n\t<meta property=\"og:image:height\" content=\"395\" \/>\n\t<meta property=\"og:image:type\" content=\"image\/jpeg\" \/>\n<meta name=\"twitter:card\" content=\"summary_large_image\" \/>\n<meta name=\"twitter:site\" content=\"@baixemporda_tur\" \/>\n<script type=\"application\/ld+json\" class=\"yoast-schema-graph\">{\"@context\":\"https:\\\/\\\/schema.org\",\"@graph\":[{\"@type\":\"WebPage\",\"@id\":\"https:\\\/\\\/visitemporda.com\\\/fr\\\/professionals\\\/empreses\\\/projectes-de-la-destinacio\\\/baix-emporda-tourisme-responsable\\\/\",\"url\":\"https:\\\/\\\/visitemporda.com\\\/fr\\\/professionals\\\/empreses\\\/projectes-de-la-destinacio\\\/baix-emporda-tourisme-responsable\\\/\",\"name\":\"Baix Empord\u00e0 Tourisme Responsable - Visit Empord\u00e0\",\"isPartOf\":{\"@id\":\"https:\\\/\\\/visitemporda.com\\\/fr\\\/#website\"},\"primaryImageOfPage\":{\"@id\":\"https:\\\/\\\/visitemporda.com\\\/fr\\\/professionals\\\/empreses\\\/projectes-de-la-destinacio\\\/baix-emporda-tourisme-responsable\\\/#primaryimage\"},\"image\":{\"@id\":\"https:\\\/\\\/visitemporda.com\\\/fr\\\/professionals\\\/empreses\\\/projectes-de-la-destinacio\\\/baix-emporda-tourisme-responsable\\\/#primaryimage\"},\"thumbnailUrl\":\"https:\\\/\\\/visitemporda.com\\\/wp-content\\\/uploads\\\/2022\\\/06\\\/foto-web3.jpg\",\"datePublished\":\"2022-06-08T06:21:34+00:00\",\"breadcrumb\":{\"@id\":\"https:\\\/\\\/visitemporda.com\\\/fr\\\/professionals\\\/empreses\\\/projectes-de-la-destinacio\\\/baix-emporda-tourisme-responsable\\\/#breadcrumb\"},\"inLanguage\":\"fr-FR\",\"potentialAction\":[{\"@type\":\"ReadAction\",\"target\":[\"https:\\\/\\\/visitemporda.com\\\/fr\\\/professionals\\\/empreses\\\/projectes-de-la-destinacio\\\/baix-emporda-tourisme-responsable\\\/\"]}]},{\"@type\":\"ImageObject\",\"inLanguage\":\"fr-FR\",\"@id\":\"https:\\\/\\\/visitemporda.com\\\/fr\\\/professionals\\\/empreses\\\/projectes-de-la-destinacio\\\/baix-emporda-tourisme-responsable\\\/#primaryimage\",\"url\":\"https:\\\/\\\/visitemporda.com\\\/wp-content\\\/uploads\\\/2022\\\/06\\\/foto-web3.jpg\",\"contentUrl\":\"https:\\\/\\\/visitemporda.com\\\/wp-content\\\/uploads\\\/2022\\\/06\\\/foto-web3.jpg\",\"width\":736,\"height\":395,\"caption\":\"Cartell Baix Empord\u00e0 apostem per un turisme responsable\"},{\"@type\":\"BreadcrumbList\",\"@id\":\"https:\\\/\\\/visitemporda.com\\\/fr\\\/professionals\\\/empreses\\\/projectes-de-la-destinacio\\\/baix-emporda-tourisme-responsable\\\/#breadcrumb\",\"itemListElement\":[{\"@type\":\"ListItem\",\"position\":1,\"name\":\"Inici\",\"item\":\"https:\\\/\\\/visitemporda.com\\\/fr\\\/\"},{\"@type\":\"ListItem\",\"position\":2,\"name\":\"Professionnels\",\"item\":\"https:\\\/\\\/visitemporda.com\\\/fr\\\/professionals\\\/\"},{\"@type\":\"ListItem\",\"position\":3,\"name\":\"Entreprises touristiques\",\"item\":\"https:\\\/\\\/visitemporda.com\\\/fr\\\/professionals\\\/empreses\\\/\"},{\"@type\":\"ListItem\",\"position\":4,\"name\":\"Projet du Baix Empord\u00e0\",\"item\":\"https:\\\/\\\/visitemporda.com\\\/fr\\\/professionals\\\/empreses\\\/projectes-de-la-destinacio\\\/\"},{\"@type\":\"ListItem\",\"position\":5,\"name\":\"Baix Empord\u00e0 Tourisme Responsable\"}]},{\"@type\":\"WebSite\",\"@id\":\"https:\\\/\\\/visitemporda.com\\\/fr\\\/#website\",\"url\":\"https:\\\/\\\/visitemporda.com\\\/fr\\\/\",\"name\":\"Visit Empord\u00e0\",\"description\":\"Site officiel du tourisme du Baix Empord\u00e0\",\"publisher\":{\"@id\":\"https:\\\/\\\/visitemporda.com\\\/fr\\\/#organization\"},\"potentialAction\":[{\"@type\":\"SearchAction\",\"target\":{\"@type\":\"EntryPoint\",\"urlTemplate\":\"https:\\\/\\\/visitemporda.com\\\/fr\\\/?s={search_term_string}\"},\"query-input\":{\"@type\":\"PropertyValueSpecification\",\"valueRequired\":true,\"valueName\":\"search_term_string\"}}],\"inLanguage\":\"fr-FR\"},{\"@type\":\"Organization\",\"@id\":\"https:\\\/\\\/visitemporda.com\\\/fr\\\/#organization\",\"name\":\"Consell Comarcal del Baix Empord\u00e0\",\"url\":\"https:\\\/\\\/visitemporda.com\\\/fr\\\/\",\"logo\":{\"@type\":\"ImageObject\",\"inLanguage\":\"fr-FR\",\"@id\":\"https:\\\/\\\/visitemporda.com\\\/fr\\\/#\\\/schema\\\/logo\\\/image\\\/\",\"url\":\"https:\\\/\\\/visitemporda.com\\\/wp-content\\\/uploads\\\/2024\\\/11\\\/Logotip_CCBE.png\",\"contentUrl\":\"https:\\\/\\\/visitemporda.com\\\/wp-content\\\/uploads\\\/2024\\\/11\\\/Logotip_CCBE.png\",\"width\":3617,\"height\":3617,\"caption\":\"Consell Comarcal del Baix Empord\u00e0\"},\"image\":{\"@id\":\"https:\\\/\\\/visitemporda.com\\\/fr\\\/#\\\/schema\\\/logo\\\/image\\\/\"},\"sameAs\":[\"https:\\\/\\\/www.facebook.com\\\/baixempordaturisme\",\"https:\\\/\\\/x.com\\\/baixemporda_tur\",\"https:\\\/\\\/www.instagram.com\\\/visitemporda\"]}]}<\/script>\n<!-- \/ Yoast SEO plugin. -->","yoast_head_json":{"title":"Baix Empord\u00e0 Tourisme Responsable - Visit Empord\u00e0","robots":{"index":"index","follow":"follow","max-snippet":"max-snippet:-1","max-image-preview":"max-image-preview:large","max-video-preview":"max-video-preview:-1"},"canonical":"https:\/\/visitemporda.com\/fr\/professionals\/empreses\/projectes-de-la-destinacio\/baix-emporda-tourisme-responsable\/","og_locale":"fr_FR","og_type":"article","og_title":"Baix Empord\u00e0 Tourisme Responsable - Visit Empord\u00e0","og_description":"Voulez-vous profiter du Baix Empord\u00e0 le plus authentique ? Faites-le de mani\u00e8re responsable! Ci-dessous, nous vous proposons un guide avec une s\u00e9rie de bonnes pratiques afin de profiter de la destination de mani\u00e8re durable, dans le respect de notre peuple, de notre patrimoine et de notre environnement naturel. Bienvenue dans le Baix Empord\u00e0 ! FR. [&hellip;]","og_url":"https:\/\/visitemporda.com\/fr\/professionals\/empreses\/projectes-de-la-destinacio\/baix-emporda-tourisme-responsable\/","og_site_name":"Visit Empord\u00e0","article_publisher":"https:\/\/www.facebook.com\/baixempordaturisme","og_image":[{"width":736,"height":395,"url":"https:\/\/visitemporda.com\/wp-content\/uploads\/2022\/06\/foto-web3.jpg","type":"image\/jpeg"}],"twitter_card":"summary_large_image","twitter_site":"@baixemporda_tur","schema":{"@context":"https:\/\/schema.org","@graph":[{"@type":"WebPage","@id":"https:\/\/visitemporda.com\/fr\/professionals\/empreses\/projectes-de-la-destinacio\/baix-emporda-tourisme-responsable\/","url":"https:\/\/visitemporda.com\/fr\/professionals\/empreses\/projectes-de-la-destinacio\/baix-emporda-tourisme-responsable\/","name":"Baix Empord\u00e0 Tourisme Responsable - Visit Empord\u00e0","isPartOf":{"@id":"https:\/\/visitemporda.com\/fr\/#website"},"primaryImageOfPage":{"@id":"https:\/\/visitemporda.com\/fr\/professionals\/empreses\/projectes-de-la-destinacio\/baix-emporda-tourisme-responsable\/#primaryimage"},"image":{"@id":"https:\/\/visitemporda.com\/fr\/professionals\/empreses\/projectes-de-la-destinacio\/baix-emporda-tourisme-responsable\/#primaryimage"},"thumbnailUrl":"https:\/\/visitemporda.com\/wp-content\/uploads\/2022\/06\/foto-web3.jpg","datePublished":"2022-06-08T06:21:34+00:00","breadcrumb":{"@id":"https:\/\/visitemporda.com\/fr\/professionals\/empreses\/projectes-de-la-destinacio\/baix-emporda-tourisme-responsable\/#breadcrumb"},"inLanguage":"fr-FR","potentialAction":[{"@type":"ReadAction","target":["https:\/\/visitemporda.com\/fr\/professionals\/empreses\/projectes-de-la-destinacio\/baix-emporda-tourisme-responsable\/"]}]},{"@type":"ImageObject","inLanguage":"fr-FR","@id":"https:\/\/visitemporda.com\/fr\/professionals\/empreses\/projectes-de-la-destinacio\/baix-emporda-tourisme-responsable\/#primaryimage","url":"https:\/\/visitemporda.com\/wp-content\/uploads\/2022\/06\/foto-web3.jpg","contentUrl":"https:\/\/visitemporda.com\/wp-content\/uploads\/2022\/06\/foto-web3.jpg","width":736,"height":395,"caption":"Cartell Baix Empord\u00e0 apostem per un turisme responsable"},{"@type":"BreadcrumbList","@id":"https:\/\/visitemporda.com\/fr\/professionals\/empreses\/projectes-de-la-destinacio\/baix-emporda-tourisme-responsable\/#breadcrumb","itemListElement":[{"@type":"ListItem","position":1,"name":"Inici","item":"https:\/\/visitemporda.com\/fr\/"},{"@type":"ListItem","position":2,"name":"Professionnels","item":"https:\/\/visitemporda.com\/fr\/professionals\/"},{"@type":"ListItem","position":3,"name":"Entreprises touristiques","item":"https:\/\/visitemporda.com\/fr\/professionals\/empreses\/"},{"@type":"ListItem","position":4,"name":"Projet du Baix Empord\u00e0","item":"https:\/\/visitemporda.com\/fr\/professionals\/empreses\/projectes-de-la-destinacio\/"},{"@type":"ListItem","position":5,"name":"Baix Empord\u00e0 Tourisme Responsable"}]},{"@type":"WebSite","@id":"https:\/\/visitemporda.com\/fr\/#website","url":"https:\/\/visitemporda.com\/fr\/","name":"Visit Empord\u00e0","description":"Site officiel du tourisme du Baix Empord\u00e0","publisher":{"@id":"https:\/\/visitemporda.com\/fr\/#organization"},"potentialAction":[{"@type":"SearchAction","target":{"@type":"EntryPoint","urlTemplate":"https:\/\/visitemporda.com\/fr\/?s={search_term_string}"},"query-input":{"@type":"PropertyValueSpecification","valueRequired":true,"valueName":"search_term_string"}}],"inLanguage":"fr-FR"},{"@type":"Organization","@id":"https:\/\/visitemporda.com\/fr\/#organization","name":"Consell Comarcal del Baix Empord\u00e0","url":"https:\/\/visitemporda.com\/fr\/","logo":{"@type":"ImageObject","inLanguage":"fr-FR","@id":"https:\/\/visitemporda.com\/fr\/#\/schema\/logo\/image\/","url":"https:\/\/visitemporda.com\/wp-content\/uploads\/2024\/11\/Logotip_CCBE.png","contentUrl":"https:\/\/visitemporda.com\/wp-content\/uploads\/2024\/11\/Logotip_CCBE.png","width":3617,"height":3617,"caption":"Consell Comarcal del Baix Empord\u00e0"},"image":{"@id":"https:\/\/visitemporda.com\/fr\/#\/schema\/logo\/image\/"},"sameAs":["https:\/\/www.facebook.com\/baixempordaturisme","https:\/\/x.com\/baixemporda_tur","https:\/\/www.instagram.com\/visitemporda"]}]}},"_links":{"self":[{"href":"https:\/\/visitemporda.com\/fr\/wp-json\/wp\/v2\/pages\/38127","targetHints":{"allow":["GET"]}}],"collection":[{"href":"https:\/\/visitemporda.com\/fr\/wp-json\/wp\/v2\/pages"}],"about":[{"href":"https:\/\/visitemporda.com\/fr\/wp-json\/wp\/v2\/types\/page"}],"author":[{"embeddable":true,"href":"https:\/\/visitemporda.com\/fr\/wp-json\/wp\/v2\/users\/2"}],"replies":[{"embeddable":true,"href":"https:\/\/visitemporda.com\/fr\/wp-json\/wp\/v2\/comments?post=38127"}],"version-history":[{"count":1,"href":"https:\/\/visitemporda.com\/fr\/wp-json\/wp\/v2\/pages\/38127\/revisions"}],"predecessor-version":[{"id":38129,"href":"https:\/\/visitemporda.com\/fr\/wp-json\/wp\/v2\/pages\/38127\/revisions\/38129"}],"up":[{"embeddable":true,"href":"https:\/\/visitemporda.com\/fr\/wp-json\/wp\/v2\/pages\/22920"}],"wp:featuredmedia":[{"embeddable":true,"href":"https:\/\/visitemporda.com\/fr\/wp-json\/wp\/v2\/media\/38121"}],"wp:attachment":[{"href":"https:\/\/visitemporda.com\/fr\/wp-json\/wp\/v2\/media?parent=38127"}],"curies":[{"name":"wp","href":"https:\/\/api.w.org\/{rel}","templated":true}]}}