

{"id":30217,"date":"2020-01-02T11:46:30","date_gmt":"2020-01-02T10:46:30","guid":{"rendered":"http:\/\/visitemporda.com\/recomenacions\/propostes\/territori-i-natura\/el-mar-i-la-costa\/illes-illots-i-altres-formacions-rocoses\/"},"modified":"2021-05-22T18:19:12","modified_gmt":"2021-05-22T16:19:12","slug":"illes-illots-i-altres-formacions-rocoses","status":"publish","type":"page","link":"https:\/\/visitemporda.com\/fr\/recomenacions\/propostes\/territori-i-natura\/el-mar-i-la-costa\/illes-illots-i-altres-formacions-rocoses\/","title":{"rendered":"\u00celes, \u00celots et autres formations rocheuses"},"content":{"rendered":"<p>Les \u00eeles et les \u00eelots sont l\u2019une des empreintes laiss\u00e9es par la mer sur le territoire. Des formations rocheuses qui se s\u00e9par\u00e8rent de la c\u00f4te et qui, aujourd\u2019hui, contribuent \u00e0 la cr\u00e9ation de ce paysage tellement caract\u00e9ristique. Leur emplacement et leur physionomie originale cr\u00e9ent des figures et des espaces cach\u00e9s, havre de paix \u00e0 certains moments, mais qui peuvent aussi repr\u00e9senter une menace pour les navigateurs les jours de mer houleuse. Un patrimoine \u00e0 voir de pr\u00e8s toujours avec pr\u00e9caution\u00a0!<\/p>\n<p>Les \u00eeles les plus connues du canton sont les <strong>\u00celes Medes<\/strong>, un archipel d\u2019\u00eeles situ\u00e9 \u00e0 un peu plus d\u2019un kilom\u00e8tre de l\u2019Estartit, dans le Parc Naturel du Montgr\u00ed, les \u00celes Medes et le Baix Ter. Un espace prot\u00e9g\u00e9, mais aussi un paradis pour les amants de la nature et des activit\u00e9s subaquatiques.<\/p>\n<p>Les <strong>\u00celes Formigues<\/strong>, \u00eeles qui d\u00e9limitent les communes de Palam\u00f3s, Palafrugell et Mont-ras, sont \u00e9galement une r\u00e9f\u00e9rence pour les navigateurs et furent le th\u00e9\u00e2tre de l\u2019une des batailles navales les plus importantes de l\u2019Histoire au cours de laquelle, \u00e0 la fin du\u00a0XIII<sup>e<\/sup> si\u00e8cle, la flotte fran\u00e7aise fut vaincue par l\u2019amiral Roger de Ll\u00faria, sous le r\u00e8gne de Pierre\u00a0III\u00a0d&rsquo;Aragon dit le Grand.<\/p>\n<p>D&rsquo;autres \u00eeles et quelques \u00eelots sont tr\u00e8s proches de la c\u00f4te. Certains exemples sont <strong>l\u2019\u00eele del Freu<\/strong> (Sant Feliu de Gu\u00edxols), <strong>la roca dels Musclos<\/strong> (Sant Antoni de Calonge), <strong>les \u00eeles del Cap de Planes<\/strong> (Palam\u00f3s), <strong>l\u2019\u00cele Blanche et l\u2019\u00cele Noire<\/strong> (Begur) ou <strong>l\u2019\u00eele de la Pedrosa<\/strong> (L\u2019Estartit).<\/p>\n<p>Imposantes \u00e9galement, les falaises situ\u00e9es \u00e0 certains endroits de la c\u00f4te peuvent atteindre\u00a0100\u00a0m\u00e8tres de haut. Certaines formations rocheuses pr\u00e9sentent des particularit\u00e9s. Avec le temps, elles se sont model\u00e9es jusqu\u2019\u00e0 cr\u00e9er des grottes myst\u00e9rieuses ou d\u2019autres cavit\u00e9s que vous ne pourrez d\u00e9couvrir que depuis la mer. C\u2019est le cas de la <strong>Cala Foradada<\/strong> situ\u00e9e pr\u00e8s de la Plage de Castell (Palam\u00f3s), la <strong>Roca Foradada<\/strong> sur la c\u00f4te du Montgr\u00ed (L\u2019Estartit) et l<strong>es grottes d\u2019en Gispert ou del Bisbe<\/strong> (Tamariu).<\/p>\n<p>N\u2019oublions pas, enfin, certains rochers et pierres qui, en raison de leurs dimensions et formes, donnent leur nom \u00e0 diff\u00e9rentes plages et calanques. Ainsi, il est possible d\u2019identifier le <strong>cheval Bernat<\/strong> (Platja d\u2019Aro), le <strong>Cap Roig<\/strong> ou <strong>les Roques Planes<\/strong> (Sant Antoni de Calonge), <strong>La Fosca<\/strong> (Palam\u00f3s) ou <strong>\u00cele Rouge<\/strong> (Begur).<\/p>\n","protected":false},"excerpt":{"rendered":"<p>Les \u00eeles et les \u00eelots sont l\u2019une des empreintes laiss\u00e9es par la mer sur le territoire. Des formations rocheuses qui se s\u00e9par\u00e8rent de la c\u00f4te et qui, aujourd\u2019hui, contribuent \u00e0 la cr\u00e9ation de ce paysage tellement caract\u00e9ristique. Leur emplacement et leur physionomie originale cr\u00e9ent des figures et des espaces cach\u00e9s, havre de paix \u00e0 certains [&hellip;]<\/p>\n","protected":false},"author":2,"featured_media":13904,"parent":19795,"menu_order":0,"comment_status":"closed","ping_status":"closed","template":"page-templates\/fitxa-campanyes-gastronomiques.php","meta":{"_acf_changed":false,"footnotes":""},"class_list":["post-30217","page","type-page","status-publish","has-post-thumbnail","hentry"],"acf":[],"yoast_head":"<!-- This site is optimized with the Yoast SEO plugin v27.3 - https:\/\/yoast.com\/product\/yoast-seo-wordpress\/ -->\n<title>\u00celes, \u00celots et autres formations rocheuses - Visit Empord\u00e0<\/title>\n<meta name=\"robots\" content=\"index, follow, max-snippet:-1, max-image-preview:large, max-video-preview:-1\" \/>\n<link rel=\"canonical\" href=\"https:\/\/visitemporda.com\/fr\/recomenacions\/propostes\/territori-i-natura\/el-mar-i-la-costa\/illes-illots-i-altres-formacions-rocoses\/\" \/>\n<meta property=\"og:locale\" content=\"fr_FR\" \/>\n<meta property=\"og:type\" content=\"article\" \/>\n<meta property=\"og:title\" content=\"\u00celes, \u00celots et autres formations rocheuses - Visit Empord\u00e0\" \/>\n<meta property=\"og:description\" content=\"Les \u00eeles et les \u00eelots sont l\u2019une des empreintes laiss\u00e9es par la mer sur le territoire. Des formations rocheuses qui se s\u00e9par\u00e8rent de la c\u00f4te et qui, aujourd\u2019hui, contribuent \u00e0 la cr\u00e9ation de ce paysage tellement caract\u00e9ristique. Leur emplacement et leur physionomie originale cr\u00e9ent des figures et des espaces cach\u00e9s, havre de paix \u00e0 certains [&hellip;]\" \/>\n<meta property=\"og:url\" content=\"https:\/\/visitemporda.com\/fr\/recomenacions\/propostes\/territori-i-natura\/el-mar-i-la-costa\/illes-illots-i-altres-formacions-rocoses\/\" \/>\n<meta property=\"og:site_name\" content=\"Visit Empord\u00e0\" \/>\n<meta property=\"article:publisher\" content=\"https:\/\/www.facebook.com\/baixempordaturisme\" \/>\n<meta property=\"article:modified_time\" content=\"2021-05-22T16:19:12+00:00\" \/>\n<meta property=\"og:image\" content=\"https:\/\/visitemporda.com\/wp-content\/uploads\/2019\/12\/Illes-Medes-3-Montse-Nualart-1024x683.jpg\" \/>\n\t<meta property=\"og:image:width\" content=\"1024\" \/>\n\t<meta property=\"og:image:height\" content=\"683\" \/>\n\t<meta property=\"og:image:type\" content=\"image\/jpeg\" \/>\n<meta name=\"twitter:card\" content=\"summary_large_image\" \/>\n<meta name=\"twitter:site\" content=\"@baixemporda_tur\" \/>\n<meta name=\"twitter:label1\" content=\"Dur\u00e9e de lecture estim\u00e9e\" \/>\n\t<meta name=\"twitter:data1\" content=\"2 minutes\" \/>\n<script type=\"application\/ld+json\" class=\"yoast-schema-graph\">{\"@context\":\"https:\\\/\\\/schema.org\",\"@graph\":[{\"@type\":\"WebPage\",\"@id\":\"https:\\\/\\\/visitemporda.com\\\/fr\\\/recomenacions\\\/propostes\\\/territori-i-natura\\\/el-mar-i-la-costa\\\/illes-illots-i-altres-formacions-rocoses\\\/\",\"url\":\"https:\\\/\\\/visitemporda.com\\\/fr\\\/recomenacions\\\/propostes\\\/territori-i-natura\\\/el-mar-i-la-costa\\\/illes-illots-i-altres-formacions-rocoses\\\/\",\"name\":\"\u00celes, \u00celots et autres formations rocheuses - Visit Empord\u00e0\",\"isPartOf\":{\"@id\":\"https:\\\/\\\/visitemporda.com\\\/fr\\\/#website\"},\"primaryImageOfPage\":{\"@id\":\"https:\\\/\\\/visitemporda.com\\\/fr\\\/recomenacions\\\/propostes\\\/territori-i-natura\\\/el-mar-i-la-costa\\\/illes-illots-i-altres-formacions-rocoses\\\/#primaryimage\"},\"image\":{\"@id\":\"https:\\\/\\\/visitemporda.com\\\/fr\\\/recomenacions\\\/propostes\\\/territori-i-natura\\\/el-mar-i-la-costa\\\/illes-illots-i-altres-formacions-rocoses\\\/#primaryimage\"},\"thumbnailUrl\":\"https:\\\/\\\/visitemporda.com\\\/wp-content\\\/uploads\\\/2019\\\/12\\\/Illes-Medes-3-Montse-Nualart.jpg\",\"datePublished\":\"2020-01-02T10:46:30+00:00\",\"dateModified\":\"2021-05-22T16:19:12+00:00\",\"breadcrumb\":{\"@id\":\"https:\\\/\\\/visitemporda.com\\\/fr\\\/recomenacions\\\/propostes\\\/territori-i-natura\\\/el-mar-i-la-costa\\\/illes-illots-i-altres-formacions-rocoses\\\/#breadcrumb\"},\"inLanguage\":\"fr-FR\",\"potentialAction\":[{\"@type\":\"ReadAction\",\"target\":[\"https:\\\/\\\/visitemporda.com\\\/fr\\\/recomenacions\\\/propostes\\\/territori-i-natura\\\/el-mar-i-la-costa\\\/illes-illots-i-altres-formacions-rocoses\\\/\"]}]},{\"@type\":\"ImageObject\",\"inLanguage\":\"fr-FR\",\"@id\":\"https:\\\/\\\/visitemporda.com\\\/fr\\\/recomenacions\\\/propostes\\\/territori-i-natura\\\/el-mar-i-la-costa\\\/illes-illots-i-altres-formacions-rocoses\\\/#primaryimage\",\"url\":\"https:\\\/\\\/visitemporda.com\\\/wp-content\\\/uploads\\\/2019\\\/12\\\/Illes-Medes-3-Montse-Nualart.jpg\",\"contentUrl\":\"https:\\\/\\\/visitemporda.com\\\/wp-content\\\/uploads\\\/2019\\\/12\\\/Illes-Medes-3-Montse-Nualart.jpg\",\"width\":5184,\"height\":3456,\"caption\":\"Illes Medes\"},{\"@type\":\"BreadcrumbList\",\"@id\":\"https:\\\/\\\/visitemporda.com\\\/fr\\\/recomenacions\\\/propostes\\\/territori-i-natura\\\/el-mar-i-la-costa\\\/illes-illots-i-altres-formacions-rocoses\\\/#breadcrumb\",\"itemListElement\":[{\"@type\":\"ListItem\",\"position\":1,\"name\":\"Inici\",\"item\":\"https:\\\/\\\/visitemporda.com\\\/fr\\\/\"},{\"@type\":\"ListItem\",\"position\":2,\"name\":\"Recommandations\",\"item\":\"https:\\\/\\\/visitemporda.com\\\/fr\\\/recomenacions\\\/\"},{\"@type\":\"ListItem\",\"position\":3,\"name\":\"Quoi faire\",\"item\":\"https:\\\/\\\/visitemporda.com\\\/fr\\\/recomenacions\\\/propostes\\\/\"},{\"@type\":\"ListItem\",\"position\":4,\"name\":\"Propositions de nature\",\"item\":\"https:\\\/\\\/visitemporda.com\\\/fr\\\/recomenacions\\\/propostes\\\/territori-i-natura\\\/\"},{\"@type\":\"ListItem\",\"position\":5,\"name\":\"La mer et la c\u00f4te\",\"item\":\"https:\\\/\\\/visitemporda.com\\\/fr\\\/recomenacions\\\/propostes\\\/territori-i-natura\\\/el-mar-i-la-costa\\\/\"},{\"@type\":\"ListItem\",\"position\":6,\"name\":\"\u00celes, \u00celots et autres formations rocheuses\"}]},{\"@type\":\"WebSite\",\"@id\":\"https:\\\/\\\/visitemporda.com\\\/fr\\\/#website\",\"url\":\"https:\\\/\\\/visitemporda.com\\\/fr\\\/\",\"name\":\"Visit Empord\u00e0\",\"description\":\"Site officiel du tourisme du Baix Empord\u00e0\",\"publisher\":{\"@id\":\"https:\\\/\\\/visitemporda.com\\\/fr\\\/#organization\"},\"potentialAction\":[{\"@type\":\"SearchAction\",\"target\":{\"@type\":\"EntryPoint\",\"urlTemplate\":\"https:\\\/\\\/visitemporda.com\\\/fr\\\/?s={search_term_string}\"},\"query-input\":{\"@type\":\"PropertyValueSpecification\",\"valueRequired\":true,\"valueName\":\"search_term_string\"}}],\"inLanguage\":\"fr-FR\"},{\"@type\":\"Organization\",\"@id\":\"https:\\\/\\\/visitemporda.com\\\/fr\\\/#organization\",\"name\":\"Consell Comarcal del Baix Empord\u00e0\",\"url\":\"https:\\\/\\\/visitemporda.com\\\/fr\\\/\",\"logo\":{\"@type\":\"ImageObject\",\"inLanguage\":\"fr-FR\",\"@id\":\"https:\\\/\\\/visitemporda.com\\\/fr\\\/#\\\/schema\\\/logo\\\/image\\\/\",\"url\":\"https:\\\/\\\/visitemporda.com\\\/wp-content\\\/uploads\\\/2024\\\/11\\\/Logotip_CCBE.png\",\"contentUrl\":\"https:\\\/\\\/visitemporda.com\\\/wp-content\\\/uploads\\\/2024\\\/11\\\/Logotip_CCBE.png\",\"width\":3617,\"height\":3617,\"caption\":\"Consell Comarcal del Baix Empord\u00e0\"},\"image\":{\"@id\":\"https:\\\/\\\/visitemporda.com\\\/fr\\\/#\\\/schema\\\/logo\\\/image\\\/\"},\"sameAs\":[\"https:\\\/\\\/www.facebook.com\\\/baixempordaturisme\",\"https:\\\/\\\/x.com\\\/baixemporda_tur\",\"https:\\\/\\\/www.instagram.com\\\/visitemporda\"]}]}<\/script>\n<!-- \/ Yoast SEO plugin. -->","yoast_head_json":{"title":"\u00celes, \u00celots et autres formations rocheuses - Visit Empord\u00e0","robots":{"index":"index","follow":"follow","max-snippet":"max-snippet:-1","max-image-preview":"max-image-preview:large","max-video-preview":"max-video-preview:-1"},"canonical":"https:\/\/visitemporda.com\/fr\/recomenacions\/propostes\/territori-i-natura\/el-mar-i-la-costa\/illes-illots-i-altres-formacions-rocoses\/","og_locale":"fr_FR","og_type":"article","og_title":"\u00celes, \u00celots et autres formations rocheuses - Visit Empord\u00e0","og_description":"Les \u00eeles et les \u00eelots sont l\u2019une des empreintes laiss\u00e9es par la mer sur le territoire. Des formations rocheuses qui se s\u00e9par\u00e8rent de la c\u00f4te et qui, aujourd\u2019hui, contribuent \u00e0 la cr\u00e9ation de ce paysage tellement caract\u00e9ristique. Leur emplacement et leur physionomie originale cr\u00e9ent des figures et des espaces cach\u00e9s, havre de paix \u00e0 certains [&hellip;]","og_url":"https:\/\/visitemporda.com\/fr\/recomenacions\/propostes\/territori-i-natura\/el-mar-i-la-costa\/illes-illots-i-altres-formacions-rocoses\/","og_site_name":"Visit Empord\u00e0","article_publisher":"https:\/\/www.facebook.com\/baixempordaturisme","article_modified_time":"2021-05-22T16:19:12+00:00","og_image":[{"width":1024,"height":683,"url":"https:\/\/visitemporda.com\/wp-content\/uploads\/2019\/12\/Illes-Medes-3-Montse-Nualart-1024x683.jpg","type":"image\/jpeg"}],"twitter_card":"summary_large_image","twitter_site":"@baixemporda_tur","twitter_misc":{"Dur\u00e9e de lecture estim\u00e9e":"2 minutes"},"schema":{"@context":"https:\/\/schema.org","@graph":[{"@type":"WebPage","@id":"https:\/\/visitemporda.com\/fr\/recomenacions\/propostes\/territori-i-natura\/el-mar-i-la-costa\/illes-illots-i-altres-formacions-rocoses\/","url":"https:\/\/visitemporda.com\/fr\/recomenacions\/propostes\/territori-i-natura\/el-mar-i-la-costa\/illes-illots-i-altres-formacions-rocoses\/","name":"\u00celes, \u00celots et autres formations rocheuses - Visit Empord\u00e0","isPartOf":{"@id":"https:\/\/visitemporda.com\/fr\/#website"},"primaryImageOfPage":{"@id":"https:\/\/visitemporda.com\/fr\/recomenacions\/propostes\/territori-i-natura\/el-mar-i-la-costa\/illes-illots-i-altres-formacions-rocoses\/#primaryimage"},"image":{"@id":"https:\/\/visitemporda.com\/fr\/recomenacions\/propostes\/territori-i-natura\/el-mar-i-la-costa\/illes-illots-i-altres-formacions-rocoses\/#primaryimage"},"thumbnailUrl":"https:\/\/visitemporda.com\/wp-content\/uploads\/2019\/12\/Illes-Medes-3-Montse-Nualart.jpg","datePublished":"2020-01-02T10:46:30+00:00","dateModified":"2021-05-22T16:19:12+00:00","breadcrumb":{"@id":"https:\/\/visitemporda.com\/fr\/recomenacions\/propostes\/territori-i-natura\/el-mar-i-la-costa\/illes-illots-i-altres-formacions-rocoses\/#breadcrumb"},"inLanguage":"fr-FR","potentialAction":[{"@type":"ReadAction","target":["https:\/\/visitemporda.com\/fr\/recomenacions\/propostes\/territori-i-natura\/el-mar-i-la-costa\/illes-illots-i-altres-formacions-rocoses\/"]}]},{"@type":"ImageObject","inLanguage":"fr-FR","@id":"https:\/\/visitemporda.com\/fr\/recomenacions\/propostes\/territori-i-natura\/el-mar-i-la-costa\/illes-illots-i-altres-formacions-rocoses\/#primaryimage","url":"https:\/\/visitemporda.com\/wp-content\/uploads\/2019\/12\/Illes-Medes-3-Montse-Nualart.jpg","contentUrl":"https:\/\/visitemporda.com\/wp-content\/uploads\/2019\/12\/Illes-Medes-3-Montse-Nualart.jpg","width":5184,"height":3456,"caption":"Illes Medes"},{"@type":"BreadcrumbList","@id":"https:\/\/visitemporda.com\/fr\/recomenacions\/propostes\/territori-i-natura\/el-mar-i-la-costa\/illes-illots-i-altres-formacions-rocoses\/#breadcrumb","itemListElement":[{"@type":"ListItem","position":1,"name":"Inici","item":"https:\/\/visitemporda.com\/fr\/"},{"@type":"ListItem","position":2,"name":"Recommandations","item":"https:\/\/visitemporda.com\/fr\/recomenacions\/"},{"@type":"ListItem","position":3,"name":"Quoi faire","item":"https:\/\/visitemporda.com\/fr\/recomenacions\/propostes\/"},{"@type":"ListItem","position":4,"name":"Propositions de nature","item":"https:\/\/visitemporda.com\/fr\/recomenacions\/propostes\/territori-i-natura\/"},{"@type":"ListItem","position":5,"name":"La mer et la c\u00f4te","item":"https:\/\/visitemporda.com\/fr\/recomenacions\/propostes\/territori-i-natura\/el-mar-i-la-costa\/"},{"@type":"ListItem","position":6,"name":"\u00celes, \u00celots et autres formations rocheuses"}]},{"@type":"WebSite","@id":"https:\/\/visitemporda.com\/fr\/#website","url":"https:\/\/visitemporda.com\/fr\/","name":"Visit Empord\u00e0","description":"Site officiel du tourisme du Baix Empord\u00e0","publisher":{"@id":"https:\/\/visitemporda.com\/fr\/#organization"},"potentialAction":[{"@type":"SearchAction","target":{"@type":"EntryPoint","urlTemplate":"https:\/\/visitemporda.com\/fr\/?s={search_term_string}"},"query-input":{"@type":"PropertyValueSpecification","valueRequired":true,"valueName":"search_term_string"}}],"inLanguage":"fr-FR"},{"@type":"Organization","@id":"https:\/\/visitemporda.com\/fr\/#organization","name":"Consell Comarcal del Baix Empord\u00e0","url":"https:\/\/visitemporda.com\/fr\/","logo":{"@type":"ImageObject","inLanguage":"fr-FR","@id":"https:\/\/visitemporda.com\/fr\/#\/schema\/logo\/image\/","url":"https:\/\/visitemporda.com\/wp-content\/uploads\/2024\/11\/Logotip_CCBE.png","contentUrl":"https:\/\/visitemporda.com\/wp-content\/uploads\/2024\/11\/Logotip_CCBE.png","width":3617,"height":3617,"caption":"Consell Comarcal del Baix Empord\u00e0"},"image":{"@id":"https:\/\/visitemporda.com\/fr\/#\/schema\/logo\/image\/"},"sameAs":["https:\/\/www.facebook.com\/baixempordaturisme","https:\/\/x.com\/baixemporda_tur","https:\/\/www.instagram.com\/visitemporda"]}]}},"_links":{"self":[{"href":"https:\/\/visitemporda.com\/fr\/wp-json\/wp\/v2\/pages\/30217","targetHints":{"allow":["GET"]}}],"collection":[{"href":"https:\/\/visitemporda.com\/fr\/wp-json\/wp\/v2\/pages"}],"about":[{"href":"https:\/\/visitemporda.com\/fr\/wp-json\/wp\/v2\/types\/page"}],"author":[{"embeddable":true,"href":"https:\/\/visitemporda.com\/fr\/wp-json\/wp\/v2\/users\/2"}],"replies":[{"embeddable":true,"href":"https:\/\/visitemporda.com\/fr\/wp-json\/wp\/v2\/comments?post=30217"}],"version-history":[{"count":3,"href":"https:\/\/visitemporda.com\/fr\/wp-json\/wp\/v2\/pages\/30217\/revisions"}],"predecessor-version":[{"id":30350,"href":"https:\/\/visitemporda.com\/fr\/wp-json\/wp\/v2\/pages\/30217\/revisions\/30350"}],"up":[{"embeddable":true,"href":"https:\/\/visitemporda.com\/fr\/wp-json\/wp\/v2\/pages\/19795"}],"wp:featuredmedia":[{"embeddable":true,"href":"https:\/\/visitemporda.com\/fr\/wp-json\/wp\/v2\/media\/13904"}],"wp:attachment":[{"href":"https:\/\/visitemporda.com\/fr\/wp-json\/wp\/v2\/media?parent=30217"}],"curies":[{"name":"wp","href":"https:\/\/api.w.org\/{rel}","templated":true}]}}