

{"id":30087,"date":"2021-03-31T13:27:26","date_gmt":"2021-03-31T11:27:26","guid":{"rendered":"http:\/\/visitemporda.com\/professionals\/persones\/pla-daccessibilitat-turistica-del-baix-emporda-4\/"},"modified":"2021-05-07T22:38:10","modified_gmt":"2021-05-07T20:38:10","slug":"pla-daccessibilitat-turistica-del-baix-emporda-4","status":"publish","type":"page","link":"https:\/\/visitemporda.com\/fr\/professionals\/persones\/pla-daccessibilitat-turistica-del-baix-emporda-4\/","title":{"rendered":"Entreprenariat et consolidation touristique"},"content":{"rendered":"<p>Le service d\u2019entreprenariat et de consolidation touristique est un service propos\u00e9 par l\u2019\u00c0rea de Turisme del Consell Comarcal del Baix Empord\u00e0 (Secteur du Tourisme du Conseil Cantonal du Baix Empord\u00e0) d\u2019aide et de soutien aux personnes qui veulent lancer une entreprise dans un cadre touristique.<\/p>\n<p>L\u2019objectif principal est d\u2019encourager au sein du canton l&rsquo;esprit d\u2019entreprise, de promouvoir la culture d\u2019entreprise et de d\u00e9velopper des actions pour cr\u00e9er, d\u00e9velopper et consolider de nouvelles entreprises. Notamment, soutenir les initiatives li\u00e9es \u00e0 l&rsquo;activit\u00e9 touristique telle que la gestion des logements ruraux ou des logements de vacances, l\u2019activit\u00e9 de restauration ou de transport ainsi que tous types d\u2019activit\u00e9s commerciales, r\u00e9cr\u00e9atives et de service aux personnes li\u00e9es\u00a0directement ou indirectement au tourisme.<\/p>\n<p>Les principaux services sont\u00a0:<\/p>\n<ul>\n<li>Informations et orientation sur les d\u00e9marches, services et ressources.<\/li>\n<li>\u00c9tude de march\u00e9 et du cadre touristique.<\/li>\n<li>Service de conseil pour l&rsquo;\u00e9valuation et l\u2019\u00e9laboration de plan d\u2019entreprise, d&rsquo;id\u00e9e, d\u2019affaires et de viabilit\u00e9.<\/li>\n<li>Consolidation de projets \u00e9mergents \u00e0 partir de la participation \u00e0 des projets touristiques cantonaux.<\/li>\n<\/ul>\n<p>Cette ligne de sp\u00e9cialisation compl\u00e8te le service<strong> Espai empresa (Espace entreprise) <\/strong>propos\u00e9 par l\u2019\u00c0rea de Promoci\u00f3 Econ\u00f2mica (Secteur de promotion \u00e9conomique) du conseil cantonal.<\/p>\n<p>&nbsp;<\/p>\n","protected":false},"excerpt":{"rendered":"<p>Le service d\u2019entreprenariat et de consolidation touristique est un service propos\u00e9 par l\u2019\u00c0rea de Turisme del Consell Comarcal del Baix Empord\u00e0 (Secteur du Tourisme du Conseil Cantonal du Baix Empord\u00e0) d\u2019aide et de soutien aux personnes qui veulent lancer une entreprise dans un cadre touristique. L\u2019objectif principal est d\u2019encourager au sein du canton l&rsquo;esprit d\u2019entreprise, [&hellip;]<\/p>\n","protected":false},"author":2,"featured_media":22650,"parent":19503,"menu_order":0,"comment_status":"closed","ping_status":"closed","template":"page-templates\/fitxa-campanyes-gastronomiques.php","meta":{"_acf_changed":false,"footnotes":""},"class_list":["post-30087","page","type-page","status-publish","has-post-thumbnail","hentry"],"acf":[],"yoast_head":"<!-- This site is optimized with the Yoast SEO plugin v27.4 - https:\/\/yoast.com\/product\/yoast-seo-wordpress\/ -->\n<title>Entreprenariat et consolidation touristique - Visit Empord\u00e0<\/title>\n<meta name=\"robots\" content=\"index, follow, max-snippet:-1, max-image-preview:large, max-video-preview:-1\" \/>\n<link rel=\"canonical\" href=\"https:\/\/visitemporda.com\/fr\/professionals\/persones\/pla-daccessibilitat-turistica-del-baix-emporda-4\/\" \/>\n<meta property=\"og:locale\" content=\"fr_FR\" \/>\n<meta property=\"og:type\" content=\"article\" \/>\n<meta property=\"og:title\" content=\"Entreprenariat et consolidation touristique - Visit Empord\u00e0\" \/>\n<meta property=\"og:description\" content=\"Le service d\u2019entreprenariat et de consolidation touristique est un service propos\u00e9 par l\u2019\u00c0rea de Turisme del Consell Comarcal del Baix Empord\u00e0 (Secteur du Tourisme du Conseil Cantonal du Baix Empord\u00e0) d\u2019aide et de soutien aux personnes qui veulent lancer une entreprise dans un cadre touristique. L\u2019objectif principal est d\u2019encourager au sein du canton l&rsquo;esprit d\u2019entreprise, [&hellip;]\" \/>\n<meta property=\"og:url\" content=\"https:\/\/visitemporda.com\/fr\/professionals\/persones\/pla-daccessibilitat-turistica-del-baix-emporda-4\/\" \/>\n<meta property=\"og:site_name\" content=\"Visit Empord\u00e0\" \/>\n<meta property=\"article:publisher\" content=\"https:\/\/www.facebook.com\/baixempordaturisme\" \/>\n<meta property=\"article:modified_time\" content=\"2021-05-07T20:38:10+00:00\" \/>\n<meta property=\"og:image\" content=\"https:\/\/visitemporda.com\/wp-content\/uploads\/2021\/03\/emprenedoria.jpg\" \/>\n\t<meta property=\"og:image:width\" content=\"1747\" \/>\n\t<meta property=\"og:image:height\" content=\"1240\" \/>\n\t<meta property=\"og:image:type\" content=\"image\/jpeg\" \/>\n<meta name=\"twitter:card\" content=\"summary_large_image\" \/>\n<meta name=\"twitter:site\" content=\"@baixemporda_tur\" \/>\n<meta name=\"twitter:label1\" content=\"Dur\u00e9e de lecture estim\u00e9e\" \/>\n\t<meta name=\"twitter:data1\" content=\"1 minute\" \/>\n<script type=\"application\/ld+json\" class=\"yoast-schema-graph\">{\"@context\":\"https:\\\/\\\/schema.org\",\"@graph\":[{\"@type\":\"WebPage\",\"@id\":\"https:\\\/\\\/visitemporda.com\\\/fr\\\/professionals\\\/persones\\\/pla-daccessibilitat-turistica-del-baix-emporda-4\\\/\",\"url\":\"https:\\\/\\\/visitemporda.com\\\/fr\\\/professionals\\\/persones\\\/pla-daccessibilitat-turistica-del-baix-emporda-4\\\/\",\"name\":\"Entreprenariat et consolidation touristique - Visit Empord\u00e0\",\"isPartOf\":{\"@id\":\"https:\\\/\\\/visitemporda.com\\\/fr\\\/#website\"},\"primaryImageOfPage\":{\"@id\":\"https:\\\/\\\/visitemporda.com\\\/fr\\\/professionals\\\/persones\\\/pla-daccessibilitat-turistica-del-baix-emporda-4\\\/#primaryimage\"},\"image\":{\"@id\":\"https:\\\/\\\/visitemporda.com\\\/fr\\\/professionals\\\/persones\\\/pla-daccessibilitat-turistica-del-baix-emporda-4\\\/#primaryimage\"},\"thumbnailUrl\":\"https:\\\/\\\/visitemporda.com\\\/wp-content\\\/uploads\\\/2021\\\/03\\\/emprenedoria.jpg\",\"datePublished\":\"2021-03-31T11:27:26+00:00\",\"dateModified\":\"2021-05-07T20:38:10+00:00\",\"breadcrumb\":{\"@id\":\"https:\\\/\\\/visitemporda.com\\\/fr\\\/professionals\\\/persones\\\/pla-daccessibilitat-turistica-del-baix-emporda-4\\\/#breadcrumb\"},\"inLanguage\":\"fr-FR\",\"potentialAction\":[{\"@type\":\"ReadAction\",\"target\":[\"https:\\\/\\\/visitemporda.com\\\/fr\\\/professionals\\\/persones\\\/pla-daccessibilitat-turistica-del-baix-emporda-4\\\/\"]}]},{\"@type\":\"ImageObject\",\"inLanguage\":\"fr-FR\",\"@id\":\"https:\\\/\\\/visitemporda.com\\\/fr\\\/professionals\\\/persones\\\/pla-daccessibilitat-turistica-del-baix-emporda-4\\\/#primaryimage\",\"url\":\"https:\\\/\\\/visitemporda.com\\\/wp-content\\\/uploads\\\/2021\\\/03\\\/emprenedoria.jpg\",\"contentUrl\":\"https:\\\/\\\/visitemporda.com\\\/wp-content\\\/uploads\\\/2021\\\/03\\\/emprenedoria.jpg\",\"width\":1747,\"height\":1240,\"caption\":\"Ordinador amb pantalla oberta amb l'apartat professionals de la nostra web,\"},{\"@type\":\"BreadcrumbList\",\"@id\":\"https:\\\/\\\/visitemporda.com\\\/fr\\\/professionals\\\/persones\\\/pla-daccessibilitat-turistica-del-baix-emporda-4\\\/#breadcrumb\",\"itemListElement\":[{\"@type\":\"ListItem\",\"position\":1,\"name\":\"Inici\",\"item\":\"https:\\\/\\\/visitemporda.com\\\/fr\\\/\"},{\"@type\":\"ListItem\",\"position\":2,\"name\":\"Professionnels\",\"item\":\"https:\\\/\\\/visitemporda.com\\\/fr\\\/professionals\\\/\"},{\"@type\":\"ListItem\",\"position\":3,\"name\":\"Services aux personnes\",\"item\":\"https:\\\/\\\/visitemporda.com\\\/fr\\\/professionals\\\/persones\\\/\"},{\"@type\":\"ListItem\",\"position\":4,\"name\":\"Entreprenariat et consolidation touristique\"}]},{\"@type\":\"WebSite\",\"@id\":\"https:\\\/\\\/visitemporda.com\\\/fr\\\/#website\",\"url\":\"https:\\\/\\\/visitemporda.com\\\/fr\\\/\",\"name\":\"Visit Empord\u00e0\",\"description\":\"Site officiel du tourisme du Baix Empord\u00e0\",\"publisher\":{\"@id\":\"https:\\\/\\\/visitemporda.com\\\/fr\\\/#organization\"},\"potentialAction\":[{\"@type\":\"SearchAction\",\"target\":{\"@type\":\"EntryPoint\",\"urlTemplate\":\"https:\\\/\\\/visitemporda.com\\\/fr\\\/?s={search_term_string}\"},\"query-input\":{\"@type\":\"PropertyValueSpecification\",\"valueRequired\":true,\"valueName\":\"search_term_string\"}}],\"inLanguage\":\"fr-FR\"},{\"@type\":\"Organization\",\"@id\":\"https:\\\/\\\/visitemporda.com\\\/fr\\\/#organization\",\"name\":\"Consell Comarcal del Baix Empord\u00e0\",\"url\":\"https:\\\/\\\/visitemporda.com\\\/fr\\\/\",\"logo\":{\"@type\":\"ImageObject\",\"inLanguage\":\"fr-FR\",\"@id\":\"https:\\\/\\\/visitemporda.com\\\/fr\\\/#\\\/schema\\\/logo\\\/image\\\/\",\"url\":\"https:\\\/\\\/visitemporda.com\\\/wp-content\\\/uploads\\\/2024\\\/11\\\/Logotip_CCBE.png\",\"contentUrl\":\"https:\\\/\\\/visitemporda.com\\\/wp-content\\\/uploads\\\/2024\\\/11\\\/Logotip_CCBE.png\",\"width\":3617,\"height\":3617,\"caption\":\"Consell Comarcal del Baix Empord\u00e0\"},\"image\":{\"@id\":\"https:\\\/\\\/visitemporda.com\\\/fr\\\/#\\\/schema\\\/logo\\\/image\\\/\"},\"sameAs\":[\"https:\\\/\\\/www.facebook.com\\\/baixempordaturisme\",\"https:\\\/\\\/x.com\\\/baixemporda_tur\",\"https:\\\/\\\/www.instagram.com\\\/visitemporda\"]}]}<\/script>\n<!-- \/ Yoast SEO plugin. -->","yoast_head_json":{"title":"Entreprenariat et consolidation touristique - Visit Empord\u00e0","robots":{"index":"index","follow":"follow","max-snippet":"max-snippet:-1","max-image-preview":"max-image-preview:large","max-video-preview":"max-video-preview:-1"},"canonical":"https:\/\/visitemporda.com\/fr\/professionals\/persones\/pla-daccessibilitat-turistica-del-baix-emporda-4\/","og_locale":"fr_FR","og_type":"article","og_title":"Entreprenariat et consolidation touristique - Visit Empord\u00e0","og_description":"Le service d\u2019entreprenariat et de consolidation touristique est un service propos\u00e9 par l\u2019\u00c0rea de Turisme del Consell Comarcal del Baix Empord\u00e0 (Secteur du Tourisme du Conseil Cantonal du Baix Empord\u00e0) d\u2019aide et de soutien aux personnes qui veulent lancer une entreprise dans un cadre touristique. L\u2019objectif principal est d\u2019encourager au sein du canton l&rsquo;esprit d\u2019entreprise, [&hellip;]","og_url":"https:\/\/visitemporda.com\/fr\/professionals\/persones\/pla-daccessibilitat-turistica-del-baix-emporda-4\/","og_site_name":"Visit Empord\u00e0","article_publisher":"https:\/\/www.facebook.com\/baixempordaturisme","article_modified_time":"2021-05-07T20:38:10+00:00","og_image":[{"width":1747,"height":1240,"url":"https:\/\/visitemporda.com\/wp-content\/uploads\/2021\/03\/emprenedoria.jpg","type":"image\/jpeg"}],"twitter_card":"summary_large_image","twitter_site":"@baixemporda_tur","twitter_misc":{"Dur\u00e9e de lecture estim\u00e9e":"1 minute"},"schema":{"@context":"https:\/\/schema.org","@graph":[{"@type":"WebPage","@id":"https:\/\/visitemporda.com\/fr\/professionals\/persones\/pla-daccessibilitat-turistica-del-baix-emporda-4\/","url":"https:\/\/visitemporda.com\/fr\/professionals\/persones\/pla-daccessibilitat-turistica-del-baix-emporda-4\/","name":"Entreprenariat et consolidation touristique - Visit Empord\u00e0","isPartOf":{"@id":"https:\/\/visitemporda.com\/fr\/#website"},"primaryImageOfPage":{"@id":"https:\/\/visitemporda.com\/fr\/professionals\/persones\/pla-daccessibilitat-turistica-del-baix-emporda-4\/#primaryimage"},"image":{"@id":"https:\/\/visitemporda.com\/fr\/professionals\/persones\/pla-daccessibilitat-turistica-del-baix-emporda-4\/#primaryimage"},"thumbnailUrl":"https:\/\/visitemporda.com\/wp-content\/uploads\/2021\/03\/emprenedoria.jpg","datePublished":"2021-03-31T11:27:26+00:00","dateModified":"2021-05-07T20:38:10+00:00","breadcrumb":{"@id":"https:\/\/visitemporda.com\/fr\/professionals\/persones\/pla-daccessibilitat-turistica-del-baix-emporda-4\/#breadcrumb"},"inLanguage":"fr-FR","potentialAction":[{"@type":"ReadAction","target":["https:\/\/visitemporda.com\/fr\/professionals\/persones\/pla-daccessibilitat-turistica-del-baix-emporda-4\/"]}]},{"@type":"ImageObject","inLanguage":"fr-FR","@id":"https:\/\/visitemporda.com\/fr\/professionals\/persones\/pla-daccessibilitat-turistica-del-baix-emporda-4\/#primaryimage","url":"https:\/\/visitemporda.com\/wp-content\/uploads\/2021\/03\/emprenedoria.jpg","contentUrl":"https:\/\/visitemporda.com\/wp-content\/uploads\/2021\/03\/emprenedoria.jpg","width":1747,"height":1240,"caption":"Ordinador amb pantalla oberta amb l'apartat professionals de la nostra web,"},{"@type":"BreadcrumbList","@id":"https:\/\/visitemporda.com\/fr\/professionals\/persones\/pla-daccessibilitat-turistica-del-baix-emporda-4\/#breadcrumb","itemListElement":[{"@type":"ListItem","position":1,"name":"Inici","item":"https:\/\/visitemporda.com\/fr\/"},{"@type":"ListItem","position":2,"name":"Professionnels","item":"https:\/\/visitemporda.com\/fr\/professionals\/"},{"@type":"ListItem","position":3,"name":"Services aux personnes","item":"https:\/\/visitemporda.com\/fr\/professionals\/persones\/"},{"@type":"ListItem","position":4,"name":"Entreprenariat et consolidation touristique"}]},{"@type":"WebSite","@id":"https:\/\/visitemporda.com\/fr\/#website","url":"https:\/\/visitemporda.com\/fr\/","name":"Visit Empord\u00e0","description":"Site officiel du tourisme du Baix Empord\u00e0","publisher":{"@id":"https:\/\/visitemporda.com\/fr\/#organization"},"potentialAction":[{"@type":"SearchAction","target":{"@type":"EntryPoint","urlTemplate":"https:\/\/visitemporda.com\/fr\/?s={search_term_string}"},"query-input":{"@type":"PropertyValueSpecification","valueRequired":true,"valueName":"search_term_string"}}],"inLanguage":"fr-FR"},{"@type":"Organization","@id":"https:\/\/visitemporda.com\/fr\/#organization","name":"Consell Comarcal del Baix Empord\u00e0","url":"https:\/\/visitemporda.com\/fr\/","logo":{"@type":"ImageObject","inLanguage":"fr-FR","@id":"https:\/\/visitemporda.com\/fr\/#\/schema\/logo\/image\/","url":"https:\/\/visitemporda.com\/wp-content\/uploads\/2024\/11\/Logotip_CCBE.png","contentUrl":"https:\/\/visitemporda.com\/wp-content\/uploads\/2024\/11\/Logotip_CCBE.png","width":3617,"height":3617,"caption":"Consell Comarcal del Baix Empord\u00e0"},"image":{"@id":"https:\/\/visitemporda.com\/fr\/#\/schema\/logo\/image\/"},"sameAs":["https:\/\/www.facebook.com\/baixempordaturisme","https:\/\/x.com\/baixemporda_tur","https:\/\/www.instagram.com\/visitemporda"]}]}},"_links":{"self":[{"href":"https:\/\/visitemporda.com\/fr\/wp-json\/wp\/v2\/pages\/30087","targetHints":{"allow":["GET"]}}],"collection":[{"href":"https:\/\/visitemporda.com\/fr\/wp-json\/wp\/v2\/pages"}],"about":[{"href":"https:\/\/visitemporda.com\/fr\/wp-json\/wp\/v2\/types\/page"}],"author":[{"embeddable":true,"href":"https:\/\/visitemporda.com\/fr\/wp-json\/wp\/v2\/users\/2"}],"replies":[{"embeddable":true,"href":"https:\/\/visitemporda.com\/fr\/wp-json\/wp\/v2\/comments?post=30087"}],"version-history":[{"count":1,"href":"https:\/\/visitemporda.com\/fr\/wp-json\/wp\/v2\/pages\/30087\/revisions"}],"predecessor-version":[{"id":30088,"href":"https:\/\/visitemporda.com\/fr\/wp-json\/wp\/v2\/pages\/30087\/revisions\/30088"}],"up":[{"embeddable":true,"href":"https:\/\/visitemporda.com\/fr\/wp-json\/wp\/v2\/pages\/19503"}],"wp:featuredmedia":[{"embeddable":true,"href":"https:\/\/visitemporda.com\/fr\/wp-json\/wp\/v2\/media\/22650"}],"wp:attachment":[{"href":"https:\/\/visitemporda.com\/fr\/wp-json\/wp\/v2\/media?parent=30087"}],"curies":[{"name":"wp","href":"https:\/\/api.w.org\/{rel}","templated":true}]}}