

{"id":30071,"date":"2021-03-19T14:41:03","date_gmt":"2021-03-19T13:41:03","guid":{"rendered":"http:\/\/visitemporda.com\/professionals\/empreses\/projectes-de-la-destinacio\/pla-daccessibilitat-turistica-del-baix-emporda-2\/"},"modified":"2021-05-07T21:49:48","modified_gmt":"2021-05-07T19:49:48","slug":"pla-daccessibilitat-turistica-del-baix-emporda-2","status":"publish","type":"page","link":"https:\/\/visitemporda.com\/fr\/professionals\/empreses\/projectes-de-la-destinacio\/pla-daccessibilitat-turistica-del-baix-emporda-2\/","title":{"rendered":"Gestion et entretien des r\u00e9seaux de tourisme actif"},"content":{"rendered":"<p>Il y a quelques ann\u00e9es, le canton du Baix Empord\u00e0 a mis\u00e9 sur le tourisme actif en tant que mod\u00e8le de d\u00e9veloppement touristique, durable et capable d\u2019exploiter les ressources naturelles et de d\u00e9saisonnaliser la demande touristique. Ce mod\u00e8le a incit\u00e9 la cr\u00e9ation d\u2019un r\u00e9seau de randonn\u00e9e (370\u00a0km), un r\u00e9seau de cyclotourisme (310\u00a0km) et la cr\u00e9ation d\u2019un Centre VTT proposant diff\u00e9rents circuits au sein du canton (180\u00a0km). Au total, le territoire compte pr\u00e8s de\u00a01\u00a0000\u00a0km balis\u00e9s, dont une majorit\u00e9 traverse des espaces naturels prot\u00e9g\u00e9s.<\/p>\n<p>Ces activit\u00e9s de tourisme actif sont actuellement un facteur important d\u2019attraction de visiteurs et de touristes et ont aid\u00e9 au d\u00e9veloppement et \u00e0 la dynamisation d\u2019une grande partie du canton, notamment des plus petits villages. En outre, la prise de conscience croissante et le respect envers les espaces naturels mettent davantage en valeur ces activit\u00e9s.<\/p>\n<p>Le Conseil Cantonal se charge de la gestion de ces r\u00e9seaux qui incluent de mani\u00e8re int\u00e9gr\u00e9e la maintenance, la diffusion ainsi que la promotion.<\/p>\n","protected":false},"excerpt":{"rendered":"<p>Il y a quelques ann\u00e9es, le canton du Baix Empord\u00e0 a mis\u00e9 sur le tourisme actif en tant que mod\u00e8le de d\u00e9veloppement touristique, durable et capable d\u2019exploiter les ressources naturelles et de d\u00e9saisonnaliser la demande touristique. Ce mod\u00e8le a incit\u00e9 la cr\u00e9ation d\u2019un r\u00e9seau de randonn\u00e9e (370\u00a0km), un r\u00e9seau de cyclotourisme (310\u00a0km) et la cr\u00e9ation [&hellip;]<\/p>\n","protected":false},"author":2,"featured_media":19873,"parent":22920,"menu_order":0,"comment_status":"closed","ping_status":"closed","template":"page-templates\/fitxa-campanyes-gastronomiques.php","meta":{"_acf_changed":false,"footnotes":""},"class_list":["post-30071","page","type-page","status-publish","has-post-thumbnail","hentry"],"acf":[],"yoast_head":"<!-- This site is optimized with the Yoast SEO plugin v27.3 - https:\/\/yoast.com\/product\/yoast-seo-wordpress\/ -->\n<title>Gestion et entretien des r\u00e9seaux de tourisme actif - Visit Empord\u00e0<\/title>\n<meta name=\"robots\" content=\"index, follow, max-snippet:-1, max-image-preview:large, max-video-preview:-1\" \/>\n<link rel=\"canonical\" href=\"https:\/\/visitemporda.com\/fr\/professionals\/empreses\/projectes-de-la-destinacio\/pla-daccessibilitat-turistica-del-baix-emporda-2\/\" \/>\n<meta property=\"og:locale\" content=\"fr_FR\" \/>\n<meta property=\"og:type\" content=\"article\" \/>\n<meta property=\"og:title\" content=\"Gestion et entretien des r\u00e9seaux de tourisme actif - Visit Empord\u00e0\" \/>\n<meta property=\"og:description\" content=\"Il y a quelques ann\u00e9es, le canton du Baix Empord\u00e0 a mis\u00e9 sur le tourisme actif en tant que mod\u00e8le de d\u00e9veloppement touristique, durable et capable d\u2019exploiter les ressources naturelles et de d\u00e9saisonnaliser la demande touristique. Ce mod\u00e8le a incit\u00e9 la cr\u00e9ation d\u2019un r\u00e9seau de randonn\u00e9e (370\u00a0km), un r\u00e9seau de cyclotourisme (310\u00a0km) et la cr\u00e9ation [&hellip;]\" \/>\n<meta property=\"og:url\" content=\"https:\/\/visitemporda.com\/fr\/professionals\/empreses\/projectes-de-la-destinacio\/pla-daccessibilitat-turistica-del-baix-emporda-2\/\" \/>\n<meta property=\"og:site_name\" content=\"Visit Empord\u00e0\" \/>\n<meta property=\"article:publisher\" content=\"https:\/\/www.facebook.com\/baixempordaturisme\" \/>\n<meta property=\"article:modified_time\" content=\"2021-05-07T19:49:48+00:00\" \/>\n<meta property=\"og:image\" content=\"https:\/\/visitemporda.com\/wp-content\/uploads\/2020\/09\/ciclo-Peratallada-1.jpg\" \/>\n\t<meta property=\"og:image:width\" content=\"1366\" \/>\n\t<meta property=\"og:image:height\" content=\"768\" \/>\n\t<meta property=\"og:image:type\" content=\"image\/jpeg\" \/>\n<meta name=\"twitter:card\" content=\"summary_large_image\" \/>\n<meta name=\"twitter:site\" content=\"@baixemporda_tur\" \/>\n<meta name=\"twitter:label1\" content=\"Dur\u00e9e de lecture estim\u00e9e\" \/>\n\t<meta name=\"twitter:data1\" content=\"1 minute\" \/>\n<script type=\"application\/ld+json\" class=\"yoast-schema-graph\">{\"@context\":\"https:\\\/\\\/schema.org\",\"@graph\":[{\"@type\":\"WebPage\",\"@id\":\"https:\\\/\\\/visitemporda.com\\\/fr\\\/professionals\\\/empreses\\\/projectes-de-la-destinacio\\\/pla-daccessibilitat-turistica-del-baix-emporda-2\\\/\",\"url\":\"https:\\\/\\\/visitemporda.com\\\/fr\\\/professionals\\\/empreses\\\/projectes-de-la-destinacio\\\/pla-daccessibilitat-turistica-del-baix-emporda-2\\\/\",\"name\":\"Gestion et entretien des r\u00e9seaux de tourisme actif - Visit Empord\u00e0\",\"isPartOf\":{\"@id\":\"https:\\\/\\\/visitemporda.com\\\/fr\\\/#website\"},\"primaryImageOfPage\":{\"@id\":\"https:\\\/\\\/visitemporda.com\\\/fr\\\/professionals\\\/empreses\\\/projectes-de-la-destinacio\\\/pla-daccessibilitat-turistica-del-baix-emporda-2\\\/#primaryimage\"},\"image\":{\"@id\":\"https:\\\/\\\/visitemporda.com\\\/fr\\\/professionals\\\/empreses\\\/projectes-de-la-destinacio\\\/pla-daccessibilitat-turistica-del-baix-emporda-2\\\/#primaryimage\"},\"thumbnailUrl\":\"https:\\\/\\\/visitemporda.com\\\/wp-content\\\/uploads\\\/2020\\\/09\\\/ciclo-Peratallada-1.jpg\",\"datePublished\":\"2021-03-19T13:41:03+00:00\",\"dateModified\":\"2021-05-07T19:49:48+00:00\",\"breadcrumb\":{\"@id\":\"https:\\\/\\\/visitemporda.com\\\/fr\\\/professionals\\\/empreses\\\/projectes-de-la-destinacio\\\/pla-daccessibilitat-turistica-del-baix-emporda-2\\\/#breadcrumb\"},\"inLanguage\":\"fr-FR\",\"potentialAction\":[{\"@type\":\"ReadAction\",\"target\":[\"https:\\\/\\\/visitemporda.com\\\/fr\\\/professionals\\\/empreses\\\/projectes-de-la-destinacio\\\/pla-daccessibilitat-turistica-del-baix-emporda-2\\\/\"]}]},{\"@type\":\"ImageObject\",\"inLanguage\":\"fr-FR\",\"@id\":\"https:\\\/\\\/visitemporda.com\\\/fr\\\/professionals\\\/empreses\\\/projectes-de-la-destinacio\\\/pla-daccessibilitat-turistica-del-baix-emporda-2\\\/#primaryimage\",\"url\":\"https:\\\/\\\/visitemporda.com\\\/wp-content\\\/uploads\\\/2020\\\/09\\\/ciclo-Peratallada-1.jpg\",\"contentUrl\":\"https:\\\/\\\/visitemporda.com\\\/wp-content\\\/uploads\\\/2020\\\/09\\\/ciclo-Peratallada-1.jpg\",\"width\":1366,\"height\":768,\"caption\":\"noia en bicicleta que va per un cam\u00ed asfaltat cap a Peratallada\"},{\"@type\":\"BreadcrumbList\",\"@id\":\"https:\\\/\\\/visitemporda.com\\\/fr\\\/professionals\\\/empreses\\\/projectes-de-la-destinacio\\\/pla-daccessibilitat-turistica-del-baix-emporda-2\\\/#breadcrumb\",\"itemListElement\":[{\"@type\":\"ListItem\",\"position\":1,\"name\":\"Inici\",\"item\":\"https:\\\/\\\/visitemporda.com\\\/fr\\\/\"},{\"@type\":\"ListItem\",\"position\":2,\"name\":\"Professionnels\",\"item\":\"https:\\\/\\\/visitemporda.com\\\/fr\\\/professionals\\\/\"},{\"@type\":\"ListItem\",\"position\":3,\"name\":\"Entreprises touristiques\",\"item\":\"https:\\\/\\\/visitemporda.com\\\/fr\\\/professionals\\\/empreses\\\/\"},{\"@type\":\"ListItem\",\"position\":4,\"name\":\"Projet du Baix Empord\u00e0\",\"item\":\"https:\\\/\\\/visitemporda.com\\\/fr\\\/professionals\\\/empreses\\\/projectes-de-la-destinacio\\\/\"},{\"@type\":\"ListItem\",\"position\":5,\"name\":\"Gestion et entretien des r\u00e9seaux de tourisme actif\"}]},{\"@type\":\"WebSite\",\"@id\":\"https:\\\/\\\/visitemporda.com\\\/fr\\\/#website\",\"url\":\"https:\\\/\\\/visitemporda.com\\\/fr\\\/\",\"name\":\"Visit Empord\u00e0\",\"description\":\"Site officiel du tourisme du Baix Empord\u00e0\",\"publisher\":{\"@id\":\"https:\\\/\\\/visitemporda.com\\\/fr\\\/#organization\"},\"potentialAction\":[{\"@type\":\"SearchAction\",\"target\":{\"@type\":\"EntryPoint\",\"urlTemplate\":\"https:\\\/\\\/visitemporda.com\\\/fr\\\/?s={search_term_string}\"},\"query-input\":{\"@type\":\"PropertyValueSpecification\",\"valueRequired\":true,\"valueName\":\"search_term_string\"}}],\"inLanguage\":\"fr-FR\"},{\"@type\":\"Organization\",\"@id\":\"https:\\\/\\\/visitemporda.com\\\/fr\\\/#organization\",\"name\":\"Consell Comarcal del Baix Empord\u00e0\",\"url\":\"https:\\\/\\\/visitemporda.com\\\/fr\\\/\",\"logo\":{\"@type\":\"ImageObject\",\"inLanguage\":\"fr-FR\",\"@id\":\"https:\\\/\\\/visitemporda.com\\\/fr\\\/#\\\/schema\\\/logo\\\/image\\\/\",\"url\":\"https:\\\/\\\/visitemporda.com\\\/wp-content\\\/uploads\\\/2024\\\/11\\\/Logotip_CCBE.png\",\"contentUrl\":\"https:\\\/\\\/visitemporda.com\\\/wp-content\\\/uploads\\\/2024\\\/11\\\/Logotip_CCBE.png\",\"width\":3617,\"height\":3617,\"caption\":\"Consell Comarcal del Baix Empord\u00e0\"},\"image\":{\"@id\":\"https:\\\/\\\/visitemporda.com\\\/fr\\\/#\\\/schema\\\/logo\\\/image\\\/\"},\"sameAs\":[\"https:\\\/\\\/www.facebook.com\\\/baixempordaturisme\",\"https:\\\/\\\/x.com\\\/baixemporda_tur\",\"https:\\\/\\\/www.instagram.com\\\/visitemporda\"]}]}<\/script>\n<!-- \/ Yoast SEO plugin. -->","yoast_head_json":{"title":"Gestion et entretien des r\u00e9seaux de tourisme actif - Visit Empord\u00e0","robots":{"index":"index","follow":"follow","max-snippet":"max-snippet:-1","max-image-preview":"max-image-preview:large","max-video-preview":"max-video-preview:-1"},"canonical":"https:\/\/visitemporda.com\/fr\/professionals\/empreses\/projectes-de-la-destinacio\/pla-daccessibilitat-turistica-del-baix-emporda-2\/","og_locale":"fr_FR","og_type":"article","og_title":"Gestion et entretien des r\u00e9seaux de tourisme actif - Visit Empord\u00e0","og_description":"Il y a quelques ann\u00e9es, le canton du Baix Empord\u00e0 a mis\u00e9 sur le tourisme actif en tant que mod\u00e8le de d\u00e9veloppement touristique, durable et capable d\u2019exploiter les ressources naturelles et de d\u00e9saisonnaliser la demande touristique. Ce mod\u00e8le a incit\u00e9 la cr\u00e9ation d\u2019un r\u00e9seau de randonn\u00e9e (370\u00a0km), un r\u00e9seau de cyclotourisme (310\u00a0km) et la cr\u00e9ation [&hellip;]","og_url":"https:\/\/visitemporda.com\/fr\/professionals\/empreses\/projectes-de-la-destinacio\/pla-daccessibilitat-turistica-del-baix-emporda-2\/","og_site_name":"Visit Empord\u00e0","article_publisher":"https:\/\/www.facebook.com\/baixempordaturisme","article_modified_time":"2021-05-07T19:49:48+00:00","og_image":[{"width":1366,"height":768,"url":"https:\/\/visitemporda.com\/wp-content\/uploads\/2020\/09\/ciclo-Peratallada-1.jpg","type":"image\/jpeg"}],"twitter_card":"summary_large_image","twitter_site":"@baixemporda_tur","twitter_misc":{"Dur\u00e9e de lecture estim\u00e9e":"1 minute"},"schema":{"@context":"https:\/\/schema.org","@graph":[{"@type":"WebPage","@id":"https:\/\/visitemporda.com\/fr\/professionals\/empreses\/projectes-de-la-destinacio\/pla-daccessibilitat-turistica-del-baix-emporda-2\/","url":"https:\/\/visitemporda.com\/fr\/professionals\/empreses\/projectes-de-la-destinacio\/pla-daccessibilitat-turistica-del-baix-emporda-2\/","name":"Gestion et entretien des r\u00e9seaux de tourisme actif - Visit Empord\u00e0","isPartOf":{"@id":"https:\/\/visitemporda.com\/fr\/#website"},"primaryImageOfPage":{"@id":"https:\/\/visitemporda.com\/fr\/professionals\/empreses\/projectes-de-la-destinacio\/pla-daccessibilitat-turistica-del-baix-emporda-2\/#primaryimage"},"image":{"@id":"https:\/\/visitemporda.com\/fr\/professionals\/empreses\/projectes-de-la-destinacio\/pla-daccessibilitat-turistica-del-baix-emporda-2\/#primaryimage"},"thumbnailUrl":"https:\/\/visitemporda.com\/wp-content\/uploads\/2020\/09\/ciclo-Peratallada-1.jpg","datePublished":"2021-03-19T13:41:03+00:00","dateModified":"2021-05-07T19:49:48+00:00","breadcrumb":{"@id":"https:\/\/visitemporda.com\/fr\/professionals\/empreses\/projectes-de-la-destinacio\/pla-daccessibilitat-turistica-del-baix-emporda-2\/#breadcrumb"},"inLanguage":"fr-FR","potentialAction":[{"@type":"ReadAction","target":["https:\/\/visitemporda.com\/fr\/professionals\/empreses\/projectes-de-la-destinacio\/pla-daccessibilitat-turistica-del-baix-emporda-2\/"]}]},{"@type":"ImageObject","inLanguage":"fr-FR","@id":"https:\/\/visitemporda.com\/fr\/professionals\/empreses\/projectes-de-la-destinacio\/pla-daccessibilitat-turistica-del-baix-emporda-2\/#primaryimage","url":"https:\/\/visitemporda.com\/wp-content\/uploads\/2020\/09\/ciclo-Peratallada-1.jpg","contentUrl":"https:\/\/visitemporda.com\/wp-content\/uploads\/2020\/09\/ciclo-Peratallada-1.jpg","width":1366,"height":768,"caption":"noia en bicicleta que va per un cam\u00ed asfaltat cap a Peratallada"},{"@type":"BreadcrumbList","@id":"https:\/\/visitemporda.com\/fr\/professionals\/empreses\/projectes-de-la-destinacio\/pla-daccessibilitat-turistica-del-baix-emporda-2\/#breadcrumb","itemListElement":[{"@type":"ListItem","position":1,"name":"Inici","item":"https:\/\/visitemporda.com\/fr\/"},{"@type":"ListItem","position":2,"name":"Professionnels","item":"https:\/\/visitemporda.com\/fr\/professionals\/"},{"@type":"ListItem","position":3,"name":"Entreprises touristiques","item":"https:\/\/visitemporda.com\/fr\/professionals\/empreses\/"},{"@type":"ListItem","position":4,"name":"Projet du Baix Empord\u00e0","item":"https:\/\/visitemporda.com\/fr\/professionals\/empreses\/projectes-de-la-destinacio\/"},{"@type":"ListItem","position":5,"name":"Gestion et entretien des r\u00e9seaux de tourisme actif"}]},{"@type":"WebSite","@id":"https:\/\/visitemporda.com\/fr\/#website","url":"https:\/\/visitemporda.com\/fr\/","name":"Visit Empord\u00e0","description":"Site officiel du tourisme du Baix Empord\u00e0","publisher":{"@id":"https:\/\/visitemporda.com\/fr\/#organization"},"potentialAction":[{"@type":"SearchAction","target":{"@type":"EntryPoint","urlTemplate":"https:\/\/visitemporda.com\/fr\/?s={search_term_string}"},"query-input":{"@type":"PropertyValueSpecification","valueRequired":true,"valueName":"search_term_string"}}],"inLanguage":"fr-FR"},{"@type":"Organization","@id":"https:\/\/visitemporda.com\/fr\/#organization","name":"Consell Comarcal del Baix Empord\u00e0","url":"https:\/\/visitemporda.com\/fr\/","logo":{"@type":"ImageObject","inLanguage":"fr-FR","@id":"https:\/\/visitemporda.com\/fr\/#\/schema\/logo\/image\/","url":"https:\/\/visitemporda.com\/wp-content\/uploads\/2024\/11\/Logotip_CCBE.png","contentUrl":"https:\/\/visitemporda.com\/wp-content\/uploads\/2024\/11\/Logotip_CCBE.png","width":3617,"height":3617,"caption":"Consell Comarcal del Baix Empord\u00e0"},"image":{"@id":"https:\/\/visitemporda.com\/fr\/#\/schema\/logo\/image\/"},"sameAs":["https:\/\/www.facebook.com\/baixempordaturisme","https:\/\/x.com\/baixemporda_tur","https:\/\/www.instagram.com\/visitemporda"]}]}},"_links":{"self":[{"href":"https:\/\/visitemporda.com\/fr\/wp-json\/wp\/v2\/pages\/30071","targetHints":{"allow":["GET"]}}],"collection":[{"href":"https:\/\/visitemporda.com\/fr\/wp-json\/wp\/v2\/pages"}],"about":[{"href":"https:\/\/visitemporda.com\/fr\/wp-json\/wp\/v2\/types\/page"}],"author":[{"embeddable":true,"href":"https:\/\/visitemporda.com\/fr\/wp-json\/wp\/v2\/users\/2"}],"replies":[{"embeddable":true,"href":"https:\/\/visitemporda.com\/fr\/wp-json\/wp\/v2\/comments?post=30071"}],"version-history":[{"count":1,"href":"https:\/\/visitemporda.com\/fr\/wp-json\/wp\/v2\/pages\/30071\/revisions"}],"predecessor-version":[{"id":30072,"href":"https:\/\/visitemporda.com\/fr\/wp-json\/wp\/v2\/pages\/30071\/revisions\/30072"}],"up":[{"embeddable":true,"href":"https:\/\/visitemporda.com\/fr\/wp-json\/wp\/v2\/pages\/22920"}],"wp:featuredmedia":[{"embeddable":true,"href":"https:\/\/visitemporda.com\/fr\/wp-json\/wp\/v2\/media\/19873"}],"wp:attachment":[{"href":"https:\/\/visitemporda.com\/fr\/wp-json\/wp\/v2\/media?parent=30071"}],"curies":[{"name":"wp","href":"https:\/\/api.w.org\/{rel}","templated":true}]}}