

{"id":30066,"date":"2021-03-31T12:57:18","date_gmt":"2021-03-31T10:57:18","guid":{"rendered":"http:\/\/visitemporda.com\/professionals\/empreses\/projectes-de-la-destinacio\/pla-daccessibilitat-turistica-del-baix-emporda-3\/"},"modified":"2021-05-07T21:45:56","modified_gmt":"2021-05-07T19:45:56","slug":"pla-daccessibilitat-turistica-del-baix-emporda-3","status":"publish","type":"page","link":"https:\/\/visitemporda.com\/fr\/professionals\/empreses\/projectes-de-la-destinacio\/pla-daccessibilitat-turistica-del-baix-emporda-3\/","title":{"rendered":"Agroalimentaire et marca de garantia Productes de l\u2019Empord\u00e0"},"content":{"rendered":"<p>Le Conseil Cantonal du Baix Empord\u00e0 travaille \u00e0 la mise en valeur des produits agroalimentaires et des produits artisanaux alimentaires, dont ceux qui sont typiquement ampourdanais. La marca de garantia Productes de l\u2019Empord\u00e0 (label Produits de l\u2019Empord\u00e0) certifie et reconna\u00eet les produits produits ou \u00e9labor\u00e9s, transform\u00e9s et emball\u00e9s dans l\u2019Empord\u00e0 selon ses traditions. Actuellement, le label comprend <em>l\u2019Arr\u00f2s de Pals<\/em> (le Riz de Pals), l<em>a Botifarra dol\u00e7a<\/em> (le Boudin doux), <em>les Brunyols de l\u2019Empord\u00e0<\/em> (les Beignets de l\u2019Empord\u00e0), <em>la Ceba de Figueres<\/em> (les Oignons de Figueres), <em>le Fesol de l\u2019ull ros<\/em> (Type de haricot blanc), <em>la Gamba de Palam\u00f3s<\/em> (les Crevettes Palam\u00f3s), <em>la Poma de relleno de Vilabertran<\/em> (La Pomme farcie de Vilabertran) et <em>le Recuit<\/em> (La Caillebotte).<\/p>\n<p>Le Conseil Cantonal contribue \u00e9galement \u00e0 la reconnaissance d\u2019autres produits compris dans d\u2019autres certifications de qualit\u00e9 la Denominaci\u00f3 d\u2019Origen (DO) Vi de l\u2019Empord\u00e0 (Appellation d\u2019origine Vin de l\u2019Empord\u00e0), la Denominaci\u00f3 d\u2019Origen Protegida (DOP) Oli de l\u2019Empord\u00e0 (Appellation d\u2019origine prot\u00e9g\u00e9e Huile de l\u2019Empord\u00e0) ou la Identificaci\u00f3 Geogr\u00e0fica Protegida (IGP) Poma de Girona (Identification G\u00e9ographique Prot\u00e9g\u00e9e Pomme de G\u00e9rone).<\/p>\n<p>En outre, l\u2019\u00c0rea de Turisme (Secteur du Tourisme) recommande la visite et la d\u00e9couverte des producteurs et artisans locaux qui gr\u00e2ce \u00e0 leurs efforts et abn\u00e9gation aident \u00e0 entretenir et \u00e0 diffuser l\u2019identit\u00e9 du canton en ouvrant leurs portes au visiteur. Une alliance de tourisme, d&rsquo;artisanat et d&rsquo;agroalimentaire qui contribue \u00e0 un d\u00e9veloppement touristique durable et responsable du canton.<\/p>\n","protected":false},"excerpt":{"rendered":"<p>Le Conseil Cantonal du Baix Empord\u00e0 travaille \u00e0 la mise en valeur des produits agroalimentaires et des produits artisanaux alimentaires, dont ceux qui sont typiquement ampourdanais. La marca de garantia Productes de l\u2019Empord\u00e0 (label Produits de l\u2019Empord\u00e0) certifie et reconna\u00eet les produits produits ou \u00e9labor\u00e9s, transform\u00e9s et emball\u00e9s dans l\u2019Empord\u00e0 selon ses traditions. Actuellement, le [&hellip;]<\/p>\n","protected":false},"author":2,"featured_media":22659,"parent":22920,"menu_order":0,"comment_status":"closed","ping_status":"closed","template":"page-templates\/fitxa-campanyes-gastronomiques.php","meta":{"_acf_changed":false,"footnotes":""},"class_list":["post-30066","page","type-page","status-publish","has-post-thumbnail","hentry"],"acf":[],"yoast_head":"<!-- This site is optimized with the Yoast SEO plugin v27.3 - https:\/\/yoast.com\/product\/yoast-seo-wordpress\/ -->\n<title>Agroalimentaire et marca de garantia Productes de l\u2019Empord\u00e0 - Visit Empord\u00e0<\/title>\n<meta name=\"robots\" content=\"index, follow, max-snippet:-1, max-image-preview:large, max-video-preview:-1\" \/>\n<link rel=\"canonical\" href=\"https:\/\/visitemporda.com\/fr\/professionals\/empreses\/projectes-de-la-destinacio\/pla-daccessibilitat-turistica-del-baix-emporda-3\/\" \/>\n<meta property=\"og:locale\" content=\"fr_FR\" \/>\n<meta property=\"og:type\" content=\"article\" \/>\n<meta property=\"og:title\" content=\"Agroalimentaire et marca de garantia Productes de l\u2019Empord\u00e0 - Visit Empord\u00e0\" \/>\n<meta property=\"og:description\" content=\"Le Conseil Cantonal du Baix Empord\u00e0 travaille \u00e0 la mise en valeur des produits agroalimentaires et des produits artisanaux alimentaires, dont ceux qui sont typiquement ampourdanais. La marca de garantia Productes de l\u2019Empord\u00e0 (label Produits de l\u2019Empord\u00e0) certifie et reconna\u00eet les produits produits ou \u00e9labor\u00e9s, transform\u00e9s et emball\u00e9s dans l\u2019Empord\u00e0 selon ses traditions. Actuellement, le [&hellip;]\" \/>\n<meta property=\"og:url\" content=\"https:\/\/visitemporda.com\/fr\/professionals\/empreses\/projectes-de-la-destinacio\/pla-daccessibilitat-turistica-del-baix-emporda-3\/\" \/>\n<meta property=\"og:site_name\" content=\"Visit Empord\u00e0\" \/>\n<meta property=\"article:publisher\" content=\"https:\/\/www.facebook.com\/baixempordaturisme\" \/>\n<meta property=\"article:modified_time\" content=\"2021-05-07T19:45:56+00:00\" \/>\n<meta property=\"og:image\" content=\"https:\/\/visitemporda.com\/wp-content\/uploads\/2021\/03\/Punt-de-llibre-definitiu-_compre.jpg\" \/>\n\t<meta property=\"og:image:width\" content=\"127\" \/>\n\t<meta property=\"og:image:height\" content=\"430\" \/>\n\t<meta property=\"og:image:type\" content=\"image\/jpeg\" \/>\n<meta name=\"twitter:card\" content=\"summary_large_image\" \/>\n<meta name=\"twitter:site\" content=\"@baixemporda_tur\" \/>\n<meta name=\"twitter:label1\" content=\"Dur\u00e9e de lecture estim\u00e9e\" \/>\n\t<meta name=\"twitter:data1\" content=\"1 minute\" \/>\n<script type=\"application\/ld+json\" class=\"yoast-schema-graph\">{\"@context\":\"https:\\\/\\\/schema.org\",\"@graph\":[{\"@type\":\"WebPage\",\"@id\":\"https:\\\/\\\/visitemporda.com\\\/fr\\\/professionals\\\/empreses\\\/projectes-de-la-destinacio\\\/pla-daccessibilitat-turistica-del-baix-emporda-3\\\/\",\"url\":\"https:\\\/\\\/visitemporda.com\\\/fr\\\/professionals\\\/empreses\\\/projectes-de-la-destinacio\\\/pla-daccessibilitat-turistica-del-baix-emporda-3\\\/\",\"name\":\"Agroalimentaire et marca de garantia Productes de l\u2019Empord\u00e0 - Visit Empord\u00e0\",\"isPartOf\":{\"@id\":\"https:\\\/\\\/visitemporda.com\\\/fr\\\/#website\"},\"primaryImageOfPage\":{\"@id\":\"https:\\\/\\\/visitemporda.com\\\/fr\\\/professionals\\\/empreses\\\/projectes-de-la-destinacio\\\/pla-daccessibilitat-turistica-del-baix-emporda-3\\\/#primaryimage\"},\"image\":{\"@id\":\"https:\\\/\\\/visitemporda.com\\\/fr\\\/professionals\\\/empreses\\\/projectes-de-la-destinacio\\\/pla-daccessibilitat-turistica-del-baix-emporda-3\\\/#primaryimage\"},\"thumbnailUrl\":\"https:\\\/\\\/visitemporda.com\\\/wp-content\\\/uploads\\\/2021\\\/03\\\/Punt-de-llibre-definitiu-_compre.jpg\",\"datePublished\":\"2021-03-31T10:57:18+00:00\",\"dateModified\":\"2021-05-07T19:45:56+00:00\",\"breadcrumb\":{\"@id\":\"https:\\\/\\\/visitemporda.com\\\/fr\\\/professionals\\\/empreses\\\/projectes-de-la-destinacio\\\/pla-daccessibilitat-turistica-del-baix-emporda-3\\\/#breadcrumb\"},\"inLanguage\":\"fr-FR\",\"potentialAction\":[{\"@type\":\"ReadAction\",\"target\":[\"https:\\\/\\\/visitemporda.com\\\/fr\\\/professionals\\\/empreses\\\/projectes-de-la-destinacio\\\/pla-daccessibilitat-turistica-del-baix-emporda-3\\\/\"]}]},{\"@type\":\"ImageObject\",\"inLanguage\":\"fr-FR\",\"@id\":\"https:\\\/\\\/visitemporda.com\\\/fr\\\/professionals\\\/empreses\\\/projectes-de-la-destinacio\\\/pla-daccessibilitat-turistica-del-baix-emporda-3\\\/#primaryimage\",\"url\":\"https:\\\/\\\/visitemporda.com\\\/wp-content\\\/uploads\\\/2021\\\/03\\\/Punt-de-llibre-definitiu-_compre.jpg\",\"contentUrl\":\"https:\\\/\\\/visitemporda.com\\\/wp-content\\\/uploads\\\/2021\\\/03\\\/Punt-de-llibre-definitiu-_compre.jpg\",\"width\":127,\"height\":430,\"caption\":\"Punt de llibre marca de garantia productes de l'Empord\u00e0. Mida vertical. A dalt de tot logtip productes de l'empord\u00e0 i a sota imatge gamba, despr\u00e9s imatge botifarra dol\u00e7a, ceba de figueres, pomes de relleno, brunyols de l'empord\u00e0, arr\u00f2s de pals, fesol de l'ull ros, recuit..\"},{\"@type\":\"BreadcrumbList\",\"@id\":\"https:\\\/\\\/visitemporda.com\\\/fr\\\/professionals\\\/empreses\\\/projectes-de-la-destinacio\\\/pla-daccessibilitat-turistica-del-baix-emporda-3\\\/#breadcrumb\",\"itemListElement\":[{\"@type\":\"ListItem\",\"position\":1,\"name\":\"Inici\",\"item\":\"https:\\\/\\\/visitemporda.com\\\/fr\\\/\"},{\"@type\":\"ListItem\",\"position\":2,\"name\":\"Professionnels\",\"item\":\"https:\\\/\\\/visitemporda.com\\\/fr\\\/professionals\\\/\"},{\"@type\":\"ListItem\",\"position\":3,\"name\":\"Entreprises touristiques\",\"item\":\"https:\\\/\\\/visitemporda.com\\\/fr\\\/professionals\\\/empreses\\\/\"},{\"@type\":\"ListItem\",\"position\":4,\"name\":\"Projet du Baix Empord\u00e0\",\"item\":\"https:\\\/\\\/visitemporda.com\\\/fr\\\/professionals\\\/empreses\\\/projectes-de-la-destinacio\\\/\"},{\"@type\":\"ListItem\",\"position\":5,\"name\":\"Agroalimentaire et marca de garantia Productes de l\u2019Empord\u00e0\"}]},{\"@type\":\"WebSite\",\"@id\":\"https:\\\/\\\/visitemporda.com\\\/fr\\\/#website\",\"url\":\"https:\\\/\\\/visitemporda.com\\\/fr\\\/\",\"name\":\"Visit Empord\u00e0\",\"description\":\"Site officiel du tourisme du Baix Empord\u00e0\",\"publisher\":{\"@id\":\"https:\\\/\\\/visitemporda.com\\\/fr\\\/#organization\"},\"potentialAction\":[{\"@type\":\"SearchAction\",\"target\":{\"@type\":\"EntryPoint\",\"urlTemplate\":\"https:\\\/\\\/visitemporda.com\\\/fr\\\/?s={search_term_string}\"},\"query-input\":{\"@type\":\"PropertyValueSpecification\",\"valueRequired\":true,\"valueName\":\"search_term_string\"}}],\"inLanguage\":\"fr-FR\"},{\"@type\":\"Organization\",\"@id\":\"https:\\\/\\\/visitemporda.com\\\/fr\\\/#organization\",\"name\":\"Consell Comarcal del Baix Empord\u00e0\",\"url\":\"https:\\\/\\\/visitemporda.com\\\/fr\\\/\",\"logo\":{\"@type\":\"ImageObject\",\"inLanguage\":\"fr-FR\",\"@id\":\"https:\\\/\\\/visitemporda.com\\\/fr\\\/#\\\/schema\\\/logo\\\/image\\\/\",\"url\":\"https:\\\/\\\/visitemporda.com\\\/wp-content\\\/uploads\\\/2024\\\/11\\\/Logotip_CCBE.png\",\"contentUrl\":\"https:\\\/\\\/visitemporda.com\\\/wp-content\\\/uploads\\\/2024\\\/11\\\/Logotip_CCBE.png\",\"width\":3617,\"height\":3617,\"caption\":\"Consell Comarcal del Baix Empord\u00e0\"},\"image\":{\"@id\":\"https:\\\/\\\/visitemporda.com\\\/fr\\\/#\\\/schema\\\/logo\\\/image\\\/\"},\"sameAs\":[\"https:\\\/\\\/www.facebook.com\\\/baixempordaturisme\",\"https:\\\/\\\/x.com\\\/baixemporda_tur\",\"https:\\\/\\\/www.instagram.com\\\/visitemporda\"]}]}<\/script>\n<!-- \/ Yoast SEO plugin. -->","yoast_head_json":{"title":"Agroalimentaire et marca de garantia Productes de l\u2019Empord\u00e0 - Visit Empord\u00e0","robots":{"index":"index","follow":"follow","max-snippet":"max-snippet:-1","max-image-preview":"max-image-preview:large","max-video-preview":"max-video-preview:-1"},"canonical":"https:\/\/visitemporda.com\/fr\/professionals\/empreses\/projectes-de-la-destinacio\/pla-daccessibilitat-turistica-del-baix-emporda-3\/","og_locale":"fr_FR","og_type":"article","og_title":"Agroalimentaire et marca de garantia Productes de l\u2019Empord\u00e0 - Visit Empord\u00e0","og_description":"Le Conseil Cantonal du Baix Empord\u00e0 travaille \u00e0 la mise en valeur des produits agroalimentaires et des produits artisanaux alimentaires, dont ceux qui sont typiquement ampourdanais. La marca de garantia Productes de l\u2019Empord\u00e0 (label Produits de l\u2019Empord\u00e0) certifie et reconna\u00eet les produits produits ou \u00e9labor\u00e9s, transform\u00e9s et emball\u00e9s dans l\u2019Empord\u00e0 selon ses traditions. Actuellement, le [&hellip;]","og_url":"https:\/\/visitemporda.com\/fr\/professionals\/empreses\/projectes-de-la-destinacio\/pla-daccessibilitat-turistica-del-baix-emporda-3\/","og_site_name":"Visit Empord\u00e0","article_publisher":"https:\/\/www.facebook.com\/baixempordaturisme","article_modified_time":"2021-05-07T19:45:56+00:00","og_image":[{"width":127,"height":430,"url":"https:\/\/visitemporda.com\/wp-content\/uploads\/2021\/03\/Punt-de-llibre-definitiu-_compre.jpg","type":"image\/jpeg"}],"twitter_card":"summary_large_image","twitter_site":"@baixemporda_tur","twitter_misc":{"Dur\u00e9e de lecture estim\u00e9e":"1 minute"},"schema":{"@context":"https:\/\/schema.org","@graph":[{"@type":"WebPage","@id":"https:\/\/visitemporda.com\/fr\/professionals\/empreses\/projectes-de-la-destinacio\/pla-daccessibilitat-turistica-del-baix-emporda-3\/","url":"https:\/\/visitemporda.com\/fr\/professionals\/empreses\/projectes-de-la-destinacio\/pla-daccessibilitat-turistica-del-baix-emporda-3\/","name":"Agroalimentaire et marca de garantia Productes de l\u2019Empord\u00e0 - Visit Empord\u00e0","isPartOf":{"@id":"https:\/\/visitemporda.com\/fr\/#website"},"primaryImageOfPage":{"@id":"https:\/\/visitemporda.com\/fr\/professionals\/empreses\/projectes-de-la-destinacio\/pla-daccessibilitat-turistica-del-baix-emporda-3\/#primaryimage"},"image":{"@id":"https:\/\/visitemporda.com\/fr\/professionals\/empreses\/projectes-de-la-destinacio\/pla-daccessibilitat-turistica-del-baix-emporda-3\/#primaryimage"},"thumbnailUrl":"https:\/\/visitemporda.com\/wp-content\/uploads\/2021\/03\/Punt-de-llibre-definitiu-_compre.jpg","datePublished":"2021-03-31T10:57:18+00:00","dateModified":"2021-05-07T19:45:56+00:00","breadcrumb":{"@id":"https:\/\/visitemporda.com\/fr\/professionals\/empreses\/projectes-de-la-destinacio\/pla-daccessibilitat-turistica-del-baix-emporda-3\/#breadcrumb"},"inLanguage":"fr-FR","potentialAction":[{"@type":"ReadAction","target":["https:\/\/visitemporda.com\/fr\/professionals\/empreses\/projectes-de-la-destinacio\/pla-daccessibilitat-turistica-del-baix-emporda-3\/"]}]},{"@type":"ImageObject","inLanguage":"fr-FR","@id":"https:\/\/visitemporda.com\/fr\/professionals\/empreses\/projectes-de-la-destinacio\/pla-daccessibilitat-turistica-del-baix-emporda-3\/#primaryimage","url":"https:\/\/visitemporda.com\/wp-content\/uploads\/2021\/03\/Punt-de-llibre-definitiu-_compre.jpg","contentUrl":"https:\/\/visitemporda.com\/wp-content\/uploads\/2021\/03\/Punt-de-llibre-definitiu-_compre.jpg","width":127,"height":430,"caption":"Punt de llibre marca de garantia productes de l'Empord\u00e0. Mida vertical. A dalt de tot logtip productes de l'empord\u00e0 i a sota imatge gamba, despr\u00e9s imatge botifarra dol\u00e7a, ceba de figueres, pomes de relleno, brunyols de l'empord\u00e0, arr\u00f2s de pals, fesol de l'ull ros, recuit.."},{"@type":"BreadcrumbList","@id":"https:\/\/visitemporda.com\/fr\/professionals\/empreses\/projectes-de-la-destinacio\/pla-daccessibilitat-turistica-del-baix-emporda-3\/#breadcrumb","itemListElement":[{"@type":"ListItem","position":1,"name":"Inici","item":"https:\/\/visitemporda.com\/fr\/"},{"@type":"ListItem","position":2,"name":"Professionnels","item":"https:\/\/visitemporda.com\/fr\/professionals\/"},{"@type":"ListItem","position":3,"name":"Entreprises touristiques","item":"https:\/\/visitemporda.com\/fr\/professionals\/empreses\/"},{"@type":"ListItem","position":4,"name":"Projet du Baix Empord\u00e0","item":"https:\/\/visitemporda.com\/fr\/professionals\/empreses\/projectes-de-la-destinacio\/"},{"@type":"ListItem","position":5,"name":"Agroalimentaire et marca de garantia Productes de l\u2019Empord\u00e0"}]},{"@type":"WebSite","@id":"https:\/\/visitemporda.com\/fr\/#website","url":"https:\/\/visitemporda.com\/fr\/","name":"Visit Empord\u00e0","description":"Site officiel du tourisme du Baix Empord\u00e0","publisher":{"@id":"https:\/\/visitemporda.com\/fr\/#organization"},"potentialAction":[{"@type":"SearchAction","target":{"@type":"EntryPoint","urlTemplate":"https:\/\/visitemporda.com\/fr\/?s={search_term_string}"},"query-input":{"@type":"PropertyValueSpecification","valueRequired":true,"valueName":"search_term_string"}}],"inLanguage":"fr-FR"},{"@type":"Organization","@id":"https:\/\/visitemporda.com\/fr\/#organization","name":"Consell Comarcal del Baix Empord\u00e0","url":"https:\/\/visitemporda.com\/fr\/","logo":{"@type":"ImageObject","inLanguage":"fr-FR","@id":"https:\/\/visitemporda.com\/fr\/#\/schema\/logo\/image\/","url":"https:\/\/visitemporda.com\/wp-content\/uploads\/2024\/11\/Logotip_CCBE.png","contentUrl":"https:\/\/visitemporda.com\/wp-content\/uploads\/2024\/11\/Logotip_CCBE.png","width":3617,"height":3617,"caption":"Consell Comarcal del Baix Empord\u00e0"},"image":{"@id":"https:\/\/visitemporda.com\/fr\/#\/schema\/logo\/image\/"},"sameAs":["https:\/\/www.facebook.com\/baixempordaturisme","https:\/\/x.com\/baixemporda_tur","https:\/\/www.instagram.com\/visitemporda"]}]}},"_links":{"self":[{"href":"https:\/\/visitemporda.com\/fr\/wp-json\/wp\/v2\/pages\/30066","targetHints":{"allow":["GET"]}}],"collection":[{"href":"https:\/\/visitemporda.com\/fr\/wp-json\/wp\/v2\/pages"}],"about":[{"href":"https:\/\/visitemporda.com\/fr\/wp-json\/wp\/v2\/types\/page"}],"author":[{"embeddable":true,"href":"https:\/\/visitemporda.com\/fr\/wp-json\/wp\/v2\/users\/2"}],"replies":[{"embeddable":true,"href":"https:\/\/visitemporda.com\/fr\/wp-json\/wp\/v2\/comments?post=30066"}],"version-history":[{"count":2,"href":"https:\/\/visitemporda.com\/fr\/wp-json\/wp\/v2\/pages\/30066\/revisions"}],"predecessor-version":[{"id":30068,"href":"https:\/\/visitemporda.com\/fr\/wp-json\/wp\/v2\/pages\/30066\/revisions\/30068"}],"up":[{"embeddable":true,"href":"https:\/\/visitemporda.com\/fr\/wp-json\/wp\/v2\/pages\/22920"}],"wp:featuredmedia":[{"embeddable":true,"href":"https:\/\/visitemporda.com\/fr\/wp-json\/wp\/v2\/media\/22659"}],"wp:attachment":[{"href":"https:\/\/visitemporda.com\/fr\/wp-json\/wp\/v2\/media?parent=30066"}],"curies":[{"name":"wp","href":"https:\/\/api.w.org\/{rel}","templated":true}]}}