

{"id":22987,"date":"2021-03-16T10:02:36","date_gmt":"2021-03-16T09:02:36","guid":{"rendered":"http:\/\/visitemporda.com\/professionals\/empreses\/projectes-de-la-destinacio\/observatori-del-turisme\/"},"modified":"2021-04-19T15:27:32","modified_gmt":"2021-04-19T13:27:32","slug":"observatori-del-turisme","status":"publish","type":"page","link":"https:\/\/visitemporda.com\/fr\/professionals\/empreses\/projectes-de-la-destinacio\/observatori-del-turisme\/","title":{"rendered":"Observatoire du tourisme du Baix Empord\u00e0"},"content":{"rendered":"<p>Depuis\u00a02016, l\u2019\u00c0rea de Turisme (Secteur du Tourisme) travaille \u00e0 la consolidation de l\u2019<strong>Observatoire du tourisme du Baix Empord\u00e0<\/strong>, un projet qui ambitionne de cr\u00e9er une connaissance du territoire et contribuer \u00e0 la cr\u00e9ation d\u2019informations li\u00e9es \u00e0 la r\u00e9alit\u00e9 \u00e9conomique et touristique du canton.<\/p>\n<p>Sachant que le tourisme repr\u00e9sente l\u2019une des activit\u00e9s \u00e9conomiques les plus importantes du canton, l\u2019objectif du projet consiste \u00e0 analyser et \u00e0 comprendre le d\u00e9veloppement du tourisme au sein du Baix Empord\u00e0. En outre, l\u2019intention est de porter ces informations \u00e0 la connaissance des professionnels du secteur ainsi qu\u2019\u00e0 tous les citoyens, avec la volont\u00e9 de contribuer \u00e0 la cr\u00e9ation de connaissances.<\/p>\n<p>Ce projet tient compte de diff\u00e9rentes perspectives d\u2019analyse qui interviennent au sein de l&rsquo;activit\u00e9 touristique, telles que l\u2019apport du tourisme \u00e0 l&rsquo;\u00e9conomie cantonale et \u00e0 la cr\u00e9ation d\u2019emplois, la connaissance du profil et de la motivation du touriste qui visite le territoire, la compr\u00e9hension du d\u00e9veloppement du territoire en termes de durabilit\u00e9 et l\u2019interpr\u00e9tation de l\u2019identit\u00e9 et de la r\u00e9putation g\u00e9n\u00e9r\u00e9es par le territoire sur le r\u00e9seau, entre autres.<\/p>\n<p>Les avantages de ce projet pour le secteur touristique sont r\u00e9sum\u00e9s ci-apr\u00e8s\u00a0:<\/p>\n<p>\u2013 L\u2019acc\u00e8s gratuit aux informations mises \u00e0 jour et contrast\u00e9es relatives \u00e0 l\u2019activit\u00e9 touristique d\u00e9velopp\u00e9e au sein du Baix Empord\u00e0, gr\u00e2ce au portail\u00a0:\u00a0<a href=\"https:\/\/observatoriemporda.com\/\"><strong>www.observatoriemporda.com<\/strong><\/a><\/p>\n<p>\u2013 La consultation et le t\u00e9l\u00e9chargement du <strong>rapport annuel<\/strong>\u00a0en vue d\u2019analyser et d\u2019interpr\u00e9ter l\u2019\u00e9volution du tourisme au sein du Baix Empord\u00e0<\/p>\n<p>\u2013 L\u2019acc\u00e8s \u00e0 l\u2019historique des donn\u00e9es pour consulter l\u2019\u00e9volution et les possibles changements de tendance relev\u00e9s dans les diff\u00e9rents indicateurs statistiques<\/p>\n<p>\u2013 La connaissance du canton en termes de durabilit\u00e9 gr\u00e2ce aux indicateurs ETIS (European Tourism Indicators System)<\/p>\n<p>\u2013 La personnalisation et adaptation des r\u00e9sultats \u00e0 la r\u00e9alit\u00e9 touristique de chaque commune<\/p>\n<p>\u2013 L\u2019implication du secteur public et priv\u00e9, en encourageant la participation et la coop\u00e9ration territoriale<\/p>\n<p>\u2013 Le transfert de donn\u00e9es et la collaboration entre les administrations<\/p>\n","protected":false},"excerpt":{"rendered":"<p>Depuis\u00a02016, l\u2019\u00c0rea de Turisme (Secteur du Tourisme) travaille \u00e0 la consolidation de l\u2019Observatoire du tourisme du Baix Empord\u00e0, un projet qui ambitionne de cr\u00e9er une connaissance du territoire et contribuer \u00e0 la cr\u00e9ation d\u2019informations li\u00e9es \u00e0 la r\u00e9alit\u00e9 \u00e9conomique et touristique du canton. Sachant que le tourisme repr\u00e9sente l\u2019une des activit\u00e9s \u00e9conomiques les plus importantes [&hellip;]<\/p>\n","protected":false},"author":2,"featured_media":22428,"parent":22920,"menu_order":0,"comment_status":"closed","ping_status":"closed","template":"page-templates\/fitxa-campanyes-gastronomiques.php","meta":{"_acf_changed":false,"footnotes":""},"class_list":["post-22987","page","type-page","status-publish","has-post-thumbnail","hentry"],"acf":[],"yoast_head":"<!-- This site is optimized with the Yoast SEO plugin v27.4 - https:\/\/yoast.com\/product\/yoast-seo-wordpress\/ -->\n<title>Observatoire du tourisme du Baix Empord\u00e0 - Visit Empord\u00e0<\/title>\n<meta name=\"robots\" content=\"index, follow, max-snippet:-1, max-image-preview:large, max-video-preview:-1\" \/>\n<link rel=\"canonical\" href=\"https:\/\/visitemporda.com\/fr\/professionals\/empreses\/projectes-de-la-destinacio\/observatori-del-turisme\/\" \/>\n<meta property=\"og:locale\" content=\"fr_FR\" \/>\n<meta property=\"og:type\" content=\"article\" \/>\n<meta property=\"og:title\" content=\"Observatoire du tourisme du Baix Empord\u00e0 - Visit Empord\u00e0\" \/>\n<meta property=\"og:description\" content=\"Depuis\u00a02016, l\u2019\u00c0rea de Turisme (Secteur du Tourisme) travaille \u00e0 la consolidation de l\u2019Observatoire du tourisme du Baix Empord\u00e0, un projet qui ambitionne de cr\u00e9er une connaissance du territoire et contribuer \u00e0 la cr\u00e9ation d\u2019informations li\u00e9es \u00e0 la r\u00e9alit\u00e9 \u00e9conomique et touristique du canton. Sachant que le tourisme repr\u00e9sente l\u2019une des activit\u00e9s \u00e9conomiques les plus importantes [&hellip;]\" \/>\n<meta property=\"og:url\" content=\"https:\/\/visitemporda.com\/fr\/professionals\/empreses\/projectes-de-la-destinacio\/observatori-del-turisme\/\" \/>\n<meta property=\"og:site_name\" content=\"Visit Empord\u00e0\" \/>\n<meta property=\"article:publisher\" content=\"https:\/\/www.facebook.com\/baixempordaturisme\" \/>\n<meta property=\"article:modified_time\" content=\"2021-04-19T13:27:32+00:00\" \/>\n<meta property=\"og:image\" content=\"https:\/\/visitemporda.com\/wp-content\/uploads\/2021\/03\/portada-observatori-fulleto.png\" \/>\n\t<meta property=\"og:image:width\" content=\"436\" \/>\n\t<meta property=\"og:image:height\" content=\"851\" \/>\n\t<meta property=\"og:image:type\" content=\"image\/png\" \/>\n<meta name=\"twitter:card\" content=\"summary_large_image\" \/>\n<meta name=\"twitter:site\" content=\"@baixemporda_tur\" \/>\n<meta name=\"twitter:label1\" content=\"Dur\u00e9e de lecture estim\u00e9e\" \/>\n\t<meta name=\"twitter:data1\" content=\"2 minutes\" \/>\n<script type=\"application\/ld+json\" class=\"yoast-schema-graph\">{\"@context\":\"https:\\\/\\\/schema.org\",\"@graph\":[{\"@type\":\"WebPage\",\"@id\":\"https:\\\/\\\/visitemporda.com\\\/fr\\\/professionals\\\/empreses\\\/projectes-de-la-destinacio\\\/observatori-del-turisme\\\/\",\"url\":\"https:\\\/\\\/visitemporda.com\\\/fr\\\/professionals\\\/empreses\\\/projectes-de-la-destinacio\\\/observatori-del-turisme\\\/\",\"name\":\"Observatoire du tourisme du Baix Empord\u00e0 - Visit Empord\u00e0\",\"isPartOf\":{\"@id\":\"https:\\\/\\\/visitemporda.com\\\/fr\\\/#website\"},\"primaryImageOfPage\":{\"@id\":\"https:\\\/\\\/visitemporda.com\\\/fr\\\/professionals\\\/empreses\\\/projectes-de-la-destinacio\\\/observatori-del-turisme\\\/#primaryimage\"},\"image\":{\"@id\":\"https:\\\/\\\/visitemporda.com\\\/fr\\\/professionals\\\/empreses\\\/projectes-de-la-destinacio\\\/observatori-del-turisme\\\/#primaryimage\"},\"thumbnailUrl\":\"https:\\\/\\\/visitemporda.com\\\/wp-content\\\/uploads\\\/2021\\\/03\\\/portada-observatori-fulleto.png\",\"datePublished\":\"2021-03-16T09:02:36+00:00\",\"dateModified\":\"2021-04-19T13:27:32+00:00\",\"breadcrumb\":{\"@id\":\"https:\\\/\\\/visitemporda.com\\\/fr\\\/professionals\\\/empreses\\\/projectes-de-la-destinacio\\\/observatori-del-turisme\\\/#breadcrumb\"},\"inLanguage\":\"fr-FR\",\"potentialAction\":[{\"@type\":\"ReadAction\",\"target\":[\"https:\\\/\\\/visitemporda.com\\\/fr\\\/professionals\\\/empreses\\\/projectes-de-la-destinacio\\\/observatori-del-turisme\\\/\"]}]},{\"@type\":\"ImageObject\",\"inLanguage\":\"fr-FR\",\"@id\":\"https:\\\/\\\/visitemporda.com\\\/fr\\\/professionals\\\/empreses\\\/projectes-de-la-destinacio\\\/observatori-del-turisme\\\/#primaryimage\",\"url\":\"https:\\\/\\\/visitemporda.com\\\/wp-content\\\/uploads\\\/2021\\\/03\\\/portada-observatori-fulleto.png\",\"contentUrl\":\"https:\\\/\\\/visitemporda.com\\\/wp-content\\\/uploads\\\/2021\\\/03\\\/portada-observatori-fulleto.png\",\"width\":436,\"height\":851,\"caption\":\"portada del fullet\u00f3 del projecte Observatori del Turisme. Es una portada rectangular amb una platja de gons i amb el logotip del projecte i dues icones de color blau: una pantalla amb una lupa i un gr\u00e0fic de barres.\"},{\"@type\":\"BreadcrumbList\",\"@id\":\"https:\\\/\\\/visitemporda.com\\\/fr\\\/professionals\\\/empreses\\\/projectes-de-la-destinacio\\\/observatori-del-turisme\\\/#breadcrumb\",\"itemListElement\":[{\"@type\":\"ListItem\",\"position\":1,\"name\":\"Inici\",\"item\":\"https:\\\/\\\/visitemporda.com\\\/fr\\\/\"},{\"@type\":\"ListItem\",\"position\":2,\"name\":\"Professionnels\",\"item\":\"https:\\\/\\\/visitemporda.com\\\/fr\\\/professionals\\\/\"},{\"@type\":\"ListItem\",\"position\":3,\"name\":\"Entreprises touristiques\",\"item\":\"https:\\\/\\\/visitemporda.com\\\/fr\\\/professionals\\\/empreses\\\/\"},{\"@type\":\"ListItem\",\"position\":4,\"name\":\"Projet du Baix Empord\u00e0\",\"item\":\"https:\\\/\\\/visitemporda.com\\\/fr\\\/professionals\\\/empreses\\\/projectes-de-la-destinacio\\\/\"},{\"@type\":\"ListItem\",\"position\":5,\"name\":\"Observatoire du tourisme du Baix Empord\u00e0\"}]},{\"@type\":\"WebSite\",\"@id\":\"https:\\\/\\\/visitemporda.com\\\/fr\\\/#website\",\"url\":\"https:\\\/\\\/visitemporda.com\\\/fr\\\/\",\"name\":\"Visit Empord\u00e0\",\"description\":\"Site officiel du tourisme du Baix Empord\u00e0\",\"publisher\":{\"@id\":\"https:\\\/\\\/visitemporda.com\\\/fr\\\/#organization\"},\"potentialAction\":[{\"@type\":\"SearchAction\",\"target\":{\"@type\":\"EntryPoint\",\"urlTemplate\":\"https:\\\/\\\/visitemporda.com\\\/fr\\\/?s={search_term_string}\"},\"query-input\":{\"@type\":\"PropertyValueSpecification\",\"valueRequired\":true,\"valueName\":\"search_term_string\"}}],\"inLanguage\":\"fr-FR\"},{\"@type\":\"Organization\",\"@id\":\"https:\\\/\\\/visitemporda.com\\\/fr\\\/#organization\",\"name\":\"Consell Comarcal del Baix Empord\u00e0\",\"url\":\"https:\\\/\\\/visitemporda.com\\\/fr\\\/\",\"logo\":{\"@type\":\"ImageObject\",\"inLanguage\":\"fr-FR\",\"@id\":\"https:\\\/\\\/visitemporda.com\\\/fr\\\/#\\\/schema\\\/logo\\\/image\\\/\",\"url\":\"https:\\\/\\\/visitemporda.com\\\/wp-content\\\/uploads\\\/2024\\\/11\\\/Logotip_CCBE.png\",\"contentUrl\":\"https:\\\/\\\/visitemporda.com\\\/wp-content\\\/uploads\\\/2024\\\/11\\\/Logotip_CCBE.png\",\"width\":3617,\"height\":3617,\"caption\":\"Consell Comarcal del Baix Empord\u00e0\"},\"image\":{\"@id\":\"https:\\\/\\\/visitemporda.com\\\/fr\\\/#\\\/schema\\\/logo\\\/image\\\/\"},\"sameAs\":[\"https:\\\/\\\/www.facebook.com\\\/baixempordaturisme\",\"https:\\\/\\\/x.com\\\/baixemporda_tur\",\"https:\\\/\\\/www.instagram.com\\\/visitemporda\"]}]}<\/script>\n<!-- \/ Yoast SEO plugin. -->","yoast_head_json":{"title":"Observatoire du tourisme du Baix Empord\u00e0 - Visit Empord\u00e0","robots":{"index":"index","follow":"follow","max-snippet":"max-snippet:-1","max-image-preview":"max-image-preview:large","max-video-preview":"max-video-preview:-1"},"canonical":"https:\/\/visitemporda.com\/fr\/professionals\/empreses\/projectes-de-la-destinacio\/observatori-del-turisme\/","og_locale":"fr_FR","og_type":"article","og_title":"Observatoire du tourisme du Baix Empord\u00e0 - Visit Empord\u00e0","og_description":"Depuis\u00a02016, l\u2019\u00c0rea de Turisme (Secteur du Tourisme) travaille \u00e0 la consolidation de l\u2019Observatoire du tourisme du Baix Empord\u00e0, un projet qui ambitionne de cr\u00e9er une connaissance du territoire et contribuer \u00e0 la cr\u00e9ation d\u2019informations li\u00e9es \u00e0 la r\u00e9alit\u00e9 \u00e9conomique et touristique du canton. Sachant que le tourisme repr\u00e9sente l\u2019une des activit\u00e9s \u00e9conomiques les plus importantes [&hellip;]","og_url":"https:\/\/visitemporda.com\/fr\/professionals\/empreses\/projectes-de-la-destinacio\/observatori-del-turisme\/","og_site_name":"Visit Empord\u00e0","article_publisher":"https:\/\/www.facebook.com\/baixempordaturisme","article_modified_time":"2021-04-19T13:27:32+00:00","og_image":[{"width":436,"height":851,"url":"https:\/\/visitemporda.com\/wp-content\/uploads\/2021\/03\/portada-observatori-fulleto.png","type":"image\/png"}],"twitter_card":"summary_large_image","twitter_site":"@baixemporda_tur","twitter_misc":{"Dur\u00e9e de lecture estim\u00e9e":"2 minutes"},"schema":{"@context":"https:\/\/schema.org","@graph":[{"@type":"WebPage","@id":"https:\/\/visitemporda.com\/fr\/professionals\/empreses\/projectes-de-la-destinacio\/observatori-del-turisme\/","url":"https:\/\/visitemporda.com\/fr\/professionals\/empreses\/projectes-de-la-destinacio\/observatori-del-turisme\/","name":"Observatoire du tourisme du Baix Empord\u00e0 - Visit Empord\u00e0","isPartOf":{"@id":"https:\/\/visitemporda.com\/fr\/#website"},"primaryImageOfPage":{"@id":"https:\/\/visitemporda.com\/fr\/professionals\/empreses\/projectes-de-la-destinacio\/observatori-del-turisme\/#primaryimage"},"image":{"@id":"https:\/\/visitemporda.com\/fr\/professionals\/empreses\/projectes-de-la-destinacio\/observatori-del-turisme\/#primaryimage"},"thumbnailUrl":"https:\/\/visitemporda.com\/wp-content\/uploads\/2021\/03\/portada-observatori-fulleto.png","datePublished":"2021-03-16T09:02:36+00:00","dateModified":"2021-04-19T13:27:32+00:00","breadcrumb":{"@id":"https:\/\/visitemporda.com\/fr\/professionals\/empreses\/projectes-de-la-destinacio\/observatori-del-turisme\/#breadcrumb"},"inLanguage":"fr-FR","potentialAction":[{"@type":"ReadAction","target":["https:\/\/visitemporda.com\/fr\/professionals\/empreses\/projectes-de-la-destinacio\/observatori-del-turisme\/"]}]},{"@type":"ImageObject","inLanguage":"fr-FR","@id":"https:\/\/visitemporda.com\/fr\/professionals\/empreses\/projectes-de-la-destinacio\/observatori-del-turisme\/#primaryimage","url":"https:\/\/visitemporda.com\/wp-content\/uploads\/2021\/03\/portada-observatori-fulleto.png","contentUrl":"https:\/\/visitemporda.com\/wp-content\/uploads\/2021\/03\/portada-observatori-fulleto.png","width":436,"height":851,"caption":"portada del fullet\u00f3 del projecte Observatori del Turisme. Es una portada rectangular amb una platja de gons i amb el logotip del projecte i dues icones de color blau: una pantalla amb una lupa i un gr\u00e0fic de barres."},{"@type":"BreadcrumbList","@id":"https:\/\/visitemporda.com\/fr\/professionals\/empreses\/projectes-de-la-destinacio\/observatori-del-turisme\/#breadcrumb","itemListElement":[{"@type":"ListItem","position":1,"name":"Inici","item":"https:\/\/visitemporda.com\/fr\/"},{"@type":"ListItem","position":2,"name":"Professionnels","item":"https:\/\/visitemporda.com\/fr\/professionals\/"},{"@type":"ListItem","position":3,"name":"Entreprises touristiques","item":"https:\/\/visitemporda.com\/fr\/professionals\/empreses\/"},{"@type":"ListItem","position":4,"name":"Projet du Baix Empord\u00e0","item":"https:\/\/visitemporda.com\/fr\/professionals\/empreses\/projectes-de-la-destinacio\/"},{"@type":"ListItem","position":5,"name":"Observatoire du tourisme du Baix Empord\u00e0"}]},{"@type":"WebSite","@id":"https:\/\/visitemporda.com\/fr\/#website","url":"https:\/\/visitemporda.com\/fr\/","name":"Visit Empord\u00e0","description":"Site officiel du tourisme du Baix Empord\u00e0","publisher":{"@id":"https:\/\/visitemporda.com\/fr\/#organization"},"potentialAction":[{"@type":"SearchAction","target":{"@type":"EntryPoint","urlTemplate":"https:\/\/visitemporda.com\/fr\/?s={search_term_string}"},"query-input":{"@type":"PropertyValueSpecification","valueRequired":true,"valueName":"search_term_string"}}],"inLanguage":"fr-FR"},{"@type":"Organization","@id":"https:\/\/visitemporda.com\/fr\/#organization","name":"Consell Comarcal del Baix Empord\u00e0","url":"https:\/\/visitemporda.com\/fr\/","logo":{"@type":"ImageObject","inLanguage":"fr-FR","@id":"https:\/\/visitemporda.com\/fr\/#\/schema\/logo\/image\/","url":"https:\/\/visitemporda.com\/wp-content\/uploads\/2024\/11\/Logotip_CCBE.png","contentUrl":"https:\/\/visitemporda.com\/wp-content\/uploads\/2024\/11\/Logotip_CCBE.png","width":3617,"height":3617,"caption":"Consell Comarcal del Baix Empord\u00e0"},"image":{"@id":"https:\/\/visitemporda.com\/fr\/#\/schema\/logo\/image\/"},"sameAs":["https:\/\/www.facebook.com\/baixempordaturisme","https:\/\/x.com\/baixemporda_tur","https:\/\/www.instagram.com\/visitemporda"]}]}},"_links":{"self":[{"href":"https:\/\/visitemporda.com\/fr\/wp-json\/wp\/v2\/pages\/22987","targetHints":{"allow":["GET"]}}],"collection":[{"href":"https:\/\/visitemporda.com\/fr\/wp-json\/wp\/v2\/pages"}],"about":[{"href":"https:\/\/visitemporda.com\/fr\/wp-json\/wp\/v2\/types\/page"}],"author":[{"embeddable":true,"href":"https:\/\/visitemporda.com\/fr\/wp-json\/wp\/v2\/users\/2"}],"replies":[{"embeddable":true,"href":"https:\/\/visitemporda.com\/fr\/wp-json\/wp\/v2\/comments?post=22987"}],"version-history":[{"count":1,"href":"https:\/\/visitemporda.com\/fr\/wp-json\/wp\/v2\/pages\/22987\/revisions"}],"predecessor-version":[{"id":22989,"href":"https:\/\/visitemporda.com\/fr\/wp-json\/wp\/v2\/pages\/22987\/revisions\/22989"}],"up":[{"embeddable":true,"href":"https:\/\/visitemporda.com\/fr\/wp-json\/wp\/v2\/pages\/22920"}],"wp:featuredmedia":[{"embeddable":true,"href":"https:\/\/visitemporda.com\/fr\/wp-json\/wp\/v2\/media\/22428"}],"wp:attachment":[{"href":"https:\/\/visitemporda.com\/fr\/wp-json\/wp\/v2\/media?parent=22987"}],"curies":[{"name":"wp","href":"https:\/\/api.w.org\/{rel}","templated":true}]}}