

{"id":22983,"date":"2020-12-03T10:55:54","date_gmt":"2020-12-03T09:55:54","guid":{"rendered":"http:\/\/visitemporda.com\/professionals\/empreses\/projectes-de-la-destinacio\/pla-daccessibilitat-turistica-del-baix-emporda\/"},"modified":"2024-08-02T10:04:51","modified_gmt":"2024-08-02T08:04:51","slug":"pla-daccessibilitat-turistica-del-baix-emporda","status":"publish","type":"page","link":"https:\/\/visitemporda.com\/fr\/professionals\/empreses\/projectes-de-la-destinacio\/pla-daccessibilitat-turistica-del-baix-emporda\/","title":{"rendered":"Plan d\u2019accessibilit\u00e9 touristique du Baix Empord\u00e0"},"content":{"rendered":"<p>Le Plan d\u2019accessibilit\u00e9 touristique du Baix Empord\u00e0 est un projet \u00e0 l\u2019initiative de l\u2019\u00c0rea de Turisme del Consell Comarcal del Baix Empord\u00e0 (Secteur du Tourisme du Conseil Cantonal du Baix Empord\u00e0) dont l\u2019objectif consiste \u00e0 mettre en valeur le canton en tant que <strong>destination touristique accessible<\/strong>\u00a0et \u00e0 g\u00e9n\u00e9rer une nouvelle\u00a0<strong>valeur diff\u00e9rentielle<\/strong>\u00a0et\u00a0<strong>qualitative<\/strong>\u00a0dans la competitivit\u00e9 touristique propos\u00e9e par le Baix Empord\u00e0.<\/p>\n<p>Les\u00a0<strong>destinataires<\/strong>\u00a0de ce projet sont, en premier lieu, tous les espaces publics et priv\u00e9s qui font partie de l\u2019offre touristique du Baix Empord\u00e0 et qui veulent\u00a0<strong>am\u00e9liorer<\/strong>\u00a0leur\u00a0<strong>accessibilit\u00e9 touristique<\/strong>, tels que\u00a0: les offices de tourisme, les espaces naturels, les ressources culturelles, les soci\u00e9t\u00e9s de logement, les restaurants, les entreprises de tourisme actif, etc. Les\u00a0<strong>destinataires finaux<\/strong>\u00a0sont les touristes, les visiteurs et toutes les personnes qui pr\u00e9sentent un type de handicap (physique ou moteur, sensoriel ou intellectuel), de mobilit\u00e9 r\u00e9duite ou ayant des besoins sp\u00e9cifiques.<\/p>\n<p>Toute entreprise ou entit\u00e9 du Baix Empord\u00e0 qui propose un service touristique peut se connecter sur la plateforme\u00a0<a href=\"https:\/\/accessibilitat.baixemporda.cat\/\">https:\/\/accessibilitat.baixemporda.cat\/<\/a>, s\u2019enregistrer et conna\u00eetre son niveau d\u2019accessibilit\u00e9 touristique.\u00a0Qu&rsquo;attendez-vous pour participer et faire du Baix Empord\u00e0\u00a0<strong>une destination touristique inclusive<\/strong>\u00a0?<\/p>\n<p><a href=\"https:\/\/visitemporda.com\/wp-content\/uploads\/2024\/08\/QR_LF.pdf\" target=\"_blank\" rel=\"noopener\">Projet des pictogrammes<\/a><\/p>\n","protected":false},"excerpt":{"rendered":"<p>Le Plan d\u2019accessibilit\u00e9 touristique du Baix Empord\u00e0 est un projet \u00e0 l\u2019initiative de l\u2019\u00c0rea de Turisme del Consell Comarcal del Baix Empord\u00e0 (Secteur du Tourisme du Conseil Cantonal du Baix Empord\u00e0) dont l\u2019objectif consiste \u00e0 mettre en valeur le canton en tant que destination touristique accessible\u00a0et \u00e0 g\u00e9n\u00e9rer une nouvelle\u00a0valeur diff\u00e9rentielle\u00a0et\u00a0qualitative\u00a0dans la competitivit\u00e9 touristique propos\u00e9e [&hellip;]<\/p>\n","protected":false},"author":5,"featured_media":22487,"parent":22920,"menu_order":0,"comment_status":"closed","ping_status":"closed","template":"page-templates\/fitxa-campanyes-gastronomiques.php","meta":{"_acf_changed":false,"footnotes":""},"class_list":["post-22983","page","type-page","status-publish","has-post-thumbnail","hentry"],"acf":[],"yoast_head":"<!-- This site is optimized with the Yoast SEO plugin v27.4 - https:\/\/yoast.com\/product\/yoast-seo-wordpress\/ -->\n<title>Plan d\u2019accessibilit\u00e9 touristique du Baix Empord\u00e0 - Visit Empord\u00e0<\/title>\n<meta name=\"robots\" content=\"index, follow, max-snippet:-1, max-image-preview:large, max-video-preview:-1\" \/>\n<link rel=\"canonical\" href=\"https:\/\/visitemporda.com\/fr\/professionals\/empreses\/projectes-de-la-destinacio\/pla-daccessibilitat-turistica-del-baix-emporda\/\" \/>\n<meta property=\"og:locale\" content=\"fr_FR\" \/>\n<meta property=\"og:type\" content=\"article\" \/>\n<meta property=\"og:title\" content=\"Plan d\u2019accessibilit\u00e9 touristique du Baix Empord\u00e0 - Visit Empord\u00e0\" \/>\n<meta property=\"og:description\" content=\"Le Plan d\u2019accessibilit\u00e9 touristique du Baix Empord\u00e0 est un projet \u00e0 l\u2019initiative de l\u2019\u00c0rea de Turisme del Consell Comarcal del Baix Empord\u00e0 (Secteur du Tourisme du Conseil Cantonal du Baix Empord\u00e0) dont l\u2019objectif consiste \u00e0 mettre en valeur le canton en tant que destination touristique accessible\u00a0et \u00e0 g\u00e9n\u00e9rer une nouvelle\u00a0valeur diff\u00e9rentielle\u00a0et\u00a0qualitative\u00a0dans la competitivit\u00e9 touristique propos\u00e9e [&hellip;]\" \/>\n<meta property=\"og:url\" content=\"https:\/\/visitemporda.com\/fr\/professionals\/empreses\/projectes-de-la-destinacio\/pla-daccessibilitat-turistica-del-baix-emporda\/\" \/>\n<meta property=\"og:site_name\" content=\"Visit Empord\u00e0\" \/>\n<meta property=\"article:publisher\" content=\"https:\/\/www.facebook.com\/baixempordaturisme\" \/>\n<meta property=\"article:modified_time\" content=\"2024-08-02T08:04:51+00:00\" \/>\n<meta property=\"og:image\" content=\"https:\/\/visitemporda.com\/wp-content\/uploads\/2021\/03\/pla-accessibilitat-1.jpg\" \/>\n\t<meta property=\"og:image:width\" content=\"488\" \/>\n\t<meta property=\"og:image:height\" content=\"508\" \/>\n\t<meta property=\"og:image:type\" content=\"image\/jpeg\" \/>\n<meta name=\"twitter:card\" content=\"summary_large_image\" \/>\n<meta name=\"twitter:site\" content=\"@baixemporda_tur\" \/>\n<meta name=\"twitter:label1\" content=\"Dur\u00e9e de lecture estim\u00e9e\" \/>\n\t<meta name=\"twitter:data1\" content=\"1 minute\" \/>\n<script type=\"application\/ld+json\" class=\"yoast-schema-graph\">{\"@context\":\"https:\\\/\\\/schema.org\",\"@graph\":[{\"@type\":\"WebPage\",\"@id\":\"https:\\\/\\\/visitemporda.com\\\/fr\\\/professionals\\\/empreses\\\/projectes-de-la-destinacio\\\/pla-daccessibilitat-turistica-del-baix-emporda\\\/\",\"url\":\"https:\\\/\\\/visitemporda.com\\\/fr\\\/professionals\\\/empreses\\\/projectes-de-la-destinacio\\\/pla-daccessibilitat-turistica-del-baix-emporda\\\/\",\"name\":\"Plan d\u2019accessibilit\u00e9 touristique du Baix Empord\u00e0 - Visit Empord\u00e0\",\"isPartOf\":{\"@id\":\"https:\\\/\\\/visitemporda.com\\\/fr\\\/#website\"},\"primaryImageOfPage\":{\"@id\":\"https:\\\/\\\/visitemporda.com\\\/fr\\\/professionals\\\/empreses\\\/projectes-de-la-destinacio\\\/pla-daccessibilitat-turistica-del-baix-emporda\\\/#primaryimage\"},\"image\":{\"@id\":\"https:\\\/\\\/visitemporda.com\\\/fr\\\/professionals\\\/empreses\\\/projectes-de-la-destinacio\\\/pla-daccessibilitat-turistica-del-baix-emporda\\\/#primaryimage\"},\"thumbnailUrl\":\"https:\\\/\\\/visitemporda.com\\\/wp-content\\\/uploads\\\/2021\\\/03\\\/pla-accessibilitat-1.jpg\",\"datePublished\":\"2020-12-03T09:55:54+00:00\",\"dateModified\":\"2024-08-02T08:04:51+00:00\",\"breadcrumb\":{\"@id\":\"https:\\\/\\\/visitemporda.com\\\/fr\\\/professionals\\\/empreses\\\/projectes-de-la-destinacio\\\/pla-daccessibilitat-turistica-del-baix-emporda\\\/#breadcrumb\"},\"inLanguage\":\"fr-FR\",\"potentialAction\":[{\"@type\":\"ReadAction\",\"target\":[\"https:\\\/\\\/visitemporda.com\\\/fr\\\/professionals\\\/empreses\\\/projectes-de-la-destinacio\\\/pla-daccessibilitat-turistica-del-baix-emporda\\\/\"]}]},{\"@type\":\"ImageObject\",\"inLanguage\":\"fr-FR\",\"@id\":\"https:\\\/\\\/visitemporda.com\\\/fr\\\/professionals\\\/empreses\\\/projectes-de-la-destinacio\\\/pla-daccessibilitat-turistica-del-baix-emporda\\\/#primaryimage\",\"url\":\"https:\\\/\\\/visitemporda.com\\\/wp-content\\\/uploads\\\/2021\\\/03\\\/pla-accessibilitat-1.jpg\",\"contentUrl\":\"https:\\\/\\\/visitemporda.com\\\/wp-content\\\/uploads\\\/2021\\\/03\\\/pla-accessibilitat-1.jpg\",\"width\":488,\"height\":508,\"caption\":\"Portada del fullet\u00f3 del projecte: pla d'accessibilitat tur\u00edstica del Baix Empord\u00e0. Hi ha una passarela de fusta amb vorades laterals que et porta a la platja i tamb\u00e9 el logotip d'accessibilitat universal, logotip de la marca Empord\u00e0.\"},{\"@type\":\"BreadcrumbList\",\"@id\":\"https:\\\/\\\/visitemporda.com\\\/fr\\\/professionals\\\/empreses\\\/projectes-de-la-destinacio\\\/pla-daccessibilitat-turistica-del-baix-emporda\\\/#breadcrumb\",\"itemListElement\":[{\"@type\":\"ListItem\",\"position\":1,\"name\":\"Inici\",\"item\":\"https:\\\/\\\/visitemporda.com\\\/fr\\\/\"},{\"@type\":\"ListItem\",\"position\":2,\"name\":\"Professionnels\",\"item\":\"https:\\\/\\\/visitemporda.com\\\/fr\\\/professionals\\\/\"},{\"@type\":\"ListItem\",\"position\":3,\"name\":\"Entreprises touristiques\",\"item\":\"https:\\\/\\\/visitemporda.com\\\/fr\\\/professionals\\\/empreses\\\/\"},{\"@type\":\"ListItem\",\"position\":4,\"name\":\"Projet du Baix Empord\u00e0\",\"item\":\"https:\\\/\\\/visitemporda.com\\\/fr\\\/professionals\\\/empreses\\\/projectes-de-la-destinacio\\\/\"},{\"@type\":\"ListItem\",\"position\":5,\"name\":\"Plan d\u2019accessibilit\u00e9 touristique du Baix Empord\u00e0\"}]},{\"@type\":\"WebSite\",\"@id\":\"https:\\\/\\\/visitemporda.com\\\/fr\\\/#website\",\"url\":\"https:\\\/\\\/visitemporda.com\\\/fr\\\/\",\"name\":\"Visit Empord\u00e0\",\"description\":\"Site officiel du tourisme du Baix Empord\u00e0\",\"publisher\":{\"@id\":\"https:\\\/\\\/visitemporda.com\\\/fr\\\/#organization\"},\"potentialAction\":[{\"@type\":\"SearchAction\",\"target\":{\"@type\":\"EntryPoint\",\"urlTemplate\":\"https:\\\/\\\/visitemporda.com\\\/fr\\\/?s={search_term_string}\"},\"query-input\":{\"@type\":\"PropertyValueSpecification\",\"valueRequired\":true,\"valueName\":\"search_term_string\"}}],\"inLanguage\":\"fr-FR\"},{\"@type\":\"Organization\",\"@id\":\"https:\\\/\\\/visitemporda.com\\\/fr\\\/#organization\",\"name\":\"Consell Comarcal del Baix Empord\u00e0\",\"url\":\"https:\\\/\\\/visitemporda.com\\\/fr\\\/\",\"logo\":{\"@type\":\"ImageObject\",\"inLanguage\":\"fr-FR\",\"@id\":\"https:\\\/\\\/visitemporda.com\\\/fr\\\/#\\\/schema\\\/logo\\\/image\\\/\",\"url\":\"https:\\\/\\\/visitemporda.com\\\/wp-content\\\/uploads\\\/2024\\\/11\\\/Logotip_CCBE.png\",\"contentUrl\":\"https:\\\/\\\/visitemporda.com\\\/wp-content\\\/uploads\\\/2024\\\/11\\\/Logotip_CCBE.png\",\"width\":3617,\"height\":3617,\"caption\":\"Consell Comarcal del Baix Empord\u00e0\"},\"image\":{\"@id\":\"https:\\\/\\\/visitemporda.com\\\/fr\\\/#\\\/schema\\\/logo\\\/image\\\/\"},\"sameAs\":[\"https:\\\/\\\/www.facebook.com\\\/baixempordaturisme\",\"https:\\\/\\\/x.com\\\/baixemporda_tur\",\"https:\\\/\\\/www.instagram.com\\\/visitemporda\"]}]}<\/script>\n<!-- \/ Yoast SEO plugin. -->","yoast_head_json":{"title":"Plan d\u2019accessibilit\u00e9 touristique du Baix Empord\u00e0 - Visit Empord\u00e0","robots":{"index":"index","follow":"follow","max-snippet":"max-snippet:-1","max-image-preview":"max-image-preview:large","max-video-preview":"max-video-preview:-1"},"canonical":"https:\/\/visitemporda.com\/fr\/professionals\/empreses\/projectes-de-la-destinacio\/pla-daccessibilitat-turistica-del-baix-emporda\/","og_locale":"fr_FR","og_type":"article","og_title":"Plan d\u2019accessibilit\u00e9 touristique du Baix Empord\u00e0 - Visit Empord\u00e0","og_description":"Le Plan d\u2019accessibilit\u00e9 touristique du Baix Empord\u00e0 est un projet \u00e0 l\u2019initiative de l\u2019\u00c0rea de Turisme del Consell Comarcal del Baix Empord\u00e0 (Secteur du Tourisme du Conseil Cantonal du Baix Empord\u00e0) dont l\u2019objectif consiste \u00e0 mettre en valeur le canton en tant que destination touristique accessible\u00a0et \u00e0 g\u00e9n\u00e9rer une nouvelle\u00a0valeur diff\u00e9rentielle\u00a0et\u00a0qualitative\u00a0dans la competitivit\u00e9 touristique propos\u00e9e [&hellip;]","og_url":"https:\/\/visitemporda.com\/fr\/professionals\/empreses\/projectes-de-la-destinacio\/pla-daccessibilitat-turistica-del-baix-emporda\/","og_site_name":"Visit Empord\u00e0","article_publisher":"https:\/\/www.facebook.com\/baixempordaturisme","article_modified_time":"2024-08-02T08:04:51+00:00","og_image":[{"width":488,"height":508,"url":"https:\/\/visitemporda.com\/wp-content\/uploads\/2021\/03\/pla-accessibilitat-1.jpg","type":"image\/jpeg"}],"twitter_card":"summary_large_image","twitter_site":"@baixemporda_tur","twitter_misc":{"Dur\u00e9e de lecture estim\u00e9e":"1 minute"},"schema":{"@context":"https:\/\/schema.org","@graph":[{"@type":"WebPage","@id":"https:\/\/visitemporda.com\/fr\/professionals\/empreses\/projectes-de-la-destinacio\/pla-daccessibilitat-turistica-del-baix-emporda\/","url":"https:\/\/visitemporda.com\/fr\/professionals\/empreses\/projectes-de-la-destinacio\/pla-daccessibilitat-turistica-del-baix-emporda\/","name":"Plan d\u2019accessibilit\u00e9 touristique du Baix Empord\u00e0 - Visit Empord\u00e0","isPartOf":{"@id":"https:\/\/visitemporda.com\/fr\/#website"},"primaryImageOfPage":{"@id":"https:\/\/visitemporda.com\/fr\/professionals\/empreses\/projectes-de-la-destinacio\/pla-daccessibilitat-turistica-del-baix-emporda\/#primaryimage"},"image":{"@id":"https:\/\/visitemporda.com\/fr\/professionals\/empreses\/projectes-de-la-destinacio\/pla-daccessibilitat-turistica-del-baix-emporda\/#primaryimage"},"thumbnailUrl":"https:\/\/visitemporda.com\/wp-content\/uploads\/2021\/03\/pla-accessibilitat-1.jpg","datePublished":"2020-12-03T09:55:54+00:00","dateModified":"2024-08-02T08:04:51+00:00","breadcrumb":{"@id":"https:\/\/visitemporda.com\/fr\/professionals\/empreses\/projectes-de-la-destinacio\/pla-daccessibilitat-turistica-del-baix-emporda\/#breadcrumb"},"inLanguage":"fr-FR","potentialAction":[{"@type":"ReadAction","target":["https:\/\/visitemporda.com\/fr\/professionals\/empreses\/projectes-de-la-destinacio\/pla-daccessibilitat-turistica-del-baix-emporda\/"]}]},{"@type":"ImageObject","inLanguage":"fr-FR","@id":"https:\/\/visitemporda.com\/fr\/professionals\/empreses\/projectes-de-la-destinacio\/pla-daccessibilitat-turistica-del-baix-emporda\/#primaryimage","url":"https:\/\/visitemporda.com\/wp-content\/uploads\/2021\/03\/pla-accessibilitat-1.jpg","contentUrl":"https:\/\/visitemporda.com\/wp-content\/uploads\/2021\/03\/pla-accessibilitat-1.jpg","width":488,"height":508,"caption":"Portada del fullet\u00f3 del projecte: pla d'accessibilitat tur\u00edstica del Baix Empord\u00e0. Hi ha una passarela de fusta amb vorades laterals que et porta a la platja i tamb\u00e9 el logotip d'accessibilitat universal, logotip de la marca Empord\u00e0."},{"@type":"BreadcrumbList","@id":"https:\/\/visitemporda.com\/fr\/professionals\/empreses\/projectes-de-la-destinacio\/pla-daccessibilitat-turistica-del-baix-emporda\/#breadcrumb","itemListElement":[{"@type":"ListItem","position":1,"name":"Inici","item":"https:\/\/visitemporda.com\/fr\/"},{"@type":"ListItem","position":2,"name":"Professionnels","item":"https:\/\/visitemporda.com\/fr\/professionals\/"},{"@type":"ListItem","position":3,"name":"Entreprises touristiques","item":"https:\/\/visitemporda.com\/fr\/professionals\/empreses\/"},{"@type":"ListItem","position":4,"name":"Projet du Baix Empord\u00e0","item":"https:\/\/visitemporda.com\/fr\/professionals\/empreses\/projectes-de-la-destinacio\/"},{"@type":"ListItem","position":5,"name":"Plan d\u2019accessibilit\u00e9 touristique du Baix Empord\u00e0"}]},{"@type":"WebSite","@id":"https:\/\/visitemporda.com\/fr\/#website","url":"https:\/\/visitemporda.com\/fr\/","name":"Visit Empord\u00e0","description":"Site officiel du tourisme du Baix Empord\u00e0","publisher":{"@id":"https:\/\/visitemporda.com\/fr\/#organization"},"potentialAction":[{"@type":"SearchAction","target":{"@type":"EntryPoint","urlTemplate":"https:\/\/visitemporda.com\/fr\/?s={search_term_string}"},"query-input":{"@type":"PropertyValueSpecification","valueRequired":true,"valueName":"search_term_string"}}],"inLanguage":"fr-FR"},{"@type":"Organization","@id":"https:\/\/visitemporda.com\/fr\/#organization","name":"Consell Comarcal del Baix Empord\u00e0","url":"https:\/\/visitemporda.com\/fr\/","logo":{"@type":"ImageObject","inLanguage":"fr-FR","@id":"https:\/\/visitemporda.com\/fr\/#\/schema\/logo\/image\/","url":"https:\/\/visitemporda.com\/wp-content\/uploads\/2024\/11\/Logotip_CCBE.png","contentUrl":"https:\/\/visitemporda.com\/wp-content\/uploads\/2024\/11\/Logotip_CCBE.png","width":3617,"height":3617,"caption":"Consell Comarcal del Baix Empord\u00e0"},"image":{"@id":"https:\/\/visitemporda.com\/fr\/#\/schema\/logo\/image\/"},"sameAs":["https:\/\/www.facebook.com\/baixempordaturisme","https:\/\/x.com\/baixemporda_tur","https:\/\/www.instagram.com\/visitemporda"]}]}},"_links":{"self":[{"href":"https:\/\/visitemporda.com\/fr\/wp-json\/wp\/v2\/pages\/22983","targetHints":{"allow":["GET"]}}],"collection":[{"href":"https:\/\/visitemporda.com\/fr\/wp-json\/wp\/v2\/pages"}],"about":[{"href":"https:\/\/visitemporda.com\/fr\/wp-json\/wp\/v2\/types\/page"}],"author":[{"embeddable":true,"href":"https:\/\/visitemporda.com\/fr\/wp-json\/wp\/v2\/users\/5"}],"replies":[{"embeddable":true,"href":"https:\/\/visitemporda.com\/fr\/wp-json\/wp\/v2\/comments?post=22983"}],"version-history":[{"count":4,"href":"https:\/\/visitemporda.com\/fr\/wp-json\/wp\/v2\/pages\/22983\/revisions"}],"predecessor-version":[{"id":48547,"href":"https:\/\/visitemporda.com\/fr\/wp-json\/wp\/v2\/pages\/22983\/revisions\/48547"}],"up":[{"embeddable":true,"href":"https:\/\/visitemporda.com\/fr\/wp-json\/wp\/v2\/pages\/22920"}],"wp:featuredmedia":[{"embeddable":true,"href":"https:\/\/visitemporda.com\/fr\/wp-json\/wp\/v2\/media\/22487"}],"wp:attachment":[{"href":"https:\/\/visitemporda.com\/fr\/wp-json\/wp\/v2\/media?parent=22983"}],"curies":[{"name":"wp","href":"https:\/\/api.w.org\/{rel}","templated":true}]}}