

{"id":22940,"date":"2021-03-26T18:50:07","date_gmt":"2021-03-26T17:50:07","guid":{"rendered":"http:\/\/visitemporda.com\/professionals\/mitjans-i-operadors-turistics\/dossiers-2\/"},"modified":"2021-05-07T22:19:18","modified_gmt":"2021-05-07T20:19:18","slug":"dossiers-2","status":"publish","type":"page","link":"https:\/\/visitemporda.com\/fr\/professionals\/mitjans-i-operadors-turistics\/dossiers-2\/","title":{"rendered":"Media et Communiqu\u00e9 de presse"},"content":{"rendered":"<p>L\u2019\u00c0rea de Turisme del Consell Comarcal del Baix Empord\u00e0 (Secteur du Tourisme du Conseil Cantonal du Baix Empord\u00e0) met \u00e0 disposition d\u2019entreprises des agences de voyage et des moyens de communication, une banque d\u2019images et de vid\u00e9os susceptibles d\u2019int\u00e9resser pour des reportages, des articles ou des forfaits touristiques. Il dispose de photographies de paysage, de communes, d\u2019activit\u00e9s touristiques telles que la randonn\u00e9e ou le cyclotourisme ainsi que des principaux atouts touristiques du canton.<\/p>\n<p>Ainsi, la liste suivante r\u00e9capitule les communiqu\u00e9s de presse concernant des nouvelles relatives \u00e0 des projets men\u00e9s \u00e0 bien par l\u2019\u00c0rea de Turisme (Secteur du Tourisme) et susceptibles d\u2019int\u00e9resser:<\/p>\n<p>&nbsp;<\/p>\n","protected":false},"excerpt":{"rendered":"<p>L\u2019\u00c0rea de Turisme del Consell Comarcal del Baix Empord\u00e0 (Secteur du Tourisme du Conseil Cantonal du Baix Empord\u00e0) met \u00e0 disposition d\u2019entreprises des agences de voyage et des moyens de communication, une banque d\u2019images et de vid\u00e9os susceptibles d\u2019int\u00e9resser pour des reportages, des articles ou des forfaits touristiques. Il dispose de photographies de paysage, de [&hellip;]<\/p>\n","protected":false},"author":2,"featured_media":22739,"parent":19997,"menu_order":0,"comment_status":"closed","ping_status":"closed","template":"page-templates\/fitxa-campanyes-gastronomiques.php","meta":{"_acf_changed":false,"footnotes":""},"class_list":["post-22940","page","type-page","status-publish","has-post-thumbnail","hentry"],"acf":[],"yoast_head":"<!-- This site is optimized with the Yoast SEO plugin v27.3 - https:\/\/yoast.com\/product\/yoast-seo-wordpress\/ -->\n<title>Media et Communiqu\u00e9 de presse - Visit Empord\u00e0<\/title>\n<meta name=\"robots\" content=\"index, follow, max-snippet:-1, max-image-preview:large, max-video-preview:-1\" \/>\n<link rel=\"canonical\" href=\"https:\/\/visitemporda.com\/fr\/professionals\/mitjans-i-operadors-turistics\/dossiers-2\/\" \/>\n<meta property=\"og:locale\" content=\"fr_FR\" \/>\n<meta property=\"og:type\" content=\"article\" \/>\n<meta property=\"og:title\" content=\"Media et Communiqu\u00e9 de presse - Visit Empord\u00e0\" \/>\n<meta property=\"og:description\" content=\"L\u2019\u00c0rea de Turisme del Consell Comarcal del Baix Empord\u00e0 (Secteur du Tourisme du Conseil Cantonal du Baix Empord\u00e0) met \u00e0 disposition d\u2019entreprises des agences de voyage et des moyens de communication, une banque d\u2019images et de vid\u00e9os susceptibles d\u2019int\u00e9resser pour des reportages, des articles ou des forfaits touristiques. Il dispose de photographies de paysage, de [&hellip;]\" \/>\n<meta property=\"og:url\" content=\"https:\/\/visitemporda.com\/fr\/professionals\/mitjans-i-operadors-turistics\/dossiers-2\/\" \/>\n<meta property=\"og:site_name\" content=\"Visit Empord\u00e0\" \/>\n<meta property=\"article:publisher\" content=\"https:\/\/www.facebook.com\/baixempordaturisme\" \/>\n<meta property=\"article:modified_time\" content=\"2021-05-07T20:19:18+00:00\" \/>\n<meta property=\"og:image\" content=\"https:\/\/visitemporda.com\/wp-content\/uploads\/2021\/04\/camera-1239384_1920.jpg\" \/>\n\t<meta property=\"og:image:width\" content=\"1920\" \/>\n\t<meta property=\"og:image:height\" content=\"1280\" \/>\n\t<meta property=\"og:image:type\" content=\"image\/jpeg\" \/>\n<meta name=\"twitter:card\" content=\"summary_large_image\" \/>\n<meta name=\"twitter:site\" content=\"@baixemporda_tur\" \/>\n<meta name=\"twitter:label1\" content=\"Dur\u00e9e de lecture estim\u00e9e\" \/>\n\t<meta name=\"twitter:data1\" content=\"1 minute\" \/>\n<script type=\"application\/ld+json\" class=\"yoast-schema-graph\">{\"@context\":\"https:\\\/\\\/schema.org\",\"@graph\":[{\"@type\":\"WebPage\",\"@id\":\"https:\\\/\\\/visitemporda.com\\\/fr\\\/professionals\\\/mitjans-i-operadors-turistics\\\/dossiers-2\\\/\",\"url\":\"https:\\\/\\\/visitemporda.com\\\/fr\\\/professionals\\\/mitjans-i-operadors-turistics\\\/dossiers-2\\\/\",\"name\":\"Media et Communiqu\u00e9 de presse - Visit Empord\u00e0\",\"isPartOf\":{\"@id\":\"https:\\\/\\\/visitemporda.com\\\/fr\\\/#website\"},\"primaryImageOfPage\":{\"@id\":\"https:\\\/\\\/visitemporda.com\\\/fr\\\/professionals\\\/mitjans-i-operadors-turistics\\\/dossiers-2\\\/#primaryimage\"},\"image\":{\"@id\":\"https:\\\/\\\/visitemporda.com\\\/fr\\\/professionals\\\/mitjans-i-operadors-turistics\\\/dossiers-2\\\/#primaryimage\"},\"thumbnailUrl\":\"https:\\\/\\\/visitemporda.com\\\/wp-content\\\/uploads\\\/2021\\\/04\\\/camera-1239384_1920.jpg\",\"datePublished\":\"2021-03-26T17:50:07+00:00\",\"dateModified\":\"2021-05-07T20:19:18+00:00\",\"breadcrumb\":{\"@id\":\"https:\\\/\\\/visitemporda.com\\\/fr\\\/professionals\\\/mitjans-i-operadors-turistics\\\/dossiers-2\\\/#breadcrumb\"},\"inLanguage\":\"fr-FR\",\"potentialAction\":[{\"@type\":\"ReadAction\",\"target\":[\"https:\\\/\\\/visitemporda.com\\\/fr\\\/professionals\\\/mitjans-i-operadors-turistics\\\/dossiers-2\\\/\"]}]},{\"@type\":\"ImageObject\",\"inLanguage\":\"fr-FR\",\"@id\":\"https:\\\/\\\/visitemporda.com\\\/fr\\\/professionals\\\/mitjans-i-operadors-turistics\\\/dossiers-2\\\/#primaryimage\",\"url\":\"https:\\\/\\\/visitemporda.com\\\/wp-content\\\/uploads\\\/2021\\\/04\\\/camera-1239384_1920.jpg\",\"contentUrl\":\"https:\\\/\\\/visitemporda.com\\\/wp-content\\\/uploads\\\/2021\\\/04\\\/camera-1239384_1920.jpg\",\"width\":1920,\"height\":1280,\"caption\":\"c\u00e0mera de fotos a primer pla amb unes mans que l'aguanten\"},{\"@type\":\"BreadcrumbList\",\"@id\":\"https:\\\/\\\/visitemporda.com\\\/fr\\\/professionals\\\/mitjans-i-operadors-turistics\\\/dossiers-2\\\/#breadcrumb\",\"itemListElement\":[{\"@type\":\"ListItem\",\"position\":1,\"name\":\"Inici\",\"item\":\"https:\\\/\\\/visitemporda.com\\\/fr\\\/\"},{\"@type\":\"ListItem\",\"position\":2,\"name\":\"Professionnels\",\"item\":\"https:\\\/\\\/visitemporda.com\\\/fr\\\/professionals\\\/\"},{\"@type\":\"ListItem\",\"position\":3,\"name\":\"Moyens et agences de voyages\",\"item\":\"https:\\\/\\\/visitemporda.com\\\/fr\\\/professionals\\\/mitjans-i-operadors-turistics\\\/\"},{\"@type\":\"ListItem\",\"position\":4,\"name\":\"Media et Communiqu\u00e9 de presse\"}]},{\"@type\":\"WebSite\",\"@id\":\"https:\\\/\\\/visitemporda.com\\\/fr\\\/#website\",\"url\":\"https:\\\/\\\/visitemporda.com\\\/fr\\\/\",\"name\":\"Visit Empord\u00e0\",\"description\":\"Site officiel du tourisme du Baix Empord\u00e0\",\"publisher\":{\"@id\":\"https:\\\/\\\/visitemporda.com\\\/fr\\\/#organization\"},\"potentialAction\":[{\"@type\":\"SearchAction\",\"target\":{\"@type\":\"EntryPoint\",\"urlTemplate\":\"https:\\\/\\\/visitemporda.com\\\/fr\\\/?s={search_term_string}\"},\"query-input\":{\"@type\":\"PropertyValueSpecification\",\"valueRequired\":true,\"valueName\":\"search_term_string\"}}],\"inLanguage\":\"fr-FR\"},{\"@type\":\"Organization\",\"@id\":\"https:\\\/\\\/visitemporda.com\\\/fr\\\/#organization\",\"name\":\"Consell Comarcal del Baix Empord\u00e0\",\"url\":\"https:\\\/\\\/visitemporda.com\\\/fr\\\/\",\"logo\":{\"@type\":\"ImageObject\",\"inLanguage\":\"fr-FR\",\"@id\":\"https:\\\/\\\/visitemporda.com\\\/fr\\\/#\\\/schema\\\/logo\\\/image\\\/\",\"url\":\"https:\\\/\\\/visitemporda.com\\\/wp-content\\\/uploads\\\/2024\\\/11\\\/Logotip_CCBE.png\",\"contentUrl\":\"https:\\\/\\\/visitemporda.com\\\/wp-content\\\/uploads\\\/2024\\\/11\\\/Logotip_CCBE.png\",\"width\":3617,\"height\":3617,\"caption\":\"Consell Comarcal del Baix Empord\u00e0\"},\"image\":{\"@id\":\"https:\\\/\\\/visitemporda.com\\\/fr\\\/#\\\/schema\\\/logo\\\/image\\\/\"},\"sameAs\":[\"https:\\\/\\\/www.facebook.com\\\/baixempordaturisme\",\"https:\\\/\\\/x.com\\\/baixemporda_tur\",\"https:\\\/\\\/www.instagram.com\\\/visitemporda\"]}]}<\/script>\n<!-- \/ Yoast SEO plugin. -->","yoast_head_json":{"title":"Media et Communiqu\u00e9 de presse - Visit Empord\u00e0","robots":{"index":"index","follow":"follow","max-snippet":"max-snippet:-1","max-image-preview":"max-image-preview:large","max-video-preview":"max-video-preview:-1"},"canonical":"https:\/\/visitemporda.com\/fr\/professionals\/mitjans-i-operadors-turistics\/dossiers-2\/","og_locale":"fr_FR","og_type":"article","og_title":"Media et Communiqu\u00e9 de presse - Visit Empord\u00e0","og_description":"L\u2019\u00c0rea de Turisme del Consell Comarcal del Baix Empord\u00e0 (Secteur du Tourisme du Conseil Cantonal du Baix Empord\u00e0) met \u00e0 disposition d\u2019entreprises des agences de voyage et des moyens de communication, une banque d\u2019images et de vid\u00e9os susceptibles d\u2019int\u00e9resser pour des reportages, des articles ou des forfaits touristiques. Il dispose de photographies de paysage, de [&hellip;]","og_url":"https:\/\/visitemporda.com\/fr\/professionals\/mitjans-i-operadors-turistics\/dossiers-2\/","og_site_name":"Visit Empord\u00e0","article_publisher":"https:\/\/www.facebook.com\/baixempordaturisme","article_modified_time":"2021-05-07T20:19:18+00:00","og_image":[{"width":1920,"height":1280,"url":"https:\/\/visitemporda.com\/wp-content\/uploads\/2021\/04\/camera-1239384_1920.jpg","type":"image\/jpeg"}],"twitter_card":"summary_large_image","twitter_site":"@baixemporda_tur","twitter_misc":{"Dur\u00e9e de lecture estim\u00e9e":"1 minute"},"schema":{"@context":"https:\/\/schema.org","@graph":[{"@type":"WebPage","@id":"https:\/\/visitemporda.com\/fr\/professionals\/mitjans-i-operadors-turistics\/dossiers-2\/","url":"https:\/\/visitemporda.com\/fr\/professionals\/mitjans-i-operadors-turistics\/dossiers-2\/","name":"Media et Communiqu\u00e9 de presse - Visit Empord\u00e0","isPartOf":{"@id":"https:\/\/visitemporda.com\/fr\/#website"},"primaryImageOfPage":{"@id":"https:\/\/visitemporda.com\/fr\/professionals\/mitjans-i-operadors-turistics\/dossiers-2\/#primaryimage"},"image":{"@id":"https:\/\/visitemporda.com\/fr\/professionals\/mitjans-i-operadors-turistics\/dossiers-2\/#primaryimage"},"thumbnailUrl":"https:\/\/visitemporda.com\/wp-content\/uploads\/2021\/04\/camera-1239384_1920.jpg","datePublished":"2021-03-26T17:50:07+00:00","dateModified":"2021-05-07T20:19:18+00:00","breadcrumb":{"@id":"https:\/\/visitemporda.com\/fr\/professionals\/mitjans-i-operadors-turistics\/dossiers-2\/#breadcrumb"},"inLanguage":"fr-FR","potentialAction":[{"@type":"ReadAction","target":["https:\/\/visitemporda.com\/fr\/professionals\/mitjans-i-operadors-turistics\/dossiers-2\/"]}]},{"@type":"ImageObject","inLanguage":"fr-FR","@id":"https:\/\/visitemporda.com\/fr\/professionals\/mitjans-i-operadors-turistics\/dossiers-2\/#primaryimage","url":"https:\/\/visitemporda.com\/wp-content\/uploads\/2021\/04\/camera-1239384_1920.jpg","contentUrl":"https:\/\/visitemporda.com\/wp-content\/uploads\/2021\/04\/camera-1239384_1920.jpg","width":1920,"height":1280,"caption":"c\u00e0mera de fotos a primer pla amb unes mans que l'aguanten"},{"@type":"BreadcrumbList","@id":"https:\/\/visitemporda.com\/fr\/professionals\/mitjans-i-operadors-turistics\/dossiers-2\/#breadcrumb","itemListElement":[{"@type":"ListItem","position":1,"name":"Inici","item":"https:\/\/visitemporda.com\/fr\/"},{"@type":"ListItem","position":2,"name":"Professionnels","item":"https:\/\/visitemporda.com\/fr\/professionals\/"},{"@type":"ListItem","position":3,"name":"Moyens et agences de voyages","item":"https:\/\/visitemporda.com\/fr\/professionals\/mitjans-i-operadors-turistics\/"},{"@type":"ListItem","position":4,"name":"Media et Communiqu\u00e9 de presse"}]},{"@type":"WebSite","@id":"https:\/\/visitemporda.com\/fr\/#website","url":"https:\/\/visitemporda.com\/fr\/","name":"Visit Empord\u00e0","description":"Site officiel du tourisme du Baix Empord\u00e0","publisher":{"@id":"https:\/\/visitemporda.com\/fr\/#organization"},"potentialAction":[{"@type":"SearchAction","target":{"@type":"EntryPoint","urlTemplate":"https:\/\/visitemporda.com\/fr\/?s={search_term_string}"},"query-input":{"@type":"PropertyValueSpecification","valueRequired":true,"valueName":"search_term_string"}}],"inLanguage":"fr-FR"},{"@type":"Organization","@id":"https:\/\/visitemporda.com\/fr\/#organization","name":"Consell Comarcal del Baix Empord\u00e0","url":"https:\/\/visitemporda.com\/fr\/","logo":{"@type":"ImageObject","inLanguage":"fr-FR","@id":"https:\/\/visitemporda.com\/fr\/#\/schema\/logo\/image\/","url":"https:\/\/visitemporda.com\/wp-content\/uploads\/2024\/11\/Logotip_CCBE.png","contentUrl":"https:\/\/visitemporda.com\/wp-content\/uploads\/2024\/11\/Logotip_CCBE.png","width":3617,"height":3617,"caption":"Consell Comarcal del Baix Empord\u00e0"},"image":{"@id":"https:\/\/visitemporda.com\/fr\/#\/schema\/logo\/image\/"},"sameAs":["https:\/\/www.facebook.com\/baixempordaturisme","https:\/\/x.com\/baixemporda_tur","https:\/\/www.instagram.com\/visitemporda"]}]}},"_links":{"self":[{"href":"https:\/\/visitemporda.com\/fr\/wp-json\/wp\/v2\/pages\/22940","targetHints":{"allow":["GET"]}}],"collection":[{"href":"https:\/\/visitemporda.com\/fr\/wp-json\/wp\/v2\/pages"}],"about":[{"href":"https:\/\/visitemporda.com\/fr\/wp-json\/wp\/v2\/types\/page"}],"author":[{"embeddable":true,"href":"https:\/\/visitemporda.com\/fr\/wp-json\/wp\/v2\/users\/2"}],"replies":[{"embeddable":true,"href":"https:\/\/visitemporda.com\/fr\/wp-json\/wp\/v2\/comments?post=22940"}],"version-history":[{"count":2,"href":"https:\/\/visitemporda.com\/fr\/wp-json\/wp\/v2\/pages\/22940\/revisions"}],"predecessor-version":[{"id":30079,"href":"https:\/\/visitemporda.com\/fr\/wp-json\/wp\/v2\/pages\/22940\/revisions\/30079"}],"up":[{"embeddable":true,"href":"https:\/\/visitemporda.com\/fr\/wp-json\/wp\/v2\/pages\/19997"}],"wp:featuredmedia":[{"embeddable":true,"href":"https:\/\/visitemporda.com\/fr\/wp-json\/wp\/v2\/media\/22739"}],"wp:attachment":[{"href":"https:\/\/visitemporda.com\/fr\/wp-json\/wp\/v2\/media?parent=22940"}],"curies":[{"name":"wp","href":"https:\/\/api.w.org\/{rel}","templated":true}]}}