

{"id":21168,"date":"2019-03-26T14:50:06","date_gmt":"2019-03-26T13:50:06","guid":{"rendered":"http:\/\/visitemporda.com\/recomenacions\/24h-a\/24h-al-baix-emporda\/"},"modified":"2020-11-11T13:16:32","modified_gmt":"2020-11-11T12:16:32","slug":"24h-al-baix-emporda","status":"publish","type":"page","link":"https:\/\/visitemporda.com\/fr\/recomenacions\/24h-a\/24h-al-baix-emporda\/","title":{"rendered":"24 h dans le Baix Empord\u00e0"},"content":{"rendered":"<p>D\u00e9couvrez les charmes du Baix Empord\u00e0 au cours d\u2019une longue visite en explorant les multiples coins du territoire. N\u00e9anmoins, si vous disposez de peu de temps, nous avons con\u00e7u un parcours d\u2019une journ\u00e9e pour visiter certains espaces embl\u00e9matiques de notre canton et en conna\u00eetre les activit\u00e9s les plus caract\u00e9ristiques. Le circuit recueille l\u2019essence du Baix Empord\u00e0 en 24 heures. Vous \u00eates pr\u00eats?<\/p>\n","protected":false},"excerpt":{"rendered":"<p>D\u00e9couvrez les charmes du Baix Empord\u00e0 au cours d\u2019une longue visite en explorant les multiples coins du territoire. N\u00e9anmoins, si vous disposez de peu de temps, nous avons con\u00e7u un parcours d\u2019une journ\u00e9e pour visiter certains espaces embl\u00e9matiques de notre canton et en conna\u00eetre les activit\u00e9s les plus caract\u00e9ristiques. Le circuit recueille l\u2019essence du Baix [&hellip;]<\/p>\n","protected":false},"author":2,"featured_media":0,"parent":19840,"menu_order":0,"comment_status":"closed","ping_status":"closed","template":"page-templates\/estil_1.php","meta":{"_acf_changed":false,"footnotes":""},"class_list":["post-21168","page","type-page","status-publish","hentry"],"acf":[],"yoast_head":"<!-- This site is optimized with the Yoast SEO plugin v27.4 - https:\/\/yoast.com\/product\/yoast-seo-wordpress\/ -->\n<title>24 h dans le Baix Empord\u00e0 - Visit Empord\u00e0<\/title>\n<meta name=\"robots\" content=\"index, follow, max-snippet:-1, max-image-preview:large, max-video-preview:-1\" \/>\n<link rel=\"canonical\" href=\"https:\/\/visitemporda.com\/fr\/recomenacions\/24h-a\/24h-al-baix-emporda\/\" \/>\n<meta property=\"og:locale\" content=\"fr_FR\" \/>\n<meta property=\"og:type\" content=\"article\" \/>\n<meta property=\"og:title\" content=\"24 h dans le Baix Empord\u00e0 - Visit Empord\u00e0\" \/>\n<meta property=\"og:description\" content=\"D\u00e9couvrez les charmes du Baix Empord\u00e0 au cours d\u2019une longue visite en explorant les multiples coins du territoire. N\u00e9anmoins, si vous disposez de peu de temps, nous avons con\u00e7u un parcours d\u2019une journ\u00e9e pour visiter certains espaces embl\u00e9matiques de notre canton et en conna\u00eetre les activit\u00e9s les plus caract\u00e9ristiques. Le circuit recueille l\u2019essence du Baix [&hellip;]\" \/>\n<meta property=\"og:url\" content=\"https:\/\/visitemporda.com\/fr\/recomenacions\/24h-a\/24h-al-baix-emporda\/\" \/>\n<meta property=\"og:site_name\" content=\"Visit Empord\u00e0\" \/>\n<meta property=\"article:publisher\" content=\"https:\/\/www.facebook.com\/baixempordaturisme\" \/>\n<meta property=\"article:modified_time\" content=\"2020-11-11T12:16:32+00:00\" \/>\n<meta name=\"twitter:card\" content=\"summary_large_image\" \/>\n<meta name=\"twitter:site\" content=\"@baixemporda_tur\" \/>\n<script type=\"application\/ld+json\" class=\"yoast-schema-graph\">{\"@context\":\"https:\\\/\\\/schema.org\",\"@graph\":[{\"@type\":\"WebPage\",\"@id\":\"https:\\\/\\\/visitemporda.com\\\/fr\\\/recomenacions\\\/24h-a\\\/24h-al-baix-emporda\\\/\",\"url\":\"https:\\\/\\\/visitemporda.com\\\/fr\\\/recomenacions\\\/24h-a\\\/24h-al-baix-emporda\\\/\",\"name\":\"24 h dans le Baix Empord\u00e0 - Visit Empord\u00e0\",\"isPartOf\":{\"@id\":\"https:\\\/\\\/visitemporda.com\\\/fr\\\/#website\"},\"datePublished\":\"2019-03-26T13:50:06+00:00\",\"dateModified\":\"2020-11-11T12:16:32+00:00\",\"breadcrumb\":{\"@id\":\"https:\\\/\\\/visitemporda.com\\\/fr\\\/recomenacions\\\/24h-a\\\/24h-al-baix-emporda\\\/#breadcrumb\"},\"inLanguage\":\"fr-FR\",\"potentialAction\":[{\"@type\":\"ReadAction\",\"target\":[\"https:\\\/\\\/visitemporda.com\\\/fr\\\/recomenacions\\\/24h-a\\\/24h-al-baix-emporda\\\/\"]}]},{\"@type\":\"BreadcrumbList\",\"@id\":\"https:\\\/\\\/visitemporda.com\\\/fr\\\/recomenacions\\\/24h-a\\\/24h-al-baix-emporda\\\/#breadcrumb\",\"itemListElement\":[{\"@type\":\"ListItem\",\"position\":1,\"name\":\"Inici\",\"item\":\"https:\\\/\\\/visitemporda.com\\\/fr\\\/\"},{\"@type\":\"ListItem\",\"position\":2,\"name\":\"Recommandations\",\"item\":\"https:\\\/\\\/visitemporda.com\\\/fr\\\/recomenacions\\\/\"},{\"@type\":\"ListItem\",\"position\":3,\"name\":\"24 h dans &#8230;\",\"item\":\"https:\\\/\\\/visitemporda.com\\\/fr\\\/recomenacions\\\/24h-a\\\/\"},{\"@type\":\"ListItem\",\"position\":4,\"name\":\"24 h dans le Baix Empord\u00e0\"}]},{\"@type\":\"WebSite\",\"@id\":\"https:\\\/\\\/visitemporda.com\\\/fr\\\/#website\",\"url\":\"https:\\\/\\\/visitemporda.com\\\/fr\\\/\",\"name\":\"Visit Empord\u00e0\",\"description\":\"Site officiel du tourisme du Baix Empord\u00e0\",\"publisher\":{\"@id\":\"https:\\\/\\\/visitemporda.com\\\/fr\\\/#organization\"},\"potentialAction\":[{\"@type\":\"SearchAction\",\"target\":{\"@type\":\"EntryPoint\",\"urlTemplate\":\"https:\\\/\\\/visitemporda.com\\\/fr\\\/?s={search_term_string}\"},\"query-input\":{\"@type\":\"PropertyValueSpecification\",\"valueRequired\":true,\"valueName\":\"search_term_string\"}}],\"inLanguage\":\"fr-FR\"},{\"@type\":\"Organization\",\"@id\":\"https:\\\/\\\/visitemporda.com\\\/fr\\\/#organization\",\"name\":\"Consell Comarcal del Baix Empord\u00e0\",\"url\":\"https:\\\/\\\/visitemporda.com\\\/fr\\\/\",\"logo\":{\"@type\":\"ImageObject\",\"inLanguage\":\"fr-FR\",\"@id\":\"https:\\\/\\\/visitemporda.com\\\/fr\\\/#\\\/schema\\\/logo\\\/image\\\/\",\"url\":\"https:\\\/\\\/visitemporda.com\\\/wp-content\\\/uploads\\\/2024\\\/11\\\/Logotip_CCBE.png\",\"contentUrl\":\"https:\\\/\\\/visitemporda.com\\\/wp-content\\\/uploads\\\/2024\\\/11\\\/Logotip_CCBE.png\",\"width\":3617,\"height\":3617,\"caption\":\"Consell Comarcal del Baix Empord\u00e0\"},\"image\":{\"@id\":\"https:\\\/\\\/visitemporda.com\\\/fr\\\/#\\\/schema\\\/logo\\\/image\\\/\"},\"sameAs\":[\"https:\\\/\\\/www.facebook.com\\\/baixempordaturisme\",\"https:\\\/\\\/x.com\\\/baixemporda_tur\",\"https:\\\/\\\/www.instagram.com\\\/visitemporda\"]}]}<\/script>\n<!-- \/ Yoast SEO plugin. -->","yoast_head_json":{"title":"24 h dans le Baix Empord\u00e0 - Visit Empord\u00e0","robots":{"index":"index","follow":"follow","max-snippet":"max-snippet:-1","max-image-preview":"max-image-preview:large","max-video-preview":"max-video-preview:-1"},"canonical":"https:\/\/visitemporda.com\/fr\/recomenacions\/24h-a\/24h-al-baix-emporda\/","og_locale":"fr_FR","og_type":"article","og_title":"24 h dans le Baix Empord\u00e0 - Visit Empord\u00e0","og_description":"D\u00e9couvrez les charmes du Baix Empord\u00e0 au cours d\u2019une longue visite en explorant les multiples coins du territoire. N\u00e9anmoins, si vous disposez de peu de temps, nous avons con\u00e7u un parcours d\u2019une journ\u00e9e pour visiter certains espaces embl\u00e9matiques de notre canton et en conna\u00eetre les activit\u00e9s les plus caract\u00e9ristiques. Le circuit recueille l\u2019essence du Baix [&hellip;]","og_url":"https:\/\/visitemporda.com\/fr\/recomenacions\/24h-a\/24h-al-baix-emporda\/","og_site_name":"Visit Empord\u00e0","article_publisher":"https:\/\/www.facebook.com\/baixempordaturisme","article_modified_time":"2020-11-11T12:16:32+00:00","twitter_card":"summary_large_image","twitter_site":"@baixemporda_tur","schema":{"@context":"https:\/\/schema.org","@graph":[{"@type":"WebPage","@id":"https:\/\/visitemporda.com\/fr\/recomenacions\/24h-a\/24h-al-baix-emporda\/","url":"https:\/\/visitemporda.com\/fr\/recomenacions\/24h-a\/24h-al-baix-emporda\/","name":"24 h dans le Baix Empord\u00e0 - Visit Empord\u00e0","isPartOf":{"@id":"https:\/\/visitemporda.com\/fr\/#website"},"datePublished":"2019-03-26T13:50:06+00:00","dateModified":"2020-11-11T12:16:32+00:00","breadcrumb":{"@id":"https:\/\/visitemporda.com\/fr\/recomenacions\/24h-a\/24h-al-baix-emporda\/#breadcrumb"},"inLanguage":"fr-FR","potentialAction":[{"@type":"ReadAction","target":["https:\/\/visitemporda.com\/fr\/recomenacions\/24h-a\/24h-al-baix-emporda\/"]}]},{"@type":"BreadcrumbList","@id":"https:\/\/visitemporda.com\/fr\/recomenacions\/24h-a\/24h-al-baix-emporda\/#breadcrumb","itemListElement":[{"@type":"ListItem","position":1,"name":"Inici","item":"https:\/\/visitemporda.com\/fr\/"},{"@type":"ListItem","position":2,"name":"Recommandations","item":"https:\/\/visitemporda.com\/fr\/recomenacions\/"},{"@type":"ListItem","position":3,"name":"24 h dans &#8230;","item":"https:\/\/visitemporda.com\/fr\/recomenacions\/24h-a\/"},{"@type":"ListItem","position":4,"name":"24 h dans le Baix Empord\u00e0"}]},{"@type":"WebSite","@id":"https:\/\/visitemporda.com\/fr\/#website","url":"https:\/\/visitemporda.com\/fr\/","name":"Visit Empord\u00e0","description":"Site officiel du tourisme du Baix Empord\u00e0","publisher":{"@id":"https:\/\/visitemporda.com\/fr\/#organization"},"potentialAction":[{"@type":"SearchAction","target":{"@type":"EntryPoint","urlTemplate":"https:\/\/visitemporda.com\/fr\/?s={search_term_string}"},"query-input":{"@type":"PropertyValueSpecification","valueRequired":true,"valueName":"search_term_string"}}],"inLanguage":"fr-FR"},{"@type":"Organization","@id":"https:\/\/visitemporda.com\/fr\/#organization","name":"Consell Comarcal del Baix Empord\u00e0","url":"https:\/\/visitemporda.com\/fr\/","logo":{"@type":"ImageObject","inLanguage":"fr-FR","@id":"https:\/\/visitemporda.com\/fr\/#\/schema\/logo\/image\/","url":"https:\/\/visitemporda.com\/wp-content\/uploads\/2024\/11\/Logotip_CCBE.png","contentUrl":"https:\/\/visitemporda.com\/wp-content\/uploads\/2024\/11\/Logotip_CCBE.png","width":3617,"height":3617,"caption":"Consell Comarcal del Baix Empord\u00e0"},"image":{"@id":"https:\/\/visitemporda.com\/fr\/#\/schema\/logo\/image\/"},"sameAs":["https:\/\/www.facebook.com\/baixempordaturisme","https:\/\/x.com\/baixemporda_tur","https:\/\/www.instagram.com\/visitemporda"]}]}},"_links":{"self":[{"href":"https:\/\/visitemporda.com\/fr\/wp-json\/wp\/v2\/pages\/21168","targetHints":{"allow":["GET"]}}],"collection":[{"href":"https:\/\/visitemporda.com\/fr\/wp-json\/wp\/v2\/pages"}],"about":[{"href":"https:\/\/visitemporda.com\/fr\/wp-json\/wp\/v2\/types\/page"}],"author":[{"embeddable":true,"href":"https:\/\/visitemporda.com\/fr\/wp-json\/wp\/v2\/users\/2"}],"replies":[{"embeddable":true,"href":"https:\/\/visitemporda.com\/fr\/wp-json\/wp\/v2\/comments?post=21168"}],"version-history":[{"count":2,"href":"https:\/\/visitemporda.com\/fr\/wp-json\/wp\/v2\/pages\/21168\/revisions"}],"predecessor-version":[{"id":21170,"href":"https:\/\/visitemporda.com\/fr\/wp-json\/wp\/v2\/pages\/21168\/revisions\/21170"}],"up":[{"embeddable":true,"href":"https:\/\/visitemporda.com\/fr\/wp-json\/wp\/v2\/pages\/19840"}],"wp:attachment":[{"href":"https:\/\/visitemporda.com\/fr\/wp-json\/wp\/v2\/media?parent=21168"}],"curies":[{"name":"wp","href":"https:\/\/api.w.org\/{rel}","templated":true}]}}