

{"id":21164,"date":"2020-01-30T13:07:54","date_gmt":"2020-01-30T12:07:54","guid":{"rendered":"http:\/\/visitemporda.com\/personalitzacio-de-la-mida-i-el-color-de-la-tipografia\/"},"modified":"2021-04-19T15:12:11","modified_gmt":"2021-04-19T13:12:11","slug":"personalitzacio-de-la-mida-i-el-color-de-la-tipografia","status":"publish","type":"page","link":"https:\/\/visitemporda.com\/fr\/personalitzacio-de-la-mida-i-el-color-de-la-tipografia\/","title":{"rendered":"Personnalisation de la taille et de la couleur de la typographie"},"content":{"rendered":"<h2>Vous pouvez personnaliser la taille et la couleur de la typographie de ce site Web. La taille et la couleur de la typographie que vous choisissez s\u2019appliqueront \u00e0 toutes les pages du site et demeureront inchang\u00e9es lors de votre prochaine consultation.<\/h2>\n<h3>Pour d\u00e9finir la taille et la couleur de la police:<\/h3>\n<ol>\n<li>S\u00e9lectionnez la taille et la couleur de la police dans la liste suivante.<\/li>\n<li>Cliquez sur \u00ab\u00a0Configurer\u00a0\u00bb.<\/li>\n<\/ol>\n<h3>Pour revenir \u00e0 la configuration standard:<\/h3>\n<ol>\n<li>Cliquez sur \u00ab\u00a0Configuration pr\u00e9d\u00e9termin\u00e9e\u00a0\u00bb<\/li>\n<\/ol>\n","protected":false},"excerpt":{"rendered":"<p>Vous pouvez personnaliser la taille et la couleur de la typographie de ce site Web. La taille et la couleur de la typographie que vous choisissez s\u2019appliqueront \u00e0 toutes les pages du site et demeureront inchang\u00e9es lors de votre prochaine consultation. Pour d\u00e9finir la taille et la couleur de la police: S\u00e9lectionnez la taille et [&hellip;]<\/p>\n","protected":false},"author":2,"featured_media":0,"parent":0,"menu_order":0,"comment_status":"closed","ping_status":"closed","template":"page-templates\/personalitza_web.php","meta":{"_acf_changed":false,"footnotes":""},"class_list":["post-21164","page","type-page","status-publish","hentry"],"acf":[],"yoast_head":"<!-- This site is optimized with the Yoast SEO plugin v27.3 - https:\/\/yoast.com\/product\/yoast-seo-wordpress\/ -->\n<title>Personnalisation de la taille et de la couleur de la typographie - Visit Empord\u00e0<\/title>\n<meta name=\"robots\" content=\"index, follow, max-snippet:-1, max-image-preview:large, max-video-preview:-1\" \/>\n<link rel=\"canonical\" href=\"https:\/\/visitemporda.com\/fr\/personalitzacio-de-la-mida-i-el-color-de-la-tipografia\/\" \/>\n<meta property=\"og:locale\" content=\"fr_FR\" \/>\n<meta property=\"og:type\" content=\"article\" \/>\n<meta property=\"og:title\" content=\"Personnalisation de la taille et de la couleur de la typographie - Visit Empord\u00e0\" \/>\n<meta property=\"og:description\" content=\"Vous pouvez personnaliser la taille et la couleur de la typographie de ce site Web. La taille et la couleur de la typographie que vous choisissez s\u2019appliqueront \u00e0 toutes les pages du site et demeureront inchang\u00e9es lors de votre prochaine consultation. Pour d\u00e9finir la taille et la couleur de la police: S\u00e9lectionnez la taille et [&hellip;]\" \/>\n<meta property=\"og:url\" content=\"https:\/\/visitemporda.com\/fr\/personalitzacio-de-la-mida-i-el-color-de-la-tipografia\/\" \/>\n<meta property=\"og:site_name\" content=\"Visit Empord\u00e0\" \/>\n<meta property=\"article:publisher\" content=\"https:\/\/www.facebook.com\/baixempordaturisme\" \/>\n<meta property=\"article:modified_time\" content=\"2021-04-19T13:12:11+00:00\" \/>\n<meta name=\"twitter:card\" content=\"summary_large_image\" \/>\n<meta name=\"twitter:site\" content=\"@baixemporda_tur\" \/>\n<script type=\"application\/ld+json\" class=\"yoast-schema-graph\">{\"@context\":\"https:\\\/\\\/schema.org\",\"@graph\":[{\"@type\":\"WebPage\",\"@id\":\"https:\\\/\\\/visitemporda.com\\\/fr\\\/personalitzacio-de-la-mida-i-el-color-de-la-tipografia\\\/\",\"url\":\"https:\\\/\\\/visitemporda.com\\\/fr\\\/personalitzacio-de-la-mida-i-el-color-de-la-tipografia\\\/\",\"name\":\"Personnalisation de la taille et de la couleur de la typographie - Visit Empord\u00e0\",\"isPartOf\":{\"@id\":\"https:\\\/\\\/visitemporda.com\\\/fr\\\/#website\"},\"datePublished\":\"2020-01-30T12:07:54+00:00\",\"dateModified\":\"2021-04-19T13:12:11+00:00\",\"breadcrumb\":{\"@id\":\"https:\\\/\\\/visitemporda.com\\\/fr\\\/personalitzacio-de-la-mida-i-el-color-de-la-tipografia\\\/#breadcrumb\"},\"inLanguage\":\"fr-FR\",\"potentialAction\":[{\"@type\":\"ReadAction\",\"target\":[\"https:\\\/\\\/visitemporda.com\\\/fr\\\/personalitzacio-de-la-mida-i-el-color-de-la-tipografia\\\/\"]}]},{\"@type\":\"BreadcrumbList\",\"@id\":\"https:\\\/\\\/visitemporda.com\\\/fr\\\/personalitzacio-de-la-mida-i-el-color-de-la-tipografia\\\/#breadcrumb\",\"itemListElement\":[{\"@type\":\"ListItem\",\"position\":1,\"name\":\"Inici\",\"item\":\"https:\\\/\\\/visitemporda.com\\\/fr\\\/\"},{\"@type\":\"ListItem\",\"position\":2,\"name\":\"Personnalisation de la taille et de la couleur de la typographie\"}]},{\"@type\":\"WebSite\",\"@id\":\"https:\\\/\\\/visitemporda.com\\\/fr\\\/#website\",\"url\":\"https:\\\/\\\/visitemporda.com\\\/fr\\\/\",\"name\":\"Visit Empord\u00e0\",\"description\":\"Site officiel du tourisme du Baix Empord\u00e0\",\"publisher\":{\"@id\":\"https:\\\/\\\/visitemporda.com\\\/fr\\\/#organization\"},\"potentialAction\":[{\"@type\":\"SearchAction\",\"target\":{\"@type\":\"EntryPoint\",\"urlTemplate\":\"https:\\\/\\\/visitemporda.com\\\/fr\\\/?s={search_term_string}\"},\"query-input\":{\"@type\":\"PropertyValueSpecification\",\"valueRequired\":true,\"valueName\":\"search_term_string\"}}],\"inLanguage\":\"fr-FR\"},{\"@type\":\"Organization\",\"@id\":\"https:\\\/\\\/visitemporda.com\\\/fr\\\/#organization\",\"name\":\"Consell Comarcal del Baix Empord\u00e0\",\"url\":\"https:\\\/\\\/visitemporda.com\\\/fr\\\/\",\"logo\":{\"@type\":\"ImageObject\",\"inLanguage\":\"fr-FR\",\"@id\":\"https:\\\/\\\/visitemporda.com\\\/fr\\\/#\\\/schema\\\/logo\\\/image\\\/\",\"url\":\"https:\\\/\\\/visitemporda.com\\\/wp-content\\\/uploads\\\/2024\\\/11\\\/Logotip_CCBE.png\",\"contentUrl\":\"https:\\\/\\\/visitemporda.com\\\/wp-content\\\/uploads\\\/2024\\\/11\\\/Logotip_CCBE.png\",\"width\":3617,\"height\":3617,\"caption\":\"Consell Comarcal del Baix Empord\u00e0\"},\"image\":{\"@id\":\"https:\\\/\\\/visitemporda.com\\\/fr\\\/#\\\/schema\\\/logo\\\/image\\\/\"},\"sameAs\":[\"https:\\\/\\\/www.facebook.com\\\/baixempordaturisme\",\"https:\\\/\\\/x.com\\\/baixemporda_tur\",\"https:\\\/\\\/www.instagram.com\\\/visitemporda\"]}]}<\/script>\n<!-- \/ Yoast SEO plugin. -->","yoast_head_json":{"title":"Personnalisation de la taille et de la couleur de la typographie - Visit Empord\u00e0","robots":{"index":"index","follow":"follow","max-snippet":"max-snippet:-1","max-image-preview":"max-image-preview:large","max-video-preview":"max-video-preview:-1"},"canonical":"https:\/\/visitemporda.com\/fr\/personalitzacio-de-la-mida-i-el-color-de-la-tipografia\/","og_locale":"fr_FR","og_type":"article","og_title":"Personnalisation de la taille et de la couleur de la typographie - Visit Empord\u00e0","og_description":"Vous pouvez personnaliser la taille et la couleur de la typographie de ce site Web. La taille et la couleur de la typographie que vous choisissez s\u2019appliqueront \u00e0 toutes les pages du site et demeureront inchang\u00e9es lors de votre prochaine consultation. Pour d\u00e9finir la taille et la couleur de la police: S\u00e9lectionnez la taille et [&hellip;]","og_url":"https:\/\/visitemporda.com\/fr\/personalitzacio-de-la-mida-i-el-color-de-la-tipografia\/","og_site_name":"Visit Empord\u00e0","article_publisher":"https:\/\/www.facebook.com\/baixempordaturisme","article_modified_time":"2021-04-19T13:12:11+00:00","twitter_card":"summary_large_image","twitter_site":"@baixemporda_tur","schema":{"@context":"https:\/\/schema.org","@graph":[{"@type":"WebPage","@id":"https:\/\/visitemporda.com\/fr\/personalitzacio-de-la-mida-i-el-color-de-la-tipografia\/","url":"https:\/\/visitemporda.com\/fr\/personalitzacio-de-la-mida-i-el-color-de-la-tipografia\/","name":"Personnalisation de la taille et de la couleur de la typographie - Visit Empord\u00e0","isPartOf":{"@id":"https:\/\/visitemporda.com\/fr\/#website"},"datePublished":"2020-01-30T12:07:54+00:00","dateModified":"2021-04-19T13:12:11+00:00","breadcrumb":{"@id":"https:\/\/visitemporda.com\/fr\/personalitzacio-de-la-mida-i-el-color-de-la-tipografia\/#breadcrumb"},"inLanguage":"fr-FR","potentialAction":[{"@type":"ReadAction","target":["https:\/\/visitemporda.com\/fr\/personalitzacio-de-la-mida-i-el-color-de-la-tipografia\/"]}]},{"@type":"BreadcrumbList","@id":"https:\/\/visitemporda.com\/fr\/personalitzacio-de-la-mida-i-el-color-de-la-tipografia\/#breadcrumb","itemListElement":[{"@type":"ListItem","position":1,"name":"Inici","item":"https:\/\/visitemporda.com\/fr\/"},{"@type":"ListItem","position":2,"name":"Personnalisation de la taille et de la couleur de la typographie"}]},{"@type":"WebSite","@id":"https:\/\/visitemporda.com\/fr\/#website","url":"https:\/\/visitemporda.com\/fr\/","name":"Visit Empord\u00e0","description":"Site officiel du tourisme du Baix Empord\u00e0","publisher":{"@id":"https:\/\/visitemporda.com\/fr\/#organization"},"potentialAction":[{"@type":"SearchAction","target":{"@type":"EntryPoint","urlTemplate":"https:\/\/visitemporda.com\/fr\/?s={search_term_string}"},"query-input":{"@type":"PropertyValueSpecification","valueRequired":true,"valueName":"search_term_string"}}],"inLanguage":"fr-FR"},{"@type":"Organization","@id":"https:\/\/visitemporda.com\/fr\/#organization","name":"Consell Comarcal del Baix Empord\u00e0","url":"https:\/\/visitemporda.com\/fr\/","logo":{"@type":"ImageObject","inLanguage":"fr-FR","@id":"https:\/\/visitemporda.com\/fr\/#\/schema\/logo\/image\/","url":"https:\/\/visitemporda.com\/wp-content\/uploads\/2024\/11\/Logotip_CCBE.png","contentUrl":"https:\/\/visitemporda.com\/wp-content\/uploads\/2024\/11\/Logotip_CCBE.png","width":3617,"height":3617,"caption":"Consell Comarcal del Baix Empord\u00e0"},"image":{"@id":"https:\/\/visitemporda.com\/fr\/#\/schema\/logo\/image\/"},"sameAs":["https:\/\/www.facebook.com\/baixempordaturisme","https:\/\/x.com\/baixemporda_tur","https:\/\/www.instagram.com\/visitemporda"]}]}},"_links":{"self":[{"href":"https:\/\/visitemporda.com\/fr\/wp-json\/wp\/v2\/pages\/21164","targetHints":{"allow":["GET"]}}],"collection":[{"href":"https:\/\/visitemporda.com\/fr\/wp-json\/wp\/v2\/pages"}],"about":[{"href":"https:\/\/visitemporda.com\/fr\/wp-json\/wp\/v2\/types\/page"}],"author":[{"embeddable":true,"href":"https:\/\/visitemporda.com\/fr\/wp-json\/wp\/v2\/users\/2"}],"replies":[{"embeddable":true,"href":"https:\/\/visitemporda.com\/fr\/wp-json\/wp\/v2\/comments?post=21164"}],"version-history":[{"count":2,"href":"https:\/\/visitemporda.com\/fr\/wp-json\/wp\/v2\/pages\/21164\/revisions"}],"predecessor-version":[{"id":22980,"href":"https:\/\/visitemporda.com\/fr\/wp-json\/wp\/v2\/pages\/21164\/revisions\/22980"}],"wp:attachment":[{"href":"https:\/\/visitemporda.com\/fr\/wp-json\/wp\/v2\/media?parent=21164"}],"curies":[{"name":"wp","href":"https:\/\/api.w.org\/{rel}","templated":true}]}}