

{"id":21153,"date":"2019-03-20T16:41:39","date_gmt":"2019-03-20T15:41:39","guid":{"rendered":"http:\/\/visitemporda.com\/cookies\/"},"modified":"2020-11-11T12:49:36","modified_gmt":"2020-11-11T11:49:36","slug":"cookies","status":"publish","type":"page","link":"https:\/\/visitemporda.com\/fr\/cookies\/","title":{"rendered":"Politique de cookies"},"content":{"rendered":"<p>Les cookies sont des petits fichiers de texte qui s&rsquo;installent sur les dispositifs que l&rsquo;utilisateur emploie pour acc\u00e9der \u00e0 notre site Internet. Ils peuvent conserver l&rsquo;identification de l&rsquo;utilisateur qui consulte le site Internet et les sites sur lesquels il navigue. Lorsque l&rsquo;utilisateur (vous dans le cas pr\u00e9sent) revient sur notre site, celui-ci lit les cookies pour l&rsquo;identifier et r\u00e9tablir ses pr\u00e9f\u00e9rences ainsi que la configuration de sa navigation. Si un utilisateur n&rsquo;autorise pas l&rsquo;utilisation des cookies, certains services ou fonctionnalit\u00e9s du site Internet pourraient \u00eatre indisponibles.<\/p>\n<p>Nous souhaitons que le pr\u00e9sent site propose un service de qualit\u00e9 facile \u00e0 utiliser. En ce sens, nous utilisons des cookies de Google Analytics. Ils nous permettent\u00a0:<\/p>\n<ul>\n<li>D&rsquo;analyser statistiquement les informations auxquelles les utilisateurs de notre site Internet acc\u00e8dent. Les donn\u00e9es recueillies peuvent inclure l&rsquo;activit\u00e9 du navigateur de l&rsquo;utilisateur qui consulte notre site, le chemin suivi par les utilisateurs au sein de notre site, les informations du fournisseur d&rsquo;acc\u00e8s \u00e0 Internet de l&rsquo;utilisateur qui consulte notre site, le nombre de consultations du site et le comportement des utilisateurs au sein de celui-ci (pages consult\u00e9es, formulaires remplis et autres informations similaires).<\/li>\n<li>D&rsquo;identifier les utilisateurs qui consultent notre site depuis l&rsquo;invitation d&rsquo;un site Internet associ\u00e9 ou d&rsquo;un lien sponsoris\u00e9.<\/li>\n<\/ul>\n<p>Pour plus d&rsquo;informations sur Google Analytics, consultez le site\u00a0<a href=\"http:\/\/www.google.com\/analytics\/\">www.google.com\/analytics\/<\/a>. Rendez-vous sur\u00a0<a href=\"https:\/\/tools.google.com\/dlpage\/gaoptout?hl=en\">https:\/\/tools.google.com\/dlpage\/gaoptout?hl=en<\/a> pour contr\u00f4ler la collecte de donn\u00e9es \u00e0 des fins d&rsquo;analyse par Google Analytics.<\/p>\n<p>Vous pouvez r\u00e9voquer votre consentement relatif \u00e0 l&rsquo;utilisation de cookies en les \u00e9liminant gr\u00e2ce aux options propos\u00e9es par son navigateur.<\/p>\n<p>Nous vous conseillons de consulter le site\u00a0<a href=\"http:\/\/www.networkadvertising.org\/\">www.networkadvertising.org<\/a> si vous souhaitez recevoir des informations suppl\u00e9mentaires concernant l&rsquo;activit\u00e9 des entreprises de publicit\u00e9 sur Internet et la mani\u00e8re d&rsquo;\u00e9liminer vos donn\u00e9es de leurs registres.<\/p>\n<p>Vous pouvez configurer votre navigateur en vue d&rsquo;\u00eatre pr\u00e9alablement inform\u00e9 d&rsquo;une possible installation de cookies sur votre ordinateur ou dispositif. Vous pourrez \u00e9galement opter pour leur suppression automatique d\u00e8s la fermeture du navigateur ou lorsque vous n&rsquo;utiliserez plus votre ordinateur ou dispositif. Vous pouvez trouver des informations relatives auxdites proc\u00e9dures en consultant les liens suivants\u00a0:<\/p>\n<p>&#8211; Pour Firefox\u00a0<a href=\"http:\/\/support.mozilla.org\/ca\/kb\/Galetes\">http:\/\/support.mozilla.org\/ca\/kb\/Galetes<\/a>.<\/p>\n<p>&#8211; Pour Chrome\u00a0<a href=\"http:\/\/support.google.com\/chrome\/bin\/answer.py?hl=es&amp;answer=95647\">http:\/\/support.google.com\/chrome\/bin\/answer.py?hl=es&amp;answer=95647<\/a>.<\/p>\n<p>&#8211; Pour Explorer\u00a0<a href=\"http:\/\/windows.microsoft.com\/es-es\/windows7\/how-to-manage-cookies-in-internet-explorer-9\">http:\/\/windows.microsoft.com\/es-es\/windows7\/how-to-manage-cookies-in-internet-explorer-9<\/a>.<\/p>\n<p>&#8211; Pour Safari\u00a0<a href=\"https:\/\/support.apple.com\/kb\/ph21411?locale=es_ES\">https:\/\/support.apple.com\/kb\/ph21411?locale=es_ES<\/a><\/p>\n<p>&#8211; Pour Safari pour IOS\u00a0<a href=\"http:\/\/support.apple.com\/kb\/HT1677?viewlocale=es_ES&amp;locale=es_ES\">http:\/\/support.apple.com\/kb\/HT1677?viewlocale=es_ES&amp;locale=es_ES<\/a><\/p>\n<p>&#8211; Pour Opera\u00a0<a href=\"https:\/\/www.opera.com\/help\/tutorials\/security\/cookies\/\">http:\/\/support.google.com\/chrome\/bin\/answer.py?hl=es&amp;answer=95647<\/a>.<\/p>\n","protected":false},"excerpt":{"rendered":"<p>Les cookies sont des petits fichiers de texte qui s&rsquo;installent sur les dispositifs que l&rsquo;utilisateur emploie pour acc\u00e9der \u00e0 notre site Internet. Ils peuvent conserver l&rsquo;identification de l&rsquo;utilisateur qui consulte le site Internet et les sites sur lesquels il navigue. Lorsque l&rsquo;utilisateur (vous dans le cas pr\u00e9sent) revient sur notre site, celui-ci lit les cookies [&hellip;]<\/p>\n","protected":false},"author":2,"featured_media":0,"parent":0,"menu_order":0,"comment_status":"closed","ping_status":"closed","template":"","meta":{"_acf_changed":false,"footnotes":""},"class_list":["post-21153","page","type-page","status-publish","hentry"],"acf":[],"yoast_head":"<!-- This site is optimized with the Yoast SEO plugin v27.3 - https:\/\/yoast.com\/product\/yoast-seo-wordpress\/ -->\n<title>Politique de cookies - Visit Empord\u00e0<\/title>\n<meta name=\"robots\" content=\"index, follow, max-snippet:-1, max-image-preview:large, max-video-preview:-1\" \/>\n<link rel=\"canonical\" href=\"https:\/\/visitemporda.com\/fr\/cookies\/\" \/>\n<meta property=\"og:locale\" content=\"fr_FR\" \/>\n<meta property=\"og:type\" content=\"article\" \/>\n<meta property=\"og:title\" content=\"Politique de cookies - Visit Empord\u00e0\" \/>\n<meta property=\"og:description\" content=\"Les cookies sont des petits fichiers de texte qui s&rsquo;installent sur les dispositifs que l&rsquo;utilisateur emploie pour acc\u00e9der \u00e0 notre site Internet. Ils peuvent conserver l&rsquo;identification de l&rsquo;utilisateur qui consulte le site Internet et les sites sur lesquels il navigue. Lorsque l&rsquo;utilisateur (vous dans le cas pr\u00e9sent) revient sur notre site, celui-ci lit les cookies [&hellip;]\" \/>\n<meta property=\"og:url\" content=\"https:\/\/visitemporda.com\/fr\/cookies\/\" \/>\n<meta property=\"og:site_name\" content=\"Visit Empord\u00e0\" \/>\n<meta property=\"article:publisher\" content=\"https:\/\/www.facebook.com\/baixempordaturisme\" \/>\n<meta property=\"article:modified_time\" content=\"2020-11-11T11:49:36+00:00\" \/>\n<meta name=\"twitter:card\" content=\"summary_large_image\" \/>\n<meta name=\"twitter:site\" content=\"@baixemporda_tur\" \/>\n<meta name=\"twitter:label1\" content=\"Dur\u00e9e de lecture estim\u00e9e\" \/>\n\t<meta name=\"twitter:data1\" content=\"2 minutes\" \/>\n<script type=\"application\/ld+json\" class=\"yoast-schema-graph\">{\"@context\":\"https:\\\/\\\/schema.org\",\"@graph\":[{\"@type\":\"WebPage\",\"@id\":\"https:\\\/\\\/visitemporda.com\\\/fr\\\/cookies\\\/\",\"url\":\"https:\\\/\\\/visitemporda.com\\\/fr\\\/cookies\\\/\",\"name\":\"Politique de cookies - Visit Empord\u00e0\",\"isPartOf\":{\"@id\":\"https:\\\/\\\/visitemporda.com\\\/fr\\\/#website\"},\"datePublished\":\"2019-03-20T15:41:39+00:00\",\"dateModified\":\"2020-11-11T11:49:36+00:00\",\"breadcrumb\":{\"@id\":\"https:\\\/\\\/visitemporda.com\\\/fr\\\/cookies\\\/#breadcrumb\"},\"inLanguage\":\"fr-FR\",\"potentialAction\":[{\"@type\":\"ReadAction\",\"target\":[\"https:\\\/\\\/visitemporda.com\\\/fr\\\/cookies\\\/\"]}]},{\"@type\":\"BreadcrumbList\",\"@id\":\"https:\\\/\\\/visitemporda.com\\\/fr\\\/cookies\\\/#breadcrumb\",\"itemListElement\":[{\"@type\":\"ListItem\",\"position\":1,\"name\":\"Inici\",\"item\":\"https:\\\/\\\/visitemporda.com\\\/fr\\\/\"},{\"@type\":\"ListItem\",\"position\":2,\"name\":\"Politique de cookies\"}]},{\"@type\":\"WebSite\",\"@id\":\"https:\\\/\\\/visitemporda.com\\\/fr\\\/#website\",\"url\":\"https:\\\/\\\/visitemporda.com\\\/fr\\\/\",\"name\":\"Visit Empord\u00e0\",\"description\":\"Site officiel du tourisme du Baix Empord\u00e0\",\"publisher\":{\"@id\":\"https:\\\/\\\/visitemporda.com\\\/fr\\\/#organization\"},\"potentialAction\":[{\"@type\":\"SearchAction\",\"target\":{\"@type\":\"EntryPoint\",\"urlTemplate\":\"https:\\\/\\\/visitemporda.com\\\/fr\\\/?s={search_term_string}\"},\"query-input\":{\"@type\":\"PropertyValueSpecification\",\"valueRequired\":true,\"valueName\":\"search_term_string\"}}],\"inLanguage\":\"fr-FR\"},{\"@type\":\"Organization\",\"@id\":\"https:\\\/\\\/visitemporda.com\\\/fr\\\/#organization\",\"name\":\"Consell Comarcal del Baix Empord\u00e0\",\"url\":\"https:\\\/\\\/visitemporda.com\\\/fr\\\/\",\"logo\":{\"@type\":\"ImageObject\",\"inLanguage\":\"fr-FR\",\"@id\":\"https:\\\/\\\/visitemporda.com\\\/fr\\\/#\\\/schema\\\/logo\\\/image\\\/\",\"url\":\"https:\\\/\\\/visitemporda.com\\\/wp-content\\\/uploads\\\/2024\\\/11\\\/Logotip_CCBE.png\",\"contentUrl\":\"https:\\\/\\\/visitemporda.com\\\/wp-content\\\/uploads\\\/2024\\\/11\\\/Logotip_CCBE.png\",\"width\":3617,\"height\":3617,\"caption\":\"Consell Comarcal del Baix Empord\u00e0\"},\"image\":{\"@id\":\"https:\\\/\\\/visitemporda.com\\\/fr\\\/#\\\/schema\\\/logo\\\/image\\\/\"},\"sameAs\":[\"https:\\\/\\\/www.facebook.com\\\/baixempordaturisme\",\"https:\\\/\\\/x.com\\\/baixemporda_tur\",\"https:\\\/\\\/www.instagram.com\\\/visitemporda\"]}]}<\/script>\n<!-- \/ Yoast SEO plugin. -->","yoast_head_json":{"title":"Politique de cookies - Visit Empord\u00e0","robots":{"index":"index","follow":"follow","max-snippet":"max-snippet:-1","max-image-preview":"max-image-preview:large","max-video-preview":"max-video-preview:-1"},"canonical":"https:\/\/visitemporda.com\/fr\/cookies\/","og_locale":"fr_FR","og_type":"article","og_title":"Politique de cookies - Visit Empord\u00e0","og_description":"Les cookies sont des petits fichiers de texte qui s&rsquo;installent sur les dispositifs que l&rsquo;utilisateur emploie pour acc\u00e9der \u00e0 notre site Internet. Ils peuvent conserver l&rsquo;identification de l&rsquo;utilisateur qui consulte le site Internet et les sites sur lesquels il navigue. Lorsque l&rsquo;utilisateur (vous dans le cas pr\u00e9sent) revient sur notre site, celui-ci lit les cookies [&hellip;]","og_url":"https:\/\/visitemporda.com\/fr\/cookies\/","og_site_name":"Visit Empord\u00e0","article_publisher":"https:\/\/www.facebook.com\/baixempordaturisme","article_modified_time":"2020-11-11T11:49:36+00:00","twitter_card":"summary_large_image","twitter_site":"@baixemporda_tur","twitter_misc":{"Dur\u00e9e de lecture estim\u00e9e":"2 minutes"},"schema":{"@context":"https:\/\/schema.org","@graph":[{"@type":"WebPage","@id":"https:\/\/visitemporda.com\/fr\/cookies\/","url":"https:\/\/visitemporda.com\/fr\/cookies\/","name":"Politique de cookies - Visit Empord\u00e0","isPartOf":{"@id":"https:\/\/visitemporda.com\/fr\/#website"},"datePublished":"2019-03-20T15:41:39+00:00","dateModified":"2020-11-11T11:49:36+00:00","breadcrumb":{"@id":"https:\/\/visitemporda.com\/fr\/cookies\/#breadcrumb"},"inLanguage":"fr-FR","potentialAction":[{"@type":"ReadAction","target":["https:\/\/visitemporda.com\/fr\/cookies\/"]}]},{"@type":"BreadcrumbList","@id":"https:\/\/visitemporda.com\/fr\/cookies\/#breadcrumb","itemListElement":[{"@type":"ListItem","position":1,"name":"Inici","item":"https:\/\/visitemporda.com\/fr\/"},{"@type":"ListItem","position":2,"name":"Politique de cookies"}]},{"@type":"WebSite","@id":"https:\/\/visitemporda.com\/fr\/#website","url":"https:\/\/visitemporda.com\/fr\/","name":"Visit Empord\u00e0","description":"Site officiel du tourisme du Baix Empord\u00e0","publisher":{"@id":"https:\/\/visitemporda.com\/fr\/#organization"},"potentialAction":[{"@type":"SearchAction","target":{"@type":"EntryPoint","urlTemplate":"https:\/\/visitemporda.com\/fr\/?s={search_term_string}"},"query-input":{"@type":"PropertyValueSpecification","valueRequired":true,"valueName":"search_term_string"}}],"inLanguage":"fr-FR"},{"@type":"Organization","@id":"https:\/\/visitemporda.com\/fr\/#organization","name":"Consell Comarcal del Baix Empord\u00e0","url":"https:\/\/visitemporda.com\/fr\/","logo":{"@type":"ImageObject","inLanguage":"fr-FR","@id":"https:\/\/visitemporda.com\/fr\/#\/schema\/logo\/image\/","url":"https:\/\/visitemporda.com\/wp-content\/uploads\/2024\/11\/Logotip_CCBE.png","contentUrl":"https:\/\/visitemporda.com\/wp-content\/uploads\/2024\/11\/Logotip_CCBE.png","width":3617,"height":3617,"caption":"Consell Comarcal del Baix Empord\u00e0"},"image":{"@id":"https:\/\/visitemporda.com\/fr\/#\/schema\/logo\/image\/"},"sameAs":["https:\/\/www.facebook.com\/baixempordaturisme","https:\/\/x.com\/baixemporda_tur","https:\/\/www.instagram.com\/visitemporda"]}]}},"_links":{"self":[{"href":"https:\/\/visitemporda.com\/fr\/wp-json\/wp\/v2\/pages\/21153","targetHints":{"allow":["GET"]}}],"collection":[{"href":"https:\/\/visitemporda.com\/fr\/wp-json\/wp\/v2\/pages"}],"about":[{"href":"https:\/\/visitemporda.com\/fr\/wp-json\/wp\/v2\/types\/page"}],"author":[{"embeddable":true,"href":"https:\/\/visitemporda.com\/fr\/wp-json\/wp\/v2\/users\/2"}],"replies":[{"embeddable":true,"href":"https:\/\/visitemporda.com\/fr\/wp-json\/wp\/v2\/comments?post=21153"}],"version-history":[{"count":3,"href":"https:\/\/visitemporda.com\/fr\/wp-json\/wp\/v2\/pages\/21153\/revisions"}],"predecessor-version":[{"id":21159,"href":"https:\/\/visitemporda.com\/fr\/wp-json\/wp\/v2\/pages\/21153\/revisions\/21159"}],"wp:attachment":[{"href":"https:\/\/visitemporda.com\/fr\/wp-json\/wp\/v2\/media?parent=21153"}],"curies":[{"name":"wp","href":"https:\/\/api.w.org\/{rel}","templated":true}]}}