

{"id":21150,"date":"2019-03-20T16:40:37","date_gmt":"2019-03-20T15:40:37","guid":{"rendered":"http:\/\/visitemporda.com\/nota-legal\/"},"modified":"2020-11-11T12:43:32","modified_gmt":"2020-11-11T11:43:32","slug":"nota-legal","status":"publish","type":"page","link":"https:\/\/visitemporda.com\/fr\/nota-legal\/","title":{"rendered":"Avis l\u00e9gal"},"content":{"rendered":"<p>Le pr\u00e9sent site Internet et le domaine appartiennent au Conseil Cantonal du Baix Empord\u00e0, sis carrer Tarongers num. 12, de La Bisbal d&rsquo;Empord\u00e0 (CP\u00a017100), NIF P6700009A, t\u00e9l +\u00a034\u00a0972\u00a064\u00a023\u00a010\u00a0et courriel\u00a0<a href=\"mailto:consell@baixemporda.cat\">consell@baixemporda.cat<\/a>.<\/p>\n<p>Les contenus du pr\u00e9sent site Internet tels que les textes, les images et les dessins sont prot\u00e9g\u00e9s par des droits de propri\u00e9t\u00e9 intellectuelle qui appartiennent au Conseil ou aux tiers qui en ont autoris\u00e9 l&rsquo;utilisation. Le Conseil pr\u00e9sente lesdits contenus en vue d&rsquo;informer et de proposer des services. D&rsquo;une fa\u00e7on g\u00e9n\u00e9rale et sauf si le r\u00e8glement stipule le contraire, il est possible de reproduire, distribuer et communiquer lesdits contenus publiquement dans le respect d&rsquo;une optique commerciale et des finalit\u00e9s du site Internet.<\/p>\n<p>Le Conseil informe que son logotype ne peut \u00eatre utilis\u00e9 que pour identifier des activit\u00e9s ou des initiatives du Conseil, ou d&rsquo;autres personnes ou institutions d\u00e8s lors que lesdites initiatives ou activit\u00e9s b\u00e9n\u00e9ficient de son soutien explicite ou de sa participation.<\/p>\n<p>Le Conseil entend qu&rsquo;au moment de remplir les formulaires qui figurent sur le site, l&rsquo;utilisateur se consid\u00e8re comme suffisamment inform\u00e9 des finalit\u00e9s de la collecte de ses donn\u00e9es \u00e0 caract\u00e8re personnel et du traitement qui en d\u00e9coulera. Sauf stipulation contraire, lesdites donn\u00e9es seront int\u00e9gr\u00e9es dans les fichiers du Conseil afin d&rsquo;\u00eatre trait\u00e9es dans le respect des finalit\u00e9s indiqu\u00e9es dans chaque cas. Les personnes concern\u00e9es pourront exercer leurs droits d&rsquo;acc\u00e8s, de rectification, d&rsquo;opposition et d&rsquo;annulation en s&rsquo;adressant au Conseil par n&rsquo;importe quel biais. Elles peuvent obtenir davantage d&rsquo;informations sur les crit\u00e8res et mesures en mati\u00e8re de traitement des donn\u00e9es en \u00e9crivant aux adresses du Conseil qui figurent au d\u00e9but du pr\u00e9sent avis.<\/p>\n<p>Le Conseil informe les utilisateurs du site Internet du fait que leurs donn\u00e9es \u00e0 caract\u00e8re personnel ne seront pas contr\u00f4l\u00e9es par des cookies qui en permettront l&rsquo;identification.<\/p>\n<p>Le Conseil d\u00e9cline toute responsabilit\u00e9 vis-\u00e0-vis des utilisateurs de son site Internet en cas de possibles dommages ou pr\u00e9judices susceptibles de d\u00e9couler d&rsquo;interf\u00e9rences, omissions, interruptions, virus informatiques, surcharge des lignes, pannes ou ruptures de connexion lorsqu&rsquo;ils sont dus \u00e0 des raisons ind\u00e9pendantes de sa volont\u00e9. Il d\u00e9cline \u00e9galement toute responsabilit\u00e9 quant aux dommages susceptibles d&rsquo;\u00eatre caus\u00e9s par des tiers via des intromissions ill\u00e9gitimes \u00e9chappant \u00e0 son contr\u00f4le. Toutefois, il s&rsquo;engage \u00e0 pr\u00e9venir pr\u00e9alablement des interruptions qui se produiront au cours du fonctionnement du site Internet et des services.<\/p>\n<p>Le Conseil d\u00e9cline toute responsabilit\u00e9 quant au contenu, \u00e0 l&rsquo;exactitude et \u00e0 la mise \u00e0 jour des informations d&rsquo;autres personnes physiques ou morales auxquelles il se r\u00e9f\u00e8re par le biais de liens ou d&rsquo;autres syst\u00e8mes.<\/p>\n<p>Toute pr\u00e9sentation des contenus dudit site Internet dans une autre fen\u00eatre (framing) sans l&rsquo;autorisation expresse \u00e9crite du Conseil est formellement interdite.<\/p>\n<p>Les possibles litiges relatifs \u00e0 l&rsquo;utilisation du pr\u00e9sent site Internet seront exclusivement r\u00e9gis par le droit de l&rsquo;\u00c9tat espagnol et de la Catalogne. Tout utilisateur du site Internet, ind\u00e9pendamment de la juridiction territoriale depuis laquelle il y acc\u00e8de, accepte de respecter la pr\u00e9sente clause en renon\u00e7ant express\u00e9ment \u00e0 toute autre juridiction.<\/p>\n","protected":false},"excerpt":{"rendered":"<p>Le pr\u00e9sent site Internet et le domaine appartiennent au Conseil Cantonal du Baix Empord\u00e0, sis carrer Tarongers num. 12, de La Bisbal d&rsquo;Empord\u00e0 (CP\u00a017100), NIF P6700009A, t\u00e9l +\u00a034\u00a0972\u00a064\u00a023\u00a010\u00a0et courriel\u00a0consell@baixemporda.cat. Les contenus du pr\u00e9sent site Internet tels que les textes, les images et les dessins sont prot\u00e9g\u00e9s par des droits de propri\u00e9t\u00e9 intellectuelle qui appartiennent au [&hellip;]<\/p>\n","protected":false},"author":2,"featured_media":0,"parent":0,"menu_order":0,"comment_status":"closed","ping_status":"closed","template":"","meta":{"_acf_changed":false,"footnotes":""},"class_list":["post-21150","page","type-page","status-publish","hentry"],"acf":[],"yoast_head":"<!-- This site is optimized with the Yoast SEO plugin v27.3 - https:\/\/yoast.com\/product\/yoast-seo-wordpress\/ -->\n<title>Avis l\u00e9gal - Visit Empord\u00e0<\/title>\n<meta name=\"robots\" content=\"index, follow, max-snippet:-1, max-image-preview:large, max-video-preview:-1\" \/>\n<link rel=\"canonical\" href=\"https:\/\/visitemporda.com\/fr\/nota-legal\/\" \/>\n<meta property=\"og:locale\" content=\"fr_FR\" \/>\n<meta property=\"og:type\" content=\"article\" \/>\n<meta property=\"og:title\" content=\"Avis l\u00e9gal - Visit Empord\u00e0\" \/>\n<meta property=\"og:description\" content=\"Le pr\u00e9sent site Internet et le domaine appartiennent au Conseil Cantonal du Baix Empord\u00e0, sis carrer Tarongers num. 12, de La Bisbal d&rsquo;Empord\u00e0 (CP\u00a017100), NIF P6700009A, t\u00e9l +\u00a034\u00a0972\u00a064\u00a023\u00a010\u00a0et courriel\u00a0consell@baixemporda.cat. Les contenus du pr\u00e9sent site Internet tels que les textes, les images et les dessins sont prot\u00e9g\u00e9s par des droits de propri\u00e9t\u00e9 intellectuelle qui appartiennent au [&hellip;]\" \/>\n<meta property=\"og:url\" content=\"https:\/\/visitemporda.com\/fr\/nota-legal\/\" \/>\n<meta property=\"og:site_name\" content=\"Visit Empord\u00e0\" \/>\n<meta property=\"article:publisher\" content=\"https:\/\/www.facebook.com\/baixempordaturisme\" \/>\n<meta property=\"article:modified_time\" content=\"2020-11-11T11:43:32+00:00\" \/>\n<meta name=\"twitter:card\" content=\"summary_large_image\" \/>\n<meta name=\"twitter:site\" content=\"@baixemporda_tur\" \/>\n<meta name=\"twitter:label1\" content=\"Dur\u00e9e de lecture estim\u00e9e\" \/>\n\t<meta name=\"twitter:data1\" content=\"3 minutes\" \/>\n<script type=\"application\/ld+json\" class=\"yoast-schema-graph\">{\"@context\":\"https:\\\/\\\/schema.org\",\"@graph\":[{\"@type\":\"WebPage\",\"@id\":\"https:\\\/\\\/visitemporda.com\\\/fr\\\/nota-legal\\\/\",\"url\":\"https:\\\/\\\/visitemporda.com\\\/fr\\\/nota-legal\\\/\",\"name\":\"Avis l\u00e9gal - Visit Empord\u00e0\",\"isPartOf\":{\"@id\":\"https:\\\/\\\/visitemporda.com\\\/fr\\\/#website\"},\"datePublished\":\"2019-03-20T15:40:37+00:00\",\"dateModified\":\"2020-11-11T11:43:32+00:00\",\"breadcrumb\":{\"@id\":\"https:\\\/\\\/visitemporda.com\\\/fr\\\/nota-legal\\\/#breadcrumb\"},\"inLanguage\":\"fr-FR\",\"potentialAction\":[{\"@type\":\"ReadAction\",\"target\":[\"https:\\\/\\\/visitemporda.com\\\/fr\\\/nota-legal\\\/\"]}]},{\"@type\":\"BreadcrumbList\",\"@id\":\"https:\\\/\\\/visitemporda.com\\\/fr\\\/nota-legal\\\/#breadcrumb\",\"itemListElement\":[{\"@type\":\"ListItem\",\"position\":1,\"name\":\"Inici\",\"item\":\"https:\\\/\\\/visitemporda.com\\\/fr\\\/\"},{\"@type\":\"ListItem\",\"position\":2,\"name\":\"Avis l\u00e9gal\"}]},{\"@type\":\"WebSite\",\"@id\":\"https:\\\/\\\/visitemporda.com\\\/fr\\\/#website\",\"url\":\"https:\\\/\\\/visitemporda.com\\\/fr\\\/\",\"name\":\"Visit Empord\u00e0\",\"description\":\"Site officiel du tourisme du Baix Empord\u00e0\",\"publisher\":{\"@id\":\"https:\\\/\\\/visitemporda.com\\\/fr\\\/#organization\"},\"potentialAction\":[{\"@type\":\"SearchAction\",\"target\":{\"@type\":\"EntryPoint\",\"urlTemplate\":\"https:\\\/\\\/visitemporda.com\\\/fr\\\/?s={search_term_string}\"},\"query-input\":{\"@type\":\"PropertyValueSpecification\",\"valueRequired\":true,\"valueName\":\"search_term_string\"}}],\"inLanguage\":\"fr-FR\"},{\"@type\":\"Organization\",\"@id\":\"https:\\\/\\\/visitemporda.com\\\/fr\\\/#organization\",\"name\":\"Consell Comarcal del Baix Empord\u00e0\",\"url\":\"https:\\\/\\\/visitemporda.com\\\/fr\\\/\",\"logo\":{\"@type\":\"ImageObject\",\"inLanguage\":\"fr-FR\",\"@id\":\"https:\\\/\\\/visitemporda.com\\\/fr\\\/#\\\/schema\\\/logo\\\/image\\\/\",\"url\":\"https:\\\/\\\/visitemporda.com\\\/wp-content\\\/uploads\\\/2024\\\/11\\\/Logotip_CCBE.png\",\"contentUrl\":\"https:\\\/\\\/visitemporda.com\\\/wp-content\\\/uploads\\\/2024\\\/11\\\/Logotip_CCBE.png\",\"width\":3617,\"height\":3617,\"caption\":\"Consell Comarcal del Baix Empord\u00e0\"},\"image\":{\"@id\":\"https:\\\/\\\/visitemporda.com\\\/fr\\\/#\\\/schema\\\/logo\\\/image\\\/\"},\"sameAs\":[\"https:\\\/\\\/www.facebook.com\\\/baixempordaturisme\",\"https:\\\/\\\/x.com\\\/baixemporda_tur\",\"https:\\\/\\\/www.instagram.com\\\/visitemporda\"]}]}<\/script>\n<!-- \/ Yoast SEO plugin. -->","yoast_head_json":{"title":"Avis l\u00e9gal - Visit Empord\u00e0","robots":{"index":"index","follow":"follow","max-snippet":"max-snippet:-1","max-image-preview":"max-image-preview:large","max-video-preview":"max-video-preview:-1"},"canonical":"https:\/\/visitemporda.com\/fr\/nota-legal\/","og_locale":"fr_FR","og_type":"article","og_title":"Avis l\u00e9gal - Visit Empord\u00e0","og_description":"Le pr\u00e9sent site Internet et le domaine appartiennent au Conseil Cantonal du Baix Empord\u00e0, sis carrer Tarongers num. 12, de La Bisbal d&rsquo;Empord\u00e0 (CP\u00a017100), NIF P6700009A, t\u00e9l +\u00a034\u00a0972\u00a064\u00a023\u00a010\u00a0et courriel\u00a0consell@baixemporda.cat. Les contenus du pr\u00e9sent site Internet tels que les textes, les images et les dessins sont prot\u00e9g\u00e9s par des droits de propri\u00e9t\u00e9 intellectuelle qui appartiennent au [&hellip;]","og_url":"https:\/\/visitemporda.com\/fr\/nota-legal\/","og_site_name":"Visit Empord\u00e0","article_publisher":"https:\/\/www.facebook.com\/baixempordaturisme","article_modified_time":"2020-11-11T11:43:32+00:00","twitter_card":"summary_large_image","twitter_site":"@baixemporda_tur","twitter_misc":{"Dur\u00e9e de lecture estim\u00e9e":"3 minutes"},"schema":{"@context":"https:\/\/schema.org","@graph":[{"@type":"WebPage","@id":"https:\/\/visitemporda.com\/fr\/nota-legal\/","url":"https:\/\/visitemporda.com\/fr\/nota-legal\/","name":"Avis l\u00e9gal - Visit Empord\u00e0","isPartOf":{"@id":"https:\/\/visitemporda.com\/fr\/#website"},"datePublished":"2019-03-20T15:40:37+00:00","dateModified":"2020-11-11T11:43:32+00:00","breadcrumb":{"@id":"https:\/\/visitemporda.com\/fr\/nota-legal\/#breadcrumb"},"inLanguage":"fr-FR","potentialAction":[{"@type":"ReadAction","target":["https:\/\/visitemporda.com\/fr\/nota-legal\/"]}]},{"@type":"BreadcrumbList","@id":"https:\/\/visitemporda.com\/fr\/nota-legal\/#breadcrumb","itemListElement":[{"@type":"ListItem","position":1,"name":"Inici","item":"https:\/\/visitemporda.com\/fr\/"},{"@type":"ListItem","position":2,"name":"Avis l\u00e9gal"}]},{"@type":"WebSite","@id":"https:\/\/visitemporda.com\/fr\/#website","url":"https:\/\/visitemporda.com\/fr\/","name":"Visit Empord\u00e0","description":"Site officiel du tourisme du Baix Empord\u00e0","publisher":{"@id":"https:\/\/visitemporda.com\/fr\/#organization"},"potentialAction":[{"@type":"SearchAction","target":{"@type":"EntryPoint","urlTemplate":"https:\/\/visitemporda.com\/fr\/?s={search_term_string}"},"query-input":{"@type":"PropertyValueSpecification","valueRequired":true,"valueName":"search_term_string"}}],"inLanguage":"fr-FR"},{"@type":"Organization","@id":"https:\/\/visitemporda.com\/fr\/#organization","name":"Consell Comarcal del Baix Empord\u00e0","url":"https:\/\/visitemporda.com\/fr\/","logo":{"@type":"ImageObject","inLanguage":"fr-FR","@id":"https:\/\/visitemporda.com\/fr\/#\/schema\/logo\/image\/","url":"https:\/\/visitemporda.com\/wp-content\/uploads\/2024\/11\/Logotip_CCBE.png","contentUrl":"https:\/\/visitemporda.com\/wp-content\/uploads\/2024\/11\/Logotip_CCBE.png","width":3617,"height":3617,"caption":"Consell Comarcal del Baix Empord\u00e0"},"image":{"@id":"https:\/\/visitemporda.com\/fr\/#\/schema\/logo\/image\/"},"sameAs":["https:\/\/www.facebook.com\/baixempordaturisme","https:\/\/x.com\/baixemporda_tur","https:\/\/www.instagram.com\/visitemporda"]}]}},"_links":{"self":[{"href":"https:\/\/visitemporda.com\/fr\/wp-json\/wp\/v2\/pages\/21150","targetHints":{"allow":["GET"]}}],"collection":[{"href":"https:\/\/visitemporda.com\/fr\/wp-json\/wp\/v2\/pages"}],"about":[{"href":"https:\/\/visitemporda.com\/fr\/wp-json\/wp\/v2\/types\/page"}],"author":[{"embeddable":true,"href":"https:\/\/visitemporda.com\/fr\/wp-json\/wp\/v2\/users\/2"}],"replies":[{"embeddable":true,"href":"https:\/\/visitemporda.com\/fr\/wp-json\/wp\/v2\/comments?post=21150"}],"version-history":[{"count":2,"href":"https:\/\/visitemporda.com\/fr\/wp-json\/wp\/v2\/pages\/21150\/revisions"}],"predecessor-version":[{"id":21152,"href":"https:\/\/visitemporda.com\/fr\/wp-json\/wp\/v2\/pages\/21150\/revisions\/21152"}],"wp:attachment":[{"href":"https:\/\/visitemporda.com\/fr\/wp-json\/wp\/v2\/media?parent=21150"}],"curies":[{"name":"wp","href":"https:\/\/api.w.org\/{rel}","templated":true}]}}