

{"id":21034,"date":"2019-10-08T15:03:54","date_gmt":"2019-10-08T13:03:54","guid":{"rendered":"http:\/\/visitemporda.com\/planifica\/propostes\/territori-i-natura\/cicloturisme\/"},"modified":"2020-11-06T15:41:08","modified_gmt":"2020-11-06T14:41:08","slug":"cicloturisme","status":"publish","type":"page","link":"https:\/\/visitemporda.com\/fr\/recomenacions\/propostes\/territori-i-natura\/cicloturisme\/","title":{"rendered":"Cyclotourisme \/ cyclisme (cyclotourisme sportif)"},"content":{"rendered":"<p>Le relief du canton est id\u00e9al pour la pratique d\u2019une activit\u00e9 comme le cyclotourisme. Une immense plaine s\u2019\u00e9tend entre le massif des Gavarres et le massif du Montgr\u00ed. Y cohabitent en toute harmonie des champs de culture et de petits villages d\u2019origine m\u00e9di\u00e9vale. Certains d\u2019entre eux sont nich\u00e9s sur de petits monticules. Une exp\u00e9rience et un plaisir \u00e0 vivre, \u00e0 coups de p\u00e9dale, sans se presser, qui vous aidera \u00e0 comprendre le rythme tranquille et la qualit\u00e9 de vie des Ampourdanais.<\/p>\n<p>Le Baix Empord\u00e0 dispose d\u2019un r\u00e9seau local de cyclotourisme de presque\u00a0400\u00a0km, qui relie tous les villages par des routes locales ou des chemins de terre. Toute cette infrastructure est balis\u00e9e et entretenue.<\/p>\n<p>Il y a mille et une fa\u00e7ons de pratiquer la randonn\u00e9e, par \u00e9tapes ou par des itin\u00e9raires circulaires et de petites excursions qui peuvent \u00eatre adapt\u00e9es \u00e0 vos besoins.\u00a0 Le canal Wikiloc Baix Empord\u00e0 vous aidera \u00e0 disposer des circuits pour pouvoir suivre les itin\u00e9raires sur votre t\u00e9l\u00e9phone portable ou votre GPS.<\/p>\n<p>Le Baix Empord\u00e0 dispose \u00e9galement de diff\u00e9rentes voies vertes. Il est, en outre, travers\u00e9 par l\u2019itin\u00e9raire Pirinexus. Plus d&rsquo;information \u00e0 <a href=\"https:\/\/www.viesverdes.cat\/\" target=\"_blank\" rel=\"noopener noreferrer\">www.viesverdes.cat<\/a><\/p>\n<p>Les amoureux du cyclotourisme plus sportif (cyclisme) seront ravis par les circuits con\u00e7us pour admirer les ports les plus repr\u00e9sentatifs du canton qui les entourent ainsi que les principaux villages.<\/p>\n","protected":false},"excerpt":{"rendered":"<p>Le relief du canton est id\u00e9al pour la pratique d\u2019une activit\u00e9 comme le cyclotourisme. Une immense plaine s\u2019\u00e9tend entre le massif des Gavarres et le massif du Montgr\u00ed. Y cohabitent en toute harmonie des champs de culture et de petits villages d\u2019origine m\u00e9di\u00e9vale. Certains d\u2019entre eux sont nich\u00e9s sur de petits monticules. Une exp\u00e9rience et [&hellip;]<\/p>\n","protected":false},"author":2,"featured_media":19873,"parent":18730,"menu_order":0,"comment_status":"closed","ping_status":"closed","template":"page-templates\/cicloturisme.php","meta":{"_acf_changed":false,"footnotes":""},"class_list":["post-21034","page","type-page","status-publish","has-post-thumbnail","hentry"],"acf":[],"yoast_head":"<!-- This site is optimized with the Yoast SEO plugin v27.3 - https:\/\/yoast.com\/product\/yoast-seo-wordpress\/ -->\n<title>Cyclotourisme \/ cyclisme (cyclotourisme sportif) - Visit Empord\u00e0<\/title>\n<meta name=\"robots\" content=\"index, follow, max-snippet:-1, max-image-preview:large, max-video-preview:-1\" \/>\n<link rel=\"canonical\" href=\"https:\/\/visitemporda.com\/fr\/recomenacions\/propostes\/territori-i-natura\/cicloturisme\/\" \/>\n<meta property=\"og:locale\" content=\"fr_FR\" \/>\n<meta property=\"og:type\" content=\"article\" \/>\n<meta property=\"og:title\" content=\"Cyclotourisme \/ cyclisme (cyclotourisme sportif) - Visit Empord\u00e0\" \/>\n<meta property=\"og:description\" content=\"Le relief du canton est id\u00e9al pour la pratique d\u2019une activit\u00e9 comme le cyclotourisme. Une immense plaine s\u2019\u00e9tend entre le massif des Gavarres et le massif du Montgr\u00ed. Y cohabitent en toute harmonie des champs de culture et de petits villages d\u2019origine m\u00e9di\u00e9vale. Certains d\u2019entre eux sont nich\u00e9s sur de petits monticules. Une exp\u00e9rience et [&hellip;]\" \/>\n<meta property=\"og:url\" content=\"https:\/\/visitemporda.com\/fr\/recomenacions\/propostes\/territori-i-natura\/cicloturisme\/\" \/>\n<meta property=\"og:site_name\" content=\"Visit Empord\u00e0\" \/>\n<meta property=\"article:publisher\" content=\"https:\/\/www.facebook.com\/baixempordaturisme\" \/>\n<meta property=\"article:modified_time\" content=\"2020-11-06T14:41:08+00:00\" \/>\n<meta property=\"og:image\" content=\"https:\/\/visitemporda.com\/wp-content\/uploads\/2020\/09\/ciclo-Peratallada-1.jpg\" \/>\n\t<meta property=\"og:image:width\" content=\"1366\" \/>\n\t<meta property=\"og:image:height\" content=\"768\" \/>\n\t<meta property=\"og:image:type\" content=\"image\/jpeg\" \/>\n<meta name=\"twitter:card\" content=\"summary_large_image\" \/>\n<meta name=\"twitter:site\" content=\"@baixemporda_tur\" \/>\n<meta name=\"twitter:label1\" content=\"Dur\u00e9e de lecture estim\u00e9e\" \/>\n\t<meta name=\"twitter:data1\" content=\"1 minute\" \/>\n<script type=\"application\/ld+json\" class=\"yoast-schema-graph\">{\"@context\":\"https:\\\/\\\/schema.org\",\"@graph\":[{\"@type\":\"WebPage\",\"@id\":\"https:\\\/\\\/visitemporda.com\\\/fr\\\/recomenacions\\\/propostes\\\/territori-i-natura\\\/cicloturisme\\\/\",\"url\":\"https:\\\/\\\/visitemporda.com\\\/fr\\\/recomenacions\\\/propostes\\\/territori-i-natura\\\/cicloturisme\\\/\",\"name\":\"Cyclotourisme \\\/ cyclisme (cyclotourisme sportif) - Visit Empord\u00e0\",\"isPartOf\":{\"@id\":\"https:\\\/\\\/visitemporda.com\\\/fr\\\/#website\"},\"primaryImageOfPage\":{\"@id\":\"https:\\\/\\\/visitemporda.com\\\/fr\\\/recomenacions\\\/propostes\\\/territori-i-natura\\\/cicloturisme\\\/#primaryimage\"},\"image\":{\"@id\":\"https:\\\/\\\/visitemporda.com\\\/fr\\\/recomenacions\\\/propostes\\\/territori-i-natura\\\/cicloturisme\\\/#primaryimage\"},\"thumbnailUrl\":\"https:\\\/\\\/visitemporda.com\\\/wp-content\\\/uploads\\\/2020\\\/09\\\/ciclo-Peratallada-1.jpg\",\"datePublished\":\"2019-10-08T13:03:54+00:00\",\"dateModified\":\"2020-11-06T14:41:08+00:00\",\"breadcrumb\":{\"@id\":\"https:\\\/\\\/visitemporda.com\\\/fr\\\/recomenacions\\\/propostes\\\/territori-i-natura\\\/cicloturisme\\\/#breadcrumb\"},\"inLanguage\":\"fr-FR\",\"potentialAction\":[{\"@type\":\"ReadAction\",\"target\":[\"https:\\\/\\\/visitemporda.com\\\/fr\\\/recomenacions\\\/propostes\\\/territori-i-natura\\\/cicloturisme\\\/\"]}]},{\"@type\":\"ImageObject\",\"inLanguage\":\"fr-FR\",\"@id\":\"https:\\\/\\\/visitemporda.com\\\/fr\\\/recomenacions\\\/propostes\\\/territori-i-natura\\\/cicloturisme\\\/#primaryimage\",\"url\":\"https:\\\/\\\/visitemporda.com\\\/wp-content\\\/uploads\\\/2020\\\/09\\\/ciclo-Peratallada-1.jpg\",\"contentUrl\":\"https:\\\/\\\/visitemporda.com\\\/wp-content\\\/uploads\\\/2020\\\/09\\\/ciclo-Peratallada-1.jpg\",\"width\":1366,\"height\":768,\"caption\":\"noia en bicicleta que va per un cam\u00ed asfaltat cap a Peratallada\"},{\"@type\":\"BreadcrumbList\",\"@id\":\"https:\\\/\\\/visitemporda.com\\\/fr\\\/recomenacions\\\/propostes\\\/territori-i-natura\\\/cicloturisme\\\/#breadcrumb\",\"itemListElement\":[{\"@type\":\"ListItem\",\"position\":1,\"name\":\"Inici\",\"item\":\"https:\\\/\\\/visitemporda.com\\\/fr\\\/\"},{\"@type\":\"ListItem\",\"position\":2,\"name\":\"Recommandations\",\"item\":\"https:\\\/\\\/visitemporda.com\\\/fr\\\/recomenacions\\\/\"},{\"@type\":\"ListItem\",\"position\":3,\"name\":\"Quoi faire\",\"item\":\"https:\\\/\\\/visitemporda.com\\\/fr\\\/recomenacions\\\/propostes\\\/\"},{\"@type\":\"ListItem\",\"position\":4,\"name\":\"Propositions de nature\",\"item\":\"https:\\\/\\\/visitemporda.com\\\/fr\\\/recomenacions\\\/propostes\\\/territori-i-natura\\\/\"},{\"@type\":\"ListItem\",\"position\":5,\"name\":\"Cyclotourisme \\\/ cyclisme (cyclotourisme sportif)\"}]},{\"@type\":\"WebSite\",\"@id\":\"https:\\\/\\\/visitemporda.com\\\/fr\\\/#website\",\"url\":\"https:\\\/\\\/visitemporda.com\\\/fr\\\/\",\"name\":\"Visit Empord\u00e0\",\"description\":\"Site officiel du tourisme du Baix Empord\u00e0\",\"publisher\":{\"@id\":\"https:\\\/\\\/visitemporda.com\\\/fr\\\/#organization\"},\"potentialAction\":[{\"@type\":\"SearchAction\",\"target\":{\"@type\":\"EntryPoint\",\"urlTemplate\":\"https:\\\/\\\/visitemporda.com\\\/fr\\\/?s={search_term_string}\"},\"query-input\":{\"@type\":\"PropertyValueSpecification\",\"valueRequired\":true,\"valueName\":\"search_term_string\"}}],\"inLanguage\":\"fr-FR\"},{\"@type\":\"Organization\",\"@id\":\"https:\\\/\\\/visitemporda.com\\\/fr\\\/#organization\",\"name\":\"Consell Comarcal del Baix Empord\u00e0\",\"url\":\"https:\\\/\\\/visitemporda.com\\\/fr\\\/\",\"logo\":{\"@type\":\"ImageObject\",\"inLanguage\":\"fr-FR\",\"@id\":\"https:\\\/\\\/visitemporda.com\\\/fr\\\/#\\\/schema\\\/logo\\\/image\\\/\",\"url\":\"https:\\\/\\\/visitemporda.com\\\/wp-content\\\/uploads\\\/2024\\\/11\\\/Logotip_CCBE.png\",\"contentUrl\":\"https:\\\/\\\/visitemporda.com\\\/wp-content\\\/uploads\\\/2024\\\/11\\\/Logotip_CCBE.png\",\"width\":3617,\"height\":3617,\"caption\":\"Consell Comarcal del Baix Empord\u00e0\"},\"image\":{\"@id\":\"https:\\\/\\\/visitemporda.com\\\/fr\\\/#\\\/schema\\\/logo\\\/image\\\/\"},\"sameAs\":[\"https:\\\/\\\/www.facebook.com\\\/baixempordaturisme\",\"https:\\\/\\\/x.com\\\/baixemporda_tur\",\"https:\\\/\\\/www.instagram.com\\\/visitemporda\"]}]}<\/script>\n<!-- \/ Yoast SEO plugin. -->","yoast_head_json":{"title":"Cyclotourisme \/ cyclisme (cyclotourisme sportif) - Visit Empord\u00e0","robots":{"index":"index","follow":"follow","max-snippet":"max-snippet:-1","max-image-preview":"max-image-preview:large","max-video-preview":"max-video-preview:-1"},"canonical":"https:\/\/visitemporda.com\/fr\/recomenacions\/propostes\/territori-i-natura\/cicloturisme\/","og_locale":"fr_FR","og_type":"article","og_title":"Cyclotourisme \/ cyclisme (cyclotourisme sportif) - Visit Empord\u00e0","og_description":"Le relief du canton est id\u00e9al pour la pratique d\u2019une activit\u00e9 comme le cyclotourisme. Une immense plaine s\u2019\u00e9tend entre le massif des Gavarres et le massif du Montgr\u00ed. Y cohabitent en toute harmonie des champs de culture et de petits villages d\u2019origine m\u00e9di\u00e9vale. Certains d\u2019entre eux sont nich\u00e9s sur de petits monticules. Une exp\u00e9rience et [&hellip;]","og_url":"https:\/\/visitemporda.com\/fr\/recomenacions\/propostes\/territori-i-natura\/cicloturisme\/","og_site_name":"Visit Empord\u00e0","article_publisher":"https:\/\/www.facebook.com\/baixempordaturisme","article_modified_time":"2020-11-06T14:41:08+00:00","og_image":[{"width":1366,"height":768,"url":"https:\/\/visitemporda.com\/wp-content\/uploads\/2020\/09\/ciclo-Peratallada-1.jpg","type":"image\/jpeg"}],"twitter_card":"summary_large_image","twitter_site":"@baixemporda_tur","twitter_misc":{"Dur\u00e9e de lecture estim\u00e9e":"1 minute"},"schema":{"@context":"https:\/\/schema.org","@graph":[{"@type":"WebPage","@id":"https:\/\/visitemporda.com\/fr\/recomenacions\/propostes\/territori-i-natura\/cicloturisme\/","url":"https:\/\/visitemporda.com\/fr\/recomenacions\/propostes\/territori-i-natura\/cicloturisme\/","name":"Cyclotourisme \/ cyclisme (cyclotourisme sportif) - Visit Empord\u00e0","isPartOf":{"@id":"https:\/\/visitemporda.com\/fr\/#website"},"primaryImageOfPage":{"@id":"https:\/\/visitemporda.com\/fr\/recomenacions\/propostes\/territori-i-natura\/cicloturisme\/#primaryimage"},"image":{"@id":"https:\/\/visitemporda.com\/fr\/recomenacions\/propostes\/territori-i-natura\/cicloturisme\/#primaryimage"},"thumbnailUrl":"https:\/\/visitemporda.com\/wp-content\/uploads\/2020\/09\/ciclo-Peratallada-1.jpg","datePublished":"2019-10-08T13:03:54+00:00","dateModified":"2020-11-06T14:41:08+00:00","breadcrumb":{"@id":"https:\/\/visitemporda.com\/fr\/recomenacions\/propostes\/territori-i-natura\/cicloturisme\/#breadcrumb"},"inLanguage":"fr-FR","potentialAction":[{"@type":"ReadAction","target":["https:\/\/visitemporda.com\/fr\/recomenacions\/propostes\/territori-i-natura\/cicloturisme\/"]}]},{"@type":"ImageObject","inLanguage":"fr-FR","@id":"https:\/\/visitemporda.com\/fr\/recomenacions\/propostes\/territori-i-natura\/cicloturisme\/#primaryimage","url":"https:\/\/visitemporda.com\/wp-content\/uploads\/2020\/09\/ciclo-Peratallada-1.jpg","contentUrl":"https:\/\/visitemporda.com\/wp-content\/uploads\/2020\/09\/ciclo-Peratallada-1.jpg","width":1366,"height":768,"caption":"noia en bicicleta que va per un cam\u00ed asfaltat cap a Peratallada"},{"@type":"BreadcrumbList","@id":"https:\/\/visitemporda.com\/fr\/recomenacions\/propostes\/territori-i-natura\/cicloturisme\/#breadcrumb","itemListElement":[{"@type":"ListItem","position":1,"name":"Inici","item":"https:\/\/visitemporda.com\/fr\/"},{"@type":"ListItem","position":2,"name":"Recommandations","item":"https:\/\/visitemporda.com\/fr\/recomenacions\/"},{"@type":"ListItem","position":3,"name":"Quoi faire","item":"https:\/\/visitemporda.com\/fr\/recomenacions\/propostes\/"},{"@type":"ListItem","position":4,"name":"Propositions de nature","item":"https:\/\/visitemporda.com\/fr\/recomenacions\/propostes\/territori-i-natura\/"},{"@type":"ListItem","position":5,"name":"Cyclotourisme \/ cyclisme (cyclotourisme sportif)"}]},{"@type":"WebSite","@id":"https:\/\/visitemporda.com\/fr\/#website","url":"https:\/\/visitemporda.com\/fr\/","name":"Visit Empord\u00e0","description":"Site officiel du tourisme du Baix Empord\u00e0","publisher":{"@id":"https:\/\/visitemporda.com\/fr\/#organization"},"potentialAction":[{"@type":"SearchAction","target":{"@type":"EntryPoint","urlTemplate":"https:\/\/visitemporda.com\/fr\/?s={search_term_string}"},"query-input":{"@type":"PropertyValueSpecification","valueRequired":true,"valueName":"search_term_string"}}],"inLanguage":"fr-FR"},{"@type":"Organization","@id":"https:\/\/visitemporda.com\/fr\/#organization","name":"Consell Comarcal del Baix Empord\u00e0","url":"https:\/\/visitemporda.com\/fr\/","logo":{"@type":"ImageObject","inLanguage":"fr-FR","@id":"https:\/\/visitemporda.com\/fr\/#\/schema\/logo\/image\/","url":"https:\/\/visitemporda.com\/wp-content\/uploads\/2024\/11\/Logotip_CCBE.png","contentUrl":"https:\/\/visitemporda.com\/wp-content\/uploads\/2024\/11\/Logotip_CCBE.png","width":3617,"height":3617,"caption":"Consell Comarcal del Baix Empord\u00e0"},"image":{"@id":"https:\/\/visitemporda.com\/fr\/#\/schema\/logo\/image\/"},"sameAs":["https:\/\/www.facebook.com\/baixempordaturisme","https:\/\/x.com\/baixemporda_tur","https:\/\/www.instagram.com\/visitemporda"]}]}},"_links":{"self":[{"href":"https:\/\/visitemporda.com\/fr\/wp-json\/wp\/v2\/pages\/21034","targetHints":{"allow":["GET"]}}],"collection":[{"href":"https:\/\/visitemporda.com\/fr\/wp-json\/wp\/v2\/pages"}],"about":[{"href":"https:\/\/visitemporda.com\/fr\/wp-json\/wp\/v2\/types\/page"}],"author":[{"embeddable":true,"href":"https:\/\/visitemporda.com\/fr\/wp-json\/wp\/v2\/users\/2"}],"replies":[{"embeddable":true,"href":"https:\/\/visitemporda.com\/fr\/wp-json\/wp\/v2\/comments?post=21034"}],"version-history":[{"count":3,"href":"https:\/\/visitemporda.com\/fr\/wp-json\/wp\/v2\/pages\/21034\/revisions"}],"predecessor-version":[{"id":21040,"href":"https:\/\/visitemporda.com\/fr\/wp-json\/wp\/v2\/pages\/21034\/revisions\/21040"}],"up":[{"embeddable":true,"href":"https:\/\/visitemporda.com\/fr\/wp-json\/wp\/v2\/pages\/18730"}],"wp:featuredmedia":[{"embeddable":true,"href":"https:\/\/visitemporda.com\/fr\/wp-json\/wp\/v2\/media\/19873"}],"wp:attachment":[{"href":"https:\/\/visitemporda.com\/fr\/wp-json\/wp\/v2\/media?parent=21034"}],"curies":[{"name":"wp","href":"https:\/\/api.w.org\/{rel}","templated":true}]}}