

{"id":20833,"date":"2020-01-08T16:31:55","date_gmt":"2020-01-08T15:31:55","guid":{"rendered":"http:\/\/visitemporda.com\/planifica\/propostes\/propostes-en-familia\/rutes-en-familia\/via-verda-el-tren-petit\/"},"modified":"2020-10-26T14:37:36","modified_gmt":"2020-10-26T13:37:36","slug":"via-verda-el-tren-petit","status":"publish","type":"page","link":"https:\/\/visitemporda.com\/fr\/recomenacions\/propostes\/propostes-en-familia\/rutes-en-familia\/via-verda-el-tren-petit\/","title":{"rendered":"Voie verte El tren petit"},"content":{"rendered":"<p>Depuis Palafrugell ou Mont-ras, vous pouvez suivre ce tron\u00e7on de voie verte qui vous m\u00e8nera jusqu&rsquo;\u00e0 \u00e0 Palam\u00f3s. Vous pouvez \u00e9galement faire un tour sur la plage de Castell ou visiter le village de Vall-llobrega.<\/p>\n<p><strong>Recommandations:<\/strong> Le tron\u00e7on est balis\u00e9. On peut partir de Palafrugell ou bien de l&rsquo;entr\u00e9e de Palam\u00f3s, \u00e0 c\u00f4t\u00e9 du poste d&rsquo;essence, l\u00e0 o\u00f9 commence l&rsquo;ancien grand chemin.<\/p>\n<p><strong>Km<\/strong>: 17<\/p>\n<p><strong>Temps<\/strong>: 55 minutes<\/p>\n<p><strong>Itin\u00e9raire Wikiloc<\/strong>:<a href=\"https:\/\/ca.wikiloc.com\/rutes-cicloturisme\/ccbe-turisme-familiar-via-verda-el-tren-petit-palafrugell-palamos-4646722\">Consulter ici<\/a><\/p>\n","protected":false},"excerpt":{"rendered":"<p>Depuis Palafrugell ou Mont-ras, vous pouvez suivre ce tron\u00e7on de voie verte qui vous m\u00e8nera jusqu&rsquo;\u00e0 \u00e0 Palam\u00f3s. Vous pouvez \u00e9galement faire un tour sur la plage de Castell ou visiter le village de Vall-llobrega. Recommandations: Le tron\u00e7on est balis\u00e9. On peut partir de Palafrugell ou bien de l&rsquo;entr\u00e9e de Palam\u00f3s, \u00e0 c\u00f4t\u00e9 du poste [&hellip;]<\/p>\n","protected":false},"author":2,"featured_media":14687,"parent":20820,"menu_order":0,"comment_status":"closed","ping_status":"closed","template":"page-templates\/fitxa-campanyes-gastronomiques.php","meta":{"_acf_changed":false,"footnotes":""},"class_list":["post-20833","page","type-page","status-publish","has-post-thumbnail","hentry"],"acf":[],"yoast_head":"<!-- This site is optimized with the Yoast SEO plugin v27.4 - https:\/\/yoast.com\/product\/yoast-seo-wordpress\/ -->\n<title>Voie verte El tren petit - Visit Empord\u00e0<\/title>\n<meta name=\"robots\" content=\"index, follow, max-snippet:-1, max-image-preview:large, max-video-preview:-1\" \/>\n<link rel=\"canonical\" href=\"https:\/\/visitemporda.com\/fr\/recomenacions\/propostes\/propostes-en-familia\/rutes-en-familia\/via-verda-el-tren-petit\/\" \/>\n<meta property=\"og:locale\" content=\"fr_FR\" \/>\n<meta property=\"og:type\" content=\"article\" \/>\n<meta property=\"og:title\" content=\"Voie verte El tren petit - Visit Empord\u00e0\" \/>\n<meta property=\"og:description\" content=\"Depuis Palafrugell ou Mont-ras, vous pouvez suivre ce tron\u00e7on de voie verte qui vous m\u00e8nera jusqu&rsquo;\u00e0 \u00e0 Palam\u00f3s. Vous pouvez \u00e9galement faire un tour sur la plage de Castell ou visiter le village de Vall-llobrega. Recommandations: Le tron\u00e7on est balis\u00e9. On peut partir de Palafrugell ou bien de l&rsquo;entr\u00e9e de Palam\u00f3s, \u00e0 c\u00f4t\u00e9 du poste [&hellip;]\" \/>\n<meta property=\"og:url\" content=\"https:\/\/visitemporda.com\/fr\/recomenacions\/propostes\/propostes-en-familia\/rutes-en-familia\/via-verda-el-tren-petit\/\" \/>\n<meta property=\"og:site_name\" content=\"Visit Empord\u00e0\" \/>\n<meta property=\"article:publisher\" content=\"https:\/\/www.facebook.com\/baixempordaturisme\" \/>\n<meta property=\"article:modified_time\" content=\"2020-10-26T13:37:36+00:00\" \/>\n<meta property=\"og:image\" content=\"https:\/\/visitemporda.com\/wp-content\/uploads\/2020\/01\/10-palam\u00f3s_021.jpg\" \/>\n\t<meta property=\"og:image:width\" content=\"1198\" \/>\n\t<meta property=\"og:image:height\" content=\"797\" \/>\n\t<meta property=\"og:image:type\" content=\"image\/jpeg\" \/>\n<meta name=\"twitter:card\" content=\"summary_large_image\" \/>\n<meta name=\"twitter:site\" content=\"@baixemporda_tur\" \/>\n<script type=\"application\/ld+json\" class=\"yoast-schema-graph\">{\"@context\":\"https:\\\/\\\/schema.org\",\"@graph\":[{\"@type\":\"WebPage\",\"@id\":\"https:\\\/\\\/visitemporda.com\\\/fr\\\/recomenacions\\\/propostes\\\/propostes-en-familia\\\/rutes-en-familia\\\/via-verda-el-tren-petit\\\/\",\"url\":\"https:\\\/\\\/visitemporda.com\\\/fr\\\/recomenacions\\\/propostes\\\/propostes-en-familia\\\/rutes-en-familia\\\/via-verda-el-tren-petit\\\/\",\"name\":\"Voie verte El tren petit - Visit Empord\u00e0\",\"isPartOf\":{\"@id\":\"https:\\\/\\\/visitemporda.com\\\/fr\\\/#website\"},\"primaryImageOfPage\":{\"@id\":\"https:\\\/\\\/visitemporda.com\\\/fr\\\/recomenacions\\\/propostes\\\/propostes-en-familia\\\/rutes-en-familia\\\/via-verda-el-tren-petit\\\/#primaryimage\"},\"image\":{\"@id\":\"https:\\\/\\\/visitemporda.com\\\/fr\\\/recomenacions\\\/propostes\\\/propostes-en-familia\\\/rutes-en-familia\\\/via-verda-el-tren-petit\\\/#primaryimage\"},\"thumbnailUrl\":\"https:\\\/\\\/visitemporda.com\\\/wp-content\\\/uploads\\\/2020\\\/01\\\/10-palam\u00f3s_021.jpg\",\"datePublished\":\"2020-01-08T15:31:55+00:00\",\"dateModified\":\"2020-10-26T13:37:36+00:00\",\"breadcrumb\":{\"@id\":\"https:\\\/\\\/visitemporda.com\\\/fr\\\/recomenacions\\\/propostes\\\/propostes-en-familia\\\/rutes-en-familia\\\/via-verda-el-tren-petit\\\/#breadcrumb\"},\"inLanguage\":\"fr-FR\",\"potentialAction\":[{\"@type\":\"ReadAction\",\"target\":[\"https:\\\/\\\/visitemporda.com\\\/fr\\\/recomenacions\\\/propostes\\\/propostes-en-familia\\\/rutes-en-familia\\\/via-verda-el-tren-petit\\\/\"]}]},{\"@type\":\"ImageObject\",\"inLanguage\":\"fr-FR\",\"@id\":\"https:\\\/\\\/visitemporda.com\\\/fr\\\/recomenacions\\\/propostes\\\/propostes-en-familia\\\/rutes-en-familia\\\/via-verda-el-tren-petit\\\/#primaryimage\",\"url\":\"https:\\\/\\\/visitemporda.com\\\/wp-content\\\/uploads\\\/2020\\\/01\\\/10-palam\u00f3s_021.jpg\",\"contentUrl\":\"https:\\\/\\\/visitemporda.com\\\/wp-content\\\/uploads\\\/2020\\\/01\\\/10-palam\u00f3s_021.jpg\",\"width\":1198,\"height\":797,\"caption\":\"Palamo\u0301s, via verda Palamo\u0301s-Palafrugell, ruta del tren Petit\"},{\"@type\":\"BreadcrumbList\",\"@id\":\"https:\\\/\\\/visitemporda.com\\\/fr\\\/recomenacions\\\/propostes\\\/propostes-en-familia\\\/rutes-en-familia\\\/via-verda-el-tren-petit\\\/#breadcrumb\",\"itemListElement\":[{\"@type\":\"ListItem\",\"position\":1,\"name\":\"Inici\",\"item\":\"https:\\\/\\\/visitemporda.com\\\/fr\\\/\"},{\"@type\":\"ListItem\",\"position\":2,\"name\":\"Recommandations\",\"item\":\"https:\\\/\\\/visitemporda.com\\\/fr\\\/recomenacions\\\/\"},{\"@type\":\"ListItem\",\"position\":3,\"name\":\"Quoi faire\",\"item\":\"https:\\\/\\\/visitemporda.com\\\/fr\\\/recomenacions\\\/propostes\\\/\"},{\"@type\":\"ListItem\",\"position\":4,\"name\":\"Propositions en famille\",\"item\":\"https:\\\/\\\/visitemporda.com\\\/fr\\\/recomenacions\\\/propostes\\\/propostes-en-familia\\\/\"},{\"@type\":\"ListItem\",\"position\":5,\"name\":\"Itin\u00e9raires en famille\",\"item\":\"https:\\\/\\\/visitemporda.com\\\/fr\\\/recomenacions\\\/propostes\\\/propostes-en-familia\\\/rutes-en-familia\\\/\"},{\"@type\":\"ListItem\",\"position\":6,\"name\":\"Voie verte El tren petit\"}]},{\"@type\":\"WebSite\",\"@id\":\"https:\\\/\\\/visitemporda.com\\\/fr\\\/#website\",\"url\":\"https:\\\/\\\/visitemporda.com\\\/fr\\\/\",\"name\":\"Visit Empord\u00e0\",\"description\":\"Site officiel du tourisme du Baix Empord\u00e0\",\"publisher\":{\"@id\":\"https:\\\/\\\/visitemporda.com\\\/fr\\\/#organization\"},\"potentialAction\":[{\"@type\":\"SearchAction\",\"target\":{\"@type\":\"EntryPoint\",\"urlTemplate\":\"https:\\\/\\\/visitemporda.com\\\/fr\\\/?s={search_term_string}\"},\"query-input\":{\"@type\":\"PropertyValueSpecification\",\"valueRequired\":true,\"valueName\":\"search_term_string\"}}],\"inLanguage\":\"fr-FR\"},{\"@type\":\"Organization\",\"@id\":\"https:\\\/\\\/visitemporda.com\\\/fr\\\/#organization\",\"name\":\"Consell Comarcal del Baix Empord\u00e0\",\"url\":\"https:\\\/\\\/visitemporda.com\\\/fr\\\/\",\"logo\":{\"@type\":\"ImageObject\",\"inLanguage\":\"fr-FR\",\"@id\":\"https:\\\/\\\/visitemporda.com\\\/fr\\\/#\\\/schema\\\/logo\\\/image\\\/\",\"url\":\"https:\\\/\\\/visitemporda.com\\\/wp-content\\\/uploads\\\/2024\\\/11\\\/Logotip_CCBE.png\",\"contentUrl\":\"https:\\\/\\\/visitemporda.com\\\/wp-content\\\/uploads\\\/2024\\\/11\\\/Logotip_CCBE.png\",\"width\":3617,\"height\":3617,\"caption\":\"Consell Comarcal del Baix Empord\u00e0\"},\"image\":{\"@id\":\"https:\\\/\\\/visitemporda.com\\\/fr\\\/#\\\/schema\\\/logo\\\/image\\\/\"},\"sameAs\":[\"https:\\\/\\\/www.facebook.com\\\/baixempordaturisme\",\"https:\\\/\\\/x.com\\\/baixemporda_tur\",\"https:\\\/\\\/www.instagram.com\\\/visitemporda\"]}]}<\/script>\n<!-- \/ Yoast SEO plugin. -->","yoast_head_json":{"title":"Voie verte El tren petit - Visit Empord\u00e0","robots":{"index":"index","follow":"follow","max-snippet":"max-snippet:-1","max-image-preview":"max-image-preview:large","max-video-preview":"max-video-preview:-1"},"canonical":"https:\/\/visitemporda.com\/fr\/recomenacions\/propostes\/propostes-en-familia\/rutes-en-familia\/via-verda-el-tren-petit\/","og_locale":"fr_FR","og_type":"article","og_title":"Voie verte El tren petit - Visit Empord\u00e0","og_description":"Depuis Palafrugell ou Mont-ras, vous pouvez suivre ce tron\u00e7on de voie verte qui vous m\u00e8nera jusqu&rsquo;\u00e0 \u00e0 Palam\u00f3s. Vous pouvez \u00e9galement faire un tour sur la plage de Castell ou visiter le village de Vall-llobrega. Recommandations: Le tron\u00e7on est balis\u00e9. On peut partir de Palafrugell ou bien de l&rsquo;entr\u00e9e de Palam\u00f3s, \u00e0 c\u00f4t\u00e9 du poste [&hellip;]","og_url":"https:\/\/visitemporda.com\/fr\/recomenacions\/propostes\/propostes-en-familia\/rutes-en-familia\/via-verda-el-tren-petit\/","og_site_name":"Visit Empord\u00e0","article_publisher":"https:\/\/www.facebook.com\/baixempordaturisme","article_modified_time":"2020-10-26T13:37:36+00:00","og_image":[{"width":1198,"height":797,"url":"https:\/\/visitemporda.com\/wp-content\/uploads\/2020\/01\/10-palam\u00f3s_021.jpg","type":"image\/jpeg"}],"twitter_card":"summary_large_image","twitter_site":"@baixemporda_tur","schema":{"@context":"https:\/\/schema.org","@graph":[{"@type":"WebPage","@id":"https:\/\/visitemporda.com\/fr\/recomenacions\/propostes\/propostes-en-familia\/rutes-en-familia\/via-verda-el-tren-petit\/","url":"https:\/\/visitemporda.com\/fr\/recomenacions\/propostes\/propostes-en-familia\/rutes-en-familia\/via-verda-el-tren-petit\/","name":"Voie verte El tren petit - Visit Empord\u00e0","isPartOf":{"@id":"https:\/\/visitemporda.com\/fr\/#website"},"primaryImageOfPage":{"@id":"https:\/\/visitemporda.com\/fr\/recomenacions\/propostes\/propostes-en-familia\/rutes-en-familia\/via-verda-el-tren-petit\/#primaryimage"},"image":{"@id":"https:\/\/visitemporda.com\/fr\/recomenacions\/propostes\/propostes-en-familia\/rutes-en-familia\/via-verda-el-tren-petit\/#primaryimage"},"thumbnailUrl":"https:\/\/visitemporda.com\/wp-content\/uploads\/2020\/01\/10-palam\u00f3s_021.jpg","datePublished":"2020-01-08T15:31:55+00:00","dateModified":"2020-10-26T13:37:36+00:00","breadcrumb":{"@id":"https:\/\/visitemporda.com\/fr\/recomenacions\/propostes\/propostes-en-familia\/rutes-en-familia\/via-verda-el-tren-petit\/#breadcrumb"},"inLanguage":"fr-FR","potentialAction":[{"@type":"ReadAction","target":["https:\/\/visitemporda.com\/fr\/recomenacions\/propostes\/propostes-en-familia\/rutes-en-familia\/via-verda-el-tren-petit\/"]}]},{"@type":"ImageObject","inLanguage":"fr-FR","@id":"https:\/\/visitemporda.com\/fr\/recomenacions\/propostes\/propostes-en-familia\/rutes-en-familia\/via-verda-el-tren-petit\/#primaryimage","url":"https:\/\/visitemporda.com\/wp-content\/uploads\/2020\/01\/10-palam\u00f3s_021.jpg","contentUrl":"https:\/\/visitemporda.com\/wp-content\/uploads\/2020\/01\/10-palam\u00f3s_021.jpg","width":1198,"height":797,"caption":"Palamo\u0301s, via verda Palamo\u0301s-Palafrugell, ruta del tren Petit"},{"@type":"BreadcrumbList","@id":"https:\/\/visitemporda.com\/fr\/recomenacions\/propostes\/propostes-en-familia\/rutes-en-familia\/via-verda-el-tren-petit\/#breadcrumb","itemListElement":[{"@type":"ListItem","position":1,"name":"Inici","item":"https:\/\/visitemporda.com\/fr\/"},{"@type":"ListItem","position":2,"name":"Recommandations","item":"https:\/\/visitemporda.com\/fr\/recomenacions\/"},{"@type":"ListItem","position":3,"name":"Quoi faire","item":"https:\/\/visitemporda.com\/fr\/recomenacions\/propostes\/"},{"@type":"ListItem","position":4,"name":"Propositions en famille","item":"https:\/\/visitemporda.com\/fr\/recomenacions\/propostes\/propostes-en-familia\/"},{"@type":"ListItem","position":5,"name":"Itin\u00e9raires en famille","item":"https:\/\/visitemporda.com\/fr\/recomenacions\/propostes\/propostes-en-familia\/rutes-en-familia\/"},{"@type":"ListItem","position":6,"name":"Voie verte El tren petit"}]},{"@type":"WebSite","@id":"https:\/\/visitemporda.com\/fr\/#website","url":"https:\/\/visitemporda.com\/fr\/","name":"Visit Empord\u00e0","description":"Site officiel du tourisme du Baix Empord\u00e0","publisher":{"@id":"https:\/\/visitemporda.com\/fr\/#organization"},"potentialAction":[{"@type":"SearchAction","target":{"@type":"EntryPoint","urlTemplate":"https:\/\/visitemporda.com\/fr\/?s={search_term_string}"},"query-input":{"@type":"PropertyValueSpecification","valueRequired":true,"valueName":"search_term_string"}}],"inLanguage":"fr-FR"},{"@type":"Organization","@id":"https:\/\/visitemporda.com\/fr\/#organization","name":"Consell Comarcal del Baix Empord\u00e0","url":"https:\/\/visitemporda.com\/fr\/","logo":{"@type":"ImageObject","inLanguage":"fr-FR","@id":"https:\/\/visitemporda.com\/fr\/#\/schema\/logo\/image\/","url":"https:\/\/visitemporda.com\/wp-content\/uploads\/2024\/11\/Logotip_CCBE.png","contentUrl":"https:\/\/visitemporda.com\/wp-content\/uploads\/2024\/11\/Logotip_CCBE.png","width":3617,"height":3617,"caption":"Consell Comarcal del Baix Empord\u00e0"},"image":{"@id":"https:\/\/visitemporda.com\/fr\/#\/schema\/logo\/image\/"},"sameAs":["https:\/\/www.facebook.com\/baixempordaturisme","https:\/\/x.com\/baixemporda_tur","https:\/\/www.instagram.com\/visitemporda"]}]}},"_links":{"self":[{"href":"https:\/\/visitemporda.com\/fr\/wp-json\/wp\/v2\/pages\/20833","targetHints":{"allow":["GET"]}}],"collection":[{"href":"https:\/\/visitemporda.com\/fr\/wp-json\/wp\/v2\/pages"}],"about":[{"href":"https:\/\/visitemporda.com\/fr\/wp-json\/wp\/v2\/types\/page"}],"author":[{"embeddable":true,"href":"https:\/\/visitemporda.com\/fr\/wp-json\/wp\/v2\/users\/2"}],"replies":[{"embeddable":true,"href":"https:\/\/visitemporda.com\/fr\/wp-json\/wp\/v2\/comments?post=20833"}],"version-history":[{"count":2,"href":"https:\/\/visitemporda.com\/fr\/wp-json\/wp\/v2\/pages\/20833\/revisions"}],"predecessor-version":[{"id":20835,"href":"https:\/\/visitemporda.com\/fr\/wp-json\/wp\/v2\/pages\/20833\/revisions\/20835"}],"up":[{"embeddable":true,"href":"https:\/\/visitemporda.com\/fr\/wp-json\/wp\/v2\/pages\/20820"}],"wp:featuredmedia":[{"embeddable":true,"href":"https:\/\/visitemporda.com\/fr\/wp-json\/wp\/v2\/media\/14687"}],"wp:attachment":[{"href":"https:\/\/visitemporda.com\/fr\/wp-json\/wp\/v2\/media?parent=20833"}],"curies":[{"name":"wp","href":"https:\/\/api.w.org\/{rel}","templated":true}]}}