

{"id":20823,"date":"2020-01-08T16:26:59","date_gmt":"2020-01-08T15:26:59","guid":{"rendered":"http:\/\/visitemporda.com\/planifica\/propostes\/propostes-en-familia\/rutes-en-familia\/el-riu-daro\/"},"modified":"2020-10-26T14:14:55","modified_gmt":"2020-10-26T13:14:55","slug":"el-riu-daro","status":"publish","type":"page","link":"https:\/\/visitemporda.com\/fr\/recomenacions\/propostes\/propostes-en-familia\/rutes-en-familia\/el-riu-daro\/","title":{"rendered":"Le Dar\u00f3"},"content":{"rendered":"<p class=\"p1\">Le circuit longe le Dar\u00f3 jusqu&rsquo;\u00e0 hauteur du Castell d&rsquo;Empord\u00e0. \u00c0 cet endroit, il continue sur la butte de la rive gauche du Dar\u00f3, pour revenir \u00e0 La Bisbal par la plaine de Casavells, apr\u00e8s avoir pass\u00e9 la Riera del Rissec.<\/p>\n<p><strong>Recommandations:<\/strong> Suivez le r\u00e9seau de cyclotourisme. Apr\u00e8s avoir pass\u00e9 la Riera del Rissec, vous devez continuer et, 1 km apr\u00e8s, tourner \u00e0 gauche au premier croisement. Pour le retour, impossible de se perdre.<\/p>\n<p><strong>Km<\/strong>: 9.8Km<br \/>\n<strong>Temps<\/strong>: 42 minutos<br \/>\n<strong>Itin\u00e9raire Wikiloc<\/strong>: <a href=\"https:\/\/ca.wikiloc.com\/rutes-cicloturisme\/ccbe-turisme-familiar-el-riu-daro-la-bisbal-1796502\">Consulter ici<\/a><\/p>\n","protected":false},"excerpt":{"rendered":"<p>Le circuit longe le Dar\u00f3 jusqu&rsquo;\u00e0 hauteur du Castell d&rsquo;Empord\u00e0. \u00c0 cet endroit, il continue sur la butte de la rive gauche du Dar\u00f3, pour revenir \u00e0 La Bisbal par la plaine de Casavells, apr\u00e8s avoir pass\u00e9 la Riera del Rissec. Recommandations: Suivez le r\u00e9seau de cyclotourisme. Apr\u00e8s avoir pass\u00e9 la Riera del Rissec, vous [&hellip;]<\/p>\n","protected":false},"author":2,"featured_media":14675,"parent":20820,"menu_order":0,"comment_status":"closed","ping_status":"closed","template":"page-templates\/fitxa-campanyes-gastronomiques.php","meta":{"_acf_changed":false,"footnotes":""},"class_list":["post-20823","page","type-page","status-publish","has-post-thumbnail","hentry"],"acf":[],"yoast_head":"<!-- This site is optimized with the Yoast SEO plugin v27.4 - https:\/\/yoast.com\/product\/yoast-seo-wordpress\/ -->\n<title>Le Dar\u00f3 - Visit Empord\u00e0<\/title>\n<meta name=\"robots\" content=\"index, follow, max-snippet:-1, max-image-preview:large, max-video-preview:-1\" \/>\n<link rel=\"canonical\" href=\"https:\/\/visitemporda.com\/fr\/recomenacions\/propostes\/propostes-en-familia\/rutes-en-familia\/el-riu-daro\/\" \/>\n<meta property=\"og:locale\" content=\"fr_FR\" \/>\n<meta property=\"og:type\" content=\"article\" \/>\n<meta property=\"og:title\" content=\"Le Dar\u00f3 - Visit Empord\u00e0\" \/>\n<meta property=\"og:description\" content=\"Le circuit longe le Dar\u00f3 jusqu&rsquo;\u00e0 hauteur du Castell d&rsquo;Empord\u00e0. \u00c0 cet endroit, il continue sur la butte de la rive gauche du Dar\u00f3, pour revenir \u00e0 La Bisbal par la plaine de Casavells, apr\u00e8s avoir pass\u00e9 la Riera del Rissec. Recommandations: Suivez le r\u00e9seau de cyclotourisme. Apr\u00e8s avoir pass\u00e9 la Riera del Rissec, vous [&hellip;]\" \/>\n<meta property=\"og:url\" content=\"https:\/\/visitemporda.com\/fr\/recomenacions\/propostes\/propostes-en-familia\/rutes-en-familia\/el-riu-daro\/\" \/>\n<meta property=\"og:site_name\" content=\"Visit Empord\u00e0\" \/>\n<meta property=\"article:publisher\" content=\"https:\/\/www.facebook.com\/baixempordaturisme\" \/>\n<meta property=\"article:modified_time\" content=\"2020-10-26T13:14:55+00:00\" \/>\n<meta property=\"og:image\" content=\"https:\/\/visitemporda.com\/wp-content\/uploads\/2020\/01\/7-DSC02610-1024x683.jpg\" \/>\n\t<meta property=\"og:image:width\" content=\"1024\" \/>\n\t<meta property=\"og:image:height\" content=\"683\" \/>\n\t<meta property=\"og:image:type\" content=\"image\/jpeg\" \/>\n<meta name=\"twitter:card\" content=\"summary_large_image\" \/>\n<meta name=\"twitter:site\" content=\"@baixemporda_tur\" \/>\n<script type=\"application\/ld+json\" class=\"yoast-schema-graph\">{\"@context\":\"https:\\\/\\\/schema.org\",\"@graph\":[{\"@type\":\"WebPage\",\"@id\":\"https:\\\/\\\/visitemporda.com\\\/fr\\\/recomenacions\\\/propostes\\\/propostes-en-familia\\\/rutes-en-familia\\\/el-riu-daro\\\/\",\"url\":\"https:\\\/\\\/visitemporda.com\\\/fr\\\/recomenacions\\\/propostes\\\/propostes-en-familia\\\/rutes-en-familia\\\/el-riu-daro\\\/\",\"name\":\"Le Dar\u00f3 - Visit Empord\u00e0\",\"isPartOf\":{\"@id\":\"https:\\\/\\\/visitemporda.com\\\/fr\\\/#website\"},\"primaryImageOfPage\":{\"@id\":\"https:\\\/\\\/visitemporda.com\\\/fr\\\/recomenacions\\\/propostes\\\/propostes-en-familia\\\/rutes-en-familia\\\/el-riu-daro\\\/#primaryimage\"},\"image\":{\"@id\":\"https:\\\/\\\/visitemporda.com\\\/fr\\\/recomenacions\\\/propostes\\\/propostes-en-familia\\\/rutes-en-familia\\\/el-riu-daro\\\/#primaryimage\"},\"thumbnailUrl\":\"https:\\\/\\\/visitemporda.com\\\/wp-content\\\/uploads\\\/2020\\\/01\\\/7-DSC02610.jpg\",\"datePublished\":\"2020-01-08T15:26:59+00:00\",\"dateModified\":\"2020-10-26T13:14:55+00:00\",\"breadcrumb\":{\"@id\":\"https:\\\/\\\/visitemporda.com\\\/fr\\\/recomenacions\\\/propostes\\\/propostes-en-familia\\\/rutes-en-familia\\\/el-riu-daro\\\/#breadcrumb\"},\"inLanguage\":\"fr-FR\",\"potentialAction\":[{\"@type\":\"ReadAction\",\"target\":[\"https:\\\/\\\/visitemporda.com\\\/fr\\\/recomenacions\\\/propostes\\\/propostes-en-familia\\\/rutes-en-familia\\\/el-riu-daro\\\/\"]}]},{\"@type\":\"ImageObject\",\"inLanguage\":\"fr-FR\",\"@id\":\"https:\\\/\\\/visitemporda.com\\\/fr\\\/recomenacions\\\/propostes\\\/propostes-en-familia\\\/rutes-en-familia\\\/el-riu-daro\\\/#primaryimage\",\"url\":\"https:\\\/\\\/visitemporda.com\\\/wp-content\\\/uploads\\\/2020\\\/01\\\/7-DSC02610.jpg\",\"contentUrl\":\"https:\\\/\\\/visitemporda.com\\\/wp-content\\\/uploads\\\/2020\\\/01\\\/7-DSC02610.jpg\",\"width\":1920,\"height\":1280,\"caption\":\"SONY DSC\"},{\"@type\":\"BreadcrumbList\",\"@id\":\"https:\\\/\\\/visitemporda.com\\\/fr\\\/recomenacions\\\/propostes\\\/propostes-en-familia\\\/rutes-en-familia\\\/el-riu-daro\\\/#breadcrumb\",\"itemListElement\":[{\"@type\":\"ListItem\",\"position\":1,\"name\":\"Inici\",\"item\":\"https:\\\/\\\/visitemporda.com\\\/fr\\\/\"},{\"@type\":\"ListItem\",\"position\":2,\"name\":\"Recommandations\",\"item\":\"https:\\\/\\\/visitemporda.com\\\/fr\\\/recomenacions\\\/\"},{\"@type\":\"ListItem\",\"position\":3,\"name\":\"Quoi faire\",\"item\":\"https:\\\/\\\/visitemporda.com\\\/fr\\\/recomenacions\\\/propostes\\\/\"},{\"@type\":\"ListItem\",\"position\":4,\"name\":\"Propositions en famille\",\"item\":\"https:\\\/\\\/visitemporda.com\\\/fr\\\/recomenacions\\\/propostes\\\/propostes-en-familia\\\/\"},{\"@type\":\"ListItem\",\"position\":5,\"name\":\"Itin\u00e9raires en famille\",\"item\":\"https:\\\/\\\/visitemporda.com\\\/fr\\\/recomenacions\\\/propostes\\\/propostes-en-familia\\\/rutes-en-familia\\\/\"},{\"@type\":\"ListItem\",\"position\":6,\"name\":\"Le Dar\u00f3\"}]},{\"@type\":\"WebSite\",\"@id\":\"https:\\\/\\\/visitemporda.com\\\/fr\\\/#website\",\"url\":\"https:\\\/\\\/visitemporda.com\\\/fr\\\/\",\"name\":\"Visit Empord\u00e0\",\"description\":\"Site officiel du tourisme du Baix Empord\u00e0\",\"publisher\":{\"@id\":\"https:\\\/\\\/visitemporda.com\\\/fr\\\/#organization\"},\"potentialAction\":[{\"@type\":\"SearchAction\",\"target\":{\"@type\":\"EntryPoint\",\"urlTemplate\":\"https:\\\/\\\/visitemporda.com\\\/fr\\\/?s={search_term_string}\"},\"query-input\":{\"@type\":\"PropertyValueSpecification\",\"valueRequired\":true,\"valueName\":\"search_term_string\"}}],\"inLanguage\":\"fr-FR\"},{\"@type\":\"Organization\",\"@id\":\"https:\\\/\\\/visitemporda.com\\\/fr\\\/#organization\",\"name\":\"Consell Comarcal del Baix Empord\u00e0\",\"url\":\"https:\\\/\\\/visitemporda.com\\\/fr\\\/\",\"logo\":{\"@type\":\"ImageObject\",\"inLanguage\":\"fr-FR\",\"@id\":\"https:\\\/\\\/visitemporda.com\\\/fr\\\/#\\\/schema\\\/logo\\\/image\\\/\",\"url\":\"https:\\\/\\\/visitemporda.com\\\/wp-content\\\/uploads\\\/2024\\\/11\\\/Logotip_CCBE.png\",\"contentUrl\":\"https:\\\/\\\/visitemporda.com\\\/wp-content\\\/uploads\\\/2024\\\/11\\\/Logotip_CCBE.png\",\"width\":3617,\"height\":3617,\"caption\":\"Consell Comarcal del Baix Empord\u00e0\"},\"image\":{\"@id\":\"https:\\\/\\\/visitemporda.com\\\/fr\\\/#\\\/schema\\\/logo\\\/image\\\/\"},\"sameAs\":[\"https:\\\/\\\/www.facebook.com\\\/baixempordaturisme\",\"https:\\\/\\\/x.com\\\/baixemporda_tur\",\"https:\\\/\\\/www.instagram.com\\\/visitemporda\"]}]}<\/script>\n<!-- \/ Yoast SEO plugin. -->","yoast_head_json":{"title":"Le Dar\u00f3 - Visit Empord\u00e0","robots":{"index":"index","follow":"follow","max-snippet":"max-snippet:-1","max-image-preview":"max-image-preview:large","max-video-preview":"max-video-preview:-1"},"canonical":"https:\/\/visitemporda.com\/fr\/recomenacions\/propostes\/propostes-en-familia\/rutes-en-familia\/el-riu-daro\/","og_locale":"fr_FR","og_type":"article","og_title":"Le Dar\u00f3 - Visit Empord\u00e0","og_description":"Le circuit longe le Dar\u00f3 jusqu&rsquo;\u00e0 hauteur du Castell d&rsquo;Empord\u00e0. \u00c0 cet endroit, il continue sur la butte de la rive gauche du Dar\u00f3, pour revenir \u00e0 La Bisbal par la plaine de Casavells, apr\u00e8s avoir pass\u00e9 la Riera del Rissec. Recommandations: Suivez le r\u00e9seau de cyclotourisme. Apr\u00e8s avoir pass\u00e9 la Riera del Rissec, vous [&hellip;]","og_url":"https:\/\/visitemporda.com\/fr\/recomenacions\/propostes\/propostes-en-familia\/rutes-en-familia\/el-riu-daro\/","og_site_name":"Visit Empord\u00e0","article_publisher":"https:\/\/www.facebook.com\/baixempordaturisme","article_modified_time":"2020-10-26T13:14:55+00:00","og_image":[{"width":1024,"height":683,"url":"https:\/\/visitemporda.com\/wp-content\/uploads\/2020\/01\/7-DSC02610-1024x683.jpg","type":"image\/jpeg"}],"twitter_card":"summary_large_image","twitter_site":"@baixemporda_tur","schema":{"@context":"https:\/\/schema.org","@graph":[{"@type":"WebPage","@id":"https:\/\/visitemporda.com\/fr\/recomenacions\/propostes\/propostes-en-familia\/rutes-en-familia\/el-riu-daro\/","url":"https:\/\/visitemporda.com\/fr\/recomenacions\/propostes\/propostes-en-familia\/rutes-en-familia\/el-riu-daro\/","name":"Le Dar\u00f3 - Visit Empord\u00e0","isPartOf":{"@id":"https:\/\/visitemporda.com\/fr\/#website"},"primaryImageOfPage":{"@id":"https:\/\/visitemporda.com\/fr\/recomenacions\/propostes\/propostes-en-familia\/rutes-en-familia\/el-riu-daro\/#primaryimage"},"image":{"@id":"https:\/\/visitemporda.com\/fr\/recomenacions\/propostes\/propostes-en-familia\/rutes-en-familia\/el-riu-daro\/#primaryimage"},"thumbnailUrl":"https:\/\/visitemporda.com\/wp-content\/uploads\/2020\/01\/7-DSC02610.jpg","datePublished":"2020-01-08T15:26:59+00:00","dateModified":"2020-10-26T13:14:55+00:00","breadcrumb":{"@id":"https:\/\/visitemporda.com\/fr\/recomenacions\/propostes\/propostes-en-familia\/rutes-en-familia\/el-riu-daro\/#breadcrumb"},"inLanguage":"fr-FR","potentialAction":[{"@type":"ReadAction","target":["https:\/\/visitemporda.com\/fr\/recomenacions\/propostes\/propostes-en-familia\/rutes-en-familia\/el-riu-daro\/"]}]},{"@type":"ImageObject","inLanguage":"fr-FR","@id":"https:\/\/visitemporda.com\/fr\/recomenacions\/propostes\/propostes-en-familia\/rutes-en-familia\/el-riu-daro\/#primaryimage","url":"https:\/\/visitemporda.com\/wp-content\/uploads\/2020\/01\/7-DSC02610.jpg","contentUrl":"https:\/\/visitemporda.com\/wp-content\/uploads\/2020\/01\/7-DSC02610.jpg","width":1920,"height":1280,"caption":"SONY DSC"},{"@type":"BreadcrumbList","@id":"https:\/\/visitemporda.com\/fr\/recomenacions\/propostes\/propostes-en-familia\/rutes-en-familia\/el-riu-daro\/#breadcrumb","itemListElement":[{"@type":"ListItem","position":1,"name":"Inici","item":"https:\/\/visitemporda.com\/fr\/"},{"@type":"ListItem","position":2,"name":"Recommandations","item":"https:\/\/visitemporda.com\/fr\/recomenacions\/"},{"@type":"ListItem","position":3,"name":"Quoi faire","item":"https:\/\/visitemporda.com\/fr\/recomenacions\/propostes\/"},{"@type":"ListItem","position":4,"name":"Propositions en famille","item":"https:\/\/visitemporda.com\/fr\/recomenacions\/propostes\/propostes-en-familia\/"},{"@type":"ListItem","position":5,"name":"Itin\u00e9raires en famille","item":"https:\/\/visitemporda.com\/fr\/recomenacions\/propostes\/propostes-en-familia\/rutes-en-familia\/"},{"@type":"ListItem","position":6,"name":"Le Dar\u00f3"}]},{"@type":"WebSite","@id":"https:\/\/visitemporda.com\/fr\/#website","url":"https:\/\/visitemporda.com\/fr\/","name":"Visit Empord\u00e0","description":"Site officiel du tourisme du Baix Empord\u00e0","publisher":{"@id":"https:\/\/visitemporda.com\/fr\/#organization"},"potentialAction":[{"@type":"SearchAction","target":{"@type":"EntryPoint","urlTemplate":"https:\/\/visitemporda.com\/fr\/?s={search_term_string}"},"query-input":{"@type":"PropertyValueSpecification","valueRequired":true,"valueName":"search_term_string"}}],"inLanguage":"fr-FR"},{"@type":"Organization","@id":"https:\/\/visitemporda.com\/fr\/#organization","name":"Consell Comarcal del Baix Empord\u00e0","url":"https:\/\/visitemporda.com\/fr\/","logo":{"@type":"ImageObject","inLanguage":"fr-FR","@id":"https:\/\/visitemporda.com\/fr\/#\/schema\/logo\/image\/","url":"https:\/\/visitemporda.com\/wp-content\/uploads\/2024\/11\/Logotip_CCBE.png","contentUrl":"https:\/\/visitemporda.com\/wp-content\/uploads\/2024\/11\/Logotip_CCBE.png","width":3617,"height":3617,"caption":"Consell Comarcal del Baix Empord\u00e0"},"image":{"@id":"https:\/\/visitemporda.com\/fr\/#\/schema\/logo\/image\/"},"sameAs":["https:\/\/www.facebook.com\/baixempordaturisme","https:\/\/x.com\/baixemporda_tur","https:\/\/www.instagram.com\/visitemporda"]}]}},"_links":{"self":[{"href":"https:\/\/visitemporda.com\/fr\/wp-json\/wp\/v2\/pages\/20823","targetHints":{"allow":["GET"]}}],"collection":[{"href":"https:\/\/visitemporda.com\/fr\/wp-json\/wp\/v2\/pages"}],"about":[{"href":"https:\/\/visitemporda.com\/fr\/wp-json\/wp\/v2\/types\/page"}],"author":[{"embeddable":true,"href":"https:\/\/visitemporda.com\/fr\/wp-json\/wp\/v2\/users\/2"}],"replies":[{"embeddable":true,"href":"https:\/\/visitemporda.com\/fr\/wp-json\/wp\/v2\/comments?post=20823"}],"version-history":[{"count":2,"href":"https:\/\/visitemporda.com\/fr\/wp-json\/wp\/v2\/pages\/20823\/revisions"}],"predecessor-version":[{"id":20825,"href":"https:\/\/visitemporda.com\/fr\/wp-json\/wp\/v2\/pages\/20823\/revisions\/20825"}],"up":[{"embeddable":true,"href":"https:\/\/visitemporda.com\/fr\/wp-json\/wp\/v2\/pages\/20820"}],"wp:featuredmedia":[{"embeddable":true,"href":"https:\/\/visitemporda.com\/fr\/wp-json\/wp\/v2\/media\/14675"}],"wp:attachment":[{"href":"https:\/\/visitemporda.com\/fr\/wp-json\/wp\/v2\/media?parent=20823"}],"curies":[{"name":"wp","href":"https:\/\/api.w.org\/{rel}","templated":true}]}}