

{"id":20817,"date":"2020-01-08T16:25:48","date_gmt":"2020-01-08T15:25:48","guid":{"rendered":"http:\/\/visitemporda.com\/pobles-medievals-i-paisatge-empordanes\/"},"modified":"2020-10-26T13:52:11","modified_gmt":"2020-10-26T12:52:11","slug":"pobles-medievals-i-paisatge-empordanes","status":"publish","type":"page","link":"https:\/\/visitemporda.com\/fr\/recomenacions\/propostes\/propostes-en-familia\/rutes-en-familia\/pobles-medievals-i-paisatge-empordanes\/","title":{"rendered":"Villages m\u00e9di\u00e9vaux et paysages empurdanais"},"content":{"rendered":"<p>En partant du vieux quartier de Pals, vous pouvez faire un petit circuit pour d\u00e9couvrir l&rsquo;histoire et observer le beau paysage de cette r\u00e9gion, en passant par Torrent et Sant Feliu de Boada en revenant ensuite \u00e0 Pals.<\/p>\n<p><strong>Recommandations:<\/strong> Avant de revenir \u00e0 Pals, si vous suivez le r\u00e9seau de cyclotourisme, vous pourrez allez jusqu&rsquo;\u00e0 Palau-sator, Fontclara ou Peratallada.<\/p>\n<p><strong>Km<\/strong>: 9.7Km<\/p>\n<p><strong>Temps<\/strong>: 35 min.<\/p>\n<p><strong>Itin\u00e9raire Wikiloc<\/strong>: <a href=\"https:\/\/ca.wikiloc.com\/rutes-cicloturisme\/ccbe-turisme-familiar-pobles-medievals-i-paisatge-empordanes-pals-4646638\">Consulter ici<\/a><\/p>\n","protected":false},"excerpt":{"rendered":"<p>En partant du vieux quartier de Pals, vous pouvez faire un petit circuit pour d\u00e9couvrir l&rsquo;histoire et observer le beau paysage de cette r\u00e9gion, en passant par Torrent et Sant Feliu de Boada en revenant ensuite \u00e0 Pals. Recommandations: Avant de revenir \u00e0 Pals, si vous suivez le r\u00e9seau de cyclotourisme, vous pourrez allez jusqu&rsquo;\u00e0 [&hellip;]<\/p>\n","protected":false},"author":2,"featured_media":14671,"parent":20820,"menu_order":0,"comment_status":"closed","ping_status":"closed","template":"page-templates\/fitxa-campanyes-gastronomiques.php","meta":{"_acf_changed":false,"footnotes":""},"class_list":["post-20817","page","type-page","status-publish","has-post-thumbnail","hentry"],"acf":[],"yoast_head":"<!-- This site is optimized with the Yoast SEO plugin v27.4 - https:\/\/yoast.com\/product\/yoast-seo-wordpress\/ -->\n<title>Villages m\u00e9di\u00e9vaux et paysages empurdanais - Visit Empord\u00e0<\/title>\n<meta name=\"robots\" content=\"index, follow, max-snippet:-1, max-image-preview:large, max-video-preview:-1\" \/>\n<link rel=\"canonical\" href=\"https:\/\/visitemporda.com\/fr\/recomenacions\/propostes\/propostes-en-familia\/rutes-en-familia\/pobles-medievals-i-paisatge-empordanes\/\" \/>\n<meta property=\"og:locale\" content=\"fr_FR\" \/>\n<meta property=\"og:type\" content=\"article\" \/>\n<meta property=\"og:title\" content=\"Villages m\u00e9di\u00e9vaux et paysages empurdanais - Visit Empord\u00e0\" \/>\n<meta property=\"og:description\" content=\"En partant du vieux quartier de Pals, vous pouvez faire un petit circuit pour d\u00e9couvrir l&rsquo;histoire et observer le beau paysage de cette r\u00e9gion, en passant par Torrent et Sant Feliu de Boada en revenant ensuite \u00e0 Pals. Recommandations: Avant de revenir \u00e0 Pals, si vous suivez le r\u00e9seau de cyclotourisme, vous pourrez allez jusqu&rsquo;\u00e0 [&hellip;]\" \/>\n<meta property=\"og:url\" content=\"https:\/\/visitemporda.com\/fr\/recomenacions\/propostes\/propostes-en-familia\/rutes-en-familia\/pobles-medievals-i-paisatge-empordanes\/\" \/>\n<meta property=\"og:site_name\" content=\"Visit Empord\u00e0\" \/>\n<meta property=\"article:publisher\" content=\"https:\/\/www.facebook.com\/baixempordaturisme\" \/>\n<meta property=\"article:modified_time\" content=\"2020-10-26T12:52:11+00:00\" \/>\n<meta property=\"og:image\" content=\"https:\/\/visitemporda.com\/wp-content\/uploads\/2020\/01\/6-DSC02686-1024x683.jpg\" \/>\n\t<meta property=\"og:image:width\" content=\"1024\" \/>\n\t<meta property=\"og:image:height\" content=\"683\" \/>\n\t<meta property=\"og:image:type\" content=\"image\/jpeg\" \/>\n<meta name=\"twitter:card\" content=\"summary_large_image\" \/>\n<meta name=\"twitter:site\" content=\"@baixemporda_tur\" \/>\n<script type=\"application\/ld+json\" class=\"yoast-schema-graph\">{\"@context\":\"https:\\\/\\\/schema.org\",\"@graph\":[{\"@type\":\"WebPage\",\"@id\":\"https:\\\/\\\/visitemporda.com\\\/fr\\\/recomenacions\\\/propostes\\\/propostes-en-familia\\\/rutes-en-familia\\\/pobles-medievals-i-paisatge-empordanes\\\/\",\"url\":\"https:\\\/\\\/visitemporda.com\\\/fr\\\/recomenacions\\\/propostes\\\/propostes-en-familia\\\/rutes-en-familia\\\/pobles-medievals-i-paisatge-empordanes\\\/\",\"name\":\"Villages m\u00e9di\u00e9vaux et paysages empurdanais - Visit Empord\u00e0\",\"isPartOf\":{\"@id\":\"https:\\\/\\\/visitemporda.com\\\/fr\\\/#website\"},\"primaryImageOfPage\":{\"@id\":\"https:\\\/\\\/visitemporda.com\\\/fr\\\/recomenacions\\\/propostes\\\/propostes-en-familia\\\/rutes-en-familia\\\/pobles-medievals-i-paisatge-empordanes\\\/#primaryimage\"},\"image\":{\"@id\":\"https:\\\/\\\/visitemporda.com\\\/fr\\\/recomenacions\\\/propostes\\\/propostes-en-familia\\\/rutes-en-familia\\\/pobles-medievals-i-paisatge-empordanes\\\/#primaryimage\"},\"thumbnailUrl\":\"https:\\\/\\\/visitemporda.com\\\/wp-content\\\/uploads\\\/2020\\\/01\\\/6-DSC02686.jpg\",\"datePublished\":\"2020-01-08T15:25:48+00:00\",\"dateModified\":\"2020-10-26T12:52:11+00:00\",\"breadcrumb\":{\"@id\":\"https:\\\/\\\/visitemporda.com\\\/fr\\\/recomenacions\\\/propostes\\\/propostes-en-familia\\\/rutes-en-familia\\\/pobles-medievals-i-paisatge-empordanes\\\/#breadcrumb\"},\"inLanguage\":\"fr-FR\",\"potentialAction\":[{\"@type\":\"ReadAction\",\"target\":[\"https:\\\/\\\/visitemporda.com\\\/fr\\\/recomenacions\\\/propostes\\\/propostes-en-familia\\\/rutes-en-familia\\\/pobles-medievals-i-paisatge-empordanes\\\/\"]}]},{\"@type\":\"ImageObject\",\"inLanguage\":\"fr-FR\",\"@id\":\"https:\\\/\\\/visitemporda.com\\\/fr\\\/recomenacions\\\/propostes\\\/propostes-en-familia\\\/rutes-en-familia\\\/pobles-medievals-i-paisatge-empordanes\\\/#primaryimage\",\"url\":\"https:\\\/\\\/visitemporda.com\\\/wp-content\\\/uploads\\\/2020\\\/01\\\/6-DSC02686.jpg\",\"contentUrl\":\"https:\\\/\\\/visitemporda.com\\\/wp-content\\\/uploads\\\/2020\\\/01\\\/6-DSC02686.jpg\",\"width\":1920,\"height\":1280,\"caption\":\"SONY DSC\"},{\"@type\":\"BreadcrumbList\",\"@id\":\"https:\\\/\\\/visitemporda.com\\\/fr\\\/recomenacions\\\/propostes\\\/propostes-en-familia\\\/rutes-en-familia\\\/pobles-medievals-i-paisatge-empordanes\\\/#breadcrumb\",\"itemListElement\":[{\"@type\":\"ListItem\",\"position\":1,\"name\":\"Inici\",\"item\":\"https:\\\/\\\/visitemporda.com\\\/fr\\\/\"},{\"@type\":\"ListItem\",\"position\":2,\"name\":\"Recommandations\",\"item\":\"https:\\\/\\\/visitemporda.com\\\/fr\\\/recomenacions\\\/\"},{\"@type\":\"ListItem\",\"position\":3,\"name\":\"Quoi faire\",\"item\":\"https:\\\/\\\/visitemporda.com\\\/fr\\\/recomenacions\\\/propostes\\\/\"},{\"@type\":\"ListItem\",\"position\":4,\"name\":\"Propositions en famille\",\"item\":\"https:\\\/\\\/visitemporda.com\\\/fr\\\/recomenacions\\\/propostes\\\/propostes-en-familia\\\/\"},{\"@type\":\"ListItem\",\"position\":5,\"name\":\"Itin\u00e9raires en famille\",\"item\":\"https:\\\/\\\/visitemporda.com\\\/fr\\\/recomenacions\\\/propostes\\\/propostes-en-familia\\\/rutes-en-familia\\\/\"},{\"@type\":\"ListItem\",\"position\":6,\"name\":\"Villages m\u00e9di\u00e9vaux et paysages empurdanais\"}]},{\"@type\":\"WebSite\",\"@id\":\"https:\\\/\\\/visitemporda.com\\\/fr\\\/#website\",\"url\":\"https:\\\/\\\/visitemporda.com\\\/fr\\\/\",\"name\":\"Visit Empord\u00e0\",\"description\":\"Site officiel du tourisme du Baix Empord\u00e0\",\"publisher\":{\"@id\":\"https:\\\/\\\/visitemporda.com\\\/fr\\\/#organization\"},\"potentialAction\":[{\"@type\":\"SearchAction\",\"target\":{\"@type\":\"EntryPoint\",\"urlTemplate\":\"https:\\\/\\\/visitemporda.com\\\/fr\\\/?s={search_term_string}\"},\"query-input\":{\"@type\":\"PropertyValueSpecification\",\"valueRequired\":true,\"valueName\":\"search_term_string\"}}],\"inLanguage\":\"fr-FR\"},{\"@type\":\"Organization\",\"@id\":\"https:\\\/\\\/visitemporda.com\\\/fr\\\/#organization\",\"name\":\"Consell Comarcal del Baix Empord\u00e0\",\"url\":\"https:\\\/\\\/visitemporda.com\\\/fr\\\/\",\"logo\":{\"@type\":\"ImageObject\",\"inLanguage\":\"fr-FR\",\"@id\":\"https:\\\/\\\/visitemporda.com\\\/fr\\\/#\\\/schema\\\/logo\\\/image\\\/\",\"url\":\"https:\\\/\\\/visitemporda.com\\\/wp-content\\\/uploads\\\/2024\\\/11\\\/Logotip_CCBE.png\",\"contentUrl\":\"https:\\\/\\\/visitemporda.com\\\/wp-content\\\/uploads\\\/2024\\\/11\\\/Logotip_CCBE.png\",\"width\":3617,\"height\":3617,\"caption\":\"Consell Comarcal del Baix Empord\u00e0\"},\"image\":{\"@id\":\"https:\\\/\\\/visitemporda.com\\\/fr\\\/#\\\/schema\\\/logo\\\/image\\\/\"},\"sameAs\":[\"https:\\\/\\\/www.facebook.com\\\/baixempordaturisme\",\"https:\\\/\\\/x.com\\\/baixemporda_tur\",\"https:\\\/\\\/www.instagram.com\\\/visitemporda\"]}]}<\/script>\n<!-- \/ Yoast SEO plugin. -->","yoast_head_json":{"title":"Villages m\u00e9di\u00e9vaux et paysages empurdanais - Visit Empord\u00e0","robots":{"index":"index","follow":"follow","max-snippet":"max-snippet:-1","max-image-preview":"max-image-preview:large","max-video-preview":"max-video-preview:-1"},"canonical":"https:\/\/visitemporda.com\/fr\/recomenacions\/propostes\/propostes-en-familia\/rutes-en-familia\/pobles-medievals-i-paisatge-empordanes\/","og_locale":"fr_FR","og_type":"article","og_title":"Villages m\u00e9di\u00e9vaux et paysages empurdanais - Visit Empord\u00e0","og_description":"En partant du vieux quartier de Pals, vous pouvez faire un petit circuit pour d\u00e9couvrir l&rsquo;histoire et observer le beau paysage de cette r\u00e9gion, en passant par Torrent et Sant Feliu de Boada en revenant ensuite \u00e0 Pals. Recommandations: Avant de revenir \u00e0 Pals, si vous suivez le r\u00e9seau de cyclotourisme, vous pourrez allez jusqu&rsquo;\u00e0 [&hellip;]","og_url":"https:\/\/visitemporda.com\/fr\/recomenacions\/propostes\/propostes-en-familia\/rutes-en-familia\/pobles-medievals-i-paisatge-empordanes\/","og_site_name":"Visit Empord\u00e0","article_publisher":"https:\/\/www.facebook.com\/baixempordaturisme","article_modified_time":"2020-10-26T12:52:11+00:00","og_image":[{"width":1024,"height":683,"url":"https:\/\/visitemporda.com\/wp-content\/uploads\/2020\/01\/6-DSC02686-1024x683.jpg","type":"image\/jpeg"}],"twitter_card":"summary_large_image","twitter_site":"@baixemporda_tur","schema":{"@context":"https:\/\/schema.org","@graph":[{"@type":"WebPage","@id":"https:\/\/visitemporda.com\/fr\/recomenacions\/propostes\/propostes-en-familia\/rutes-en-familia\/pobles-medievals-i-paisatge-empordanes\/","url":"https:\/\/visitemporda.com\/fr\/recomenacions\/propostes\/propostes-en-familia\/rutes-en-familia\/pobles-medievals-i-paisatge-empordanes\/","name":"Villages m\u00e9di\u00e9vaux et paysages empurdanais - Visit Empord\u00e0","isPartOf":{"@id":"https:\/\/visitemporda.com\/fr\/#website"},"primaryImageOfPage":{"@id":"https:\/\/visitemporda.com\/fr\/recomenacions\/propostes\/propostes-en-familia\/rutes-en-familia\/pobles-medievals-i-paisatge-empordanes\/#primaryimage"},"image":{"@id":"https:\/\/visitemporda.com\/fr\/recomenacions\/propostes\/propostes-en-familia\/rutes-en-familia\/pobles-medievals-i-paisatge-empordanes\/#primaryimage"},"thumbnailUrl":"https:\/\/visitemporda.com\/wp-content\/uploads\/2020\/01\/6-DSC02686.jpg","datePublished":"2020-01-08T15:25:48+00:00","dateModified":"2020-10-26T12:52:11+00:00","breadcrumb":{"@id":"https:\/\/visitemporda.com\/fr\/recomenacions\/propostes\/propostes-en-familia\/rutes-en-familia\/pobles-medievals-i-paisatge-empordanes\/#breadcrumb"},"inLanguage":"fr-FR","potentialAction":[{"@type":"ReadAction","target":["https:\/\/visitemporda.com\/fr\/recomenacions\/propostes\/propostes-en-familia\/rutes-en-familia\/pobles-medievals-i-paisatge-empordanes\/"]}]},{"@type":"ImageObject","inLanguage":"fr-FR","@id":"https:\/\/visitemporda.com\/fr\/recomenacions\/propostes\/propostes-en-familia\/rutes-en-familia\/pobles-medievals-i-paisatge-empordanes\/#primaryimage","url":"https:\/\/visitemporda.com\/wp-content\/uploads\/2020\/01\/6-DSC02686.jpg","contentUrl":"https:\/\/visitemporda.com\/wp-content\/uploads\/2020\/01\/6-DSC02686.jpg","width":1920,"height":1280,"caption":"SONY DSC"},{"@type":"BreadcrumbList","@id":"https:\/\/visitemporda.com\/fr\/recomenacions\/propostes\/propostes-en-familia\/rutes-en-familia\/pobles-medievals-i-paisatge-empordanes\/#breadcrumb","itemListElement":[{"@type":"ListItem","position":1,"name":"Inici","item":"https:\/\/visitemporda.com\/fr\/"},{"@type":"ListItem","position":2,"name":"Recommandations","item":"https:\/\/visitemporda.com\/fr\/recomenacions\/"},{"@type":"ListItem","position":3,"name":"Quoi faire","item":"https:\/\/visitemporda.com\/fr\/recomenacions\/propostes\/"},{"@type":"ListItem","position":4,"name":"Propositions en famille","item":"https:\/\/visitemporda.com\/fr\/recomenacions\/propostes\/propostes-en-familia\/"},{"@type":"ListItem","position":5,"name":"Itin\u00e9raires en famille","item":"https:\/\/visitemporda.com\/fr\/recomenacions\/propostes\/propostes-en-familia\/rutes-en-familia\/"},{"@type":"ListItem","position":6,"name":"Villages m\u00e9di\u00e9vaux et paysages empurdanais"}]},{"@type":"WebSite","@id":"https:\/\/visitemporda.com\/fr\/#website","url":"https:\/\/visitemporda.com\/fr\/","name":"Visit Empord\u00e0","description":"Site officiel du tourisme du Baix Empord\u00e0","publisher":{"@id":"https:\/\/visitemporda.com\/fr\/#organization"},"potentialAction":[{"@type":"SearchAction","target":{"@type":"EntryPoint","urlTemplate":"https:\/\/visitemporda.com\/fr\/?s={search_term_string}"},"query-input":{"@type":"PropertyValueSpecification","valueRequired":true,"valueName":"search_term_string"}}],"inLanguage":"fr-FR"},{"@type":"Organization","@id":"https:\/\/visitemporda.com\/fr\/#organization","name":"Consell Comarcal del Baix Empord\u00e0","url":"https:\/\/visitemporda.com\/fr\/","logo":{"@type":"ImageObject","inLanguage":"fr-FR","@id":"https:\/\/visitemporda.com\/fr\/#\/schema\/logo\/image\/","url":"https:\/\/visitemporda.com\/wp-content\/uploads\/2024\/11\/Logotip_CCBE.png","contentUrl":"https:\/\/visitemporda.com\/wp-content\/uploads\/2024\/11\/Logotip_CCBE.png","width":3617,"height":3617,"caption":"Consell Comarcal del Baix Empord\u00e0"},"image":{"@id":"https:\/\/visitemporda.com\/fr\/#\/schema\/logo\/image\/"},"sameAs":["https:\/\/www.facebook.com\/baixempordaturisme","https:\/\/x.com\/baixemporda_tur","https:\/\/www.instagram.com\/visitemporda"]}]}},"_links":{"self":[{"href":"https:\/\/visitemporda.com\/fr\/wp-json\/wp\/v2\/pages\/20817","targetHints":{"allow":["GET"]}}],"collection":[{"href":"https:\/\/visitemporda.com\/fr\/wp-json\/wp\/v2\/pages"}],"about":[{"href":"https:\/\/visitemporda.com\/fr\/wp-json\/wp\/v2\/types\/page"}],"author":[{"embeddable":true,"href":"https:\/\/visitemporda.com\/fr\/wp-json\/wp\/v2\/users\/2"}],"replies":[{"embeddable":true,"href":"https:\/\/visitemporda.com\/fr\/wp-json\/wp\/v2\/comments?post=20817"}],"version-history":[{"count":2,"href":"https:\/\/visitemporda.com\/fr\/wp-json\/wp\/v2\/pages\/20817\/revisions"}],"predecessor-version":[{"id":20819,"href":"https:\/\/visitemporda.com\/fr\/wp-json\/wp\/v2\/pages\/20817\/revisions\/20819"}],"up":[{"embeddable":true,"href":"https:\/\/visitemporda.com\/fr\/wp-json\/wp\/v2\/pages\/20820"}],"wp:featuredmedia":[{"embeddable":true,"href":"https:\/\/visitemporda.com\/fr\/wp-json\/wp\/v2\/media\/14671"}],"wp:attachment":[{"href":"https:\/\/visitemporda.com\/fr\/wp-json\/wp\/v2\/media?parent=20817"}],"curies":[{"name":"wp","href":"https:\/\/api.w.org\/{rel}","templated":true}]}}