

{"id":20808,"date":"2020-01-08T16:21:09","date_gmt":"2020-01-08T15:21:09","guid":{"rendered":"http:\/\/visitemporda.com\/la-conca-del-tinar-un-cami-de-vinyes\/"},"modified":"2020-10-26T12:53:41","modified_gmt":"2020-10-26T11:53:41","slug":"la-conca-del-tinar-un-cami-de-vinyes","status":"publish","type":"page","link":"https:\/\/visitemporda.com\/fr\/recomenacions\/propostes\/propostes-en-familia\/rutes-en-familia\/la-conca-del-tinar-un-cami-de-vinyes\/","title":{"rendered":"Le bassin du Tinar. Un chemin de vignes"},"content":{"rendered":"<p>P\u00e9n\u00e9trer dans la plaine de Calonge sera une v\u00e9ritable aventure pour toute la famille. Marcher au milieu de fermes et de vignobles vous transportera dans le temps et vous n&rsquo;oublierez pas la singularit\u00e9 de cet espace.<\/p>\n<p><strong>Recommandations<\/strong>: La visite des diff\u00e9rentes fermes catalanes vous fera d\u00e9couvrir une longue histoire. Les plus grands pourront d\u00e9couvrir le vin traditionnel et les plus petits vivront une exp\u00e9rience \u00e0 la campagne.<\/p>\n<p><strong>Km<\/strong>: 4.42Km<\/p>\n<p><strong>Temps<\/strong>: 1h 20min<\/p>\n<p><strong>Itin\u00e9raire Wikiloc<\/strong>: <a href=\"https:\/\/ca.wikiloc.com\/rutes-senderisme\/ccbe-turisme-familiar-o-t-de-calonge-st-antoni-la-conca-del-tinar-un-cami-de-vinyes-2509815\">Consulter ici<\/a><\/p>\n","protected":false},"excerpt":{"rendered":"<p>P\u00e9n\u00e9trer dans la plaine de Calonge sera une v\u00e9ritable aventure pour toute la famille. Marcher au milieu de fermes et de vignobles vous transportera dans le temps et vous n&rsquo;oublierez pas la singularit\u00e9 de cet espace. Recommandations: La visite des diff\u00e9rentes fermes catalanes vous fera d\u00e9couvrir une longue histoire. Les plus grands pourront d\u00e9couvrir le [&hellip;]<\/p>\n","protected":false},"author":2,"featured_media":14659,"parent":20820,"menu_order":0,"comment_status":"closed","ping_status":"closed","template":"page-templates\/fitxa-campanyes-gastronomiques.php","meta":{"_acf_changed":false,"footnotes":""},"class_list":["post-20808","page","type-page","status-publish","has-post-thumbnail","hentry"],"acf":[],"yoast_head":"<!-- This site is optimized with the Yoast SEO plugin v27.4 - https:\/\/yoast.com\/product\/yoast-seo-wordpress\/ -->\n<title>Le bassin du Tinar. Un chemin de vignes - Visit Empord\u00e0<\/title>\n<meta name=\"robots\" content=\"index, follow, max-snippet:-1, max-image-preview:large, max-video-preview:-1\" \/>\n<link rel=\"canonical\" href=\"https:\/\/visitemporda.com\/fr\/recomenacions\/propostes\/propostes-en-familia\/rutes-en-familia\/la-conca-del-tinar-un-cami-de-vinyes\/\" \/>\n<meta property=\"og:locale\" content=\"fr_FR\" \/>\n<meta property=\"og:type\" content=\"article\" \/>\n<meta property=\"og:title\" content=\"Le bassin du Tinar. Un chemin de vignes - Visit Empord\u00e0\" \/>\n<meta property=\"og:description\" content=\"P\u00e9n\u00e9trer dans la plaine de Calonge sera une v\u00e9ritable aventure pour toute la famille. Marcher au milieu de fermes et de vignobles vous transportera dans le temps et vous n&rsquo;oublierez pas la singularit\u00e9 de cet espace. Recommandations: La visite des diff\u00e9rentes fermes catalanes vous fera d\u00e9couvrir une longue histoire. Les plus grands pourront d\u00e9couvrir le [&hellip;]\" \/>\n<meta property=\"og:url\" content=\"https:\/\/visitemporda.com\/fr\/recomenacions\/propostes\/propostes-en-familia\/rutes-en-familia\/la-conca-del-tinar-un-cami-de-vinyes\/\" \/>\n<meta property=\"og:site_name\" content=\"Visit Empord\u00e0\" \/>\n<meta property=\"article:publisher\" content=\"https:\/\/www.facebook.com\/baixempordaturisme\" \/>\n<meta property=\"article:modified_time\" content=\"2020-10-26T11:53:41+00:00\" \/>\n<meta property=\"og:image\" content=\"https:\/\/visitemporda.com\/wp-content\/uploads\/2020\/01\/3-_jml7996-1024x681.jpg\" \/>\n\t<meta property=\"og:image:width\" content=\"1024\" \/>\n\t<meta property=\"og:image:height\" content=\"681\" \/>\n\t<meta property=\"og:image:type\" content=\"image\/jpeg\" \/>\n<meta name=\"twitter:card\" content=\"summary_large_image\" \/>\n<meta name=\"twitter:site\" content=\"@baixemporda_tur\" \/>\n<script type=\"application\/ld+json\" class=\"yoast-schema-graph\">{\"@context\":\"https:\\\/\\\/schema.org\",\"@graph\":[{\"@type\":\"WebPage\",\"@id\":\"https:\\\/\\\/visitemporda.com\\\/fr\\\/recomenacions\\\/propostes\\\/propostes-en-familia\\\/rutes-en-familia\\\/la-conca-del-tinar-un-cami-de-vinyes\\\/\",\"url\":\"https:\\\/\\\/visitemporda.com\\\/fr\\\/recomenacions\\\/propostes\\\/propostes-en-familia\\\/rutes-en-familia\\\/la-conca-del-tinar-un-cami-de-vinyes\\\/\",\"name\":\"Le bassin du Tinar. Un chemin de vignes - Visit Empord\u00e0\",\"isPartOf\":{\"@id\":\"https:\\\/\\\/visitemporda.com\\\/fr\\\/#website\"},\"primaryImageOfPage\":{\"@id\":\"https:\\\/\\\/visitemporda.com\\\/fr\\\/recomenacions\\\/propostes\\\/propostes-en-familia\\\/rutes-en-familia\\\/la-conca-del-tinar-un-cami-de-vinyes\\\/#primaryimage\"},\"image\":{\"@id\":\"https:\\\/\\\/visitemporda.com\\\/fr\\\/recomenacions\\\/propostes\\\/propostes-en-familia\\\/rutes-en-familia\\\/la-conca-del-tinar-un-cami-de-vinyes\\\/#primaryimage\"},\"thumbnailUrl\":\"https:\\\/\\\/visitemporda.com\\\/wp-content\\\/uploads\\\/2020\\\/01\\\/3-_jml7996.jpg\",\"datePublished\":\"2020-01-08T15:21:09+00:00\",\"dateModified\":\"2020-10-26T11:53:41+00:00\",\"breadcrumb\":{\"@id\":\"https:\\\/\\\/visitemporda.com\\\/fr\\\/recomenacions\\\/propostes\\\/propostes-en-familia\\\/rutes-en-familia\\\/la-conca-del-tinar-un-cami-de-vinyes\\\/#breadcrumb\"},\"inLanguage\":\"fr-FR\",\"potentialAction\":[{\"@type\":\"ReadAction\",\"target\":[\"https:\\\/\\\/visitemporda.com\\\/fr\\\/recomenacions\\\/propostes\\\/propostes-en-familia\\\/rutes-en-familia\\\/la-conca-del-tinar-un-cami-de-vinyes\\\/\"]}]},{\"@type\":\"ImageObject\",\"inLanguage\":\"fr-FR\",\"@id\":\"https:\\\/\\\/visitemporda.com\\\/fr\\\/recomenacions\\\/propostes\\\/propostes-en-familia\\\/rutes-en-familia\\\/la-conca-del-tinar-un-cami-de-vinyes\\\/#primaryimage\",\"url\":\"https:\\\/\\\/visitemporda.com\\\/wp-content\\\/uploads\\\/2020\\\/01\\\/3-_jml7996.jpg\",\"contentUrl\":\"https:\\\/\\\/visitemporda.com\\\/wp-content\\\/uploads\\\/2020\\\/01\\\/3-_jml7996.jpg\",\"width\":4256,\"height\":2832,\"caption\":\"pares amb dos fills al mig de les vinyes de Calonge. el pare t\u00e9 el nen a sobre les espatlles i toquen una vinya.\"},{\"@type\":\"BreadcrumbList\",\"@id\":\"https:\\\/\\\/visitemporda.com\\\/fr\\\/recomenacions\\\/propostes\\\/propostes-en-familia\\\/rutes-en-familia\\\/la-conca-del-tinar-un-cami-de-vinyes\\\/#breadcrumb\",\"itemListElement\":[{\"@type\":\"ListItem\",\"position\":1,\"name\":\"Inici\",\"item\":\"https:\\\/\\\/visitemporda.com\\\/fr\\\/\"},{\"@type\":\"ListItem\",\"position\":2,\"name\":\"Recommandations\",\"item\":\"https:\\\/\\\/visitemporda.com\\\/fr\\\/recomenacions\\\/\"},{\"@type\":\"ListItem\",\"position\":3,\"name\":\"Quoi faire\",\"item\":\"https:\\\/\\\/visitemporda.com\\\/fr\\\/recomenacions\\\/propostes\\\/\"},{\"@type\":\"ListItem\",\"position\":4,\"name\":\"Propositions en famille\",\"item\":\"https:\\\/\\\/visitemporda.com\\\/fr\\\/recomenacions\\\/propostes\\\/propostes-en-familia\\\/\"},{\"@type\":\"ListItem\",\"position\":5,\"name\":\"Itin\u00e9raires en famille\",\"item\":\"https:\\\/\\\/visitemporda.com\\\/fr\\\/recomenacions\\\/propostes\\\/propostes-en-familia\\\/rutes-en-familia\\\/\"},{\"@type\":\"ListItem\",\"position\":6,\"name\":\"Le bassin du Tinar. Un chemin de vignes\"}]},{\"@type\":\"WebSite\",\"@id\":\"https:\\\/\\\/visitemporda.com\\\/fr\\\/#website\",\"url\":\"https:\\\/\\\/visitemporda.com\\\/fr\\\/\",\"name\":\"Visit Empord\u00e0\",\"description\":\"Site officiel du tourisme du Baix Empord\u00e0\",\"publisher\":{\"@id\":\"https:\\\/\\\/visitemporda.com\\\/fr\\\/#organization\"},\"potentialAction\":[{\"@type\":\"SearchAction\",\"target\":{\"@type\":\"EntryPoint\",\"urlTemplate\":\"https:\\\/\\\/visitemporda.com\\\/fr\\\/?s={search_term_string}\"},\"query-input\":{\"@type\":\"PropertyValueSpecification\",\"valueRequired\":true,\"valueName\":\"search_term_string\"}}],\"inLanguage\":\"fr-FR\"},{\"@type\":\"Organization\",\"@id\":\"https:\\\/\\\/visitemporda.com\\\/fr\\\/#organization\",\"name\":\"Consell Comarcal del Baix Empord\u00e0\",\"url\":\"https:\\\/\\\/visitemporda.com\\\/fr\\\/\",\"logo\":{\"@type\":\"ImageObject\",\"inLanguage\":\"fr-FR\",\"@id\":\"https:\\\/\\\/visitemporda.com\\\/fr\\\/#\\\/schema\\\/logo\\\/image\\\/\",\"url\":\"https:\\\/\\\/visitemporda.com\\\/wp-content\\\/uploads\\\/2024\\\/11\\\/Logotip_CCBE.png\",\"contentUrl\":\"https:\\\/\\\/visitemporda.com\\\/wp-content\\\/uploads\\\/2024\\\/11\\\/Logotip_CCBE.png\",\"width\":3617,\"height\":3617,\"caption\":\"Consell Comarcal del Baix Empord\u00e0\"},\"image\":{\"@id\":\"https:\\\/\\\/visitemporda.com\\\/fr\\\/#\\\/schema\\\/logo\\\/image\\\/\"},\"sameAs\":[\"https:\\\/\\\/www.facebook.com\\\/baixempordaturisme\",\"https:\\\/\\\/x.com\\\/baixemporda_tur\",\"https:\\\/\\\/www.instagram.com\\\/visitemporda\"]}]}<\/script>\n<!-- \/ Yoast SEO plugin. -->","yoast_head_json":{"title":"Le bassin du Tinar. Un chemin de vignes - Visit Empord\u00e0","robots":{"index":"index","follow":"follow","max-snippet":"max-snippet:-1","max-image-preview":"max-image-preview:large","max-video-preview":"max-video-preview:-1"},"canonical":"https:\/\/visitemporda.com\/fr\/recomenacions\/propostes\/propostes-en-familia\/rutes-en-familia\/la-conca-del-tinar-un-cami-de-vinyes\/","og_locale":"fr_FR","og_type":"article","og_title":"Le bassin du Tinar. Un chemin de vignes - Visit Empord\u00e0","og_description":"P\u00e9n\u00e9trer dans la plaine de Calonge sera une v\u00e9ritable aventure pour toute la famille. Marcher au milieu de fermes et de vignobles vous transportera dans le temps et vous n&rsquo;oublierez pas la singularit\u00e9 de cet espace. Recommandations: La visite des diff\u00e9rentes fermes catalanes vous fera d\u00e9couvrir une longue histoire. Les plus grands pourront d\u00e9couvrir le [&hellip;]","og_url":"https:\/\/visitemporda.com\/fr\/recomenacions\/propostes\/propostes-en-familia\/rutes-en-familia\/la-conca-del-tinar-un-cami-de-vinyes\/","og_site_name":"Visit Empord\u00e0","article_publisher":"https:\/\/www.facebook.com\/baixempordaturisme","article_modified_time":"2020-10-26T11:53:41+00:00","og_image":[{"width":1024,"height":681,"url":"https:\/\/visitemporda.com\/wp-content\/uploads\/2020\/01\/3-_jml7996-1024x681.jpg","type":"image\/jpeg"}],"twitter_card":"summary_large_image","twitter_site":"@baixemporda_tur","schema":{"@context":"https:\/\/schema.org","@graph":[{"@type":"WebPage","@id":"https:\/\/visitemporda.com\/fr\/recomenacions\/propostes\/propostes-en-familia\/rutes-en-familia\/la-conca-del-tinar-un-cami-de-vinyes\/","url":"https:\/\/visitemporda.com\/fr\/recomenacions\/propostes\/propostes-en-familia\/rutes-en-familia\/la-conca-del-tinar-un-cami-de-vinyes\/","name":"Le bassin du Tinar. Un chemin de vignes - Visit Empord\u00e0","isPartOf":{"@id":"https:\/\/visitemporda.com\/fr\/#website"},"primaryImageOfPage":{"@id":"https:\/\/visitemporda.com\/fr\/recomenacions\/propostes\/propostes-en-familia\/rutes-en-familia\/la-conca-del-tinar-un-cami-de-vinyes\/#primaryimage"},"image":{"@id":"https:\/\/visitemporda.com\/fr\/recomenacions\/propostes\/propostes-en-familia\/rutes-en-familia\/la-conca-del-tinar-un-cami-de-vinyes\/#primaryimage"},"thumbnailUrl":"https:\/\/visitemporda.com\/wp-content\/uploads\/2020\/01\/3-_jml7996.jpg","datePublished":"2020-01-08T15:21:09+00:00","dateModified":"2020-10-26T11:53:41+00:00","breadcrumb":{"@id":"https:\/\/visitemporda.com\/fr\/recomenacions\/propostes\/propostes-en-familia\/rutes-en-familia\/la-conca-del-tinar-un-cami-de-vinyes\/#breadcrumb"},"inLanguage":"fr-FR","potentialAction":[{"@type":"ReadAction","target":["https:\/\/visitemporda.com\/fr\/recomenacions\/propostes\/propostes-en-familia\/rutes-en-familia\/la-conca-del-tinar-un-cami-de-vinyes\/"]}]},{"@type":"ImageObject","inLanguage":"fr-FR","@id":"https:\/\/visitemporda.com\/fr\/recomenacions\/propostes\/propostes-en-familia\/rutes-en-familia\/la-conca-del-tinar-un-cami-de-vinyes\/#primaryimage","url":"https:\/\/visitemporda.com\/wp-content\/uploads\/2020\/01\/3-_jml7996.jpg","contentUrl":"https:\/\/visitemporda.com\/wp-content\/uploads\/2020\/01\/3-_jml7996.jpg","width":4256,"height":2832,"caption":"pares amb dos fills al mig de les vinyes de Calonge. el pare t\u00e9 el nen a sobre les espatlles i toquen una vinya."},{"@type":"BreadcrumbList","@id":"https:\/\/visitemporda.com\/fr\/recomenacions\/propostes\/propostes-en-familia\/rutes-en-familia\/la-conca-del-tinar-un-cami-de-vinyes\/#breadcrumb","itemListElement":[{"@type":"ListItem","position":1,"name":"Inici","item":"https:\/\/visitemporda.com\/fr\/"},{"@type":"ListItem","position":2,"name":"Recommandations","item":"https:\/\/visitemporda.com\/fr\/recomenacions\/"},{"@type":"ListItem","position":3,"name":"Quoi faire","item":"https:\/\/visitemporda.com\/fr\/recomenacions\/propostes\/"},{"@type":"ListItem","position":4,"name":"Propositions en famille","item":"https:\/\/visitemporda.com\/fr\/recomenacions\/propostes\/propostes-en-familia\/"},{"@type":"ListItem","position":5,"name":"Itin\u00e9raires en famille","item":"https:\/\/visitemporda.com\/fr\/recomenacions\/propostes\/propostes-en-familia\/rutes-en-familia\/"},{"@type":"ListItem","position":6,"name":"Le bassin du Tinar. Un chemin de vignes"}]},{"@type":"WebSite","@id":"https:\/\/visitemporda.com\/fr\/#website","url":"https:\/\/visitemporda.com\/fr\/","name":"Visit Empord\u00e0","description":"Site officiel du tourisme du Baix Empord\u00e0","publisher":{"@id":"https:\/\/visitemporda.com\/fr\/#organization"},"potentialAction":[{"@type":"SearchAction","target":{"@type":"EntryPoint","urlTemplate":"https:\/\/visitemporda.com\/fr\/?s={search_term_string}"},"query-input":{"@type":"PropertyValueSpecification","valueRequired":true,"valueName":"search_term_string"}}],"inLanguage":"fr-FR"},{"@type":"Organization","@id":"https:\/\/visitemporda.com\/fr\/#organization","name":"Consell Comarcal del Baix Empord\u00e0","url":"https:\/\/visitemporda.com\/fr\/","logo":{"@type":"ImageObject","inLanguage":"fr-FR","@id":"https:\/\/visitemporda.com\/fr\/#\/schema\/logo\/image\/","url":"https:\/\/visitemporda.com\/wp-content\/uploads\/2024\/11\/Logotip_CCBE.png","contentUrl":"https:\/\/visitemporda.com\/wp-content\/uploads\/2024\/11\/Logotip_CCBE.png","width":3617,"height":3617,"caption":"Consell Comarcal del Baix Empord\u00e0"},"image":{"@id":"https:\/\/visitemporda.com\/fr\/#\/schema\/logo\/image\/"},"sameAs":["https:\/\/www.facebook.com\/baixempordaturisme","https:\/\/x.com\/baixemporda_tur","https:\/\/www.instagram.com\/visitemporda"]}]}},"_links":{"self":[{"href":"https:\/\/visitemporda.com\/fr\/wp-json\/wp\/v2\/pages\/20808","targetHints":{"allow":["GET"]}}],"collection":[{"href":"https:\/\/visitemporda.com\/fr\/wp-json\/wp\/v2\/pages"}],"about":[{"href":"https:\/\/visitemporda.com\/fr\/wp-json\/wp\/v2\/types\/page"}],"author":[{"embeddable":true,"href":"https:\/\/visitemporda.com\/fr\/wp-json\/wp\/v2\/users\/2"}],"replies":[{"embeddable":true,"href":"https:\/\/visitemporda.com\/fr\/wp-json\/wp\/v2\/comments?post=20808"}],"version-history":[{"count":2,"href":"https:\/\/visitemporda.com\/fr\/wp-json\/wp\/v2\/pages\/20808\/revisions"}],"predecessor-version":[{"id":20810,"href":"https:\/\/visitemporda.com\/fr\/wp-json\/wp\/v2\/pages\/20808\/revisions\/20810"}],"up":[{"embeddable":true,"href":"https:\/\/visitemporda.com\/fr\/wp-json\/wp\/v2\/pages\/20820"}],"wp:featuredmedia":[{"embeddable":true,"href":"https:\/\/visitemporda.com\/fr\/wp-json\/wp\/v2\/media\/14659"}],"wp:attachment":[{"href":"https:\/\/visitemporda.com\/fr\/wp-json\/wp\/v2\/media?parent=20808"}],"curies":[{"name":"wp","href":"https:\/\/api.w.org\/{rel}","templated":true}]}}