

{"id":20783,"date":"2019-08-07T09:29:44","date_gmt":"2019-08-07T07:29:44","guid":{"rendered":"http:\/\/visitemporda.com\/recomenacions\/el-gust-de-lemporda\/enoturisme-i-visites-guiades\/"},"modified":"2021-05-22T18:07:44","modified_gmt":"2021-05-22T16:07:44","slug":"enoturisme-i-visites-guiades","status":"publish","type":"page","link":"https:\/\/visitemporda.com\/fr\/planifica\/el-gust-de-lemporda\/enoturisme-i-visites-guiades\/","title":{"rendered":"Oenotourisme et visites guid\u00e9es"},"content":{"rendered":"<table class=\"principal_contenidos\" border=\"0\" summary=\"\" cellspacing=\"0\" cellpadding=\"0\" align=\"center\">\n<tbody>\n<tr valign=\"top\">\n<td class=\"contenedor_izquierda\">\n<table border=\"0\" summary=\"\" width=\"100%\" cellspacing=\"0\" cellpadding=\"0\">\n<tbody>\n<tr valign=\"top\">\n<td align=\"center\">\n<table border=\"0\" summary=\"\" width=\"100%\" cellspacing=\"0\" cellpadding=\"0\">\n<tbody>\n<tr>\n<td valign=\"top\">\n<table border=\"0\" width=\"100%\" cellspacing=\"0\" cellpadding=\"0\">\n<tbody>\n<tr>\n<td class=\"textos\" valign=\"top\"><strong>\u0152NOTOURISME <\/strong><\/p>\n<p>Le Baix Empord\u00e0 propose deux types d\u2019\u0153notourisme : <strong>les vins de l\u2019appellation d\u2019origine Empord\u00e0 et les vins de pays.<\/strong> Dans les deux cas, des visites guid\u00e9es permettent de d\u00e9couvrir le processus d\u2019\u00e9laboration du vin et toute son essence. Partez \u00e0 leur d\u00e9couverte !<\/p>\n<p><strong><a href=\"http:\/\/www.doemporda.cat\/\">Vin DO Empord\u00e0 <\/a><\/strong><\/p>\n<p>Vin de grande qualit\u00e9. Les vari\u00e9t\u00e9s principales rouges sont le carignan, appel\u00e9 sams\u00f3 dans la r\u00e9gion, qui constitue la base de la viticulture de l\u2019Empord\u00e0 avec le grenache noir (appel\u00e9 ici lledoner). Ces vari\u00e9t\u00e9s traditionnelles c\u00f4toient des nouvelles vari\u00e9t\u00e9s introduites, notamment le tempranillo ou ull de llebre, le cabernet sauvignon, le merlot et la syrah, entre autres. En ce qui concerne les blancs, le grenache blanc et rouge et le maccabeu dominent. Nous trouvons \u00e9galement, dans une moindre proportion, le moscatel, le traditionnel xarello et plus r\u00e9cemment plant\u00e9s, le chardonnay, le sauvignon blanc et le gewurztraminer.<\/p>\n<p>De nombreuses caves se visitent. La qualit\u00e9 de leurs vins est reconnue chaque ann\u00e9e par plusieurs prix et r\u00e9compenses et par le r\u00e8glement de l\u2019appellation d\u2019origine.<\/p>\n<p>Bon nombre de ces caves participent \u00e0 la <strong><a href=\"http:\/\/fr.costabrava.org\/quoi-faire\/route-du-vin\">Route du Vin Appellation d\u2019origine Empord\u00e0<\/a><\/strong>, une initiative de promotion de l\u2019\u0153notourisme dans l\u2019Empord\u00e0.<\/p>\n<p>Vous pouvez \u00e9galement d\u00e9couvrir les caves \u00e0 visiter dans la publication <strong><a href=\"http:\/\/www.visitemporda.com\/fr\/publications\/656#a646\">Rutes enotur\u00edstiques de l\u2019Empord\u00e0,<\/a><\/strong> qui propose trois circuits pour partir \u00e0 la d\u00e9couverte du vin de l\u2019Empord\u00e0.<\/p>\n<p><strong><a href=\"http:\/\/www.calonge-santantoni.com\/\">Vins de pays \u00e0 Calonge :<\/a><\/strong> Les chais des mas et des fermes continuent \u00e0 faire du vin selon les m\u00e9thodes traditionnelles utilis\u00e9es depuis un si\u00e8cle. Ces mas invitent \u00e0 red\u00e9couvrir un mode de vie qui semblait disparu ; il subsiste pourtant et entrevoit m\u00eame un futur. La terre, la vigne et le vin sont travaill\u00e9s en famille ; les visiteurs peuvent acheter directement leurs bouteilles. Ce vin conserve le go\u00fbt du temps et comme tous les vins de pays, il se distingue des vins commerciaux.<\/p>\n<p>Pour en savoir plus : <a href=\"http:\/\/www.calonge-santantoni.com\/\">www.calonge-santantoni.com<\/a> ou la publication <b>Produit local du Baix Empord\u00e0, visites guid\u00e9es avec identit\u00e9.<\/b><\/p>\n<p><strong>VISITES GUID\u00c9ES<\/strong><\/p>\n<p>Dans le Baix Empord\u00e0, non seulement vous pourrez savourer les produits typiques, mais vous pourrez suivre leur processus d\u2019\u00e9laboration pendant des visites guid\u00e9es ou des ateliers sur les produits suivants : riz de Pals, botifarra dol\u00e7a (saucisse sucr\u00e9e-sal\u00e9e), crevette de Palam\u00f3s, produits mara\u00eechers, lait, vin, huile, fromages affin\u00e9s et frais.<\/p>\n<p>Pour en savoir plus, rendez-vous sur <a href=\"http:\/\/www.visitemporda.com\/\">www.visitemporda.com<\/a> ou dans la publication du Consell Comarcal du Baix Empord\u00e0, <b>Produit local du Baix Empord\u00e0, visites guid\u00e9es avec identit\u00e9<\/b>, que vous pourrez trouver dans les offices de tourisme de la r\u00e9gion et au Consell Comarcal.<\/td>\n<\/tr>\n<\/tbody>\n<\/table>\n<\/td>\n<\/tr>\n<\/tbody>\n<\/table>\n<\/td>\n<\/tr>\n<\/tbody>\n<\/table>\n<\/td>\n<\/tr>\n<\/tbody>\n<\/table>\n","protected":false},"excerpt":{"rendered":"<p>\u0152NOTOURISME Le Baix Empord\u00e0 propose deux types d\u2019\u0153notourisme : les vins de l\u2019appellation d\u2019origine Empord\u00e0 et les vins de pays. Dans les deux cas, des visites guid\u00e9es permettent de d\u00e9couvrir le processus d\u2019\u00e9laboration du vin et toute son essence. Partez \u00e0 leur d\u00e9couverte ! Vin DO Empord\u00e0 Vin de grande qualit\u00e9. Les vari\u00e9t\u00e9s principales rouges [&hellip;]<\/p>\n","protected":false},"author":2,"featured_media":6897,"parent":19923,"menu_order":0,"comment_status":"closed","ping_status":"closed","template":"page-templates\/fitxa-campanyes-gastronomiques.php","meta":{"_acf_changed":false,"footnotes":""},"class_list":["post-20783","page","type-page","status-publish","has-post-thumbnail","hentry"],"acf":[],"yoast_head":"<!-- This site is optimized with the Yoast SEO plugin v27.4 - https:\/\/yoast.com\/product\/yoast-seo-wordpress\/ -->\n<title>Oenotourisme et visites guid\u00e9es - Visit Empord\u00e0<\/title>\n<meta name=\"robots\" content=\"index, follow, max-snippet:-1, max-image-preview:large, max-video-preview:-1\" \/>\n<link rel=\"canonical\" href=\"https:\/\/visitemporda.com\/fr\/planifica\/el-gust-de-lemporda\/enoturisme-i-visites-guiades\/\" \/>\n<meta property=\"og:locale\" content=\"fr_FR\" \/>\n<meta property=\"og:type\" content=\"article\" \/>\n<meta property=\"og:title\" content=\"Oenotourisme et visites guid\u00e9es - Visit Empord\u00e0\" \/>\n<meta property=\"og:description\" content=\"\u0152NOTOURISME Le Baix Empord\u00e0 propose deux types d\u2019\u0153notourisme : les vins de l\u2019appellation d\u2019origine Empord\u00e0 et les vins de pays. Dans les deux cas, des visites guid\u00e9es permettent de d\u00e9couvrir le processus d\u2019\u00e9laboration du vin et toute son essence. Partez \u00e0 leur d\u00e9couverte ! Vin DO Empord\u00e0 Vin de grande qualit\u00e9. Les vari\u00e9t\u00e9s principales rouges [&hellip;]\" \/>\n<meta property=\"og:url\" content=\"https:\/\/visitemporda.com\/fr\/planifica\/el-gust-de-lemporda\/enoturisme-i-visites-guiades\/\" \/>\n<meta property=\"og:site_name\" content=\"Visit Empord\u00e0\" \/>\n<meta property=\"article:publisher\" content=\"https:\/\/www.facebook.com\/baixempordaturisme\" \/>\n<meta property=\"article:modified_time\" content=\"2021-05-22T16:07:44+00:00\" \/>\n<meta property=\"og:image\" content=\"https:\/\/visitemporda.com\/wp-content\/uploads\/2019\/08\/IMG_8818-1024x768.jpg\" \/>\n\t<meta property=\"og:image:width\" content=\"1024\" \/>\n\t<meta property=\"og:image:height\" content=\"768\" \/>\n\t<meta property=\"og:image:type\" content=\"image\/jpeg\" \/>\n<meta name=\"twitter:card\" content=\"summary_large_image\" \/>\n<meta name=\"twitter:site\" content=\"@baixemporda_tur\" \/>\n<meta name=\"twitter:label1\" content=\"Dur\u00e9e de lecture estim\u00e9e\" \/>\n\t<meta name=\"twitter:data1\" content=\"2 minutes\" \/>\n<script type=\"application\/ld+json\" class=\"yoast-schema-graph\">{\"@context\":\"https:\\\/\\\/schema.org\",\"@graph\":[{\"@type\":\"WebPage\",\"@id\":\"https:\\\/\\\/visitemporda.com\\\/fr\\\/planifica\\\/el-gust-de-lemporda\\\/enoturisme-i-visites-guiades\\\/\",\"url\":\"https:\\\/\\\/visitemporda.com\\\/fr\\\/planifica\\\/el-gust-de-lemporda\\\/enoturisme-i-visites-guiades\\\/\",\"name\":\"Oenotourisme et visites guid\u00e9es - Visit Empord\u00e0\",\"isPartOf\":{\"@id\":\"https:\\\/\\\/visitemporda.com\\\/fr\\\/#website\"},\"primaryImageOfPage\":{\"@id\":\"https:\\\/\\\/visitemporda.com\\\/fr\\\/planifica\\\/el-gust-de-lemporda\\\/enoturisme-i-visites-guiades\\\/#primaryimage\"},\"image\":{\"@id\":\"https:\\\/\\\/visitemporda.com\\\/fr\\\/planifica\\\/el-gust-de-lemporda\\\/enoturisme-i-visites-guiades\\\/#primaryimage\"},\"thumbnailUrl\":\"https:\\\/\\\/visitemporda.com\\\/wp-content\\\/uploads\\\/2019\\\/08\\\/IMG_8818.jpg\",\"datePublished\":\"2019-08-07T07:29:44+00:00\",\"dateModified\":\"2021-05-22T16:07:44+00:00\",\"breadcrumb\":{\"@id\":\"https:\\\/\\\/visitemporda.com\\\/fr\\\/planifica\\\/el-gust-de-lemporda\\\/enoturisme-i-visites-guiades\\\/#breadcrumb\"},\"inLanguage\":\"fr-FR\",\"potentialAction\":[{\"@type\":\"ReadAction\",\"target\":[\"https:\\\/\\\/visitemporda.com\\\/fr\\\/planifica\\\/el-gust-de-lemporda\\\/enoturisme-i-visites-guiades\\\/\"]}]},{\"@type\":\"ImageObject\",\"inLanguage\":\"fr-FR\",\"@id\":\"https:\\\/\\\/visitemporda.com\\\/fr\\\/planifica\\\/el-gust-de-lemporda\\\/enoturisme-i-visites-guiades\\\/#primaryimage\",\"url\":\"https:\\\/\\\/visitemporda.com\\\/wp-content\\\/uploads\\\/2019\\\/08\\\/IMG_8818.jpg\",\"contentUrl\":\"https:\\\/\\\/visitemporda.com\\\/wp-content\\\/uploads\\\/2019\\\/08\\\/IMG_8818.jpg\",\"width\":3264,\"height\":2448,\"caption\":\"camp de vinyes\"},{\"@type\":\"BreadcrumbList\",\"@id\":\"https:\\\/\\\/visitemporda.com\\\/fr\\\/planifica\\\/el-gust-de-lemporda\\\/enoturisme-i-visites-guiades\\\/#breadcrumb\",\"itemListElement\":[{\"@type\":\"ListItem\",\"position\":1,\"name\":\"Inici\",\"item\":\"https:\\\/\\\/visitemporda.com\\\/fr\\\/\"},{\"@type\":\"ListItem\",\"position\":2,\"name\":\"Planifiquez\",\"item\":\"https:\\\/\\\/visitemporda.com\\\/fr\\\/planifica\\\/\"},{\"@type\":\"ListItem\",\"position\":3,\"name\":\"Le go\u00fbt de l\u2019Empord\u00e0\",\"item\":\"https:\\\/\\\/visitemporda.com\\\/fr\\\/planifica\\\/el-gust-de-lemporda\\\/\"},{\"@type\":\"ListItem\",\"position\":4,\"name\":\"Oenotourisme et visites guid\u00e9es\"}]},{\"@type\":\"WebSite\",\"@id\":\"https:\\\/\\\/visitemporda.com\\\/fr\\\/#website\",\"url\":\"https:\\\/\\\/visitemporda.com\\\/fr\\\/\",\"name\":\"Visit Empord\u00e0\",\"description\":\"Site officiel du tourisme du Baix Empord\u00e0\",\"publisher\":{\"@id\":\"https:\\\/\\\/visitemporda.com\\\/fr\\\/#organization\"},\"potentialAction\":[{\"@type\":\"SearchAction\",\"target\":{\"@type\":\"EntryPoint\",\"urlTemplate\":\"https:\\\/\\\/visitemporda.com\\\/fr\\\/?s={search_term_string}\"},\"query-input\":{\"@type\":\"PropertyValueSpecification\",\"valueRequired\":true,\"valueName\":\"search_term_string\"}}],\"inLanguage\":\"fr-FR\"},{\"@type\":\"Organization\",\"@id\":\"https:\\\/\\\/visitemporda.com\\\/fr\\\/#organization\",\"name\":\"Consell Comarcal del Baix Empord\u00e0\",\"url\":\"https:\\\/\\\/visitemporda.com\\\/fr\\\/\",\"logo\":{\"@type\":\"ImageObject\",\"inLanguage\":\"fr-FR\",\"@id\":\"https:\\\/\\\/visitemporda.com\\\/fr\\\/#\\\/schema\\\/logo\\\/image\\\/\",\"url\":\"https:\\\/\\\/visitemporda.com\\\/wp-content\\\/uploads\\\/2024\\\/11\\\/Logotip_CCBE.png\",\"contentUrl\":\"https:\\\/\\\/visitemporda.com\\\/wp-content\\\/uploads\\\/2024\\\/11\\\/Logotip_CCBE.png\",\"width\":3617,\"height\":3617,\"caption\":\"Consell Comarcal del Baix Empord\u00e0\"},\"image\":{\"@id\":\"https:\\\/\\\/visitemporda.com\\\/fr\\\/#\\\/schema\\\/logo\\\/image\\\/\"},\"sameAs\":[\"https:\\\/\\\/www.facebook.com\\\/baixempordaturisme\",\"https:\\\/\\\/x.com\\\/baixemporda_tur\",\"https:\\\/\\\/www.instagram.com\\\/visitemporda\"]}]}<\/script>\n<!-- \/ Yoast SEO plugin. -->","yoast_head_json":{"title":"Oenotourisme et visites guid\u00e9es - Visit Empord\u00e0","robots":{"index":"index","follow":"follow","max-snippet":"max-snippet:-1","max-image-preview":"max-image-preview:large","max-video-preview":"max-video-preview:-1"},"canonical":"https:\/\/visitemporda.com\/fr\/planifica\/el-gust-de-lemporda\/enoturisme-i-visites-guiades\/","og_locale":"fr_FR","og_type":"article","og_title":"Oenotourisme et visites guid\u00e9es - Visit Empord\u00e0","og_description":"\u0152NOTOURISME Le Baix Empord\u00e0 propose deux types d\u2019\u0153notourisme : les vins de l\u2019appellation d\u2019origine Empord\u00e0 et les vins de pays. Dans les deux cas, des visites guid\u00e9es permettent de d\u00e9couvrir le processus d\u2019\u00e9laboration du vin et toute son essence. Partez \u00e0 leur d\u00e9couverte ! Vin DO Empord\u00e0 Vin de grande qualit\u00e9. Les vari\u00e9t\u00e9s principales rouges [&hellip;]","og_url":"https:\/\/visitemporda.com\/fr\/planifica\/el-gust-de-lemporda\/enoturisme-i-visites-guiades\/","og_site_name":"Visit Empord\u00e0","article_publisher":"https:\/\/www.facebook.com\/baixempordaturisme","article_modified_time":"2021-05-22T16:07:44+00:00","og_image":[{"width":1024,"height":768,"url":"https:\/\/visitemporda.com\/wp-content\/uploads\/2019\/08\/IMG_8818-1024x768.jpg","type":"image\/jpeg"}],"twitter_card":"summary_large_image","twitter_site":"@baixemporda_tur","twitter_misc":{"Dur\u00e9e de lecture estim\u00e9e":"2 minutes"},"schema":{"@context":"https:\/\/schema.org","@graph":[{"@type":"WebPage","@id":"https:\/\/visitemporda.com\/fr\/planifica\/el-gust-de-lemporda\/enoturisme-i-visites-guiades\/","url":"https:\/\/visitemporda.com\/fr\/planifica\/el-gust-de-lemporda\/enoturisme-i-visites-guiades\/","name":"Oenotourisme et visites guid\u00e9es - Visit Empord\u00e0","isPartOf":{"@id":"https:\/\/visitemporda.com\/fr\/#website"},"primaryImageOfPage":{"@id":"https:\/\/visitemporda.com\/fr\/planifica\/el-gust-de-lemporda\/enoturisme-i-visites-guiades\/#primaryimage"},"image":{"@id":"https:\/\/visitemporda.com\/fr\/planifica\/el-gust-de-lemporda\/enoturisme-i-visites-guiades\/#primaryimage"},"thumbnailUrl":"https:\/\/visitemporda.com\/wp-content\/uploads\/2019\/08\/IMG_8818.jpg","datePublished":"2019-08-07T07:29:44+00:00","dateModified":"2021-05-22T16:07:44+00:00","breadcrumb":{"@id":"https:\/\/visitemporda.com\/fr\/planifica\/el-gust-de-lemporda\/enoturisme-i-visites-guiades\/#breadcrumb"},"inLanguage":"fr-FR","potentialAction":[{"@type":"ReadAction","target":["https:\/\/visitemporda.com\/fr\/planifica\/el-gust-de-lemporda\/enoturisme-i-visites-guiades\/"]}]},{"@type":"ImageObject","inLanguage":"fr-FR","@id":"https:\/\/visitemporda.com\/fr\/planifica\/el-gust-de-lemporda\/enoturisme-i-visites-guiades\/#primaryimage","url":"https:\/\/visitemporda.com\/wp-content\/uploads\/2019\/08\/IMG_8818.jpg","contentUrl":"https:\/\/visitemporda.com\/wp-content\/uploads\/2019\/08\/IMG_8818.jpg","width":3264,"height":2448,"caption":"camp de vinyes"},{"@type":"BreadcrumbList","@id":"https:\/\/visitemporda.com\/fr\/planifica\/el-gust-de-lemporda\/enoturisme-i-visites-guiades\/#breadcrumb","itemListElement":[{"@type":"ListItem","position":1,"name":"Inici","item":"https:\/\/visitemporda.com\/fr\/"},{"@type":"ListItem","position":2,"name":"Planifiquez","item":"https:\/\/visitemporda.com\/fr\/planifica\/"},{"@type":"ListItem","position":3,"name":"Le go\u00fbt de l\u2019Empord\u00e0","item":"https:\/\/visitemporda.com\/fr\/planifica\/el-gust-de-lemporda\/"},{"@type":"ListItem","position":4,"name":"Oenotourisme et visites guid\u00e9es"}]},{"@type":"WebSite","@id":"https:\/\/visitemporda.com\/fr\/#website","url":"https:\/\/visitemporda.com\/fr\/","name":"Visit Empord\u00e0","description":"Site officiel du tourisme du Baix Empord\u00e0","publisher":{"@id":"https:\/\/visitemporda.com\/fr\/#organization"},"potentialAction":[{"@type":"SearchAction","target":{"@type":"EntryPoint","urlTemplate":"https:\/\/visitemporda.com\/fr\/?s={search_term_string}"},"query-input":{"@type":"PropertyValueSpecification","valueRequired":true,"valueName":"search_term_string"}}],"inLanguage":"fr-FR"},{"@type":"Organization","@id":"https:\/\/visitemporda.com\/fr\/#organization","name":"Consell Comarcal del Baix Empord\u00e0","url":"https:\/\/visitemporda.com\/fr\/","logo":{"@type":"ImageObject","inLanguage":"fr-FR","@id":"https:\/\/visitemporda.com\/fr\/#\/schema\/logo\/image\/","url":"https:\/\/visitemporda.com\/wp-content\/uploads\/2024\/11\/Logotip_CCBE.png","contentUrl":"https:\/\/visitemporda.com\/wp-content\/uploads\/2024\/11\/Logotip_CCBE.png","width":3617,"height":3617,"caption":"Consell Comarcal del Baix Empord\u00e0"},"image":{"@id":"https:\/\/visitemporda.com\/fr\/#\/schema\/logo\/image\/"},"sameAs":["https:\/\/www.facebook.com\/baixempordaturisme","https:\/\/x.com\/baixemporda_tur","https:\/\/www.instagram.com\/visitemporda"]}]}},"_links":{"self":[{"href":"https:\/\/visitemporda.com\/fr\/wp-json\/wp\/v2\/pages\/20783","targetHints":{"allow":["GET"]}}],"collection":[{"href":"https:\/\/visitemporda.com\/fr\/wp-json\/wp\/v2\/pages"}],"about":[{"href":"https:\/\/visitemporda.com\/fr\/wp-json\/wp\/v2\/types\/page"}],"author":[{"embeddable":true,"href":"https:\/\/visitemporda.com\/fr\/wp-json\/wp\/v2\/users\/2"}],"replies":[{"embeddable":true,"href":"https:\/\/visitemporda.com\/fr\/wp-json\/wp\/v2\/comments?post=20783"}],"version-history":[{"count":5,"href":"https:\/\/visitemporda.com\/fr\/wp-json\/wp\/v2\/pages\/20783\/revisions"}],"predecessor-version":[{"id":30344,"href":"https:\/\/visitemporda.com\/fr\/wp-json\/wp\/v2\/pages\/20783\/revisions\/30344"}],"up":[{"embeddable":true,"href":"https:\/\/visitemporda.com\/fr\/wp-json\/wp\/v2\/pages\/19923"}],"wp:featuredmedia":[{"embeddable":true,"href":"https:\/\/visitemporda.com\/fr\/wp-json\/wp\/v2\/media\/6897"}],"wp:attachment":[{"href":"https:\/\/visitemporda.com\/fr\/wp-json\/wp\/v2\/media?parent=20783"}],"curies":[{"name":"wp","href":"https:\/\/api.w.org\/{rel}","templated":true}]}}