

{"id":20780,"date":"2019-08-07T09:16:57","date_gmt":"2019-08-07T07:16:57","guid":{"rendered":"http:\/\/visitemporda.com\/recomenacions\/el-gust-de-lemporda\/fires-activitats-gastronomiques-i-mercats\/"},"modified":"2021-05-11T16:06:09","modified_gmt":"2021-05-11T14:06:09","slug":"fires-activitats-gastronomiques-i-mercats","status":"publish","type":"page","link":"https:\/\/visitemporda.com\/fr\/planifica\/el-gust-de-lemporda\/fires-activitats-gastronomiques-i-mercats\/","title":{"rendered":"Foires, activit\u00e9s gastronomiques et march\u00e9s hebdomadaires"},"content":{"rendered":"<p>D\u00e9couvrez les foires et les activit\u00e9s gastronomiques du Baix Empord\u00e0 et achetez les produits locaux sur les march\u00e9s bio et les march\u00e9s hebdomadaires.<\/p>\n<p><strong>1. Uri\u00e7ada Popular (D\u00e9gustation d&rsquo;oursins. Sant Feliu de Gu\u00edxols. F\u00e9vrier)<\/strong><\/p>\n<p>Une d\u00e9gustation populaire d&rsquo;oursins vous attend.<\/p>\n<p>Pour en savoir plus : Office de tourisme de Sant Feliu de Gu\u00edxols T. +34 972 82 00 51\u00a0<a href=\"mailto:turisme@guixols.cat\">turisme@guixols.cat<\/a>\u00a0<a href=\"http:\/\/www.visitguixols.com\/\">www.visitguixols.com<\/a><\/p>\n<p><strong>2. La Soupe de Verges (Verges. Mardi gras)<\/strong><\/p>\n<p>La Soupe est le souvenir d\u2019une coutume ancestrale des anciens seigneurs qui donnaient \u00e0 manger au peuple. Aujourd\u2019hui, elle s\u2019exprime sous une forme collective un jour par an \u00e0 Mardi gras.<\/p>\n<p>Pour en savoir plus : Centre de Visitants Verges 50 \u2013 T. +34 972 78 09 74<br \/>\n<a href=\"mailto:turisme@verges.cat\">turisme@verges.cat<\/a>\u2013\u00a0<a href=\"http:\/\/www.verges.cat\/\">www.verges.cat<\/a><\/p>\n<p><strong>3. L\u2019Arrossada d\u2019Albons (Albons. Mardi gras)<\/strong><\/p>\n<p>L\u2019une des coutumes les plus vivaces du Carnaval est le grand repas collectif. Albons poursuit cette tradition pour mardi gras, avec le riz comme ingr\u00e9dient vedette.<\/p>\n<p>Pour en savoir plus :\u00a0 Ajuntament d\u2019Albons \u2013 T. 972 78 80 05\u00a0<a href=\"mailto:ajuntament@albons.cat\">ajuntament@albons.cat<\/a> \u2013\u00a0 <a href=\"http:\/\/www.albons.cat\">www.albons.cat<\/a><\/p>\n<p><strong>4. Le march\u00e9 du brunyol (Sant Feliu de Gu\u00edxols. Vendredi, samedi et dimanche de P\u00e2ques)<\/strong><\/p>\n<p>Autour de son monast\u00e8re, Sant Feliu de Gu\u00edxols propose au visiteur une grande diversit\u00e9 de beignets des diff\u00e9rentes p\u00e2tisseries et boulangeries de la commune et notamment le brunyol de triangle, beignet typique de Sant Feliu.<\/p>\n<p>Pour en savoir plus : Office de tourisme de Sant Feliu de Gu\u00edxols T. +34 972 82 00 51\u00a0<a href=\"mailto:turisme@guixols.cat\">turisme@guixols.cat<\/a> &#8211;\u00a0<a href=\"http:\/\/www.visitguixols.com\/\">www.visitguixols.com<\/a><\/p>\n<p><strong>5. Ganxo tapes (Sant Feliu de Gu\u00edxols. Printemps)<\/strong><\/p>\n<p>Promotion de plusieurs tapas de Sant Feliu dans les restaurants et les bars de la ville. Pour en savoir plus : Office de tourisme de Sant Feliu de Gu\u00edxols. T. +34 972 82 00 51\u00a0<a href=\"mailto:turisme@guixols.cat\">turisme@guixols.cat <\/a><a href=\"http:\/\/www.visitguixols.com\/\">www.visitguixols.com<\/a><\/p>\n<p><strong>6. Foire Empord\u00e0, cuisine et sant\u00e9. (Torroella de Montgr\u00ed et l\u2019Estartit. Mai)<\/strong><\/p>\n<p>Torroella de Montgr\u00ed accueille une foire consacr\u00e9e aux produits locaux typiques de l\u2019Empord\u00e0. Elle propose une grande vari\u00e9t\u00e9 d\u2019ateliers et d\u2019activit\u00e9s autour d\u2019une cuisine sant\u00e9.<\/p>\n<p>Pour en savoir plus : Office de tourisme de Torroella de Montgr\u00ed i l\u2019Estartit T. +34 972 75 19 10 <a href=\"mailto:info@visitestartit.com\">info@visitestartit.com<\/a>\u00a0 \u2013\u00a0\u00a0<a href=\"http:\/\/www.visitestartit.com\/\">www.visitestartit.com<\/a><\/p>\n<p><strong>7. Festival Mariner Terra de Mar (Festival Marin Terre de Mer) (Palam\u00f3s. Mai).<\/strong><\/p>\n<p><em>Palam\u00f3s, Terra de Mar<\/em>\u00a0(Palam\u00f3s, Terre de mer) est un week-end marin qui a lieu chaque ann\u00e9e sur les bateaux d\u2019\u00e9poque. Les bateaux traditionnels sont au c\u0153ur d\u2019un programme riche en activit\u00e9s li\u00e9es \u00e0 la navigation traditionnelle et \u00e0 la mer.<\/p>\n<p>Pour en savoir plus : Office de tourisme de Palam\u00f3s T. +34 972 60 05 50 <a href=\"mailto:oficinadeturisme@palamos.cat\">oficinadeturisme@palamos.cat<\/a> \u00a0\u00a0\u2013\u00a0 <a href=\"http:\/\/www.visitpalamos.cat\">www.visitpalamos.cat<\/a><\/p>\n<p><strong>8. La Foire de la crevette (Palam\u00f3s. Juin)<\/strong><\/p>\n<p>Palam\u00f3s propose de d\u00e9guster la c\u00e9l\u00e8bre crevette de Palam\u00f3s de diff\u00e9rentes fa\u00e7ons gr\u00e2ce aux restaurateurs participant \u00e0 la marque de garantie Crevette de Palam\u00f3s.<\/p>\n<p>Pour en savoir plus : Office de tourisme de Palam\u00f3s T. +34 972 60 05 50 <a href=\"mailto:oficinadeturisme@palamos.cat\">oficinadeturisme@palamos.cat<\/a> \u00a0\u00a0\u2013\u00a0 <a href=\"http:\/\/www.visitpalamos.cat\">www.visitpalamos.cat<\/a><\/p>\n<p><strong>9. Plantation traditionnelle de riz (Pals. Juin)<\/strong><\/p>\n<p>D\u00e9monstration de plantation traditionnelle de riz propos\u00e9e par les agriculteurs de Pals.<\/p>\n<p>Pour en savoir plus : Office de tourisme de Pals T. +34 972 63 73 80 <a href=\"mailto:info@pals.cat\">info@pals.cat<\/a> \u00a0\u2013\u00a0 <a href=\"http:\/\/www.visitpals.com\">www.visitpals.com<\/a><\/p>\n<p><strong>10.Vi a Pals (Vin \u00e0 Pals) (Pals. Mi-ao\u00fbt).<\/strong><\/p>\n<p><em>Fira de vi<\/em>\u00a0(Foire aux vins) au cours de laquelle participent\u00a012\u00a0caves\u00a0qui proposeront une importante vari\u00e9t\u00e9 de vins. L\u2019\u00e9v\u00e9nement propose des expositions li\u00e9es au monde viti-vinicoles, des pr\u00e9sentations et de la musique en direct.<\/p>\n<p>Pour en savoir plus : Office de tourisme de Pals T. +34 972 63 73 80 <a href=\"mailto:info@pals.cat\">info@pals.cat<\/a> \u00a0\u2013\u00a0 <a href=\"http:\/\/www.visitpals.com\">www.visitpals.com<\/a><\/p>\n<p><strong>11. La Foire aux vins et aux cavas de Catalogne (Palafrugell. Mi-ao\u00fbt)<\/strong><\/p>\n<p>Cette foire invite \u00e0 d\u00e9guster une grande vari\u00e9t\u00e9 de vins, de cavas et de fromages et \u00e0 participer \u00e0 des activit\u00e9s comme le march\u00e9 de l\u2019artisanat et de l\u2019alimentation ou des concerts en soir\u00e9e.<\/p>\n<p>Pour en savoir plus : Office de tourisme de Palafrugell T. +34 972 30 02 28<a href=\"mailto:turisme@palafrugell.cat\">\u00a0turisme@palafrugell.cat<\/a> \u2013\u00a0 <a href=\"http:\/\/www.visitpalafrugell.cat\">www.visitpalafrugell.cat<\/a><\/p>\n<p><strong>12. Journ\u00e9e du vermouth (La Bisbal d\u2019Empord\u00e0, 11 septembre)<\/strong><\/p>\n<p>Les fameux siphons figurent parmi les produits et les images classiques des brocantes. La Bisbal d\u2019Empord\u00e0 vous fait d\u00e9couvrir cette tradition.<\/p>\n<p>Pour en savoir plus : Office de tourisme de la Bisbal d\u2019Empord\u00e0 T. +34 972 64 55 00\u00a0<a href=\"mailto:turisme@labisbal.cat\">turisme@labisbal.cat<\/a> \u2013\u00a0 <a href=\"http:\/\/www.visitlabisbal.cat\">www.visitlabisbal.cat<\/a><\/p>\n<p><strong>13. La Foire \u00e0 la Pomme (Ull\u00e0. Troisi\u00e8me dimanche d\u2019octobre)<\/strong><\/p>\n<p>Pendant cette f\u00eate, les visiteurs peuvent acheter des sacs de pommes, des desserts \u00e9labor\u00e9s par les habitants du village et dont la pomme constitue l\u2019ingr\u00e9dient principal. Ils peuvent aussi d\u00e9guster des jus de pomme frais. La f\u00eate se d\u00e9roule dans le centre historique du village qui accueille aussi des stands d\u2019artisans.<\/p>\n<p>Pour en savoir plus : Ajuntament d\u2019Ull\u00e0 T. +34 972 75 84 42 <a href=\"mailto:ajuntament@ajulla.org\">ajuntament@ajulla.org<\/a> \u00a0\u2013\u00a0 <a href=\"http:\/\/webspobles2.ddgi.cat\/ulla\/\">http:\/\/webspobles2.ddgi.cat\/ulla\/<\/a><\/p>\n<p><strong>14. La moisson traditionnelle du riz (Pals. Octobre)<\/strong><\/p>\n<p>D\u00e9monstration de moisson traditionnelle du riz propos\u00e9e par les agriculteurs de Pals.<\/p>\n<p>Pour en savoir plus : Office de tourisme de Pals T. +34 972 63 73 80 <a href=\"mailto:info@pals.cat\">info@pals.cat<\/a> \u00a0\u2013\u00a0 <a href=\"http:\/\/www.visitpals.com\">www.visitpals.com<\/a><\/p>\n<p><strong>15. La F\u00eate de la bi\u00e8re (Platja d\u2019Aro. Fin septembre et d\u00e9but octobre)<\/strong><\/p>\n<p>Une quinzaine d\u2019\u00e9tablissements participent \u00e0 la f\u00eate et proposent une trentaine de marques de bi\u00e8re nationales et d\u2019importation. L\u2019\u00e9v\u00e9nement est mis en musique par plusieurs groupes et des activit\u00e9s musicales.<\/p>\n<p>Pour en savoir plus : Office de tourisme de Platja d\u2019Aro T. +34 972 81 71 79 <a href=\"mailto:turisme@platjadaro.com\">turisme@platjadaro.com<\/a> \u00a0\u2013\u00a0 <a href=\"http:\/\/www.platjadaro.com\">www.platjadaro.com<\/a><\/p>\n<p><strong>16. Tastaolletes, salon de la gastronomie et de la c\u00e9ramique de la Bisbal (La Bisbal d\u2019Empord\u00e0. Octobre)<\/strong><\/p>\n<p>La Bisbal d\u2019Empord\u00e0 accueille un salon de la gastronomie pendant lequel vous d\u00e9gusterez les recettes locales dans des plats en c\u00e9ramique, produit phare de la commune.<\/p>\n<p>Pour en savoir plus : Office de tourisme de la Bisbal d\u2019Empord\u00e0 T. +34 972 64 55 00\u00a0<a href=\"mailto:turisme@labisbal.cat\">turisme@labisbal.cat<\/a> \u2013\u00a0 <a href=\"http:\/\/www.visitlabisbal.cat\">www.visitlabisbal.cat<\/a><\/p>\n<p><strong>17. Le Ganxotapes (Sant Feliu de Gu\u00edxols. Automne)<\/strong><\/p>\n<p>Promotion de plusieurs tapas de Sant Feliu dans les restaurants et les bars de la ville.<\/p>\n<p>Pour en savoir plus : Office de tourisme de Sant Feliu de Gu\u00edxols T. +34 972 82 00 51\u00a0<a href=\"mailto:turisme@guixols.cat\">turisme@guixols.cat<\/a> &#8211;\u00a0<a href=\"http:\/\/www.visitguixols.com\/\">www.visitguixols.com<\/a><\/p>\n<p><strong>18. Le Palam\u00f3s Gastronomique (Palam\u00f3s. Octobre)<\/strong><\/p>\n<p>Plusieurs journ\u00e9es f\u00eatent la gastronomie de la ville de Palam\u00f3s sous toutes ses formes. Elles permettent de d\u00e9couvrir la richesse de ses propositions, de d\u00e9guster les produits locaux, de vivre l\u2019exp\u00e9rience de cuisiner avec les meilleurs chefs, et ce, en famille.<\/p>\n<p>Pour en savoir plus : Office de tourisme de Palam\u00f3s T. +34 972 60 05 50 <a href=\"mailto:oficinadeturisme@palamos.cat\">oficinadeturisme@palamos.cat<\/a> \u00a0\u00a0\u2013\u00a0 <a href=\"http:\/\/www.visitpalamos.cat\">www.visitpalamos.cat <\/a><\/p>\n<p><strong>19. Le Concours Tapa Estrella (Palam\u00f3s. Octobre)<\/strong><\/p>\n<p>Concours lors duquel chaque \u00e9tablissement de Palam\u00f3s propose un pincho et\/ou une tapa originale (cr\u00e9ation maison). Cette proposition sera disponible dans chaque \u00e9tablissement et le visiteur pourra lui attribuer une note sur le site de l\u2019Octubre Gastron\u00f2mic.<\/p>\n<p>Pour en savoir plus : Office de tourisme de Palam\u00f3s T. +34 972 60 05 50 <a href=\"mailto:oficinadeturisme@palamos.cat\">oficinadeturisme@palamos.cat<\/a> \u00a0\u00a0\u2013\u00a0 <a href=\"http:\/\/www.visitpalamos.cat\">www.visitpalamos.cat<\/a><\/p>\n<p><strong>20. La F\u00eate du vin nouveau (Calonge. Deuxi\u00e8me week-end de novembre)<\/strong><\/p>\n<p>La f\u00eate propose des activit\u00e9s en lien avec le monde du vin : d\u00e9gustations, expositions, d\u00e9fil\u00e9 des tonneaux de vin nouveau de Calonge, visites guid\u00e9es, etc.<\/p>\n<p>Pour en savoir plus : Office de tourisme de de Calonge i Sant Antoni T. +34 972 66 17 14 <a href=\"mailto:turisme@calonge.cat\">turisme@calonge.cat<\/a> \u00a0\u2013\u00a0 <a href=\"http:\/\/www.calonge-santantoni.com\">www.calonge-santantoni.com<\/a><\/p>\n<p><strong>21. La Foire au champignon (Sant Sadurn\u00ed de l\u2019Heura. Troisi\u00e8me dimanche de novembre)<\/strong><\/p>\n<p>La foire propose une exposition de champignons, un d\u00e9jeuner ouvert \u00e0 tous et dont le champignon est l\u2019ingr\u00e9dient vedette. Une trentaine de stands de produits artisanaux ou li\u00e9s au monde des champignons sont \u00e9galement propos\u00e9s ainsi qu\u2019un spectacle d\u2019animation, des ateliers et du th\u00e9\u00e2tre.<\/p>\n<p>Pour en savoir plus : Ajuntament de Cru\u00eflles, Monells, Sant Sadrun\u00ed de l\u2019Heura T. +34 972 64 05 73<\/p>\n<p><a href=\"mailto:ajuntament@cmss.cat\">ajuntament@cmss.cat<\/a> \u00a0\u2013\u00a0 <a href=\"http:\/\/www.cmss.cat\/\">http:\/\/www.cmss.cat\/\u00a0<\/a><\/p>\n<p><strong>Ecomarch\u00e9 M\u00f3n Empord\u00e0<\/strong><\/p>\n<p><strong>March\u00e9s de produits bio dans plusieurs communes du Baix Empord\u00e0.<\/strong><\/p>\n<p>Rupi\u00e0 : 1er samedi du mois<br \/>\nCor\u00e7\u00e0 : 2e samedi du mois<br \/>\nVerges : 3e samedi du mois<br \/>\nTorroella de Montgr\u00ed : 4e et 5e samedi du mois<\/p>\n<p><strong>MARCH\u00c9S ALIMENTAIRES<\/strong><\/p>\n<p>La Bisbal d\u2019Empord\u00e0: pla\u00e7a Major (samedi)<br \/>\nSant Feliu de Gu\u00edxols: pla\u00e7a del Mercat (de mardi \u00e0 samedi et march\u00e9s de produ\u00efts bio 1er samedi du mois<br \/>\nPalafrugell: C\/Pi i Margall (de mardi \u00e0 samedi).<br \/>\nPalam\u00f3s llotja del peix (apr\u00e8s-midi de lundi a vendredi) et av. Catalunya (de lundi \u00e0 samedi).<\/p>\n<p><strong>MARCH\u00c9S HEBDOMADAIRES<\/strong><\/p>\n<p>Lundi: Torroella de Montgr\u00ed<br \/>\nMardi: Palam\u00f3s*, Pals et Verges<br \/>\nMercredi: Begur et Sant Antoni de Calonge<br \/>\nJeudi: Calonge et l\u2019Estartit<br \/>\nVendredi: La Bisbal d\u2019Empord\u00e0 et Platja d\u2019Aro<br \/>\nSamedi: Santa Cristina d\u2019Aro<br \/>\nDimanche: Palafrugell* et Sant Feliu de Gu\u00edxols*<\/p>\n<p>* Aussi march\u00e9 municipale.<\/p>\n<p>&nbsp;<\/p>\n","protected":false},"excerpt":{"rendered":"<p>D\u00e9couvrez les foires et les activit\u00e9s gastronomiques du Baix Empord\u00e0 et achetez les produits locaux sur les march\u00e9s bio et les march\u00e9s hebdomadaires. 1. Uri\u00e7ada Popular (D\u00e9gustation d&rsquo;oursins. Sant Feliu de Gu\u00edxols. F\u00e9vrier) Une d\u00e9gustation populaire d&rsquo;oursins vous attend. Pour en savoir plus : Office de tourisme de Sant Feliu de Gu\u00edxols T. +34 972 [&hellip;]<\/p>\n","protected":false},"author":2,"featured_media":6891,"parent":19923,"menu_order":0,"comment_status":"closed","ping_status":"closed","template":"page-templates\/fitxa-campanyes-gastronomiques.php","meta":{"_acf_changed":false,"footnotes":""},"class_list":["post-20780","page","type-page","status-publish","has-post-thumbnail","hentry"],"acf":[],"yoast_head":"<!-- This site is optimized with the Yoast SEO plugin v27.4 - https:\/\/yoast.com\/product\/yoast-seo-wordpress\/ -->\n<title>Foires, activit\u00e9s gastronomiques et march\u00e9s hebdomadaires - Visit Empord\u00e0<\/title>\n<meta name=\"robots\" content=\"index, follow, max-snippet:-1, max-image-preview:large, max-video-preview:-1\" \/>\n<link rel=\"canonical\" href=\"https:\/\/visitemporda.com\/fr\/planifica\/el-gust-de-lemporda\/fires-activitats-gastronomiques-i-mercats\/\" \/>\n<meta property=\"og:locale\" content=\"fr_FR\" \/>\n<meta property=\"og:type\" content=\"article\" \/>\n<meta property=\"og:title\" content=\"Foires, activit\u00e9s gastronomiques et march\u00e9s hebdomadaires - Visit Empord\u00e0\" \/>\n<meta property=\"og:description\" content=\"D\u00e9couvrez les foires et les activit\u00e9s gastronomiques du Baix Empord\u00e0 et achetez les produits locaux sur les march\u00e9s bio et les march\u00e9s hebdomadaires. 1. Uri\u00e7ada Popular (D\u00e9gustation d&rsquo;oursins. Sant Feliu de Gu\u00edxols. F\u00e9vrier) Une d\u00e9gustation populaire d&rsquo;oursins vous attend. Pour en savoir plus : Office de tourisme de Sant Feliu de Gu\u00edxols T. +34 972 [&hellip;]\" \/>\n<meta property=\"og:url\" content=\"https:\/\/visitemporda.com\/fr\/planifica\/el-gust-de-lemporda\/fires-activitats-gastronomiques-i-mercats\/\" \/>\n<meta property=\"og:site_name\" content=\"Visit Empord\u00e0\" \/>\n<meta property=\"article:publisher\" content=\"https:\/\/www.facebook.com\/baixempordaturisme\" \/>\n<meta property=\"article:modified_time\" content=\"2021-05-11T14:06:09+00:00\" \/>\n<meta property=\"og:image\" content=\"https:\/\/visitemporda.com\/wp-content\/uploads\/2019\/08\/IMG_20150613_1106311.jpg\" \/>\n\t<meta property=\"og:image:width\" content=\"2515\" \/>\n\t<meta property=\"og:image:height\" content=\"1403\" \/>\n\t<meta property=\"og:image:type\" content=\"image\/jpeg\" \/>\n<meta name=\"twitter:card\" content=\"summary_large_image\" \/>\n<meta name=\"twitter:site\" content=\"@baixemporda_tur\" \/>\n<meta name=\"twitter:label1\" content=\"Dur\u00e9e de lecture estim\u00e9e\" \/>\n\t<meta name=\"twitter:data1\" content=\"7 minutes\" \/>\n<script type=\"application\/ld+json\" class=\"yoast-schema-graph\">{\"@context\":\"https:\\\/\\\/schema.org\",\"@graph\":[{\"@type\":\"WebPage\",\"@id\":\"https:\\\/\\\/visitemporda.com\\\/fr\\\/planifica\\\/el-gust-de-lemporda\\\/fires-activitats-gastronomiques-i-mercats\\\/\",\"url\":\"https:\\\/\\\/visitemporda.com\\\/fr\\\/planifica\\\/el-gust-de-lemporda\\\/fires-activitats-gastronomiques-i-mercats\\\/\",\"name\":\"Foires, activit\u00e9s gastronomiques et march\u00e9s hebdomadaires - Visit Empord\u00e0\",\"isPartOf\":{\"@id\":\"https:\\\/\\\/visitemporda.com\\\/fr\\\/#website\"},\"primaryImageOfPage\":{\"@id\":\"https:\\\/\\\/visitemporda.com\\\/fr\\\/planifica\\\/el-gust-de-lemporda\\\/fires-activitats-gastronomiques-i-mercats\\\/#primaryimage\"},\"image\":{\"@id\":\"https:\\\/\\\/visitemporda.com\\\/fr\\\/planifica\\\/el-gust-de-lemporda\\\/fires-activitats-gastronomiques-i-mercats\\\/#primaryimage\"},\"thumbnailUrl\":\"https:\\\/\\\/visitemporda.com\\\/wp-content\\\/uploads\\\/2019\\\/08\\\/IMG_20150613_1106311.jpg\",\"datePublished\":\"2019-08-07T07:16:57+00:00\",\"dateModified\":\"2021-05-11T14:06:09+00:00\",\"breadcrumb\":{\"@id\":\"https:\\\/\\\/visitemporda.com\\\/fr\\\/planifica\\\/el-gust-de-lemporda\\\/fires-activitats-gastronomiques-i-mercats\\\/#breadcrumb\"},\"inLanguage\":\"fr-FR\",\"potentialAction\":[{\"@type\":\"ReadAction\",\"target\":[\"https:\\\/\\\/visitemporda.com\\\/fr\\\/planifica\\\/el-gust-de-lemporda\\\/fires-activitats-gastronomiques-i-mercats\\\/\"]}]},{\"@type\":\"ImageObject\",\"inLanguage\":\"fr-FR\",\"@id\":\"https:\\\/\\\/visitemporda.com\\\/fr\\\/planifica\\\/el-gust-de-lemporda\\\/fires-activitats-gastronomiques-i-mercats\\\/#primaryimage\",\"url\":\"https:\\\/\\\/visitemporda.com\\\/wp-content\\\/uploads\\\/2019\\\/08\\\/IMG_20150613_1106311.jpg\",\"contentUrl\":\"https:\\\/\\\/visitemporda.com\\\/wp-content\\\/uploads\\\/2019\\\/08\\\/IMG_20150613_1106311.jpg\",\"width\":2515,\"height\":1403,\"caption\":\"estand amb brunyols, i botifarra dol\u00e7a\"},{\"@type\":\"BreadcrumbList\",\"@id\":\"https:\\\/\\\/visitemporda.com\\\/fr\\\/planifica\\\/el-gust-de-lemporda\\\/fires-activitats-gastronomiques-i-mercats\\\/#breadcrumb\",\"itemListElement\":[{\"@type\":\"ListItem\",\"position\":1,\"name\":\"Inici\",\"item\":\"https:\\\/\\\/visitemporda.com\\\/fr\\\/\"},{\"@type\":\"ListItem\",\"position\":2,\"name\":\"Planifiquez\",\"item\":\"https:\\\/\\\/visitemporda.com\\\/fr\\\/planifica\\\/\"},{\"@type\":\"ListItem\",\"position\":3,\"name\":\"Le go\u00fbt de l\u2019Empord\u00e0\",\"item\":\"https:\\\/\\\/visitemporda.com\\\/fr\\\/planifica\\\/el-gust-de-lemporda\\\/\"},{\"@type\":\"ListItem\",\"position\":4,\"name\":\"Foires, activit\u00e9s gastronomiques et march\u00e9s hebdomadaires\"}]},{\"@type\":\"WebSite\",\"@id\":\"https:\\\/\\\/visitemporda.com\\\/fr\\\/#website\",\"url\":\"https:\\\/\\\/visitemporda.com\\\/fr\\\/\",\"name\":\"Visit Empord\u00e0\",\"description\":\"Site officiel du tourisme du Baix Empord\u00e0\",\"publisher\":{\"@id\":\"https:\\\/\\\/visitemporda.com\\\/fr\\\/#organization\"},\"potentialAction\":[{\"@type\":\"SearchAction\",\"target\":{\"@type\":\"EntryPoint\",\"urlTemplate\":\"https:\\\/\\\/visitemporda.com\\\/fr\\\/?s={search_term_string}\"},\"query-input\":{\"@type\":\"PropertyValueSpecification\",\"valueRequired\":true,\"valueName\":\"search_term_string\"}}],\"inLanguage\":\"fr-FR\"},{\"@type\":\"Organization\",\"@id\":\"https:\\\/\\\/visitemporda.com\\\/fr\\\/#organization\",\"name\":\"Consell Comarcal del Baix Empord\u00e0\",\"url\":\"https:\\\/\\\/visitemporda.com\\\/fr\\\/\",\"logo\":{\"@type\":\"ImageObject\",\"inLanguage\":\"fr-FR\",\"@id\":\"https:\\\/\\\/visitemporda.com\\\/fr\\\/#\\\/schema\\\/logo\\\/image\\\/\",\"url\":\"https:\\\/\\\/visitemporda.com\\\/wp-content\\\/uploads\\\/2024\\\/11\\\/Logotip_CCBE.png\",\"contentUrl\":\"https:\\\/\\\/visitemporda.com\\\/wp-content\\\/uploads\\\/2024\\\/11\\\/Logotip_CCBE.png\",\"width\":3617,\"height\":3617,\"caption\":\"Consell Comarcal del Baix Empord\u00e0\"},\"image\":{\"@id\":\"https:\\\/\\\/visitemporda.com\\\/fr\\\/#\\\/schema\\\/logo\\\/image\\\/\"},\"sameAs\":[\"https:\\\/\\\/www.facebook.com\\\/baixempordaturisme\",\"https:\\\/\\\/x.com\\\/baixemporda_tur\",\"https:\\\/\\\/www.instagram.com\\\/visitemporda\"]}]}<\/script>\n<!-- \/ Yoast SEO plugin. -->","yoast_head_json":{"title":"Foires, activit\u00e9s gastronomiques et march\u00e9s hebdomadaires - Visit Empord\u00e0","robots":{"index":"index","follow":"follow","max-snippet":"max-snippet:-1","max-image-preview":"max-image-preview:large","max-video-preview":"max-video-preview:-1"},"canonical":"https:\/\/visitemporda.com\/fr\/planifica\/el-gust-de-lemporda\/fires-activitats-gastronomiques-i-mercats\/","og_locale":"fr_FR","og_type":"article","og_title":"Foires, activit\u00e9s gastronomiques et march\u00e9s hebdomadaires - Visit Empord\u00e0","og_description":"D\u00e9couvrez les foires et les activit\u00e9s gastronomiques du Baix Empord\u00e0 et achetez les produits locaux sur les march\u00e9s bio et les march\u00e9s hebdomadaires. 1. Uri\u00e7ada Popular (D\u00e9gustation d&rsquo;oursins. Sant Feliu de Gu\u00edxols. F\u00e9vrier) Une d\u00e9gustation populaire d&rsquo;oursins vous attend. Pour en savoir plus : Office de tourisme de Sant Feliu de Gu\u00edxols T. +34 972 [&hellip;]","og_url":"https:\/\/visitemporda.com\/fr\/planifica\/el-gust-de-lemporda\/fires-activitats-gastronomiques-i-mercats\/","og_site_name":"Visit Empord\u00e0","article_publisher":"https:\/\/www.facebook.com\/baixempordaturisme","article_modified_time":"2021-05-11T14:06:09+00:00","og_image":[{"width":2515,"height":1403,"url":"https:\/\/visitemporda.com\/wp-content\/uploads\/2019\/08\/IMG_20150613_1106311.jpg","type":"image\/jpeg"}],"twitter_card":"summary_large_image","twitter_site":"@baixemporda_tur","twitter_misc":{"Dur\u00e9e de lecture estim\u00e9e":"7 minutes"},"schema":{"@context":"https:\/\/schema.org","@graph":[{"@type":"WebPage","@id":"https:\/\/visitemporda.com\/fr\/planifica\/el-gust-de-lemporda\/fires-activitats-gastronomiques-i-mercats\/","url":"https:\/\/visitemporda.com\/fr\/planifica\/el-gust-de-lemporda\/fires-activitats-gastronomiques-i-mercats\/","name":"Foires, activit\u00e9s gastronomiques et march\u00e9s hebdomadaires - Visit Empord\u00e0","isPartOf":{"@id":"https:\/\/visitemporda.com\/fr\/#website"},"primaryImageOfPage":{"@id":"https:\/\/visitemporda.com\/fr\/planifica\/el-gust-de-lemporda\/fires-activitats-gastronomiques-i-mercats\/#primaryimage"},"image":{"@id":"https:\/\/visitemporda.com\/fr\/planifica\/el-gust-de-lemporda\/fires-activitats-gastronomiques-i-mercats\/#primaryimage"},"thumbnailUrl":"https:\/\/visitemporda.com\/wp-content\/uploads\/2019\/08\/IMG_20150613_1106311.jpg","datePublished":"2019-08-07T07:16:57+00:00","dateModified":"2021-05-11T14:06:09+00:00","breadcrumb":{"@id":"https:\/\/visitemporda.com\/fr\/planifica\/el-gust-de-lemporda\/fires-activitats-gastronomiques-i-mercats\/#breadcrumb"},"inLanguage":"fr-FR","potentialAction":[{"@type":"ReadAction","target":["https:\/\/visitemporda.com\/fr\/planifica\/el-gust-de-lemporda\/fires-activitats-gastronomiques-i-mercats\/"]}]},{"@type":"ImageObject","inLanguage":"fr-FR","@id":"https:\/\/visitemporda.com\/fr\/planifica\/el-gust-de-lemporda\/fires-activitats-gastronomiques-i-mercats\/#primaryimage","url":"https:\/\/visitemporda.com\/wp-content\/uploads\/2019\/08\/IMG_20150613_1106311.jpg","contentUrl":"https:\/\/visitemporda.com\/wp-content\/uploads\/2019\/08\/IMG_20150613_1106311.jpg","width":2515,"height":1403,"caption":"estand amb brunyols, i botifarra dol\u00e7a"},{"@type":"BreadcrumbList","@id":"https:\/\/visitemporda.com\/fr\/planifica\/el-gust-de-lemporda\/fires-activitats-gastronomiques-i-mercats\/#breadcrumb","itemListElement":[{"@type":"ListItem","position":1,"name":"Inici","item":"https:\/\/visitemporda.com\/fr\/"},{"@type":"ListItem","position":2,"name":"Planifiquez","item":"https:\/\/visitemporda.com\/fr\/planifica\/"},{"@type":"ListItem","position":3,"name":"Le go\u00fbt de l\u2019Empord\u00e0","item":"https:\/\/visitemporda.com\/fr\/planifica\/el-gust-de-lemporda\/"},{"@type":"ListItem","position":4,"name":"Foires, activit\u00e9s gastronomiques et march\u00e9s hebdomadaires"}]},{"@type":"WebSite","@id":"https:\/\/visitemporda.com\/fr\/#website","url":"https:\/\/visitemporda.com\/fr\/","name":"Visit Empord\u00e0","description":"Site officiel du tourisme du Baix Empord\u00e0","publisher":{"@id":"https:\/\/visitemporda.com\/fr\/#organization"},"potentialAction":[{"@type":"SearchAction","target":{"@type":"EntryPoint","urlTemplate":"https:\/\/visitemporda.com\/fr\/?s={search_term_string}"},"query-input":{"@type":"PropertyValueSpecification","valueRequired":true,"valueName":"search_term_string"}}],"inLanguage":"fr-FR"},{"@type":"Organization","@id":"https:\/\/visitemporda.com\/fr\/#organization","name":"Consell Comarcal del Baix Empord\u00e0","url":"https:\/\/visitemporda.com\/fr\/","logo":{"@type":"ImageObject","inLanguage":"fr-FR","@id":"https:\/\/visitemporda.com\/fr\/#\/schema\/logo\/image\/","url":"https:\/\/visitemporda.com\/wp-content\/uploads\/2024\/11\/Logotip_CCBE.png","contentUrl":"https:\/\/visitemporda.com\/wp-content\/uploads\/2024\/11\/Logotip_CCBE.png","width":3617,"height":3617,"caption":"Consell Comarcal del Baix Empord\u00e0"},"image":{"@id":"https:\/\/visitemporda.com\/fr\/#\/schema\/logo\/image\/"},"sameAs":["https:\/\/www.facebook.com\/baixempordaturisme","https:\/\/x.com\/baixemporda_tur","https:\/\/www.instagram.com\/visitemporda"]}]}},"_links":{"self":[{"href":"https:\/\/visitemporda.com\/fr\/wp-json\/wp\/v2\/pages\/20780","targetHints":{"allow":["GET"]}}],"collection":[{"href":"https:\/\/visitemporda.com\/fr\/wp-json\/wp\/v2\/pages"}],"about":[{"href":"https:\/\/visitemporda.com\/fr\/wp-json\/wp\/v2\/types\/page"}],"author":[{"embeddable":true,"href":"https:\/\/visitemporda.com\/fr\/wp-json\/wp\/v2\/users\/2"}],"replies":[{"embeddable":true,"href":"https:\/\/visitemporda.com\/fr\/wp-json\/wp\/v2\/comments?post=20780"}],"version-history":[{"count":4,"href":"https:\/\/visitemporda.com\/fr\/wp-json\/wp\/v2\/pages\/20780\/revisions"}],"predecessor-version":[{"id":30099,"href":"https:\/\/visitemporda.com\/fr\/wp-json\/wp\/v2\/pages\/20780\/revisions\/30099"}],"up":[{"embeddable":true,"href":"https:\/\/visitemporda.com\/fr\/wp-json\/wp\/v2\/pages\/19923"}],"wp:featuredmedia":[{"embeddable":true,"href":"https:\/\/visitemporda.com\/fr\/wp-json\/wp\/v2\/media\/6891"}],"wp:attachment":[{"href":"https:\/\/visitemporda.com\/fr\/wp-json\/wp\/v2\/media?parent=20780"}],"curies":[{"name":"wp","href":"https:\/\/api.w.org\/{rel}","templated":true}]}}