

{"id":20727,"date":"2019-08-07T09:00:19","date_gmt":"2019-08-07T07:00:19","guid":{"rendered":"http:\/\/visitemporda.com\/recomenacions\/el-gust-de-lemporda\/marca-de-garantia-productes-de-lemporda\/gamba-de-palamos\/"},"modified":"2021-05-18T22:44:32","modified_gmt":"2021-05-18T20:44:32","slug":"gamba-de-palamos","status":"publish","type":"page","link":"https:\/\/visitemporda.com\/fr\/planifica\/el-gust-de-lemporda\/marca-de-garantia-productes-de-lemporda\/gamba-de-palamos\/","title":{"rendered":"La crevette de Palam\u00f3s"},"content":{"rendered":"<p>La crevette de Palam\u00f3s a un label de qualit\u00e9 ind\u00e9pendant : Gamba de Palam\u00f3s. Ce label r\u00e9glemente la qualit\u00e9 de la crevette par le biais de normes strictes s\u2019appliquant \u00e0 la p\u00eache, au traitement et \u00e0 la manipulation des crevettes pendant toute la cha\u00eene de distribution, avec un contr\u00f4le exhaustif de la cha\u00eene du froid (temp\u00e9rature entre 0\u00b0 et 4 \u00b0C) de la mer au consommateur final.<\/p>\n<p>FICHE TECHNIQUE<\/p>\n<p>Origine du produit: il s\u2019agit uniquement de la crevette fra\u00eeche de l\u2019esp\u00e8ce Aristeus antennatus, p\u00each\u00e9e dans les eaux des c\u00f4tes de Palam\u00f3s.<\/p>\n<p>Caract\u00e9ristiques du produit: corps rouge et texture ferme. Le label de garantie assure que la crevette parvient au client avec la meilleure qualit\u00e9 : un go\u00fbt exquis, un ar\u00f4me unique, un aspect app\u00e9tissant et un niveau de fra\u00eecheur incomparable.<\/p>\n<p>Conditionnement: en vrac.<\/p>\n<p>Conservation: conserver au froid.<\/p>\n","protected":false},"excerpt":{"rendered":"<p>La crevette de Palam\u00f3s a un label de qualit\u00e9 ind\u00e9pendant : Gamba de Palam\u00f3s. Ce label r\u00e9glemente la qualit\u00e9 de la crevette par le biais de normes strictes s\u2019appliquant \u00e0 la p\u00eache, au traitement et \u00e0 la manipulation des crevettes pendant toute la cha\u00eene de distribution, avec un contr\u00f4le exhaustif de la cha\u00eene du froid [&hellip;]<\/p>\n","protected":false},"author":2,"featured_media":6721,"parent":20703,"menu_order":0,"comment_status":"closed","ping_status":"closed","template":"page-templates\/fitxa-campanyes-gastronomiques.php","meta":{"_acf_changed":false,"footnotes":""},"class_list":["post-20727","page","type-page","status-publish","has-post-thumbnail","hentry"],"acf":[],"yoast_head":"<!-- This site is optimized with the Yoast SEO plugin v27.3 - https:\/\/yoast.com\/product\/yoast-seo-wordpress\/ -->\n<title>La crevette de Palam\u00f3s - Visit Empord\u00e0<\/title>\n<meta name=\"robots\" content=\"index, follow, max-snippet:-1, max-image-preview:large, max-video-preview:-1\" \/>\n<link rel=\"canonical\" href=\"https:\/\/visitemporda.com\/fr\/planifica\/el-gust-de-lemporda\/marca-de-garantia-productes-de-lemporda\/gamba-de-palamos\/\" \/>\n<meta property=\"og:locale\" content=\"fr_FR\" \/>\n<meta property=\"og:type\" content=\"article\" \/>\n<meta property=\"og:title\" content=\"La crevette de Palam\u00f3s - Visit Empord\u00e0\" \/>\n<meta property=\"og:description\" content=\"La crevette de Palam\u00f3s a un label de qualit\u00e9 ind\u00e9pendant : Gamba de Palam\u00f3s. Ce label r\u00e9glemente la qualit\u00e9 de la crevette par le biais de normes strictes s\u2019appliquant \u00e0 la p\u00eache, au traitement et \u00e0 la manipulation des crevettes pendant toute la cha\u00eene de distribution, avec un contr\u00f4le exhaustif de la cha\u00eene du froid [&hellip;]\" \/>\n<meta property=\"og:url\" content=\"https:\/\/visitemporda.com\/fr\/planifica\/el-gust-de-lemporda\/marca-de-garantia-productes-de-lemporda\/gamba-de-palamos\/\" \/>\n<meta property=\"og:site_name\" content=\"Visit Empord\u00e0\" \/>\n<meta property=\"article:publisher\" content=\"https:\/\/www.facebook.com\/baixempordaturisme\" \/>\n<meta property=\"article:modified_time\" content=\"2021-05-18T20:44:32+00:00\" \/>\n<meta property=\"og:image\" content=\"https:\/\/visitemporda.com\/wp-content\/uploads\/2019\/08\/ajuntament-palam\u00f3s-gamba-1024x683.jpg\" \/>\n\t<meta property=\"og:image:width\" content=\"1024\" \/>\n\t<meta property=\"og:image:height\" content=\"683\" \/>\n\t<meta property=\"og:image:type\" content=\"image\/jpeg\" \/>\n<meta name=\"twitter:card\" content=\"summary_large_image\" \/>\n<meta name=\"twitter:site\" content=\"@baixemporda_tur\" \/>\n<meta name=\"twitter:label1\" content=\"Dur\u00e9e de lecture estim\u00e9e\" \/>\n\t<meta name=\"twitter:data1\" content=\"1 minute\" \/>\n<script type=\"application\/ld+json\" class=\"yoast-schema-graph\">{\"@context\":\"https:\\\/\\\/schema.org\",\"@graph\":[{\"@type\":\"WebPage\",\"@id\":\"https:\\\/\\\/visitemporda.com\\\/fr\\\/planifica\\\/el-gust-de-lemporda\\\/marca-de-garantia-productes-de-lemporda\\\/gamba-de-palamos\\\/\",\"url\":\"https:\\\/\\\/visitemporda.com\\\/fr\\\/planifica\\\/el-gust-de-lemporda\\\/marca-de-garantia-productes-de-lemporda\\\/gamba-de-palamos\\\/\",\"name\":\"La crevette de Palam\u00f3s - Visit Empord\u00e0\",\"isPartOf\":{\"@id\":\"https:\\\/\\\/visitemporda.com\\\/fr\\\/#website\"},\"primaryImageOfPage\":{\"@id\":\"https:\\\/\\\/visitemporda.com\\\/fr\\\/planifica\\\/el-gust-de-lemporda\\\/marca-de-garantia-productes-de-lemporda\\\/gamba-de-palamos\\\/#primaryimage\"},\"image\":{\"@id\":\"https:\\\/\\\/visitemporda.com\\\/fr\\\/planifica\\\/el-gust-de-lemporda\\\/marca-de-garantia-productes-de-lemporda\\\/gamba-de-palamos\\\/#primaryimage\"},\"thumbnailUrl\":\"https:\\\/\\\/visitemporda.com\\\/wp-content\\\/uploads\\\/2019\\\/08\\\/ajuntament-palam\u00f3s-gamba.jpg\",\"datePublished\":\"2019-08-07T07:00:19+00:00\",\"dateModified\":\"2021-05-18T20:44:32+00:00\",\"breadcrumb\":{\"@id\":\"https:\\\/\\\/visitemporda.com\\\/fr\\\/planifica\\\/el-gust-de-lemporda\\\/marca-de-garantia-productes-de-lemporda\\\/gamba-de-palamos\\\/#breadcrumb\"},\"inLanguage\":\"fr-FR\",\"potentialAction\":[{\"@type\":\"ReadAction\",\"target\":[\"https:\\\/\\\/visitemporda.com\\\/fr\\\/planifica\\\/el-gust-de-lemporda\\\/marca-de-garantia-productes-de-lemporda\\\/gamba-de-palamos\\\/\"]}]},{\"@type\":\"ImageObject\",\"inLanguage\":\"fr-FR\",\"@id\":\"https:\\\/\\\/visitemporda.com\\\/fr\\\/planifica\\\/el-gust-de-lemporda\\\/marca-de-garantia-productes-de-lemporda\\\/gamba-de-palamos\\\/#primaryimage\",\"url\":\"https:\\\/\\\/visitemporda.com\\\/wp-content\\\/uploads\\\/2019\\\/08\\\/ajuntament-palam\u00f3s-gamba.jpg\",\"contentUrl\":\"https:\\\/\\\/visitemporda.com\\\/wp-content\\\/uploads\\\/2019\\\/08\\\/ajuntament-palam\u00f3s-gamba.jpg\",\"width\":2496,\"height\":1664,\"caption\":\"gambes de palam\u00f3s\"},{\"@type\":\"BreadcrumbList\",\"@id\":\"https:\\\/\\\/visitemporda.com\\\/fr\\\/planifica\\\/el-gust-de-lemporda\\\/marca-de-garantia-productes-de-lemporda\\\/gamba-de-palamos\\\/#breadcrumb\",\"itemListElement\":[{\"@type\":\"ListItem\",\"position\":1,\"name\":\"Inici\",\"item\":\"https:\\\/\\\/visitemporda.com\\\/fr\\\/\"},{\"@type\":\"ListItem\",\"position\":2,\"name\":\"Planifiquez\",\"item\":\"https:\\\/\\\/visitemporda.com\\\/fr\\\/planifica\\\/\"},{\"@type\":\"ListItem\",\"position\":3,\"name\":\"Le go\u00fbt de l\u2019Empord\u00e0\",\"item\":\"https:\\\/\\\/visitemporda.com\\\/fr\\\/planifica\\\/el-gust-de-lemporda\\\/\"},{\"@type\":\"ListItem\",\"position\":4,\"name\":\"Le label de qualit\u00e9 \u00ab Productes de l\u2019Empord\u00e0 \u00bb (Produits de l\u2019Empord\u00e0)\",\"item\":\"https:\\\/\\\/visitemporda.com\\\/fr\\\/planifica\\\/el-gust-de-lemporda\\\/marca-de-garantia-productes-de-lemporda\\\/\"},{\"@type\":\"ListItem\",\"position\":5,\"name\":\"La crevette de Palam\u00f3s\"}]},{\"@type\":\"WebSite\",\"@id\":\"https:\\\/\\\/visitemporda.com\\\/fr\\\/#website\",\"url\":\"https:\\\/\\\/visitemporda.com\\\/fr\\\/\",\"name\":\"Visit Empord\u00e0\",\"description\":\"Site officiel du tourisme du Baix Empord\u00e0\",\"publisher\":{\"@id\":\"https:\\\/\\\/visitemporda.com\\\/fr\\\/#organization\"},\"potentialAction\":[{\"@type\":\"SearchAction\",\"target\":{\"@type\":\"EntryPoint\",\"urlTemplate\":\"https:\\\/\\\/visitemporda.com\\\/fr\\\/?s={search_term_string}\"},\"query-input\":{\"@type\":\"PropertyValueSpecification\",\"valueRequired\":true,\"valueName\":\"search_term_string\"}}],\"inLanguage\":\"fr-FR\"},{\"@type\":\"Organization\",\"@id\":\"https:\\\/\\\/visitemporda.com\\\/fr\\\/#organization\",\"name\":\"Consell Comarcal del Baix Empord\u00e0\",\"url\":\"https:\\\/\\\/visitemporda.com\\\/fr\\\/\",\"logo\":{\"@type\":\"ImageObject\",\"inLanguage\":\"fr-FR\",\"@id\":\"https:\\\/\\\/visitemporda.com\\\/fr\\\/#\\\/schema\\\/logo\\\/image\\\/\",\"url\":\"https:\\\/\\\/visitemporda.com\\\/wp-content\\\/uploads\\\/2024\\\/11\\\/Logotip_CCBE.png\",\"contentUrl\":\"https:\\\/\\\/visitemporda.com\\\/wp-content\\\/uploads\\\/2024\\\/11\\\/Logotip_CCBE.png\",\"width\":3617,\"height\":3617,\"caption\":\"Consell Comarcal del Baix Empord\u00e0\"},\"image\":{\"@id\":\"https:\\\/\\\/visitemporda.com\\\/fr\\\/#\\\/schema\\\/logo\\\/image\\\/\"},\"sameAs\":[\"https:\\\/\\\/www.facebook.com\\\/baixempordaturisme\",\"https:\\\/\\\/x.com\\\/baixemporda_tur\",\"https:\\\/\\\/www.instagram.com\\\/visitemporda\"]}]}<\/script>\n<!-- \/ Yoast SEO plugin. -->","yoast_head_json":{"title":"La crevette de Palam\u00f3s - Visit Empord\u00e0","robots":{"index":"index","follow":"follow","max-snippet":"max-snippet:-1","max-image-preview":"max-image-preview:large","max-video-preview":"max-video-preview:-1"},"canonical":"https:\/\/visitemporda.com\/fr\/planifica\/el-gust-de-lemporda\/marca-de-garantia-productes-de-lemporda\/gamba-de-palamos\/","og_locale":"fr_FR","og_type":"article","og_title":"La crevette de Palam\u00f3s - Visit Empord\u00e0","og_description":"La crevette de Palam\u00f3s a un label de qualit\u00e9 ind\u00e9pendant : Gamba de Palam\u00f3s. Ce label r\u00e9glemente la qualit\u00e9 de la crevette par le biais de normes strictes s\u2019appliquant \u00e0 la p\u00eache, au traitement et \u00e0 la manipulation des crevettes pendant toute la cha\u00eene de distribution, avec un contr\u00f4le exhaustif de la cha\u00eene du froid [&hellip;]","og_url":"https:\/\/visitemporda.com\/fr\/planifica\/el-gust-de-lemporda\/marca-de-garantia-productes-de-lemporda\/gamba-de-palamos\/","og_site_name":"Visit Empord\u00e0","article_publisher":"https:\/\/www.facebook.com\/baixempordaturisme","article_modified_time":"2021-05-18T20:44:32+00:00","og_image":[{"width":1024,"height":683,"url":"https:\/\/visitemporda.com\/wp-content\/uploads\/2019\/08\/ajuntament-palam\u00f3s-gamba-1024x683.jpg","type":"image\/jpeg"}],"twitter_card":"summary_large_image","twitter_site":"@baixemporda_tur","twitter_misc":{"Dur\u00e9e de lecture estim\u00e9e":"1 minute"},"schema":{"@context":"https:\/\/schema.org","@graph":[{"@type":"WebPage","@id":"https:\/\/visitemporda.com\/fr\/planifica\/el-gust-de-lemporda\/marca-de-garantia-productes-de-lemporda\/gamba-de-palamos\/","url":"https:\/\/visitemporda.com\/fr\/planifica\/el-gust-de-lemporda\/marca-de-garantia-productes-de-lemporda\/gamba-de-palamos\/","name":"La crevette de Palam\u00f3s - Visit Empord\u00e0","isPartOf":{"@id":"https:\/\/visitemporda.com\/fr\/#website"},"primaryImageOfPage":{"@id":"https:\/\/visitemporda.com\/fr\/planifica\/el-gust-de-lemporda\/marca-de-garantia-productes-de-lemporda\/gamba-de-palamos\/#primaryimage"},"image":{"@id":"https:\/\/visitemporda.com\/fr\/planifica\/el-gust-de-lemporda\/marca-de-garantia-productes-de-lemporda\/gamba-de-palamos\/#primaryimage"},"thumbnailUrl":"https:\/\/visitemporda.com\/wp-content\/uploads\/2019\/08\/ajuntament-palam\u00f3s-gamba.jpg","datePublished":"2019-08-07T07:00:19+00:00","dateModified":"2021-05-18T20:44:32+00:00","breadcrumb":{"@id":"https:\/\/visitemporda.com\/fr\/planifica\/el-gust-de-lemporda\/marca-de-garantia-productes-de-lemporda\/gamba-de-palamos\/#breadcrumb"},"inLanguage":"fr-FR","potentialAction":[{"@type":"ReadAction","target":["https:\/\/visitemporda.com\/fr\/planifica\/el-gust-de-lemporda\/marca-de-garantia-productes-de-lemporda\/gamba-de-palamos\/"]}]},{"@type":"ImageObject","inLanguage":"fr-FR","@id":"https:\/\/visitemporda.com\/fr\/planifica\/el-gust-de-lemporda\/marca-de-garantia-productes-de-lemporda\/gamba-de-palamos\/#primaryimage","url":"https:\/\/visitemporda.com\/wp-content\/uploads\/2019\/08\/ajuntament-palam\u00f3s-gamba.jpg","contentUrl":"https:\/\/visitemporda.com\/wp-content\/uploads\/2019\/08\/ajuntament-palam\u00f3s-gamba.jpg","width":2496,"height":1664,"caption":"gambes de palam\u00f3s"},{"@type":"BreadcrumbList","@id":"https:\/\/visitemporda.com\/fr\/planifica\/el-gust-de-lemporda\/marca-de-garantia-productes-de-lemporda\/gamba-de-palamos\/#breadcrumb","itemListElement":[{"@type":"ListItem","position":1,"name":"Inici","item":"https:\/\/visitemporda.com\/fr\/"},{"@type":"ListItem","position":2,"name":"Planifiquez","item":"https:\/\/visitemporda.com\/fr\/planifica\/"},{"@type":"ListItem","position":3,"name":"Le go\u00fbt de l\u2019Empord\u00e0","item":"https:\/\/visitemporda.com\/fr\/planifica\/el-gust-de-lemporda\/"},{"@type":"ListItem","position":4,"name":"Le label de qualit\u00e9 \u00ab Productes de l\u2019Empord\u00e0 \u00bb (Produits de l\u2019Empord\u00e0)","item":"https:\/\/visitemporda.com\/fr\/planifica\/el-gust-de-lemporda\/marca-de-garantia-productes-de-lemporda\/"},{"@type":"ListItem","position":5,"name":"La crevette de Palam\u00f3s"}]},{"@type":"WebSite","@id":"https:\/\/visitemporda.com\/fr\/#website","url":"https:\/\/visitemporda.com\/fr\/","name":"Visit Empord\u00e0","description":"Site officiel du tourisme du Baix Empord\u00e0","publisher":{"@id":"https:\/\/visitemporda.com\/fr\/#organization"},"potentialAction":[{"@type":"SearchAction","target":{"@type":"EntryPoint","urlTemplate":"https:\/\/visitemporda.com\/fr\/?s={search_term_string}"},"query-input":{"@type":"PropertyValueSpecification","valueRequired":true,"valueName":"search_term_string"}}],"inLanguage":"fr-FR"},{"@type":"Organization","@id":"https:\/\/visitemporda.com\/fr\/#organization","name":"Consell Comarcal del Baix Empord\u00e0","url":"https:\/\/visitemporda.com\/fr\/","logo":{"@type":"ImageObject","inLanguage":"fr-FR","@id":"https:\/\/visitemporda.com\/fr\/#\/schema\/logo\/image\/","url":"https:\/\/visitemporda.com\/wp-content\/uploads\/2024\/11\/Logotip_CCBE.png","contentUrl":"https:\/\/visitemporda.com\/wp-content\/uploads\/2024\/11\/Logotip_CCBE.png","width":3617,"height":3617,"caption":"Consell Comarcal del Baix Empord\u00e0"},"image":{"@id":"https:\/\/visitemporda.com\/fr\/#\/schema\/logo\/image\/"},"sameAs":["https:\/\/www.facebook.com\/baixempordaturisme","https:\/\/x.com\/baixemporda_tur","https:\/\/www.instagram.com\/visitemporda"]}]}},"_links":{"self":[{"href":"https:\/\/visitemporda.com\/fr\/wp-json\/wp\/v2\/pages\/20727","targetHints":{"allow":["GET"]}}],"collection":[{"href":"https:\/\/visitemporda.com\/fr\/wp-json\/wp\/v2\/pages"}],"about":[{"href":"https:\/\/visitemporda.com\/fr\/wp-json\/wp\/v2\/types\/page"}],"author":[{"embeddable":true,"href":"https:\/\/visitemporda.com\/fr\/wp-json\/wp\/v2\/users\/2"}],"replies":[{"embeddable":true,"href":"https:\/\/visitemporda.com\/fr\/wp-json\/wp\/v2\/comments?post=20727"}],"version-history":[{"count":3,"href":"https:\/\/visitemporda.com\/fr\/wp-json\/wp\/v2\/pages\/20727\/revisions"}],"predecessor-version":[{"id":30320,"href":"https:\/\/visitemporda.com\/fr\/wp-json\/wp\/v2\/pages\/20727\/revisions\/30320"}],"up":[{"embeddable":true,"href":"https:\/\/visitemporda.com\/fr\/wp-json\/wp\/v2\/pages\/20703"}],"wp:featuredmedia":[{"embeddable":true,"href":"https:\/\/visitemporda.com\/fr\/wp-json\/wp\/v2\/media\/6721"}],"wp:attachment":[{"href":"https:\/\/visitemporda.com\/fr\/wp-json\/wp\/v2\/media?parent=20727"}],"curies":[{"name":"wp","href":"https:\/\/api.w.org\/{rel}","templated":true}]}}