

{"id":20718,"date":"2019-08-07T08:58:16","date_gmt":"2019-08-07T06:58:16","guid":{"rendered":"http:\/\/visitemporda.com\/recomenacions\/el-gust-de-lemporda\/marca-de-garantia-productes-de-lemporda\/brunyols-de-lemporda\/"},"modified":"2021-05-18T22:37:33","modified_gmt":"2021-05-18T20:37:33","slug":"brunyols-de-lemporda","status":"publish","type":"page","link":"https:\/\/visitemporda.com\/fr\/planifica\/el-gust-de-lemporda\/marca-de-garantia-productes-de-lemporda\/brunyols-de-lemporda\/","title":{"rendered":"Brunyols de l&rsquo;Empord\u00e0 \u00ab beignets \u00bb"},"content":{"rendered":"<p>Les brunyols, tels qu\u2019ils sont appel\u00e9s dans l\u2019Empord\u00e0 \u2014 \u00e0 ne pas confondre avec les bunyols \u2014 sont un dessert que l\u2019on commence \u00e0 d\u00e9guster pendant le Car\u00eame mais surtout pendant la Semaine Sainte. On les trouve dans les p\u00e2tisseries et les boulangeries de l\u2019Empord\u00e0.<\/p>\n<p>FICHE TECHNIQUE<\/p>\n<p>P\u00e9riode d\u2019\u00e9laboration: toute l\u2019ann\u00e9e.<br \/>\nIngr\u00e9dients: farine, eau ou lait, levure de boulangerie, sel, anis vert, saindoux, huile d\u2019olive ou beurre, citron, \u0153ufs, sucre, anis ou grenache.<\/p>\n<p>Caract\u00e9ristiques du produit: leur forme habituelle est gonfl\u00e9e, comme une boule \u00e9cras\u00e9e. Leur texture est compacte voire dense. Leurs sp\u00e9cificit\u00e9s sont entre autres le l\u00e9ger go\u00fbt d\u2019anis vert et le fait qu\u2019ils n\u2019aient pas de trou.<\/p>\n<p>Conditionnement: en vrac.<\/p>\n<p>Conservation: \u00e0\u00a0temp\u00e9rature ambiante.<\/p>\n","protected":false},"excerpt":{"rendered":"<p>Les brunyols, tels qu\u2019ils sont appel\u00e9s dans l\u2019Empord\u00e0 \u2014 \u00e0 ne pas confondre avec les bunyols \u2014 sont un dessert que l\u2019on commence \u00e0 d\u00e9guster pendant le Car\u00eame mais surtout pendant la Semaine Sainte. On les trouve dans les p\u00e2tisseries et les boulangeries de l\u2019Empord\u00e0. FICHE TECHNIQUE P\u00e9riode d\u2019\u00e9laboration: toute l\u2019ann\u00e9e. Ingr\u00e9dients: farine, eau ou [&hellip;]<\/p>\n","protected":false},"author":2,"featured_media":6709,"parent":20703,"menu_order":0,"comment_status":"closed","ping_status":"closed","template":"page-templates\/fitxa-campanyes-gastronomiques.php","meta":{"_acf_changed":false,"footnotes":""},"class_list":["post-20718","page","type-page","status-publish","has-post-thumbnail","hentry"],"acf":[],"yoast_head":"<!-- This site is optimized with the Yoast SEO plugin v27.4 - https:\/\/yoast.com\/product\/yoast-seo-wordpress\/ -->\n<title>Brunyols de l&#039;Empord\u00e0 \u00ab beignets \u00bb - Visit Empord\u00e0<\/title>\n<meta name=\"robots\" content=\"index, follow, max-snippet:-1, max-image-preview:large, max-video-preview:-1\" \/>\n<link rel=\"canonical\" href=\"https:\/\/visitemporda.com\/fr\/planifica\/el-gust-de-lemporda\/marca-de-garantia-productes-de-lemporda\/brunyols-de-lemporda\/\" \/>\n<meta property=\"og:locale\" content=\"fr_FR\" \/>\n<meta property=\"og:type\" content=\"article\" \/>\n<meta property=\"og:title\" content=\"Brunyols de l&#039;Empord\u00e0 \u00ab beignets \u00bb - Visit Empord\u00e0\" \/>\n<meta property=\"og:description\" content=\"Les brunyols, tels qu\u2019ils sont appel\u00e9s dans l\u2019Empord\u00e0 \u2014 \u00e0 ne pas confondre avec les bunyols \u2014 sont un dessert que l\u2019on commence \u00e0 d\u00e9guster pendant le Car\u00eame mais surtout pendant la Semaine Sainte. On les trouve dans les p\u00e2tisseries et les boulangeries de l\u2019Empord\u00e0. FICHE TECHNIQUE P\u00e9riode d\u2019\u00e9laboration: toute l\u2019ann\u00e9e. Ingr\u00e9dients: farine, eau ou [&hellip;]\" \/>\n<meta property=\"og:url\" content=\"https:\/\/visitemporda.com\/fr\/planifica\/el-gust-de-lemporda\/marca-de-garantia-productes-de-lemporda\/brunyols-de-lemporda\/\" \/>\n<meta property=\"og:site_name\" content=\"Visit Empord\u00e0\" \/>\n<meta property=\"article:publisher\" content=\"https:\/\/www.facebook.com\/baixempordaturisme\" \/>\n<meta property=\"article:modified_time\" content=\"2021-05-18T20:37:33+00:00\" \/>\n<meta property=\"og:image\" content=\"https:\/\/visitemporda.com\/wp-content\/uploads\/2019\/08\/brunyols-sense-forat-alt.jpg\" \/>\n\t<meta property=\"og:image:width\" content=\"1187\" \/>\n\t<meta property=\"og:image:height\" content=\"1187\" \/>\n\t<meta property=\"og:image:type\" content=\"image\/jpeg\" \/>\n<meta name=\"twitter:card\" content=\"summary_large_image\" \/>\n<meta name=\"twitter:site\" content=\"@baixemporda_tur\" \/>\n<meta name=\"twitter:label1\" content=\"Dur\u00e9e de lecture estim\u00e9e\" \/>\n\t<meta name=\"twitter:data1\" content=\"1 minute\" \/>\n<script type=\"application\/ld+json\" class=\"yoast-schema-graph\">{\"@context\":\"https:\\\/\\\/schema.org\",\"@graph\":[{\"@type\":\"WebPage\",\"@id\":\"https:\\\/\\\/visitemporda.com\\\/fr\\\/planifica\\\/el-gust-de-lemporda\\\/marca-de-garantia-productes-de-lemporda\\\/brunyols-de-lemporda\\\/\",\"url\":\"https:\\\/\\\/visitemporda.com\\\/fr\\\/planifica\\\/el-gust-de-lemporda\\\/marca-de-garantia-productes-de-lemporda\\\/brunyols-de-lemporda\\\/\",\"name\":\"Brunyols de l'Empord\u00e0 \u00ab beignets \u00bb - Visit Empord\u00e0\",\"isPartOf\":{\"@id\":\"https:\\\/\\\/visitemporda.com\\\/fr\\\/#website\"},\"primaryImageOfPage\":{\"@id\":\"https:\\\/\\\/visitemporda.com\\\/fr\\\/planifica\\\/el-gust-de-lemporda\\\/marca-de-garantia-productes-de-lemporda\\\/brunyols-de-lemporda\\\/#primaryimage\"},\"image\":{\"@id\":\"https:\\\/\\\/visitemporda.com\\\/fr\\\/planifica\\\/el-gust-de-lemporda\\\/marca-de-garantia-productes-de-lemporda\\\/brunyols-de-lemporda\\\/#primaryimage\"},\"thumbnailUrl\":\"https:\\\/\\\/visitemporda.com\\\/wp-content\\\/uploads\\\/2019\\\/08\\\/brunyols-sense-forat-alt.jpg\",\"datePublished\":\"2019-08-07T06:58:16+00:00\",\"dateModified\":\"2021-05-18T20:37:33+00:00\",\"breadcrumb\":{\"@id\":\"https:\\\/\\\/visitemporda.com\\\/fr\\\/planifica\\\/el-gust-de-lemporda\\\/marca-de-garantia-productes-de-lemporda\\\/brunyols-de-lemporda\\\/#breadcrumb\"},\"inLanguage\":\"fr-FR\",\"potentialAction\":[{\"@type\":\"ReadAction\",\"target\":[\"https:\\\/\\\/visitemporda.com\\\/fr\\\/planifica\\\/el-gust-de-lemporda\\\/marca-de-garantia-productes-de-lemporda\\\/brunyols-de-lemporda\\\/\"]}]},{\"@type\":\"ImageObject\",\"inLanguage\":\"fr-FR\",\"@id\":\"https:\\\/\\\/visitemporda.com\\\/fr\\\/planifica\\\/el-gust-de-lemporda\\\/marca-de-garantia-productes-de-lemporda\\\/brunyols-de-lemporda\\\/#primaryimage\",\"url\":\"https:\\\/\\\/visitemporda.com\\\/wp-content\\\/uploads\\\/2019\\\/08\\\/brunyols-sense-forat-alt.jpg\",\"contentUrl\":\"https:\\\/\\\/visitemporda.com\\\/wp-content\\\/uploads\\\/2019\\\/08\\\/brunyols-sense-forat-alt.jpg\",\"width\":1187,\"height\":1187,\"caption\":\"brunyols de l'empord\u00e0\"},{\"@type\":\"BreadcrumbList\",\"@id\":\"https:\\\/\\\/visitemporda.com\\\/fr\\\/planifica\\\/el-gust-de-lemporda\\\/marca-de-garantia-productes-de-lemporda\\\/brunyols-de-lemporda\\\/#breadcrumb\",\"itemListElement\":[{\"@type\":\"ListItem\",\"position\":1,\"name\":\"Inici\",\"item\":\"https:\\\/\\\/visitemporda.com\\\/fr\\\/\"},{\"@type\":\"ListItem\",\"position\":2,\"name\":\"Planifiquez\",\"item\":\"https:\\\/\\\/visitemporda.com\\\/fr\\\/planifica\\\/\"},{\"@type\":\"ListItem\",\"position\":3,\"name\":\"Le go\u00fbt de l\u2019Empord\u00e0\",\"item\":\"https:\\\/\\\/visitemporda.com\\\/fr\\\/planifica\\\/el-gust-de-lemporda\\\/\"},{\"@type\":\"ListItem\",\"position\":4,\"name\":\"Le label de qualit\u00e9 \u00ab Productes de l\u2019Empord\u00e0 \u00bb (Produits de l\u2019Empord\u00e0)\",\"item\":\"https:\\\/\\\/visitemporda.com\\\/fr\\\/planifica\\\/el-gust-de-lemporda\\\/marca-de-garantia-productes-de-lemporda\\\/\"},{\"@type\":\"ListItem\",\"position\":5,\"name\":\"Brunyols de l&rsquo;Empord\u00e0 \u00ab beignets \u00bb\"}]},{\"@type\":\"WebSite\",\"@id\":\"https:\\\/\\\/visitemporda.com\\\/fr\\\/#website\",\"url\":\"https:\\\/\\\/visitemporda.com\\\/fr\\\/\",\"name\":\"Visit Empord\u00e0\",\"description\":\"Site officiel du tourisme du Baix Empord\u00e0\",\"publisher\":{\"@id\":\"https:\\\/\\\/visitemporda.com\\\/fr\\\/#organization\"},\"potentialAction\":[{\"@type\":\"SearchAction\",\"target\":{\"@type\":\"EntryPoint\",\"urlTemplate\":\"https:\\\/\\\/visitemporda.com\\\/fr\\\/?s={search_term_string}\"},\"query-input\":{\"@type\":\"PropertyValueSpecification\",\"valueRequired\":true,\"valueName\":\"search_term_string\"}}],\"inLanguage\":\"fr-FR\"},{\"@type\":\"Organization\",\"@id\":\"https:\\\/\\\/visitemporda.com\\\/fr\\\/#organization\",\"name\":\"Consell Comarcal del Baix Empord\u00e0\",\"url\":\"https:\\\/\\\/visitemporda.com\\\/fr\\\/\",\"logo\":{\"@type\":\"ImageObject\",\"inLanguage\":\"fr-FR\",\"@id\":\"https:\\\/\\\/visitemporda.com\\\/fr\\\/#\\\/schema\\\/logo\\\/image\\\/\",\"url\":\"https:\\\/\\\/visitemporda.com\\\/wp-content\\\/uploads\\\/2024\\\/11\\\/Logotip_CCBE.png\",\"contentUrl\":\"https:\\\/\\\/visitemporda.com\\\/wp-content\\\/uploads\\\/2024\\\/11\\\/Logotip_CCBE.png\",\"width\":3617,\"height\":3617,\"caption\":\"Consell Comarcal del Baix Empord\u00e0\"},\"image\":{\"@id\":\"https:\\\/\\\/visitemporda.com\\\/fr\\\/#\\\/schema\\\/logo\\\/image\\\/\"},\"sameAs\":[\"https:\\\/\\\/www.facebook.com\\\/baixempordaturisme\",\"https:\\\/\\\/x.com\\\/baixemporda_tur\",\"https:\\\/\\\/www.instagram.com\\\/visitemporda\"]}]}<\/script>\n<!-- \/ Yoast SEO plugin. -->","yoast_head_json":{"title":"Brunyols de l'Empord\u00e0 \u00ab beignets \u00bb - Visit Empord\u00e0","robots":{"index":"index","follow":"follow","max-snippet":"max-snippet:-1","max-image-preview":"max-image-preview:large","max-video-preview":"max-video-preview:-1"},"canonical":"https:\/\/visitemporda.com\/fr\/planifica\/el-gust-de-lemporda\/marca-de-garantia-productes-de-lemporda\/brunyols-de-lemporda\/","og_locale":"fr_FR","og_type":"article","og_title":"Brunyols de l'Empord\u00e0 \u00ab beignets \u00bb - Visit Empord\u00e0","og_description":"Les brunyols, tels qu\u2019ils sont appel\u00e9s dans l\u2019Empord\u00e0 \u2014 \u00e0 ne pas confondre avec les bunyols \u2014 sont un dessert que l\u2019on commence \u00e0 d\u00e9guster pendant le Car\u00eame mais surtout pendant la Semaine Sainte. On les trouve dans les p\u00e2tisseries et les boulangeries de l\u2019Empord\u00e0. FICHE TECHNIQUE P\u00e9riode d\u2019\u00e9laboration: toute l\u2019ann\u00e9e. Ingr\u00e9dients: farine, eau ou [&hellip;]","og_url":"https:\/\/visitemporda.com\/fr\/planifica\/el-gust-de-lemporda\/marca-de-garantia-productes-de-lemporda\/brunyols-de-lemporda\/","og_site_name":"Visit Empord\u00e0","article_publisher":"https:\/\/www.facebook.com\/baixempordaturisme","article_modified_time":"2021-05-18T20:37:33+00:00","og_image":[{"width":1187,"height":1187,"url":"https:\/\/visitemporda.com\/wp-content\/uploads\/2019\/08\/brunyols-sense-forat-alt.jpg","type":"image\/jpeg"}],"twitter_card":"summary_large_image","twitter_site":"@baixemporda_tur","twitter_misc":{"Dur\u00e9e de lecture estim\u00e9e":"1 minute"},"schema":{"@context":"https:\/\/schema.org","@graph":[{"@type":"WebPage","@id":"https:\/\/visitemporda.com\/fr\/planifica\/el-gust-de-lemporda\/marca-de-garantia-productes-de-lemporda\/brunyols-de-lemporda\/","url":"https:\/\/visitemporda.com\/fr\/planifica\/el-gust-de-lemporda\/marca-de-garantia-productes-de-lemporda\/brunyols-de-lemporda\/","name":"Brunyols de l'Empord\u00e0 \u00ab beignets \u00bb - Visit Empord\u00e0","isPartOf":{"@id":"https:\/\/visitemporda.com\/fr\/#website"},"primaryImageOfPage":{"@id":"https:\/\/visitemporda.com\/fr\/planifica\/el-gust-de-lemporda\/marca-de-garantia-productes-de-lemporda\/brunyols-de-lemporda\/#primaryimage"},"image":{"@id":"https:\/\/visitemporda.com\/fr\/planifica\/el-gust-de-lemporda\/marca-de-garantia-productes-de-lemporda\/brunyols-de-lemporda\/#primaryimage"},"thumbnailUrl":"https:\/\/visitemporda.com\/wp-content\/uploads\/2019\/08\/brunyols-sense-forat-alt.jpg","datePublished":"2019-08-07T06:58:16+00:00","dateModified":"2021-05-18T20:37:33+00:00","breadcrumb":{"@id":"https:\/\/visitemporda.com\/fr\/planifica\/el-gust-de-lemporda\/marca-de-garantia-productes-de-lemporda\/brunyols-de-lemporda\/#breadcrumb"},"inLanguage":"fr-FR","potentialAction":[{"@type":"ReadAction","target":["https:\/\/visitemporda.com\/fr\/planifica\/el-gust-de-lemporda\/marca-de-garantia-productes-de-lemporda\/brunyols-de-lemporda\/"]}]},{"@type":"ImageObject","inLanguage":"fr-FR","@id":"https:\/\/visitemporda.com\/fr\/planifica\/el-gust-de-lemporda\/marca-de-garantia-productes-de-lemporda\/brunyols-de-lemporda\/#primaryimage","url":"https:\/\/visitemporda.com\/wp-content\/uploads\/2019\/08\/brunyols-sense-forat-alt.jpg","contentUrl":"https:\/\/visitemporda.com\/wp-content\/uploads\/2019\/08\/brunyols-sense-forat-alt.jpg","width":1187,"height":1187,"caption":"brunyols de l'empord\u00e0"},{"@type":"BreadcrumbList","@id":"https:\/\/visitemporda.com\/fr\/planifica\/el-gust-de-lemporda\/marca-de-garantia-productes-de-lemporda\/brunyols-de-lemporda\/#breadcrumb","itemListElement":[{"@type":"ListItem","position":1,"name":"Inici","item":"https:\/\/visitemporda.com\/fr\/"},{"@type":"ListItem","position":2,"name":"Planifiquez","item":"https:\/\/visitemporda.com\/fr\/planifica\/"},{"@type":"ListItem","position":3,"name":"Le go\u00fbt de l\u2019Empord\u00e0","item":"https:\/\/visitemporda.com\/fr\/planifica\/el-gust-de-lemporda\/"},{"@type":"ListItem","position":4,"name":"Le label de qualit\u00e9 \u00ab Productes de l\u2019Empord\u00e0 \u00bb (Produits de l\u2019Empord\u00e0)","item":"https:\/\/visitemporda.com\/fr\/planifica\/el-gust-de-lemporda\/marca-de-garantia-productes-de-lemporda\/"},{"@type":"ListItem","position":5,"name":"Brunyols de l&rsquo;Empord\u00e0 \u00ab beignets \u00bb"}]},{"@type":"WebSite","@id":"https:\/\/visitemporda.com\/fr\/#website","url":"https:\/\/visitemporda.com\/fr\/","name":"Visit Empord\u00e0","description":"Site officiel du tourisme du Baix Empord\u00e0","publisher":{"@id":"https:\/\/visitemporda.com\/fr\/#organization"},"potentialAction":[{"@type":"SearchAction","target":{"@type":"EntryPoint","urlTemplate":"https:\/\/visitemporda.com\/fr\/?s={search_term_string}"},"query-input":{"@type":"PropertyValueSpecification","valueRequired":true,"valueName":"search_term_string"}}],"inLanguage":"fr-FR"},{"@type":"Organization","@id":"https:\/\/visitemporda.com\/fr\/#organization","name":"Consell Comarcal del Baix Empord\u00e0","url":"https:\/\/visitemporda.com\/fr\/","logo":{"@type":"ImageObject","inLanguage":"fr-FR","@id":"https:\/\/visitemporda.com\/fr\/#\/schema\/logo\/image\/","url":"https:\/\/visitemporda.com\/wp-content\/uploads\/2024\/11\/Logotip_CCBE.png","contentUrl":"https:\/\/visitemporda.com\/wp-content\/uploads\/2024\/11\/Logotip_CCBE.png","width":3617,"height":3617,"caption":"Consell Comarcal del Baix Empord\u00e0"},"image":{"@id":"https:\/\/visitemporda.com\/fr\/#\/schema\/logo\/image\/"},"sameAs":["https:\/\/www.facebook.com\/baixempordaturisme","https:\/\/x.com\/baixemporda_tur","https:\/\/www.instagram.com\/visitemporda"]}]}},"_links":{"self":[{"href":"https:\/\/visitemporda.com\/fr\/wp-json\/wp\/v2\/pages\/20718","targetHints":{"allow":["GET"]}}],"collection":[{"href":"https:\/\/visitemporda.com\/fr\/wp-json\/wp\/v2\/pages"}],"about":[{"href":"https:\/\/visitemporda.com\/fr\/wp-json\/wp\/v2\/types\/page"}],"author":[{"embeddable":true,"href":"https:\/\/visitemporda.com\/fr\/wp-json\/wp\/v2\/users\/2"}],"replies":[{"embeddable":true,"href":"https:\/\/visitemporda.com\/fr\/wp-json\/wp\/v2\/comments?post=20718"}],"version-history":[{"count":3,"href":"https:\/\/visitemporda.com\/fr\/wp-json\/wp\/v2\/pages\/20718\/revisions"}],"predecessor-version":[{"id":30308,"href":"https:\/\/visitemporda.com\/fr\/wp-json\/wp\/v2\/pages\/20718\/revisions\/30308"}],"up":[{"embeddable":true,"href":"https:\/\/visitemporda.com\/fr\/wp-json\/wp\/v2\/pages\/20703"}],"wp:featuredmedia":[{"embeddable":true,"href":"https:\/\/visitemporda.com\/fr\/wp-json\/wp\/v2\/media\/6709"}],"wp:attachment":[{"href":"https:\/\/visitemporda.com\/fr\/wp-json\/wp\/v2\/media?parent=20718"}],"curies":[{"name":"wp","href":"https:\/\/api.w.org\/{rel}","templated":true}]}}