

{"id":20703,"date":"2019-08-05T13:48:07","date_gmt":"2019-08-05T11:48:07","guid":{"rendered":"http:\/\/visitemporda.com\/recomenacions\/el-gust-de-lemporda\/marca-de-garantia-productes-de-lemporda\/"},"modified":"2025-04-17T09:08:39","modified_gmt":"2025-04-17T07:08:39","slug":"marca-de-garantia-productes-de-lemporda","status":"publish","type":"page","link":"https:\/\/visitemporda.com\/fr\/planifica\/el-gust-de-lemporda\/marca-de-garantia-productes-de-lemporda\/","title":{"rendered":"Le label de qualit\u00e9 \u00ab Productes de l\u2019Empord\u00e0 \u00bb (Produits de l\u2019Empord\u00e0)"},"content":{"rendered":"","protected":false},"excerpt":{"rendered":"","protected":false},"author":2,"featured_media":17328,"parent":19923,"menu_order":0,"comment_status":"closed","ping_status":"closed","template":"page-templates\/estil_1.php","meta":{"_acf_changed":false,"footnotes":""},"class_list":["post-20703","page","type-page","status-publish","has-post-thumbnail","hentry"],"acf":[],"yoast_head":"<!-- This site is optimized with the Yoast SEO plugin v27.3 - https:\/\/yoast.com\/product\/yoast-seo-wordpress\/ -->\n<title>Le label de qualit\u00e9 \u00ab Productes de l\u2019Empord\u00e0 \u00bb (Produits de l\u2019Empord\u00e0) - Visit Empord\u00e0<\/title>\n<meta name=\"robots\" content=\"index, follow, max-snippet:-1, max-image-preview:large, max-video-preview:-1\" \/>\n<link rel=\"canonical\" href=\"https:\/\/visitemporda.com\/fr\/planifica\/el-gust-de-lemporda\/marca-de-garantia-productes-de-lemporda\/\" \/>\n<meta property=\"og:locale\" content=\"fr_FR\" \/>\n<meta property=\"og:type\" content=\"article\" \/>\n<meta property=\"og:title\" content=\"Le label de qualit\u00e9 \u00ab Productes de l\u2019Empord\u00e0 \u00bb (Produits de l\u2019Empord\u00e0) - Visit Empord\u00e0\" \/>\n<meta property=\"og:url\" content=\"https:\/\/visitemporda.com\/fr\/planifica\/el-gust-de-lemporda\/marca-de-garantia-productes-de-lemporda\/\" \/>\n<meta property=\"og:site_name\" content=\"Visit Empord\u00e0\" \/>\n<meta property=\"article:publisher\" content=\"https:\/\/www.facebook.com\/baixempordaturisme\" \/>\n<meta property=\"article:modified_time\" content=\"2025-04-17T07:08:39+00:00\" \/>\n<meta property=\"og:image\" content=\"https:\/\/visitemporda.com\/wp-content\/uploads\/2020\/06\/marca-de-garantia.jpg\" \/>\n\t<meta property=\"og:image:width\" content=\"1554\" \/>\n\t<meta property=\"og:image:height\" content=\"1030\" \/>\n\t<meta property=\"og:image:type\" content=\"image\/jpeg\" \/>\n<meta name=\"twitter:card\" content=\"summary_large_image\" \/>\n<meta name=\"twitter:site\" content=\"@baixemporda_tur\" \/>\n<meta name=\"twitter:label1\" content=\"Dur\u00e9e de lecture estim\u00e9e\" \/>\n\t<meta name=\"twitter:data1\" content=\"1 minute\" \/>\n<script type=\"application\/ld+json\" class=\"yoast-schema-graph\">{\"@context\":\"https:\\\/\\\/schema.org\",\"@graph\":[{\"@type\":\"WebPage\",\"@id\":\"https:\\\/\\\/visitemporda.com\\\/fr\\\/planifica\\\/el-gust-de-lemporda\\\/marca-de-garantia-productes-de-lemporda\\\/\",\"url\":\"https:\\\/\\\/visitemporda.com\\\/fr\\\/planifica\\\/el-gust-de-lemporda\\\/marca-de-garantia-productes-de-lemporda\\\/\",\"name\":\"Le label de qualit\u00e9 \u00ab Productes de l\u2019Empord\u00e0 \u00bb (Produits de l\u2019Empord\u00e0) - Visit Empord\u00e0\",\"isPartOf\":{\"@id\":\"https:\\\/\\\/visitemporda.com\\\/fr\\\/#website\"},\"primaryImageOfPage\":{\"@id\":\"https:\\\/\\\/visitemporda.com\\\/fr\\\/planifica\\\/el-gust-de-lemporda\\\/marca-de-garantia-productes-de-lemporda\\\/#primaryimage\"},\"image\":{\"@id\":\"https:\\\/\\\/visitemporda.com\\\/fr\\\/planifica\\\/el-gust-de-lemporda\\\/marca-de-garantia-productes-de-lemporda\\\/#primaryimage\"},\"thumbnailUrl\":\"https:\\\/\\\/visitemporda.com\\\/wp-content\\\/uploads\\\/2020\\\/06\\\/marca-de-garantia.jpg\",\"datePublished\":\"2019-08-05T11:48:07+00:00\",\"dateModified\":\"2025-04-17T07:08:39+00:00\",\"breadcrumb\":{\"@id\":\"https:\\\/\\\/visitemporda.com\\\/fr\\\/planifica\\\/el-gust-de-lemporda\\\/marca-de-garantia-productes-de-lemporda\\\/#breadcrumb\"},\"inLanguage\":\"fr-FR\",\"potentialAction\":[{\"@type\":\"ReadAction\",\"target\":[\"https:\\\/\\\/visitemporda.com\\\/fr\\\/planifica\\\/el-gust-de-lemporda\\\/marca-de-garantia-productes-de-lemporda\\\/\"]}]},{\"@type\":\"ImageObject\",\"inLanguage\":\"fr-FR\",\"@id\":\"https:\\\/\\\/visitemporda.com\\\/fr\\\/planifica\\\/el-gust-de-lemporda\\\/marca-de-garantia-productes-de-lemporda\\\/#primaryimage\",\"url\":\"https:\\\/\\\/visitemporda.com\\\/wp-content\\\/uploads\\\/2020\\\/06\\\/marca-de-garantia.jpg\",\"contentUrl\":\"https:\\\/\\\/visitemporda.com\\\/wp-content\\\/uploads\\\/2020\\\/06\\\/marca-de-garantia.jpg\",\"width\":1554,\"height\":1030,\"caption\":\"logotip de la marca de garantia productes de l'empord\u00e0. lletra e min\u00fascula i gran de color blanc i fons verd amb les paraules productes de en verd i vertical i la paraula l'Empord\u00e0 a sota en horitzontal a sota la e en color verd.\"},{\"@type\":\"BreadcrumbList\",\"@id\":\"https:\\\/\\\/visitemporda.com\\\/fr\\\/planifica\\\/el-gust-de-lemporda\\\/marca-de-garantia-productes-de-lemporda\\\/#breadcrumb\",\"itemListElement\":[{\"@type\":\"ListItem\",\"position\":1,\"name\":\"Inici\",\"item\":\"https:\\\/\\\/visitemporda.com\\\/fr\\\/\"},{\"@type\":\"ListItem\",\"position\":2,\"name\":\"Planifiquez\",\"item\":\"https:\\\/\\\/visitemporda.com\\\/fr\\\/planifica\\\/\"},{\"@type\":\"ListItem\",\"position\":3,\"name\":\"Le go\u00fbt de l\u2019Empord\u00e0\",\"item\":\"https:\\\/\\\/visitemporda.com\\\/fr\\\/planifica\\\/el-gust-de-lemporda\\\/\"},{\"@type\":\"ListItem\",\"position\":4,\"name\":\"Le label de qualit\u00e9 \u00ab Productes de l\u2019Empord\u00e0 \u00bb (Produits de l\u2019Empord\u00e0)\"}]},{\"@type\":\"WebSite\",\"@id\":\"https:\\\/\\\/visitemporda.com\\\/fr\\\/#website\",\"url\":\"https:\\\/\\\/visitemporda.com\\\/fr\\\/\",\"name\":\"Visit Empord\u00e0\",\"description\":\"Site officiel du tourisme du Baix Empord\u00e0\",\"publisher\":{\"@id\":\"https:\\\/\\\/visitemporda.com\\\/fr\\\/#organization\"},\"potentialAction\":[{\"@type\":\"SearchAction\",\"target\":{\"@type\":\"EntryPoint\",\"urlTemplate\":\"https:\\\/\\\/visitemporda.com\\\/fr\\\/?s={search_term_string}\"},\"query-input\":{\"@type\":\"PropertyValueSpecification\",\"valueRequired\":true,\"valueName\":\"search_term_string\"}}],\"inLanguage\":\"fr-FR\"},{\"@type\":\"Organization\",\"@id\":\"https:\\\/\\\/visitemporda.com\\\/fr\\\/#organization\",\"name\":\"Consell Comarcal del Baix Empord\u00e0\",\"url\":\"https:\\\/\\\/visitemporda.com\\\/fr\\\/\",\"logo\":{\"@type\":\"ImageObject\",\"inLanguage\":\"fr-FR\",\"@id\":\"https:\\\/\\\/visitemporda.com\\\/fr\\\/#\\\/schema\\\/logo\\\/image\\\/\",\"url\":\"https:\\\/\\\/visitemporda.com\\\/wp-content\\\/uploads\\\/2024\\\/11\\\/Logotip_CCBE.png\",\"contentUrl\":\"https:\\\/\\\/visitemporda.com\\\/wp-content\\\/uploads\\\/2024\\\/11\\\/Logotip_CCBE.png\",\"width\":3617,\"height\":3617,\"caption\":\"Consell Comarcal del Baix Empord\u00e0\"},\"image\":{\"@id\":\"https:\\\/\\\/visitemporda.com\\\/fr\\\/#\\\/schema\\\/logo\\\/image\\\/\"},\"sameAs\":[\"https:\\\/\\\/www.facebook.com\\\/baixempordaturisme\",\"https:\\\/\\\/x.com\\\/baixemporda_tur\",\"https:\\\/\\\/www.instagram.com\\\/visitemporda\"]}]}<\/script>\n<!-- \/ Yoast SEO plugin. -->","yoast_head_json":{"title":"Le label de qualit\u00e9 \u00ab Productes de l\u2019Empord\u00e0 \u00bb (Produits de l\u2019Empord\u00e0) - Visit Empord\u00e0","robots":{"index":"index","follow":"follow","max-snippet":"max-snippet:-1","max-image-preview":"max-image-preview:large","max-video-preview":"max-video-preview:-1"},"canonical":"https:\/\/visitemporda.com\/fr\/planifica\/el-gust-de-lemporda\/marca-de-garantia-productes-de-lemporda\/","og_locale":"fr_FR","og_type":"article","og_title":"Le label de qualit\u00e9 \u00ab Productes de l\u2019Empord\u00e0 \u00bb (Produits de l\u2019Empord\u00e0) - Visit Empord\u00e0","og_url":"https:\/\/visitemporda.com\/fr\/planifica\/el-gust-de-lemporda\/marca-de-garantia-productes-de-lemporda\/","og_site_name":"Visit Empord\u00e0","article_publisher":"https:\/\/www.facebook.com\/baixempordaturisme","article_modified_time":"2025-04-17T07:08:39+00:00","og_image":[{"width":1554,"height":1030,"url":"https:\/\/visitemporda.com\/wp-content\/uploads\/2020\/06\/marca-de-garantia.jpg","type":"image\/jpeg"}],"twitter_card":"summary_large_image","twitter_site":"@baixemporda_tur","twitter_misc":{"Dur\u00e9e de lecture estim\u00e9e":"1 minute"},"schema":{"@context":"https:\/\/schema.org","@graph":[{"@type":"WebPage","@id":"https:\/\/visitemporda.com\/fr\/planifica\/el-gust-de-lemporda\/marca-de-garantia-productes-de-lemporda\/","url":"https:\/\/visitemporda.com\/fr\/planifica\/el-gust-de-lemporda\/marca-de-garantia-productes-de-lemporda\/","name":"Le label de qualit\u00e9 \u00ab Productes de l\u2019Empord\u00e0 \u00bb (Produits de l\u2019Empord\u00e0) - Visit Empord\u00e0","isPartOf":{"@id":"https:\/\/visitemporda.com\/fr\/#website"},"primaryImageOfPage":{"@id":"https:\/\/visitemporda.com\/fr\/planifica\/el-gust-de-lemporda\/marca-de-garantia-productes-de-lemporda\/#primaryimage"},"image":{"@id":"https:\/\/visitemporda.com\/fr\/planifica\/el-gust-de-lemporda\/marca-de-garantia-productes-de-lemporda\/#primaryimage"},"thumbnailUrl":"https:\/\/visitemporda.com\/wp-content\/uploads\/2020\/06\/marca-de-garantia.jpg","datePublished":"2019-08-05T11:48:07+00:00","dateModified":"2025-04-17T07:08:39+00:00","breadcrumb":{"@id":"https:\/\/visitemporda.com\/fr\/planifica\/el-gust-de-lemporda\/marca-de-garantia-productes-de-lemporda\/#breadcrumb"},"inLanguage":"fr-FR","potentialAction":[{"@type":"ReadAction","target":["https:\/\/visitemporda.com\/fr\/planifica\/el-gust-de-lemporda\/marca-de-garantia-productes-de-lemporda\/"]}]},{"@type":"ImageObject","inLanguage":"fr-FR","@id":"https:\/\/visitemporda.com\/fr\/planifica\/el-gust-de-lemporda\/marca-de-garantia-productes-de-lemporda\/#primaryimage","url":"https:\/\/visitemporda.com\/wp-content\/uploads\/2020\/06\/marca-de-garantia.jpg","contentUrl":"https:\/\/visitemporda.com\/wp-content\/uploads\/2020\/06\/marca-de-garantia.jpg","width":1554,"height":1030,"caption":"logotip de la marca de garantia productes de l'empord\u00e0. lletra e min\u00fascula i gran de color blanc i fons verd amb les paraules productes de en verd i vertical i la paraula l'Empord\u00e0 a sota en horitzontal a sota la e en color verd."},{"@type":"BreadcrumbList","@id":"https:\/\/visitemporda.com\/fr\/planifica\/el-gust-de-lemporda\/marca-de-garantia-productes-de-lemporda\/#breadcrumb","itemListElement":[{"@type":"ListItem","position":1,"name":"Inici","item":"https:\/\/visitemporda.com\/fr\/"},{"@type":"ListItem","position":2,"name":"Planifiquez","item":"https:\/\/visitemporda.com\/fr\/planifica\/"},{"@type":"ListItem","position":3,"name":"Le go\u00fbt de l\u2019Empord\u00e0","item":"https:\/\/visitemporda.com\/fr\/planifica\/el-gust-de-lemporda\/"},{"@type":"ListItem","position":4,"name":"Le label de qualit\u00e9 \u00ab Productes de l\u2019Empord\u00e0 \u00bb (Produits de l\u2019Empord\u00e0)"}]},{"@type":"WebSite","@id":"https:\/\/visitemporda.com\/fr\/#website","url":"https:\/\/visitemporda.com\/fr\/","name":"Visit Empord\u00e0","description":"Site officiel du tourisme du Baix Empord\u00e0","publisher":{"@id":"https:\/\/visitemporda.com\/fr\/#organization"},"potentialAction":[{"@type":"SearchAction","target":{"@type":"EntryPoint","urlTemplate":"https:\/\/visitemporda.com\/fr\/?s={search_term_string}"},"query-input":{"@type":"PropertyValueSpecification","valueRequired":true,"valueName":"search_term_string"}}],"inLanguage":"fr-FR"},{"@type":"Organization","@id":"https:\/\/visitemporda.com\/fr\/#organization","name":"Consell Comarcal del Baix Empord\u00e0","url":"https:\/\/visitemporda.com\/fr\/","logo":{"@type":"ImageObject","inLanguage":"fr-FR","@id":"https:\/\/visitemporda.com\/fr\/#\/schema\/logo\/image\/","url":"https:\/\/visitemporda.com\/wp-content\/uploads\/2024\/11\/Logotip_CCBE.png","contentUrl":"https:\/\/visitemporda.com\/wp-content\/uploads\/2024\/11\/Logotip_CCBE.png","width":3617,"height":3617,"caption":"Consell Comarcal del Baix Empord\u00e0"},"image":{"@id":"https:\/\/visitemporda.com\/fr\/#\/schema\/logo\/image\/"},"sameAs":["https:\/\/www.facebook.com\/baixempordaturisme","https:\/\/x.com\/baixemporda_tur","https:\/\/www.instagram.com\/visitemporda"]}]}},"_links":{"self":[{"href":"https:\/\/visitemporda.com\/fr\/wp-json\/wp\/v2\/pages\/20703","targetHints":{"allow":["GET"]}}],"collection":[{"href":"https:\/\/visitemporda.com\/fr\/wp-json\/wp\/v2\/pages"}],"about":[{"href":"https:\/\/visitemporda.com\/fr\/wp-json\/wp\/v2\/types\/page"}],"author":[{"embeddable":true,"href":"https:\/\/visitemporda.com\/fr\/wp-json\/wp\/v2\/users\/2"}],"replies":[{"embeddable":true,"href":"https:\/\/visitemporda.com\/fr\/wp-json\/wp\/v2\/comments?post=20703"}],"version-history":[{"count":6,"href":"https:\/\/visitemporda.com\/fr\/wp-json\/wp\/v2\/pages\/20703\/revisions"}],"predecessor-version":[{"id":50029,"href":"https:\/\/visitemporda.com\/fr\/wp-json\/wp\/v2\/pages\/20703\/revisions\/50029"}],"up":[{"embeddable":true,"href":"https:\/\/visitemporda.com\/fr\/wp-json\/wp\/v2\/pages\/19923"}],"wp:featuredmedia":[{"embeddable":true,"href":"https:\/\/visitemporda.com\/fr\/wp-json\/wp\/v2\/media\/17328"}],"wp:attachment":[{"href":"https:\/\/visitemporda.com\/fr\/wp-json\/wp\/v2\/media?parent=20703"}],"curies":[{"name":"wp","href":"https:\/\/api.w.org\/{rel}","templated":true}]}}