

{"id":19815,"date":"2019-10-08T16:44:29","date_gmt":"2019-10-08T14:44:29","guid":{"rendered":"http:\/\/visitemporda.com\/propostes\/propostes-en-familia\/"},"modified":"2021-05-12T11:49:34","modified_gmt":"2021-05-12T09:49:34","slug":"propostes-en-familia","status":"publish","type":"page","link":"https:\/\/visitemporda.com\/fr\/recomenacions\/propostes\/propostes-en-familia\/","title":{"rendered":"Propositions en famille"},"content":{"rendered":"<p>Le Baix Empord\u00e0 est familial. Les caract\u00e9ristiques physiques du canton aux reliefs doux et aux grandes plages sont id\u00e9ales pour passer de bons moments en famille. Les espaces naturels baix-ampourdanais fourmillent de coins surprenants \u00e0 d\u00e9couvrir. De nombreux \u00e9tablissements culturels disposent d\u2019espaces et d\u2019activit\u00e9s con\u00e7ues pour les plus petits. Un \u00e9ventail de loisirs et une gamme de services sp\u00e9cialis\u00e9e apportent la touche finale \u00e0 des vacances id\u00e9ales en famille.<\/p>\n<p>En outre, les communes de Torroella de Montgr\u00ed \u2013 L\u2019Estartit, Calonge i Sant Antoni, Castell \u2013 Platja d\u2019Aro et S\u2019Agar\u00f3 et Sant Feliu de Gu\u00edxols sont sp\u00e9cialis\u00e9es et certifi\u00e9es <strong>Plage en Famille<\/strong>. Ce label distingue les destinations et les entreprises qui disposent d\u2019une offre adapt\u00e9e aux besoins des diff\u00e9rentes familles. Il garantit, parmi d\u2019autres services, un programme d\u2019activit\u00e9s ludiques sportives en plein air, un club enfant, des panneaux d\u2019informations, des signalisations sur les plages, un service de premiers secours, etc&#8230;<\/p>\n<p>Appr\u00e9cier la nature, revivre l&rsquo;histoire, apprendre \u00e0 conna\u00eetre notre gastronomie et comprendre le pass\u00e9 et le pr\u00e9sent de notre r\u00e9gion sont quelques-unes des exp\u00e9riences que vous aurez l&rsquo;occasion de vivre ici et que vous pourrez r\u00e9aliser toute l&rsquo;ann\u00e9e.<\/p>\n","protected":false},"excerpt":{"rendered":"<p>Le Baix Empord\u00e0 est familial. Les caract\u00e9ristiques physiques du canton aux reliefs doux et aux grandes plages sont id\u00e9ales pour passer de bons moments en famille. Les espaces naturels baix-ampourdanais fourmillent de coins surprenants \u00e0 d\u00e9couvrir. De nombreux \u00e9tablissements culturels disposent d\u2019espaces et d\u2019activit\u00e9s con\u00e7ues pour les plus petits. Un \u00e9ventail de loisirs et une [&hellip;]<\/p>\n","protected":false},"author":2,"featured_media":7631,"parent":19770,"menu_order":0,"comment_status":"closed","ping_status":"closed","template":"page-templates\/estil_2.php","meta":{"_acf_changed":false,"footnotes":""},"class_list":["post-19815","page","type-page","status-publish","has-post-thumbnail","hentry"],"acf":[],"yoast_head":"<!-- This site is optimized with the Yoast SEO plugin v27.3 - https:\/\/yoast.com\/product\/yoast-seo-wordpress\/ -->\n<title>Propositions en famille - Visit Empord\u00e0<\/title>\n<meta name=\"robots\" content=\"index, follow, max-snippet:-1, max-image-preview:large, max-video-preview:-1\" \/>\n<link rel=\"canonical\" href=\"https:\/\/visitemporda.com\/fr\/recomenacions\/propostes\/propostes-en-familia\/\" \/>\n<meta property=\"og:locale\" content=\"fr_FR\" \/>\n<meta property=\"og:type\" content=\"article\" \/>\n<meta property=\"og:title\" content=\"Propositions en famille - Visit Empord\u00e0\" \/>\n<meta property=\"og:description\" content=\"Le Baix Empord\u00e0 est familial. Les caract\u00e9ristiques physiques du canton aux reliefs doux et aux grandes plages sont id\u00e9ales pour passer de bons moments en famille. Les espaces naturels baix-ampourdanais fourmillent de coins surprenants \u00e0 d\u00e9couvrir. De nombreux \u00e9tablissements culturels disposent d\u2019espaces et d\u2019activit\u00e9s con\u00e7ues pour les plus petits. Un \u00e9ventail de loisirs et une [&hellip;]\" \/>\n<meta property=\"og:url\" content=\"https:\/\/visitemporda.com\/fr\/recomenacions\/propostes\/propostes-en-familia\/\" \/>\n<meta property=\"og:site_name\" content=\"Visit Empord\u00e0\" \/>\n<meta property=\"article:publisher\" content=\"https:\/\/www.facebook.com\/baixempordaturisme\" \/>\n<meta property=\"article:modified_time\" content=\"2021-05-12T09:49:34+00:00\" \/>\n<meta property=\"og:image\" content=\"https:\/\/visitemporda.com\/wp-content\/uploads\/2019\/10\/SFG-turisme-familiar-cami\u00a6\u00fc-de-ronda-0641-1024x682.jpg\" \/>\n\t<meta property=\"og:image:width\" content=\"1024\" \/>\n\t<meta property=\"og:image:height\" content=\"682\" \/>\n\t<meta property=\"og:image:type\" content=\"image\/jpeg\" \/>\n<meta name=\"twitter:card\" content=\"summary_large_image\" \/>\n<meta name=\"twitter:site\" content=\"@baixemporda_tur\" \/>\n<meta name=\"twitter:label1\" content=\"Dur\u00e9e de lecture estim\u00e9e\" \/>\n\t<meta name=\"twitter:data1\" content=\"1 minute\" \/>\n<script type=\"application\/ld+json\" class=\"yoast-schema-graph\">{\"@context\":\"https:\\\/\\\/schema.org\",\"@graph\":[{\"@type\":\"WebPage\",\"@id\":\"https:\\\/\\\/visitemporda.com\\\/fr\\\/recomenacions\\\/propostes\\\/propostes-en-familia\\\/\",\"url\":\"https:\\\/\\\/visitemporda.com\\\/fr\\\/recomenacions\\\/propostes\\\/propostes-en-familia\\\/\",\"name\":\"Propositions en famille - Visit Empord\u00e0\",\"isPartOf\":{\"@id\":\"https:\\\/\\\/visitemporda.com\\\/fr\\\/#website\"},\"primaryImageOfPage\":{\"@id\":\"https:\\\/\\\/visitemporda.com\\\/fr\\\/recomenacions\\\/propostes\\\/propostes-en-familia\\\/#primaryimage\"},\"image\":{\"@id\":\"https:\\\/\\\/visitemporda.com\\\/fr\\\/recomenacions\\\/propostes\\\/propostes-en-familia\\\/#primaryimage\"},\"thumbnailUrl\":\"https:\\\/\\\/visitemporda.com\\\/wp-content\\\/uploads\\\/2019\\\/10\\\/SFG-turisme-familiar-cami\u00a6\u00fc-de-ronda-0641.jpg\",\"datePublished\":\"2019-10-08T14:44:29+00:00\",\"dateModified\":\"2021-05-12T09:49:34+00:00\",\"breadcrumb\":{\"@id\":\"https:\\\/\\\/visitemporda.com\\\/fr\\\/recomenacions\\\/propostes\\\/propostes-en-familia\\\/#breadcrumb\"},\"inLanguage\":\"fr-FR\",\"potentialAction\":[{\"@type\":\"ReadAction\",\"target\":[\"https:\\\/\\\/visitemporda.com\\\/fr\\\/recomenacions\\\/propostes\\\/propostes-en-familia\\\/\"]}]},{\"@type\":\"ImageObject\",\"inLanguage\":\"fr-FR\",\"@id\":\"https:\\\/\\\/visitemporda.com\\\/fr\\\/recomenacions\\\/propostes\\\/propostes-en-familia\\\/#primaryimage\",\"url\":\"https:\\\/\\\/visitemporda.com\\\/wp-content\\\/uploads\\\/2019\\\/10\\\/SFG-turisme-familiar-cami\u00a6\u00fc-de-ronda-0641.jpg\",\"contentUrl\":\"https:\\\/\\\/visitemporda.com\\\/wp-content\\\/uploads\\\/2019\\\/10\\\/SFG-turisme-familiar-cami\u00a6\u00fc-de-ronda-0641.jpg\",\"width\":4000,\"height\":2666,\"caption\":\"campanya turisme familiar, ajuntament St. Feliu de Gu\u00edxols.\"},{\"@type\":\"BreadcrumbList\",\"@id\":\"https:\\\/\\\/visitemporda.com\\\/fr\\\/recomenacions\\\/propostes\\\/propostes-en-familia\\\/#breadcrumb\",\"itemListElement\":[{\"@type\":\"ListItem\",\"position\":1,\"name\":\"Inici\",\"item\":\"https:\\\/\\\/visitemporda.com\\\/fr\\\/\"},{\"@type\":\"ListItem\",\"position\":2,\"name\":\"Recommandations\",\"item\":\"https:\\\/\\\/visitemporda.com\\\/fr\\\/recomenacions\\\/\"},{\"@type\":\"ListItem\",\"position\":3,\"name\":\"Quoi faire\",\"item\":\"https:\\\/\\\/visitemporda.com\\\/fr\\\/recomenacions\\\/propostes\\\/\"},{\"@type\":\"ListItem\",\"position\":4,\"name\":\"Propositions en famille\"}]},{\"@type\":\"WebSite\",\"@id\":\"https:\\\/\\\/visitemporda.com\\\/fr\\\/#website\",\"url\":\"https:\\\/\\\/visitemporda.com\\\/fr\\\/\",\"name\":\"Visit Empord\u00e0\",\"description\":\"Site officiel du tourisme du Baix Empord\u00e0\",\"publisher\":{\"@id\":\"https:\\\/\\\/visitemporda.com\\\/fr\\\/#organization\"},\"potentialAction\":[{\"@type\":\"SearchAction\",\"target\":{\"@type\":\"EntryPoint\",\"urlTemplate\":\"https:\\\/\\\/visitemporda.com\\\/fr\\\/?s={search_term_string}\"},\"query-input\":{\"@type\":\"PropertyValueSpecification\",\"valueRequired\":true,\"valueName\":\"search_term_string\"}}],\"inLanguage\":\"fr-FR\"},{\"@type\":\"Organization\",\"@id\":\"https:\\\/\\\/visitemporda.com\\\/fr\\\/#organization\",\"name\":\"Consell Comarcal del Baix Empord\u00e0\",\"url\":\"https:\\\/\\\/visitemporda.com\\\/fr\\\/\",\"logo\":{\"@type\":\"ImageObject\",\"inLanguage\":\"fr-FR\",\"@id\":\"https:\\\/\\\/visitemporda.com\\\/fr\\\/#\\\/schema\\\/logo\\\/image\\\/\",\"url\":\"https:\\\/\\\/visitemporda.com\\\/wp-content\\\/uploads\\\/2024\\\/11\\\/Logotip_CCBE.png\",\"contentUrl\":\"https:\\\/\\\/visitemporda.com\\\/wp-content\\\/uploads\\\/2024\\\/11\\\/Logotip_CCBE.png\",\"width\":3617,\"height\":3617,\"caption\":\"Consell Comarcal del Baix Empord\u00e0\"},\"image\":{\"@id\":\"https:\\\/\\\/visitemporda.com\\\/fr\\\/#\\\/schema\\\/logo\\\/image\\\/\"},\"sameAs\":[\"https:\\\/\\\/www.facebook.com\\\/baixempordaturisme\",\"https:\\\/\\\/x.com\\\/baixemporda_tur\",\"https:\\\/\\\/www.instagram.com\\\/visitemporda\"]}]}<\/script>\n<!-- \/ Yoast SEO plugin. -->","yoast_head_json":{"title":"Propositions en famille - Visit Empord\u00e0","robots":{"index":"index","follow":"follow","max-snippet":"max-snippet:-1","max-image-preview":"max-image-preview:large","max-video-preview":"max-video-preview:-1"},"canonical":"https:\/\/visitemporda.com\/fr\/recomenacions\/propostes\/propostes-en-familia\/","og_locale":"fr_FR","og_type":"article","og_title":"Propositions en famille - Visit Empord\u00e0","og_description":"Le Baix Empord\u00e0 est familial. Les caract\u00e9ristiques physiques du canton aux reliefs doux et aux grandes plages sont id\u00e9ales pour passer de bons moments en famille. Les espaces naturels baix-ampourdanais fourmillent de coins surprenants \u00e0 d\u00e9couvrir. De nombreux \u00e9tablissements culturels disposent d\u2019espaces et d\u2019activit\u00e9s con\u00e7ues pour les plus petits. Un \u00e9ventail de loisirs et une [&hellip;]","og_url":"https:\/\/visitemporda.com\/fr\/recomenacions\/propostes\/propostes-en-familia\/","og_site_name":"Visit Empord\u00e0","article_publisher":"https:\/\/www.facebook.com\/baixempordaturisme","article_modified_time":"2021-05-12T09:49:34+00:00","og_image":[{"width":1024,"height":682,"url":"https:\/\/visitemporda.com\/wp-content\/uploads\/2019\/10\/SFG-turisme-familiar-cami\u00a6\u00fc-de-ronda-0641-1024x682.jpg","type":"image\/jpeg"}],"twitter_card":"summary_large_image","twitter_site":"@baixemporda_tur","twitter_misc":{"Dur\u00e9e de lecture estim\u00e9e":"1 minute"},"schema":{"@context":"https:\/\/schema.org","@graph":[{"@type":"WebPage","@id":"https:\/\/visitemporda.com\/fr\/recomenacions\/propostes\/propostes-en-familia\/","url":"https:\/\/visitemporda.com\/fr\/recomenacions\/propostes\/propostes-en-familia\/","name":"Propositions en famille - Visit Empord\u00e0","isPartOf":{"@id":"https:\/\/visitemporda.com\/fr\/#website"},"primaryImageOfPage":{"@id":"https:\/\/visitemporda.com\/fr\/recomenacions\/propostes\/propostes-en-familia\/#primaryimage"},"image":{"@id":"https:\/\/visitemporda.com\/fr\/recomenacions\/propostes\/propostes-en-familia\/#primaryimage"},"thumbnailUrl":"https:\/\/visitemporda.com\/wp-content\/uploads\/2019\/10\/SFG-turisme-familiar-cami\u00a6\u00fc-de-ronda-0641.jpg","datePublished":"2019-10-08T14:44:29+00:00","dateModified":"2021-05-12T09:49:34+00:00","breadcrumb":{"@id":"https:\/\/visitemporda.com\/fr\/recomenacions\/propostes\/propostes-en-familia\/#breadcrumb"},"inLanguage":"fr-FR","potentialAction":[{"@type":"ReadAction","target":["https:\/\/visitemporda.com\/fr\/recomenacions\/propostes\/propostes-en-familia\/"]}]},{"@type":"ImageObject","inLanguage":"fr-FR","@id":"https:\/\/visitemporda.com\/fr\/recomenacions\/propostes\/propostes-en-familia\/#primaryimage","url":"https:\/\/visitemporda.com\/wp-content\/uploads\/2019\/10\/SFG-turisme-familiar-cami\u00a6\u00fc-de-ronda-0641.jpg","contentUrl":"https:\/\/visitemporda.com\/wp-content\/uploads\/2019\/10\/SFG-turisme-familiar-cami\u00a6\u00fc-de-ronda-0641.jpg","width":4000,"height":2666,"caption":"campanya turisme familiar, ajuntament St. Feliu de Gu\u00edxols."},{"@type":"BreadcrumbList","@id":"https:\/\/visitemporda.com\/fr\/recomenacions\/propostes\/propostes-en-familia\/#breadcrumb","itemListElement":[{"@type":"ListItem","position":1,"name":"Inici","item":"https:\/\/visitemporda.com\/fr\/"},{"@type":"ListItem","position":2,"name":"Recommandations","item":"https:\/\/visitemporda.com\/fr\/recomenacions\/"},{"@type":"ListItem","position":3,"name":"Quoi faire","item":"https:\/\/visitemporda.com\/fr\/recomenacions\/propostes\/"},{"@type":"ListItem","position":4,"name":"Propositions en famille"}]},{"@type":"WebSite","@id":"https:\/\/visitemporda.com\/fr\/#website","url":"https:\/\/visitemporda.com\/fr\/","name":"Visit Empord\u00e0","description":"Site officiel du tourisme du Baix Empord\u00e0","publisher":{"@id":"https:\/\/visitemporda.com\/fr\/#organization"},"potentialAction":[{"@type":"SearchAction","target":{"@type":"EntryPoint","urlTemplate":"https:\/\/visitemporda.com\/fr\/?s={search_term_string}"},"query-input":{"@type":"PropertyValueSpecification","valueRequired":true,"valueName":"search_term_string"}}],"inLanguage":"fr-FR"},{"@type":"Organization","@id":"https:\/\/visitemporda.com\/fr\/#organization","name":"Consell Comarcal del Baix Empord\u00e0","url":"https:\/\/visitemporda.com\/fr\/","logo":{"@type":"ImageObject","inLanguage":"fr-FR","@id":"https:\/\/visitemporda.com\/fr\/#\/schema\/logo\/image\/","url":"https:\/\/visitemporda.com\/wp-content\/uploads\/2024\/11\/Logotip_CCBE.png","contentUrl":"https:\/\/visitemporda.com\/wp-content\/uploads\/2024\/11\/Logotip_CCBE.png","width":3617,"height":3617,"caption":"Consell Comarcal del Baix Empord\u00e0"},"image":{"@id":"https:\/\/visitemporda.com\/fr\/#\/schema\/logo\/image\/"},"sameAs":["https:\/\/www.facebook.com\/baixempordaturisme","https:\/\/x.com\/baixemporda_tur","https:\/\/www.instagram.com\/visitemporda"]}]}},"_links":{"self":[{"href":"https:\/\/visitemporda.com\/fr\/wp-json\/wp\/v2\/pages\/19815","targetHints":{"allow":["GET"]}}],"collection":[{"href":"https:\/\/visitemporda.com\/fr\/wp-json\/wp\/v2\/pages"}],"about":[{"href":"https:\/\/visitemporda.com\/fr\/wp-json\/wp\/v2\/types\/page"}],"author":[{"embeddable":true,"href":"https:\/\/visitemporda.com\/fr\/wp-json\/wp\/v2\/users\/2"}],"replies":[{"embeddable":true,"href":"https:\/\/visitemporda.com\/fr\/wp-json\/wp\/v2\/comments?post=19815"}],"version-history":[{"count":4,"href":"https:\/\/visitemporda.com\/fr\/wp-json\/wp\/v2\/pages\/19815\/revisions"}],"predecessor-version":[{"id":30103,"href":"https:\/\/visitemporda.com\/fr\/wp-json\/wp\/v2\/pages\/19815\/revisions\/30103"}],"up":[{"embeddable":true,"href":"https:\/\/visitemporda.com\/fr\/wp-json\/wp\/v2\/pages\/19770"}],"wp:featuredmedia":[{"embeddable":true,"href":"https:\/\/visitemporda.com\/fr\/wp-json\/wp\/v2\/media\/7631"}],"wp:attachment":[{"href":"https:\/\/visitemporda.com\/fr\/wp-json\/wp\/v2\/media?parent=19815"}],"curies":[{"name":"wp","href":"https:\/\/api.w.org\/{rel}","templated":true}]}}