

{"id":19811,"date":"2019-12-31T11:29:52","date_gmt":"2019-12-31T10:29:52","guid":{"rendered":"http:\/\/visitemporda.com\/propostes\/territori-i-natura\/les-8-proposts-a-laire-lliure\/paratge-de-fitor\/"},"modified":"2020-09-16T14:57:26","modified_gmt":"2020-09-16T12:57:26","slug":"paratge-de-fitor","status":"publish","type":"page","link":"https:\/\/visitemporda.com\/fr\/recomenacions\/propostes\/territori-i-natura\/les-8-proposts-a-laire-lliure\/paratge-de-fitor\/","title":{"rendered":"Paratge de Fitor"},"content":{"rendered":"<p>Le paratge de Fitor repr\u00e9sente une oasis dans les Gavarres. Un grand espace, ouvert, surgi d\u2019entre les for\u00eats et domin\u00e9 par l\u2019\u00e9glise de Santa Coloma de Fitor. Cette construction d\u2019origine romane est accompagn\u00e9e par l\u2019\u00e9difice du vicariat, aujourd\u2019hui transform\u00e9 en un petit et simple espace d&rsquo;accueil. Elle est entour\u00e9e de zones vertes et d\u2019espaces qui invitent au repos, ainsi que quelques dolmens et d\u2019autres m\u00e9galithes.<\/p>\n<p>Cet endroit est un espace embl\u00e9matique du canton, accessible depuis Mont-ras, Sant Climent de Peralta ou Fonteta. Il est possible de s\u2019y rendre en voiture depuis ces villages. La prudence est de mise puisque le visiteur circulera sur des routes foresti\u00e8res qui ne sont peut-\u00eatre pas toujours bien entretenues.<\/p>\n<p>Le sentier PR-104\u00a0permet aussi de s\u2019y rendre depuis Fonteta. Des itin\u00e9raires en v\u00e9lo tout terrain (VTT) y passent \u00e9galement. C\u2019est le cas des itin\u00e9raires\u00a025,\u00a026\u00a0ou\u00a027.<\/p>\n","protected":false},"excerpt":{"rendered":"<p>Le paratge de Fitor repr\u00e9sente une oasis dans les Gavarres. Un grand espace, ouvert, surgi d\u2019entre les for\u00eats et domin\u00e9 par l\u2019\u00e9glise de Santa Coloma de Fitor. Cette construction d\u2019origine romane est accompagn\u00e9e par l\u2019\u00e9difice du vicariat, aujourd\u2019hui transform\u00e9 en un petit et simple espace d&rsquo;accueil. Elle est entour\u00e9e de zones vertes et d\u2019espaces qui [&hellip;]<\/p>\n","protected":false},"author":2,"featured_media":13949,"parent":19798,"menu_order":0,"comment_status":"closed","ping_status":"closed","template":"page-templates\/fitxa-campanyes-gastronomiques.php","meta":{"_acf_changed":false,"footnotes":""},"class_list":["post-19811","page","type-page","status-publish","has-post-thumbnail","hentry"],"acf":[],"yoast_head":"<!-- This site is optimized with the Yoast SEO plugin v27.5 - https:\/\/yoast.com\/product\/yoast-seo-wordpress\/ -->\n<title>Paratge de Fitor - Visit Empord\u00e0<\/title>\n<meta name=\"robots\" content=\"index, follow, max-snippet:-1, max-image-preview:large, max-video-preview:-1\" \/>\n<link rel=\"canonical\" href=\"https:\/\/visitemporda.com\/fr\/recomenacions\/propostes\/territori-i-natura\/les-8-proposts-a-laire-lliure\/paratge-de-fitor\/\" \/>\n<meta property=\"og:locale\" content=\"fr_FR\" \/>\n<meta property=\"og:type\" content=\"article\" \/>\n<meta property=\"og:title\" content=\"Paratge de Fitor - Visit Empord\u00e0\" \/>\n<meta property=\"og:description\" content=\"Le paratge de Fitor repr\u00e9sente une oasis dans les Gavarres. Un grand espace, ouvert, surgi d\u2019entre les for\u00eats et domin\u00e9 par l\u2019\u00e9glise de Santa Coloma de Fitor. Cette construction d\u2019origine romane est accompagn\u00e9e par l\u2019\u00e9difice du vicariat, aujourd\u2019hui transform\u00e9 en un petit et simple espace d&rsquo;accueil. Elle est entour\u00e9e de zones vertes et d\u2019espaces qui [&hellip;]\" \/>\n<meta property=\"og:url\" content=\"https:\/\/visitemporda.com\/fr\/recomenacions\/propostes\/territori-i-natura\/les-8-proposts-a-laire-lliure\/paratge-de-fitor\/\" \/>\n<meta property=\"og:site_name\" content=\"Visit Empord\u00e0\" \/>\n<meta property=\"article:publisher\" content=\"https:\/\/www.facebook.com\/baixempordaturisme\" \/>\n<meta property=\"article:modified_time\" content=\"2020-09-16T12:57:26+00:00\" \/>\n<meta property=\"og:image\" content=\"https:\/\/visitemporda.com\/wp-content\/uploads\/2019\/12\/FITOR.jpg\" \/>\n\t<meta property=\"og:image:width\" content=\"3000\" \/>\n\t<meta property=\"og:image:height\" content=\"2000\" \/>\n\t<meta property=\"og:image:type\" content=\"image\/jpeg\" \/>\n<meta name=\"twitter:card\" content=\"summary_large_image\" \/>\n<meta name=\"twitter:site\" content=\"@baixemporda_tur\" \/>\n<meta name=\"twitter:label1\" content=\"Dur\u00e9e de lecture estim\u00e9e\" \/>\n\t<meta name=\"twitter:data1\" content=\"1 minute\" \/>\n<script type=\"application\/ld+json\" class=\"yoast-schema-graph\">{\"@context\":\"https:\\\/\\\/schema.org\",\"@graph\":[{\"@type\":\"WebPage\",\"@id\":\"https:\\\/\\\/visitemporda.com\\\/fr\\\/recomenacions\\\/propostes\\\/territori-i-natura\\\/les-8-proposts-a-laire-lliure\\\/paratge-de-fitor\\\/\",\"url\":\"https:\\\/\\\/visitemporda.com\\\/fr\\\/recomenacions\\\/propostes\\\/territori-i-natura\\\/les-8-proposts-a-laire-lliure\\\/paratge-de-fitor\\\/\",\"name\":\"Paratge de Fitor - Visit Empord\u00e0\",\"isPartOf\":{\"@id\":\"https:\\\/\\\/visitemporda.com\\\/fr\\\/#website\"},\"primaryImageOfPage\":{\"@id\":\"https:\\\/\\\/visitemporda.com\\\/fr\\\/recomenacions\\\/propostes\\\/territori-i-natura\\\/les-8-proposts-a-laire-lliure\\\/paratge-de-fitor\\\/#primaryimage\"},\"image\":{\"@id\":\"https:\\\/\\\/visitemporda.com\\\/fr\\\/recomenacions\\\/propostes\\\/territori-i-natura\\\/les-8-proposts-a-laire-lliure\\\/paratge-de-fitor\\\/#primaryimage\"},\"thumbnailUrl\":\"https:\\\/\\\/visitemporda.com\\\/wp-content\\\/uploads\\\/2019\\\/12\\\/FITOR.jpg\",\"datePublished\":\"2019-12-31T10:29:52+00:00\",\"dateModified\":\"2020-09-16T12:57:26+00:00\",\"breadcrumb\":{\"@id\":\"https:\\\/\\\/visitemporda.com\\\/fr\\\/recomenacions\\\/propostes\\\/territori-i-natura\\\/les-8-proposts-a-laire-lliure\\\/paratge-de-fitor\\\/#breadcrumb\"},\"inLanguage\":\"fr-FR\",\"potentialAction\":[{\"@type\":\"ReadAction\",\"target\":[\"https:\\\/\\\/visitemporda.com\\\/fr\\\/recomenacions\\\/propostes\\\/territori-i-natura\\\/les-8-proposts-a-laire-lliure\\\/paratge-de-fitor\\\/\"]}]},{\"@type\":\"ImageObject\",\"inLanguage\":\"fr-FR\",\"@id\":\"https:\\\/\\\/visitemporda.com\\\/fr\\\/recomenacions\\\/propostes\\\/territori-i-natura\\\/les-8-proposts-a-laire-lliure\\\/paratge-de-fitor\\\/#primaryimage\",\"url\":\"https:\\\/\\\/visitemporda.com\\\/wp-content\\\/uploads\\\/2019\\\/12\\\/FITOR.jpg\",\"contentUrl\":\"https:\\\/\\\/visitemporda.com\\\/wp-content\\\/uploads\\\/2019\\\/12\\\/FITOR.jpg\",\"width\":3000,\"height\":2000,\"caption\":\"Esgl\u00e9sia de fitor al fons i un noi amb bicicleta btt que hi va arribant\"},{\"@type\":\"BreadcrumbList\",\"@id\":\"https:\\\/\\\/visitemporda.com\\\/fr\\\/recomenacions\\\/propostes\\\/territori-i-natura\\\/les-8-proposts-a-laire-lliure\\\/paratge-de-fitor\\\/#breadcrumb\",\"itemListElement\":[{\"@type\":\"ListItem\",\"position\":1,\"name\":\"Inici\",\"item\":\"https:\\\/\\\/visitemporda.com\\\/fr\\\/\"},{\"@type\":\"ListItem\",\"position\":2,\"name\":\"Recommandations\",\"item\":\"https:\\\/\\\/visitemporda.com\\\/fr\\\/recomenacions\\\/\"},{\"@type\":\"ListItem\",\"position\":3,\"name\":\"Quoi faire\",\"item\":\"https:\\\/\\\/visitemporda.com\\\/fr\\\/recomenacions\\\/propostes\\\/\"},{\"@type\":\"ListItem\",\"position\":4,\"name\":\"Propositions de nature\",\"item\":\"https:\\\/\\\/visitemporda.com\\\/fr\\\/recomenacions\\\/propostes\\\/territori-i-natura\\\/\"},{\"@type\":\"ListItem\",\"position\":5,\"name\":\"8 propositions \u00e0 l\u2019air libre.\",\"item\":\"https:\\\/\\\/visitemporda.com\\\/fr\\\/recomenacions\\\/propostes\\\/territori-i-natura\\\/les-8-proposts-a-laire-lliure\\\/\"},{\"@type\":\"ListItem\",\"position\":6,\"name\":\"Paratge de Fitor\"}]},{\"@type\":\"WebSite\",\"@id\":\"https:\\\/\\\/visitemporda.com\\\/fr\\\/#website\",\"url\":\"https:\\\/\\\/visitemporda.com\\\/fr\\\/\",\"name\":\"Visit Empord\u00e0\",\"description\":\"Site officiel du tourisme du Baix Empord\u00e0\",\"publisher\":{\"@id\":\"https:\\\/\\\/visitemporda.com\\\/fr\\\/#organization\"},\"potentialAction\":[{\"@type\":\"SearchAction\",\"target\":{\"@type\":\"EntryPoint\",\"urlTemplate\":\"https:\\\/\\\/visitemporda.com\\\/fr\\\/?s={search_term_string}\"},\"query-input\":{\"@type\":\"PropertyValueSpecification\",\"valueRequired\":true,\"valueName\":\"search_term_string\"}}],\"inLanguage\":\"fr-FR\"},{\"@type\":\"Organization\",\"@id\":\"https:\\\/\\\/visitemporda.com\\\/fr\\\/#organization\",\"name\":\"Consell Comarcal del Baix Empord\u00e0\",\"url\":\"https:\\\/\\\/visitemporda.com\\\/fr\\\/\",\"logo\":{\"@type\":\"ImageObject\",\"inLanguage\":\"fr-FR\",\"@id\":\"https:\\\/\\\/visitemporda.com\\\/fr\\\/#\\\/schema\\\/logo\\\/image\\\/\",\"url\":\"https:\\\/\\\/visitemporda.com\\\/wp-content\\\/uploads\\\/2024\\\/11\\\/Logotip_CCBE.png\",\"contentUrl\":\"https:\\\/\\\/visitemporda.com\\\/wp-content\\\/uploads\\\/2024\\\/11\\\/Logotip_CCBE.png\",\"width\":3617,\"height\":3617,\"caption\":\"Consell Comarcal del Baix Empord\u00e0\"},\"image\":{\"@id\":\"https:\\\/\\\/visitemporda.com\\\/fr\\\/#\\\/schema\\\/logo\\\/image\\\/\"},\"sameAs\":[\"https:\\\/\\\/www.facebook.com\\\/baixempordaturisme\",\"https:\\\/\\\/x.com\\\/baixemporda_tur\",\"https:\\\/\\\/www.instagram.com\\\/visitemporda\"]}]}<\/script>\n<!-- \/ Yoast SEO plugin. -->","yoast_head_json":{"title":"Paratge de Fitor - Visit Empord\u00e0","robots":{"index":"index","follow":"follow","max-snippet":"max-snippet:-1","max-image-preview":"max-image-preview:large","max-video-preview":"max-video-preview:-1"},"canonical":"https:\/\/visitemporda.com\/fr\/recomenacions\/propostes\/territori-i-natura\/les-8-proposts-a-laire-lliure\/paratge-de-fitor\/","og_locale":"fr_FR","og_type":"article","og_title":"Paratge de Fitor - Visit Empord\u00e0","og_description":"Le paratge de Fitor repr\u00e9sente une oasis dans les Gavarres. Un grand espace, ouvert, surgi d\u2019entre les for\u00eats et domin\u00e9 par l\u2019\u00e9glise de Santa Coloma de Fitor. Cette construction d\u2019origine romane est accompagn\u00e9e par l\u2019\u00e9difice du vicariat, aujourd\u2019hui transform\u00e9 en un petit et simple espace d&rsquo;accueil. Elle est entour\u00e9e de zones vertes et d\u2019espaces qui [&hellip;]","og_url":"https:\/\/visitemporda.com\/fr\/recomenacions\/propostes\/territori-i-natura\/les-8-proposts-a-laire-lliure\/paratge-de-fitor\/","og_site_name":"Visit Empord\u00e0","article_publisher":"https:\/\/www.facebook.com\/baixempordaturisme","article_modified_time":"2020-09-16T12:57:26+00:00","og_image":[{"width":3000,"height":2000,"url":"https:\/\/visitemporda.com\/wp-content\/uploads\/2019\/12\/FITOR.jpg","type":"image\/jpeg"}],"twitter_card":"summary_large_image","twitter_site":"@baixemporda_tur","twitter_misc":{"Dur\u00e9e de lecture estim\u00e9e":"1 minute"},"schema":{"@context":"https:\/\/schema.org","@graph":[{"@type":"WebPage","@id":"https:\/\/visitemporda.com\/fr\/recomenacions\/propostes\/territori-i-natura\/les-8-proposts-a-laire-lliure\/paratge-de-fitor\/","url":"https:\/\/visitemporda.com\/fr\/recomenacions\/propostes\/territori-i-natura\/les-8-proposts-a-laire-lliure\/paratge-de-fitor\/","name":"Paratge de Fitor - Visit Empord\u00e0","isPartOf":{"@id":"https:\/\/visitemporda.com\/fr\/#website"},"primaryImageOfPage":{"@id":"https:\/\/visitemporda.com\/fr\/recomenacions\/propostes\/territori-i-natura\/les-8-proposts-a-laire-lliure\/paratge-de-fitor\/#primaryimage"},"image":{"@id":"https:\/\/visitemporda.com\/fr\/recomenacions\/propostes\/territori-i-natura\/les-8-proposts-a-laire-lliure\/paratge-de-fitor\/#primaryimage"},"thumbnailUrl":"https:\/\/visitemporda.com\/wp-content\/uploads\/2019\/12\/FITOR.jpg","datePublished":"2019-12-31T10:29:52+00:00","dateModified":"2020-09-16T12:57:26+00:00","breadcrumb":{"@id":"https:\/\/visitemporda.com\/fr\/recomenacions\/propostes\/territori-i-natura\/les-8-proposts-a-laire-lliure\/paratge-de-fitor\/#breadcrumb"},"inLanguage":"fr-FR","potentialAction":[{"@type":"ReadAction","target":["https:\/\/visitemporda.com\/fr\/recomenacions\/propostes\/territori-i-natura\/les-8-proposts-a-laire-lliure\/paratge-de-fitor\/"]}]},{"@type":"ImageObject","inLanguage":"fr-FR","@id":"https:\/\/visitemporda.com\/fr\/recomenacions\/propostes\/territori-i-natura\/les-8-proposts-a-laire-lliure\/paratge-de-fitor\/#primaryimage","url":"https:\/\/visitemporda.com\/wp-content\/uploads\/2019\/12\/FITOR.jpg","contentUrl":"https:\/\/visitemporda.com\/wp-content\/uploads\/2019\/12\/FITOR.jpg","width":3000,"height":2000,"caption":"Esgl\u00e9sia de fitor al fons i un noi amb bicicleta btt que hi va arribant"},{"@type":"BreadcrumbList","@id":"https:\/\/visitemporda.com\/fr\/recomenacions\/propostes\/territori-i-natura\/les-8-proposts-a-laire-lliure\/paratge-de-fitor\/#breadcrumb","itemListElement":[{"@type":"ListItem","position":1,"name":"Inici","item":"https:\/\/visitemporda.com\/fr\/"},{"@type":"ListItem","position":2,"name":"Recommandations","item":"https:\/\/visitemporda.com\/fr\/recomenacions\/"},{"@type":"ListItem","position":3,"name":"Quoi faire","item":"https:\/\/visitemporda.com\/fr\/recomenacions\/propostes\/"},{"@type":"ListItem","position":4,"name":"Propositions de nature","item":"https:\/\/visitemporda.com\/fr\/recomenacions\/propostes\/territori-i-natura\/"},{"@type":"ListItem","position":5,"name":"8 propositions \u00e0 l\u2019air libre.","item":"https:\/\/visitemporda.com\/fr\/recomenacions\/propostes\/territori-i-natura\/les-8-proposts-a-laire-lliure\/"},{"@type":"ListItem","position":6,"name":"Paratge de Fitor"}]},{"@type":"WebSite","@id":"https:\/\/visitemporda.com\/fr\/#website","url":"https:\/\/visitemporda.com\/fr\/","name":"Visit Empord\u00e0","description":"Site officiel du tourisme du Baix Empord\u00e0","publisher":{"@id":"https:\/\/visitemporda.com\/fr\/#organization"},"potentialAction":[{"@type":"SearchAction","target":{"@type":"EntryPoint","urlTemplate":"https:\/\/visitemporda.com\/fr\/?s={search_term_string}"},"query-input":{"@type":"PropertyValueSpecification","valueRequired":true,"valueName":"search_term_string"}}],"inLanguage":"fr-FR"},{"@type":"Organization","@id":"https:\/\/visitemporda.com\/fr\/#organization","name":"Consell Comarcal del Baix Empord\u00e0","url":"https:\/\/visitemporda.com\/fr\/","logo":{"@type":"ImageObject","inLanguage":"fr-FR","@id":"https:\/\/visitemporda.com\/fr\/#\/schema\/logo\/image\/","url":"https:\/\/visitemporda.com\/wp-content\/uploads\/2024\/11\/Logotip_CCBE.png","contentUrl":"https:\/\/visitemporda.com\/wp-content\/uploads\/2024\/11\/Logotip_CCBE.png","width":3617,"height":3617,"caption":"Consell Comarcal del Baix Empord\u00e0"},"image":{"@id":"https:\/\/visitemporda.com\/fr\/#\/schema\/logo\/image\/"},"sameAs":["https:\/\/www.facebook.com\/baixempordaturisme","https:\/\/x.com\/baixemporda_tur","https:\/\/www.instagram.com\/visitemporda"]}]}},"_links":{"self":[{"href":"https:\/\/visitemporda.com\/fr\/wp-json\/wp\/v2\/pages\/19811","targetHints":{"allow":["GET"]}}],"collection":[{"href":"https:\/\/visitemporda.com\/fr\/wp-json\/wp\/v2\/pages"}],"about":[{"href":"https:\/\/visitemporda.com\/fr\/wp-json\/wp\/v2\/types\/page"}],"author":[{"embeddable":true,"href":"https:\/\/visitemporda.com\/fr\/wp-json\/wp\/v2\/users\/2"}],"replies":[{"embeddable":true,"href":"https:\/\/visitemporda.com\/fr\/wp-json\/wp\/v2\/comments?post=19811"}],"version-history":[{"count":1,"href":"https:\/\/visitemporda.com\/fr\/wp-json\/wp\/v2\/pages\/19811\/revisions"}],"predecessor-version":[{"id":19812,"href":"https:\/\/visitemporda.com\/fr\/wp-json\/wp\/v2\/pages\/19811\/revisions\/19812"}],"up":[{"embeddable":true,"href":"https:\/\/visitemporda.com\/fr\/wp-json\/wp\/v2\/pages\/19798"}],"wp:featuredmedia":[{"embeddable":true,"href":"https:\/\/visitemporda.com\/fr\/wp-json\/wp\/v2\/media\/13949"}],"wp:attachment":[{"href":"https:\/\/visitemporda.com\/fr\/wp-json\/wp\/v2\/media?parent=19811"}],"curies":[{"name":"wp","href":"https:\/\/api.w.org\/{rel}","templated":true}]}}