

{"id":19805,"date":"2019-12-31T11:26:50","date_gmt":"2019-12-31T10:26:50","guid":{"rendered":"http:\/\/visitemporda.com\/propostes\/territori-i-natura\/les-8-proposts-a-laire-lliure\/la-ruta-del-ter\/"},"modified":"2020-09-16T14:50:47","modified_gmt":"2020-09-16T12:50:47","slug":"la-ruta-del-ter","status":"publish","type":"page","link":"https:\/\/visitemporda.com\/fr\/recomenacions\/propostes\/territori-i-natura\/les-8-proposts-a-laire-lliure\/la-ruta-del-ter\/","title":{"rendered":"Le Circuit du Ter"},"content":{"rendered":"<p>Le fleuve Ter arrive dans le canton et se jette dans la Gola del Ter, \u00e0 l\u2019Estartit. Onze communes du Baix Empord\u00e0 sont situ\u00e9es autour de ce c\u00e9l\u00e8bre fleuve qui p\u00e9n\u00e8tre le Baix Empord\u00e0 par Foix\u00e0 i Colomers. Il est possible d\u2019en longer le cours depuis ce village en passant par Jafre, Verges, Canet de la Tallada (La Tallada d\u2019Empord\u00e0, Ull\u00e0 ou Torroellla de Montgr\u00ed).<\/p>\n<p>Il est possible de suivre tranquillement cette partie du circuit du Baix Empord\u00e0 \u00e0 v\u00e9lo en respectant les indications du circuit du Ter ou du R\u00e9seau de cyclotourisme du Baix Empord\u00e0. Chemin faisant, vous d\u00e9couvrirez des \u00e9l\u00e9ments du patrimoine hydraulique, mais aussi des champs de pommiers ou de petits vergers qui rendent ce trac\u00e9 agr\u00e9able.<\/p>\n<p>Le trafic routier est pratiquement limit\u00e9 aux personnes qui travaillent dans les champs, m\u00eame s\u2019il faudra se montrer prudent au moment de traverser certaines routes cantonales et locales.<\/p>\n","protected":false},"excerpt":{"rendered":"<p>Le fleuve Ter arrive dans le canton et se jette dans la Gola del Ter, \u00e0 l\u2019Estartit. Onze communes du Baix Empord\u00e0 sont situ\u00e9es autour de ce c\u00e9l\u00e8bre fleuve qui p\u00e9n\u00e8tre le Baix Empord\u00e0 par Foix\u00e0 i Colomers. Il est possible d\u2019en longer le cours depuis ce village en passant par Jafre, Verges, Canet de [&hellip;]<\/p>\n","protected":false},"author":2,"featured_media":13929,"parent":19798,"menu_order":0,"comment_status":"closed","ping_status":"closed","template":"page-templates\/fitxa-campanyes-gastronomiques.php","meta":{"_acf_changed":false,"footnotes":""},"class_list":["post-19805","page","type-page","status-publish","has-post-thumbnail","hentry"],"acf":[],"yoast_head":"<!-- This site is optimized with the Yoast SEO plugin v27.4 - https:\/\/yoast.com\/product\/yoast-seo-wordpress\/ -->\n<title>Le Circuit du Ter - Visit Empord\u00e0<\/title>\n<meta name=\"robots\" content=\"index, follow, max-snippet:-1, max-image-preview:large, max-video-preview:-1\" \/>\n<link rel=\"canonical\" href=\"https:\/\/visitemporda.com\/fr\/recomenacions\/propostes\/territori-i-natura\/les-8-proposts-a-laire-lliure\/la-ruta-del-ter\/\" \/>\n<meta property=\"og:locale\" content=\"fr_FR\" \/>\n<meta property=\"og:type\" content=\"article\" \/>\n<meta property=\"og:title\" content=\"Le Circuit du Ter - Visit Empord\u00e0\" \/>\n<meta property=\"og:description\" content=\"Le fleuve Ter arrive dans le canton et se jette dans la Gola del Ter, \u00e0 l\u2019Estartit. Onze communes du Baix Empord\u00e0 sont situ\u00e9es autour de ce c\u00e9l\u00e8bre fleuve qui p\u00e9n\u00e8tre le Baix Empord\u00e0 par Foix\u00e0 i Colomers. Il est possible d\u2019en longer le cours depuis ce village en passant par Jafre, Verges, Canet de [&hellip;]\" \/>\n<meta property=\"og:url\" content=\"https:\/\/visitemporda.com\/fr\/recomenacions\/propostes\/territori-i-natura\/les-8-proposts-a-laire-lliure\/la-ruta-del-ter\/\" \/>\n<meta property=\"og:site_name\" content=\"Visit Empord\u00e0\" \/>\n<meta property=\"article:publisher\" content=\"https:\/\/www.facebook.com\/baixempordaturisme\" \/>\n<meta property=\"article:modified_time\" content=\"2020-09-16T12:50:47+00:00\" \/>\n<meta property=\"og:image\" content=\"https:\/\/visitemporda.com\/wp-content\/uploads\/2019\/12\/IMG_2532-1024x683.jpg\" \/>\n\t<meta property=\"og:image:width\" content=\"1024\" \/>\n\t<meta property=\"og:image:height\" content=\"683\" \/>\n\t<meta property=\"og:image:type\" content=\"image\/jpeg\" \/>\n<meta name=\"twitter:card\" content=\"summary_large_image\" \/>\n<meta name=\"twitter:site\" content=\"@baixemporda_tur\" \/>\n<meta name=\"twitter:label1\" content=\"Dur\u00e9e de lecture estim\u00e9e\" \/>\n\t<meta name=\"twitter:data1\" content=\"1 minute\" \/>\n<script type=\"application\/ld+json\" class=\"yoast-schema-graph\">{\"@context\":\"https:\\\/\\\/schema.org\",\"@graph\":[{\"@type\":\"WebPage\",\"@id\":\"https:\\\/\\\/visitemporda.com\\\/fr\\\/recomenacions\\\/propostes\\\/territori-i-natura\\\/les-8-proposts-a-laire-lliure\\\/la-ruta-del-ter\\\/\",\"url\":\"https:\\\/\\\/visitemporda.com\\\/fr\\\/recomenacions\\\/propostes\\\/territori-i-natura\\\/les-8-proposts-a-laire-lliure\\\/la-ruta-del-ter\\\/\",\"name\":\"Le Circuit du Ter - Visit Empord\u00e0\",\"isPartOf\":{\"@id\":\"https:\\\/\\\/visitemporda.com\\\/fr\\\/#website\"},\"primaryImageOfPage\":{\"@id\":\"https:\\\/\\\/visitemporda.com\\\/fr\\\/recomenacions\\\/propostes\\\/territori-i-natura\\\/les-8-proposts-a-laire-lliure\\\/la-ruta-del-ter\\\/#primaryimage\"},\"image\":{\"@id\":\"https:\\\/\\\/visitemporda.com\\\/fr\\\/recomenacions\\\/propostes\\\/territori-i-natura\\\/les-8-proposts-a-laire-lliure\\\/la-ruta-del-ter\\\/#primaryimage\"},\"thumbnailUrl\":\"https:\\\/\\\/visitemporda.com\\\/wp-content\\\/uploads\\\/2019\\\/12\\\/IMG_2532.jpg\",\"datePublished\":\"2019-12-31T10:26:50+00:00\",\"dateModified\":\"2020-09-16T12:50:47+00:00\",\"breadcrumb\":{\"@id\":\"https:\\\/\\\/visitemporda.com\\\/fr\\\/recomenacions\\\/propostes\\\/territori-i-natura\\\/les-8-proposts-a-laire-lliure\\\/la-ruta-del-ter\\\/#breadcrumb\"},\"inLanguage\":\"fr-FR\",\"potentialAction\":[{\"@type\":\"ReadAction\",\"target\":[\"https:\\\/\\\/visitemporda.com\\\/fr\\\/recomenacions\\\/propostes\\\/territori-i-natura\\\/les-8-proposts-a-laire-lliure\\\/la-ruta-del-ter\\\/\"]}]},{\"@type\":\"ImageObject\",\"inLanguage\":\"fr-FR\",\"@id\":\"https:\\\/\\\/visitemporda.com\\\/fr\\\/recomenacions\\\/propostes\\\/territori-i-natura\\\/les-8-proposts-a-laire-lliure\\\/la-ruta-del-ter\\\/#primaryimage\",\"url\":\"https:\\\/\\\/visitemporda.com\\\/wp-content\\\/uploads\\\/2019\\\/12\\\/IMG_2532.jpg\",\"contentUrl\":\"https:\\\/\\\/visitemporda.com\\\/wp-content\\\/uploads\\\/2019\\\/12\\\/IMG_2532.jpg\",\"width\":5184,\"height\":3456},{\"@type\":\"BreadcrumbList\",\"@id\":\"https:\\\/\\\/visitemporda.com\\\/fr\\\/recomenacions\\\/propostes\\\/territori-i-natura\\\/les-8-proposts-a-laire-lliure\\\/la-ruta-del-ter\\\/#breadcrumb\",\"itemListElement\":[{\"@type\":\"ListItem\",\"position\":1,\"name\":\"Inici\",\"item\":\"https:\\\/\\\/visitemporda.com\\\/fr\\\/\"},{\"@type\":\"ListItem\",\"position\":2,\"name\":\"Recommandations\",\"item\":\"https:\\\/\\\/visitemporda.com\\\/fr\\\/recomenacions\\\/\"},{\"@type\":\"ListItem\",\"position\":3,\"name\":\"Quoi faire\",\"item\":\"https:\\\/\\\/visitemporda.com\\\/fr\\\/recomenacions\\\/propostes\\\/\"},{\"@type\":\"ListItem\",\"position\":4,\"name\":\"Propositions de nature\",\"item\":\"https:\\\/\\\/visitemporda.com\\\/fr\\\/recomenacions\\\/propostes\\\/territori-i-natura\\\/\"},{\"@type\":\"ListItem\",\"position\":5,\"name\":\"8 propositions \u00e0 l\u2019air libre.\",\"item\":\"https:\\\/\\\/visitemporda.com\\\/fr\\\/recomenacions\\\/propostes\\\/territori-i-natura\\\/les-8-proposts-a-laire-lliure\\\/\"},{\"@type\":\"ListItem\",\"position\":6,\"name\":\"Le Circuit du Ter\"}]},{\"@type\":\"WebSite\",\"@id\":\"https:\\\/\\\/visitemporda.com\\\/fr\\\/#website\",\"url\":\"https:\\\/\\\/visitemporda.com\\\/fr\\\/\",\"name\":\"Visit Empord\u00e0\",\"description\":\"Site officiel du tourisme du Baix Empord\u00e0\",\"publisher\":{\"@id\":\"https:\\\/\\\/visitemporda.com\\\/fr\\\/#organization\"},\"potentialAction\":[{\"@type\":\"SearchAction\",\"target\":{\"@type\":\"EntryPoint\",\"urlTemplate\":\"https:\\\/\\\/visitemporda.com\\\/fr\\\/?s={search_term_string}\"},\"query-input\":{\"@type\":\"PropertyValueSpecification\",\"valueRequired\":true,\"valueName\":\"search_term_string\"}}],\"inLanguage\":\"fr-FR\"},{\"@type\":\"Organization\",\"@id\":\"https:\\\/\\\/visitemporda.com\\\/fr\\\/#organization\",\"name\":\"Consell Comarcal del Baix Empord\u00e0\",\"url\":\"https:\\\/\\\/visitemporda.com\\\/fr\\\/\",\"logo\":{\"@type\":\"ImageObject\",\"inLanguage\":\"fr-FR\",\"@id\":\"https:\\\/\\\/visitemporda.com\\\/fr\\\/#\\\/schema\\\/logo\\\/image\\\/\",\"url\":\"https:\\\/\\\/visitemporda.com\\\/wp-content\\\/uploads\\\/2024\\\/11\\\/Logotip_CCBE.png\",\"contentUrl\":\"https:\\\/\\\/visitemporda.com\\\/wp-content\\\/uploads\\\/2024\\\/11\\\/Logotip_CCBE.png\",\"width\":3617,\"height\":3617,\"caption\":\"Consell Comarcal del Baix Empord\u00e0\"},\"image\":{\"@id\":\"https:\\\/\\\/visitemporda.com\\\/fr\\\/#\\\/schema\\\/logo\\\/image\\\/\"},\"sameAs\":[\"https:\\\/\\\/www.facebook.com\\\/baixempordaturisme\",\"https:\\\/\\\/x.com\\\/baixemporda_tur\",\"https:\\\/\\\/www.instagram.com\\\/visitemporda\"]}]}<\/script>\n<!-- \/ Yoast SEO plugin. -->","yoast_head_json":{"title":"Le Circuit du Ter - Visit Empord\u00e0","robots":{"index":"index","follow":"follow","max-snippet":"max-snippet:-1","max-image-preview":"max-image-preview:large","max-video-preview":"max-video-preview:-1"},"canonical":"https:\/\/visitemporda.com\/fr\/recomenacions\/propostes\/territori-i-natura\/les-8-proposts-a-laire-lliure\/la-ruta-del-ter\/","og_locale":"fr_FR","og_type":"article","og_title":"Le Circuit du Ter - Visit Empord\u00e0","og_description":"Le fleuve Ter arrive dans le canton et se jette dans la Gola del Ter, \u00e0 l\u2019Estartit. Onze communes du Baix Empord\u00e0 sont situ\u00e9es autour de ce c\u00e9l\u00e8bre fleuve qui p\u00e9n\u00e8tre le Baix Empord\u00e0 par Foix\u00e0 i Colomers. Il est possible d\u2019en longer le cours depuis ce village en passant par Jafre, Verges, Canet de [&hellip;]","og_url":"https:\/\/visitemporda.com\/fr\/recomenacions\/propostes\/territori-i-natura\/les-8-proposts-a-laire-lliure\/la-ruta-del-ter\/","og_site_name":"Visit Empord\u00e0","article_publisher":"https:\/\/www.facebook.com\/baixempordaturisme","article_modified_time":"2020-09-16T12:50:47+00:00","og_image":[{"width":1024,"height":683,"url":"https:\/\/visitemporda.com\/wp-content\/uploads\/2019\/12\/IMG_2532-1024x683.jpg","type":"image\/jpeg"}],"twitter_card":"summary_large_image","twitter_site":"@baixemporda_tur","twitter_misc":{"Dur\u00e9e de lecture estim\u00e9e":"1 minute"},"schema":{"@context":"https:\/\/schema.org","@graph":[{"@type":"WebPage","@id":"https:\/\/visitemporda.com\/fr\/recomenacions\/propostes\/territori-i-natura\/les-8-proposts-a-laire-lliure\/la-ruta-del-ter\/","url":"https:\/\/visitemporda.com\/fr\/recomenacions\/propostes\/territori-i-natura\/les-8-proposts-a-laire-lliure\/la-ruta-del-ter\/","name":"Le Circuit du Ter - Visit Empord\u00e0","isPartOf":{"@id":"https:\/\/visitemporda.com\/fr\/#website"},"primaryImageOfPage":{"@id":"https:\/\/visitemporda.com\/fr\/recomenacions\/propostes\/territori-i-natura\/les-8-proposts-a-laire-lliure\/la-ruta-del-ter\/#primaryimage"},"image":{"@id":"https:\/\/visitemporda.com\/fr\/recomenacions\/propostes\/territori-i-natura\/les-8-proposts-a-laire-lliure\/la-ruta-del-ter\/#primaryimage"},"thumbnailUrl":"https:\/\/visitemporda.com\/wp-content\/uploads\/2019\/12\/IMG_2532.jpg","datePublished":"2019-12-31T10:26:50+00:00","dateModified":"2020-09-16T12:50:47+00:00","breadcrumb":{"@id":"https:\/\/visitemporda.com\/fr\/recomenacions\/propostes\/territori-i-natura\/les-8-proposts-a-laire-lliure\/la-ruta-del-ter\/#breadcrumb"},"inLanguage":"fr-FR","potentialAction":[{"@type":"ReadAction","target":["https:\/\/visitemporda.com\/fr\/recomenacions\/propostes\/territori-i-natura\/les-8-proposts-a-laire-lliure\/la-ruta-del-ter\/"]}]},{"@type":"ImageObject","inLanguage":"fr-FR","@id":"https:\/\/visitemporda.com\/fr\/recomenacions\/propostes\/territori-i-natura\/les-8-proposts-a-laire-lliure\/la-ruta-del-ter\/#primaryimage","url":"https:\/\/visitemporda.com\/wp-content\/uploads\/2019\/12\/IMG_2532.jpg","contentUrl":"https:\/\/visitemporda.com\/wp-content\/uploads\/2019\/12\/IMG_2532.jpg","width":5184,"height":3456},{"@type":"BreadcrumbList","@id":"https:\/\/visitemporda.com\/fr\/recomenacions\/propostes\/territori-i-natura\/les-8-proposts-a-laire-lliure\/la-ruta-del-ter\/#breadcrumb","itemListElement":[{"@type":"ListItem","position":1,"name":"Inici","item":"https:\/\/visitemporda.com\/fr\/"},{"@type":"ListItem","position":2,"name":"Recommandations","item":"https:\/\/visitemporda.com\/fr\/recomenacions\/"},{"@type":"ListItem","position":3,"name":"Quoi faire","item":"https:\/\/visitemporda.com\/fr\/recomenacions\/propostes\/"},{"@type":"ListItem","position":4,"name":"Propositions de nature","item":"https:\/\/visitemporda.com\/fr\/recomenacions\/propostes\/territori-i-natura\/"},{"@type":"ListItem","position":5,"name":"8 propositions \u00e0 l\u2019air libre.","item":"https:\/\/visitemporda.com\/fr\/recomenacions\/propostes\/territori-i-natura\/les-8-proposts-a-laire-lliure\/"},{"@type":"ListItem","position":6,"name":"Le Circuit du Ter"}]},{"@type":"WebSite","@id":"https:\/\/visitemporda.com\/fr\/#website","url":"https:\/\/visitemporda.com\/fr\/","name":"Visit Empord\u00e0","description":"Site officiel du tourisme du Baix Empord\u00e0","publisher":{"@id":"https:\/\/visitemporda.com\/fr\/#organization"},"potentialAction":[{"@type":"SearchAction","target":{"@type":"EntryPoint","urlTemplate":"https:\/\/visitemporda.com\/fr\/?s={search_term_string}"},"query-input":{"@type":"PropertyValueSpecification","valueRequired":true,"valueName":"search_term_string"}}],"inLanguage":"fr-FR"},{"@type":"Organization","@id":"https:\/\/visitemporda.com\/fr\/#organization","name":"Consell Comarcal del Baix Empord\u00e0","url":"https:\/\/visitemporda.com\/fr\/","logo":{"@type":"ImageObject","inLanguage":"fr-FR","@id":"https:\/\/visitemporda.com\/fr\/#\/schema\/logo\/image\/","url":"https:\/\/visitemporda.com\/wp-content\/uploads\/2024\/11\/Logotip_CCBE.png","contentUrl":"https:\/\/visitemporda.com\/wp-content\/uploads\/2024\/11\/Logotip_CCBE.png","width":3617,"height":3617,"caption":"Consell Comarcal del Baix Empord\u00e0"},"image":{"@id":"https:\/\/visitemporda.com\/fr\/#\/schema\/logo\/image\/"},"sameAs":["https:\/\/www.facebook.com\/baixempordaturisme","https:\/\/x.com\/baixemporda_tur","https:\/\/www.instagram.com\/visitemporda"]}]}},"_links":{"self":[{"href":"https:\/\/visitemporda.com\/fr\/wp-json\/wp\/v2\/pages\/19805","targetHints":{"allow":["GET"]}}],"collection":[{"href":"https:\/\/visitemporda.com\/fr\/wp-json\/wp\/v2\/pages"}],"about":[{"href":"https:\/\/visitemporda.com\/fr\/wp-json\/wp\/v2\/types\/page"}],"author":[{"embeddable":true,"href":"https:\/\/visitemporda.com\/fr\/wp-json\/wp\/v2\/users\/2"}],"replies":[{"embeddable":true,"href":"https:\/\/visitemporda.com\/fr\/wp-json\/wp\/v2\/comments?post=19805"}],"version-history":[{"count":1,"href":"https:\/\/visitemporda.com\/fr\/wp-json\/wp\/v2\/pages\/19805\/revisions"}],"predecessor-version":[{"id":19806,"href":"https:\/\/visitemporda.com\/fr\/wp-json\/wp\/v2\/pages\/19805\/revisions\/19806"}],"up":[{"embeddable":true,"href":"https:\/\/visitemporda.com\/fr\/wp-json\/wp\/v2\/pages\/19798"}],"wp:featuredmedia":[{"embeddable":true,"href":"https:\/\/visitemporda.com\/fr\/wp-json\/wp\/v2\/media\/13929"}],"wp:attachment":[{"href":"https:\/\/visitemporda.com\/fr\/wp-json\/wp\/v2\/media?parent=19805"}],"curies":[{"name":"wp","href":"https:\/\/api.w.org\/{rel}","templated":true}]}}