

{"id":19801,"date":"2019-12-31T11:25:51","date_gmt":"2019-12-31T10:25:51","guid":{"rendered":"http:\/\/visitemporda.com\/propostes\/territori-i-natura\/les-8-proposts-a-laire-lliure\/el-castell-del-montgri\/"},"modified":"2020-09-16T14:47:23","modified_gmt":"2020-09-16T12:47:23","slug":"el-castell-del-montgri","status":"publish","type":"page","link":"https:\/\/visitemporda.com\/fr\/recomenacions\/propostes\/territori-i-natura\/les-8-proposts-a-laire-lliure\/el-castell-del-montgri\/","title":{"rendered":"Le Ch\u00e2teau du Montgr\u00ed"},"content":{"rendered":"<p>Couronnant le massif du Montgr\u00ed, l\u2019ascension jusqu\u2019au ch\u00e2teau est une visite obligatoire. Un point embl\u00e9matique et appr\u00e9ci\u00e9 situ\u00e9 au c\u0153ur d\u2019un parc naturel avec des vues spectaculaires sur l\u2019Empord\u00e0.<\/p>\n<p>Il est possible d\u2019y acc\u00e9der sans grande difficult\u00e9 depuis Torroella de Montgr\u00ed, en suivant le sentier du GR-92.\u00a0 Il est impossible d\u2019y acc\u00e9der en voiture.\u00a0 Une fois au sommet, le visiteur peut poursuivre sa route par ce long sentier ou p\u00e9n\u00e9trer le Montgr\u00ed en suivant d\u2019autres sentiers balis\u00e9s.<\/p>\n<p>Il est conseill\u00e9 de porter des chaussures ad\u00e9quates m\u00eame si le sentier ne pr\u00e9sente pas de difficult\u00e9 excessive, s\u2019il faut prendre des pr\u00e9cautions. S\u2019agissant d\u2019un massif en roche granitique; le balisage est situ\u00e9 sur les pierres et les rochers. Le visiteur devra donc \u00eatre \u00e0 l\u2019aff\u00fbt en permanence.<\/p>\n","protected":false},"excerpt":{"rendered":"<p>Couronnant le massif du Montgr\u00ed, l\u2019ascension jusqu\u2019au ch\u00e2teau est une visite obligatoire. Un point embl\u00e9matique et appr\u00e9ci\u00e9 situ\u00e9 au c\u0153ur d\u2019un parc naturel avec des vues spectaculaires sur l\u2019Empord\u00e0. Il est possible d\u2019y acc\u00e9der sans grande difficult\u00e9 depuis Torroella de Montgr\u00ed, en suivant le sentier du GR-92.\u00a0 Il est impossible d\u2019y acc\u00e9der en voiture.\u00a0 Une [&hellip;]<\/p>\n","protected":false},"author":2,"featured_media":13925,"parent":19798,"menu_order":0,"comment_status":"closed","ping_status":"closed","template":"page-templates\/fitxa-campanyes-gastronomiques.php","meta":{"_acf_changed":false,"footnotes":""},"class_list":["post-19801","page","type-page","status-publish","has-post-thumbnail","hentry"],"acf":[],"yoast_head":"<!-- This site is optimized with the Yoast SEO plugin v27.3 - https:\/\/yoast.com\/product\/yoast-seo-wordpress\/ -->\n<title>Le Ch\u00e2teau du Montgr\u00ed - Visit Empord\u00e0<\/title>\n<meta name=\"robots\" content=\"index, follow, max-snippet:-1, max-image-preview:large, max-video-preview:-1\" \/>\n<link rel=\"canonical\" href=\"https:\/\/visitemporda.com\/fr\/recomenacions\/propostes\/territori-i-natura\/les-8-proposts-a-laire-lliure\/el-castell-del-montgri\/\" \/>\n<meta property=\"og:locale\" content=\"fr_FR\" \/>\n<meta property=\"og:type\" content=\"article\" \/>\n<meta property=\"og:title\" content=\"Le Ch\u00e2teau du Montgr\u00ed - Visit Empord\u00e0\" \/>\n<meta property=\"og:description\" content=\"Couronnant le massif du Montgr\u00ed, l\u2019ascension jusqu\u2019au ch\u00e2teau est une visite obligatoire. Un point embl\u00e9matique et appr\u00e9ci\u00e9 situ\u00e9 au c\u0153ur d\u2019un parc naturel avec des vues spectaculaires sur l\u2019Empord\u00e0. Il est possible d\u2019y acc\u00e9der sans grande difficult\u00e9 depuis Torroella de Montgr\u00ed, en suivant le sentier du GR-92.\u00a0 Il est impossible d\u2019y acc\u00e9der en voiture.\u00a0 Une [&hellip;]\" \/>\n<meta property=\"og:url\" content=\"https:\/\/visitemporda.com\/fr\/recomenacions\/propostes\/territori-i-natura\/les-8-proposts-a-laire-lliure\/el-castell-del-montgri\/\" \/>\n<meta property=\"og:site_name\" content=\"Visit Empord\u00e0\" \/>\n<meta property=\"article:publisher\" content=\"https:\/\/www.facebook.com\/baixempordaturisme\" \/>\n<meta property=\"article:modified_time\" content=\"2020-09-16T12:47:23+00:00\" \/>\n<meta property=\"og:image\" content=\"https:\/\/visitemporda.com\/wp-content\/uploads\/2019\/12\/IMG_4730-1024x768.jpg\" \/>\n\t<meta property=\"og:image:width\" content=\"1024\" \/>\n\t<meta property=\"og:image:height\" content=\"768\" \/>\n\t<meta property=\"og:image:type\" content=\"image\/jpeg\" \/>\n<meta name=\"twitter:card\" content=\"summary_large_image\" \/>\n<meta name=\"twitter:site\" content=\"@baixemporda_tur\" \/>\n<meta name=\"twitter:label1\" content=\"Dur\u00e9e de lecture estim\u00e9e\" \/>\n\t<meta name=\"twitter:data1\" content=\"1 minute\" \/>\n<script type=\"application\/ld+json\" class=\"yoast-schema-graph\">{\"@context\":\"https:\\\/\\\/schema.org\",\"@graph\":[{\"@type\":\"WebPage\",\"@id\":\"https:\\\/\\\/visitemporda.com\\\/fr\\\/recomenacions\\\/propostes\\\/territori-i-natura\\\/les-8-proposts-a-laire-lliure\\\/el-castell-del-montgri\\\/\",\"url\":\"https:\\\/\\\/visitemporda.com\\\/fr\\\/recomenacions\\\/propostes\\\/territori-i-natura\\\/les-8-proposts-a-laire-lliure\\\/el-castell-del-montgri\\\/\",\"name\":\"Le Ch\u00e2teau du Montgr\u00ed - Visit Empord\u00e0\",\"isPartOf\":{\"@id\":\"https:\\\/\\\/visitemporda.com\\\/fr\\\/#website\"},\"primaryImageOfPage\":{\"@id\":\"https:\\\/\\\/visitemporda.com\\\/fr\\\/recomenacions\\\/propostes\\\/territori-i-natura\\\/les-8-proposts-a-laire-lliure\\\/el-castell-del-montgri\\\/#primaryimage\"},\"image\":{\"@id\":\"https:\\\/\\\/visitemporda.com\\\/fr\\\/recomenacions\\\/propostes\\\/territori-i-natura\\\/les-8-proposts-a-laire-lliure\\\/el-castell-del-montgri\\\/#primaryimage\"},\"thumbnailUrl\":\"https:\\\/\\\/visitemporda.com\\\/wp-content\\\/uploads\\\/2019\\\/12\\\/IMG_4730.jpg\",\"datePublished\":\"2019-12-31T10:25:51+00:00\",\"dateModified\":\"2020-09-16T12:47:23+00:00\",\"breadcrumb\":{\"@id\":\"https:\\\/\\\/visitemporda.com\\\/fr\\\/recomenacions\\\/propostes\\\/territori-i-natura\\\/les-8-proposts-a-laire-lliure\\\/el-castell-del-montgri\\\/#breadcrumb\"},\"inLanguage\":\"fr-FR\",\"potentialAction\":[{\"@type\":\"ReadAction\",\"target\":[\"https:\\\/\\\/visitemporda.com\\\/fr\\\/recomenacions\\\/propostes\\\/territori-i-natura\\\/les-8-proposts-a-laire-lliure\\\/el-castell-del-montgri\\\/\"]}]},{\"@type\":\"ImageObject\",\"inLanguage\":\"fr-FR\",\"@id\":\"https:\\\/\\\/visitemporda.com\\\/fr\\\/recomenacions\\\/propostes\\\/territori-i-natura\\\/les-8-proposts-a-laire-lliure\\\/el-castell-del-montgri\\\/#primaryimage\",\"url\":\"https:\\\/\\\/visitemporda.com\\\/wp-content\\\/uploads\\\/2019\\\/12\\\/IMG_4730.jpg\",\"contentUrl\":\"https:\\\/\\\/visitemporda.com\\\/wp-content\\\/uploads\\\/2019\\\/12\\\/IMG_4730.jpg\",\"width\":4032,\"height\":3024,\"caption\":\"castell del montgr\u00ed\"},{\"@type\":\"BreadcrumbList\",\"@id\":\"https:\\\/\\\/visitemporda.com\\\/fr\\\/recomenacions\\\/propostes\\\/territori-i-natura\\\/les-8-proposts-a-laire-lliure\\\/el-castell-del-montgri\\\/#breadcrumb\",\"itemListElement\":[{\"@type\":\"ListItem\",\"position\":1,\"name\":\"Inici\",\"item\":\"https:\\\/\\\/visitemporda.com\\\/fr\\\/\"},{\"@type\":\"ListItem\",\"position\":2,\"name\":\"Recommandations\",\"item\":\"https:\\\/\\\/visitemporda.com\\\/fr\\\/recomenacions\\\/\"},{\"@type\":\"ListItem\",\"position\":3,\"name\":\"Quoi faire\",\"item\":\"https:\\\/\\\/visitemporda.com\\\/fr\\\/recomenacions\\\/propostes\\\/\"},{\"@type\":\"ListItem\",\"position\":4,\"name\":\"Propositions de nature\",\"item\":\"https:\\\/\\\/visitemporda.com\\\/fr\\\/recomenacions\\\/propostes\\\/territori-i-natura\\\/\"},{\"@type\":\"ListItem\",\"position\":5,\"name\":\"8 propositions \u00e0 l\u2019air libre.\",\"item\":\"https:\\\/\\\/visitemporda.com\\\/fr\\\/recomenacions\\\/propostes\\\/territori-i-natura\\\/les-8-proposts-a-laire-lliure\\\/\"},{\"@type\":\"ListItem\",\"position\":6,\"name\":\"Le Ch\u00e2teau du Montgr\u00ed\"}]},{\"@type\":\"WebSite\",\"@id\":\"https:\\\/\\\/visitemporda.com\\\/fr\\\/#website\",\"url\":\"https:\\\/\\\/visitemporda.com\\\/fr\\\/\",\"name\":\"Visit Empord\u00e0\",\"description\":\"Site officiel du tourisme du Baix Empord\u00e0\",\"publisher\":{\"@id\":\"https:\\\/\\\/visitemporda.com\\\/fr\\\/#organization\"},\"potentialAction\":[{\"@type\":\"SearchAction\",\"target\":{\"@type\":\"EntryPoint\",\"urlTemplate\":\"https:\\\/\\\/visitemporda.com\\\/fr\\\/?s={search_term_string}\"},\"query-input\":{\"@type\":\"PropertyValueSpecification\",\"valueRequired\":true,\"valueName\":\"search_term_string\"}}],\"inLanguage\":\"fr-FR\"},{\"@type\":\"Organization\",\"@id\":\"https:\\\/\\\/visitemporda.com\\\/fr\\\/#organization\",\"name\":\"Consell Comarcal del Baix Empord\u00e0\",\"url\":\"https:\\\/\\\/visitemporda.com\\\/fr\\\/\",\"logo\":{\"@type\":\"ImageObject\",\"inLanguage\":\"fr-FR\",\"@id\":\"https:\\\/\\\/visitemporda.com\\\/fr\\\/#\\\/schema\\\/logo\\\/image\\\/\",\"url\":\"https:\\\/\\\/visitemporda.com\\\/wp-content\\\/uploads\\\/2024\\\/11\\\/Logotip_CCBE.png\",\"contentUrl\":\"https:\\\/\\\/visitemporda.com\\\/wp-content\\\/uploads\\\/2024\\\/11\\\/Logotip_CCBE.png\",\"width\":3617,\"height\":3617,\"caption\":\"Consell Comarcal del Baix Empord\u00e0\"},\"image\":{\"@id\":\"https:\\\/\\\/visitemporda.com\\\/fr\\\/#\\\/schema\\\/logo\\\/image\\\/\"},\"sameAs\":[\"https:\\\/\\\/www.facebook.com\\\/baixempordaturisme\",\"https:\\\/\\\/x.com\\\/baixemporda_tur\",\"https:\\\/\\\/www.instagram.com\\\/visitemporda\"]}]}<\/script>\n<!-- \/ Yoast SEO plugin. -->","yoast_head_json":{"title":"Le Ch\u00e2teau du Montgr\u00ed - Visit Empord\u00e0","robots":{"index":"index","follow":"follow","max-snippet":"max-snippet:-1","max-image-preview":"max-image-preview:large","max-video-preview":"max-video-preview:-1"},"canonical":"https:\/\/visitemporda.com\/fr\/recomenacions\/propostes\/territori-i-natura\/les-8-proposts-a-laire-lliure\/el-castell-del-montgri\/","og_locale":"fr_FR","og_type":"article","og_title":"Le Ch\u00e2teau du Montgr\u00ed - Visit Empord\u00e0","og_description":"Couronnant le massif du Montgr\u00ed, l\u2019ascension jusqu\u2019au ch\u00e2teau est une visite obligatoire. Un point embl\u00e9matique et appr\u00e9ci\u00e9 situ\u00e9 au c\u0153ur d\u2019un parc naturel avec des vues spectaculaires sur l\u2019Empord\u00e0. Il est possible d\u2019y acc\u00e9der sans grande difficult\u00e9 depuis Torroella de Montgr\u00ed, en suivant le sentier du GR-92.\u00a0 Il est impossible d\u2019y acc\u00e9der en voiture.\u00a0 Une [&hellip;]","og_url":"https:\/\/visitemporda.com\/fr\/recomenacions\/propostes\/territori-i-natura\/les-8-proposts-a-laire-lliure\/el-castell-del-montgri\/","og_site_name":"Visit Empord\u00e0","article_publisher":"https:\/\/www.facebook.com\/baixempordaturisme","article_modified_time":"2020-09-16T12:47:23+00:00","og_image":[{"width":1024,"height":768,"url":"https:\/\/visitemporda.com\/wp-content\/uploads\/2019\/12\/IMG_4730-1024x768.jpg","type":"image\/jpeg"}],"twitter_card":"summary_large_image","twitter_site":"@baixemporda_tur","twitter_misc":{"Dur\u00e9e de lecture estim\u00e9e":"1 minute"},"schema":{"@context":"https:\/\/schema.org","@graph":[{"@type":"WebPage","@id":"https:\/\/visitemporda.com\/fr\/recomenacions\/propostes\/territori-i-natura\/les-8-proposts-a-laire-lliure\/el-castell-del-montgri\/","url":"https:\/\/visitemporda.com\/fr\/recomenacions\/propostes\/territori-i-natura\/les-8-proposts-a-laire-lliure\/el-castell-del-montgri\/","name":"Le Ch\u00e2teau du Montgr\u00ed - Visit Empord\u00e0","isPartOf":{"@id":"https:\/\/visitemporda.com\/fr\/#website"},"primaryImageOfPage":{"@id":"https:\/\/visitemporda.com\/fr\/recomenacions\/propostes\/territori-i-natura\/les-8-proposts-a-laire-lliure\/el-castell-del-montgri\/#primaryimage"},"image":{"@id":"https:\/\/visitemporda.com\/fr\/recomenacions\/propostes\/territori-i-natura\/les-8-proposts-a-laire-lliure\/el-castell-del-montgri\/#primaryimage"},"thumbnailUrl":"https:\/\/visitemporda.com\/wp-content\/uploads\/2019\/12\/IMG_4730.jpg","datePublished":"2019-12-31T10:25:51+00:00","dateModified":"2020-09-16T12:47:23+00:00","breadcrumb":{"@id":"https:\/\/visitemporda.com\/fr\/recomenacions\/propostes\/territori-i-natura\/les-8-proposts-a-laire-lliure\/el-castell-del-montgri\/#breadcrumb"},"inLanguage":"fr-FR","potentialAction":[{"@type":"ReadAction","target":["https:\/\/visitemporda.com\/fr\/recomenacions\/propostes\/territori-i-natura\/les-8-proposts-a-laire-lliure\/el-castell-del-montgri\/"]}]},{"@type":"ImageObject","inLanguage":"fr-FR","@id":"https:\/\/visitemporda.com\/fr\/recomenacions\/propostes\/territori-i-natura\/les-8-proposts-a-laire-lliure\/el-castell-del-montgri\/#primaryimage","url":"https:\/\/visitemporda.com\/wp-content\/uploads\/2019\/12\/IMG_4730.jpg","contentUrl":"https:\/\/visitemporda.com\/wp-content\/uploads\/2019\/12\/IMG_4730.jpg","width":4032,"height":3024,"caption":"castell del montgr\u00ed"},{"@type":"BreadcrumbList","@id":"https:\/\/visitemporda.com\/fr\/recomenacions\/propostes\/territori-i-natura\/les-8-proposts-a-laire-lliure\/el-castell-del-montgri\/#breadcrumb","itemListElement":[{"@type":"ListItem","position":1,"name":"Inici","item":"https:\/\/visitemporda.com\/fr\/"},{"@type":"ListItem","position":2,"name":"Recommandations","item":"https:\/\/visitemporda.com\/fr\/recomenacions\/"},{"@type":"ListItem","position":3,"name":"Quoi faire","item":"https:\/\/visitemporda.com\/fr\/recomenacions\/propostes\/"},{"@type":"ListItem","position":4,"name":"Propositions de nature","item":"https:\/\/visitemporda.com\/fr\/recomenacions\/propostes\/territori-i-natura\/"},{"@type":"ListItem","position":5,"name":"8 propositions \u00e0 l\u2019air libre.","item":"https:\/\/visitemporda.com\/fr\/recomenacions\/propostes\/territori-i-natura\/les-8-proposts-a-laire-lliure\/"},{"@type":"ListItem","position":6,"name":"Le Ch\u00e2teau du Montgr\u00ed"}]},{"@type":"WebSite","@id":"https:\/\/visitemporda.com\/fr\/#website","url":"https:\/\/visitemporda.com\/fr\/","name":"Visit Empord\u00e0","description":"Site officiel du tourisme du Baix Empord\u00e0","publisher":{"@id":"https:\/\/visitemporda.com\/fr\/#organization"},"potentialAction":[{"@type":"SearchAction","target":{"@type":"EntryPoint","urlTemplate":"https:\/\/visitemporda.com\/fr\/?s={search_term_string}"},"query-input":{"@type":"PropertyValueSpecification","valueRequired":true,"valueName":"search_term_string"}}],"inLanguage":"fr-FR"},{"@type":"Organization","@id":"https:\/\/visitemporda.com\/fr\/#organization","name":"Consell Comarcal del Baix Empord\u00e0","url":"https:\/\/visitemporda.com\/fr\/","logo":{"@type":"ImageObject","inLanguage":"fr-FR","@id":"https:\/\/visitemporda.com\/fr\/#\/schema\/logo\/image\/","url":"https:\/\/visitemporda.com\/wp-content\/uploads\/2024\/11\/Logotip_CCBE.png","contentUrl":"https:\/\/visitemporda.com\/wp-content\/uploads\/2024\/11\/Logotip_CCBE.png","width":3617,"height":3617,"caption":"Consell Comarcal del Baix Empord\u00e0"},"image":{"@id":"https:\/\/visitemporda.com\/fr\/#\/schema\/logo\/image\/"},"sameAs":["https:\/\/www.facebook.com\/baixempordaturisme","https:\/\/x.com\/baixemporda_tur","https:\/\/www.instagram.com\/visitemporda"]}]}},"_links":{"self":[{"href":"https:\/\/visitemporda.com\/fr\/wp-json\/wp\/v2\/pages\/19801","targetHints":{"allow":["GET"]}}],"collection":[{"href":"https:\/\/visitemporda.com\/fr\/wp-json\/wp\/v2\/pages"}],"about":[{"href":"https:\/\/visitemporda.com\/fr\/wp-json\/wp\/v2\/types\/page"}],"author":[{"embeddable":true,"href":"https:\/\/visitemporda.com\/fr\/wp-json\/wp\/v2\/users\/2"}],"replies":[{"embeddable":true,"href":"https:\/\/visitemporda.com\/fr\/wp-json\/wp\/v2\/comments?post=19801"}],"version-history":[{"count":2,"href":"https:\/\/visitemporda.com\/fr\/wp-json\/wp\/v2\/pages\/19801\/revisions"}],"predecessor-version":[{"id":19804,"href":"https:\/\/visitemporda.com\/fr\/wp-json\/wp\/v2\/pages\/19801\/revisions\/19804"}],"up":[{"embeddable":true,"href":"https:\/\/visitemporda.com\/fr\/wp-json\/wp\/v2\/pages\/19798"}],"wp:featuredmedia":[{"embeddable":true,"href":"https:\/\/visitemporda.com\/fr\/wp-json\/wp\/v2\/media\/13925"}],"wp:attachment":[{"href":"https:\/\/visitemporda.com\/fr\/wp-json\/wp\/v2\/media?parent=19801"}],"curies":[{"name":"wp","href":"https:\/\/api.w.org\/{rel}","templated":true}]}}