

{"id":19793,"date":"2020-08-07T15:22:34","date_gmt":"2020-08-07T13:22:34","guid":{"rendered":"http:\/\/visitemporda.com\/propostes\/territori-i-natura\/espais-naturals-protegits\/parc-natural-del-montgri-les-illes-medes-i-el-baix-ter\/massis-de-les-gavarres\/"},"modified":"2020-09-16T13:09:50","modified_gmt":"2020-09-16T11:09:50","slug":"massis-de-les-gavarres","status":"publish","type":"page","link":"https:\/\/visitemporda.com\/fr\/recomenacions\/propostes\/territori-i-natura\/espais-naturals-protegits\/parc-natural-del-montgri-les-illes-medes-i-el-baix-ter\/massis-de-les-gavarres\/","title":{"rendered":"Massif des Gavarres"},"content":{"rendered":"<p>Le massif des Gavarres comprend des territoires des cantons du Baix Empord\u00e0 et du G\u00e9ronais. Plus concr\u00e8tement,\u00a020\u00a0communes forment cet espace reconnu et prot\u00e9g\u00e9 pour ses valeurs naturelles et culturelles.<\/p>\n<p>D\u2019un c\u00f4t\u00e9, en\u00a01992, il fut d\u00e9clar\u00e9 Espace naturel prot\u00e9g\u00e9 par le Plan d\u2019Espaces d\u2019Int\u00e9r\u00eats Naturel puisqu\u2019on y trouve les for\u00eats de ch\u00eanes-li\u00e8ges et les for\u00eats de pinastre les plus importantes du territoire catalan. Le paysage pr\u00e9dominant est compos\u00e9 de pousses de bruy\u00e8res et de steppes, avec une strate arborif\u00e8re de ch\u00eanes-li\u00e8ges et de pins, et de nombreux arbousiers.<\/p>\n<p>D\u2019autre part, en\u00a02011, dans les Gavarres dix \u00e9l\u00e9ments patrimoniaux furent d\u00e9clar\u00e9s Zone d\u2019Int\u00e9r\u00eats Ethnologique car ils repr\u00e9sentaient l\u2019ensemble du patrimoine culturel ethnologique du massif. \u00c0 cette \u00e9poque, il s\u2019agit du premier espace reconnu avec cette d\u00e9claration culturelle dans toute la Catalogne. Il convient d\u2019ajouter que les Gavarres foisonnent d\u2019\u00e9l\u00e9ments arch\u00e9ologiques, dont des monuments m\u00e9galithiques.<\/p>\n<p>Enfin, si vous venez faire un tour dans les Gavarres, vous ne partirez pas sans avoir vu l\u2019une des anciennes \u00e9glises paroissiales qui, \u00e0 l\u2019\u00e9poque, structur\u00e8rent le peuplement du massif et cristallis\u00e8rent les relations au sein des villages et religieuses. Les Gavarres sont accessibles \u00e0 tous puisqu\u2019il s\u2019agit de montagnes au doux relief. Le plus haut sommet, le Puig de la Gavarra, culmine \u00e0\u00a0532\u00a0m\u00e8tres d\u2019altitude.<\/p>\n","protected":false},"excerpt":{"rendered":"<p>Le massif des Gavarres comprend des territoires des cantons du Baix Empord\u00e0 et du G\u00e9ronais. Plus concr\u00e8tement,\u00a020\u00a0communes forment cet espace reconnu et prot\u00e9g\u00e9 pour ses valeurs naturelles et culturelles. D\u2019un c\u00f4t\u00e9, en\u00a01992, il fut d\u00e9clar\u00e9 Espace naturel prot\u00e9g\u00e9 par le Plan d\u2019Espaces d\u2019Int\u00e9r\u00eats Naturel puisqu\u2019on y trouve les for\u00eats de ch\u00eanes-li\u00e8ges et les for\u00eats de [&hellip;]<\/p>\n","protected":false},"author":5,"featured_media":18196,"parent":19790,"menu_order":0,"comment_status":"closed","ping_status":"closed","template":"page-templates\/fitxa-campanyes-gastronomiques.php","meta":{"_acf_changed":false,"footnotes":""},"class_list":["post-19793","page","type-page","status-publish","has-post-thumbnail","hentry"],"acf":[],"yoast_head":"<!-- This site is optimized with the Yoast SEO plugin v27.4 - https:\/\/yoast.com\/product\/yoast-seo-wordpress\/ -->\n<title>Massif des Gavarres - Visit Empord\u00e0<\/title>\n<meta name=\"robots\" content=\"index, follow, max-snippet:-1, max-image-preview:large, max-video-preview:-1\" \/>\n<link rel=\"canonical\" href=\"https:\/\/visitemporda.com\/fr\/recomenacions\/propostes\/territori-i-natura\/espais-naturals-protegits\/parc-natural-del-montgri-les-illes-medes-i-el-baix-ter\/massis-de-les-gavarres\/\" \/>\n<meta property=\"og:locale\" content=\"fr_FR\" \/>\n<meta property=\"og:type\" content=\"article\" \/>\n<meta property=\"og:title\" content=\"Massif des Gavarres - Visit Empord\u00e0\" \/>\n<meta property=\"og:description\" content=\"Le massif des Gavarres comprend des territoires des cantons du Baix Empord\u00e0 et du G\u00e9ronais. Plus concr\u00e8tement,\u00a020\u00a0communes forment cet espace reconnu et prot\u00e9g\u00e9 pour ses valeurs naturelles et culturelles. D\u2019un c\u00f4t\u00e9, en\u00a01992, il fut d\u00e9clar\u00e9 Espace naturel prot\u00e9g\u00e9 par le Plan d\u2019Espaces d\u2019Int\u00e9r\u00eats Naturel puisqu\u2019on y trouve les for\u00eats de ch\u00eanes-li\u00e8ges et les for\u00eats de [&hellip;]\" \/>\n<meta property=\"og:url\" content=\"https:\/\/visitemporda.com\/fr\/recomenacions\/propostes\/territori-i-natura\/espais-naturals-protegits\/parc-natural-del-montgri-les-illes-medes-i-el-baix-ter\/massis-de-les-gavarres\/\" \/>\n<meta property=\"og:site_name\" content=\"Visit Empord\u00e0\" \/>\n<meta property=\"article:publisher\" content=\"https:\/\/www.facebook.com\/baixempordaturisme\" \/>\n<meta property=\"article:modified_time\" content=\"2020-09-16T11:09:50+00:00\" \/>\n<meta property=\"og:image\" content=\"https:\/\/visitemporda.com\/wp-content\/uploads\/2020\/08\/gavarres.jpg\" \/>\n\t<meta property=\"og:image:width\" content=\"2560\" \/>\n\t<meta property=\"og:image:height\" content=\"1920\" \/>\n\t<meta property=\"og:image:type\" content=\"image\/jpeg\" \/>\n<meta name=\"twitter:card\" content=\"summary_large_image\" \/>\n<meta name=\"twitter:site\" content=\"@baixemporda_tur\" \/>\n<meta name=\"twitter:label1\" content=\"Dur\u00e9e de lecture estim\u00e9e\" \/>\n\t<meta name=\"twitter:data1\" content=\"1 minute\" \/>\n<script type=\"application\/ld+json\" class=\"yoast-schema-graph\">{\"@context\":\"https:\\\/\\\/schema.org\",\"@graph\":[{\"@type\":\"WebPage\",\"@id\":\"https:\\\/\\\/visitemporda.com\\\/fr\\\/recomenacions\\\/propostes\\\/territori-i-natura\\\/espais-naturals-protegits\\\/parc-natural-del-montgri-les-illes-medes-i-el-baix-ter\\\/massis-de-les-gavarres\\\/\",\"url\":\"https:\\\/\\\/visitemporda.com\\\/fr\\\/recomenacions\\\/propostes\\\/territori-i-natura\\\/espais-naturals-protegits\\\/parc-natural-del-montgri-les-illes-medes-i-el-baix-ter\\\/massis-de-les-gavarres\\\/\",\"name\":\"Massif des Gavarres - Visit Empord\u00e0\",\"isPartOf\":{\"@id\":\"https:\\\/\\\/visitemporda.com\\\/fr\\\/#website\"},\"primaryImageOfPage\":{\"@id\":\"https:\\\/\\\/visitemporda.com\\\/fr\\\/recomenacions\\\/propostes\\\/territori-i-natura\\\/espais-naturals-protegits\\\/parc-natural-del-montgri-les-illes-medes-i-el-baix-ter\\\/massis-de-les-gavarres\\\/#primaryimage\"},\"image\":{\"@id\":\"https:\\\/\\\/visitemporda.com\\\/fr\\\/recomenacions\\\/propostes\\\/territori-i-natura\\\/espais-naturals-protegits\\\/parc-natural-del-montgri-les-illes-medes-i-el-baix-ter\\\/massis-de-les-gavarres\\\/#primaryimage\"},\"thumbnailUrl\":\"https:\\\/\\\/visitemporda.com\\\/wp-content\\\/uploads\\\/2020\\\/08\\\/gavarres.jpg\",\"datePublished\":\"2020-08-07T13:22:34+00:00\",\"dateModified\":\"2020-09-16T11:09:50+00:00\",\"breadcrumb\":{\"@id\":\"https:\\\/\\\/visitemporda.com\\\/fr\\\/recomenacions\\\/propostes\\\/territori-i-natura\\\/espais-naturals-protegits\\\/parc-natural-del-montgri-les-illes-medes-i-el-baix-ter\\\/massis-de-les-gavarres\\\/#breadcrumb\"},\"inLanguage\":\"fr-FR\",\"potentialAction\":[{\"@type\":\"ReadAction\",\"target\":[\"https:\\\/\\\/visitemporda.com\\\/fr\\\/recomenacions\\\/propostes\\\/territori-i-natura\\\/espais-naturals-protegits\\\/parc-natural-del-montgri-les-illes-medes-i-el-baix-ter\\\/massis-de-les-gavarres\\\/\"]}]},{\"@type\":\"ImageObject\",\"inLanguage\":\"fr-FR\",\"@id\":\"https:\\\/\\\/visitemporda.com\\\/fr\\\/recomenacions\\\/propostes\\\/territori-i-natura\\\/espais-naturals-protegits\\\/parc-natural-del-montgri-les-illes-medes-i-el-baix-ter\\\/massis-de-les-gavarres\\\/#primaryimage\",\"url\":\"https:\\\/\\\/visitemporda.com\\\/wp-content\\\/uploads\\\/2020\\\/08\\\/gavarres.jpg\",\"contentUrl\":\"https:\\\/\\\/visitemporda.com\\\/wp-content\\\/uploads\\\/2020\\\/08\\\/gavarres.jpg\",\"width\":2560,\"height\":1920,\"caption\":\"Les Gavarres. Muntanya verda\"},{\"@type\":\"BreadcrumbList\",\"@id\":\"https:\\\/\\\/visitemporda.com\\\/fr\\\/recomenacions\\\/propostes\\\/territori-i-natura\\\/espais-naturals-protegits\\\/parc-natural-del-montgri-les-illes-medes-i-el-baix-ter\\\/massis-de-les-gavarres\\\/#breadcrumb\",\"itemListElement\":[{\"@type\":\"ListItem\",\"position\":1,\"name\":\"Inici\",\"item\":\"https:\\\/\\\/visitemporda.com\\\/fr\\\/\"},{\"@type\":\"ListItem\",\"position\":2,\"name\":\"Recommandations\",\"item\":\"https:\\\/\\\/visitemporda.com\\\/fr\\\/recomenacions\\\/\"},{\"@type\":\"ListItem\",\"position\":3,\"name\":\"Quoi faire\",\"item\":\"https:\\\/\\\/visitemporda.com\\\/fr\\\/recomenacions\\\/propostes\\\/\"},{\"@type\":\"ListItem\",\"position\":4,\"name\":\"Propositions de nature\",\"item\":\"https:\\\/\\\/visitemporda.com\\\/fr\\\/recomenacions\\\/propostes\\\/territori-i-natura\\\/\"},{\"@type\":\"ListItem\",\"position\":5,\"name\":\"Espaces naturels prot\u00e9g\u00e9s\",\"item\":\"https:\\\/\\\/visitemporda.com\\\/fr\\\/recomenacions\\\/propostes\\\/territori-i-natura\\\/espais-naturals-protegits\\\/\"},{\"@type\":\"ListItem\",\"position\":6,\"name\":\"Parc Naturel du Montgr\u00ed, les \u00celes Medes et le Baix Ter\",\"item\":\"https:\\\/\\\/visitemporda.com\\\/fr\\\/recomenacions\\\/propostes\\\/territori-i-natura\\\/espais-naturals-protegits\\\/parc-natural-del-montgri-les-illes-medes-i-el-baix-ter\\\/\"},{\"@type\":\"ListItem\",\"position\":7,\"name\":\"Massif des Gavarres\"}]},{\"@type\":\"WebSite\",\"@id\":\"https:\\\/\\\/visitemporda.com\\\/fr\\\/#website\",\"url\":\"https:\\\/\\\/visitemporda.com\\\/fr\\\/\",\"name\":\"Visit Empord\u00e0\",\"description\":\"Site officiel du tourisme du Baix Empord\u00e0\",\"publisher\":{\"@id\":\"https:\\\/\\\/visitemporda.com\\\/fr\\\/#organization\"},\"potentialAction\":[{\"@type\":\"SearchAction\",\"target\":{\"@type\":\"EntryPoint\",\"urlTemplate\":\"https:\\\/\\\/visitemporda.com\\\/fr\\\/?s={search_term_string}\"},\"query-input\":{\"@type\":\"PropertyValueSpecification\",\"valueRequired\":true,\"valueName\":\"search_term_string\"}}],\"inLanguage\":\"fr-FR\"},{\"@type\":\"Organization\",\"@id\":\"https:\\\/\\\/visitemporda.com\\\/fr\\\/#organization\",\"name\":\"Consell Comarcal del Baix Empord\u00e0\",\"url\":\"https:\\\/\\\/visitemporda.com\\\/fr\\\/\",\"logo\":{\"@type\":\"ImageObject\",\"inLanguage\":\"fr-FR\",\"@id\":\"https:\\\/\\\/visitemporda.com\\\/fr\\\/#\\\/schema\\\/logo\\\/image\\\/\",\"url\":\"https:\\\/\\\/visitemporda.com\\\/wp-content\\\/uploads\\\/2024\\\/11\\\/Logotip_CCBE.png\",\"contentUrl\":\"https:\\\/\\\/visitemporda.com\\\/wp-content\\\/uploads\\\/2024\\\/11\\\/Logotip_CCBE.png\",\"width\":3617,\"height\":3617,\"caption\":\"Consell Comarcal del Baix Empord\u00e0\"},\"image\":{\"@id\":\"https:\\\/\\\/visitemporda.com\\\/fr\\\/#\\\/schema\\\/logo\\\/image\\\/\"},\"sameAs\":[\"https:\\\/\\\/www.facebook.com\\\/baixempordaturisme\",\"https:\\\/\\\/x.com\\\/baixemporda_tur\",\"https:\\\/\\\/www.instagram.com\\\/visitemporda\"]}]}<\/script>\n<!-- \/ Yoast SEO plugin. -->","yoast_head_json":{"title":"Massif des Gavarres - Visit Empord\u00e0","robots":{"index":"index","follow":"follow","max-snippet":"max-snippet:-1","max-image-preview":"max-image-preview:large","max-video-preview":"max-video-preview:-1"},"canonical":"https:\/\/visitemporda.com\/fr\/recomenacions\/propostes\/territori-i-natura\/espais-naturals-protegits\/parc-natural-del-montgri-les-illes-medes-i-el-baix-ter\/massis-de-les-gavarres\/","og_locale":"fr_FR","og_type":"article","og_title":"Massif des Gavarres - Visit Empord\u00e0","og_description":"Le massif des Gavarres comprend des territoires des cantons du Baix Empord\u00e0 et du G\u00e9ronais. Plus concr\u00e8tement,\u00a020\u00a0communes forment cet espace reconnu et prot\u00e9g\u00e9 pour ses valeurs naturelles et culturelles. D\u2019un c\u00f4t\u00e9, en\u00a01992, il fut d\u00e9clar\u00e9 Espace naturel prot\u00e9g\u00e9 par le Plan d\u2019Espaces d\u2019Int\u00e9r\u00eats Naturel puisqu\u2019on y trouve les for\u00eats de ch\u00eanes-li\u00e8ges et les for\u00eats de [&hellip;]","og_url":"https:\/\/visitemporda.com\/fr\/recomenacions\/propostes\/territori-i-natura\/espais-naturals-protegits\/parc-natural-del-montgri-les-illes-medes-i-el-baix-ter\/massis-de-les-gavarres\/","og_site_name":"Visit Empord\u00e0","article_publisher":"https:\/\/www.facebook.com\/baixempordaturisme","article_modified_time":"2020-09-16T11:09:50+00:00","og_image":[{"width":2560,"height":1920,"url":"https:\/\/visitemporda.com\/wp-content\/uploads\/2020\/08\/gavarres.jpg","type":"image\/jpeg"}],"twitter_card":"summary_large_image","twitter_site":"@baixemporda_tur","twitter_misc":{"Dur\u00e9e de lecture estim\u00e9e":"1 minute"},"schema":{"@context":"https:\/\/schema.org","@graph":[{"@type":"WebPage","@id":"https:\/\/visitemporda.com\/fr\/recomenacions\/propostes\/territori-i-natura\/espais-naturals-protegits\/parc-natural-del-montgri-les-illes-medes-i-el-baix-ter\/massis-de-les-gavarres\/","url":"https:\/\/visitemporda.com\/fr\/recomenacions\/propostes\/territori-i-natura\/espais-naturals-protegits\/parc-natural-del-montgri-les-illes-medes-i-el-baix-ter\/massis-de-les-gavarres\/","name":"Massif des Gavarres - Visit Empord\u00e0","isPartOf":{"@id":"https:\/\/visitemporda.com\/fr\/#website"},"primaryImageOfPage":{"@id":"https:\/\/visitemporda.com\/fr\/recomenacions\/propostes\/territori-i-natura\/espais-naturals-protegits\/parc-natural-del-montgri-les-illes-medes-i-el-baix-ter\/massis-de-les-gavarres\/#primaryimage"},"image":{"@id":"https:\/\/visitemporda.com\/fr\/recomenacions\/propostes\/territori-i-natura\/espais-naturals-protegits\/parc-natural-del-montgri-les-illes-medes-i-el-baix-ter\/massis-de-les-gavarres\/#primaryimage"},"thumbnailUrl":"https:\/\/visitemporda.com\/wp-content\/uploads\/2020\/08\/gavarres.jpg","datePublished":"2020-08-07T13:22:34+00:00","dateModified":"2020-09-16T11:09:50+00:00","breadcrumb":{"@id":"https:\/\/visitemporda.com\/fr\/recomenacions\/propostes\/territori-i-natura\/espais-naturals-protegits\/parc-natural-del-montgri-les-illes-medes-i-el-baix-ter\/massis-de-les-gavarres\/#breadcrumb"},"inLanguage":"fr-FR","potentialAction":[{"@type":"ReadAction","target":["https:\/\/visitemporda.com\/fr\/recomenacions\/propostes\/territori-i-natura\/espais-naturals-protegits\/parc-natural-del-montgri-les-illes-medes-i-el-baix-ter\/massis-de-les-gavarres\/"]}]},{"@type":"ImageObject","inLanguage":"fr-FR","@id":"https:\/\/visitemporda.com\/fr\/recomenacions\/propostes\/territori-i-natura\/espais-naturals-protegits\/parc-natural-del-montgri-les-illes-medes-i-el-baix-ter\/massis-de-les-gavarres\/#primaryimage","url":"https:\/\/visitemporda.com\/wp-content\/uploads\/2020\/08\/gavarres.jpg","contentUrl":"https:\/\/visitemporda.com\/wp-content\/uploads\/2020\/08\/gavarres.jpg","width":2560,"height":1920,"caption":"Les Gavarres. Muntanya verda"},{"@type":"BreadcrumbList","@id":"https:\/\/visitemporda.com\/fr\/recomenacions\/propostes\/territori-i-natura\/espais-naturals-protegits\/parc-natural-del-montgri-les-illes-medes-i-el-baix-ter\/massis-de-les-gavarres\/#breadcrumb","itemListElement":[{"@type":"ListItem","position":1,"name":"Inici","item":"https:\/\/visitemporda.com\/fr\/"},{"@type":"ListItem","position":2,"name":"Recommandations","item":"https:\/\/visitemporda.com\/fr\/recomenacions\/"},{"@type":"ListItem","position":3,"name":"Quoi faire","item":"https:\/\/visitemporda.com\/fr\/recomenacions\/propostes\/"},{"@type":"ListItem","position":4,"name":"Propositions de nature","item":"https:\/\/visitemporda.com\/fr\/recomenacions\/propostes\/territori-i-natura\/"},{"@type":"ListItem","position":5,"name":"Espaces naturels prot\u00e9g\u00e9s","item":"https:\/\/visitemporda.com\/fr\/recomenacions\/propostes\/territori-i-natura\/espais-naturals-protegits\/"},{"@type":"ListItem","position":6,"name":"Parc Naturel du Montgr\u00ed, les \u00celes Medes et le Baix Ter","item":"https:\/\/visitemporda.com\/fr\/recomenacions\/propostes\/territori-i-natura\/espais-naturals-protegits\/parc-natural-del-montgri-les-illes-medes-i-el-baix-ter\/"},{"@type":"ListItem","position":7,"name":"Massif des Gavarres"}]},{"@type":"WebSite","@id":"https:\/\/visitemporda.com\/fr\/#website","url":"https:\/\/visitemporda.com\/fr\/","name":"Visit Empord\u00e0","description":"Site officiel du tourisme du Baix Empord\u00e0","publisher":{"@id":"https:\/\/visitemporda.com\/fr\/#organization"},"potentialAction":[{"@type":"SearchAction","target":{"@type":"EntryPoint","urlTemplate":"https:\/\/visitemporda.com\/fr\/?s={search_term_string}"},"query-input":{"@type":"PropertyValueSpecification","valueRequired":true,"valueName":"search_term_string"}}],"inLanguage":"fr-FR"},{"@type":"Organization","@id":"https:\/\/visitemporda.com\/fr\/#organization","name":"Consell Comarcal del Baix Empord\u00e0","url":"https:\/\/visitemporda.com\/fr\/","logo":{"@type":"ImageObject","inLanguage":"fr-FR","@id":"https:\/\/visitemporda.com\/fr\/#\/schema\/logo\/image\/","url":"https:\/\/visitemporda.com\/wp-content\/uploads\/2024\/11\/Logotip_CCBE.png","contentUrl":"https:\/\/visitemporda.com\/wp-content\/uploads\/2024\/11\/Logotip_CCBE.png","width":3617,"height":3617,"caption":"Consell Comarcal del Baix Empord\u00e0"},"image":{"@id":"https:\/\/visitemporda.com\/fr\/#\/schema\/logo\/image\/"},"sameAs":["https:\/\/www.facebook.com\/baixempordaturisme","https:\/\/x.com\/baixemporda_tur","https:\/\/www.instagram.com\/visitemporda"]}]}},"_links":{"self":[{"href":"https:\/\/visitemporda.com\/fr\/wp-json\/wp\/v2\/pages\/19793","targetHints":{"allow":["GET"]}}],"collection":[{"href":"https:\/\/visitemporda.com\/fr\/wp-json\/wp\/v2\/pages"}],"about":[{"href":"https:\/\/visitemporda.com\/fr\/wp-json\/wp\/v2\/types\/page"}],"author":[{"embeddable":true,"href":"https:\/\/visitemporda.com\/fr\/wp-json\/wp\/v2\/users\/5"}],"replies":[{"embeddable":true,"href":"https:\/\/visitemporda.com\/fr\/wp-json\/wp\/v2\/comments?post=19793"}],"version-history":[{"count":1,"href":"https:\/\/visitemporda.com\/fr\/wp-json\/wp\/v2\/pages\/19793\/revisions"}],"predecessor-version":[{"id":19794,"href":"https:\/\/visitemporda.com\/fr\/wp-json\/wp\/v2\/pages\/19793\/revisions\/19794"}],"up":[{"embeddable":true,"href":"https:\/\/visitemporda.com\/fr\/wp-json\/wp\/v2\/pages\/19790"}],"wp:featuredmedia":[{"embeddable":true,"href":"https:\/\/visitemporda.com\/fr\/wp-json\/wp\/v2\/media\/18196"}],"wp:attachment":[{"href":"https:\/\/visitemporda.com\/fr\/wp-json\/wp\/v2\/media?parent=19793"}],"curies":[{"name":"wp","href":"https:\/\/api.w.org\/{rel}","templated":true}]}}