

{"id":19787,"date":"2020-08-07T15:16:46","date_gmt":"2020-08-07T13:16:46","guid":{"rendered":"http:\/\/visitemporda.com\/propostes\/territori-i-natura\/espais-naturals-protegits\/espai-natural-castell-cap-roig\/"},"modified":"2020-09-16T13:02:57","modified_gmt":"2020-09-16T11:02:57","slug":"espai-natural-castell-cap-roig","status":"publish","type":"page","link":"https:\/\/visitemporda.com\/fr\/recomenacions\/propostes\/territori-i-natura\/espais-naturals-protegits\/espai-natural-castell-cap-roig\/","title":{"rendered":"Espace naturel Castell-Cap Roig"},"content":{"rendered":"<p>Castell Cap Roig est un lieu tr\u00e8s important au niveau \u00e9cologique, culturel et paysager. Sa surface totale de\u00a01\u00a0105,63\u00a0ha est distribu\u00e9e de la mani\u00e8re suivante\u00a0:\u00a0427,95\u00a0ha de terre et\u00a0677,68\u00a0ha de mer. L\u2019espace est situ\u00e9 dans les communes de Palam\u00f3s, Palafrugell et Mont-Ras.<br \/>\nIl rassemble toute l\u2019essence de la Costa\u00a0Brava avec\u00a0une mosa\u00efque tr\u00e8s int\u00e9ressante d\u2019espaces agro-forestiers en contact avec la mer, un petit mar\u00e9cage \u00e0 l&rsquo;abri de la Plage de Castell, de petites calanques\u00a0et falaises abruptes. L\u2019immense plaine agricole qui arrive presque jusqu\u2019\u00e0 la mer singularise l\u2019espace, comme l\u2019un des derniers espaces bien conserv\u00e9s du littoral g\u00e9ronais.<br \/>\nL\u2019espace accueille un nombre important d\u2019esp\u00e8ces\u00a0de faune et de flore\u00a0prot\u00e9g\u00e9es, aussi bien\u00a0terrestres que marines \u00a0dont\u00a0les oiseaux,\u00a0avec des \u00e9l\u00e9ments singuliers comme le Cormoran hupp\u00e9, tr\u00e8s pr\u00e9sent toute l\u2019ann\u00e9e,\u00a0les puffins,\u00a0les rapaces et\u00a0un grand\u00a0nombre d\u2019esp\u00e8ces d\u2019oiseaux passeriformes. L\u2019espace marin est couramment fr\u00e9quent\u00e9 par des c\u00e9tac\u00e9s, dont des dauphins ray\u00e9s et souffleurs. L\u2019eau\u00a0conserve d&rsquo;importantes extensions de prairies de <em>Posid\u00f2nia oce\u00e0nica<\/em>, des communaut\u00e9s d\u2019algues tr\u00e8s int\u00e9ressantes.\u00a0Autour des \u00celes Formigues, on trouve la communaut\u00e9 du Corail et sa biodiversit\u00e9 \u00e9lev\u00e9e.<br \/>\nCastell Cap Roig foisonne d\u2019\u00e9l\u00e9ments historiques importants, tels que le Poblat Ib\u00e8ric (Village ib\u00e9rique) situ\u00e9 \u00e0 l&rsquo;est de la plage de Castell, les maisons de p\u00eacheur de Castell, Cala Estreta ou El crit, et el Castell et le Jardin botanique de Cap Roig \u00e0 l\u2019extr\u00eame nord de l\u2019espace.<br \/>\nCastell est entour\u00e9 du <strong>Mas Juny<\/strong>, d\u00e9clar\u00e9 bien Culturel d\u2019Int\u00e9r\u00eat National (abr\u00e9g\u00e9 plus loin BCIN), qui appartint au peintre <strong>Josep Maria Sert <\/strong>pendant les ann\u00e9es trente. La pr\u00e9sence de cet artiste international incita des personnalit\u00e9s comme Marlene Dietrich, Coco Chanel, Visconti ou le jeune Salvador Dal\u00ed \u00e0 se rendre sur la Costa Brava. Castell est l\u2019une des r\u00e9f\u00e9rences de la <strong>Costa Brava glamour <\/strong>et des d\u00e9buts du tourisme.<br \/>\nLe peintre Sert est \u00e9galement pr\u00e9sent sur la plage avec l\u2019ensemble connu sous le nom des <strong>Barraques d\u2019en Sert<\/strong>, tr\u00e8s pittoresque. Le mas Juny fut acquis post\u00e9rieurement par Alberto Puig Palau, m\u00e9c\u00e8ne immortalis\u00e9 par Joan Manuel Serrat dans la chanson <em>Tio Alberto<\/em>. Puig Palau entretint le rayonnement international du lieu, en s\u2019arrangeant pour que le tournage mythique de <em>Pandora i l\u2019holand\u00e8s errant <\/em>(avec l\u2019actrice Ava Gadner en\u00a01951) ait lieu sur la Costa Brava ou en construisant la c\u00e9l\u00e8bre <strong>Barraca d\u2019en Dal\u00ed, <\/strong>sur les terrains du mas, o\u00f9 le c\u00e9l\u00e8bre peintre s\u00e9journa, par exemple.<br \/>\nCastell est \u00e9galement l\u2019un des embl\u00e8mes de <strong>La lutte pour la conservation des espaces\u00a0naturels du pays. <\/strong>Ses terrains et la Plaine de Castell appartiennent en partie \u00e0 la Generalitat de Catalunya (G\u00e9n\u00e9ralit\u00e9 de Catalogne) depuis 2000, apr\u00e8s que la tr\u00e8s forte mobilisation populaire a amen\u00e9 la Mairie de Palam\u00f3s, en 1994, \u00e0 organiser un r\u00e9f\u00e9rendum au cours duquel une grande majorit\u00e9 de citoyens se montra favorable \u00e0 sa protection, en en \u00e9vitant ainsi l\u2019urbanisation.<br \/>\nEn \u00e9t\u00e9, l\u2019espace dispose d\u2019une zone de stationnement dans la zone de Castell et de services sur cette plage. Pendant cette p\u00e9riode, l\u2019acc\u00e8s motoris\u00e9 \u00e0 l\u2019espace est r\u00e9glement\u00e9 car uniquement accessible \u00e0 pied.<br \/>\nL\u2019espace poss\u00e8de un r\u00e9seau \u00e9tendu de sentiers et de pistes cyclables\u00a0\u00e0 visiter, dont, le Chemin de Ronde\u00a0qui\u00a0relie Palam\u00f3s et Palafrugell par le littoral en passant par les principales calanques de l\u2019espace naturel,\u00a0la voie verte du Petit Train dans les terres, sp\u00e9cialement con\u00e7ue pour \u00eatre parcourue \u00e0 v\u00e9lo, et le\u00a0long sentier GR 92, qui traverse l\u2019espace par les terres\u00a0du sud au nord.<\/p>\n","protected":false},"excerpt":{"rendered":"<p>Castell Cap Roig est un lieu tr\u00e8s important au niveau \u00e9cologique, culturel et paysager. Sa surface totale de\u00a01\u00a0105,63\u00a0ha est distribu\u00e9e de la mani\u00e8re suivante\u00a0:\u00a0427,95\u00a0ha de terre et\u00a0677,68\u00a0ha de mer. L\u2019espace est situ\u00e9 dans les communes de Palam\u00f3s, Palafrugell et Mont-Ras. Il rassemble toute l\u2019essence de la Costa\u00a0Brava avec\u00a0une mosa\u00efque tr\u00e8s int\u00e9ressante d\u2019espaces agro-forestiers en contact [&hellip;]<\/p>\n","protected":false},"author":5,"featured_media":18204,"parent":19782,"menu_order":0,"comment_status":"closed","ping_status":"closed","template":"page-templates\/fitxa-campanyes-gastronomiques.php","meta":{"_acf_changed":false,"footnotes":""},"class_list":["post-19787","page","type-page","status-publish","has-post-thumbnail","hentry"],"acf":[],"yoast_head":"<!-- This site is optimized with the Yoast SEO plugin v27.4 - https:\/\/yoast.com\/product\/yoast-seo-wordpress\/ -->\n<title>Espace naturel Castell-Cap Roig - Visit Empord\u00e0<\/title>\n<meta name=\"robots\" content=\"index, follow, max-snippet:-1, max-image-preview:large, max-video-preview:-1\" \/>\n<link rel=\"canonical\" href=\"https:\/\/visitemporda.com\/fr\/recomenacions\/propostes\/territori-i-natura\/espais-naturals-protegits\/espai-natural-castell-cap-roig\/\" \/>\n<meta property=\"og:locale\" content=\"fr_FR\" \/>\n<meta property=\"og:type\" content=\"article\" \/>\n<meta property=\"og:title\" content=\"Espace naturel Castell-Cap Roig - Visit Empord\u00e0\" \/>\n<meta property=\"og:description\" content=\"Castell Cap Roig est un lieu tr\u00e8s important au niveau \u00e9cologique, culturel et paysager. Sa surface totale de\u00a01\u00a0105,63\u00a0ha est distribu\u00e9e de la mani\u00e8re suivante\u00a0:\u00a0427,95\u00a0ha de terre et\u00a0677,68\u00a0ha de mer. L\u2019espace est situ\u00e9 dans les communes de Palam\u00f3s, Palafrugell et Mont-Ras. Il rassemble toute l\u2019essence de la Costa\u00a0Brava avec\u00a0une mosa\u00efque tr\u00e8s int\u00e9ressante d\u2019espaces agro-forestiers en contact [&hellip;]\" \/>\n<meta property=\"og:url\" content=\"https:\/\/visitemporda.com\/fr\/recomenacions\/propostes\/territori-i-natura\/espais-naturals-protegits\/espai-natural-castell-cap-roig\/\" \/>\n<meta property=\"og:site_name\" content=\"Visit Empord\u00e0\" \/>\n<meta property=\"article:publisher\" content=\"https:\/\/www.facebook.com\/baixempordaturisme\" \/>\n<meta property=\"article:modified_time\" content=\"2020-09-16T11:02:57+00:00\" \/>\n<meta property=\"og:image\" content=\"https:\/\/visitemporda.com\/wp-content\/uploads\/2020\/08\/Visis\u00f2-a\u00e8rea-Poblai-IBeric-Castell-1024x576.jpg\" \/>\n\t<meta property=\"og:image:width\" content=\"1024\" \/>\n\t<meta property=\"og:image:height\" content=\"576\" \/>\n\t<meta property=\"og:image:type\" content=\"image\/jpeg\" \/>\n<meta name=\"twitter:card\" content=\"summary_large_image\" \/>\n<meta name=\"twitter:site\" content=\"@baixemporda_tur\" \/>\n<meta name=\"twitter:label1\" content=\"Dur\u00e9e de lecture estim\u00e9e\" \/>\n\t<meta name=\"twitter:data1\" content=\"3 minutes\" \/>\n<script type=\"application\/ld+json\" class=\"yoast-schema-graph\">{\"@context\":\"https:\\\/\\\/schema.org\",\"@graph\":[{\"@type\":\"WebPage\",\"@id\":\"https:\\\/\\\/visitemporda.com\\\/fr\\\/recomenacions\\\/propostes\\\/territori-i-natura\\\/espais-naturals-protegits\\\/espai-natural-castell-cap-roig\\\/\",\"url\":\"https:\\\/\\\/visitemporda.com\\\/fr\\\/recomenacions\\\/propostes\\\/territori-i-natura\\\/espais-naturals-protegits\\\/espai-natural-castell-cap-roig\\\/\",\"name\":\"Espace naturel Castell-Cap Roig - Visit Empord\u00e0\",\"isPartOf\":{\"@id\":\"https:\\\/\\\/visitemporda.com\\\/fr\\\/#website\"},\"primaryImageOfPage\":{\"@id\":\"https:\\\/\\\/visitemporda.com\\\/fr\\\/recomenacions\\\/propostes\\\/territori-i-natura\\\/espais-naturals-protegits\\\/espai-natural-castell-cap-roig\\\/#primaryimage\"},\"image\":{\"@id\":\"https:\\\/\\\/visitemporda.com\\\/fr\\\/recomenacions\\\/propostes\\\/territori-i-natura\\\/espais-naturals-protegits\\\/espai-natural-castell-cap-roig\\\/#primaryimage\"},\"thumbnailUrl\":\"https:\\\/\\\/visitemporda.com\\\/wp-content\\\/uploads\\\/2020\\\/08\\\/Visis\u00f2-a\u00e8rea-Poblai-IBeric-Castell.jpg\",\"datePublished\":\"2020-08-07T13:16:46+00:00\",\"dateModified\":\"2020-09-16T11:02:57+00:00\",\"breadcrumb\":{\"@id\":\"https:\\\/\\\/visitemporda.com\\\/fr\\\/recomenacions\\\/propostes\\\/territori-i-natura\\\/espais-naturals-protegits\\\/espai-natural-castell-cap-roig\\\/#breadcrumb\"},\"inLanguage\":\"fr-FR\",\"potentialAction\":[{\"@type\":\"ReadAction\",\"target\":[\"https:\\\/\\\/visitemporda.com\\\/fr\\\/recomenacions\\\/propostes\\\/territori-i-natura\\\/espais-naturals-protegits\\\/espai-natural-castell-cap-roig\\\/\"]}]},{\"@type\":\"ImageObject\",\"inLanguage\":\"fr-FR\",\"@id\":\"https:\\\/\\\/visitemporda.com\\\/fr\\\/recomenacions\\\/propostes\\\/territori-i-natura\\\/espais-naturals-protegits\\\/espai-natural-castell-cap-roig\\\/#primaryimage\",\"url\":\"https:\\\/\\\/visitemporda.com\\\/wp-content\\\/uploads\\\/2020\\\/08\\\/Visis\u00f2-a\u00e8rea-Poblai-IBeric-Castell.jpg\",\"contentUrl\":\"https:\\\/\\\/visitemporda.com\\\/wp-content\\\/uploads\\\/2020\\\/08\\\/Visis\u00f2-a\u00e8rea-Poblai-IBeric-Castell.jpg\",\"width\":4000,\"height\":2250,\"caption\":\"DCIM100MEDIADJI_0020.JPG\"},{\"@type\":\"BreadcrumbList\",\"@id\":\"https:\\\/\\\/visitemporda.com\\\/fr\\\/recomenacions\\\/propostes\\\/territori-i-natura\\\/espais-naturals-protegits\\\/espai-natural-castell-cap-roig\\\/#breadcrumb\",\"itemListElement\":[{\"@type\":\"ListItem\",\"position\":1,\"name\":\"Inici\",\"item\":\"https:\\\/\\\/visitemporda.com\\\/fr\\\/\"},{\"@type\":\"ListItem\",\"position\":2,\"name\":\"Recommandations\",\"item\":\"https:\\\/\\\/visitemporda.com\\\/fr\\\/recomenacions\\\/\"},{\"@type\":\"ListItem\",\"position\":3,\"name\":\"Quoi faire\",\"item\":\"https:\\\/\\\/visitemporda.com\\\/fr\\\/recomenacions\\\/propostes\\\/\"},{\"@type\":\"ListItem\",\"position\":4,\"name\":\"Propositions de nature\",\"item\":\"https:\\\/\\\/visitemporda.com\\\/fr\\\/recomenacions\\\/propostes\\\/territori-i-natura\\\/\"},{\"@type\":\"ListItem\",\"position\":5,\"name\":\"Espaces naturels prot\u00e9g\u00e9s\",\"item\":\"https:\\\/\\\/visitemporda.com\\\/fr\\\/recomenacions\\\/propostes\\\/territori-i-natura\\\/espais-naturals-protegits\\\/\"},{\"@type\":\"ListItem\",\"position\":6,\"name\":\"Espace naturel Castell-Cap Roig\"}]},{\"@type\":\"WebSite\",\"@id\":\"https:\\\/\\\/visitemporda.com\\\/fr\\\/#website\",\"url\":\"https:\\\/\\\/visitemporda.com\\\/fr\\\/\",\"name\":\"Visit Empord\u00e0\",\"description\":\"Site officiel du tourisme du Baix Empord\u00e0\",\"publisher\":{\"@id\":\"https:\\\/\\\/visitemporda.com\\\/fr\\\/#organization\"},\"potentialAction\":[{\"@type\":\"SearchAction\",\"target\":{\"@type\":\"EntryPoint\",\"urlTemplate\":\"https:\\\/\\\/visitemporda.com\\\/fr\\\/?s={search_term_string}\"},\"query-input\":{\"@type\":\"PropertyValueSpecification\",\"valueRequired\":true,\"valueName\":\"search_term_string\"}}],\"inLanguage\":\"fr-FR\"},{\"@type\":\"Organization\",\"@id\":\"https:\\\/\\\/visitemporda.com\\\/fr\\\/#organization\",\"name\":\"Consell Comarcal del Baix Empord\u00e0\",\"url\":\"https:\\\/\\\/visitemporda.com\\\/fr\\\/\",\"logo\":{\"@type\":\"ImageObject\",\"inLanguage\":\"fr-FR\",\"@id\":\"https:\\\/\\\/visitemporda.com\\\/fr\\\/#\\\/schema\\\/logo\\\/image\\\/\",\"url\":\"https:\\\/\\\/visitemporda.com\\\/wp-content\\\/uploads\\\/2024\\\/11\\\/Logotip_CCBE.png\",\"contentUrl\":\"https:\\\/\\\/visitemporda.com\\\/wp-content\\\/uploads\\\/2024\\\/11\\\/Logotip_CCBE.png\",\"width\":3617,\"height\":3617,\"caption\":\"Consell Comarcal del Baix Empord\u00e0\"},\"image\":{\"@id\":\"https:\\\/\\\/visitemporda.com\\\/fr\\\/#\\\/schema\\\/logo\\\/image\\\/\"},\"sameAs\":[\"https:\\\/\\\/www.facebook.com\\\/baixempordaturisme\",\"https:\\\/\\\/x.com\\\/baixemporda_tur\",\"https:\\\/\\\/www.instagram.com\\\/visitemporda\"]}]}<\/script>\n<!-- \/ Yoast SEO plugin. -->","yoast_head_json":{"title":"Espace naturel Castell-Cap Roig - Visit Empord\u00e0","robots":{"index":"index","follow":"follow","max-snippet":"max-snippet:-1","max-image-preview":"max-image-preview:large","max-video-preview":"max-video-preview:-1"},"canonical":"https:\/\/visitemporda.com\/fr\/recomenacions\/propostes\/territori-i-natura\/espais-naturals-protegits\/espai-natural-castell-cap-roig\/","og_locale":"fr_FR","og_type":"article","og_title":"Espace naturel Castell-Cap Roig - Visit Empord\u00e0","og_description":"Castell Cap Roig est un lieu tr\u00e8s important au niveau \u00e9cologique, culturel et paysager. Sa surface totale de\u00a01\u00a0105,63\u00a0ha est distribu\u00e9e de la mani\u00e8re suivante\u00a0:\u00a0427,95\u00a0ha de terre et\u00a0677,68\u00a0ha de mer. L\u2019espace est situ\u00e9 dans les communes de Palam\u00f3s, Palafrugell et Mont-Ras. Il rassemble toute l\u2019essence de la Costa\u00a0Brava avec\u00a0une mosa\u00efque tr\u00e8s int\u00e9ressante d\u2019espaces agro-forestiers en contact [&hellip;]","og_url":"https:\/\/visitemporda.com\/fr\/recomenacions\/propostes\/territori-i-natura\/espais-naturals-protegits\/espai-natural-castell-cap-roig\/","og_site_name":"Visit Empord\u00e0","article_publisher":"https:\/\/www.facebook.com\/baixempordaturisme","article_modified_time":"2020-09-16T11:02:57+00:00","og_image":[{"width":1024,"height":576,"url":"https:\/\/visitemporda.com\/wp-content\/uploads\/2020\/08\/Visis\u00f2-a\u00e8rea-Poblai-IBeric-Castell-1024x576.jpg","type":"image\/jpeg"}],"twitter_card":"summary_large_image","twitter_site":"@baixemporda_tur","twitter_misc":{"Dur\u00e9e de lecture estim\u00e9e":"3 minutes"},"schema":{"@context":"https:\/\/schema.org","@graph":[{"@type":"WebPage","@id":"https:\/\/visitemporda.com\/fr\/recomenacions\/propostes\/territori-i-natura\/espais-naturals-protegits\/espai-natural-castell-cap-roig\/","url":"https:\/\/visitemporda.com\/fr\/recomenacions\/propostes\/territori-i-natura\/espais-naturals-protegits\/espai-natural-castell-cap-roig\/","name":"Espace naturel Castell-Cap Roig - Visit Empord\u00e0","isPartOf":{"@id":"https:\/\/visitemporda.com\/fr\/#website"},"primaryImageOfPage":{"@id":"https:\/\/visitemporda.com\/fr\/recomenacions\/propostes\/territori-i-natura\/espais-naturals-protegits\/espai-natural-castell-cap-roig\/#primaryimage"},"image":{"@id":"https:\/\/visitemporda.com\/fr\/recomenacions\/propostes\/territori-i-natura\/espais-naturals-protegits\/espai-natural-castell-cap-roig\/#primaryimage"},"thumbnailUrl":"https:\/\/visitemporda.com\/wp-content\/uploads\/2020\/08\/Visis\u00f2-a\u00e8rea-Poblai-IBeric-Castell.jpg","datePublished":"2020-08-07T13:16:46+00:00","dateModified":"2020-09-16T11:02:57+00:00","breadcrumb":{"@id":"https:\/\/visitemporda.com\/fr\/recomenacions\/propostes\/territori-i-natura\/espais-naturals-protegits\/espai-natural-castell-cap-roig\/#breadcrumb"},"inLanguage":"fr-FR","potentialAction":[{"@type":"ReadAction","target":["https:\/\/visitemporda.com\/fr\/recomenacions\/propostes\/territori-i-natura\/espais-naturals-protegits\/espai-natural-castell-cap-roig\/"]}]},{"@type":"ImageObject","inLanguage":"fr-FR","@id":"https:\/\/visitemporda.com\/fr\/recomenacions\/propostes\/territori-i-natura\/espais-naturals-protegits\/espai-natural-castell-cap-roig\/#primaryimage","url":"https:\/\/visitemporda.com\/wp-content\/uploads\/2020\/08\/Visis\u00f2-a\u00e8rea-Poblai-IBeric-Castell.jpg","contentUrl":"https:\/\/visitemporda.com\/wp-content\/uploads\/2020\/08\/Visis\u00f2-a\u00e8rea-Poblai-IBeric-Castell.jpg","width":4000,"height":2250,"caption":"DCIM100MEDIADJI_0020.JPG"},{"@type":"BreadcrumbList","@id":"https:\/\/visitemporda.com\/fr\/recomenacions\/propostes\/territori-i-natura\/espais-naturals-protegits\/espai-natural-castell-cap-roig\/#breadcrumb","itemListElement":[{"@type":"ListItem","position":1,"name":"Inici","item":"https:\/\/visitemporda.com\/fr\/"},{"@type":"ListItem","position":2,"name":"Recommandations","item":"https:\/\/visitemporda.com\/fr\/recomenacions\/"},{"@type":"ListItem","position":3,"name":"Quoi faire","item":"https:\/\/visitemporda.com\/fr\/recomenacions\/propostes\/"},{"@type":"ListItem","position":4,"name":"Propositions de nature","item":"https:\/\/visitemporda.com\/fr\/recomenacions\/propostes\/territori-i-natura\/"},{"@type":"ListItem","position":5,"name":"Espaces naturels prot\u00e9g\u00e9s","item":"https:\/\/visitemporda.com\/fr\/recomenacions\/propostes\/territori-i-natura\/espais-naturals-protegits\/"},{"@type":"ListItem","position":6,"name":"Espace naturel Castell-Cap Roig"}]},{"@type":"WebSite","@id":"https:\/\/visitemporda.com\/fr\/#website","url":"https:\/\/visitemporda.com\/fr\/","name":"Visit Empord\u00e0","description":"Site officiel du tourisme du Baix Empord\u00e0","publisher":{"@id":"https:\/\/visitemporda.com\/fr\/#organization"},"potentialAction":[{"@type":"SearchAction","target":{"@type":"EntryPoint","urlTemplate":"https:\/\/visitemporda.com\/fr\/?s={search_term_string}"},"query-input":{"@type":"PropertyValueSpecification","valueRequired":true,"valueName":"search_term_string"}}],"inLanguage":"fr-FR"},{"@type":"Organization","@id":"https:\/\/visitemporda.com\/fr\/#organization","name":"Consell Comarcal del Baix Empord\u00e0","url":"https:\/\/visitemporda.com\/fr\/","logo":{"@type":"ImageObject","inLanguage":"fr-FR","@id":"https:\/\/visitemporda.com\/fr\/#\/schema\/logo\/image\/","url":"https:\/\/visitemporda.com\/wp-content\/uploads\/2024\/11\/Logotip_CCBE.png","contentUrl":"https:\/\/visitemporda.com\/wp-content\/uploads\/2024\/11\/Logotip_CCBE.png","width":3617,"height":3617,"caption":"Consell Comarcal del Baix Empord\u00e0"},"image":{"@id":"https:\/\/visitemporda.com\/fr\/#\/schema\/logo\/image\/"},"sameAs":["https:\/\/www.facebook.com\/baixempordaturisme","https:\/\/x.com\/baixemporda_tur","https:\/\/www.instagram.com\/visitemporda"]}]}},"_links":{"self":[{"href":"https:\/\/visitemporda.com\/fr\/wp-json\/wp\/v2\/pages\/19787","targetHints":{"allow":["GET"]}}],"collection":[{"href":"https:\/\/visitemporda.com\/fr\/wp-json\/wp\/v2\/pages"}],"about":[{"href":"https:\/\/visitemporda.com\/fr\/wp-json\/wp\/v2\/types\/page"}],"author":[{"embeddable":true,"href":"https:\/\/visitemporda.com\/fr\/wp-json\/wp\/v2\/users\/5"}],"replies":[{"embeddable":true,"href":"https:\/\/visitemporda.com\/fr\/wp-json\/wp\/v2\/comments?post=19787"}],"version-history":[{"count":2,"href":"https:\/\/visitemporda.com\/fr\/wp-json\/wp\/v2\/pages\/19787\/revisions"}],"predecessor-version":[{"id":19789,"href":"https:\/\/visitemporda.com\/fr\/wp-json\/wp\/v2\/pages\/19787\/revisions\/19789"}],"up":[{"embeddable":true,"href":"https:\/\/visitemporda.com\/fr\/wp-json\/wp\/v2\/pages\/19782"}],"wp:featuredmedia":[{"embeddable":true,"href":"https:\/\/visitemporda.com\/fr\/wp-json\/wp\/v2\/media\/18204"}],"wp:attachment":[{"href":"https:\/\/visitemporda.com\/fr\/wp-json\/wp\/v2\/media?parent=19787"}],"curies":[{"name":"wp","href":"https:\/\/api.w.org\/{rel}","templated":true}]}}