

{"id":19785,"date":"2020-08-07T15:13:26","date_gmt":"2020-08-07T13:13:26","guid":{"rendered":"http:\/\/visitemporda.com\/propostes\/territori-i-natura\/espais-naturals-protegits\/espai-natural-ardenya-cadiretes\/"},"modified":"2020-09-16T12:59:42","modified_gmt":"2020-09-16T10:59:42","slug":"espai-natural-ardenya-cadiretes","status":"publish","type":"page","link":"https:\/\/visitemporda.com\/fr\/recomenacions\/propostes\/territori-i-natura\/espais-naturals-protegits\/espai-natural-ardenya-cadiretes\/","title":{"rendered":"Espace naturel Ardenya &#8211; Cadiretes"},"content":{"rendered":"<p>Le massif de l\u2019Ardenya ou de Cadiretes est un ensemble de reliefs modestes, mais tr\u00e8s abruptes par endroits, couverts de for\u00eat m\u00e9diterran\u00e9enne pench\u00e9s vers la mer \u00e0 l\u2019est.<br \/>\nCe massif comprend de nombreux \u00e9l\u00e9ments qui ont une grande valeur naturelle, organis\u00e9 comme l\u2019un des espaces les plus biodiversifi\u00e9s des cantons g\u00e9ronais.<br \/>\nLes affleurements granitiques cr\u00e9ent un ensemble d\u2019espaces et de biotopes uniques peupl\u00e9s par des esp\u00e8ces v\u00e9g\u00e9tales et des invert\u00e9br\u00e9s singuliers, o\u00f9 diff\u00e9rentes esp\u00e8ces diverses de rapaces menac\u00e9s trouvent refuge pour se reproduire et \u00e9lever leurs petits.\u00a0 Les diff\u00e9rents versants, vall\u00e9es, d\u00e9pressions et ruisseaux du massif sont des espaces peupl\u00e9s d\u2019esp\u00e8ces v\u00e9g\u00e9tales bor\u00e9ales et centre-europ\u00e9ennes. Ainsi, l\u2019Ardenya accueille de nombreux \u00e9l\u00e9ments de la flore extra-m\u00e9diterran\u00e9enne dans un espace m\u00e9diterran\u00e9en, ce qui le transforme en un espace r\u00e9duit abritant des vestiges repr\u00e9sentatifs d\u2019esp\u00e8ces provenant de l\u2019Atlantique.\u00a0 On y trouve \u00e9galement diff\u00e9rentes esp\u00e8ces de la flore end\u00e9miques ou rares en Catalogne. Des bouts de v\u00e9g\u00e9tation riveraine suivent le cours des rivi\u00e8res et des torrents. Ainsi, le littoral pr\u00e9sente d\u2019int\u00e9ressantes communaut\u00e9s marines encore assez bien conserv\u00e9es.<\/p>\n","protected":false},"excerpt":{"rendered":"<p>Le massif de l\u2019Ardenya ou de Cadiretes est un ensemble de reliefs modestes, mais tr\u00e8s abruptes par endroits, couverts de for\u00eat m\u00e9diterran\u00e9enne pench\u00e9s vers la mer \u00e0 l\u2019est. Ce massif comprend de nombreux \u00e9l\u00e9ments qui ont une grande valeur naturelle, organis\u00e9 comme l\u2019un des espaces les plus biodiversifi\u00e9s des cantons g\u00e9ronais. Les affleurements granitiques cr\u00e9ent [&hellip;]<\/p>\n","protected":false},"author":5,"featured_media":18235,"parent":19782,"menu_order":0,"comment_status":"closed","ping_status":"closed","template":"page-templates\/fitxa-campanyes-gastronomiques.php","meta":{"_acf_changed":false,"footnotes":""},"class_list":["post-19785","page","type-page","status-publish","has-post-thumbnail","hentry"],"acf":[],"yoast_head":"<!-- This site is optimized with the Yoast SEO plugin v27.4 - https:\/\/yoast.com\/product\/yoast-seo-wordpress\/ -->\n<title>Espace naturel Ardenya - Cadiretes - Visit Empord\u00e0<\/title>\n<meta name=\"robots\" content=\"index, follow, max-snippet:-1, max-image-preview:large, max-video-preview:-1\" \/>\n<link rel=\"canonical\" href=\"https:\/\/visitemporda.com\/fr\/recomenacions\/propostes\/territori-i-natura\/espais-naturals-protegits\/espai-natural-ardenya-cadiretes\/\" \/>\n<meta property=\"og:locale\" content=\"fr_FR\" \/>\n<meta property=\"og:type\" content=\"article\" \/>\n<meta property=\"og:title\" content=\"Espace naturel Ardenya - Cadiretes - Visit Empord\u00e0\" \/>\n<meta property=\"og:description\" content=\"Le massif de l\u2019Ardenya ou de Cadiretes est un ensemble de reliefs modestes, mais tr\u00e8s abruptes par endroits, couverts de for\u00eat m\u00e9diterran\u00e9enne pench\u00e9s vers la mer \u00e0 l\u2019est. Ce massif comprend de nombreux \u00e9l\u00e9ments qui ont une grande valeur naturelle, organis\u00e9 comme l\u2019un des espaces les plus biodiversifi\u00e9s des cantons g\u00e9ronais. Les affleurements granitiques cr\u00e9ent [&hellip;]\" \/>\n<meta property=\"og:url\" content=\"https:\/\/visitemporda.com\/fr\/recomenacions\/propostes\/territori-i-natura\/espais-naturals-protegits\/espai-natural-ardenya-cadiretes\/\" \/>\n<meta property=\"og:site_name\" content=\"Visit Empord\u00e0\" \/>\n<meta property=\"article:publisher\" content=\"https:\/\/www.facebook.com\/baixempordaturisme\" \/>\n<meta property=\"article:modified_time\" content=\"2020-09-16T10:59:42+00:00\" \/>\n<meta property=\"og:image\" content=\"https:\/\/visitemporda.com\/wp-content\/uploads\/2020\/08\/St.-Feliu-ardenya-mar\u00edtima-1024x498.jpg\" \/>\n\t<meta property=\"og:image:width\" content=\"1024\" \/>\n\t<meta property=\"og:image:height\" content=\"498\" \/>\n\t<meta property=\"og:image:type\" content=\"image\/jpeg\" \/>\n<meta name=\"twitter:card\" content=\"summary_large_image\" \/>\n<meta name=\"twitter:site\" content=\"@baixemporda_tur\" \/>\n<meta name=\"twitter:label1\" content=\"Dur\u00e9e de lecture estim\u00e9e\" \/>\n\t<meta name=\"twitter:data1\" content=\"1 minute\" \/>\n<script type=\"application\/ld+json\" class=\"yoast-schema-graph\">{\"@context\":\"https:\\\/\\\/schema.org\",\"@graph\":[{\"@type\":\"WebPage\",\"@id\":\"https:\\\/\\\/visitemporda.com\\\/fr\\\/recomenacions\\\/propostes\\\/territori-i-natura\\\/espais-naturals-protegits\\\/espai-natural-ardenya-cadiretes\\\/\",\"url\":\"https:\\\/\\\/visitemporda.com\\\/fr\\\/recomenacions\\\/propostes\\\/territori-i-natura\\\/espais-naturals-protegits\\\/espai-natural-ardenya-cadiretes\\\/\",\"name\":\"Espace naturel Ardenya - Cadiretes - Visit Empord\u00e0\",\"isPartOf\":{\"@id\":\"https:\\\/\\\/visitemporda.com\\\/fr\\\/#website\"},\"primaryImageOfPage\":{\"@id\":\"https:\\\/\\\/visitemporda.com\\\/fr\\\/recomenacions\\\/propostes\\\/territori-i-natura\\\/espais-naturals-protegits\\\/espai-natural-ardenya-cadiretes\\\/#primaryimage\"},\"image\":{\"@id\":\"https:\\\/\\\/visitemporda.com\\\/fr\\\/recomenacions\\\/propostes\\\/territori-i-natura\\\/espais-naturals-protegits\\\/espai-natural-ardenya-cadiretes\\\/#primaryimage\"},\"thumbnailUrl\":\"https:\\\/\\\/visitemporda.com\\\/wp-content\\\/uploads\\\/2020\\\/08\\\/St.-Feliu-ardenya-mar\u00edtima.jpg\",\"datePublished\":\"2020-08-07T13:13:26+00:00\",\"dateModified\":\"2020-09-16T10:59:42+00:00\",\"breadcrumb\":{\"@id\":\"https:\\\/\\\/visitemporda.com\\\/fr\\\/recomenacions\\\/propostes\\\/territori-i-natura\\\/espais-naturals-protegits\\\/espai-natural-ardenya-cadiretes\\\/#breadcrumb\"},\"inLanguage\":\"fr-FR\",\"potentialAction\":[{\"@type\":\"ReadAction\",\"target\":[\"https:\\\/\\\/visitemporda.com\\\/fr\\\/recomenacions\\\/propostes\\\/territori-i-natura\\\/espais-naturals-protegits\\\/espai-natural-ardenya-cadiretes\\\/\"]}]},{\"@type\":\"ImageObject\",\"inLanguage\":\"fr-FR\",\"@id\":\"https:\\\/\\\/visitemporda.com\\\/fr\\\/recomenacions\\\/propostes\\\/territori-i-natura\\\/espais-naturals-protegits\\\/espai-natural-ardenya-cadiretes\\\/#primaryimage\",\"url\":\"https:\\\/\\\/visitemporda.com\\\/wp-content\\\/uploads\\\/2020\\\/08\\\/St.-Feliu-ardenya-mar\u00edtima.jpg\",\"contentUrl\":\"https:\\\/\\\/visitemporda.com\\\/wp-content\\\/uploads\\\/2020\\\/08\\\/St.-Feliu-ardenya-mar\u00edtima.jpg\",\"width\":4608,\"height\":2240,\"caption\":\"L'ardenya. muntanyes i fruits d'arbo\u00e7 a primer pla\"},{\"@type\":\"BreadcrumbList\",\"@id\":\"https:\\\/\\\/visitemporda.com\\\/fr\\\/recomenacions\\\/propostes\\\/territori-i-natura\\\/espais-naturals-protegits\\\/espai-natural-ardenya-cadiretes\\\/#breadcrumb\",\"itemListElement\":[{\"@type\":\"ListItem\",\"position\":1,\"name\":\"Inici\",\"item\":\"https:\\\/\\\/visitemporda.com\\\/fr\\\/\"},{\"@type\":\"ListItem\",\"position\":2,\"name\":\"Recommandations\",\"item\":\"https:\\\/\\\/visitemporda.com\\\/fr\\\/recomenacions\\\/\"},{\"@type\":\"ListItem\",\"position\":3,\"name\":\"Quoi faire\",\"item\":\"https:\\\/\\\/visitemporda.com\\\/fr\\\/recomenacions\\\/propostes\\\/\"},{\"@type\":\"ListItem\",\"position\":4,\"name\":\"Propositions de nature\",\"item\":\"https:\\\/\\\/visitemporda.com\\\/fr\\\/recomenacions\\\/propostes\\\/territori-i-natura\\\/\"},{\"@type\":\"ListItem\",\"position\":5,\"name\":\"Espaces naturels prot\u00e9g\u00e9s\",\"item\":\"https:\\\/\\\/visitemporda.com\\\/fr\\\/recomenacions\\\/propostes\\\/territori-i-natura\\\/espais-naturals-protegits\\\/\"},{\"@type\":\"ListItem\",\"position\":6,\"name\":\"Espace naturel Ardenya &#8211; Cadiretes\"}]},{\"@type\":\"WebSite\",\"@id\":\"https:\\\/\\\/visitemporda.com\\\/fr\\\/#website\",\"url\":\"https:\\\/\\\/visitemporda.com\\\/fr\\\/\",\"name\":\"Visit Empord\u00e0\",\"description\":\"Site officiel du tourisme du Baix Empord\u00e0\",\"publisher\":{\"@id\":\"https:\\\/\\\/visitemporda.com\\\/fr\\\/#organization\"},\"potentialAction\":[{\"@type\":\"SearchAction\",\"target\":{\"@type\":\"EntryPoint\",\"urlTemplate\":\"https:\\\/\\\/visitemporda.com\\\/fr\\\/?s={search_term_string}\"},\"query-input\":{\"@type\":\"PropertyValueSpecification\",\"valueRequired\":true,\"valueName\":\"search_term_string\"}}],\"inLanguage\":\"fr-FR\"},{\"@type\":\"Organization\",\"@id\":\"https:\\\/\\\/visitemporda.com\\\/fr\\\/#organization\",\"name\":\"Consell Comarcal del Baix Empord\u00e0\",\"url\":\"https:\\\/\\\/visitemporda.com\\\/fr\\\/\",\"logo\":{\"@type\":\"ImageObject\",\"inLanguage\":\"fr-FR\",\"@id\":\"https:\\\/\\\/visitemporda.com\\\/fr\\\/#\\\/schema\\\/logo\\\/image\\\/\",\"url\":\"https:\\\/\\\/visitemporda.com\\\/wp-content\\\/uploads\\\/2024\\\/11\\\/Logotip_CCBE.png\",\"contentUrl\":\"https:\\\/\\\/visitemporda.com\\\/wp-content\\\/uploads\\\/2024\\\/11\\\/Logotip_CCBE.png\",\"width\":3617,\"height\":3617,\"caption\":\"Consell Comarcal del Baix Empord\u00e0\"},\"image\":{\"@id\":\"https:\\\/\\\/visitemporda.com\\\/fr\\\/#\\\/schema\\\/logo\\\/image\\\/\"},\"sameAs\":[\"https:\\\/\\\/www.facebook.com\\\/baixempordaturisme\",\"https:\\\/\\\/x.com\\\/baixemporda_tur\",\"https:\\\/\\\/www.instagram.com\\\/visitemporda\"]}]}<\/script>\n<!-- \/ Yoast SEO plugin. -->","yoast_head_json":{"title":"Espace naturel Ardenya - Cadiretes - Visit Empord\u00e0","robots":{"index":"index","follow":"follow","max-snippet":"max-snippet:-1","max-image-preview":"max-image-preview:large","max-video-preview":"max-video-preview:-1"},"canonical":"https:\/\/visitemporda.com\/fr\/recomenacions\/propostes\/territori-i-natura\/espais-naturals-protegits\/espai-natural-ardenya-cadiretes\/","og_locale":"fr_FR","og_type":"article","og_title":"Espace naturel Ardenya - Cadiretes - Visit Empord\u00e0","og_description":"Le massif de l\u2019Ardenya ou de Cadiretes est un ensemble de reliefs modestes, mais tr\u00e8s abruptes par endroits, couverts de for\u00eat m\u00e9diterran\u00e9enne pench\u00e9s vers la mer \u00e0 l\u2019est. Ce massif comprend de nombreux \u00e9l\u00e9ments qui ont une grande valeur naturelle, organis\u00e9 comme l\u2019un des espaces les plus biodiversifi\u00e9s des cantons g\u00e9ronais. Les affleurements granitiques cr\u00e9ent [&hellip;]","og_url":"https:\/\/visitemporda.com\/fr\/recomenacions\/propostes\/territori-i-natura\/espais-naturals-protegits\/espai-natural-ardenya-cadiretes\/","og_site_name":"Visit Empord\u00e0","article_publisher":"https:\/\/www.facebook.com\/baixempordaturisme","article_modified_time":"2020-09-16T10:59:42+00:00","og_image":[{"width":1024,"height":498,"url":"https:\/\/visitemporda.com\/wp-content\/uploads\/2020\/08\/St.-Feliu-ardenya-mar\u00edtima-1024x498.jpg","type":"image\/jpeg"}],"twitter_card":"summary_large_image","twitter_site":"@baixemporda_tur","twitter_misc":{"Dur\u00e9e de lecture estim\u00e9e":"1 minute"},"schema":{"@context":"https:\/\/schema.org","@graph":[{"@type":"WebPage","@id":"https:\/\/visitemporda.com\/fr\/recomenacions\/propostes\/territori-i-natura\/espais-naturals-protegits\/espai-natural-ardenya-cadiretes\/","url":"https:\/\/visitemporda.com\/fr\/recomenacions\/propostes\/territori-i-natura\/espais-naturals-protegits\/espai-natural-ardenya-cadiretes\/","name":"Espace naturel Ardenya - Cadiretes - Visit Empord\u00e0","isPartOf":{"@id":"https:\/\/visitemporda.com\/fr\/#website"},"primaryImageOfPage":{"@id":"https:\/\/visitemporda.com\/fr\/recomenacions\/propostes\/territori-i-natura\/espais-naturals-protegits\/espai-natural-ardenya-cadiretes\/#primaryimage"},"image":{"@id":"https:\/\/visitemporda.com\/fr\/recomenacions\/propostes\/territori-i-natura\/espais-naturals-protegits\/espai-natural-ardenya-cadiretes\/#primaryimage"},"thumbnailUrl":"https:\/\/visitemporda.com\/wp-content\/uploads\/2020\/08\/St.-Feliu-ardenya-mar\u00edtima.jpg","datePublished":"2020-08-07T13:13:26+00:00","dateModified":"2020-09-16T10:59:42+00:00","breadcrumb":{"@id":"https:\/\/visitemporda.com\/fr\/recomenacions\/propostes\/territori-i-natura\/espais-naturals-protegits\/espai-natural-ardenya-cadiretes\/#breadcrumb"},"inLanguage":"fr-FR","potentialAction":[{"@type":"ReadAction","target":["https:\/\/visitemporda.com\/fr\/recomenacions\/propostes\/territori-i-natura\/espais-naturals-protegits\/espai-natural-ardenya-cadiretes\/"]}]},{"@type":"ImageObject","inLanguage":"fr-FR","@id":"https:\/\/visitemporda.com\/fr\/recomenacions\/propostes\/territori-i-natura\/espais-naturals-protegits\/espai-natural-ardenya-cadiretes\/#primaryimage","url":"https:\/\/visitemporda.com\/wp-content\/uploads\/2020\/08\/St.-Feliu-ardenya-mar\u00edtima.jpg","contentUrl":"https:\/\/visitemporda.com\/wp-content\/uploads\/2020\/08\/St.-Feliu-ardenya-mar\u00edtima.jpg","width":4608,"height":2240,"caption":"L'ardenya. muntanyes i fruits d'arbo\u00e7 a primer pla"},{"@type":"BreadcrumbList","@id":"https:\/\/visitemporda.com\/fr\/recomenacions\/propostes\/territori-i-natura\/espais-naturals-protegits\/espai-natural-ardenya-cadiretes\/#breadcrumb","itemListElement":[{"@type":"ListItem","position":1,"name":"Inici","item":"https:\/\/visitemporda.com\/fr\/"},{"@type":"ListItem","position":2,"name":"Recommandations","item":"https:\/\/visitemporda.com\/fr\/recomenacions\/"},{"@type":"ListItem","position":3,"name":"Quoi faire","item":"https:\/\/visitemporda.com\/fr\/recomenacions\/propostes\/"},{"@type":"ListItem","position":4,"name":"Propositions de nature","item":"https:\/\/visitemporda.com\/fr\/recomenacions\/propostes\/territori-i-natura\/"},{"@type":"ListItem","position":5,"name":"Espaces naturels prot\u00e9g\u00e9s","item":"https:\/\/visitemporda.com\/fr\/recomenacions\/propostes\/territori-i-natura\/espais-naturals-protegits\/"},{"@type":"ListItem","position":6,"name":"Espace naturel Ardenya &#8211; Cadiretes"}]},{"@type":"WebSite","@id":"https:\/\/visitemporda.com\/fr\/#website","url":"https:\/\/visitemporda.com\/fr\/","name":"Visit Empord\u00e0","description":"Site officiel du tourisme du Baix Empord\u00e0","publisher":{"@id":"https:\/\/visitemporda.com\/fr\/#organization"},"potentialAction":[{"@type":"SearchAction","target":{"@type":"EntryPoint","urlTemplate":"https:\/\/visitemporda.com\/fr\/?s={search_term_string}"},"query-input":{"@type":"PropertyValueSpecification","valueRequired":true,"valueName":"search_term_string"}}],"inLanguage":"fr-FR"},{"@type":"Organization","@id":"https:\/\/visitemporda.com\/fr\/#organization","name":"Consell Comarcal del Baix Empord\u00e0","url":"https:\/\/visitemporda.com\/fr\/","logo":{"@type":"ImageObject","inLanguage":"fr-FR","@id":"https:\/\/visitemporda.com\/fr\/#\/schema\/logo\/image\/","url":"https:\/\/visitemporda.com\/wp-content\/uploads\/2024\/11\/Logotip_CCBE.png","contentUrl":"https:\/\/visitemporda.com\/wp-content\/uploads\/2024\/11\/Logotip_CCBE.png","width":3617,"height":3617,"caption":"Consell Comarcal del Baix Empord\u00e0"},"image":{"@id":"https:\/\/visitemporda.com\/fr\/#\/schema\/logo\/image\/"},"sameAs":["https:\/\/www.facebook.com\/baixempordaturisme","https:\/\/x.com\/baixemporda_tur","https:\/\/www.instagram.com\/visitemporda"]}]}},"_links":{"self":[{"href":"https:\/\/visitemporda.com\/fr\/wp-json\/wp\/v2\/pages\/19785","targetHints":{"allow":["GET"]}}],"collection":[{"href":"https:\/\/visitemporda.com\/fr\/wp-json\/wp\/v2\/pages"}],"about":[{"href":"https:\/\/visitemporda.com\/fr\/wp-json\/wp\/v2\/types\/page"}],"author":[{"embeddable":true,"href":"https:\/\/visitemporda.com\/fr\/wp-json\/wp\/v2\/users\/5"}],"replies":[{"embeddable":true,"href":"https:\/\/visitemporda.com\/fr\/wp-json\/wp\/v2\/comments?post=19785"}],"version-history":[{"count":1,"href":"https:\/\/visitemporda.com\/fr\/wp-json\/wp\/v2\/pages\/19785\/revisions"}],"predecessor-version":[{"id":19786,"href":"https:\/\/visitemporda.com\/fr\/wp-json\/wp\/v2\/pages\/19785\/revisions\/19786"}],"up":[{"embeddable":true,"href":"https:\/\/visitemporda.com\/fr\/wp-json\/wp\/v2\/pages\/19782"}],"wp:featuredmedia":[{"embeddable":true,"href":"https:\/\/visitemporda.com\/fr\/wp-json\/wp\/v2\/media\/18235"}],"wp:attachment":[{"href":"https:\/\/visitemporda.com\/fr\/wp-json\/wp\/v2\/media?parent=19785"}],"curies":[{"name":"wp","href":"https:\/\/api.w.org\/{rel}","templated":true}]}}