

{"id":19767,"date":"2019-07-16T17:45:07","date_gmt":"2019-07-16T15:45:07","guid":{"rendered":"http:\/\/visitemporda.com\/recomenacions\/vivencies-i-tradicions\/"},"modified":"2021-03-26T15:08:25","modified_gmt":"2021-03-26T14:08:25","slug":"vivencies-i-tradicions","status":"publish","type":"page","link":"https:\/\/visitemporda.com\/fr\/recomenacions\/vivencies-i-tradicions\/","title":{"rendered":"Exp\u00e9riences et traditions"},"content":{"rendered":"<p>Le Baix Empord\u00e0 est un canton o\u00f9 le patrimoine est omnipr\u00e9sent dans de nombreux endroits, \u00e9difices et manifestations qui aident \u00e0 en comprendre le pass\u00e9 et le pr\u00e9sent.<br \/>\nGr\u00e2ce \u00e0 l\u2019effort des villages et \u00e0 l\u2019abn\u00e9gation de leurs habitants, de nombreux t\u00e9moignages de ce patrimoine se sont transform\u00e9s en exp\u00e9riences sous la forme d\u2019\u00e9v\u00e9nements qui transmettent les pulsations du Baix Empord\u00e0 \u00e0 toutes celles et tous ceux qui y vivent.<\/p>\n","protected":false},"excerpt":{"rendered":"<p>Le Baix Empord\u00e0 est un canton o\u00f9 le patrimoine est omnipr\u00e9sent dans de nombreux endroits, \u00e9difices et manifestations qui aident \u00e0 en comprendre le pass\u00e9 et le pr\u00e9sent. Gr\u00e2ce \u00e0 l\u2019effort des villages et \u00e0 l\u2019abn\u00e9gation de leurs habitants, de nombreux t\u00e9moignages de ce patrimoine se sont transform\u00e9s en exp\u00e9riences sous la forme d\u2019\u00e9v\u00e9nements qui [&hellip;]<\/p>\n","protected":false},"author":2,"featured_media":20157,"parent":19486,"menu_order":0,"comment_status":"closed","ping_status":"closed","template":"page-templates\/vivencies.php","meta":{"_acf_changed":false,"footnotes":""},"class_list":["post-19767","page","type-page","status-publish","has-post-thumbnail","hentry"],"acf":[],"yoast_head":"<!-- This site is optimized with the Yoast SEO plugin v27.3 - https:\/\/yoast.com\/product\/yoast-seo-wordpress\/ -->\n<title>Exp\u00e9riences et traditions - Visit Empord\u00e0<\/title>\n<meta name=\"robots\" content=\"index, follow, max-snippet:-1, max-image-preview:large, max-video-preview:-1\" \/>\n<link rel=\"canonical\" href=\"https:\/\/visitemporda.com\/fr\/recomenacions\/vivencies-i-tradicions\/\" \/>\n<meta property=\"og:locale\" content=\"fr_FR\" \/>\n<meta property=\"og:type\" content=\"article\" \/>\n<meta property=\"og:title\" content=\"Exp\u00e9riences et traditions - Visit Empord\u00e0\" \/>\n<meta property=\"og:description\" content=\"Le Baix Empord\u00e0 est un canton o\u00f9 le patrimoine est omnipr\u00e9sent dans de nombreux endroits, \u00e9difices et manifestations qui aident \u00e0 en comprendre le pass\u00e9 et le pr\u00e9sent. Gr\u00e2ce \u00e0 l\u2019effort des villages et \u00e0 l\u2019abn\u00e9gation de leurs habitants, de nombreux t\u00e9moignages de ce patrimoine se sont transform\u00e9s en exp\u00e9riences sous la forme d\u2019\u00e9v\u00e9nements qui [&hellip;]\" \/>\n<meta property=\"og:url\" content=\"https:\/\/visitemporda.com\/fr\/recomenacions\/vivencies-i-tradicions\/\" \/>\n<meta property=\"og:site_name\" content=\"Visit Empord\u00e0\" \/>\n<meta property=\"article:publisher\" content=\"https:\/\/www.facebook.com\/baixempordaturisme\" \/>\n<meta property=\"article:modified_time\" content=\"2021-03-26T14:08:25+00:00\" \/>\n<meta property=\"og:image\" content=\"https:\/\/visitemporda.com\/wp-content\/uploads\/2020\/09\/VIVE\u0300NCIES.-Reviu-el-nostre-passat-768x513.jpg\" \/>\n\t<meta property=\"og:image:width\" content=\"768\" \/>\n\t<meta property=\"og:image:height\" content=\"513\" \/>\n\t<meta property=\"og:image:type\" content=\"image\/jpeg\" \/>\n<meta name=\"twitter:card\" content=\"summary_large_image\" \/>\n<meta name=\"twitter:site\" content=\"@baixemporda_tur\" \/>\n<script type=\"application\/ld+json\" class=\"yoast-schema-graph\">{\"@context\":\"https:\\\/\\\/schema.org\",\"@graph\":[{\"@type\":\"WebPage\",\"@id\":\"https:\\\/\\\/visitemporda.com\\\/fr\\\/recomenacions\\\/vivencies-i-tradicions\\\/\",\"url\":\"https:\\\/\\\/visitemporda.com\\\/fr\\\/recomenacions\\\/vivencies-i-tradicions\\\/\",\"name\":\"Exp\u00e9riences et traditions - Visit Empord\u00e0\",\"isPartOf\":{\"@id\":\"https:\\\/\\\/visitemporda.com\\\/fr\\\/#website\"},\"primaryImageOfPage\":{\"@id\":\"https:\\\/\\\/visitemporda.com\\\/fr\\\/recomenacions\\\/vivencies-i-tradicions\\\/#primaryimage\"},\"image\":{\"@id\":\"https:\\\/\\\/visitemporda.com\\\/fr\\\/recomenacions\\\/vivencies-i-tradicions\\\/#primaryimage\"},\"thumbnailUrl\":\"https:\\\/\\\/visitemporda.com\\\/wp-content\\\/uploads\\\/2020\\\/09\\\/VIVE\u0300NCIES.-Reviu-el-nostre-passat-768x513.jpg\",\"datePublished\":\"2019-07-16T15:45:07+00:00\",\"dateModified\":\"2021-03-26T14:08:25+00:00\",\"breadcrumb\":{\"@id\":\"https:\\\/\\\/visitemporda.com\\\/fr\\\/recomenacions\\\/vivencies-i-tradicions\\\/#breadcrumb\"},\"inLanguage\":\"fr-FR\",\"potentialAction\":[{\"@type\":\"ReadAction\",\"target\":[\"https:\\\/\\\/visitemporda.com\\\/fr\\\/recomenacions\\\/vivencies-i-tradicions\\\/\"]}]},{\"@type\":\"ImageObject\",\"inLanguage\":\"fr-FR\",\"@id\":\"https:\\\/\\\/visitemporda.com\\\/fr\\\/recomenacions\\\/vivencies-i-tradicions\\\/#primaryimage\",\"url\":\"https:\\\/\\\/visitemporda.com\\\/wp-content\\\/uploads\\\/2020\\\/09\\\/VIVE\u0300NCIES.-Reviu-el-nostre-passat-768x513.jpg\",\"contentUrl\":\"https:\\\/\\\/visitemporda.com\\\/wp-content\\\/uploads\\\/2020\\\/09\\\/VIVE\u0300NCIES.-Reviu-el-nostre-passat-768x513.jpg\",\"width\":768,\"height\":513,\"caption\":\"Vaixell al mig del mar amb persones a dins navegant vestides d'\u00e8poca dels indians. Les illes medes al fons.\"},{\"@type\":\"BreadcrumbList\",\"@id\":\"https:\\\/\\\/visitemporda.com\\\/fr\\\/recomenacions\\\/vivencies-i-tradicions\\\/#breadcrumb\",\"itemListElement\":[{\"@type\":\"ListItem\",\"position\":1,\"name\":\"Inici\",\"item\":\"https:\\\/\\\/visitemporda.com\\\/fr\\\/\"},{\"@type\":\"ListItem\",\"position\":2,\"name\":\"Recommandations\",\"item\":\"https:\\\/\\\/visitemporda.com\\\/fr\\\/recomenacions\\\/\"},{\"@type\":\"ListItem\",\"position\":3,\"name\":\"Exp\u00e9riences et traditions\"}]},{\"@type\":\"WebSite\",\"@id\":\"https:\\\/\\\/visitemporda.com\\\/fr\\\/#website\",\"url\":\"https:\\\/\\\/visitemporda.com\\\/fr\\\/\",\"name\":\"Visit Empord\u00e0\",\"description\":\"Site officiel du tourisme du Baix Empord\u00e0\",\"publisher\":{\"@id\":\"https:\\\/\\\/visitemporda.com\\\/fr\\\/#organization\"},\"potentialAction\":[{\"@type\":\"SearchAction\",\"target\":{\"@type\":\"EntryPoint\",\"urlTemplate\":\"https:\\\/\\\/visitemporda.com\\\/fr\\\/?s={search_term_string}\"},\"query-input\":{\"@type\":\"PropertyValueSpecification\",\"valueRequired\":true,\"valueName\":\"search_term_string\"}}],\"inLanguage\":\"fr-FR\"},{\"@type\":\"Organization\",\"@id\":\"https:\\\/\\\/visitemporda.com\\\/fr\\\/#organization\",\"name\":\"Consell Comarcal del Baix Empord\u00e0\",\"url\":\"https:\\\/\\\/visitemporda.com\\\/fr\\\/\",\"logo\":{\"@type\":\"ImageObject\",\"inLanguage\":\"fr-FR\",\"@id\":\"https:\\\/\\\/visitemporda.com\\\/fr\\\/#\\\/schema\\\/logo\\\/image\\\/\",\"url\":\"https:\\\/\\\/visitemporda.com\\\/wp-content\\\/uploads\\\/2024\\\/11\\\/Logotip_CCBE.png\",\"contentUrl\":\"https:\\\/\\\/visitemporda.com\\\/wp-content\\\/uploads\\\/2024\\\/11\\\/Logotip_CCBE.png\",\"width\":3617,\"height\":3617,\"caption\":\"Consell Comarcal del Baix Empord\u00e0\"},\"image\":{\"@id\":\"https:\\\/\\\/visitemporda.com\\\/fr\\\/#\\\/schema\\\/logo\\\/image\\\/\"},\"sameAs\":[\"https:\\\/\\\/www.facebook.com\\\/baixempordaturisme\",\"https:\\\/\\\/x.com\\\/baixemporda_tur\",\"https:\\\/\\\/www.instagram.com\\\/visitemporda\"]}]}<\/script>\n<!-- \/ Yoast SEO plugin. -->","yoast_head_json":{"title":"Exp\u00e9riences et traditions - Visit Empord\u00e0","robots":{"index":"index","follow":"follow","max-snippet":"max-snippet:-1","max-image-preview":"max-image-preview:large","max-video-preview":"max-video-preview:-1"},"canonical":"https:\/\/visitemporda.com\/fr\/recomenacions\/vivencies-i-tradicions\/","og_locale":"fr_FR","og_type":"article","og_title":"Exp\u00e9riences et traditions - Visit Empord\u00e0","og_description":"Le Baix Empord\u00e0 est un canton o\u00f9 le patrimoine est omnipr\u00e9sent dans de nombreux endroits, \u00e9difices et manifestations qui aident \u00e0 en comprendre le pass\u00e9 et le pr\u00e9sent. Gr\u00e2ce \u00e0 l\u2019effort des villages et \u00e0 l\u2019abn\u00e9gation de leurs habitants, de nombreux t\u00e9moignages de ce patrimoine se sont transform\u00e9s en exp\u00e9riences sous la forme d\u2019\u00e9v\u00e9nements qui [&hellip;]","og_url":"https:\/\/visitemporda.com\/fr\/recomenacions\/vivencies-i-tradicions\/","og_site_name":"Visit Empord\u00e0","article_publisher":"https:\/\/www.facebook.com\/baixempordaturisme","article_modified_time":"2021-03-26T14:08:25+00:00","og_image":[{"width":768,"height":513,"url":"https:\/\/visitemporda.com\/wp-content\/uploads\/2020\/09\/VIVE\u0300NCIES.-Reviu-el-nostre-passat-768x513.jpg","type":"image\/jpeg"}],"twitter_card":"summary_large_image","twitter_site":"@baixemporda_tur","schema":{"@context":"https:\/\/schema.org","@graph":[{"@type":"WebPage","@id":"https:\/\/visitemporda.com\/fr\/recomenacions\/vivencies-i-tradicions\/","url":"https:\/\/visitemporda.com\/fr\/recomenacions\/vivencies-i-tradicions\/","name":"Exp\u00e9riences et traditions - Visit Empord\u00e0","isPartOf":{"@id":"https:\/\/visitemporda.com\/fr\/#website"},"primaryImageOfPage":{"@id":"https:\/\/visitemporda.com\/fr\/recomenacions\/vivencies-i-tradicions\/#primaryimage"},"image":{"@id":"https:\/\/visitemporda.com\/fr\/recomenacions\/vivencies-i-tradicions\/#primaryimage"},"thumbnailUrl":"https:\/\/visitemporda.com\/wp-content\/uploads\/2020\/09\/VIVE\u0300NCIES.-Reviu-el-nostre-passat-768x513.jpg","datePublished":"2019-07-16T15:45:07+00:00","dateModified":"2021-03-26T14:08:25+00:00","breadcrumb":{"@id":"https:\/\/visitemporda.com\/fr\/recomenacions\/vivencies-i-tradicions\/#breadcrumb"},"inLanguage":"fr-FR","potentialAction":[{"@type":"ReadAction","target":["https:\/\/visitemporda.com\/fr\/recomenacions\/vivencies-i-tradicions\/"]}]},{"@type":"ImageObject","inLanguage":"fr-FR","@id":"https:\/\/visitemporda.com\/fr\/recomenacions\/vivencies-i-tradicions\/#primaryimage","url":"https:\/\/visitemporda.com\/wp-content\/uploads\/2020\/09\/VIVE\u0300NCIES.-Reviu-el-nostre-passat-768x513.jpg","contentUrl":"https:\/\/visitemporda.com\/wp-content\/uploads\/2020\/09\/VIVE\u0300NCIES.-Reviu-el-nostre-passat-768x513.jpg","width":768,"height":513,"caption":"Vaixell al mig del mar amb persones a dins navegant vestides d'\u00e8poca dels indians. Les illes medes al fons."},{"@type":"BreadcrumbList","@id":"https:\/\/visitemporda.com\/fr\/recomenacions\/vivencies-i-tradicions\/#breadcrumb","itemListElement":[{"@type":"ListItem","position":1,"name":"Inici","item":"https:\/\/visitemporda.com\/fr\/"},{"@type":"ListItem","position":2,"name":"Recommandations","item":"https:\/\/visitemporda.com\/fr\/recomenacions\/"},{"@type":"ListItem","position":3,"name":"Exp\u00e9riences et traditions"}]},{"@type":"WebSite","@id":"https:\/\/visitemporda.com\/fr\/#website","url":"https:\/\/visitemporda.com\/fr\/","name":"Visit Empord\u00e0","description":"Site officiel du tourisme du Baix Empord\u00e0","publisher":{"@id":"https:\/\/visitemporda.com\/fr\/#organization"},"potentialAction":[{"@type":"SearchAction","target":{"@type":"EntryPoint","urlTemplate":"https:\/\/visitemporda.com\/fr\/?s={search_term_string}"},"query-input":{"@type":"PropertyValueSpecification","valueRequired":true,"valueName":"search_term_string"}}],"inLanguage":"fr-FR"},{"@type":"Organization","@id":"https:\/\/visitemporda.com\/fr\/#organization","name":"Consell Comarcal del Baix Empord\u00e0","url":"https:\/\/visitemporda.com\/fr\/","logo":{"@type":"ImageObject","inLanguage":"fr-FR","@id":"https:\/\/visitemporda.com\/fr\/#\/schema\/logo\/image\/","url":"https:\/\/visitemporda.com\/wp-content\/uploads\/2024\/11\/Logotip_CCBE.png","contentUrl":"https:\/\/visitemporda.com\/wp-content\/uploads\/2024\/11\/Logotip_CCBE.png","width":3617,"height":3617,"caption":"Consell Comarcal del Baix Empord\u00e0"},"image":{"@id":"https:\/\/visitemporda.com\/fr\/#\/schema\/logo\/image\/"},"sameAs":["https:\/\/www.facebook.com\/baixempordaturisme","https:\/\/x.com\/baixemporda_tur","https:\/\/www.instagram.com\/visitemporda"]}]}},"_links":{"self":[{"href":"https:\/\/visitemporda.com\/fr\/wp-json\/wp\/v2\/pages\/19767","targetHints":{"allow":["GET"]}}],"collection":[{"href":"https:\/\/visitemporda.com\/fr\/wp-json\/wp\/v2\/pages"}],"about":[{"href":"https:\/\/visitemporda.com\/fr\/wp-json\/wp\/v2\/types\/page"}],"author":[{"embeddable":true,"href":"https:\/\/visitemporda.com\/fr\/wp-json\/wp\/v2\/users\/2"}],"replies":[{"embeddable":true,"href":"https:\/\/visitemporda.com\/fr\/wp-json\/wp\/v2\/comments?post=19767"}],"version-history":[{"count":3,"href":"https:\/\/visitemporda.com\/fr\/wp-json\/wp\/v2\/pages\/19767\/revisions"}],"predecessor-version":[{"id":22596,"href":"https:\/\/visitemporda.com\/fr\/wp-json\/wp\/v2\/pages\/19767\/revisions\/22596"}],"up":[{"embeddable":true,"href":"https:\/\/visitemporda.com\/fr\/wp-json\/wp\/v2\/pages\/19486"}],"wp:featuredmedia":[{"embeddable":true,"href":"https:\/\/visitemporda.com\/fr\/wp-json\/wp\/v2\/media\/20157"}],"wp:attachment":[{"href":"https:\/\/visitemporda.com\/fr\/wp-json\/wp\/v2\/media?parent=19767"}],"curies":[{"name":"wp","href":"https:\/\/api.w.org\/{rel}","templated":true}]}}