

{"id":19739,"date":"2019-03-29T13:26:22","date_gmt":"2019-03-29T12:26:22","guid":{"rendered":"http:\/\/visitemporda.com\/on-menjar\/"},"modified":"2021-05-22T17:46:36","modified_gmt":"2021-05-22T15:46:36","slug":"on-menjar","status":"publish","type":"page","link":"https:\/\/visitemporda.com\/fr\/planifica\/on-menjar\/","title":{"rendered":"O\u00f9 manger"},"content":{"rendered":"<p style=\"font-weight: 400;\"><em>\u00a0\u00ab&#8230;il y a toujours eu non seulement de bons cuisiniers, de bonnes cuisini\u00e8res et des personnes qui ont manifest\u00e9 de l\u2019int\u00e9r\u00eat pour les travaux aux fourneaux, mais \u00e9galement une production de nouveaut\u00e9s surprenantes. A partir de formules tr\u00e8s anciennes, les gens du pays ont cr\u00e9\u00e9 des innovations d\u2019une grande originalit\u00e9 qui sont dignes d\u2019\u00eatre soulign\u00e9es et appr\u00e9ci\u00e9es \u00e0 leur juste valeur&#8230;\u00bb.<\/em><br \/>\nJosep Pla, Mon pays (1968)<\/p>\n<p style=\"font-weight: 400;\">L\u2019offre \u2013 \u00e9tendue et vari\u00e9e \u2013 de restaurants de notre r\u00e9gion permettra de satisfaire tous les go\u00fbts pour toutes les bourses : vous trouverez des \u00e9tablissements de toutes les cat\u00e9gories qui offrent des plats du jour, des menus ou des tapas, mais \u00e9galement, si vous le pr\u00e9f\u00e9rez, des plats \u00e0 la carte, une cuisine plus innovatrice, exp\u00e9rimentale ou les plats traditionnels de la cuisine familiale, des p\u00eacheurs, du village\u2026<\/p>\n<p style=\"font-weight: 400;\">Votre repas sera tr\u00e8s souvent agr\u00e9ment\u00e9 d\u2019un cadre charmant et d\u2019une grande beaut\u00e9 car les restaurants sont situ\u00e9s dans de petits villages ou de beaux mas restaur\u00e9s, sur les places des villes, dans une ruelle \u00e9troite d\u2019un village de p\u00eacheurs, sur le front de mer, \u00e0 deux pas d\u2019une \u00e9glise romane\u2026<br \/>\nCette offre contient une importante valeur ajout\u00e9e qui se mat\u00e9rialise dans la poursuite constante de la qualit\u00e9. La r\u00e9gion peut se vanter d\u2019\u00eatre \u00e0 l\u2019avant-garde dans l\u2019application du Plan de qualit\u00e9 touristique du Secr\u00e9tariat du Tourisme espagnol que vous reconna\u00eetrez gr\u00e2ce \u00e0 la marque Q. L\u2019objectif de ce Plan est d\u2019am\u00e9liorer la qualit\u00e9 des restaurants dans tous leurs aspects \u2013 gestion, produit, attention \u00e0 la client\u00e8le, etc. \u2013 et constitue un v\u00e9ritable gage de qualit\u00e9.<\/p>\n<p style=\"font-weight: 400;\"><strong>RESTAURANTS \u00c9TOIL\u00c9S MICHELIN<\/strong><\/p>\n<p style=\"font-weight: 400;\">La qualit\u00e9 de la gastronomie du Baix Empord\u00e0 est reconnue dans le monde entier notamment gr\u00e2ce \u00e0 les restaurants \u00e9toil\u00e9s par Michelin : le <strong>Casamar de Llafranc<\/strong> (une \u00e9toile Michelin) et le <strong>Bo\u00b7tic de Cor\u00e7\u00e0 <\/strong>(2 \u00e9toiles Michelin). Situ\u00e9 \u00e0 proximit\u00e9, citons \u00e9galement le restaurant\u00a0<strong>Els Tinars<\/strong>\u00a0de Llagostera (El Giron\u00e8s) qui a re\u00e7u lui aussi une \u00e9toile Michelin. Les \u00e9toiles sont attribu\u00e9es selon plusieurs crit\u00e8res, notamment la qualit\u00e9 et la cr\u00e9ativit\u00e9 des plats.<\/p>\n","protected":false},"excerpt":{"rendered":"<p>\u00a0\u00ab&#8230;il y a toujours eu non seulement de bons cuisiniers, de bonnes cuisini\u00e8res et des personnes qui ont manifest\u00e9 de l\u2019int\u00e9r\u00eat pour les travaux aux fourneaux, mais \u00e9galement une production de nouveaut\u00e9s surprenantes. A partir de formules tr\u00e8s anciennes, les gens du pays ont cr\u00e9\u00e9 des innovations d\u2019une grande originalit\u00e9 qui sont dignes d\u2019\u00eatre soulign\u00e9es [&hellip;]<\/p>\n","protected":false},"author":2,"featured_media":18651,"parent":20791,"menu_order":10,"comment_status":"closed","ping_status":"closed","template":"page-templates\/restaurants.php","meta":{"_acf_changed":false,"footnotes":""},"class_list":["post-19739","page","type-page","status-publish","has-post-thumbnail","hentry"],"acf":[],"yoast_head":"<!-- This site is optimized with the Yoast SEO plugin v27.3 - https:\/\/yoast.com\/product\/yoast-seo-wordpress\/ -->\n<title>O\u00f9 manger - Visit Empord\u00e0<\/title>\n<meta name=\"robots\" content=\"index, follow, max-snippet:-1, max-image-preview:large, max-video-preview:-1\" \/>\n<link rel=\"canonical\" href=\"https:\/\/visitemporda.com\/fr\/planifica\/on-menjar\/\" \/>\n<meta property=\"og:locale\" content=\"fr_FR\" \/>\n<meta property=\"og:type\" content=\"article\" \/>\n<meta property=\"og:title\" content=\"O\u00f9 manger - Visit Empord\u00e0\" \/>\n<meta property=\"og:description\" content=\"\u00a0\u00ab&#8230;il y a toujours eu non seulement de bons cuisiniers, de bonnes cuisini\u00e8res et des personnes qui ont manifest\u00e9 de l\u2019int\u00e9r\u00eat pour les travaux aux fourneaux, mais \u00e9galement une production de nouveaut\u00e9s surprenantes. A partir de formules tr\u00e8s anciennes, les gens du pays ont cr\u00e9\u00e9 des innovations d\u2019une grande originalit\u00e9 qui sont dignes d\u2019\u00eatre soulign\u00e9es [&hellip;]\" \/>\n<meta property=\"og:url\" content=\"https:\/\/visitemporda.com\/fr\/planifica\/on-menjar\/\" \/>\n<meta property=\"og:site_name\" content=\"Visit Empord\u00e0\" \/>\n<meta property=\"article:publisher\" content=\"https:\/\/www.facebook.com\/baixempordaturisme\" \/>\n<meta property=\"article:modified_time\" content=\"2021-05-22T15:46:36+00:00\" \/>\n<meta property=\"og:image\" content=\"https:\/\/visitemporda.com\/wp-content\/uploads\/2019\/03\/Moment-3.-Restaurant-Toc-al-Mar.-Begur.-Alex-Tremps.-Arxiu-Imatges-PTCBG_.jpg\" \/>\n\t<meta property=\"og:image:width\" content=\"1600\" \/>\n\t<meta property=\"og:image:height\" content=\"1066\" \/>\n\t<meta property=\"og:image:type\" content=\"image\/jpeg\" \/>\n<meta name=\"twitter:card\" content=\"summary_large_image\" \/>\n<meta name=\"twitter:site\" content=\"@baixemporda_tur\" \/>\n<meta name=\"twitter:label1\" content=\"Dur\u00e9e de lecture estim\u00e9e\" \/>\n\t<meta name=\"twitter:data1\" content=\"2 minutes\" \/>\n<script type=\"application\/ld+json\" class=\"yoast-schema-graph\">{\"@context\":\"https:\\\/\\\/schema.org\",\"@graph\":[{\"@type\":\"WebPage\",\"@id\":\"https:\\\/\\\/visitemporda.com\\\/fr\\\/planifica\\\/on-menjar\\\/\",\"url\":\"https:\\\/\\\/visitemporda.com\\\/fr\\\/planifica\\\/on-menjar\\\/\",\"name\":\"O\u00f9 manger - Visit Empord\u00e0\",\"isPartOf\":{\"@id\":\"https:\\\/\\\/visitemporda.com\\\/fr\\\/#website\"},\"primaryImageOfPage\":{\"@id\":\"https:\\\/\\\/visitemporda.com\\\/fr\\\/planifica\\\/on-menjar\\\/#primaryimage\"},\"image\":{\"@id\":\"https:\\\/\\\/visitemporda.com\\\/fr\\\/planifica\\\/on-menjar\\\/#primaryimage\"},\"thumbnailUrl\":\"https:\\\/\\\/visitemporda.com\\\/wp-content\\\/uploads\\\/2019\\\/03\\\/Moment-3.-Restaurant-Toc-al-Mar.-Begur.-Alex-Tremps.-Arxiu-Imatges-PTCBG_.jpg\",\"datePublished\":\"2019-03-29T12:26:22+00:00\",\"dateModified\":\"2021-05-22T15:46:36+00:00\",\"breadcrumb\":{\"@id\":\"https:\\\/\\\/visitemporda.com\\\/fr\\\/planifica\\\/on-menjar\\\/#breadcrumb\"},\"inLanguage\":\"fr-FR\",\"potentialAction\":[{\"@type\":\"ReadAction\",\"target\":[\"https:\\\/\\\/visitemporda.com\\\/fr\\\/planifica\\\/on-menjar\\\/\"]}]},{\"@type\":\"ImageObject\",\"inLanguage\":\"fr-FR\",\"@id\":\"https:\\\/\\\/visitemporda.com\\\/fr\\\/planifica\\\/on-menjar\\\/#primaryimage\",\"url\":\"https:\\\/\\\/visitemporda.com\\\/wp-content\\\/uploads\\\/2019\\\/03\\\/Moment-3.-Restaurant-Toc-al-Mar.-Begur.-Alex-Tremps.-Arxiu-Imatges-PTCBG_.jpg\",\"contentUrl\":\"https:\\\/\\\/visitemporda.com\\\/wp-content\\\/uploads\\\/2019\\\/03\\\/Moment-3.-Restaurant-Toc-al-Mar.-Begur.-Alex-Tremps.-Arxiu-Imatges-PTCBG_.jpg\",\"width\":1600,\"height\":1066,\"caption\":\"Arr\u00f2s a la cassola dins la cassola\"},{\"@type\":\"BreadcrumbList\",\"@id\":\"https:\\\/\\\/visitemporda.com\\\/fr\\\/planifica\\\/on-menjar\\\/#breadcrumb\",\"itemListElement\":[{\"@type\":\"ListItem\",\"position\":1,\"name\":\"Inici\",\"item\":\"https:\\\/\\\/visitemporda.com\\\/fr\\\/\"},{\"@type\":\"ListItem\",\"position\":2,\"name\":\"Planifiquez\",\"item\":\"https:\\\/\\\/visitemporda.com\\\/fr\\\/planifica\\\/\"},{\"@type\":\"ListItem\",\"position\":3,\"name\":\"O\u00f9 manger\"}]},{\"@type\":\"WebSite\",\"@id\":\"https:\\\/\\\/visitemporda.com\\\/fr\\\/#website\",\"url\":\"https:\\\/\\\/visitemporda.com\\\/fr\\\/\",\"name\":\"Visit Empord\u00e0\",\"description\":\"Site officiel du tourisme du Baix Empord\u00e0\",\"publisher\":{\"@id\":\"https:\\\/\\\/visitemporda.com\\\/fr\\\/#organization\"},\"potentialAction\":[{\"@type\":\"SearchAction\",\"target\":{\"@type\":\"EntryPoint\",\"urlTemplate\":\"https:\\\/\\\/visitemporda.com\\\/fr\\\/?s={search_term_string}\"},\"query-input\":{\"@type\":\"PropertyValueSpecification\",\"valueRequired\":true,\"valueName\":\"search_term_string\"}}],\"inLanguage\":\"fr-FR\"},{\"@type\":\"Organization\",\"@id\":\"https:\\\/\\\/visitemporda.com\\\/fr\\\/#organization\",\"name\":\"Consell Comarcal del Baix Empord\u00e0\",\"url\":\"https:\\\/\\\/visitemporda.com\\\/fr\\\/\",\"logo\":{\"@type\":\"ImageObject\",\"inLanguage\":\"fr-FR\",\"@id\":\"https:\\\/\\\/visitemporda.com\\\/fr\\\/#\\\/schema\\\/logo\\\/image\\\/\",\"url\":\"https:\\\/\\\/visitemporda.com\\\/wp-content\\\/uploads\\\/2024\\\/11\\\/Logotip_CCBE.png\",\"contentUrl\":\"https:\\\/\\\/visitemporda.com\\\/wp-content\\\/uploads\\\/2024\\\/11\\\/Logotip_CCBE.png\",\"width\":3617,\"height\":3617,\"caption\":\"Consell Comarcal del Baix Empord\u00e0\"},\"image\":{\"@id\":\"https:\\\/\\\/visitemporda.com\\\/fr\\\/#\\\/schema\\\/logo\\\/image\\\/\"},\"sameAs\":[\"https:\\\/\\\/www.facebook.com\\\/baixempordaturisme\",\"https:\\\/\\\/x.com\\\/baixemporda_tur\",\"https:\\\/\\\/www.instagram.com\\\/visitemporda\"]}]}<\/script>\n<!-- \/ Yoast SEO plugin. -->","yoast_head_json":{"title":"O\u00f9 manger - Visit Empord\u00e0","robots":{"index":"index","follow":"follow","max-snippet":"max-snippet:-1","max-image-preview":"max-image-preview:large","max-video-preview":"max-video-preview:-1"},"canonical":"https:\/\/visitemporda.com\/fr\/planifica\/on-menjar\/","og_locale":"fr_FR","og_type":"article","og_title":"O\u00f9 manger - Visit Empord\u00e0","og_description":"\u00a0\u00ab&#8230;il y a toujours eu non seulement de bons cuisiniers, de bonnes cuisini\u00e8res et des personnes qui ont manifest\u00e9 de l\u2019int\u00e9r\u00eat pour les travaux aux fourneaux, mais \u00e9galement une production de nouveaut\u00e9s surprenantes. A partir de formules tr\u00e8s anciennes, les gens du pays ont cr\u00e9\u00e9 des innovations d\u2019une grande originalit\u00e9 qui sont dignes d\u2019\u00eatre soulign\u00e9es [&hellip;]","og_url":"https:\/\/visitemporda.com\/fr\/planifica\/on-menjar\/","og_site_name":"Visit Empord\u00e0","article_publisher":"https:\/\/www.facebook.com\/baixempordaturisme","article_modified_time":"2021-05-22T15:46:36+00:00","og_image":[{"width":1600,"height":1066,"url":"https:\/\/visitemporda.com\/wp-content\/uploads\/2019\/03\/Moment-3.-Restaurant-Toc-al-Mar.-Begur.-Alex-Tremps.-Arxiu-Imatges-PTCBG_.jpg","type":"image\/jpeg"}],"twitter_card":"summary_large_image","twitter_site":"@baixemporda_tur","twitter_misc":{"Dur\u00e9e de lecture estim\u00e9e":"2 minutes"},"schema":{"@context":"https:\/\/schema.org","@graph":[{"@type":"WebPage","@id":"https:\/\/visitemporda.com\/fr\/planifica\/on-menjar\/","url":"https:\/\/visitemporda.com\/fr\/planifica\/on-menjar\/","name":"O\u00f9 manger - Visit Empord\u00e0","isPartOf":{"@id":"https:\/\/visitemporda.com\/fr\/#website"},"primaryImageOfPage":{"@id":"https:\/\/visitemporda.com\/fr\/planifica\/on-menjar\/#primaryimage"},"image":{"@id":"https:\/\/visitemporda.com\/fr\/planifica\/on-menjar\/#primaryimage"},"thumbnailUrl":"https:\/\/visitemporda.com\/wp-content\/uploads\/2019\/03\/Moment-3.-Restaurant-Toc-al-Mar.-Begur.-Alex-Tremps.-Arxiu-Imatges-PTCBG_.jpg","datePublished":"2019-03-29T12:26:22+00:00","dateModified":"2021-05-22T15:46:36+00:00","breadcrumb":{"@id":"https:\/\/visitemporda.com\/fr\/planifica\/on-menjar\/#breadcrumb"},"inLanguage":"fr-FR","potentialAction":[{"@type":"ReadAction","target":["https:\/\/visitemporda.com\/fr\/planifica\/on-menjar\/"]}]},{"@type":"ImageObject","inLanguage":"fr-FR","@id":"https:\/\/visitemporda.com\/fr\/planifica\/on-menjar\/#primaryimage","url":"https:\/\/visitemporda.com\/wp-content\/uploads\/2019\/03\/Moment-3.-Restaurant-Toc-al-Mar.-Begur.-Alex-Tremps.-Arxiu-Imatges-PTCBG_.jpg","contentUrl":"https:\/\/visitemporda.com\/wp-content\/uploads\/2019\/03\/Moment-3.-Restaurant-Toc-al-Mar.-Begur.-Alex-Tremps.-Arxiu-Imatges-PTCBG_.jpg","width":1600,"height":1066,"caption":"Arr\u00f2s a la cassola dins la cassola"},{"@type":"BreadcrumbList","@id":"https:\/\/visitemporda.com\/fr\/planifica\/on-menjar\/#breadcrumb","itemListElement":[{"@type":"ListItem","position":1,"name":"Inici","item":"https:\/\/visitemporda.com\/fr\/"},{"@type":"ListItem","position":2,"name":"Planifiquez","item":"https:\/\/visitemporda.com\/fr\/planifica\/"},{"@type":"ListItem","position":3,"name":"O\u00f9 manger"}]},{"@type":"WebSite","@id":"https:\/\/visitemporda.com\/fr\/#website","url":"https:\/\/visitemporda.com\/fr\/","name":"Visit Empord\u00e0","description":"Site officiel du tourisme du Baix Empord\u00e0","publisher":{"@id":"https:\/\/visitemporda.com\/fr\/#organization"},"potentialAction":[{"@type":"SearchAction","target":{"@type":"EntryPoint","urlTemplate":"https:\/\/visitemporda.com\/fr\/?s={search_term_string}"},"query-input":{"@type":"PropertyValueSpecification","valueRequired":true,"valueName":"search_term_string"}}],"inLanguage":"fr-FR"},{"@type":"Organization","@id":"https:\/\/visitemporda.com\/fr\/#organization","name":"Consell Comarcal del Baix Empord\u00e0","url":"https:\/\/visitemporda.com\/fr\/","logo":{"@type":"ImageObject","inLanguage":"fr-FR","@id":"https:\/\/visitemporda.com\/fr\/#\/schema\/logo\/image\/","url":"https:\/\/visitemporda.com\/wp-content\/uploads\/2024\/11\/Logotip_CCBE.png","contentUrl":"https:\/\/visitemporda.com\/wp-content\/uploads\/2024\/11\/Logotip_CCBE.png","width":3617,"height":3617,"caption":"Consell Comarcal del Baix Empord\u00e0"},"image":{"@id":"https:\/\/visitemporda.com\/fr\/#\/schema\/logo\/image\/"},"sameAs":["https:\/\/www.facebook.com\/baixempordaturisme","https:\/\/x.com\/baixemporda_tur","https:\/\/www.instagram.com\/visitemporda"]}]}},"_links":{"self":[{"href":"https:\/\/visitemporda.com\/fr\/wp-json\/wp\/v2\/pages\/19739","targetHints":{"allow":["GET"]}}],"collection":[{"href":"https:\/\/visitemporda.com\/fr\/wp-json\/wp\/v2\/pages"}],"about":[{"href":"https:\/\/visitemporda.com\/fr\/wp-json\/wp\/v2\/types\/page"}],"author":[{"embeddable":true,"href":"https:\/\/visitemporda.com\/fr\/wp-json\/wp\/v2\/users\/2"}],"replies":[{"embeddable":true,"href":"https:\/\/visitemporda.com\/fr\/wp-json\/wp\/v2\/comments?post=19739"}],"version-history":[{"count":4,"href":"https:\/\/visitemporda.com\/fr\/wp-json\/wp\/v2\/pages\/19739\/revisions"}],"predecessor-version":[{"id":30338,"href":"https:\/\/visitemporda.com\/fr\/wp-json\/wp\/v2\/pages\/19739\/revisions\/30338"}],"up":[{"embeddable":true,"href":"https:\/\/visitemporda.com\/fr\/wp-json\/wp\/v2\/pages\/20791"}],"wp:featuredmedia":[{"embeddable":true,"href":"https:\/\/visitemporda.com\/fr\/wp-json\/wp\/v2\/media\/18651"}],"wp:attachment":[{"href":"https:\/\/visitemporda.com\/fr\/wp-json\/wp\/v2\/media?parent=19739"}],"curies":[{"name":"wp","href":"https:\/\/api.w.org\/{rel}","templated":true}]}}