

{"id":19736,"date":"2019-03-21T13:36:53","date_gmt":"2019-03-21T12:36:53","guid":{"rendered":"http:\/\/visitemporda.com\/on-dormir\/"},"modified":"2021-05-05T11:15:17","modified_gmt":"2021-05-05T09:15:17","slug":"on-dormir","status":"publish","type":"page","link":"https:\/\/visitemporda.com\/fr\/planifica\/on-dormir\/","title":{"rendered":"O\u00f9 dormir"},"content":{"rendered":"<p>Dormir dans notre r\u00e9gion peut \u00eatre un v\u00e9ritable plaisir, au go\u00fbt particulier de chacun : h\u00f4tels de luxe pour les amateurs de grand confort, petits h\u00f4tels de famille pour ceux qui cherchent le contact direct avec les gens du cru, appartements de location pour qui souhaite un ind\u00e9pendance totale, grand choix de camping situ\u00e9s dans des parages splendides pour les inconditionnels de ce style de vacances, et enfin tourisme rural pour ceux qui ont un besoin urgent de se d\u00e9connecter de tout.<\/p>\n<p>Autrement dit, vous trouverez le type d\u2019h\u00e9bergement que vous souhaitez, en fonction de vos besoins et de vos pr\u00e9f\u00e9rences et, en outre, avec une garantie de qualit\u00e9. Nos \u00e9tablissement s\u2019emploient \u00e0 implanter le label de qualit\u00e9 touristique SICTED qui assure au client un certain nombre de standards de qualit\u00e9 dans toutes les cat\u00e9gories et \u00e0 tous les niveaux : des infrastructures \u00e9l\u00e9mentaires aux prestations d\u2019accueil, en passant par la gastronomie. De nombreux \u00e9tablissement poss\u00e8dent d\u2019ores et d\u00e9j\u00e0 ce label, et beaucoup s\u2019emploient actuellement \u00e0 l\u2019implanter.<\/p>\n<p id=\"tw-target-text\" class=\"tw-data-text tw-text-large XcVN5d tw-ta\" dir=\"ltr\" data-placeholder=\"Traducci\u00f3\"><span lang=\"fr\">Si vous souhaitez s\u00e9journer dans une maison \u00e0 usage touristique dans le Baix Empord\u00e0, cliquez ici<\/span> (<a href=\"http:\/\/establimentsturistics.gencat.cat\/rtcwebguies\/AppJava\/cercaEstabliments.do?pst=5&amp;pg=0&amp;lg=&amp;marcaR=5&amp;comarcaR=10&amp;municipiR=-1&amp;poblacioR=-1&amp;categoriaR=-1&amp;retol=&amp;idregistral=&amp;carrer=&amp;placesMin=&amp;placesMax=\" target=\"_blank\" rel=\"noopener noreferrer\">Liste officielle de la Generalitat de Catalunya avec toutes les maisons l\u00e9galis\u00e9es \u00e0 usage touristique<\/a>).<\/p>\n","protected":false},"excerpt":{"rendered":"<p>Dormir dans notre r\u00e9gion peut \u00eatre un v\u00e9ritable plaisir, au go\u00fbt particulier de chacun : h\u00f4tels de luxe pour les amateurs de grand confort, petits h\u00f4tels de famille pour ceux qui cherchent le contact direct avec les gens du cru, appartements de location pour qui souhaite un ind\u00e9pendance totale, grand choix de camping situ\u00e9s dans [&hellip;]<\/p>\n","protected":false},"author":2,"featured_media":4326,"parent":20791,"menu_order":10,"comment_status":"closed","ping_status":"closed","template":"page-templates\/hotels.php","meta":{"_acf_changed":false,"footnotes":""},"class_list":["post-19736","page","type-page","status-publish","has-post-thumbnail","hentry"],"acf":[],"yoast_head":"<!-- This site is optimized with the Yoast SEO plugin v27.3 - https:\/\/yoast.com\/product\/yoast-seo-wordpress\/ -->\n<title>O\u00f9 dormir - Visit Empord\u00e0<\/title>\n<meta name=\"robots\" content=\"index, follow, max-snippet:-1, max-image-preview:large, max-video-preview:-1\" \/>\n<link rel=\"canonical\" href=\"https:\/\/visitemporda.com\/fr\/planifica\/on-dormir\/\" \/>\n<meta property=\"og:locale\" content=\"fr_FR\" \/>\n<meta property=\"og:type\" content=\"article\" \/>\n<meta property=\"og:title\" content=\"O\u00f9 dormir - Visit Empord\u00e0\" \/>\n<meta property=\"og:description\" content=\"Dormir dans notre r\u00e9gion peut \u00eatre un v\u00e9ritable plaisir, au go\u00fbt particulier de chacun : h\u00f4tels de luxe pour les amateurs de grand confort, petits h\u00f4tels de famille pour ceux qui cherchent le contact direct avec les gens du cru, appartements de location pour qui souhaite un ind\u00e9pendance totale, grand choix de camping situ\u00e9s dans [&hellip;]\" \/>\n<meta property=\"og:url\" content=\"https:\/\/visitemporda.com\/fr\/planifica\/on-dormir\/\" \/>\n<meta property=\"og:site_name\" content=\"Visit Empord\u00e0\" \/>\n<meta property=\"article:publisher\" content=\"https:\/\/www.facebook.com\/baixempordaturisme\" \/>\n<meta property=\"article:modified_time\" content=\"2021-05-05T09:15:17+00:00\" \/>\n<meta property=\"og:image\" content=\"https:\/\/visitemporda.com\/wp-content\/uploads\/2019\/04\/Allotjament.jpg\" \/>\n\t<meta property=\"og:image:width\" content=\"363\" \/>\n\t<meta property=\"og:image:height\" content=\"242\" \/>\n\t<meta property=\"og:image:type\" content=\"image\/jpeg\" \/>\n<meta name=\"twitter:card\" content=\"summary_large_image\" \/>\n<meta name=\"twitter:site\" content=\"@baixemporda_tur\" \/>\n<meta name=\"twitter:label1\" content=\"Dur\u00e9e de lecture estim\u00e9e\" \/>\n\t<meta name=\"twitter:data1\" content=\"1 minute\" \/>\n<script type=\"application\/ld+json\" class=\"yoast-schema-graph\">{\"@context\":\"https:\\\/\\\/schema.org\",\"@graph\":[{\"@type\":\"WebPage\",\"@id\":\"https:\\\/\\\/visitemporda.com\\\/fr\\\/planifica\\\/on-dormir\\\/\",\"url\":\"https:\\\/\\\/visitemporda.com\\\/fr\\\/planifica\\\/on-dormir\\\/\",\"name\":\"O\u00f9 dormir - Visit Empord\u00e0\",\"isPartOf\":{\"@id\":\"https:\\\/\\\/visitemporda.com\\\/fr\\\/#website\"},\"primaryImageOfPage\":{\"@id\":\"https:\\\/\\\/visitemporda.com\\\/fr\\\/planifica\\\/on-dormir\\\/#primaryimage\"},\"image\":{\"@id\":\"https:\\\/\\\/visitemporda.com\\\/fr\\\/planifica\\\/on-dormir\\\/#primaryimage\"},\"thumbnailUrl\":\"https:\\\/\\\/visitemporda.com\\\/wp-content\\\/uploads\\\/2019\\\/04\\\/Allotjament.jpg\",\"datePublished\":\"2019-03-21T12:36:53+00:00\",\"dateModified\":\"2021-05-05T09:15:17+00:00\",\"breadcrumb\":{\"@id\":\"https:\\\/\\\/visitemporda.com\\\/fr\\\/planifica\\\/on-dormir\\\/#breadcrumb\"},\"inLanguage\":\"fr-FR\",\"potentialAction\":[{\"@type\":\"ReadAction\",\"target\":[\"https:\\\/\\\/visitemporda.com\\\/fr\\\/planifica\\\/on-dormir\\\/\"]}]},{\"@type\":\"ImageObject\",\"inLanguage\":\"fr-FR\",\"@id\":\"https:\\\/\\\/visitemporda.com\\\/fr\\\/planifica\\\/on-dormir\\\/#primaryimage\",\"url\":\"https:\\\/\\\/visitemporda.com\\\/wp-content\\\/uploads\\\/2019\\\/04\\\/Allotjament.jpg\",\"contentUrl\":\"https:\\\/\\\/visitemporda.com\\\/wp-content\\\/uploads\\\/2019\\\/04\\\/Allotjament.jpg\",\"width\":363,\"height\":242,\"caption\":\"llit amb coixins\"},{\"@type\":\"BreadcrumbList\",\"@id\":\"https:\\\/\\\/visitemporda.com\\\/fr\\\/planifica\\\/on-dormir\\\/#breadcrumb\",\"itemListElement\":[{\"@type\":\"ListItem\",\"position\":1,\"name\":\"Inici\",\"item\":\"https:\\\/\\\/visitemporda.com\\\/fr\\\/\"},{\"@type\":\"ListItem\",\"position\":2,\"name\":\"Planifiquez\",\"item\":\"https:\\\/\\\/visitemporda.com\\\/fr\\\/planifica\\\/\"},{\"@type\":\"ListItem\",\"position\":3,\"name\":\"O\u00f9 dormir\"}]},{\"@type\":\"WebSite\",\"@id\":\"https:\\\/\\\/visitemporda.com\\\/fr\\\/#website\",\"url\":\"https:\\\/\\\/visitemporda.com\\\/fr\\\/\",\"name\":\"Visit Empord\u00e0\",\"description\":\"Site officiel du tourisme du Baix Empord\u00e0\",\"publisher\":{\"@id\":\"https:\\\/\\\/visitemporda.com\\\/fr\\\/#organization\"},\"potentialAction\":[{\"@type\":\"SearchAction\",\"target\":{\"@type\":\"EntryPoint\",\"urlTemplate\":\"https:\\\/\\\/visitemporda.com\\\/fr\\\/?s={search_term_string}\"},\"query-input\":{\"@type\":\"PropertyValueSpecification\",\"valueRequired\":true,\"valueName\":\"search_term_string\"}}],\"inLanguage\":\"fr-FR\"},{\"@type\":\"Organization\",\"@id\":\"https:\\\/\\\/visitemporda.com\\\/fr\\\/#organization\",\"name\":\"Consell Comarcal del Baix Empord\u00e0\",\"url\":\"https:\\\/\\\/visitemporda.com\\\/fr\\\/\",\"logo\":{\"@type\":\"ImageObject\",\"inLanguage\":\"fr-FR\",\"@id\":\"https:\\\/\\\/visitemporda.com\\\/fr\\\/#\\\/schema\\\/logo\\\/image\\\/\",\"url\":\"https:\\\/\\\/visitemporda.com\\\/wp-content\\\/uploads\\\/2024\\\/11\\\/Logotip_CCBE.png\",\"contentUrl\":\"https:\\\/\\\/visitemporda.com\\\/wp-content\\\/uploads\\\/2024\\\/11\\\/Logotip_CCBE.png\",\"width\":3617,\"height\":3617,\"caption\":\"Consell Comarcal del Baix Empord\u00e0\"},\"image\":{\"@id\":\"https:\\\/\\\/visitemporda.com\\\/fr\\\/#\\\/schema\\\/logo\\\/image\\\/\"},\"sameAs\":[\"https:\\\/\\\/www.facebook.com\\\/baixempordaturisme\",\"https:\\\/\\\/x.com\\\/baixemporda_tur\",\"https:\\\/\\\/www.instagram.com\\\/visitemporda\"]}]}<\/script>\n<!-- \/ Yoast SEO plugin. -->","yoast_head_json":{"title":"O\u00f9 dormir - Visit Empord\u00e0","robots":{"index":"index","follow":"follow","max-snippet":"max-snippet:-1","max-image-preview":"max-image-preview:large","max-video-preview":"max-video-preview:-1"},"canonical":"https:\/\/visitemporda.com\/fr\/planifica\/on-dormir\/","og_locale":"fr_FR","og_type":"article","og_title":"O\u00f9 dormir - Visit Empord\u00e0","og_description":"Dormir dans notre r\u00e9gion peut \u00eatre un v\u00e9ritable plaisir, au go\u00fbt particulier de chacun : h\u00f4tels de luxe pour les amateurs de grand confort, petits h\u00f4tels de famille pour ceux qui cherchent le contact direct avec les gens du cru, appartements de location pour qui souhaite un ind\u00e9pendance totale, grand choix de camping situ\u00e9s dans [&hellip;]","og_url":"https:\/\/visitemporda.com\/fr\/planifica\/on-dormir\/","og_site_name":"Visit Empord\u00e0","article_publisher":"https:\/\/www.facebook.com\/baixempordaturisme","article_modified_time":"2021-05-05T09:15:17+00:00","og_image":[{"width":363,"height":242,"url":"https:\/\/visitemporda.com\/wp-content\/uploads\/2019\/04\/Allotjament.jpg","type":"image\/jpeg"}],"twitter_card":"summary_large_image","twitter_site":"@baixemporda_tur","twitter_misc":{"Dur\u00e9e de lecture estim\u00e9e":"1 minute"},"schema":{"@context":"https:\/\/schema.org","@graph":[{"@type":"WebPage","@id":"https:\/\/visitemporda.com\/fr\/planifica\/on-dormir\/","url":"https:\/\/visitemporda.com\/fr\/planifica\/on-dormir\/","name":"O\u00f9 dormir - Visit Empord\u00e0","isPartOf":{"@id":"https:\/\/visitemporda.com\/fr\/#website"},"primaryImageOfPage":{"@id":"https:\/\/visitemporda.com\/fr\/planifica\/on-dormir\/#primaryimage"},"image":{"@id":"https:\/\/visitemporda.com\/fr\/planifica\/on-dormir\/#primaryimage"},"thumbnailUrl":"https:\/\/visitemporda.com\/wp-content\/uploads\/2019\/04\/Allotjament.jpg","datePublished":"2019-03-21T12:36:53+00:00","dateModified":"2021-05-05T09:15:17+00:00","breadcrumb":{"@id":"https:\/\/visitemporda.com\/fr\/planifica\/on-dormir\/#breadcrumb"},"inLanguage":"fr-FR","potentialAction":[{"@type":"ReadAction","target":["https:\/\/visitemporda.com\/fr\/planifica\/on-dormir\/"]}]},{"@type":"ImageObject","inLanguage":"fr-FR","@id":"https:\/\/visitemporda.com\/fr\/planifica\/on-dormir\/#primaryimage","url":"https:\/\/visitemporda.com\/wp-content\/uploads\/2019\/04\/Allotjament.jpg","contentUrl":"https:\/\/visitemporda.com\/wp-content\/uploads\/2019\/04\/Allotjament.jpg","width":363,"height":242,"caption":"llit amb coixins"},{"@type":"BreadcrumbList","@id":"https:\/\/visitemporda.com\/fr\/planifica\/on-dormir\/#breadcrumb","itemListElement":[{"@type":"ListItem","position":1,"name":"Inici","item":"https:\/\/visitemporda.com\/fr\/"},{"@type":"ListItem","position":2,"name":"Planifiquez","item":"https:\/\/visitemporda.com\/fr\/planifica\/"},{"@type":"ListItem","position":3,"name":"O\u00f9 dormir"}]},{"@type":"WebSite","@id":"https:\/\/visitemporda.com\/fr\/#website","url":"https:\/\/visitemporda.com\/fr\/","name":"Visit Empord\u00e0","description":"Site officiel du tourisme du Baix Empord\u00e0","publisher":{"@id":"https:\/\/visitemporda.com\/fr\/#organization"},"potentialAction":[{"@type":"SearchAction","target":{"@type":"EntryPoint","urlTemplate":"https:\/\/visitemporda.com\/fr\/?s={search_term_string}"},"query-input":{"@type":"PropertyValueSpecification","valueRequired":true,"valueName":"search_term_string"}}],"inLanguage":"fr-FR"},{"@type":"Organization","@id":"https:\/\/visitemporda.com\/fr\/#organization","name":"Consell Comarcal del Baix Empord\u00e0","url":"https:\/\/visitemporda.com\/fr\/","logo":{"@type":"ImageObject","inLanguage":"fr-FR","@id":"https:\/\/visitemporda.com\/fr\/#\/schema\/logo\/image\/","url":"https:\/\/visitemporda.com\/wp-content\/uploads\/2024\/11\/Logotip_CCBE.png","contentUrl":"https:\/\/visitemporda.com\/wp-content\/uploads\/2024\/11\/Logotip_CCBE.png","width":3617,"height":3617,"caption":"Consell Comarcal del Baix Empord\u00e0"},"image":{"@id":"https:\/\/visitemporda.com\/fr\/#\/schema\/logo\/image\/"},"sameAs":["https:\/\/www.facebook.com\/baixempordaturisme","https:\/\/x.com\/baixemporda_tur","https:\/\/www.instagram.com\/visitemporda"]}]}},"_links":{"self":[{"href":"https:\/\/visitemporda.com\/fr\/wp-json\/wp\/v2\/pages\/19736","targetHints":{"allow":["GET"]}}],"collection":[{"href":"https:\/\/visitemporda.com\/fr\/wp-json\/wp\/v2\/pages"}],"about":[{"href":"https:\/\/visitemporda.com\/fr\/wp-json\/wp\/v2\/types\/page"}],"author":[{"embeddable":true,"href":"https:\/\/visitemporda.com\/fr\/wp-json\/wp\/v2\/users\/2"}],"replies":[{"embeddable":true,"href":"https:\/\/visitemporda.com\/fr\/wp-json\/wp\/v2\/comments?post=19736"}],"version-history":[{"count":4,"href":"https:\/\/visitemporda.com\/fr\/wp-json\/wp\/v2\/pages\/19736\/revisions"}],"predecessor-version":[{"id":29956,"href":"https:\/\/visitemporda.com\/fr\/wp-json\/wp\/v2\/pages\/19736\/revisions\/29956"}],"up":[{"embeddable":true,"href":"https:\/\/visitemporda.com\/fr\/wp-json\/wp\/v2\/pages\/20791"}],"wp:featuredmedia":[{"embeddable":true,"href":"https:\/\/visitemporda.com\/fr\/wp-json\/wp\/v2\/media\/4326"}],"wp:attachment":[{"href":"https:\/\/visitemporda.com\/fr\/wp-json\/wp\/v2\/media?parent=19736"}],"curies":[{"name":"wp","href":"https:\/\/api.w.org\/{rel}","templated":true}]}}