

{"id":19621,"date":"2019-10-08T16:18:57","date_gmt":"2019-10-08T14:18:57","guid":{"rendered":"http:\/\/visitemporda.com\/patrimoni-cultural\/terra-de-musics\/havanera-i-canco-de-taverna\/"},"modified":"2024-07-26T13:15:27","modified_gmt":"2024-07-26T11:15:27","slug":"havanera-i-canco-de-taverna","status":"publish","type":"page","link":"https:\/\/visitemporda.com\/fr\/recomenacions\/propostes\/patrimoni-cultural\/terra-de-musics\/havanera-i-canco-de-taverna\/","title":{"rendered":"Habanera (havanaise) et can\u00e7\u00f3 de taverna (chanson de taverne)"},"content":{"rendered":"<p>Teintes du mal du pays que les <em>Indianos<\/em> ressentaient pour Cuba de retour en Catalogne, les <em>Habanera<\/em> (havanaises) sont le fruit du m\u00e9tissage culturel des Cara\u00efbes et s\u2019enracin\u00e8rent profond\u00e9ment dans la Costa Brava, o\u00f9 elles rejoignirent la tradition de la <em>can\u00e7\u00f3 de taverna<\/em> (chanson de taverne). Outre les repas et les boissons propos\u00e9s aux marins, ces \u00e9tablissements constituent un espace de cr\u00e9ation populaire.\u00a0Tout au long du\u00a0XX<sup>e<\/sup> si\u00e8cle, les musiques de taverne, en particulier les <em>habaneras<\/em> ou havanaises, se sont fait un nom gr\u00e2ce \u00e0 des r\u00e9citals comme celui de Calella de Palafrugell, pionni\u00e8re dans leur diffusion aupr\u00e8s d\u2019un public plus important. La <em>can\u00e7\u00f3 de taverna<\/em> (chanson de taverne) est un ph\u00e9nom\u00e8ne vivant, form\u00e9 par un r\u00e9seau de chanteurs, d\u2019espaces et de festivals qui en p\u00e9rennisent l\u2019h\u00e9ritage. Il s\u2019agit d\u2019un \u00e9v\u00e9nement collectif, qui r\u00e9unit les personnes autour de la musique, et qui s&rsquo;accompagne tr\u00e8s souvent du rhum br\u00fbl\u00e9 traditionnel.<\/p>\n<p>Le Baix Empord\u00e0 est un berceau de musiques et de formations musicales qui contribuent \u00e0 la diffusion et \u00e0 la pr\u00e9servation de ce genre musical.\u00a0 Certains de ces groupes sont Port-bo, Peix Fregit, Cantaires del Montgr\u00ed, Arjau, L\u2019Empordanet ou Els Cremats.<\/p>\n<p>Actuellement, la majorit\u00e9 des villages c\u00f4tiers incluent dans leurs calendriers d\u2019activit\u00e9s, des mois d\u2019\u00e9t\u00e9, des r\u00e9citals d\u2019<em>habaneras<\/em> ou havanaises et d\u2019autres r\u00e9citals de chansons de marins.<\/p>\n<p>En voici quelques-uns\u00a0:<\/p>\n<p>R\u00e9cital d\u2019havanaises de Calella de Palafrugell (juillet)<\/p>\n<p>R\u00e9cital d\u2019havanaises et chansons de taverne de Platja d\u2019Aro (juillet)<\/p>\n<p>R\u00e9cital d\u2019havanaises et de bol\u00e9ros de Sant Antoni de Calonge (juillet)<\/p>\n<p>R\u00e9cital d\u2019havanaises de l\u2019Estartit (juillet)<\/p>\n<p>Chansons de taverne de Sant Feliu de Gu\u00edxols (juillet \u2013 ao\u00fbt)<\/p>\n<p>R\u00e9cital d\u2019havanaises \u00e0 Pals (juillet)<\/p>\n<p>Festival de l\u2019havanaise catalane de Palam\u00f3s (ao\u00fbt)<\/p>\n<p>R\u00e9cital d\u2019havanaises de Begur (ao\u00fbt)<\/p>\n<p>Havanaises \u00e0 Cala Montg\u00f3 (Torroella de Montgr\u00ed) (Ao\u00fbt)<\/p>\n","protected":false},"excerpt":{"rendered":"<p>Teintes du mal du pays que les Indianos ressentaient pour Cuba de retour en Catalogne, les Habanera (havanaises) sont le fruit du m\u00e9tissage culturel des Cara\u00efbes et s\u2019enracin\u00e8rent profond\u00e9ment dans la Costa Brava, o\u00f9 elles rejoignirent la tradition de la can\u00e7\u00f3 de taverna (chanson de taverne). Outre les repas et les boissons propos\u00e9s aux marins, [&hellip;]<\/p>\n","protected":false},"author":2,"featured_media":7615,"parent":19615,"menu_order":0,"comment_status":"closed","ping_status":"closed","template":"page-templates\/fitxa-campanyes-gastronomiques.php","meta":{"_acf_changed":false,"footnotes":""},"class_list":["post-19621","page","type-page","status-publish","has-post-thumbnail","hentry"],"acf":[],"yoast_head":"<!-- This site is optimized with the Yoast SEO plugin v27.4 - https:\/\/yoast.com\/product\/yoast-seo-wordpress\/ -->\n<title>Habanera (havanaise) et can\u00e7\u00f3 de taverna (chanson de taverne) - Visit Empord\u00e0<\/title>\n<meta name=\"robots\" content=\"index, follow, max-snippet:-1, max-image-preview:large, max-video-preview:-1\" \/>\n<link rel=\"canonical\" href=\"https:\/\/visitemporda.com\/fr\/recomenacions\/propostes\/patrimoni-cultural\/terra-de-musics\/havanera-i-canco-de-taverna\/\" \/>\n<meta property=\"og:locale\" content=\"fr_FR\" \/>\n<meta property=\"og:type\" content=\"article\" \/>\n<meta property=\"og:title\" content=\"Habanera (havanaise) et can\u00e7\u00f3 de taverna (chanson de taverne) - Visit Empord\u00e0\" \/>\n<meta property=\"og:description\" content=\"Teintes du mal du pays que les Indianos ressentaient pour Cuba de retour en Catalogne, les Habanera (havanaises) sont le fruit du m\u00e9tissage culturel des Cara\u00efbes et s\u2019enracin\u00e8rent profond\u00e9ment dans la Costa Brava, o\u00f9 elles rejoignirent la tradition de la can\u00e7\u00f3 de taverna (chanson de taverne). Outre les repas et les boissons propos\u00e9s aux marins, [&hellip;]\" \/>\n<meta property=\"og:url\" content=\"https:\/\/visitemporda.com\/fr\/recomenacions\/propostes\/patrimoni-cultural\/terra-de-musics\/havanera-i-canco-de-taverna\/\" \/>\n<meta property=\"og:site_name\" content=\"Visit Empord\u00e0\" \/>\n<meta property=\"article:publisher\" content=\"https:\/\/www.facebook.com\/baixempordaturisme\" \/>\n<meta property=\"article:modified_time\" content=\"2024-07-26T11:15:27+00:00\" \/>\n<meta property=\"og:image\" content=\"https:\/\/visitemporda.com\/wp-content\/uploads\/2019\/10\/Can\u00e7\u00f3-de-taverna-1024x683.jpg\" \/>\n\t<meta property=\"og:image:width\" content=\"1024\" \/>\n\t<meta property=\"og:image:height\" content=\"683\" \/>\n\t<meta property=\"og:image:type\" content=\"image\/jpeg\" \/>\n<meta name=\"twitter:card\" content=\"summary_large_image\" \/>\n<meta name=\"twitter:site\" content=\"@baixemporda_tur\" \/>\n<meta name=\"twitter:label1\" content=\"Dur\u00e9e de lecture estim\u00e9e\" \/>\n\t<meta name=\"twitter:data1\" content=\"2 minutes\" \/>\n<script type=\"application\/ld+json\" class=\"yoast-schema-graph\">{\"@context\":\"https:\\\/\\\/schema.org\",\"@graph\":[{\"@type\":\"WebPage\",\"@id\":\"https:\\\/\\\/visitemporda.com\\\/fr\\\/recomenacions\\\/propostes\\\/patrimoni-cultural\\\/terra-de-musics\\\/havanera-i-canco-de-taverna\\\/\",\"url\":\"https:\\\/\\\/visitemporda.com\\\/fr\\\/recomenacions\\\/propostes\\\/patrimoni-cultural\\\/terra-de-musics\\\/havanera-i-canco-de-taverna\\\/\",\"name\":\"Habanera (havanaise) et can\u00e7\u00f3 de taverna (chanson de taverne) - Visit Empord\u00e0\",\"isPartOf\":{\"@id\":\"https:\\\/\\\/visitemporda.com\\\/fr\\\/#website\"},\"primaryImageOfPage\":{\"@id\":\"https:\\\/\\\/visitemporda.com\\\/fr\\\/recomenacions\\\/propostes\\\/patrimoni-cultural\\\/terra-de-musics\\\/havanera-i-canco-de-taverna\\\/#primaryimage\"},\"image\":{\"@id\":\"https:\\\/\\\/visitemporda.com\\\/fr\\\/recomenacions\\\/propostes\\\/patrimoni-cultural\\\/terra-de-musics\\\/havanera-i-canco-de-taverna\\\/#primaryimage\"},\"thumbnailUrl\":\"https:\\\/\\\/visitemporda.com\\\/wp-content\\\/uploads\\\/2019\\\/10\\\/Can\u00e7\u00f3-de-taverna.jpg\",\"datePublished\":\"2019-10-08T14:18:57+00:00\",\"dateModified\":\"2024-07-26T11:15:27+00:00\",\"breadcrumb\":{\"@id\":\"https:\\\/\\\/visitemporda.com\\\/fr\\\/recomenacions\\\/propostes\\\/patrimoni-cultural\\\/terra-de-musics\\\/havanera-i-canco-de-taverna\\\/#breadcrumb\"},\"inLanguage\":\"fr-FR\",\"potentialAction\":[{\"@type\":\"ReadAction\",\"target\":[\"https:\\\/\\\/visitemporda.com\\\/fr\\\/recomenacions\\\/propostes\\\/patrimoni-cultural\\\/terra-de-musics\\\/havanera-i-canco-de-taverna\\\/\"]}]},{\"@type\":\"ImageObject\",\"inLanguage\":\"fr-FR\",\"@id\":\"https:\\\/\\\/visitemporda.com\\\/fr\\\/recomenacions\\\/propostes\\\/patrimoni-cultural\\\/terra-de-musics\\\/havanera-i-canco-de-taverna\\\/#primaryimage\",\"url\":\"https:\\\/\\\/visitemporda.com\\\/wp-content\\\/uploads\\\/2019\\\/10\\\/Can\u00e7\u00f3-de-taverna.jpg\",\"contentUrl\":\"https:\\\/\\\/visitemporda.com\\\/wp-content\\\/uploads\\\/2019\\\/10\\\/Can\u00e7\u00f3-de-taverna.jpg\",\"width\":4608,\"height\":3072,\"caption\":\"Can\u00e7\u00f3 de taverna a dalt de l'escenaru\"},{\"@type\":\"BreadcrumbList\",\"@id\":\"https:\\\/\\\/visitemporda.com\\\/fr\\\/recomenacions\\\/propostes\\\/patrimoni-cultural\\\/terra-de-musics\\\/havanera-i-canco-de-taverna\\\/#breadcrumb\",\"itemListElement\":[{\"@type\":\"ListItem\",\"position\":1,\"name\":\"Inici\",\"item\":\"https:\\\/\\\/visitemporda.com\\\/fr\\\/\"},{\"@type\":\"ListItem\",\"position\":2,\"name\":\"Recommandations\",\"item\":\"https:\\\/\\\/visitemporda.com\\\/fr\\\/recomenacions\\\/\"},{\"@type\":\"ListItem\",\"position\":3,\"name\":\"Quoi faire\",\"item\":\"https:\\\/\\\/visitemporda.com\\\/fr\\\/recomenacions\\\/propostes\\\/\"},{\"@type\":\"ListItem\",\"position\":4,\"name\":\"Patrimoine culturel\",\"item\":\"https:\\\/\\\/visitemporda.com\\\/fr\\\/recomenacions\\\/propostes\\\/patrimoni-cultural\\\/\"},{\"@type\":\"ListItem\",\"position\":5,\"name\":\"Une terre de musiques\",\"item\":\"https:\\\/\\\/visitemporda.com\\\/fr\\\/recomenacions\\\/propostes\\\/patrimoni-cultural\\\/terra-de-musics\\\/\"},{\"@type\":\"ListItem\",\"position\":6,\"name\":\"Habanera (havanaise) et can\u00e7\u00f3 de taverna (chanson de taverne)\"}]},{\"@type\":\"WebSite\",\"@id\":\"https:\\\/\\\/visitemporda.com\\\/fr\\\/#website\",\"url\":\"https:\\\/\\\/visitemporda.com\\\/fr\\\/\",\"name\":\"Visit Empord\u00e0\",\"description\":\"Site officiel du tourisme du Baix Empord\u00e0\",\"publisher\":{\"@id\":\"https:\\\/\\\/visitemporda.com\\\/fr\\\/#organization\"},\"potentialAction\":[{\"@type\":\"SearchAction\",\"target\":{\"@type\":\"EntryPoint\",\"urlTemplate\":\"https:\\\/\\\/visitemporda.com\\\/fr\\\/?s={search_term_string}\"},\"query-input\":{\"@type\":\"PropertyValueSpecification\",\"valueRequired\":true,\"valueName\":\"search_term_string\"}}],\"inLanguage\":\"fr-FR\"},{\"@type\":\"Organization\",\"@id\":\"https:\\\/\\\/visitemporda.com\\\/fr\\\/#organization\",\"name\":\"Consell Comarcal del Baix Empord\u00e0\",\"url\":\"https:\\\/\\\/visitemporda.com\\\/fr\\\/\",\"logo\":{\"@type\":\"ImageObject\",\"inLanguage\":\"fr-FR\",\"@id\":\"https:\\\/\\\/visitemporda.com\\\/fr\\\/#\\\/schema\\\/logo\\\/image\\\/\",\"url\":\"https:\\\/\\\/visitemporda.com\\\/wp-content\\\/uploads\\\/2024\\\/11\\\/Logotip_CCBE.png\",\"contentUrl\":\"https:\\\/\\\/visitemporda.com\\\/wp-content\\\/uploads\\\/2024\\\/11\\\/Logotip_CCBE.png\",\"width\":3617,\"height\":3617,\"caption\":\"Consell Comarcal del Baix Empord\u00e0\"},\"image\":{\"@id\":\"https:\\\/\\\/visitemporda.com\\\/fr\\\/#\\\/schema\\\/logo\\\/image\\\/\"},\"sameAs\":[\"https:\\\/\\\/www.facebook.com\\\/baixempordaturisme\",\"https:\\\/\\\/x.com\\\/baixemporda_tur\",\"https:\\\/\\\/www.instagram.com\\\/visitemporda\"]}]}<\/script>\n<!-- \/ Yoast SEO plugin. -->","yoast_head_json":{"title":"Habanera (havanaise) et can\u00e7\u00f3 de taverna (chanson de taverne) - Visit Empord\u00e0","robots":{"index":"index","follow":"follow","max-snippet":"max-snippet:-1","max-image-preview":"max-image-preview:large","max-video-preview":"max-video-preview:-1"},"canonical":"https:\/\/visitemporda.com\/fr\/recomenacions\/propostes\/patrimoni-cultural\/terra-de-musics\/havanera-i-canco-de-taverna\/","og_locale":"fr_FR","og_type":"article","og_title":"Habanera (havanaise) et can\u00e7\u00f3 de taverna (chanson de taverne) - Visit Empord\u00e0","og_description":"Teintes du mal du pays que les Indianos ressentaient pour Cuba de retour en Catalogne, les Habanera (havanaises) sont le fruit du m\u00e9tissage culturel des Cara\u00efbes et s\u2019enracin\u00e8rent profond\u00e9ment dans la Costa Brava, o\u00f9 elles rejoignirent la tradition de la can\u00e7\u00f3 de taverna (chanson de taverne). Outre les repas et les boissons propos\u00e9s aux marins, [&hellip;]","og_url":"https:\/\/visitemporda.com\/fr\/recomenacions\/propostes\/patrimoni-cultural\/terra-de-musics\/havanera-i-canco-de-taverna\/","og_site_name":"Visit Empord\u00e0","article_publisher":"https:\/\/www.facebook.com\/baixempordaturisme","article_modified_time":"2024-07-26T11:15:27+00:00","og_image":[{"width":1024,"height":683,"url":"https:\/\/visitemporda.com\/wp-content\/uploads\/2019\/10\/Can\u00e7\u00f3-de-taverna-1024x683.jpg","type":"image\/jpeg"}],"twitter_card":"summary_large_image","twitter_site":"@baixemporda_tur","twitter_misc":{"Dur\u00e9e de lecture estim\u00e9e":"2 minutes"},"schema":{"@context":"https:\/\/schema.org","@graph":[{"@type":"WebPage","@id":"https:\/\/visitemporda.com\/fr\/recomenacions\/propostes\/patrimoni-cultural\/terra-de-musics\/havanera-i-canco-de-taverna\/","url":"https:\/\/visitemporda.com\/fr\/recomenacions\/propostes\/patrimoni-cultural\/terra-de-musics\/havanera-i-canco-de-taverna\/","name":"Habanera (havanaise) et can\u00e7\u00f3 de taverna (chanson de taverne) - Visit Empord\u00e0","isPartOf":{"@id":"https:\/\/visitemporda.com\/fr\/#website"},"primaryImageOfPage":{"@id":"https:\/\/visitemporda.com\/fr\/recomenacions\/propostes\/patrimoni-cultural\/terra-de-musics\/havanera-i-canco-de-taverna\/#primaryimage"},"image":{"@id":"https:\/\/visitemporda.com\/fr\/recomenacions\/propostes\/patrimoni-cultural\/terra-de-musics\/havanera-i-canco-de-taverna\/#primaryimage"},"thumbnailUrl":"https:\/\/visitemporda.com\/wp-content\/uploads\/2019\/10\/Can\u00e7\u00f3-de-taverna.jpg","datePublished":"2019-10-08T14:18:57+00:00","dateModified":"2024-07-26T11:15:27+00:00","breadcrumb":{"@id":"https:\/\/visitemporda.com\/fr\/recomenacions\/propostes\/patrimoni-cultural\/terra-de-musics\/havanera-i-canco-de-taverna\/#breadcrumb"},"inLanguage":"fr-FR","potentialAction":[{"@type":"ReadAction","target":["https:\/\/visitemporda.com\/fr\/recomenacions\/propostes\/patrimoni-cultural\/terra-de-musics\/havanera-i-canco-de-taverna\/"]}]},{"@type":"ImageObject","inLanguage":"fr-FR","@id":"https:\/\/visitemporda.com\/fr\/recomenacions\/propostes\/patrimoni-cultural\/terra-de-musics\/havanera-i-canco-de-taverna\/#primaryimage","url":"https:\/\/visitemporda.com\/wp-content\/uploads\/2019\/10\/Can\u00e7\u00f3-de-taverna.jpg","contentUrl":"https:\/\/visitemporda.com\/wp-content\/uploads\/2019\/10\/Can\u00e7\u00f3-de-taverna.jpg","width":4608,"height":3072,"caption":"Can\u00e7\u00f3 de taverna a dalt de l'escenaru"},{"@type":"BreadcrumbList","@id":"https:\/\/visitemporda.com\/fr\/recomenacions\/propostes\/patrimoni-cultural\/terra-de-musics\/havanera-i-canco-de-taverna\/#breadcrumb","itemListElement":[{"@type":"ListItem","position":1,"name":"Inici","item":"https:\/\/visitemporda.com\/fr\/"},{"@type":"ListItem","position":2,"name":"Recommandations","item":"https:\/\/visitemporda.com\/fr\/recomenacions\/"},{"@type":"ListItem","position":3,"name":"Quoi faire","item":"https:\/\/visitemporda.com\/fr\/recomenacions\/propostes\/"},{"@type":"ListItem","position":4,"name":"Patrimoine culturel","item":"https:\/\/visitemporda.com\/fr\/recomenacions\/propostes\/patrimoni-cultural\/"},{"@type":"ListItem","position":5,"name":"Une terre de musiques","item":"https:\/\/visitemporda.com\/fr\/recomenacions\/propostes\/patrimoni-cultural\/terra-de-musics\/"},{"@type":"ListItem","position":6,"name":"Habanera (havanaise) et can\u00e7\u00f3 de taverna (chanson de taverne)"}]},{"@type":"WebSite","@id":"https:\/\/visitemporda.com\/fr\/#website","url":"https:\/\/visitemporda.com\/fr\/","name":"Visit Empord\u00e0","description":"Site officiel du tourisme du Baix Empord\u00e0","publisher":{"@id":"https:\/\/visitemporda.com\/fr\/#organization"},"potentialAction":[{"@type":"SearchAction","target":{"@type":"EntryPoint","urlTemplate":"https:\/\/visitemporda.com\/fr\/?s={search_term_string}"},"query-input":{"@type":"PropertyValueSpecification","valueRequired":true,"valueName":"search_term_string"}}],"inLanguage":"fr-FR"},{"@type":"Organization","@id":"https:\/\/visitemporda.com\/fr\/#organization","name":"Consell Comarcal del Baix Empord\u00e0","url":"https:\/\/visitemporda.com\/fr\/","logo":{"@type":"ImageObject","inLanguage":"fr-FR","@id":"https:\/\/visitemporda.com\/fr\/#\/schema\/logo\/image\/","url":"https:\/\/visitemporda.com\/wp-content\/uploads\/2024\/11\/Logotip_CCBE.png","contentUrl":"https:\/\/visitemporda.com\/wp-content\/uploads\/2024\/11\/Logotip_CCBE.png","width":3617,"height":3617,"caption":"Consell Comarcal del Baix Empord\u00e0"},"image":{"@id":"https:\/\/visitemporda.com\/fr\/#\/schema\/logo\/image\/"},"sameAs":["https:\/\/www.facebook.com\/baixempordaturisme","https:\/\/x.com\/baixemporda_tur","https:\/\/www.instagram.com\/visitemporda"]}]}},"_links":{"self":[{"href":"https:\/\/visitemporda.com\/fr\/wp-json\/wp\/v2\/pages\/19621","targetHints":{"allow":["GET"]}}],"collection":[{"href":"https:\/\/visitemporda.com\/fr\/wp-json\/wp\/v2\/pages"}],"about":[{"href":"https:\/\/visitemporda.com\/fr\/wp-json\/wp\/v2\/types\/page"}],"author":[{"embeddable":true,"href":"https:\/\/visitemporda.com\/fr\/wp-json\/wp\/v2\/users\/2"}],"replies":[{"embeddable":true,"href":"https:\/\/visitemporda.com\/fr\/wp-json\/wp\/v2\/comments?post=19621"}],"version-history":[{"count":5,"href":"https:\/\/visitemporda.com\/fr\/wp-json\/wp\/v2\/pages\/19621\/revisions"}],"predecessor-version":[{"id":48460,"href":"https:\/\/visitemporda.com\/fr\/wp-json\/wp\/v2\/pages\/19621\/revisions\/48460"}],"up":[{"embeddable":true,"href":"https:\/\/visitemporda.com\/fr\/wp-json\/wp\/v2\/pages\/19615"}],"wp:featuredmedia":[{"embeddable":true,"href":"https:\/\/visitemporda.com\/fr\/wp-json\/wp\/v2\/media\/7615"}],"wp:attachment":[{"href":"https:\/\/visitemporda.com\/fr\/wp-json\/wp\/v2\/media?parent=19621"}],"curies":[{"name":"wp","href":"https:\/\/api.w.org\/{rel}","templated":true}]}}