

{"id":19619,"date":"2019-10-08T15:59:52","date_gmt":"2019-10-08T13:59:52","guid":{"rendered":"http:\/\/visitemporda.com\/patrimoni-cultural\/terra-de-musics\/sardanes-i-cobles\/"},"modified":"2021-08-02T10:10:48","modified_gmt":"2021-08-02T08:10:48","slug":"sardanes-i-cobles","status":"publish","type":"page","link":"https:\/\/visitemporda.com\/fr\/recomenacions\/propostes\/patrimoni-cultural\/terra-de-musics\/sardanes-i-cobles\/","title":{"rendered":"Sardanes et cobles"},"content":{"rendered":"<p>Les places des villages et des villes sont l\u2019habitat naturel de la <em>sardana<\/em>, danse nationale de Catalogne, dont l\u2019origine se perd dans le temps. Comme toute manifestation populaire, elle a \u00e9volu\u00e9 avec le temps et l\u2019apparition de personnages comme Pep Ventura, originaire de Figueres, qui lui conf\u00e9ra un prestige et une richesse musicale. Le compositeur Juli Garreta, originaire de Sant Feliu de Gu\u00edxols, y contribua avec un style particulier contextualis\u00e9 dans les ann\u00e9es du modernisme. Enric Morera fut consid\u00e9r\u00e9 comme un grand compositeur. Il signa des \u0153uvres dont une des sardanes les plus connues, L\u2019Empord\u00e0, \u00e9crite en\u00a01908\u00a0inspir\u00e9e par un po\u00e8me de Joan Maragall.<\/p>\n<p>L\u2019Empord\u00e0 est l\u2019un des territoires de r\u00e9f\u00e9rence en mati\u00e8re de <em>sardana<\/em>\u00a0; en effet, la danse a gagn\u00e9 en popularit\u00e9 dans ce territoire et s\u2019est \u00e9tendue aux cantons voisins. De nombreux villages et villes baix-ampourdanais poss\u00e8dent leur propre <em>cobla<\/em> (formation traditionnelle qui interpr\u00e8te les sardanes). Certaines d\u2019entre elles, lesdites <em>cobles-orchestre<\/em>, animent le territoire depuis plus d\u2019un si\u00e8cle. En t\u00e9moignent La Principal de la Bisbal et Els Montgrins.\u00a0 Les ballades, c\u00e9l\u00e9br\u00e9es toute l\u2019ann\u00e9e lors des f\u00eates patronales et d\u2019autres dates signal\u00e9es, permettent d\u2019appr\u00e9cier la qualit\u00e9 des compositions et de vivre le sentiment de communaut\u00e9 g\u00e9n\u00e9r\u00e9.<\/p>\n<p>La ville de Torroella de Montgr\u00ed conserve aujourd\u2019hui un prestige musical dans le Baix Empord\u00e0. La cobla d\u2019Els Montgrins, fond\u00e9e en\u00a01884, est la doyenne des <em>cobles<\/em> actuelles. Mais il en exista d\u2019autres avant, n\u00e9es du grand talent de musiciens et de compositeurs originaires de Torroella. Actuellement, le Mus\u00e9e de la M\u00e9diterran\u00e9e dispose d\u2019un espace d\u2019exposition permanente qui vise \u00e0 promouvoir la <em>cobla<\/em>.<\/p>\n<p>La Bisbal d\u2019Empord\u00e0 joue \u00e9galement un r\u00f4le important. Sa <em>cobla<\/em> la plus connue, La Principal de la Bisbal, fut fond\u00e9e en\u00a01888\u00a0et nomm\u00e9e <em>cobla<\/em> officielle de la Generalitat de Catalunya (G\u00e9n\u00e9ralit\u00e9 de Catalogne). D\u2019autres formations comme la Cobla Bisbal Jove contribuent \u00e0 entretenir ce genre, en faisant \u00e9voluer son style.<\/p>\n","protected":false},"excerpt":{"rendered":"<p>Les places des villages et des villes sont l\u2019habitat naturel de la sardana, danse nationale de Catalogne, dont l\u2019origine se perd dans le temps. Comme toute manifestation populaire, elle a \u00e9volu\u00e9 avec le temps et l\u2019apparition de personnages comme Pep Ventura, originaire de Figueres, qui lui conf\u00e9ra un prestige et une richesse musicale. Le compositeur [&hellip;]<\/p>\n","protected":false},"author":2,"featured_media":7609,"parent":19615,"menu_order":0,"comment_status":"closed","ping_status":"closed","template":"page-templates\/fitxa-campanyes-gastronomiques.php","meta":{"_acf_changed":false,"footnotes":""},"class_list":["post-19619","page","type-page","status-publish","has-post-thumbnail","hentry"],"acf":[],"yoast_head":"<!-- This site is optimized with the Yoast SEO plugin v27.4 - https:\/\/yoast.com\/product\/yoast-seo-wordpress\/ -->\n<title>Sardanes et cobles - Visit Empord\u00e0<\/title>\n<meta name=\"robots\" content=\"index, follow, max-snippet:-1, max-image-preview:large, max-video-preview:-1\" \/>\n<link rel=\"canonical\" href=\"https:\/\/visitemporda.com\/fr\/recomenacions\/propostes\/patrimoni-cultural\/terra-de-musics\/sardanes-i-cobles\/\" \/>\n<meta property=\"og:locale\" content=\"fr_FR\" \/>\n<meta property=\"og:type\" content=\"article\" \/>\n<meta property=\"og:title\" content=\"Sardanes et cobles - Visit Empord\u00e0\" \/>\n<meta property=\"og:description\" content=\"Les places des villages et des villes sont l\u2019habitat naturel de la sardana, danse nationale de Catalogne, dont l\u2019origine se perd dans le temps. Comme toute manifestation populaire, elle a \u00e9volu\u00e9 avec le temps et l\u2019apparition de personnages comme Pep Ventura, originaire de Figueres, qui lui conf\u00e9ra un prestige et une richesse musicale. Le compositeur [&hellip;]\" \/>\n<meta property=\"og:url\" content=\"https:\/\/visitemporda.com\/fr\/recomenacions\/propostes\/patrimoni-cultural\/terra-de-musics\/sardanes-i-cobles\/\" \/>\n<meta property=\"og:site_name\" content=\"Visit Empord\u00e0\" \/>\n<meta property=\"article:publisher\" content=\"https:\/\/www.facebook.com\/baixempordaturisme\" \/>\n<meta property=\"article:modified_time\" content=\"2021-08-02T08:10:48+00:00\" \/>\n<meta property=\"og:image\" content=\"https:\/\/visitemporda.com\/wp-content\/uploads\/2019\/10\/Sardanes-i-cobles-II.jpg\" \/>\n\t<meta property=\"og:image:width\" content=\"4252\" \/>\n\t<meta property=\"og:image:height\" content=\"2578\" \/>\n\t<meta property=\"og:image:type\" content=\"image\/jpeg\" \/>\n<meta name=\"twitter:card\" content=\"summary_large_image\" \/>\n<meta name=\"twitter:site\" content=\"@baixemporda_tur\" \/>\n<meta name=\"twitter:label1\" content=\"Dur\u00e9e de lecture estim\u00e9e\" \/>\n\t<meta name=\"twitter:data1\" content=\"2 minutes\" \/>\n<script type=\"application\/ld+json\" class=\"yoast-schema-graph\">{\"@context\":\"https:\\\/\\\/schema.org\",\"@graph\":[{\"@type\":\"WebPage\",\"@id\":\"https:\\\/\\\/visitemporda.com\\\/fr\\\/recomenacions\\\/propostes\\\/patrimoni-cultural\\\/terra-de-musics\\\/sardanes-i-cobles\\\/\",\"url\":\"https:\\\/\\\/visitemporda.com\\\/fr\\\/recomenacions\\\/propostes\\\/patrimoni-cultural\\\/terra-de-musics\\\/sardanes-i-cobles\\\/\",\"name\":\"Sardanes et cobles - Visit Empord\u00e0\",\"isPartOf\":{\"@id\":\"https:\\\/\\\/visitemporda.com\\\/fr\\\/#website\"},\"primaryImageOfPage\":{\"@id\":\"https:\\\/\\\/visitemporda.com\\\/fr\\\/recomenacions\\\/propostes\\\/patrimoni-cultural\\\/terra-de-musics\\\/sardanes-i-cobles\\\/#primaryimage\"},\"image\":{\"@id\":\"https:\\\/\\\/visitemporda.com\\\/fr\\\/recomenacions\\\/propostes\\\/patrimoni-cultural\\\/terra-de-musics\\\/sardanes-i-cobles\\\/#primaryimage\"},\"thumbnailUrl\":\"https:\\\/\\\/visitemporda.com\\\/wp-content\\\/uploads\\\/2019\\\/10\\\/Sardanes-i-cobles-II.jpg\",\"datePublished\":\"2019-10-08T13:59:52+00:00\",\"dateModified\":\"2021-08-02T08:10:48+00:00\",\"breadcrumb\":{\"@id\":\"https:\\\/\\\/visitemporda.com\\\/fr\\\/recomenacions\\\/propostes\\\/patrimoni-cultural\\\/terra-de-musics\\\/sardanes-i-cobles\\\/#breadcrumb\"},\"inLanguage\":\"fr-FR\",\"potentialAction\":[{\"@type\":\"ReadAction\",\"target\":[\"https:\\\/\\\/visitemporda.com\\\/fr\\\/recomenacions\\\/propostes\\\/patrimoni-cultural\\\/terra-de-musics\\\/sardanes-i-cobles\\\/\"]}]},{\"@type\":\"ImageObject\",\"inLanguage\":\"fr-FR\",\"@id\":\"https:\\\/\\\/visitemporda.com\\\/fr\\\/recomenacions\\\/propostes\\\/patrimoni-cultural\\\/terra-de-musics\\\/sardanes-i-cobles\\\/#primaryimage\",\"url\":\"https:\\\/\\\/visitemporda.com\\\/wp-content\\\/uploads\\\/2019\\\/10\\\/Sardanes-i-cobles-II.jpg\",\"contentUrl\":\"https:\\\/\\\/visitemporda.com\\\/wp-content\\\/uploads\\\/2019\\\/10\\\/Sardanes-i-cobles-II.jpg\",\"width\":4252,\"height\":2578,\"caption\":\"grup de gent ballant Sardanes . Foto antiga\"},{\"@type\":\"BreadcrumbList\",\"@id\":\"https:\\\/\\\/visitemporda.com\\\/fr\\\/recomenacions\\\/propostes\\\/patrimoni-cultural\\\/terra-de-musics\\\/sardanes-i-cobles\\\/#breadcrumb\",\"itemListElement\":[{\"@type\":\"ListItem\",\"position\":1,\"name\":\"Inici\",\"item\":\"https:\\\/\\\/visitemporda.com\\\/fr\\\/\"},{\"@type\":\"ListItem\",\"position\":2,\"name\":\"Recommandations\",\"item\":\"https:\\\/\\\/visitemporda.com\\\/fr\\\/recomenacions\\\/\"},{\"@type\":\"ListItem\",\"position\":3,\"name\":\"Quoi faire\",\"item\":\"https:\\\/\\\/visitemporda.com\\\/fr\\\/recomenacions\\\/propostes\\\/\"},{\"@type\":\"ListItem\",\"position\":4,\"name\":\"Patrimoine culturel\",\"item\":\"https:\\\/\\\/visitemporda.com\\\/fr\\\/recomenacions\\\/propostes\\\/patrimoni-cultural\\\/\"},{\"@type\":\"ListItem\",\"position\":5,\"name\":\"Une terre de musiques\",\"item\":\"https:\\\/\\\/visitemporda.com\\\/fr\\\/recomenacions\\\/propostes\\\/patrimoni-cultural\\\/terra-de-musics\\\/\"},{\"@type\":\"ListItem\",\"position\":6,\"name\":\"Sardanes et cobles\"}]},{\"@type\":\"WebSite\",\"@id\":\"https:\\\/\\\/visitemporda.com\\\/fr\\\/#website\",\"url\":\"https:\\\/\\\/visitemporda.com\\\/fr\\\/\",\"name\":\"Visit Empord\u00e0\",\"description\":\"Site officiel du tourisme du Baix Empord\u00e0\",\"publisher\":{\"@id\":\"https:\\\/\\\/visitemporda.com\\\/fr\\\/#organization\"},\"potentialAction\":[{\"@type\":\"SearchAction\",\"target\":{\"@type\":\"EntryPoint\",\"urlTemplate\":\"https:\\\/\\\/visitemporda.com\\\/fr\\\/?s={search_term_string}\"},\"query-input\":{\"@type\":\"PropertyValueSpecification\",\"valueRequired\":true,\"valueName\":\"search_term_string\"}}],\"inLanguage\":\"fr-FR\"},{\"@type\":\"Organization\",\"@id\":\"https:\\\/\\\/visitemporda.com\\\/fr\\\/#organization\",\"name\":\"Consell Comarcal del Baix Empord\u00e0\",\"url\":\"https:\\\/\\\/visitemporda.com\\\/fr\\\/\",\"logo\":{\"@type\":\"ImageObject\",\"inLanguage\":\"fr-FR\",\"@id\":\"https:\\\/\\\/visitemporda.com\\\/fr\\\/#\\\/schema\\\/logo\\\/image\\\/\",\"url\":\"https:\\\/\\\/visitemporda.com\\\/wp-content\\\/uploads\\\/2024\\\/11\\\/Logotip_CCBE.png\",\"contentUrl\":\"https:\\\/\\\/visitemporda.com\\\/wp-content\\\/uploads\\\/2024\\\/11\\\/Logotip_CCBE.png\",\"width\":3617,\"height\":3617,\"caption\":\"Consell Comarcal del Baix Empord\u00e0\"},\"image\":{\"@id\":\"https:\\\/\\\/visitemporda.com\\\/fr\\\/#\\\/schema\\\/logo\\\/image\\\/\"},\"sameAs\":[\"https:\\\/\\\/www.facebook.com\\\/baixempordaturisme\",\"https:\\\/\\\/x.com\\\/baixemporda_tur\",\"https:\\\/\\\/www.instagram.com\\\/visitemporda\"]}]}<\/script>\n<!-- \/ Yoast SEO plugin. -->","yoast_head_json":{"title":"Sardanes et cobles - Visit Empord\u00e0","robots":{"index":"index","follow":"follow","max-snippet":"max-snippet:-1","max-image-preview":"max-image-preview:large","max-video-preview":"max-video-preview:-1"},"canonical":"https:\/\/visitemporda.com\/fr\/recomenacions\/propostes\/patrimoni-cultural\/terra-de-musics\/sardanes-i-cobles\/","og_locale":"fr_FR","og_type":"article","og_title":"Sardanes et cobles - Visit Empord\u00e0","og_description":"Les places des villages et des villes sont l\u2019habitat naturel de la sardana, danse nationale de Catalogne, dont l\u2019origine se perd dans le temps. Comme toute manifestation populaire, elle a \u00e9volu\u00e9 avec le temps et l\u2019apparition de personnages comme Pep Ventura, originaire de Figueres, qui lui conf\u00e9ra un prestige et une richesse musicale. Le compositeur [&hellip;]","og_url":"https:\/\/visitemporda.com\/fr\/recomenacions\/propostes\/patrimoni-cultural\/terra-de-musics\/sardanes-i-cobles\/","og_site_name":"Visit Empord\u00e0","article_publisher":"https:\/\/www.facebook.com\/baixempordaturisme","article_modified_time":"2021-08-02T08:10:48+00:00","og_image":[{"width":4252,"height":2578,"url":"https:\/\/visitemporda.com\/wp-content\/uploads\/2019\/10\/Sardanes-i-cobles-II.jpg","type":"image\/jpeg"}],"twitter_card":"summary_large_image","twitter_site":"@baixemporda_tur","twitter_misc":{"Dur\u00e9e de lecture estim\u00e9e":"2 minutes"},"schema":{"@context":"https:\/\/schema.org","@graph":[{"@type":"WebPage","@id":"https:\/\/visitemporda.com\/fr\/recomenacions\/propostes\/patrimoni-cultural\/terra-de-musics\/sardanes-i-cobles\/","url":"https:\/\/visitemporda.com\/fr\/recomenacions\/propostes\/patrimoni-cultural\/terra-de-musics\/sardanes-i-cobles\/","name":"Sardanes et cobles - Visit Empord\u00e0","isPartOf":{"@id":"https:\/\/visitemporda.com\/fr\/#website"},"primaryImageOfPage":{"@id":"https:\/\/visitemporda.com\/fr\/recomenacions\/propostes\/patrimoni-cultural\/terra-de-musics\/sardanes-i-cobles\/#primaryimage"},"image":{"@id":"https:\/\/visitemporda.com\/fr\/recomenacions\/propostes\/patrimoni-cultural\/terra-de-musics\/sardanes-i-cobles\/#primaryimage"},"thumbnailUrl":"https:\/\/visitemporda.com\/wp-content\/uploads\/2019\/10\/Sardanes-i-cobles-II.jpg","datePublished":"2019-10-08T13:59:52+00:00","dateModified":"2021-08-02T08:10:48+00:00","breadcrumb":{"@id":"https:\/\/visitemporda.com\/fr\/recomenacions\/propostes\/patrimoni-cultural\/terra-de-musics\/sardanes-i-cobles\/#breadcrumb"},"inLanguage":"fr-FR","potentialAction":[{"@type":"ReadAction","target":["https:\/\/visitemporda.com\/fr\/recomenacions\/propostes\/patrimoni-cultural\/terra-de-musics\/sardanes-i-cobles\/"]}]},{"@type":"ImageObject","inLanguage":"fr-FR","@id":"https:\/\/visitemporda.com\/fr\/recomenacions\/propostes\/patrimoni-cultural\/terra-de-musics\/sardanes-i-cobles\/#primaryimage","url":"https:\/\/visitemporda.com\/wp-content\/uploads\/2019\/10\/Sardanes-i-cobles-II.jpg","contentUrl":"https:\/\/visitemporda.com\/wp-content\/uploads\/2019\/10\/Sardanes-i-cobles-II.jpg","width":4252,"height":2578,"caption":"grup de gent ballant Sardanes . Foto antiga"},{"@type":"BreadcrumbList","@id":"https:\/\/visitemporda.com\/fr\/recomenacions\/propostes\/patrimoni-cultural\/terra-de-musics\/sardanes-i-cobles\/#breadcrumb","itemListElement":[{"@type":"ListItem","position":1,"name":"Inici","item":"https:\/\/visitemporda.com\/fr\/"},{"@type":"ListItem","position":2,"name":"Recommandations","item":"https:\/\/visitemporda.com\/fr\/recomenacions\/"},{"@type":"ListItem","position":3,"name":"Quoi faire","item":"https:\/\/visitemporda.com\/fr\/recomenacions\/propostes\/"},{"@type":"ListItem","position":4,"name":"Patrimoine culturel","item":"https:\/\/visitemporda.com\/fr\/recomenacions\/propostes\/patrimoni-cultural\/"},{"@type":"ListItem","position":5,"name":"Une terre de musiques","item":"https:\/\/visitemporda.com\/fr\/recomenacions\/propostes\/patrimoni-cultural\/terra-de-musics\/"},{"@type":"ListItem","position":6,"name":"Sardanes et cobles"}]},{"@type":"WebSite","@id":"https:\/\/visitemporda.com\/fr\/#website","url":"https:\/\/visitemporda.com\/fr\/","name":"Visit Empord\u00e0","description":"Site officiel du tourisme du Baix Empord\u00e0","publisher":{"@id":"https:\/\/visitemporda.com\/fr\/#organization"},"potentialAction":[{"@type":"SearchAction","target":{"@type":"EntryPoint","urlTemplate":"https:\/\/visitemporda.com\/fr\/?s={search_term_string}"},"query-input":{"@type":"PropertyValueSpecification","valueRequired":true,"valueName":"search_term_string"}}],"inLanguage":"fr-FR"},{"@type":"Organization","@id":"https:\/\/visitemporda.com\/fr\/#organization","name":"Consell Comarcal del Baix Empord\u00e0","url":"https:\/\/visitemporda.com\/fr\/","logo":{"@type":"ImageObject","inLanguage":"fr-FR","@id":"https:\/\/visitemporda.com\/fr\/#\/schema\/logo\/image\/","url":"https:\/\/visitemporda.com\/wp-content\/uploads\/2024\/11\/Logotip_CCBE.png","contentUrl":"https:\/\/visitemporda.com\/wp-content\/uploads\/2024\/11\/Logotip_CCBE.png","width":3617,"height":3617,"caption":"Consell Comarcal del Baix Empord\u00e0"},"image":{"@id":"https:\/\/visitemporda.com\/fr\/#\/schema\/logo\/image\/"},"sameAs":["https:\/\/www.facebook.com\/baixempordaturisme","https:\/\/x.com\/baixemporda_tur","https:\/\/www.instagram.com\/visitemporda"]}]}},"_links":{"self":[{"href":"https:\/\/visitemporda.com\/fr\/wp-json\/wp\/v2\/pages\/19619","targetHints":{"allow":["GET"]}}],"collection":[{"href":"https:\/\/visitemporda.com\/fr\/wp-json\/wp\/v2\/pages"}],"about":[{"href":"https:\/\/visitemporda.com\/fr\/wp-json\/wp\/v2\/types\/page"}],"author":[{"embeddable":true,"href":"https:\/\/visitemporda.com\/fr\/wp-json\/wp\/v2\/users\/2"}],"replies":[{"embeddable":true,"href":"https:\/\/visitemporda.com\/fr\/wp-json\/wp\/v2\/comments?post=19619"}],"version-history":[{"count":3,"href":"https:\/\/visitemporda.com\/fr\/wp-json\/wp\/v2\/pages\/19619\/revisions"}],"predecessor-version":[{"id":34922,"href":"https:\/\/visitemporda.com\/fr\/wp-json\/wp\/v2\/pages\/19619\/revisions\/34922"}],"up":[{"embeddable":true,"href":"https:\/\/visitemporda.com\/fr\/wp-json\/wp\/v2\/pages\/19615"}],"wp:featuredmedia":[{"embeddable":true,"href":"https:\/\/visitemporda.com\/fr\/wp-json\/wp\/v2\/media\/7609"}],"wp:attachment":[{"href":"https:\/\/visitemporda.com\/fr\/wp-json\/wp\/v2\/media?parent=19619"}],"curies":[{"name":"wp","href":"https:\/\/api.w.org\/{rel}","templated":true}]}}