

{"id":19555,"date":"2019-08-05T09:32:43","date_gmt":"2019-08-05T07:32:43","guid":{"rendered":"http:\/\/visitemporda.com\/informacio-util\/consells\/"},"modified":"2021-05-05T22:35:04","modified_gmt":"2021-05-05T20:35:04","slug":"consells","status":"publish","type":"page","link":"https:\/\/visitemporda.com\/fr\/planifica\/informacio-util\/consells\/","title":{"rendered":"Conseils"},"content":{"rendered":"<p>Voici quelques recommandations et conseils <strong>\u00e0 prendre en compte pour profiter au mieux d\u2019un bon s\u00e9jour dans le Baix Empord\u00e0 :<\/strong><br \/>\n&#8211; <strong>Respectez les normes de cohabitation et veillez \u00e0 la pr\u00e9servation du patrimoine public et priv\u00e9<\/strong>. Ainsi, l&rsquo;activit\u00e9 touristique ne perturbera pas le quotidien des r\u00e9sidents et n\u2019aura aucune cons\u00e9quence n\u00e9gative sur le territoire au sens large.<br \/>\n&#8211; Pendant votre s\u00e9jour, <strong>faites vivre le commerce de proximit\u00e9 et achetez local.<\/strong> Ainsi, vous favoriserez l\u2019\u00e9conomie locale et ferez en sorte que les b\u00e9n\u00e9fices \u00e9conomiques g\u00e9n\u00e9r\u00e9s par l\u2019activit\u00e9 touristique restent sur le territoire.<br \/>\n&#8211; <strong>Faites attention \u00e0 vos affaires,<\/strong> notamment dans les agglom\u00e9rations (espaces tr\u00e8s visit\u00e9s, bars et terrasses, plages, etc.). Votre sac doit toujours \u00eatre ferm\u00e9. \u00c9vitez de transporter des objets de valeurs dans les poches.<br \/>\n&#8211; En cas de vol, d\u2019accident, d\u2019agression, d\u2019incendie ou d\u2019urgence m\u00e9dicale, appelez <strong>le num\u00e9ro de t\u00e9l\u00e9phone d\u2019urgence 112. <\/strong><\/p>\n<p><strong>Si vous avez pr\u00e9vu des activit\u00e9s de plein air&#8230;<\/strong><br \/>\n&#8211; Renseignez-vous toujours sur les<strong> conditions m\u00e9t\u00e9orologique<\/strong>s. Si elles sont mauvaises, renoncez \u00e0 l\u2019activit\u00e9. Consultez le portail www.meteocat.cat pour conna\u00eetre le temps pr\u00e9vu dans le Baix Empord\u00e0.<br \/>\n&#8211; <strong>Portez des chaussures et des v\u00eatements appropri\u00e9s,<\/strong> toujours adapt\u00e9s au terrain et au type d\u2019activit\u00e9 auquel vous allez vous adonner.<br \/>\n&#8211; Il faut se prot\u00e9ger de l&rsquo;exposition au soleil quelle que soit l\u2019\u00e9poque de l&rsquo;ann\u00e9e, notamment pendant les mois les plus chauds. Utiliser de la cr\u00e8me solaire (minimum 15 SPF), porter des bonnets, des chapeaux et des lunettes de soleil et vous hydrater en permanence \u00e9viteront d&rsquo;attraper des insolations et des br\u00fblures.<br \/>\n&#8211; En cas de forts \u00e9pisodes de vent, et surtout si vous devez vous d\u00e9placer, prenez des pr\u00e9cautions pour \u00e9viter d&rsquo;\u00e9ventuels obstacles sur la route et faites preuve de prudence avec le mobilier urbain. Si vous \u00eates sur le littoral, ne vous approchez pas des brise-lames, des \u00e9pis, ni des passages maritimes car il y a un risque de forte houle.<br \/>\n&#8211; En cas de fortes pluies, \u00e9vitez certaines zones telles que les fleuves, les rivi\u00e8res, les torrents et les ruisseaux puisqu\u2019ils peuvent d\u00e9border et provoquer des inondations.<br \/>\n&#8211; Respectez l&rsquo;environnement : ne jetez pas d\u2019ordures et respectez le patrimoine naturel du territoire. Ainsi, vous contribuerez \u00e0 sa pr\u00e9servation pour les g\u00e9n\u00e9rations futures.<\/p>\n","protected":false},"excerpt":{"rendered":"<p>Voici quelques recommandations et conseils \u00e0 prendre en compte pour profiter au mieux d\u2019un bon s\u00e9jour dans le Baix Empord\u00e0 : &#8211; Respectez les normes de cohabitation et veillez \u00e0 la pr\u00e9servation du patrimoine public et priv\u00e9. Ainsi, l&rsquo;activit\u00e9 touristique ne perturbera pas le quotidien des r\u00e9sidents et n\u2019aura aucune cons\u00e9quence n\u00e9gative sur le territoire [&hellip;]<\/p>\n","protected":false},"author":2,"featured_media":7398,"parent":19545,"menu_order":0,"comment_status":"closed","ping_status":"closed","template":"page-templates\/fitxa-campanyes-gastronomiques.php","meta":{"_acf_changed":false,"footnotes":""},"class_list":["post-19555","page","type-page","status-publish","has-post-thumbnail","hentry"],"acf":[],"yoast_head":"<!-- This site is optimized with the Yoast SEO plugin v27.4 - https:\/\/yoast.com\/product\/yoast-seo-wordpress\/ -->\n<title>Conseils - Visit Empord\u00e0<\/title>\n<meta name=\"robots\" content=\"index, follow, max-snippet:-1, max-image-preview:large, max-video-preview:-1\" \/>\n<link rel=\"canonical\" href=\"https:\/\/visitemporda.com\/fr\/planifica\/informacio-util\/consells\/\" \/>\n<meta property=\"og:locale\" content=\"fr_FR\" \/>\n<meta property=\"og:type\" content=\"article\" \/>\n<meta property=\"og:title\" content=\"Conseils - Visit Empord\u00e0\" \/>\n<meta property=\"og:description\" content=\"Voici quelques recommandations et conseils \u00e0 prendre en compte pour profiter au mieux d\u2019un bon s\u00e9jour dans le Baix Empord\u00e0 : &#8211; Respectez les normes de cohabitation et veillez \u00e0 la pr\u00e9servation du patrimoine public et priv\u00e9. Ainsi, l&rsquo;activit\u00e9 touristique ne perturbera pas le quotidien des r\u00e9sidents et n\u2019aura aucune cons\u00e9quence n\u00e9gative sur le territoire [&hellip;]\" \/>\n<meta property=\"og:url\" content=\"https:\/\/visitemporda.com\/fr\/planifica\/informacio-util\/consells\/\" \/>\n<meta property=\"og:site_name\" content=\"Visit Empord\u00e0\" \/>\n<meta property=\"article:publisher\" content=\"https:\/\/www.facebook.com\/baixempordaturisme\" \/>\n<meta property=\"article:modified_time\" content=\"2021-05-05T20:35:04+00:00\" \/>\n<meta property=\"og:image\" content=\"https:\/\/visitemporda.com\/wp-content\/uploads\/2019\/10\/Consells-1024x683.png\" \/>\n\t<meta property=\"og:image:width\" content=\"1024\" \/>\n\t<meta property=\"og:image:height\" content=\"683\" \/>\n\t<meta property=\"og:image:type\" content=\"image\/png\" \/>\n<meta name=\"twitter:card\" content=\"summary_large_image\" \/>\n<meta name=\"twitter:site\" content=\"@baixemporda_tur\" \/>\n<meta name=\"twitter:label1\" content=\"Dur\u00e9e de lecture estim\u00e9e\" \/>\n\t<meta name=\"twitter:data1\" content=\"2 minutes\" \/>\n<script type=\"application\/ld+json\" class=\"yoast-schema-graph\">{\"@context\":\"https:\\\/\\\/schema.org\",\"@graph\":[{\"@type\":\"WebPage\",\"@id\":\"https:\\\/\\\/visitemporda.com\\\/fr\\\/planifica\\\/informacio-util\\\/consells\\\/\",\"url\":\"https:\\\/\\\/visitemporda.com\\\/fr\\\/planifica\\\/informacio-util\\\/consells\\\/\",\"name\":\"Conseils - Visit Empord\u00e0\",\"isPartOf\":{\"@id\":\"https:\\\/\\\/visitemporda.com\\\/fr\\\/#website\"},\"primaryImageOfPage\":{\"@id\":\"https:\\\/\\\/visitemporda.com\\\/fr\\\/planifica\\\/informacio-util\\\/consells\\\/#primaryimage\"},\"image\":{\"@id\":\"https:\\\/\\\/visitemporda.com\\\/fr\\\/planifica\\\/informacio-util\\\/consells\\\/#primaryimage\"},\"thumbnailUrl\":\"https:\\\/\\\/visitemporda.com\\\/wp-content\\\/uploads\\\/2019\\\/10\\\/Consells.png\",\"datePublished\":\"2019-08-05T07:32:43+00:00\",\"dateModified\":\"2021-05-05T20:35:04+00:00\",\"breadcrumb\":{\"@id\":\"https:\\\/\\\/visitemporda.com\\\/fr\\\/planifica\\\/informacio-util\\\/consells\\\/#breadcrumb\"},\"inLanguage\":\"fr-FR\",\"potentialAction\":[{\"@type\":\"ReadAction\",\"target\":[\"https:\\\/\\\/visitemporda.com\\\/fr\\\/planifica\\\/informacio-util\\\/consells\\\/\"]}]},{\"@type\":\"ImageObject\",\"inLanguage\":\"fr-FR\",\"@id\":\"https:\\\/\\\/visitemporda.com\\\/fr\\\/planifica\\\/informacio-util\\\/consells\\\/#primaryimage\",\"url\":\"https:\\\/\\\/visitemporda.com\\\/wp-content\\\/uploads\\\/2019\\\/10\\\/Consells.png\",\"contentUrl\":\"https:\\\/\\\/visitemporda.com\\\/wp-content\\\/uploads\\\/2019\\\/10\\\/Consells.png\",\"width\":1500,\"height\":1000,\"caption\":\"Policia local de Castell \u2013 Platja d\u2019Aro\"},{\"@type\":\"BreadcrumbList\",\"@id\":\"https:\\\/\\\/visitemporda.com\\\/fr\\\/planifica\\\/informacio-util\\\/consells\\\/#breadcrumb\",\"itemListElement\":[{\"@type\":\"ListItem\",\"position\":1,\"name\":\"Inici\",\"item\":\"https:\\\/\\\/visitemporda.com\\\/fr\\\/\"},{\"@type\":\"ListItem\",\"position\":2,\"name\":\"Planifiquez\",\"item\":\"https:\\\/\\\/visitemporda.com\\\/fr\\\/planifica\\\/\"},{\"@type\":\"ListItem\",\"position\":3,\"name\":\"Informations utiles\",\"item\":\"https:\\\/\\\/visitemporda.com\\\/fr\\\/planifica\\\/informacio-util\\\/\"},{\"@type\":\"ListItem\",\"position\":4,\"name\":\"Conseils\"}]},{\"@type\":\"WebSite\",\"@id\":\"https:\\\/\\\/visitemporda.com\\\/fr\\\/#website\",\"url\":\"https:\\\/\\\/visitemporda.com\\\/fr\\\/\",\"name\":\"Visit Empord\u00e0\",\"description\":\"Site officiel du tourisme du Baix Empord\u00e0\",\"publisher\":{\"@id\":\"https:\\\/\\\/visitemporda.com\\\/fr\\\/#organization\"},\"potentialAction\":[{\"@type\":\"SearchAction\",\"target\":{\"@type\":\"EntryPoint\",\"urlTemplate\":\"https:\\\/\\\/visitemporda.com\\\/fr\\\/?s={search_term_string}\"},\"query-input\":{\"@type\":\"PropertyValueSpecification\",\"valueRequired\":true,\"valueName\":\"search_term_string\"}}],\"inLanguage\":\"fr-FR\"},{\"@type\":\"Organization\",\"@id\":\"https:\\\/\\\/visitemporda.com\\\/fr\\\/#organization\",\"name\":\"Consell Comarcal del Baix Empord\u00e0\",\"url\":\"https:\\\/\\\/visitemporda.com\\\/fr\\\/\",\"logo\":{\"@type\":\"ImageObject\",\"inLanguage\":\"fr-FR\",\"@id\":\"https:\\\/\\\/visitemporda.com\\\/fr\\\/#\\\/schema\\\/logo\\\/image\\\/\",\"url\":\"https:\\\/\\\/visitemporda.com\\\/wp-content\\\/uploads\\\/2024\\\/11\\\/Logotip_CCBE.png\",\"contentUrl\":\"https:\\\/\\\/visitemporda.com\\\/wp-content\\\/uploads\\\/2024\\\/11\\\/Logotip_CCBE.png\",\"width\":3617,\"height\":3617,\"caption\":\"Consell Comarcal del Baix Empord\u00e0\"},\"image\":{\"@id\":\"https:\\\/\\\/visitemporda.com\\\/fr\\\/#\\\/schema\\\/logo\\\/image\\\/\"},\"sameAs\":[\"https:\\\/\\\/www.facebook.com\\\/baixempordaturisme\",\"https:\\\/\\\/x.com\\\/baixemporda_tur\",\"https:\\\/\\\/www.instagram.com\\\/visitemporda\"]}]}<\/script>\n<!-- \/ Yoast SEO plugin. -->","yoast_head_json":{"title":"Conseils - Visit Empord\u00e0","robots":{"index":"index","follow":"follow","max-snippet":"max-snippet:-1","max-image-preview":"max-image-preview:large","max-video-preview":"max-video-preview:-1"},"canonical":"https:\/\/visitemporda.com\/fr\/planifica\/informacio-util\/consells\/","og_locale":"fr_FR","og_type":"article","og_title":"Conseils - Visit Empord\u00e0","og_description":"Voici quelques recommandations et conseils \u00e0 prendre en compte pour profiter au mieux d\u2019un bon s\u00e9jour dans le Baix Empord\u00e0 : &#8211; Respectez les normes de cohabitation et veillez \u00e0 la pr\u00e9servation du patrimoine public et priv\u00e9. Ainsi, l&rsquo;activit\u00e9 touristique ne perturbera pas le quotidien des r\u00e9sidents et n\u2019aura aucune cons\u00e9quence n\u00e9gative sur le territoire [&hellip;]","og_url":"https:\/\/visitemporda.com\/fr\/planifica\/informacio-util\/consells\/","og_site_name":"Visit Empord\u00e0","article_publisher":"https:\/\/www.facebook.com\/baixempordaturisme","article_modified_time":"2021-05-05T20:35:04+00:00","og_image":[{"width":1024,"height":683,"url":"https:\/\/visitemporda.com\/wp-content\/uploads\/2019\/10\/Consells-1024x683.png","type":"image\/png"}],"twitter_card":"summary_large_image","twitter_site":"@baixemporda_tur","twitter_misc":{"Dur\u00e9e de lecture estim\u00e9e":"2 minutes"},"schema":{"@context":"https:\/\/schema.org","@graph":[{"@type":"WebPage","@id":"https:\/\/visitemporda.com\/fr\/planifica\/informacio-util\/consells\/","url":"https:\/\/visitemporda.com\/fr\/planifica\/informacio-util\/consells\/","name":"Conseils - Visit Empord\u00e0","isPartOf":{"@id":"https:\/\/visitemporda.com\/fr\/#website"},"primaryImageOfPage":{"@id":"https:\/\/visitemporda.com\/fr\/planifica\/informacio-util\/consells\/#primaryimage"},"image":{"@id":"https:\/\/visitemporda.com\/fr\/planifica\/informacio-util\/consells\/#primaryimage"},"thumbnailUrl":"https:\/\/visitemporda.com\/wp-content\/uploads\/2019\/10\/Consells.png","datePublished":"2019-08-05T07:32:43+00:00","dateModified":"2021-05-05T20:35:04+00:00","breadcrumb":{"@id":"https:\/\/visitemporda.com\/fr\/planifica\/informacio-util\/consells\/#breadcrumb"},"inLanguage":"fr-FR","potentialAction":[{"@type":"ReadAction","target":["https:\/\/visitemporda.com\/fr\/planifica\/informacio-util\/consells\/"]}]},{"@type":"ImageObject","inLanguage":"fr-FR","@id":"https:\/\/visitemporda.com\/fr\/planifica\/informacio-util\/consells\/#primaryimage","url":"https:\/\/visitemporda.com\/wp-content\/uploads\/2019\/10\/Consells.png","contentUrl":"https:\/\/visitemporda.com\/wp-content\/uploads\/2019\/10\/Consells.png","width":1500,"height":1000,"caption":"Policia local de Castell \u2013 Platja d\u2019Aro"},{"@type":"BreadcrumbList","@id":"https:\/\/visitemporda.com\/fr\/planifica\/informacio-util\/consells\/#breadcrumb","itemListElement":[{"@type":"ListItem","position":1,"name":"Inici","item":"https:\/\/visitemporda.com\/fr\/"},{"@type":"ListItem","position":2,"name":"Planifiquez","item":"https:\/\/visitemporda.com\/fr\/planifica\/"},{"@type":"ListItem","position":3,"name":"Informations utiles","item":"https:\/\/visitemporda.com\/fr\/planifica\/informacio-util\/"},{"@type":"ListItem","position":4,"name":"Conseils"}]},{"@type":"WebSite","@id":"https:\/\/visitemporda.com\/fr\/#website","url":"https:\/\/visitemporda.com\/fr\/","name":"Visit Empord\u00e0","description":"Site officiel du tourisme du Baix Empord\u00e0","publisher":{"@id":"https:\/\/visitemporda.com\/fr\/#organization"},"potentialAction":[{"@type":"SearchAction","target":{"@type":"EntryPoint","urlTemplate":"https:\/\/visitemporda.com\/fr\/?s={search_term_string}"},"query-input":{"@type":"PropertyValueSpecification","valueRequired":true,"valueName":"search_term_string"}}],"inLanguage":"fr-FR"},{"@type":"Organization","@id":"https:\/\/visitemporda.com\/fr\/#organization","name":"Consell Comarcal del Baix Empord\u00e0","url":"https:\/\/visitemporda.com\/fr\/","logo":{"@type":"ImageObject","inLanguage":"fr-FR","@id":"https:\/\/visitemporda.com\/fr\/#\/schema\/logo\/image\/","url":"https:\/\/visitemporda.com\/wp-content\/uploads\/2024\/11\/Logotip_CCBE.png","contentUrl":"https:\/\/visitemporda.com\/wp-content\/uploads\/2024\/11\/Logotip_CCBE.png","width":3617,"height":3617,"caption":"Consell Comarcal del Baix Empord\u00e0"},"image":{"@id":"https:\/\/visitemporda.com\/fr\/#\/schema\/logo\/image\/"},"sameAs":["https:\/\/www.facebook.com\/baixempordaturisme","https:\/\/x.com\/baixemporda_tur","https:\/\/www.instagram.com\/visitemporda"]}]}},"_links":{"self":[{"href":"https:\/\/visitemporda.com\/fr\/wp-json\/wp\/v2\/pages\/19555","targetHints":{"allow":["GET"]}}],"collection":[{"href":"https:\/\/visitemporda.com\/fr\/wp-json\/wp\/v2\/pages"}],"about":[{"href":"https:\/\/visitemporda.com\/fr\/wp-json\/wp\/v2\/types\/page"}],"author":[{"embeddable":true,"href":"https:\/\/visitemporda.com\/fr\/wp-json\/wp\/v2\/users\/2"}],"replies":[{"embeddable":true,"href":"https:\/\/visitemporda.com\/fr\/wp-json\/wp\/v2\/comments?post=19555"}],"version-history":[{"count":4,"href":"https:\/\/visitemporda.com\/fr\/wp-json\/wp\/v2\/pages\/19555\/revisions"}],"predecessor-version":[{"id":29973,"href":"https:\/\/visitemporda.com\/fr\/wp-json\/wp\/v2\/pages\/19555\/revisions\/29973"}],"up":[{"embeddable":true,"href":"https:\/\/visitemporda.com\/fr\/wp-json\/wp\/v2\/pages\/19545"}],"wp:featuredmedia":[{"embeddable":true,"href":"https:\/\/visitemporda.com\/fr\/wp-json\/wp\/v2\/media\/7398"}],"wp:attachment":[{"href":"https:\/\/visitemporda.com\/fr\/wp-json\/wp\/v2\/media?parent=19555"}],"curies":[{"name":"wp","href":"https:\/\/api.w.org\/{rel}","templated":true}]}}