

{"id":19552,"date":"2019-08-05T09:22:54","date_gmt":"2019-08-05T07:22:54","guid":{"rendered":"http:\/\/visitemporda.com\/informacio-util\/informacio-dinteres\/"},"modified":"2020-09-04T11:25:05","modified_gmt":"2020-09-04T09:25:05","slug":"informacio-dinteres","status":"publish","type":"page","link":"https:\/\/visitemporda.com\/fr\/planifica\/informacio-util\/informacio-dinteres\/","title":{"rendered":"Informations d\u2019int\u00e9r\u00eats"},"content":{"rendered":"<p><strong>Le Baix Empord\u00e0 se caract\u00e9rise par un climat&#8230;<\/strong> m\u00e9diterran\u00e9en, avec des hivers tr\u00e8s doux et des \u00e9t\u00e9s chauds. La temp\u00e9rature maximum moyenne est de\u00a021,8\u00a0\u02daC, alors que la temp\u00e9rature minimum moyenne est de\u00a08,8\u00a0\u02daC. Juin, juillet et ao\u00fbt sont les mois les plus chauds tandis que d\u00e9cembre, janvier et f\u00e9vrier sont les mois les plus froids. Quant aux pr\u00e9cipitations, les mois les plus pluvieux sont mars, avril, octobre et novembre. Le vent est un autre ph\u00e9nom\u00e8ne m\u00e9t\u00e9orologique \u00e0 prendre en compte. Les plus grands \u00e9pisodes de vent fort sont attendus entre les mois de novembre et mars.<\/p>\n<p><strong>Dans le Baix Empord\u00e0, on parle principalement&#8230; <\/strong>le catalan et l&rsquo;espagnol ou castillan, les deux langues officielles de la Catalogne. De nombreux habitants du Baix Empord\u00e0 parlent \u00e9galement anglais et fran\u00e7ais, ainsi que beaucoup d\u2019entreprises du canton consacr\u00e9es \u00e0 l\u2019activit\u00e9 touristique, lesquelles proposent leurs services et produits notamment dans ces langues.<\/p>\n<p><strong>La monnaie du Baix Empord\u00e0 est&#8230;<\/strong> l\u2019euro, monnaie officielle des territoires situ\u00e9s dans la zone euro. Si vous r\u00e9sidez hors de l\u2019Union europ\u00e9enne, sachez que vous pouvez demander le remboursement de la TVA sur vos achats. Adressez-vous aux Offices de Tourisme et aux Points d\u2019Information Touristique pour obtenir davantage d\u2019informations \u00e0 cet \u00e9gard et demander votre ch\u00e8que <em>tax free. <\/em><\/p>\n<p><strong>Le syst\u00e8me horaire qui r\u00e9git le canton est&#8230;<\/strong> UTC+01:00, le m\u00eame qu\u2019en Catalogne et que dans le reste de l\u2019\u00c9tat espagnol. L\u2019heure officielle change deux fois par an par rapport \u00e0 l\u2019heure solaire\u00a0: on l\u2019avance d\u2019une heure en hiver (dernier dimanche de mars) et on la retarde d\u2019une heure en \u00e9t\u00e9 (dernier dimanche d\u2019octobre).<\/p>\n<p><strong>La journ\u00e9e de travail&#8230; <\/strong>de la plupart des commerces commence entre\u00a09\u00a0h et\u00a010\u00a0h et se termine entre\u00a019\u00a0h et\u00a020\u00a0h, m\u00eame si elle peut \u00eatre prolong\u00e9e jusqu\u2019\u00e0\u00a022\u00a0h dans les principaux centres commerciaux Certains commerces marquent une pause pour d\u00e9jeuner quelques heures aux alentours de\u00a014\u00a0h, alors que d\u2019autres ne ferment pas \u00e0 midi. Quant \u00e0 la restauration, l\u2019heure du d\u00e9jeuner correspond environ au cr\u00e9neau\u00a013\u00a0h-\u00a015h30, alors que l\u2019horaire du d\u00eener est\u00a020\u00a0h-23\u00a0h.<\/p>\n<p><strong>Il n\u2019est pas obligatoire de donner des pourboires&#8230;<\/strong> mais ils r\u00e9v\u00e8lent la satisfaction du client relative \u00e0 l&rsquo;accueil et au service re\u00e7u, tout en restant volontaires.<\/p>\n<p><strong>Les jours de cong\u00e9s en Catalogne sont&#8230;<\/strong> les\u00a01<sup>er<\/sup> et\u00a06\u00a0janvier (Nouvel An et Rois Mages), le Vendredi saint et le lundi de P\u00e2ques, le\u00a01<sup>er<\/sup> mai (F\u00eate du travail), le\u00a024\u00a0juin (Sant Joan ou Saint Jean), le\u00a015\u00a0ao\u00fbt (l\u2019Assomption), le\u00a011\u00a0septembre (F\u00eate nationale de la Catalogne), le\u00a01<sup>er<\/sup> novembre (Toussaint), le\u00a08\u00a0d\u00e9cembre (Immacul\u00e9e Conception) et les\u00a025\u00a0et\u00a026\u00a0d\u00e9cembre (No\u00ebl et Sant Esteve ou Saint-\u00c9tienne). En outre, les f\u00eates du\u00a012\u00a0octobre (F\u00eate nationale espagnole) et du\u00a06\u00a0d\u00e9cembre (Jour de la Constitution) sont f\u00e9ri\u00e9es. S\u2019y ajoutent les cong\u00e9s locaux de chacune des communes du canton.<\/p>\n<p><strong>En cas de probl\u00e8me et\/ou d\u2019urgence&#8230;<\/strong> il convient d&rsquo;appeler le\u00a0112, le num\u00e9ro de t\u00e9l\u00e9phone d\u2019urgence commun et valide dans toute l\u2019Union europ\u00e9enne et d\u2019autres pays du monde. En Catalogne, le service r\u00e9pond en\u00a050\u00a0langues, dont le catalan, l&rsquo;espagnol ou castillan, l\u2019anglais, le fran\u00e7ais et l\u2019allemand. Le service est gratuit et r\u00e9pond imm\u00e9diatement\u00a024\u00a0heures sur\u00a024\u00a0et\u00a07\u00a0jours sur\u00a07<\/p>\n","protected":false},"excerpt":{"rendered":"<p>Le Baix Empord\u00e0 se caract\u00e9rise par un climat&#8230; m\u00e9diterran\u00e9en, avec des hivers tr\u00e8s doux et des \u00e9t\u00e9s chauds. La temp\u00e9rature maximum moyenne est de\u00a021,8\u00a0\u02daC, alors que la temp\u00e9rature minimum moyenne est de\u00a08,8\u00a0\u02daC. Juin, juillet et ao\u00fbt sont les mois les plus chauds tandis que d\u00e9cembre, janvier et f\u00e9vrier sont les mois les plus froids. Quant [&hellip;]<\/p>\n","protected":false},"author":2,"featured_media":6408,"parent":19545,"menu_order":0,"comment_status":"closed","ping_status":"closed","template":"page-templates\/fitxa-campanyes-gastronomiques.php","meta":{"_acf_changed":false,"footnotes":""},"class_list":["post-19552","page","type-page","status-publish","has-post-thumbnail","hentry"],"acf":[],"yoast_head":"<!-- This site is optimized with the Yoast SEO plugin v27.4 - https:\/\/yoast.com\/product\/yoast-seo-wordpress\/ -->\n<title>Informations d\u2019int\u00e9r\u00eats - Visit Empord\u00e0<\/title>\n<meta name=\"robots\" content=\"index, follow, max-snippet:-1, max-image-preview:large, max-video-preview:-1\" \/>\n<link rel=\"canonical\" href=\"https:\/\/visitemporda.com\/fr\/planifica\/informacio-util\/informacio-dinteres\/\" \/>\n<meta property=\"og:locale\" content=\"fr_FR\" \/>\n<meta property=\"og:type\" content=\"article\" \/>\n<meta property=\"og:title\" content=\"Informations d\u2019int\u00e9r\u00eats - Visit Empord\u00e0\" \/>\n<meta property=\"og:description\" content=\"Le Baix Empord\u00e0 se caract\u00e9rise par un climat&#8230; m\u00e9diterran\u00e9en, avec des hivers tr\u00e8s doux et des \u00e9t\u00e9s chauds. La temp\u00e9rature maximum moyenne est de\u00a021,8\u00a0\u02daC, alors que la temp\u00e9rature minimum moyenne est de\u00a08,8\u00a0\u02daC. Juin, juillet et ao\u00fbt sont les mois les plus chauds tandis que d\u00e9cembre, janvier et f\u00e9vrier sont les mois les plus froids. Quant [&hellip;]\" \/>\n<meta property=\"og:url\" content=\"https:\/\/visitemporda.com\/fr\/planifica\/informacio-util\/informacio-dinteres\/\" \/>\n<meta property=\"og:site_name\" content=\"Visit Empord\u00e0\" \/>\n<meta property=\"article:publisher\" content=\"https:\/\/www.facebook.com\/baixempordaturisme\" \/>\n<meta property=\"article:modified_time\" content=\"2020-09-04T09:25:05+00:00\" \/>\n<meta property=\"og:image\" content=\"https:\/\/visitemporda.com\/wp-content\/uploads\/2019\/08\/info-dinter\u00e8s-1-1024x683.jpg\" \/>\n\t<meta property=\"og:image:width\" content=\"1024\" \/>\n\t<meta property=\"og:image:height\" content=\"683\" \/>\n\t<meta property=\"og:image:type\" content=\"image\/jpeg\" \/>\n<meta name=\"twitter:card\" content=\"summary_large_image\" \/>\n<meta name=\"twitter:site\" content=\"@baixemporda_tur\" \/>\n<meta name=\"twitter:label1\" content=\"Dur\u00e9e de lecture estim\u00e9e\" \/>\n\t<meta name=\"twitter:data1\" content=\"3 minutes\" \/>\n<script type=\"application\/ld+json\" class=\"yoast-schema-graph\">{\"@context\":\"https:\\\/\\\/schema.org\",\"@graph\":[{\"@type\":\"WebPage\",\"@id\":\"https:\\\/\\\/visitemporda.com\\\/fr\\\/planifica\\\/informacio-util\\\/informacio-dinteres\\\/\",\"url\":\"https:\\\/\\\/visitemporda.com\\\/fr\\\/planifica\\\/informacio-util\\\/informacio-dinteres\\\/\",\"name\":\"Informations d\u2019int\u00e9r\u00eats - Visit Empord\u00e0\",\"isPartOf\":{\"@id\":\"https:\\\/\\\/visitemporda.com\\\/fr\\\/#website\"},\"primaryImageOfPage\":{\"@id\":\"https:\\\/\\\/visitemporda.com\\\/fr\\\/planifica\\\/informacio-util\\\/informacio-dinteres\\\/#primaryimage\"},\"image\":{\"@id\":\"https:\\\/\\\/visitemporda.com\\\/fr\\\/planifica\\\/informacio-util\\\/informacio-dinteres\\\/#primaryimage\"},\"thumbnailUrl\":\"https:\\\/\\\/visitemporda.com\\\/wp-content\\\/uploads\\\/2019\\\/08\\\/info-dinter\u00e8s-1.jpg\",\"datePublished\":\"2019-08-05T07:22:54+00:00\",\"dateModified\":\"2020-09-04T09:25:05+00:00\",\"breadcrumb\":{\"@id\":\"https:\\\/\\\/visitemporda.com\\\/fr\\\/planifica\\\/informacio-util\\\/informacio-dinteres\\\/#breadcrumb\"},\"inLanguage\":\"fr-FR\",\"potentialAction\":[{\"@type\":\"ReadAction\",\"target\":[\"https:\\\/\\\/visitemporda.com\\\/fr\\\/planifica\\\/informacio-util\\\/informacio-dinteres\\\/\"]}]},{\"@type\":\"ImageObject\",\"inLanguage\":\"fr-FR\",\"@id\":\"https:\\\/\\\/visitemporda.com\\\/fr\\\/planifica\\\/informacio-util\\\/informacio-dinteres\\\/#primaryimage\",\"url\":\"https:\\\/\\\/visitemporda.com\\\/wp-content\\\/uploads\\\/2019\\\/08\\\/info-dinter\u00e8s-1.jpg\",\"contentUrl\":\"https:\\\/\\\/visitemporda.com\\\/wp-content\\\/uploads\\\/2019\\\/08\\\/info-dinter\u00e8s-1.jpg\",\"width\":3888,\"height\":2592,\"caption\":\"noia escerivint amb un bol\u00edgraf a una agenda amb el m\u00f2bil al costat\"},{\"@type\":\"BreadcrumbList\",\"@id\":\"https:\\\/\\\/visitemporda.com\\\/fr\\\/planifica\\\/informacio-util\\\/informacio-dinteres\\\/#breadcrumb\",\"itemListElement\":[{\"@type\":\"ListItem\",\"position\":1,\"name\":\"Inici\",\"item\":\"https:\\\/\\\/visitemporda.com\\\/fr\\\/\"},{\"@type\":\"ListItem\",\"position\":2,\"name\":\"Planifiquez\",\"item\":\"https:\\\/\\\/visitemporda.com\\\/fr\\\/planifica\\\/\"},{\"@type\":\"ListItem\",\"position\":3,\"name\":\"Informations utiles\",\"item\":\"https:\\\/\\\/visitemporda.com\\\/fr\\\/planifica\\\/informacio-util\\\/\"},{\"@type\":\"ListItem\",\"position\":4,\"name\":\"Informations d\u2019int\u00e9r\u00eats\"}]},{\"@type\":\"WebSite\",\"@id\":\"https:\\\/\\\/visitemporda.com\\\/fr\\\/#website\",\"url\":\"https:\\\/\\\/visitemporda.com\\\/fr\\\/\",\"name\":\"Visit Empord\u00e0\",\"description\":\"Site officiel du tourisme du Baix Empord\u00e0\",\"publisher\":{\"@id\":\"https:\\\/\\\/visitemporda.com\\\/fr\\\/#organization\"},\"potentialAction\":[{\"@type\":\"SearchAction\",\"target\":{\"@type\":\"EntryPoint\",\"urlTemplate\":\"https:\\\/\\\/visitemporda.com\\\/fr\\\/?s={search_term_string}\"},\"query-input\":{\"@type\":\"PropertyValueSpecification\",\"valueRequired\":true,\"valueName\":\"search_term_string\"}}],\"inLanguage\":\"fr-FR\"},{\"@type\":\"Organization\",\"@id\":\"https:\\\/\\\/visitemporda.com\\\/fr\\\/#organization\",\"name\":\"Consell Comarcal del Baix Empord\u00e0\",\"url\":\"https:\\\/\\\/visitemporda.com\\\/fr\\\/\",\"logo\":{\"@type\":\"ImageObject\",\"inLanguage\":\"fr-FR\",\"@id\":\"https:\\\/\\\/visitemporda.com\\\/fr\\\/#\\\/schema\\\/logo\\\/image\\\/\",\"url\":\"https:\\\/\\\/visitemporda.com\\\/wp-content\\\/uploads\\\/2024\\\/11\\\/Logotip_CCBE.png\",\"contentUrl\":\"https:\\\/\\\/visitemporda.com\\\/wp-content\\\/uploads\\\/2024\\\/11\\\/Logotip_CCBE.png\",\"width\":3617,\"height\":3617,\"caption\":\"Consell Comarcal del Baix Empord\u00e0\"},\"image\":{\"@id\":\"https:\\\/\\\/visitemporda.com\\\/fr\\\/#\\\/schema\\\/logo\\\/image\\\/\"},\"sameAs\":[\"https:\\\/\\\/www.facebook.com\\\/baixempordaturisme\",\"https:\\\/\\\/x.com\\\/baixemporda_tur\",\"https:\\\/\\\/www.instagram.com\\\/visitemporda\"]}]}<\/script>\n<!-- \/ Yoast SEO plugin. -->","yoast_head_json":{"title":"Informations d\u2019int\u00e9r\u00eats - Visit Empord\u00e0","robots":{"index":"index","follow":"follow","max-snippet":"max-snippet:-1","max-image-preview":"max-image-preview:large","max-video-preview":"max-video-preview:-1"},"canonical":"https:\/\/visitemporda.com\/fr\/planifica\/informacio-util\/informacio-dinteres\/","og_locale":"fr_FR","og_type":"article","og_title":"Informations d\u2019int\u00e9r\u00eats - Visit Empord\u00e0","og_description":"Le Baix Empord\u00e0 se caract\u00e9rise par un climat&#8230; m\u00e9diterran\u00e9en, avec des hivers tr\u00e8s doux et des \u00e9t\u00e9s chauds. La temp\u00e9rature maximum moyenne est de\u00a021,8\u00a0\u02daC, alors que la temp\u00e9rature minimum moyenne est de\u00a08,8\u00a0\u02daC. Juin, juillet et ao\u00fbt sont les mois les plus chauds tandis que d\u00e9cembre, janvier et f\u00e9vrier sont les mois les plus froids. Quant [&hellip;]","og_url":"https:\/\/visitemporda.com\/fr\/planifica\/informacio-util\/informacio-dinteres\/","og_site_name":"Visit Empord\u00e0","article_publisher":"https:\/\/www.facebook.com\/baixempordaturisme","article_modified_time":"2020-09-04T09:25:05+00:00","og_image":[{"width":1024,"height":683,"url":"https:\/\/visitemporda.com\/wp-content\/uploads\/2019\/08\/info-dinter\u00e8s-1-1024x683.jpg","type":"image\/jpeg"}],"twitter_card":"summary_large_image","twitter_site":"@baixemporda_tur","twitter_misc":{"Dur\u00e9e de lecture estim\u00e9e":"3 minutes"},"schema":{"@context":"https:\/\/schema.org","@graph":[{"@type":"WebPage","@id":"https:\/\/visitemporda.com\/fr\/planifica\/informacio-util\/informacio-dinteres\/","url":"https:\/\/visitemporda.com\/fr\/planifica\/informacio-util\/informacio-dinteres\/","name":"Informations d\u2019int\u00e9r\u00eats - Visit Empord\u00e0","isPartOf":{"@id":"https:\/\/visitemporda.com\/fr\/#website"},"primaryImageOfPage":{"@id":"https:\/\/visitemporda.com\/fr\/planifica\/informacio-util\/informacio-dinteres\/#primaryimage"},"image":{"@id":"https:\/\/visitemporda.com\/fr\/planifica\/informacio-util\/informacio-dinteres\/#primaryimage"},"thumbnailUrl":"https:\/\/visitemporda.com\/wp-content\/uploads\/2019\/08\/info-dinter\u00e8s-1.jpg","datePublished":"2019-08-05T07:22:54+00:00","dateModified":"2020-09-04T09:25:05+00:00","breadcrumb":{"@id":"https:\/\/visitemporda.com\/fr\/planifica\/informacio-util\/informacio-dinteres\/#breadcrumb"},"inLanguage":"fr-FR","potentialAction":[{"@type":"ReadAction","target":["https:\/\/visitemporda.com\/fr\/planifica\/informacio-util\/informacio-dinteres\/"]}]},{"@type":"ImageObject","inLanguage":"fr-FR","@id":"https:\/\/visitemporda.com\/fr\/planifica\/informacio-util\/informacio-dinteres\/#primaryimage","url":"https:\/\/visitemporda.com\/wp-content\/uploads\/2019\/08\/info-dinter\u00e8s-1.jpg","contentUrl":"https:\/\/visitemporda.com\/wp-content\/uploads\/2019\/08\/info-dinter\u00e8s-1.jpg","width":3888,"height":2592,"caption":"noia escerivint amb un bol\u00edgraf a una agenda amb el m\u00f2bil al costat"},{"@type":"BreadcrumbList","@id":"https:\/\/visitemporda.com\/fr\/planifica\/informacio-util\/informacio-dinteres\/#breadcrumb","itemListElement":[{"@type":"ListItem","position":1,"name":"Inici","item":"https:\/\/visitemporda.com\/fr\/"},{"@type":"ListItem","position":2,"name":"Planifiquez","item":"https:\/\/visitemporda.com\/fr\/planifica\/"},{"@type":"ListItem","position":3,"name":"Informations utiles","item":"https:\/\/visitemporda.com\/fr\/planifica\/informacio-util\/"},{"@type":"ListItem","position":4,"name":"Informations d\u2019int\u00e9r\u00eats"}]},{"@type":"WebSite","@id":"https:\/\/visitemporda.com\/fr\/#website","url":"https:\/\/visitemporda.com\/fr\/","name":"Visit Empord\u00e0","description":"Site officiel du tourisme du Baix Empord\u00e0","publisher":{"@id":"https:\/\/visitemporda.com\/fr\/#organization"},"potentialAction":[{"@type":"SearchAction","target":{"@type":"EntryPoint","urlTemplate":"https:\/\/visitemporda.com\/fr\/?s={search_term_string}"},"query-input":{"@type":"PropertyValueSpecification","valueRequired":true,"valueName":"search_term_string"}}],"inLanguage":"fr-FR"},{"@type":"Organization","@id":"https:\/\/visitemporda.com\/fr\/#organization","name":"Consell Comarcal del Baix Empord\u00e0","url":"https:\/\/visitemporda.com\/fr\/","logo":{"@type":"ImageObject","inLanguage":"fr-FR","@id":"https:\/\/visitemporda.com\/fr\/#\/schema\/logo\/image\/","url":"https:\/\/visitemporda.com\/wp-content\/uploads\/2024\/11\/Logotip_CCBE.png","contentUrl":"https:\/\/visitemporda.com\/wp-content\/uploads\/2024\/11\/Logotip_CCBE.png","width":3617,"height":3617,"caption":"Consell Comarcal del Baix Empord\u00e0"},"image":{"@id":"https:\/\/visitemporda.com\/fr\/#\/schema\/logo\/image\/"},"sameAs":["https:\/\/www.facebook.com\/baixempordaturisme","https:\/\/x.com\/baixemporda_tur","https:\/\/www.instagram.com\/visitemporda"]}]}},"_links":{"self":[{"href":"https:\/\/visitemporda.com\/fr\/wp-json\/wp\/v2\/pages\/19552","targetHints":{"allow":["GET"]}}],"collection":[{"href":"https:\/\/visitemporda.com\/fr\/wp-json\/wp\/v2\/pages"}],"about":[{"href":"https:\/\/visitemporda.com\/fr\/wp-json\/wp\/v2\/types\/page"}],"author":[{"embeddable":true,"href":"https:\/\/visitemporda.com\/fr\/wp-json\/wp\/v2\/users\/2"}],"replies":[{"embeddable":true,"href":"https:\/\/visitemporda.com\/fr\/wp-json\/wp\/v2\/comments?post=19552"}],"version-history":[{"count":2,"href":"https:\/\/visitemporda.com\/fr\/wp-json\/wp\/v2\/pages\/19552\/revisions"}],"predecessor-version":[{"id":19554,"href":"https:\/\/visitemporda.com\/fr\/wp-json\/wp\/v2\/pages\/19552\/revisions\/19554"}],"up":[{"embeddable":true,"href":"https:\/\/visitemporda.com\/fr\/wp-json\/wp\/v2\/pages\/19545"}],"wp:featuredmedia":[{"embeddable":true,"href":"https:\/\/visitemporda.com\/fr\/wp-json\/wp\/v2\/media\/6408"}],"wp:attachment":[{"href":"https:\/\/visitemporda.com\/fr\/wp-json\/wp\/v2\/media?parent=19552"}],"curies":[{"name":"wp","href":"https:\/\/api.w.org\/{rel}","templated":true}]}}