

{"id":19536,"date":"2019-12-31T09:13:07","date_gmt":"2019-12-31T08:13:07","guid":{"rendered":"http:\/\/visitemporda.com\/recomenacions\/mal-temps\/calor-excessiu\/"},"modified":"2021-08-03T12:56:28","modified_gmt":"2021-08-03T10:56:28","slug":"calor-excessiu","status":"publish","type":"page","link":"https:\/\/visitemporda.com\/fr\/recomenacions\/mal-temps\/calor-excessiu\/","title":{"rendered":"Chaleur excessive"},"content":{"rendered":"<p>Pendant l\u2019\u00e9t\u00e9, vous pouvez \u00eatre ponctuellement confront\u00e9s \u00e0 des jours tr\u00e8s humides et de canicule. Auquel cas, le contact avec la mer all\u00e9gera cette sensation de chaleur tout en vous rafra\u00eechissant souvent.<\/p>\n<p>Si vous d\u00e9cidez de vous adonner \u00e0 des activit\u00e9s touristiques actives, vous pouvez les faire de bon matin en \u00e9vitant les endroits o\u00f9 s\u00e9vit la canicule. Ou alors en d\u00e9but d&rsquo;apr\u00e8s-midi. Si vous voulez \u00e9viter de vous exposer au soleil, sans vous baigner dans la mer, vous pouvez chercher des zones bois\u00e9es, pr\u00e9sentes dans de nombreux espaces naturels du canton, notamment dans le massif des Gavarres.<\/p>\n<p>&nbsp;<\/p>\n","protected":false},"excerpt":{"rendered":"<p>Pendant l\u2019\u00e9t\u00e9, vous pouvez \u00eatre ponctuellement confront\u00e9s \u00e0 des jours tr\u00e8s humides et de canicule. Auquel cas, le contact avec la mer all\u00e9gera cette sensation de chaleur tout en vous rafra\u00eechissant souvent. Si vous d\u00e9cidez de vous adonner \u00e0 des activit\u00e9s touristiques actives, vous pouvez les faire de bon matin en \u00e9vitant les endroits o\u00f9 [&hellip;]<\/p>\n","protected":false},"author":2,"featured_media":13698,"parent":19511,"menu_order":0,"comment_status":"closed","ping_status":"closed","template":"page-templates\/fitxa-campanyes-gastronomiques.php","meta":{"_acf_changed":false,"footnotes":""},"class_list":["post-19536","page","type-page","status-publish","has-post-thumbnail","hentry"],"acf":[],"yoast_head":"<!-- This site is optimized with the Yoast SEO plugin v27.4 - https:\/\/yoast.com\/product\/yoast-seo-wordpress\/ -->\n<title>Chaleur excessive - Visit Empord\u00e0<\/title>\n<meta name=\"robots\" content=\"index, follow, max-snippet:-1, max-image-preview:large, max-video-preview:-1\" \/>\n<link rel=\"canonical\" href=\"https:\/\/visitemporda.com\/fr\/recomenacions\/mal-temps\/calor-excessiu\/\" \/>\n<meta property=\"og:locale\" content=\"fr_FR\" \/>\n<meta property=\"og:type\" content=\"article\" \/>\n<meta property=\"og:title\" content=\"Chaleur excessive - Visit Empord\u00e0\" \/>\n<meta property=\"og:description\" content=\"Pendant l\u2019\u00e9t\u00e9, vous pouvez \u00eatre ponctuellement confront\u00e9s \u00e0 des jours tr\u00e8s humides et de canicule. Auquel cas, le contact avec la mer all\u00e9gera cette sensation de chaleur tout en vous rafra\u00eechissant souvent. Si vous d\u00e9cidez de vous adonner \u00e0 des activit\u00e9s touristiques actives, vous pouvez les faire de bon matin en \u00e9vitant les endroits o\u00f9 [&hellip;]\" \/>\n<meta property=\"og:url\" content=\"https:\/\/visitemporda.com\/fr\/recomenacions\/mal-temps\/calor-excessiu\/\" \/>\n<meta property=\"og:site_name\" content=\"Visit Empord\u00e0\" \/>\n<meta property=\"article:publisher\" content=\"https:\/\/www.facebook.com\/baixempordaturisme\" \/>\n<meta property=\"article:modified_time\" content=\"2021-08-03T10:56:28+00:00\" \/>\n<meta property=\"og:image\" content=\"https:\/\/visitemporda.com\/wp-content\/uploads\/2019\/12\/calor-1024x576.jpg\" \/>\n\t<meta property=\"og:image:width\" content=\"1024\" \/>\n\t<meta property=\"og:image:height\" content=\"576\" \/>\n\t<meta property=\"og:image:type\" content=\"image\/jpeg\" \/>\n<meta name=\"twitter:card\" content=\"summary_large_image\" \/>\n<meta name=\"twitter:site\" content=\"@baixemporda_tur\" \/>\n<meta name=\"twitter:label1\" content=\"Dur\u00e9e de lecture estim\u00e9e\" \/>\n\t<meta name=\"twitter:data1\" content=\"1 minute\" \/>\n<script type=\"application\/ld+json\" class=\"yoast-schema-graph\">{\"@context\":\"https:\\\/\\\/schema.org\",\"@graph\":[{\"@type\":\"WebPage\",\"@id\":\"https:\\\/\\\/visitemporda.com\\\/fr\\\/recomenacions\\\/mal-temps\\\/calor-excessiu\\\/\",\"url\":\"https:\\\/\\\/visitemporda.com\\\/fr\\\/recomenacions\\\/mal-temps\\\/calor-excessiu\\\/\",\"name\":\"Chaleur excessive - Visit Empord\u00e0\",\"isPartOf\":{\"@id\":\"https:\\\/\\\/visitemporda.com\\\/fr\\\/#website\"},\"primaryImageOfPage\":{\"@id\":\"https:\\\/\\\/visitemporda.com\\\/fr\\\/recomenacions\\\/mal-temps\\\/calor-excessiu\\\/#primaryimage\"},\"image\":{\"@id\":\"https:\\\/\\\/visitemporda.com\\\/fr\\\/recomenacions\\\/mal-temps\\\/calor-excessiu\\\/#primaryimage\"},\"thumbnailUrl\":\"https:\\\/\\\/visitemporda.com\\\/wp-content\\\/uploads\\\/2019\\\/12\\\/calor.jpg\",\"datePublished\":\"2019-12-31T08:13:07+00:00\",\"dateModified\":\"2021-08-03T10:56:28+00:00\",\"breadcrumb\":{\"@id\":\"https:\\\/\\\/visitemporda.com\\\/fr\\\/recomenacions\\\/mal-temps\\\/calor-excessiu\\\/#breadcrumb\"},\"inLanguage\":\"fr-FR\",\"potentialAction\":[{\"@type\":\"ReadAction\",\"target\":[\"https:\\\/\\\/visitemporda.com\\\/fr\\\/recomenacions\\\/mal-temps\\\/calor-excessiu\\\/\"]}]},{\"@type\":\"ImageObject\",\"inLanguage\":\"fr-FR\",\"@id\":\"https:\\\/\\\/visitemporda.com\\\/fr\\\/recomenacions\\\/mal-temps\\\/calor-excessiu\\\/#primaryimage\",\"url\":\"https:\\\/\\\/visitemporda.com\\\/wp-content\\\/uploads\\\/2019\\\/12\\\/calor.jpg\",\"contentUrl\":\"https:\\\/\\\/visitemporda.com\\\/wp-content\\\/uploads\\\/2019\\\/12\\\/calor.jpg\",\"width\":4896,\"height\":2752,\"caption\":\"camp amb tres bales de pala, paisatge t\u00edpic empordan\u00e8s\"},{\"@type\":\"BreadcrumbList\",\"@id\":\"https:\\\/\\\/visitemporda.com\\\/fr\\\/recomenacions\\\/mal-temps\\\/calor-excessiu\\\/#breadcrumb\",\"itemListElement\":[{\"@type\":\"ListItem\",\"position\":1,\"name\":\"Inici\",\"item\":\"https:\\\/\\\/visitemporda.com\\\/fr\\\/\"},{\"@type\":\"ListItem\",\"position\":2,\"name\":\"Recommandations\",\"item\":\"https:\\\/\\\/visitemporda.com\\\/fr\\\/recomenacions\\\/\"},{\"@type\":\"ListItem\",\"position\":3,\"name\":\"Mauvais temps\",\"item\":\"https:\\\/\\\/visitemporda.com\\\/fr\\\/recomenacions\\\/mal-temps\\\/\"},{\"@type\":\"ListItem\",\"position\":4,\"name\":\"Chaleur excessive\"}]},{\"@type\":\"WebSite\",\"@id\":\"https:\\\/\\\/visitemporda.com\\\/fr\\\/#website\",\"url\":\"https:\\\/\\\/visitemporda.com\\\/fr\\\/\",\"name\":\"Visit Empord\u00e0\",\"description\":\"Site officiel du tourisme du Baix Empord\u00e0\",\"publisher\":{\"@id\":\"https:\\\/\\\/visitemporda.com\\\/fr\\\/#organization\"},\"potentialAction\":[{\"@type\":\"SearchAction\",\"target\":{\"@type\":\"EntryPoint\",\"urlTemplate\":\"https:\\\/\\\/visitemporda.com\\\/fr\\\/?s={search_term_string}\"},\"query-input\":{\"@type\":\"PropertyValueSpecification\",\"valueRequired\":true,\"valueName\":\"search_term_string\"}}],\"inLanguage\":\"fr-FR\"},{\"@type\":\"Organization\",\"@id\":\"https:\\\/\\\/visitemporda.com\\\/fr\\\/#organization\",\"name\":\"Consell Comarcal del Baix Empord\u00e0\",\"url\":\"https:\\\/\\\/visitemporda.com\\\/fr\\\/\",\"logo\":{\"@type\":\"ImageObject\",\"inLanguage\":\"fr-FR\",\"@id\":\"https:\\\/\\\/visitemporda.com\\\/fr\\\/#\\\/schema\\\/logo\\\/image\\\/\",\"url\":\"https:\\\/\\\/visitemporda.com\\\/wp-content\\\/uploads\\\/2024\\\/11\\\/Logotip_CCBE.png\",\"contentUrl\":\"https:\\\/\\\/visitemporda.com\\\/wp-content\\\/uploads\\\/2024\\\/11\\\/Logotip_CCBE.png\",\"width\":3617,\"height\":3617,\"caption\":\"Consell Comarcal del Baix Empord\u00e0\"},\"image\":{\"@id\":\"https:\\\/\\\/visitemporda.com\\\/fr\\\/#\\\/schema\\\/logo\\\/image\\\/\"},\"sameAs\":[\"https:\\\/\\\/www.facebook.com\\\/baixempordaturisme\",\"https:\\\/\\\/x.com\\\/baixemporda_tur\",\"https:\\\/\\\/www.instagram.com\\\/visitemporda\"]}]}<\/script>\n<!-- \/ Yoast SEO plugin. -->","yoast_head_json":{"title":"Chaleur excessive - Visit Empord\u00e0","robots":{"index":"index","follow":"follow","max-snippet":"max-snippet:-1","max-image-preview":"max-image-preview:large","max-video-preview":"max-video-preview:-1"},"canonical":"https:\/\/visitemporda.com\/fr\/recomenacions\/mal-temps\/calor-excessiu\/","og_locale":"fr_FR","og_type":"article","og_title":"Chaleur excessive - Visit Empord\u00e0","og_description":"Pendant l\u2019\u00e9t\u00e9, vous pouvez \u00eatre ponctuellement confront\u00e9s \u00e0 des jours tr\u00e8s humides et de canicule. Auquel cas, le contact avec la mer all\u00e9gera cette sensation de chaleur tout en vous rafra\u00eechissant souvent. Si vous d\u00e9cidez de vous adonner \u00e0 des activit\u00e9s touristiques actives, vous pouvez les faire de bon matin en \u00e9vitant les endroits o\u00f9 [&hellip;]","og_url":"https:\/\/visitemporda.com\/fr\/recomenacions\/mal-temps\/calor-excessiu\/","og_site_name":"Visit Empord\u00e0","article_publisher":"https:\/\/www.facebook.com\/baixempordaturisme","article_modified_time":"2021-08-03T10:56:28+00:00","og_image":[{"width":1024,"height":576,"url":"https:\/\/visitemporda.com\/wp-content\/uploads\/2019\/12\/calor-1024x576.jpg","type":"image\/jpeg"}],"twitter_card":"summary_large_image","twitter_site":"@baixemporda_tur","twitter_misc":{"Dur\u00e9e de lecture estim\u00e9e":"1 minute"},"schema":{"@context":"https:\/\/schema.org","@graph":[{"@type":"WebPage","@id":"https:\/\/visitemporda.com\/fr\/recomenacions\/mal-temps\/calor-excessiu\/","url":"https:\/\/visitemporda.com\/fr\/recomenacions\/mal-temps\/calor-excessiu\/","name":"Chaleur excessive - Visit Empord\u00e0","isPartOf":{"@id":"https:\/\/visitemporda.com\/fr\/#website"},"primaryImageOfPage":{"@id":"https:\/\/visitemporda.com\/fr\/recomenacions\/mal-temps\/calor-excessiu\/#primaryimage"},"image":{"@id":"https:\/\/visitemporda.com\/fr\/recomenacions\/mal-temps\/calor-excessiu\/#primaryimage"},"thumbnailUrl":"https:\/\/visitemporda.com\/wp-content\/uploads\/2019\/12\/calor.jpg","datePublished":"2019-12-31T08:13:07+00:00","dateModified":"2021-08-03T10:56:28+00:00","breadcrumb":{"@id":"https:\/\/visitemporda.com\/fr\/recomenacions\/mal-temps\/calor-excessiu\/#breadcrumb"},"inLanguage":"fr-FR","potentialAction":[{"@type":"ReadAction","target":["https:\/\/visitemporda.com\/fr\/recomenacions\/mal-temps\/calor-excessiu\/"]}]},{"@type":"ImageObject","inLanguage":"fr-FR","@id":"https:\/\/visitemporda.com\/fr\/recomenacions\/mal-temps\/calor-excessiu\/#primaryimage","url":"https:\/\/visitemporda.com\/wp-content\/uploads\/2019\/12\/calor.jpg","contentUrl":"https:\/\/visitemporda.com\/wp-content\/uploads\/2019\/12\/calor.jpg","width":4896,"height":2752,"caption":"camp amb tres bales de pala, paisatge t\u00edpic empordan\u00e8s"},{"@type":"BreadcrumbList","@id":"https:\/\/visitemporda.com\/fr\/recomenacions\/mal-temps\/calor-excessiu\/#breadcrumb","itemListElement":[{"@type":"ListItem","position":1,"name":"Inici","item":"https:\/\/visitemporda.com\/fr\/"},{"@type":"ListItem","position":2,"name":"Recommandations","item":"https:\/\/visitemporda.com\/fr\/recomenacions\/"},{"@type":"ListItem","position":3,"name":"Mauvais temps","item":"https:\/\/visitemporda.com\/fr\/recomenacions\/mal-temps\/"},{"@type":"ListItem","position":4,"name":"Chaleur excessive"}]},{"@type":"WebSite","@id":"https:\/\/visitemporda.com\/fr\/#website","url":"https:\/\/visitemporda.com\/fr\/","name":"Visit Empord\u00e0","description":"Site officiel du tourisme du Baix Empord\u00e0","publisher":{"@id":"https:\/\/visitemporda.com\/fr\/#organization"},"potentialAction":[{"@type":"SearchAction","target":{"@type":"EntryPoint","urlTemplate":"https:\/\/visitemporda.com\/fr\/?s={search_term_string}"},"query-input":{"@type":"PropertyValueSpecification","valueRequired":true,"valueName":"search_term_string"}}],"inLanguage":"fr-FR"},{"@type":"Organization","@id":"https:\/\/visitemporda.com\/fr\/#organization","name":"Consell Comarcal del Baix Empord\u00e0","url":"https:\/\/visitemporda.com\/fr\/","logo":{"@type":"ImageObject","inLanguage":"fr-FR","@id":"https:\/\/visitemporda.com\/fr\/#\/schema\/logo\/image\/","url":"https:\/\/visitemporda.com\/wp-content\/uploads\/2024\/11\/Logotip_CCBE.png","contentUrl":"https:\/\/visitemporda.com\/wp-content\/uploads\/2024\/11\/Logotip_CCBE.png","width":3617,"height":3617,"caption":"Consell Comarcal del Baix Empord\u00e0"},"image":{"@id":"https:\/\/visitemporda.com\/fr\/#\/schema\/logo\/image\/"},"sameAs":["https:\/\/www.facebook.com\/baixempordaturisme","https:\/\/x.com\/baixemporda_tur","https:\/\/www.instagram.com\/visitemporda"]}]}},"_links":{"self":[{"href":"https:\/\/visitemporda.com\/fr\/wp-json\/wp\/v2\/pages\/19536","targetHints":{"allow":["GET"]}}],"collection":[{"href":"https:\/\/visitemporda.com\/fr\/wp-json\/wp\/v2\/pages"}],"about":[{"href":"https:\/\/visitemporda.com\/fr\/wp-json\/wp\/v2\/types\/page"}],"author":[{"embeddable":true,"href":"https:\/\/visitemporda.com\/fr\/wp-json\/wp\/v2\/users\/2"}],"replies":[{"embeddable":true,"href":"https:\/\/visitemporda.com\/fr\/wp-json\/wp\/v2\/comments?post=19536"}],"version-history":[{"count":2,"href":"https:\/\/visitemporda.com\/fr\/wp-json\/wp\/v2\/pages\/19536\/revisions"}],"predecessor-version":[{"id":34946,"href":"https:\/\/visitemporda.com\/fr\/wp-json\/wp\/v2\/pages\/19536\/revisions\/34946"}],"up":[{"embeddable":true,"href":"https:\/\/visitemporda.com\/fr\/wp-json\/wp\/v2\/pages\/19511"}],"wp:featuredmedia":[{"embeddable":true,"href":"https:\/\/visitemporda.com\/fr\/wp-json\/wp\/v2\/media\/13698"}],"wp:attachment":[{"href":"https:\/\/visitemporda.com\/fr\/wp-json\/wp\/v2\/media?parent=19536"}],"curies":[{"name":"wp","href":"https:\/\/api.w.org\/{rel}","templated":true}]}}