

{"id":19533,"date":"2019-12-31T09:12:39","date_gmt":"2019-12-31T08:12:39","guid":{"rendered":"http:\/\/visitemporda.com\/recomenacions\/mal-temps\/el-vent-i-el-mar\/"},"modified":"2021-08-03T12:54:10","modified_gmt":"2021-08-03T10:54:10","slug":"el-vent-i-el-mar","status":"publish","type":"page","link":"https:\/\/visitemporda.com\/fr\/recomenacions\/mal-temps\/el-vent-i-el-mar\/","title":{"rendered":"Le vent et la mer"},"content":{"rendered":"<p>Le vent est un \u00e9l\u00e9ment caract\u00e9ristique du canton, notamment, la Tramontane. Ce vent du nord est froid. Parfois intense, sa capacit\u00e9 \u00e0 emporter les nuages et \u00e0 nettoyer le ciel n\u2019en est pas moins admirable. Un spectacle qui vaut le d\u00e9tour<\/p>\n<p>Le passage de ce vent par le canton trouble le calme habituel du paysage et agite souvent la mer.\u00a0 La direction de ce vent, qui \u00e9loigne de la c\u00f4te, peut dissuader de pratiquer certaines activit\u00e9s en mer.<\/p>\n<p>Toutefois, si la Tramontane souffle et que le temps est au beau fixe, certaines plages et calanques peuvent \u00eatre plus abrit\u00e9es et, donc, repr\u00e9senter un bon choix pour les visiteurs qui veulent continuer de profiter du soleil et de la plage.<\/p>\n<p>Il existe des espaces plus calmes tels que\u00a0: la plage de Sa Conca \u00e0 Platja d\u2019Aro, la plage de Castell \u00e0 Palam\u00f3s, la plage de Potbo \u00e0 Calella de Palafrugell, les plages de Llafranc et Tamariu ou la plage Fonda ou la calanque d\u2019Aiguafreda \u00e0 Begur.<\/p>\n<p>D&rsquo;autre part, le Garbin est un vent du sud-ouest, humide, tr\u00e8s pr\u00e9sent les apr\u00e8s-midis d\u2019\u00e9t\u00e9 et tr\u00e8s attendu par les amoureux de la voile, surtout de la voile sportive.<\/p>\n<p>En cas de Garbin, certaines plages plus tranquilles peuvent \u00eatre la plage de Ses Torretes \u00e0 Sant Antoni de Calonge, la plage de la Fosca \u00e0 Palam\u00f3s, la calanque del Golfet \u00e0 Calella de Palafrugell ou la calanque de Sa Riera et la plage del Rac\u00f3 \u00e0 Begur.<\/p>\n<p>Le Gr\u00e9gal ou le Llevant (vent de l\u2019est) sont d&rsquo;autres vents moins pr\u00e9sents, du nord-est et de l&rsquo;est, qui poussent sur la mer, notamment au printemps et en automne.<\/p>\n<p>Sp\u00e9cialement dur, le Llevant est souvent accompagn\u00e9 de pluie. Vous pouvez contempler l\u2019impact des vagues provoqu\u00e9es par une temp\u00eate de Llevant. Cela dit, prenez des pr\u00e9cautions suppl\u00e9mentaires et \u00e9loignez-vous de la mer\u00a0! Vous pouvez aussi admirer cette alliance de pluie, de vent et de mer depuis des belv\u00e9d\u00e8res.<\/p>\n<p>Par cons\u00e9quent, l&rsquo;\u00e9tat du ciel et du vent d\u00e9termineront le comportement de la mer auquel il faudra \u00eatre attentif dans la mesure o\u00f9 il lui arrive de changer. Parfois, les \u00e9l\u00e9ments ne parviennent m\u00eame pas \u00e0 s&rsquo;entendre. Ainsi, il est possible d&rsquo;assister depuis l\u2019h\u00f4tel \u00e0 une journ\u00e9e ensoleill\u00e9e sur fond de forte tramontane avec une mer tr\u00e8s agit\u00e9e.<\/p>\n","protected":false},"excerpt":{"rendered":"<p>Le vent est un \u00e9l\u00e9ment caract\u00e9ristique du canton, notamment, la Tramontane. Ce vent du nord est froid. Parfois intense, sa capacit\u00e9 \u00e0 emporter les nuages et \u00e0 nettoyer le ciel n\u2019en est pas moins admirable. Un spectacle qui vaut le d\u00e9tour Le passage de ce vent par le canton trouble le calme habituel du paysage [&hellip;]<\/p>\n","protected":false},"author":2,"featured_media":13694,"parent":19511,"menu_order":0,"comment_status":"closed","ping_status":"closed","template":"page-templates\/fitxa-campanyes-gastronomiques.php","meta":{"_acf_changed":false,"footnotes":""},"class_list":["post-19533","page","type-page","status-publish","has-post-thumbnail","hentry"],"acf":[],"yoast_head":"<!-- This site is optimized with the Yoast SEO plugin v27.3 - https:\/\/yoast.com\/product\/yoast-seo-wordpress\/ -->\n<title>Le vent et la mer - Visit Empord\u00e0<\/title>\n<meta name=\"robots\" content=\"index, follow, max-snippet:-1, max-image-preview:large, max-video-preview:-1\" \/>\n<link rel=\"canonical\" href=\"https:\/\/visitemporda.com\/fr\/recomenacions\/mal-temps\/el-vent-i-el-mar\/\" \/>\n<meta property=\"og:locale\" content=\"fr_FR\" \/>\n<meta property=\"og:type\" content=\"article\" \/>\n<meta property=\"og:title\" content=\"Le vent et la mer - Visit Empord\u00e0\" \/>\n<meta property=\"og:description\" content=\"Le vent est un \u00e9l\u00e9ment caract\u00e9ristique du canton, notamment, la Tramontane. Ce vent du nord est froid. Parfois intense, sa capacit\u00e9 \u00e0 emporter les nuages et \u00e0 nettoyer le ciel n\u2019en est pas moins admirable. Un spectacle qui vaut le d\u00e9tour Le passage de ce vent par le canton trouble le calme habituel du paysage [&hellip;]\" \/>\n<meta property=\"og:url\" content=\"https:\/\/visitemporda.com\/fr\/recomenacions\/mal-temps\/el-vent-i-el-mar\/\" \/>\n<meta property=\"og:site_name\" content=\"Visit Empord\u00e0\" \/>\n<meta property=\"article:publisher\" content=\"https:\/\/www.facebook.com\/baixempordaturisme\" \/>\n<meta property=\"article:modified_time\" content=\"2021-08-03T10:54:10+00:00\" \/>\n<meta property=\"og:image\" content=\"https:\/\/visitemporda.com\/wp-content\/uploads\/2019\/12\/Estartit-punta-del-molinet-3.jpg\" \/>\n\t<meta property=\"og:image:width\" content=\"1920\" \/>\n\t<meta property=\"og:image:height\" content=\"1080\" \/>\n\t<meta property=\"og:image:type\" content=\"image\/jpeg\" \/>\n<meta name=\"twitter:card\" content=\"summary_large_image\" \/>\n<meta name=\"twitter:site\" content=\"@baixemporda_tur\" \/>\n<meta name=\"twitter:label1\" content=\"Dur\u00e9e de lecture estim\u00e9e\" \/>\n\t<meta name=\"twitter:data1\" content=\"2 minutes\" \/>\n<script type=\"application\/ld+json\" class=\"yoast-schema-graph\">{\"@context\":\"https:\\\/\\\/schema.org\",\"@graph\":[{\"@type\":\"WebPage\",\"@id\":\"https:\\\/\\\/visitemporda.com\\\/fr\\\/recomenacions\\\/mal-temps\\\/el-vent-i-el-mar\\\/\",\"url\":\"https:\\\/\\\/visitemporda.com\\\/fr\\\/recomenacions\\\/mal-temps\\\/el-vent-i-el-mar\\\/\",\"name\":\"Le vent et la mer - Visit Empord\u00e0\",\"isPartOf\":{\"@id\":\"https:\\\/\\\/visitemporda.com\\\/fr\\\/#website\"},\"primaryImageOfPage\":{\"@id\":\"https:\\\/\\\/visitemporda.com\\\/fr\\\/recomenacions\\\/mal-temps\\\/el-vent-i-el-mar\\\/#primaryimage\"},\"image\":{\"@id\":\"https:\\\/\\\/visitemporda.com\\\/fr\\\/recomenacions\\\/mal-temps\\\/el-vent-i-el-mar\\\/#primaryimage\"},\"thumbnailUrl\":\"https:\\\/\\\/visitemporda.com\\\/wp-content\\\/uploads\\\/2019\\\/12\\\/Estartit-punta-del-molinet-3.jpg\",\"datePublished\":\"2019-12-31T08:12:39+00:00\",\"dateModified\":\"2021-08-03T10:54:10+00:00\",\"breadcrumb\":{\"@id\":\"https:\\\/\\\/visitemporda.com\\\/fr\\\/recomenacions\\\/mal-temps\\\/el-vent-i-el-mar\\\/#breadcrumb\"},\"inLanguage\":\"fr-FR\",\"potentialAction\":[{\"@type\":\"ReadAction\",\"target\":[\"https:\\\/\\\/visitemporda.com\\\/fr\\\/recomenacions\\\/mal-temps\\\/el-vent-i-el-mar\\\/\"]}]},{\"@type\":\"ImageObject\",\"inLanguage\":\"fr-FR\",\"@id\":\"https:\\\/\\\/visitemporda.com\\\/fr\\\/recomenacions\\\/mal-temps\\\/el-vent-i-el-mar\\\/#primaryimage\",\"url\":\"https:\\\/\\\/visitemporda.com\\\/wp-content\\\/uploads\\\/2019\\\/12\\\/Estartit-punta-del-molinet-3.jpg\",\"contentUrl\":\"https:\\\/\\\/visitemporda.com\\\/wp-content\\\/uploads\\\/2019\\\/12\\\/Estartit-punta-del-molinet-3.jpg\",\"width\":1920,\"height\":1080,\"caption\":\"Estartit punta del molinet. a l'esquerra al passeig, al final la roca i a la dreta el mar\"},{\"@type\":\"BreadcrumbList\",\"@id\":\"https:\\\/\\\/visitemporda.com\\\/fr\\\/recomenacions\\\/mal-temps\\\/el-vent-i-el-mar\\\/#breadcrumb\",\"itemListElement\":[{\"@type\":\"ListItem\",\"position\":1,\"name\":\"Inici\",\"item\":\"https:\\\/\\\/visitemporda.com\\\/fr\\\/\"},{\"@type\":\"ListItem\",\"position\":2,\"name\":\"Recommandations\",\"item\":\"https:\\\/\\\/visitemporda.com\\\/fr\\\/recomenacions\\\/\"},{\"@type\":\"ListItem\",\"position\":3,\"name\":\"Mauvais temps\",\"item\":\"https:\\\/\\\/visitemporda.com\\\/fr\\\/recomenacions\\\/mal-temps\\\/\"},{\"@type\":\"ListItem\",\"position\":4,\"name\":\"Le vent et la mer\"}]},{\"@type\":\"WebSite\",\"@id\":\"https:\\\/\\\/visitemporda.com\\\/fr\\\/#website\",\"url\":\"https:\\\/\\\/visitemporda.com\\\/fr\\\/\",\"name\":\"Visit Empord\u00e0\",\"description\":\"Site officiel du tourisme du Baix Empord\u00e0\",\"publisher\":{\"@id\":\"https:\\\/\\\/visitemporda.com\\\/fr\\\/#organization\"},\"potentialAction\":[{\"@type\":\"SearchAction\",\"target\":{\"@type\":\"EntryPoint\",\"urlTemplate\":\"https:\\\/\\\/visitemporda.com\\\/fr\\\/?s={search_term_string}\"},\"query-input\":{\"@type\":\"PropertyValueSpecification\",\"valueRequired\":true,\"valueName\":\"search_term_string\"}}],\"inLanguage\":\"fr-FR\"},{\"@type\":\"Organization\",\"@id\":\"https:\\\/\\\/visitemporda.com\\\/fr\\\/#organization\",\"name\":\"Consell Comarcal del Baix Empord\u00e0\",\"url\":\"https:\\\/\\\/visitemporda.com\\\/fr\\\/\",\"logo\":{\"@type\":\"ImageObject\",\"inLanguage\":\"fr-FR\",\"@id\":\"https:\\\/\\\/visitemporda.com\\\/fr\\\/#\\\/schema\\\/logo\\\/image\\\/\",\"url\":\"https:\\\/\\\/visitemporda.com\\\/wp-content\\\/uploads\\\/2024\\\/11\\\/Logotip_CCBE.png\",\"contentUrl\":\"https:\\\/\\\/visitemporda.com\\\/wp-content\\\/uploads\\\/2024\\\/11\\\/Logotip_CCBE.png\",\"width\":3617,\"height\":3617,\"caption\":\"Consell Comarcal del Baix Empord\u00e0\"},\"image\":{\"@id\":\"https:\\\/\\\/visitemporda.com\\\/fr\\\/#\\\/schema\\\/logo\\\/image\\\/\"},\"sameAs\":[\"https:\\\/\\\/www.facebook.com\\\/baixempordaturisme\",\"https:\\\/\\\/x.com\\\/baixemporda_tur\",\"https:\\\/\\\/www.instagram.com\\\/visitemporda\"]}]}<\/script>\n<!-- \/ Yoast SEO plugin. -->","yoast_head_json":{"title":"Le vent et la mer - Visit Empord\u00e0","robots":{"index":"index","follow":"follow","max-snippet":"max-snippet:-1","max-image-preview":"max-image-preview:large","max-video-preview":"max-video-preview:-1"},"canonical":"https:\/\/visitemporda.com\/fr\/recomenacions\/mal-temps\/el-vent-i-el-mar\/","og_locale":"fr_FR","og_type":"article","og_title":"Le vent et la mer - Visit Empord\u00e0","og_description":"Le vent est un \u00e9l\u00e9ment caract\u00e9ristique du canton, notamment, la Tramontane. Ce vent du nord est froid. Parfois intense, sa capacit\u00e9 \u00e0 emporter les nuages et \u00e0 nettoyer le ciel n\u2019en est pas moins admirable. Un spectacle qui vaut le d\u00e9tour Le passage de ce vent par le canton trouble le calme habituel du paysage [&hellip;]","og_url":"https:\/\/visitemporda.com\/fr\/recomenacions\/mal-temps\/el-vent-i-el-mar\/","og_site_name":"Visit Empord\u00e0","article_publisher":"https:\/\/www.facebook.com\/baixempordaturisme","article_modified_time":"2021-08-03T10:54:10+00:00","og_image":[{"width":1920,"height":1080,"url":"https:\/\/visitemporda.com\/wp-content\/uploads\/2019\/12\/Estartit-punta-del-molinet-3.jpg","type":"image\/jpeg"}],"twitter_card":"summary_large_image","twitter_site":"@baixemporda_tur","twitter_misc":{"Dur\u00e9e de lecture estim\u00e9e":"2 minutes"},"schema":{"@context":"https:\/\/schema.org","@graph":[{"@type":"WebPage","@id":"https:\/\/visitemporda.com\/fr\/recomenacions\/mal-temps\/el-vent-i-el-mar\/","url":"https:\/\/visitemporda.com\/fr\/recomenacions\/mal-temps\/el-vent-i-el-mar\/","name":"Le vent et la mer - Visit Empord\u00e0","isPartOf":{"@id":"https:\/\/visitemporda.com\/fr\/#website"},"primaryImageOfPage":{"@id":"https:\/\/visitemporda.com\/fr\/recomenacions\/mal-temps\/el-vent-i-el-mar\/#primaryimage"},"image":{"@id":"https:\/\/visitemporda.com\/fr\/recomenacions\/mal-temps\/el-vent-i-el-mar\/#primaryimage"},"thumbnailUrl":"https:\/\/visitemporda.com\/wp-content\/uploads\/2019\/12\/Estartit-punta-del-molinet-3.jpg","datePublished":"2019-12-31T08:12:39+00:00","dateModified":"2021-08-03T10:54:10+00:00","breadcrumb":{"@id":"https:\/\/visitemporda.com\/fr\/recomenacions\/mal-temps\/el-vent-i-el-mar\/#breadcrumb"},"inLanguage":"fr-FR","potentialAction":[{"@type":"ReadAction","target":["https:\/\/visitemporda.com\/fr\/recomenacions\/mal-temps\/el-vent-i-el-mar\/"]}]},{"@type":"ImageObject","inLanguage":"fr-FR","@id":"https:\/\/visitemporda.com\/fr\/recomenacions\/mal-temps\/el-vent-i-el-mar\/#primaryimage","url":"https:\/\/visitemporda.com\/wp-content\/uploads\/2019\/12\/Estartit-punta-del-molinet-3.jpg","contentUrl":"https:\/\/visitemporda.com\/wp-content\/uploads\/2019\/12\/Estartit-punta-del-molinet-3.jpg","width":1920,"height":1080,"caption":"Estartit punta del molinet. a l'esquerra al passeig, al final la roca i a la dreta el mar"},{"@type":"BreadcrumbList","@id":"https:\/\/visitemporda.com\/fr\/recomenacions\/mal-temps\/el-vent-i-el-mar\/#breadcrumb","itemListElement":[{"@type":"ListItem","position":1,"name":"Inici","item":"https:\/\/visitemporda.com\/fr\/"},{"@type":"ListItem","position":2,"name":"Recommandations","item":"https:\/\/visitemporda.com\/fr\/recomenacions\/"},{"@type":"ListItem","position":3,"name":"Mauvais temps","item":"https:\/\/visitemporda.com\/fr\/recomenacions\/mal-temps\/"},{"@type":"ListItem","position":4,"name":"Le vent et la mer"}]},{"@type":"WebSite","@id":"https:\/\/visitemporda.com\/fr\/#website","url":"https:\/\/visitemporda.com\/fr\/","name":"Visit Empord\u00e0","description":"Site officiel du tourisme du Baix Empord\u00e0","publisher":{"@id":"https:\/\/visitemporda.com\/fr\/#organization"},"potentialAction":[{"@type":"SearchAction","target":{"@type":"EntryPoint","urlTemplate":"https:\/\/visitemporda.com\/fr\/?s={search_term_string}"},"query-input":{"@type":"PropertyValueSpecification","valueRequired":true,"valueName":"search_term_string"}}],"inLanguage":"fr-FR"},{"@type":"Organization","@id":"https:\/\/visitemporda.com\/fr\/#organization","name":"Consell Comarcal del Baix Empord\u00e0","url":"https:\/\/visitemporda.com\/fr\/","logo":{"@type":"ImageObject","inLanguage":"fr-FR","@id":"https:\/\/visitemporda.com\/fr\/#\/schema\/logo\/image\/","url":"https:\/\/visitemporda.com\/wp-content\/uploads\/2024\/11\/Logotip_CCBE.png","contentUrl":"https:\/\/visitemporda.com\/wp-content\/uploads\/2024\/11\/Logotip_CCBE.png","width":3617,"height":3617,"caption":"Consell Comarcal del Baix Empord\u00e0"},"image":{"@id":"https:\/\/visitemporda.com\/fr\/#\/schema\/logo\/image\/"},"sameAs":["https:\/\/www.facebook.com\/baixempordaturisme","https:\/\/x.com\/baixemporda_tur","https:\/\/www.instagram.com\/visitemporda"]}]}},"_links":{"self":[{"href":"https:\/\/visitemporda.com\/fr\/wp-json\/wp\/v2\/pages\/19533","targetHints":{"allow":["GET"]}}],"collection":[{"href":"https:\/\/visitemporda.com\/fr\/wp-json\/wp\/v2\/pages"}],"about":[{"href":"https:\/\/visitemporda.com\/fr\/wp-json\/wp\/v2\/types\/page"}],"author":[{"embeddable":true,"href":"https:\/\/visitemporda.com\/fr\/wp-json\/wp\/v2\/users\/2"}],"replies":[{"embeddable":true,"href":"https:\/\/visitemporda.com\/fr\/wp-json\/wp\/v2\/comments?post=19533"}],"version-history":[{"count":3,"href":"https:\/\/visitemporda.com\/fr\/wp-json\/wp\/v2\/pages\/19533\/revisions"}],"predecessor-version":[{"id":34945,"href":"https:\/\/visitemporda.com\/fr\/wp-json\/wp\/v2\/pages\/19533\/revisions\/34945"}],"up":[{"embeddable":true,"href":"https:\/\/visitemporda.com\/fr\/wp-json\/wp\/v2\/pages\/19511"}],"wp:featuredmedia":[{"embeddable":true,"href":"https:\/\/visitemporda.com\/fr\/wp-json\/wp\/v2\/media\/13694"}],"wp:attachment":[{"href":"https:\/\/visitemporda.com\/fr\/wp-json\/wp\/v2\/media?parent=19533"}],"curies":[{"name":"wp","href":"https:\/\/api.w.org\/{rel}","templated":true}]}}