

{"id":19528,"date":"2019-12-31T08:50:32","date_gmt":"2019-12-31T07:50:32","guid":{"rendered":"http:\/\/visitemporda.com\/emporda\/paisatges-unics\/"},"modified":"2020-09-04T10:19:08","modified_gmt":"2020-09-04T08:19:08","slug":"paisatges-unics","status":"publish","type":"page","link":"https:\/\/visitemporda.com\/fr\/emporda\/paisatges-unics\/","title":{"rendered":"Des paysages uniques"},"content":{"rendered":"<p>Une seule image ne suffirait pas \u00e0 r\u00e9sumer le Baix Empord\u00e0. Les territoires compris entre le Montgr\u00ed, les Gavarres, l\u2019Ardenya-Cadiretes et la M\u00e9diterran\u00e9e forment un puzzle aussi vari\u00e9 qu\u2019harmonieux. Fa\u00e7onn\u00e9es par le temps, le climat et l&rsquo;activit\u00e9 humaine, les multiples facettes du paysage invitent \u00e0 une visite attentive\u00a0: des plaines lisses de cultures aux ar\u00eates escarp\u00e9es du littoral, chaque coin transmet l&rsquo;esprit du canton.<\/p>\n<p>La richesse paysag\u00e8re constitue une valeur fondamentale pour le Baix Empord\u00e0. De nombreux paysages baix-ampourdanais sont aujourd\u2019hui des espaces naturels prot\u00e9g\u00e9s, dont ceux abrit\u00e9s par <strong>le Parc Naturel du Montgr\u00ed, les \u00celes Medes et le Baix Ter <\/strong>ou d\u2019autres espaces comme les massifs des <strong>Gavarres et l\u2019Ardenya \u2013 Cadiretes, les Montagnes de Begur, Castell \u2013 Cap Roig, l\u2019\u00cele de Canet et les Rives du Baix Ter.<\/strong> Cet ensemble de sites naturels conf\u00e8re au Baix Empord\u00e0 une physionomie qui le rend unique.<\/p>\n<p>La <strong>tramontane<\/strong> est le vent le plus embl\u00e9matique de l\u2019Empord\u00e0. Alors qu\u2019il y r\u00e8gne en ma\u00eetre dans l\u2019Alt Empord\u00e0, il rivalise dans le Baix Empord\u00e0 avec le <strong>garbin<\/strong>, le vent du sud. La coexistence de ces \u00e9l\u00e9ments m\u00e9t\u00e9orologiques cr\u00e9e un petit climat caract\u00e9ristique, qui est l\u2019un des ma\u00eetres d\u2019\u0153uvre du relief, de la faune et de la flore du canton. <strong>Josep Pla<\/strong>, l\u2019observateur le plus attentif de la contr\u00e9e, d\u00e9crivit l\u2019incidence de ces vents.<\/p>\n<p>\u00ab\u00a0Les coups de tramontanes peuvent apporter des pluies, parfois abondantes. Mais il arrive un moment o\u00f9 le barom\u00e8tre baisse. On aper\u00e7oit soudainement, au sud, un groupe de nuages blancs et le garbin appara\u00eet alors, engag\u00e9. La pr\u00e9dominance inverse commence alors jusqu\u2019\u00e0 ce que le barom\u00e8tre remonte et que la domination contraire se produise. Cela dure depuis des milliers d\u2019ann\u00e9es et pour encore bien longtemps.\u00a0\u00bb Josep Pla, <em>Notes del capvesprol (Notes de la brise vesp\u00e9rale).<\/em><\/p>\n","protected":false},"excerpt":{"rendered":"<p>Une seule image ne suffirait pas \u00e0 r\u00e9sumer le Baix Empord\u00e0. Les territoires compris entre le Montgr\u00ed, les Gavarres, l\u2019Ardenya-Cadiretes et la M\u00e9diterran\u00e9e forment un puzzle aussi vari\u00e9 qu\u2019harmonieux. Fa\u00e7onn\u00e9es par le temps, le climat et l&rsquo;activit\u00e9 humaine, les multiples facettes du paysage invitent \u00e0 une visite attentive\u00a0: des plaines lisses de cultures aux ar\u00eates [&hellip;]<\/p>\n","protected":false},"author":2,"featured_media":13721,"parent":19484,"menu_order":0,"comment_status":"closed","ping_status":"closed","template":"page-templates\/vivencies.php","meta":{"_acf_changed":false,"footnotes":""},"class_list":["post-19528","page","type-page","status-publish","has-post-thumbnail","hentry"],"acf":[],"yoast_head":"<!-- This site is optimized with the Yoast SEO plugin v27.4 - https:\/\/yoast.com\/product\/yoast-seo-wordpress\/ -->\n<title>Des paysages uniques - Visit Empord\u00e0<\/title>\n<meta name=\"robots\" content=\"index, follow, max-snippet:-1, max-image-preview:large, max-video-preview:-1\" \/>\n<link rel=\"canonical\" href=\"https:\/\/visitemporda.com\/fr\/emporda\/paisatges-unics\/\" \/>\n<meta property=\"og:locale\" content=\"fr_FR\" \/>\n<meta property=\"og:type\" content=\"article\" \/>\n<meta property=\"og:title\" content=\"Des paysages uniques - Visit Empord\u00e0\" \/>\n<meta property=\"og:description\" content=\"Une seule image ne suffirait pas \u00e0 r\u00e9sumer le Baix Empord\u00e0. Les territoires compris entre le Montgr\u00ed, les Gavarres, l\u2019Ardenya-Cadiretes et la M\u00e9diterran\u00e9e forment un puzzle aussi vari\u00e9 qu\u2019harmonieux. Fa\u00e7onn\u00e9es par le temps, le climat et l&rsquo;activit\u00e9 humaine, les multiples facettes du paysage invitent \u00e0 une visite attentive\u00a0: des plaines lisses de cultures aux ar\u00eates [&hellip;]\" \/>\n<meta property=\"og:url\" content=\"https:\/\/visitemporda.com\/fr\/emporda\/paisatges-unics\/\" \/>\n<meta property=\"og:site_name\" content=\"Visit Empord\u00e0\" \/>\n<meta property=\"article:publisher\" content=\"https:\/\/www.facebook.com\/baixempordaturisme\" \/>\n<meta property=\"article:modified_time\" content=\"2020-09-04T08:19:08+00:00\" \/>\n<meta property=\"og:image\" content=\"https:\/\/visitemporda.com\/wp-content\/uploads\/2019\/12\/paisatges-unics.jpg\" \/>\n\t<meta property=\"og:image:width\" content=\"1299\" \/>\n\t<meta property=\"og:image:height\" content=\"866\" \/>\n\t<meta property=\"og:image:type\" content=\"image\/jpeg\" \/>\n<meta name=\"twitter:card\" content=\"summary_large_image\" \/>\n<meta name=\"twitter:site\" content=\"@baixemporda_tur\" \/>\n<meta name=\"twitter:label1\" content=\"Dur\u00e9e de lecture estim\u00e9e\" \/>\n\t<meta name=\"twitter:data1\" content=\"2 minutes\" \/>\n<script type=\"application\/ld+json\" class=\"yoast-schema-graph\">{\"@context\":\"https:\\\/\\\/schema.org\",\"@graph\":[{\"@type\":\"WebPage\",\"@id\":\"https:\\\/\\\/visitemporda.com\\\/fr\\\/emporda\\\/paisatges-unics\\\/\",\"url\":\"https:\\\/\\\/visitemporda.com\\\/fr\\\/emporda\\\/paisatges-unics\\\/\",\"name\":\"Des paysages uniques - Visit Empord\u00e0\",\"isPartOf\":{\"@id\":\"https:\\\/\\\/visitemporda.com\\\/fr\\\/#website\"},\"primaryImageOfPage\":{\"@id\":\"https:\\\/\\\/visitemporda.com\\\/fr\\\/emporda\\\/paisatges-unics\\\/#primaryimage\"},\"image\":{\"@id\":\"https:\\\/\\\/visitemporda.com\\\/fr\\\/emporda\\\/paisatges-unics\\\/#primaryimage\"},\"thumbnailUrl\":\"https:\\\/\\\/visitemporda.com\\\/wp-content\\\/uploads\\\/2019\\\/12\\\/paisatges-unics.jpg\",\"datePublished\":\"2019-12-31T07:50:32+00:00\",\"dateModified\":\"2020-09-04T08:19:08+00:00\",\"breadcrumb\":{\"@id\":\"https:\\\/\\\/visitemporda.com\\\/fr\\\/emporda\\\/paisatges-unics\\\/#breadcrumb\"},\"inLanguage\":\"fr-FR\",\"potentialAction\":[{\"@type\":\"ReadAction\",\"target\":[\"https:\\\/\\\/visitemporda.com\\\/fr\\\/emporda\\\/paisatges-unics\\\/\"]}]},{\"@type\":\"ImageObject\",\"inLanguage\":\"fr-FR\",\"@id\":\"https:\\\/\\\/visitemporda.com\\\/fr\\\/emporda\\\/paisatges-unics\\\/#primaryimage\",\"url\":\"https:\\\/\\\/visitemporda.com\\\/wp-content\\\/uploads\\\/2019\\\/12\\\/paisatges-unics.jpg\",\"contentUrl\":\"https:\\\/\\\/visitemporda.com\\\/wp-content\\\/uploads\\\/2019\\\/12\\\/paisatges-unics.jpg\",\"width\":1299,\"height\":866,\"caption\":\"vista des del bosc del Montgr\u00ed\"},{\"@type\":\"BreadcrumbList\",\"@id\":\"https:\\\/\\\/visitemporda.com\\\/fr\\\/emporda\\\/paisatges-unics\\\/#breadcrumb\",\"itemListElement\":[{\"@type\":\"ListItem\",\"position\":1,\"name\":\"Inici\",\"item\":\"https:\\\/\\\/visitemporda.com\\\/fr\\\/\"},{\"@type\":\"ListItem\",\"position\":2,\"name\":\"L&rsquo;Empord\u00e0\",\"item\":\"https:\\\/\\\/visitemporda.com\\\/fr\\\/emporda\\\/\"},{\"@type\":\"ListItem\",\"position\":3,\"name\":\"Des paysages uniques\"}]},{\"@type\":\"WebSite\",\"@id\":\"https:\\\/\\\/visitemporda.com\\\/fr\\\/#website\",\"url\":\"https:\\\/\\\/visitemporda.com\\\/fr\\\/\",\"name\":\"Visit Empord\u00e0\",\"description\":\"Site officiel du tourisme du Baix Empord\u00e0\",\"publisher\":{\"@id\":\"https:\\\/\\\/visitemporda.com\\\/fr\\\/#organization\"},\"potentialAction\":[{\"@type\":\"SearchAction\",\"target\":{\"@type\":\"EntryPoint\",\"urlTemplate\":\"https:\\\/\\\/visitemporda.com\\\/fr\\\/?s={search_term_string}\"},\"query-input\":{\"@type\":\"PropertyValueSpecification\",\"valueRequired\":true,\"valueName\":\"search_term_string\"}}],\"inLanguage\":\"fr-FR\"},{\"@type\":\"Organization\",\"@id\":\"https:\\\/\\\/visitemporda.com\\\/fr\\\/#organization\",\"name\":\"Consell Comarcal del Baix Empord\u00e0\",\"url\":\"https:\\\/\\\/visitemporda.com\\\/fr\\\/\",\"logo\":{\"@type\":\"ImageObject\",\"inLanguage\":\"fr-FR\",\"@id\":\"https:\\\/\\\/visitemporda.com\\\/fr\\\/#\\\/schema\\\/logo\\\/image\\\/\",\"url\":\"https:\\\/\\\/visitemporda.com\\\/wp-content\\\/uploads\\\/2024\\\/11\\\/Logotip_CCBE.png\",\"contentUrl\":\"https:\\\/\\\/visitemporda.com\\\/wp-content\\\/uploads\\\/2024\\\/11\\\/Logotip_CCBE.png\",\"width\":3617,\"height\":3617,\"caption\":\"Consell Comarcal del Baix Empord\u00e0\"},\"image\":{\"@id\":\"https:\\\/\\\/visitemporda.com\\\/fr\\\/#\\\/schema\\\/logo\\\/image\\\/\"},\"sameAs\":[\"https:\\\/\\\/www.facebook.com\\\/baixempordaturisme\",\"https:\\\/\\\/x.com\\\/baixemporda_tur\",\"https:\\\/\\\/www.instagram.com\\\/visitemporda\"]}]}<\/script>\n<!-- \/ Yoast SEO plugin. -->","yoast_head_json":{"title":"Des paysages uniques - Visit Empord\u00e0","robots":{"index":"index","follow":"follow","max-snippet":"max-snippet:-1","max-image-preview":"max-image-preview:large","max-video-preview":"max-video-preview:-1"},"canonical":"https:\/\/visitemporda.com\/fr\/emporda\/paisatges-unics\/","og_locale":"fr_FR","og_type":"article","og_title":"Des paysages uniques - Visit Empord\u00e0","og_description":"Une seule image ne suffirait pas \u00e0 r\u00e9sumer le Baix Empord\u00e0. Les territoires compris entre le Montgr\u00ed, les Gavarres, l\u2019Ardenya-Cadiretes et la M\u00e9diterran\u00e9e forment un puzzle aussi vari\u00e9 qu\u2019harmonieux. Fa\u00e7onn\u00e9es par le temps, le climat et l&rsquo;activit\u00e9 humaine, les multiples facettes du paysage invitent \u00e0 une visite attentive\u00a0: des plaines lisses de cultures aux ar\u00eates [&hellip;]","og_url":"https:\/\/visitemporda.com\/fr\/emporda\/paisatges-unics\/","og_site_name":"Visit Empord\u00e0","article_publisher":"https:\/\/www.facebook.com\/baixempordaturisme","article_modified_time":"2020-09-04T08:19:08+00:00","og_image":[{"width":1299,"height":866,"url":"https:\/\/visitemporda.com\/wp-content\/uploads\/2019\/12\/paisatges-unics.jpg","type":"image\/jpeg"}],"twitter_card":"summary_large_image","twitter_site":"@baixemporda_tur","twitter_misc":{"Dur\u00e9e de lecture estim\u00e9e":"2 minutes"},"schema":{"@context":"https:\/\/schema.org","@graph":[{"@type":"WebPage","@id":"https:\/\/visitemporda.com\/fr\/emporda\/paisatges-unics\/","url":"https:\/\/visitemporda.com\/fr\/emporda\/paisatges-unics\/","name":"Des paysages uniques - Visit Empord\u00e0","isPartOf":{"@id":"https:\/\/visitemporda.com\/fr\/#website"},"primaryImageOfPage":{"@id":"https:\/\/visitemporda.com\/fr\/emporda\/paisatges-unics\/#primaryimage"},"image":{"@id":"https:\/\/visitemporda.com\/fr\/emporda\/paisatges-unics\/#primaryimage"},"thumbnailUrl":"https:\/\/visitemporda.com\/wp-content\/uploads\/2019\/12\/paisatges-unics.jpg","datePublished":"2019-12-31T07:50:32+00:00","dateModified":"2020-09-04T08:19:08+00:00","breadcrumb":{"@id":"https:\/\/visitemporda.com\/fr\/emporda\/paisatges-unics\/#breadcrumb"},"inLanguage":"fr-FR","potentialAction":[{"@type":"ReadAction","target":["https:\/\/visitemporda.com\/fr\/emporda\/paisatges-unics\/"]}]},{"@type":"ImageObject","inLanguage":"fr-FR","@id":"https:\/\/visitemporda.com\/fr\/emporda\/paisatges-unics\/#primaryimage","url":"https:\/\/visitemporda.com\/wp-content\/uploads\/2019\/12\/paisatges-unics.jpg","contentUrl":"https:\/\/visitemporda.com\/wp-content\/uploads\/2019\/12\/paisatges-unics.jpg","width":1299,"height":866,"caption":"vista des del bosc del Montgr\u00ed"},{"@type":"BreadcrumbList","@id":"https:\/\/visitemporda.com\/fr\/emporda\/paisatges-unics\/#breadcrumb","itemListElement":[{"@type":"ListItem","position":1,"name":"Inici","item":"https:\/\/visitemporda.com\/fr\/"},{"@type":"ListItem","position":2,"name":"L&rsquo;Empord\u00e0","item":"https:\/\/visitemporda.com\/fr\/emporda\/"},{"@type":"ListItem","position":3,"name":"Des paysages uniques"}]},{"@type":"WebSite","@id":"https:\/\/visitemporda.com\/fr\/#website","url":"https:\/\/visitemporda.com\/fr\/","name":"Visit Empord\u00e0","description":"Site officiel du tourisme du Baix Empord\u00e0","publisher":{"@id":"https:\/\/visitemporda.com\/fr\/#organization"},"potentialAction":[{"@type":"SearchAction","target":{"@type":"EntryPoint","urlTemplate":"https:\/\/visitemporda.com\/fr\/?s={search_term_string}"},"query-input":{"@type":"PropertyValueSpecification","valueRequired":true,"valueName":"search_term_string"}}],"inLanguage":"fr-FR"},{"@type":"Organization","@id":"https:\/\/visitemporda.com\/fr\/#organization","name":"Consell Comarcal del Baix Empord\u00e0","url":"https:\/\/visitemporda.com\/fr\/","logo":{"@type":"ImageObject","inLanguage":"fr-FR","@id":"https:\/\/visitemporda.com\/fr\/#\/schema\/logo\/image\/","url":"https:\/\/visitemporda.com\/wp-content\/uploads\/2024\/11\/Logotip_CCBE.png","contentUrl":"https:\/\/visitemporda.com\/wp-content\/uploads\/2024\/11\/Logotip_CCBE.png","width":3617,"height":3617,"caption":"Consell Comarcal del Baix Empord\u00e0"},"image":{"@id":"https:\/\/visitemporda.com\/fr\/#\/schema\/logo\/image\/"},"sameAs":["https:\/\/www.facebook.com\/baixempordaturisme","https:\/\/x.com\/baixemporda_tur","https:\/\/www.instagram.com\/visitemporda"]}]}},"_links":{"self":[{"href":"https:\/\/visitemporda.com\/fr\/wp-json\/wp\/v2\/pages\/19528","targetHints":{"allow":["GET"]}}],"collection":[{"href":"https:\/\/visitemporda.com\/fr\/wp-json\/wp\/v2\/pages"}],"about":[{"href":"https:\/\/visitemporda.com\/fr\/wp-json\/wp\/v2\/types\/page"}],"author":[{"embeddable":true,"href":"https:\/\/visitemporda.com\/fr\/wp-json\/wp\/v2\/users\/2"}],"replies":[{"embeddable":true,"href":"https:\/\/visitemporda.com\/fr\/wp-json\/wp\/v2\/comments?post=19528"}],"version-history":[{"count":2,"href":"https:\/\/visitemporda.com\/fr\/wp-json\/wp\/v2\/pages\/19528\/revisions"}],"predecessor-version":[{"id":19530,"href":"https:\/\/visitemporda.com\/fr\/wp-json\/wp\/v2\/pages\/19528\/revisions\/19530"}],"up":[{"embeddable":true,"href":"https:\/\/visitemporda.com\/fr\/wp-json\/wp\/v2\/pages\/19484"}],"wp:featuredmedia":[{"embeddable":true,"href":"https:\/\/visitemporda.com\/fr\/wp-json\/wp\/v2\/media\/13721"}],"wp:attachment":[{"href":"https:\/\/visitemporda.com\/fr\/wp-json\/wp\/v2\/media?parent=19528"}],"curies":[{"name":"wp","href":"https:\/\/api.w.org\/{rel}","templated":true}]}}