

{"id":19515,"date":"2019-12-31T09:10:01","date_gmt":"2019-12-31T08:10:01","guid":{"rendered":"http:\/\/visitemporda.com\/recomenacions\/mal-temps\/nuvols\/"},"modified":"2021-08-02T10:46:05","modified_gmt":"2021-08-02T08:46:05","slug":"nuvols","status":"publish","type":"page","link":"https:\/\/visitemporda.com\/fr\/recomenacions\/mal-temps\/nuvols\/","title":{"rendered":"Nuages"},"content":{"rendered":"<p>Bien que le Baix Empord\u00e0 soit un canton ensoleill\u00e9 toute l&rsquo;ann\u00e9e, il n&rsquo;est pas impossible que quelques nuages s\u2019y invitent de temps en temps sans pour autant g\u00eaner. Les jours de grandes chaleurs, c&rsquo;est l&rsquo;occasion r\u00eav\u00e9e de respirer un peu et de s&rsquo;adonner \u00e0 de courtes activit\u00e9s touristiques actives.\u00a0 Il est alors possible de se livrer \u00e0 des activit\u00e9s aquatiques dans la mer calme.<\/p>\n<p>Cela dit, par temps nuageux, il est \u00e9galement possible de :<\/p>\n<p>-Visiter des \u00e9tablissements culturels comme des mus\u00e9es, des monast\u00e8res, des ch\u00e2teaux ou des \u00e9glises. Certains de ces lieux ont un horaire d\u2019ouverture r\u00e9gulier. Dans d\u2019autres cas, il vaut mieux demander les heures de visite.<\/p>\n<p>-Traverser les villages situ\u00e9s dans les terres en suivant les rues locales. Diff\u00e9rentes routes en voiture vous permettront de d\u00e9couvrir des itin\u00e9raires du canton. Sans s&rsquo;arr\u00eater mais sans perdre aucun d\u00e9tail.<\/p>\n<p>-Vivre des exp\u00e9riences gr\u00e2ce \u00e0 des entreprises locales. Participer \u00e0 des ateliers de c\u00e9ramique, visiter un moulin \u00e0 riz ou contempler un champ de pommiers sont des exp\u00e9riences dont vous pouvez profiter tranquillement y compris \u00e0 l&rsquo;air libre.<\/p>\n<p>-Acheter un produit local. De nombreux \u00e9tablissements du canton proposent un \u00e9ventail de produits locaux, \u00e9labor\u00e9s de mani\u00e8re artisanale selon la tradition ampourdanaise. D\u00e9couvrez-les sans tarder ! Leurs propri\u00e9taires vous accueilleront \u00e0 bras ouverts.<\/p>\n<p>-Se r\u00e9galer avec la gastronomie locale Des \u00e9tablissements tels que <em>l\u2019Aula gastron\u00f2mica<\/em> (l\u2019Atelier gastronomique) ou <em>l\u2019Espai del peix<\/em> (l&rsquo;Espace du poisson) proposent une kyrielle d&rsquo;activit\u00e9s. Prenez quelques heures pour vous attabler \u00e0 un restaurant et vous d\u00e9lecter de la gastronomie. Vos papilles en redemanderont\u00a0!<\/p>\n<p>-Prendre un caf\u00e9 en bonne compagnie en admirant la vue. L\u2019emplacement privil\u00e9gi\u00e9 des nombreux caf\u00e9s et restaurants vous permettra de contempler le paysage, les yeux d\u00e9tendus. Vous vous sentirez alors bien accueillis comme si vous \u00e9tiez chez vous !<\/p>\n","protected":false},"excerpt":{"rendered":"<p>Bien que le Baix Empord\u00e0 soit un canton ensoleill\u00e9 toute l&rsquo;ann\u00e9e, il n&rsquo;est pas impossible que quelques nuages s\u2019y invitent de temps en temps sans pour autant g\u00eaner. Les jours de grandes chaleurs, c&rsquo;est l&rsquo;occasion r\u00eav\u00e9e de respirer un peu et de s&rsquo;adonner \u00e0 de courtes activit\u00e9s touristiques actives.\u00a0 Il est alors possible de se [&hellip;]<\/p>\n","protected":false},"author":2,"featured_media":13686,"parent":19511,"menu_order":0,"comment_status":"closed","ping_status":"closed","template":"page-templates\/fitxa-campanyes-gastronomiques.php","meta":{"_acf_changed":false,"footnotes":""},"class_list":["post-19515","page","type-page","status-publish","has-post-thumbnail","hentry"],"acf":[],"yoast_head":"<!-- This site is optimized with the Yoast SEO plugin v27.4 - https:\/\/yoast.com\/product\/yoast-seo-wordpress\/ -->\n<title>Nuages - Visit Empord\u00e0<\/title>\n<meta name=\"robots\" content=\"index, follow, max-snippet:-1, max-image-preview:large, max-video-preview:-1\" \/>\n<link rel=\"canonical\" href=\"https:\/\/visitemporda.com\/fr\/recomenacions\/mal-temps\/nuvols\/\" \/>\n<meta property=\"og:locale\" content=\"fr_FR\" \/>\n<meta property=\"og:type\" content=\"article\" \/>\n<meta property=\"og:title\" content=\"Nuages - Visit Empord\u00e0\" \/>\n<meta property=\"og:description\" content=\"Bien que le Baix Empord\u00e0 soit un canton ensoleill\u00e9 toute l&rsquo;ann\u00e9e, il n&rsquo;est pas impossible que quelques nuages s\u2019y invitent de temps en temps sans pour autant g\u00eaner. Les jours de grandes chaleurs, c&rsquo;est l&rsquo;occasion r\u00eav\u00e9e de respirer un peu et de s&rsquo;adonner \u00e0 de courtes activit\u00e9s touristiques actives.\u00a0 Il est alors possible de se [&hellip;]\" \/>\n<meta property=\"og:url\" content=\"https:\/\/visitemporda.com\/fr\/recomenacions\/mal-temps\/nuvols\/\" \/>\n<meta property=\"og:site_name\" content=\"Visit Empord\u00e0\" \/>\n<meta property=\"article:publisher\" content=\"https:\/\/www.facebook.com\/baixempordaturisme\" \/>\n<meta property=\"article:modified_time\" content=\"2021-08-02T08:46:05+00:00\" \/>\n<meta property=\"og:image\" content=\"https:\/\/visitemporda.com\/wp-content\/uploads\/2019\/12\/IMG_9030-1024x768.jpg\" \/>\n\t<meta property=\"og:image:width\" content=\"1024\" \/>\n\t<meta property=\"og:image:height\" content=\"768\" \/>\n\t<meta property=\"og:image:type\" content=\"image\/jpeg\" \/>\n<meta name=\"twitter:card\" content=\"summary_large_image\" \/>\n<meta name=\"twitter:site\" content=\"@baixemporda_tur\" \/>\n<meta name=\"twitter:label1\" content=\"Dur\u00e9e de lecture estim\u00e9e\" \/>\n\t<meta name=\"twitter:data1\" content=\"2 minutes\" \/>\n<script type=\"application\/ld+json\" class=\"yoast-schema-graph\">{\"@context\":\"https:\\\/\\\/schema.org\",\"@graph\":[{\"@type\":\"WebPage\",\"@id\":\"https:\\\/\\\/visitemporda.com\\\/fr\\\/recomenacions\\\/mal-temps\\\/nuvols\\\/\",\"url\":\"https:\\\/\\\/visitemporda.com\\\/fr\\\/recomenacions\\\/mal-temps\\\/nuvols\\\/\",\"name\":\"Nuages - Visit Empord\u00e0\",\"isPartOf\":{\"@id\":\"https:\\\/\\\/visitemporda.com\\\/fr\\\/#website\"},\"primaryImageOfPage\":{\"@id\":\"https:\\\/\\\/visitemporda.com\\\/fr\\\/recomenacions\\\/mal-temps\\\/nuvols\\\/#primaryimage\"},\"image\":{\"@id\":\"https:\\\/\\\/visitemporda.com\\\/fr\\\/recomenacions\\\/mal-temps\\\/nuvols\\\/#primaryimage\"},\"thumbnailUrl\":\"https:\\\/\\\/visitemporda.com\\\/wp-content\\\/uploads\\\/2019\\\/12\\\/IMG_9030.jpg\",\"datePublished\":\"2019-12-31T08:10:01+00:00\",\"dateModified\":\"2021-08-02T08:46:05+00:00\",\"breadcrumb\":{\"@id\":\"https:\\\/\\\/visitemporda.com\\\/fr\\\/recomenacions\\\/mal-temps\\\/nuvols\\\/#breadcrumb\"},\"inLanguage\":\"fr-FR\",\"potentialAction\":[{\"@type\":\"ReadAction\",\"target\":[\"https:\\\/\\\/visitemporda.com\\\/fr\\\/recomenacions\\\/mal-temps\\\/nuvols\\\/\"]}]},{\"@type\":\"ImageObject\",\"inLanguage\":\"fr-FR\",\"@id\":\"https:\\\/\\\/visitemporda.com\\\/fr\\\/recomenacions\\\/mal-temps\\\/nuvols\\\/#primaryimage\",\"url\":\"https:\\\/\\\/visitemporda.com\\\/wp-content\\\/uploads\\\/2019\\\/12\\\/IMG_9030.jpg\",\"contentUrl\":\"https:\\\/\\\/visitemporda.com\\\/wp-content\\\/uploads\\\/2019\\\/12\\\/IMG_9030.jpg\",\"width\":3264,\"height\":2448,\"caption\":\"poblat ib\u00e8ric d'Ullastret\"},{\"@type\":\"BreadcrumbList\",\"@id\":\"https:\\\/\\\/visitemporda.com\\\/fr\\\/recomenacions\\\/mal-temps\\\/nuvols\\\/#breadcrumb\",\"itemListElement\":[{\"@type\":\"ListItem\",\"position\":1,\"name\":\"Inici\",\"item\":\"https:\\\/\\\/visitemporda.com\\\/fr\\\/\"},{\"@type\":\"ListItem\",\"position\":2,\"name\":\"Recommandations\",\"item\":\"https:\\\/\\\/visitemporda.com\\\/fr\\\/recomenacions\\\/\"},{\"@type\":\"ListItem\",\"position\":3,\"name\":\"Mauvais temps\",\"item\":\"https:\\\/\\\/visitemporda.com\\\/fr\\\/recomenacions\\\/mal-temps\\\/\"},{\"@type\":\"ListItem\",\"position\":4,\"name\":\"Nuages\"}]},{\"@type\":\"WebSite\",\"@id\":\"https:\\\/\\\/visitemporda.com\\\/fr\\\/#website\",\"url\":\"https:\\\/\\\/visitemporda.com\\\/fr\\\/\",\"name\":\"Visit Empord\u00e0\",\"description\":\"Site officiel du tourisme du Baix Empord\u00e0\",\"publisher\":{\"@id\":\"https:\\\/\\\/visitemporda.com\\\/fr\\\/#organization\"},\"potentialAction\":[{\"@type\":\"SearchAction\",\"target\":{\"@type\":\"EntryPoint\",\"urlTemplate\":\"https:\\\/\\\/visitemporda.com\\\/fr\\\/?s={search_term_string}\"},\"query-input\":{\"@type\":\"PropertyValueSpecification\",\"valueRequired\":true,\"valueName\":\"search_term_string\"}}],\"inLanguage\":\"fr-FR\"},{\"@type\":\"Organization\",\"@id\":\"https:\\\/\\\/visitemporda.com\\\/fr\\\/#organization\",\"name\":\"Consell Comarcal del Baix Empord\u00e0\",\"url\":\"https:\\\/\\\/visitemporda.com\\\/fr\\\/\",\"logo\":{\"@type\":\"ImageObject\",\"inLanguage\":\"fr-FR\",\"@id\":\"https:\\\/\\\/visitemporda.com\\\/fr\\\/#\\\/schema\\\/logo\\\/image\\\/\",\"url\":\"https:\\\/\\\/visitemporda.com\\\/wp-content\\\/uploads\\\/2024\\\/11\\\/Logotip_CCBE.png\",\"contentUrl\":\"https:\\\/\\\/visitemporda.com\\\/wp-content\\\/uploads\\\/2024\\\/11\\\/Logotip_CCBE.png\",\"width\":3617,\"height\":3617,\"caption\":\"Consell Comarcal del Baix Empord\u00e0\"},\"image\":{\"@id\":\"https:\\\/\\\/visitemporda.com\\\/fr\\\/#\\\/schema\\\/logo\\\/image\\\/\"},\"sameAs\":[\"https:\\\/\\\/www.facebook.com\\\/baixempordaturisme\",\"https:\\\/\\\/x.com\\\/baixemporda_tur\",\"https:\\\/\\\/www.instagram.com\\\/visitemporda\"]}]}<\/script>\n<!-- \/ Yoast SEO plugin. -->","yoast_head_json":{"title":"Nuages - Visit Empord\u00e0","robots":{"index":"index","follow":"follow","max-snippet":"max-snippet:-1","max-image-preview":"max-image-preview:large","max-video-preview":"max-video-preview:-1"},"canonical":"https:\/\/visitemporda.com\/fr\/recomenacions\/mal-temps\/nuvols\/","og_locale":"fr_FR","og_type":"article","og_title":"Nuages - Visit Empord\u00e0","og_description":"Bien que le Baix Empord\u00e0 soit un canton ensoleill\u00e9 toute l&rsquo;ann\u00e9e, il n&rsquo;est pas impossible que quelques nuages s\u2019y invitent de temps en temps sans pour autant g\u00eaner. Les jours de grandes chaleurs, c&rsquo;est l&rsquo;occasion r\u00eav\u00e9e de respirer un peu et de s&rsquo;adonner \u00e0 de courtes activit\u00e9s touristiques actives.\u00a0 Il est alors possible de se [&hellip;]","og_url":"https:\/\/visitemporda.com\/fr\/recomenacions\/mal-temps\/nuvols\/","og_site_name":"Visit Empord\u00e0","article_publisher":"https:\/\/www.facebook.com\/baixempordaturisme","article_modified_time":"2021-08-02T08:46:05+00:00","og_image":[{"width":1024,"height":768,"url":"https:\/\/visitemporda.com\/wp-content\/uploads\/2019\/12\/IMG_9030-1024x768.jpg","type":"image\/jpeg"}],"twitter_card":"summary_large_image","twitter_site":"@baixemporda_tur","twitter_misc":{"Dur\u00e9e de lecture estim\u00e9e":"2 minutes"},"schema":{"@context":"https:\/\/schema.org","@graph":[{"@type":"WebPage","@id":"https:\/\/visitemporda.com\/fr\/recomenacions\/mal-temps\/nuvols\/","url":"https:\/\/visitemporda.com\/fr\/recomenacions\/mal-temps\/nuvols\/","name":"Nuages - Visit Empord\u00e0","isPartOf":{"@id":"https:\/\/visitemporda.com\/fr\/#website"},"primaryImageOfPage":{"@id":"https:\/\/visitemporda.com\/fr\/recomenacions\/mal-temps\/nuvols\/#primaryimage"},"image":{"@id":"https:\/\/visitemporda.com\/fr\/recomenacions\/mal-temps\/nuvols\/#primaryimage"},"thumbnailUrl":"https:\/\/visitemporda.com\/wp-content\/uploads\/2019\/12\/IMG_9030.jpg","datePublished":"2019-12-31T08:10:01+00:00","dateModified":"2021-08-02T08:46:05+00:00","breadcrumb":{"@id":"https:\/\/visitemporda.com\/fr\/recomenacions\/mal-temps\/nuvols\/#breadcrumb"},"inLanguage":"fr-FR","potentialAction":[{"@type":"ReadAction","target":["https:\/\/visitemporda.com\/fr\/recomenacions\/mal-temps\/nuvols\/"]}]},{"@type":"ImageObject","inLanguage":"fr-FR","@id":"https:\/\/visitemporda.com\/fr\/recomenacions\/mal-temps\/nuvols\/#primaryimage","url":"https:\/\/visitemporda.com\/wp-content\/uploads\/2019\/12\/IMG_9030.jpg","contentUrl":"https:\/\/visitemporda.com\/wp-content\/uploads\/2019\/12\/IMG_9030.jpg","width":3264,"height":2448,"caption":"poblat ib\u00e8ric d'Ullastret"},{"@type":"BreadcrumbList","@id":"https:\/\/visitemporda.com\/fr\/recomenacions\/mal-temps\/nuvols\/#breadcrumb","itemListElement":[{"@type":"ListItem","position":1,"name":"Inici","item":"https:\/\/visitemporda.com\/fr\/"},{"@type":"ListItem","position":2,"name":"Recommandations","item":"https:\/\/visitemporda.com\/fr\/recomenacions\/"},{"@type":"ListItem","position":3,"name":"Mauvais temps","item":"https:\/\/visitemporda.com\/fr\/recomenacions\/mal-temps\/"},{"@type":"ListItem","position":4,"name":"Nuages"}]},{"@type":"WebSite","@id":"https:\/\/visitemporda.com\/fr\/#website","url":"https:\/\/visitemporda.com\/fr\/","name":"Visit Empord\u00e0","description":"Site officiel du tourisme du Baix Empord\u00e0","publisher":{"@id":"https:\/\/visitemporda.com\/fr\/#organization"},"potentialAction":[{"@type":"SearchAction","target":{"@type":"EntryPoint","urlTemplate":"https:\/\/visitemporda.com\/fr\/?s={search_term_string}"},"query-input":{"@type":"PropertyValueSpecification","valueRequired":true,"valueName":"search_term_string"}}],"inLanguage":"fr-FR"},{"@type":"Organization","@id":"https:\/\/visitemporda.com\/fr\/#organization","name":"Consell Comarcal del Baix Empord\u00e0","url":"https:\/\/visitemporda.com\/fr\/","logo":{"@type":"ImageObject","inLanguage":"fr-FR","@id":"https:\/\/visitemporda.com\/fr\/#\/schema\/logo\/image\/","url":"https:\/\/visitemporda.com\/wp-content\/uploads\/2024\/11\/Logotip_CCBE.png","contentUrl":"https:\/\/visitemporda.com\/wp-content\/uploads\/2024\/11\/Logotip_CCBE.png","width":3617,"height":3617,"caption":"Consell Comarcal del Baix Empord\u00e0"},"image":{"@id":"https:\/\/visitemporda.com\/fr\/#\/schema\/logo\/image\/"},"sameAs":["https:\/\/www.facebook.com\/baixempordaturisme","https:\/\/x.com\/baixemporda_tur","https:\/\/www.instagram.com\/visitemporda"]}]}},"_links":{"self":[{"href":"https:\/\/visitemporda.com\/fr\/wp-json\/wp\/v2\/pages\/19515","targetHints":{"allow":["GET"]}}],"collection":[{"href":"https:\/\/visitemporda.com\/fr\/wp-json\/wp\/v2\/pages"}],"about":[{"href":"https:\/\/visitemporda.com\/fr\/wp-json\/wp\/v2\/types\/page"}],"author":[{"embeddable":true,"href":"https:\/\/visitemporda.com\/fr\/wp-json\/wp\/v2\/users\/2"}],"replies":[{"embeddable":true,"href":"https:\/\/visitemporda.com\/fr\/wp-json\/wp\/v2\/comments?post=19515"}],"version-history":[{"count":6,"href":"https:\/\/visitemporda.com\/fr\/wp-json\/wp\/v2\/pages\/19515\/revisions"}],"predecessor-version":[{"id":34938,"href":"https:\/\/visitemporda.com\/fr\/wp-json\/wp\/v2\/pages\/19515\/revisions\/34938"}],"up":[{"embeddable":true,"href":"https:\/\/visitemporda.com\/fr\/wp-json\/wp\/v2\/pages\/19511"}],"wp:featuredmedia":[{"embeddable":true,"href":"https:\/\/visitemporda.com\/fr\/wp-json\/wp\/v2\/media\/13686"}],"wp:attachment":[{"href":"https:\/\/visitemporda.com\/fr\/wp-json\/wp\/v2\/media?parent=19515"}],"curies":[{"name":"wp","href":"https:\/\/api.w.org\/{rel}","templated":true}]}}