

{"id":38130,"date":"2022-06-08T08:22:05","date_gmt":"2022-06-08T06:22:05","guid":{"rendered":"http:\/\/visitemporda.com\/?page_id=38130"},"modified":"2022-06-08T08:22:05","modified_gmt":"2022-06-08T06:22:05","slug":"baix-emporda-turismo-responsable","status":"publish","type":"page","link":"https:\/\/visitemporda.com\/es\/professionals\/empreses\/projectes-de-la-destinacio\/baix-emporda-turismo-responsable\/","title":{"rendered":"Baix Empord\u00e0 Turismo Responsable"},"content":{"rendered":"<p>\u00bfQuieres disfrutar del Baix Empord\u00e0 m\u00e1s aut\u00e9ntico? <strong>\u00a1Hazlo de manera responsable!<\/strong> A continuaci\u00f3n te facilitamos una gu\u00eda con una serie de buenas pr\u00e1cticas para disfrutar del destino de manera sostenible, con respeto por nuestra gente, nuestro patrimonio y nuestro entorno natural. \u00a1S\u00e9 bienvenido\/a al Baix Empord\u00e0!<\/p>\n<p>ES. En el Baix Empord\u00e0 apostamos por un Turismo Responsable. Guia de Buenas Pr\u00e1cticas.<\/p>\n","protected":false},"excerpt":{"rendered":"<p>\u00bfQuieres disfrutar del Baix Empord\u00e0 m\u00e1s aut\u00e9ntico? \u00a1Hazlo de manera responsable! A continuaci\u00f3n te facilitamos una gu\u00eda con una serie de buenas pr\u00e1cticas para disfrutar del destino de manera sostenible, con respeto por nuestra gente, nuestro patrimonio y nuestro entorno natural. \u00a1S\u00e9 bienvenido\/a al Baix Empord\u00e0! ES. En el Baix Empord\u00e0 apostamos por un Turismo [&hellip;]<\/p>\n","protected":false},"author":2,"featured_media":38122,"parent":30001,"menu_order":0,"comment_status":"closed","ping_status":"closed","template":"page-templates\/fitxa-campanyes-gastronomiques.php","meta":{"_acf_changed":false,"footnotes":""},"class_list":["post-38130","page","type-page","status-publish","has-post-thumbnail","hentry"],"acf":[],"yoast_head":"<!-- This site is optimized with the Yoast SEO plugin v27.4 - https:\/\/yoast.com\/product\/yoast-seo-wordpress\/ -->\n<title>Baix Empord\u00e0 Turismo Responsable - Visit Empord\u00e0<\/title>\n<meta name=\"robots\" content=\"index, follow, max-snippet:-1, max-image-preview:large, max-video-preview:-1\" \/>\n<link rel=\"canonical\" href=\"https:\/\/visitemporda.com\/es\/professionals\/empreses\/projectes-de-la-destinacio\/baix-emporda-turismo-responsable\/\" \/>\n<meta property=\"og:locale\" content=\"es_ES\" \/>\n<meta property=\"og:type\" content=\"article\" \/>\n<meta property=\"og:title\" content=\"Baix Empord\u00e0 Turismo Responsable - Visit Empord\u00e0\" \/>\n<meta property=\"og:description\" content=\"\u00bfQuieres disfrutar del Baix Empord\u00e0 m\u00e1s aut\u00e9ntico? \u00a1Hazlo de manera responsable! A continuaci\u00f3n te facilitamos una gu\u00eda con una serie de buenas pr\u00e1cticas para disfrutar del destino de manera sostenible, con respeto por nuestra gente, nuestro patrimonio y nuestro entorno natural. \u00a1S\u00e9 bienvenido\/a al Baix Empord\u00e0! ES. En el Baix Empord\u00e0 apostamos por un Turismo [&hellip;]\" \/>\n<meta property=\"og:url\" content=\"https:\/\/visitemporda.com\/es\/professionals\/empreses\/projectes-de-la-destinacio\/baix-emporda-turismo-responsable\/\" \/>\n<meta property=\"og:site_name\" content=\"Visit Empord\u00e0\" \/>\n<meta property=\"article:publisher\" content=\"https:\/\/www.facebook.com\/baixempordaturisme\" \/>\n<meta property=\"og:image\" content=\"https:\/\/visitemporda.com\/wp-content\/uploads\/2022\/06\/foto-web3.jpg\" \/>\n\t<meta property=\"og:image:width\" content=\"736\" \/>\n\t<meta property=\"og:image:height\" content=\"395\" \/>\n\t<meta property=\"og:image:type\" content=\"image\/jpeg\" \/>\n<meta name=\"twitter:card\" content=\"summary_large_image\" \/>\n<meta name=\"twitter:site\" content=\"@baixemporda_tur\" \/>\n<script type=\"application\/ld+json\" class=\"yoast-schema-graph\">{\"@context\":\"https:\\\/\\\/schema.org\",\"@graph\":[{\"@type\":\"WebPage\",\"@id\":\"https:\\\/\\\/visitemporda.com\\\/es\\\/professionals\\\/empreses\\\/projectes-de-la-destinacio\\\/baix-emporda-turismo-responsable\\\/\",\"url\":\"https:\\\/\\\/visitemporda.com\\\/es\\\/professionals\\\/empreses\\\/projectes-de-la-destinacio\\\/baix-emporda-turismo-responsable\\\/\",\"name\":\"Baix Empord\u00e0 Turismo Responsable - Visit Empord\u00e0\",\"isPartOf\":{\"@id\":\"https:\\\/\\\/visitemporda.com\\\/es\\\/#website\"},\"primaryImageOfPage\":{\"@id\":\"https:\\\/\\\/visitemporda.com\\\/es\\\/professionals\\\/empreses\\\/projectes-de-la-destinacio\\\/baix-emporda-turismo-responsable\\\/#primaryimage\"},\"image\":{\"@id\":\"https:\\\/\\\/visitemporda.com\\\/es\\\/professionals\\\/empreses\\\/projectes-de-la-destinacio\\\/baix-emporda-turismo-responsable\\\/#primaryimage\"},\"thumbnailUrl\":\"https:\\\/\\\/visitemporda.com\\\/wp-content\\\/uploads\\\/2022\\\/06\\\/foto-web3.jpg\",\"datePublished\":\"2022-06-08T06:22:05+00:00\",\"breadcrumb\":{\"@id\":\"https:\\\/\\\/visitemporda.com\\\/es\\\/professionals\\\/empreses\\\/projectes-de-la-destinacio\\\/baix-emporda-turismo-responsable\\\/#breadcrumb\"},\"inLanguage\":\"es\",\"potentialAction\":[{\"@type\":\"ReadAction\",\"target\":[\"https:\\\/\\\/visitemporda.com\\\/es\\\/professionals\\\/empreses\\\/projectes-de-la-destinacio\\\/baix-emporda-turismo-responsable\\\/\"]}]},{\"@type\":\"ImageObject\",\"inLanguage\":\"es\",\"@id\":\"https:\\\/\\\/visitemporda.com\\\/es\\\/professionals\\\/empreses\\\/projectes-de-la-destinacio\\\/baix-emporda-turismo-responsable\\\/#primaryimage\",\"url\":\"https:\\\/\\\/visitemporda.com\\\/wp-content\\\/uploads\\\/2022\\\/06\\\/foto-web3.jpg\",\"contentUrl\":\"https:\\\/\\\/visitemporda.com\\\/wp-content\\\/uploads\\\/2022\\\/06\\\/foto-web3.jpg\",\"width\":736,\"height\":395,\"caption\":\"Cartell Baix Empord\u00e0 apostem per un turisme responsable\"},{\"@type\":\"BreadcrumbList\",\"@id\":\"https:\\\/\\\/visitemporda.com\\\/es\\\/professionals\\\/empreses\\\/projectes-de-la-destinacio\\\/baix-emporda-turismo-responsable\\\/#breadcrumb\",\"itemListElement\":[{\"@type\":\"ListItem\",\"position\":1,\"name\":\"Inici\",\"item\":\"https:\\\/\\\/visitemporda.com\\\/es\\\/\"},{\"@type\":\"ListItem\",\"position\":2,\"name\":\"Profesionales\",\"item\":\"https:\\\/\\\/visitemporda.com\\\/es\\\/professionals\\\/\"},{\"@type\":\"ListItem\",\"position\":3,\"name\":\"Empresas tur\u00edsticas\",\"item\":\"https:\\\/\\\/visitemporda.com\\\/es\\\/professionals\\\/empreses\\\/\"},{\"@type\":\"ListItem\",\"position\":4,\"name\":\"Proyectos del destino\",\"item\":\"https:\\\/\\\/visitemporda.com\\\/es\\\/professionals\\\/empreses\\\/projectes-de-la-destinacio\\\/\"},{\"@type\":\"ListItem\",\"position\":5,\"name\":\"Baix Empord\u00e0 Turismo Responsable\"}]},{\"@type\":\"WebSite\",\"@id\":\"https:\\\/\\\/visitemporda.com\\\/es\\\/#website\",\"url\":\"https:\\\/\\\/visitemporda.com\\\/es\\\/\",\"name\":\"Visit Empord\u00e0\",\"description\":\"Web tur\u00edstica oficial del Baix Empord\u00e0\",\"publisher\":{\"@id\":\"https:\\\/\\\/visitemporda.com\\\/es\\\/#organization\"},\"potentialAction\":[{\"@type\":\"SearchAction\",\"target\":{\"@type\":\"EntryPoint\",\"urlTemplate\":\"https:\\\/\\\/visitemporda.com\\\/es\\\/?s={search_term_string}\"},\"query-input\":{\"@type\":\"PropertyValueSpecification\",\"valueRequired\":true,\"valueName\":\"search_term_string\"}}],\"inLanguage\":\"es\"},{\"@type\":\"Organization\",\"@id\":\"https:\\\/\\\/visitemporda.com\\\/es\\\/#organization\",\"name\":\"Consell Comarcal del Baix Empord\u00e0\",\"url\":\"https:\\\/\\\/visitemporda.com\\\/es\\\/\",\"logo\":{\"@type\":\"ImageObject\",\"inLanguage\":\"es\",\"@id\":\"https:\\\/\\\/visitemporda.com\\\/es\\\/#\\\/schema\\\/logo\\\/image\\\/\",\"url\":\"https:\\\/\\\/visitemporda.com\\\/wp-content\\\/uploads\\\/2024\\\/11\\\/Logotip_CCBE.png\",\"contentUrl\":\"https:\\\/\\\/visitemporda.com\\\/wp-content\\\/uploads\\\/2024\\\/11\\\/Logotip_CCBE.png\",\"width\":3617,\"height\":3617,\"caption\":\"Consell Comarcal del Baix Empord\u00e0\"},\"image\":{\"@id\":\"https:\\\/\\\/visitemporda.com\\\/es\\\/#\\\/schema\\\/logo\\\/image\\\/\"},\"sameAs\":[\"https:\\\/\\\/www.facebook.com\\\/baixempordaturisme\",\"https:\\\/\\\/x.com\\\/baixemporda_tur\",\"https:\\\/\\\/www.instagram.com\\\/visitemporda\"]}]}<\/script>\n<!-- \/ Yoast SEO plugin. -->","yoast_head_json":{"title":"Baix Empord\u00e0 Turismo Responsable - Visit Empord\u00e0","robots":{"index":"index","follow":"follow","max-snippet":"max-snippet:-1","max-image-preview":"max-image-preview:large","max-video-preview":"max-video-preview:-1"},"canonical":"https:\/\/visitemporda.com\/es\/professionals\/empreses\/projectes-de-la-destinacio\/baix-emporda-turismo-responsable\/","og_locale":"es_ES","og_type":"article","og_title":"Baix Empord\u00e0 Turismo Responsable - Visit Empord\u00e0","og_description":"\u00bfQuieres disfrutar del Baix Empord\u00e0 m\u00e1s aut\u00e9ntico? \u00a1Hazlo de manera responsable! A continuaci\u00f3n te facilitamos una gu\u00eda con una serie de buenas pr\u00e1cticas para disfrutar del destino de manera sostenible, con respeto por nuestra gente, nuestro patrimonio y nuestro entorno natural. \u00a1S\u00e9 bienvenido\/a al Baix Empord\u00e0! ES. En el Baix Empord\u00e0 apostamos por un Turismo [&hellip;]","og_url":"https:\/\/visitemporda.com\/es\/professionals\/empreses\/projectes-de-la-destinacio\/baix-emporda-turismo-responsable\/","og_site_name":"Visit Empord\u00e0","article_publisher":"https:\/\/www.facebook.com\/baixempordaturisme","og_image":[{"width":736,"height":395,"url":"https:\/\/visitemporda.com\/wp-content\/uploads\/2022\/06\/foto-web3.jpg","type":"image\/jpeg"}],"twitter_card":"summary_large_image","twitter_site":"@baixemporda_tur","schema":{"@context":"https:\/\/schema.org","@graph":[{"@type":"WebPage","@id":"https:\/\/visitemporda.com\/es\/professionals\/empreses\/projectes-de-la-destinacio\/baix-emporda-turismo-responsable\/","url":"https:\/\/visitemporda.com\/es\/professionals\/empreses\/projectes-de-la-destinacio\/baix-emporda-turismo-responsable\/","name":"Baix Empord\u00e0 Turismo Responsable - Visit Empord\u00e0","isPartOf":{"@id":"https:\/\/visitemporda.com\/es\/#website"},"primaryImageOfPage":{"@id":"https:\/\/visitemporda.com\/es\/professionals\/empreses\/projectes-de-la-destinacio\/baix-emporda-turismo-responsable\/#primaryimage"},"image":{"@id":"https:\/\/visitemporda.com\/es\/professionals\/empreses\/projectes-de-la-destinacio\/baix-emporda-turismo-responsable\/#primaryimage"},"thumbnailUrl":"https:\/\/visitemporda.com\/wp-content\/uploads\/2022\/06\/foto-web3.jpg","datePublished":"2022-06-08T06:22:05+00:00","breadcrumb":{"@id":"https:\/\/visitemporda.com\/es\/professionals\/empreses\/projectes-de-la-destinacio\/baix-emporda-turismo-responsable\/#breadcrumb"},"inLanguage":"es","potentialAction":[{"@type":"ReadAction","target":["https:\/\/visitemporda.com\/es\/professionals\/empreses\/projectes-de-la-destinacio\/baix-emporda-turismo-responsable\/"]}]},{"@type":"ImageObject","inLanguage":"es","@id":"https:\/\/visitemporda.com\/es\/professionals\/empreses\/projectes-de-la-destinacio\/baix-emporda-turismo-responsable\/#primaryimage","url":"https:\/\/visitemporda.com\/wp-content\/uploads\/2022\/06\/foto-web3.jpg","contentUrl":"https:\/\/visitemporda.com\/wp-content\/uploads\/2022\/06\/foto-web3.jpg","width":736,"height":395,"caption":"Cartell Baix Empord\u00e0 apostem per un turisme responsable"},{"@type":"BreadcrumbList","@id":"https:\/\/visitemporda.com\/es\/professionals\/empreses\/projectes-de-la-destinacio\/baix-emporda-turismo-responsable\/#breadcrumb","itemListElement":[{"@type":"ListItem","position":1,"name":"Inici","item":"https:\/\/visitemporda.com\/es\/"},{"@type":"ListItem","position":2,"name":"Profesionales","item":"https:\/\/visitemporda.com\/es\/professionals\/"},{"@type":"ListItem","position":3,"name":"Empresas tur\u00edsticas","item":"https:\/\/visitemporda.com\/es\/professionals\/empreses\/"},{"@type":"ListItem","position":4,"name":"Proyectos del destino","item":"https:\/\/visitemporda.com\/es\/professionals\/empreses\/projectes-de-la-destinacio\/"},{"@type":"ListItem","position":5,"name":"Baix Empord\u00e0 Turismo Responsable"}]},{"@type":"WebSite","@id":"https:\/\/visitemporda.com\/es\/#website","url":"https:\/\/visitemporda.com\/es\/","name":"Visit Empord\u00e0","description":"Web tur\u00edstica oficial del Baix Empord\u00e0","publisher":{"@id":"https:\/\/visitemporda.com\/es\/#organization"},"potentialAction":[{"@type":"SearchAction","target":{"@type":"EntryPoint","urlTemplate":"https:\/\/visitemporda.com\/es\/?s={search_term_string}"},"query-input":{"@type":"PropertyValueSpecification","valueRequired":true,"valueName":"search_term_string"}}],"inLanguage":"es"},{"@type":"Organization","@id":"https:\/\/visitemporda.com\/es\/#organization","name":"Consell Comarcal del Baix Empord\u00e0","url":"https:\/\/visitemporda.com\/es\/","logo":{"@type":"ImageObject","inLanguage":"es","@id":"https:\/\/visitemporda.com\/es\/#\/schema\/logo\/image\/","url":"https:\/\/visitemporda.com\/wp-content\/uploads\/2024\/11\/Logotip_CCBE.png","contentUrl":"https:\/\/visitemporda.com\/wp-content\/uploads\/2024\/11\/Logotip_CCBE.png","width":3617,"height":3617,"caption":"Consell Comarcal del Baix Empord\u00e0"},"image":{"@id":"https:\/\/visitemporda.com\/es\/#\/schema\/logo\/image\/"},"sameAs":["https:\/\/www.facebook.com\/baixempordaturisme","https:\/\/x.com\/baixemporda_tur","https:\/\/www.instagram.com\/visitemporda"]}]}},"_links":{"self":[{"href":"https:\/\/visitemporda.com\/es\/wp-json\/wp\/v2\/pages\/38130","targetHints":{"allow":["GET"]}}],"collection":[{"href":"https:\/\/visitemporda.com\/es\/wp-json\/wp\/v2\/pages"}],"about":[{"href":"https:\/\/visitemporda.com\/es\/wp-json\/wp\/v2\/types\/page"}],"author":[{"embeddable":true,"href":"https:\/\/visitemporda.com\/es\/wp-json\/wp\/v2\/users\/2"}],"replies":[{"embeddable":true,"href":"https:\/\/visitemporda.com\/es\/wp-json\/wp\/v2\/comments?post=38130"}],"version-history":[{"count":1,"href":"https:\/\/visitemporda.com\/es\/wp-json\/wp\/v2\/pages\/38130\/revisions"}],"predecessor-version":[{"id":38132,"href":"https:\/\/visitemporda.com\/es\/wp-json\/wp\/v2\/pages\/38130\/revisions\/38132"}],"up":[{"embeddable":true,"href":"https:\/\/visitemporda.com\/es\/wp-json\/wp\/v2\/pages\/30001"}],"wp:featuredmedia":[{"embeddable":true,"href":"https:\/\/visitemporda.com\/es\/wp-json\/wp\/v2\/media\/38122"}],"wp:attachment":[{"href":"https:\/\/visitemporda.com\/es\/wp-json\/wp\/v2\/media?parent=38130"}],"curies":[{"name":"wp","href":"https:\/\/api.w.org\/{rel}","templated":true}]}}