

{"id":36729,"date":"2022-01-31T11:48:21","date_gmt":"2022-01-31T10:48:21","guid":{"rendered":"http:\/\/visitemporda.com\/?page_id=36729"},"modified":"2022-01-31T12:21:39","modified_gmt":"2022-01-31T11:21:39","slug":"la-musica-por-todo-el-baix-emporda","status":"publish","type":"page","link":"https:\/\/visitemporda.com\/es\/recomendaciones\/propostes\/patrimoni-cultural\/terra-de-musics\/la-musica-por-todo-el-baix-emporda\/","title":{"rendered":"M\u00fasica por todo el Baix Empord\u00e0"},"content":{"rendered":"<p>Las primeras manifestaciones musicales aparecen en el \u00e1mbito religioso y, desde entonces, han evolucionado tal como lo ha hecho la sociedad bajo-ampurdanesa, adapt\u00e1ndose a sus costumbres y tradiciones. Coplas, orquestas, corales, canciones de taberna, habaneras y, m\u00e1s recientemente, conciertos y festivales de rock, jazz y pop\u2026 La m\u00fasica, en todas sus manifestaciones, simboliza un rasgo distintivo de nuestra gente y de sus pueblos, llegando a todos los rincones de la comarca.<\/p>\n<p>Es indiscutible el prestigio musical asociado a Torroella de Montgr\u00ed, que ya en el siglo XIX fue cuna de grandes exponentes de la copla, como Pere Rigau (Torroella de Montgr\u00ed, 1868 \u2013 1909), fundador de Els Montgrins, o Vicen\u00e7 Bou (Torroella de Montgr\u00ed, 1885 \u2013 1962), qui\u00e9n lo sustituy\u00f3 posteriormente y tuvo un destacado papel en la expansi\u00f3n de la sardana.<br \/>\nEste esplendor musical llegaba tambi\u00e9n al municipio de Verges donde pr\u00e1cticamente se pod\u00eda encontrar, no hace tantos a\u00f1os, un m\u00fasico en cada calle. Dicen que el pueblo ten\u00eda su propia banda sonora, al sonido de trombones, pianos, clarinetes, trompetas, flautas y violines.<\/p>\n<p>Y esta misma dedicaci\u00f3n a la m\u00fasica desprenden todos los rincones de La Bisbal d&#8217;Empord\u00e0, centro neur\u00e1lgico musical en la comarca. Todav\u00eda hoy en d\u00eda nacen muchos cantantes y grupos musicales, evidenciando que el oficio de m\u00fasico se encuentra en la gen\u00e9tica bisbalenca.<\/p>\n<p>Por esos tiempos, la cultura y la educaci\u00f3n no era de acceso a todo el mundo y la m\u00fasica era una de las pocas manifestaciones culturales que estaban al alcance de las clases trabajadoras. As\u00ed pues, en un territorio de importante dedicaci\u00f3n a la industria, muchos bajo-ampurdaneses se adentraban en la m\u00fasica por vocaci\u00f3n, como distracci\u00f3n de su d\u00eda a d\u00eda. Un claro ejemplo es Calonge i Sant Antoni, villa natal del llamado pr\u00edncipe de la tenora, Ricard Viladesau (Calonge, 1918 \u2013 Barcelona, 2005), y con m\u00e1s de 80 m\u00fasicos confirmados, muchos de ellos disc\u00edpulos del maestro Josep Sard\u00f3 (Calonge, 1848 \u2013 1893).<\/p>\n<p>Como no pod\u00eda ser de otra manera, la m\u00fasica tambi\u00e9n domin\u00f3 Vall d&#8217;Aro, donde aun hoy en d\u00eda se conserva el legado de los bailes de los domingos y las orquestas de las fiestas populares. Los actuales festivales, discotecas y carnavales, nacen precisamente de este pasado musical, transformado r\u00e1pidamente por la llegada del turismo en los a\u00f1os cincuenta, que hizo aflorar los actos y conciertos cerca del mar.<\/p>\n<p>Del norte al sur de la comarca, de la costa al interior, en todo el Baix Empord\u00e0 suena m\u00fasica desde muchas d\u00e9cadas pasadas hasta hoy en d\u00eda, configurando as\u00ed el car\u00e1cter ampurdan\u00e9s que nos caracteriza.<\/p>\n","protected":false},"excerpt":{"rendered":"<p>Las primeras manifestaciones musicales aparecen en el \u00e1mbito religioso y, desde entonces, han evolucionado tal como lo ha hecho la sociedad bajo-ampurdanesa, adapt\u00e1ndose a sus costumbres y tradiciones. Coplas, orquestas, corales, canciones de taberna, habaneras y, m\u00e1s recientemente, conciertos y festivales de rock, jazz y pop\u2026 La m\u00fasica, en todas sus manifestaciones, simboliza un rasgo [&hellip;]<\/p>\n","protected":false},"author":2,"featured_media":36717,"parent":20386,"menu_order":0,"comment_status":"closed","ping_status":"closed","template":"page-templates\/fitxa-campanyes-gastronomiques.php","meta":{"_acf_changed":false,"footnotes":""},"class_list":["post-36729","page","type-page","status-publish","has-post-thumbnail","hentry"],"acf":[],"yoast_head":"<!-- This site is optimized with the Yoast SEO plugin v27.4 - https:\/\/yoast.com\/product\/yoast-seo-wordpress\/ -->\n<title>M\u00fasica por todo el Baix Empord\u00e0 - Visit Empord\u00e0<\/title>\n<meta name=\"robots\" content=\"index, follow, max-snippet:-1, max-image-preview:large, max-video-preview:-1\" \/>\n<link rel=\"canonical\" href=\"https:\/\/visitemporda.com\/es\/recomendaciones\/propostes\/patrimoni-cultural\/terra-de-musics\/la-musica-por-todo-el-baix-emporda\/\" \/>\n<meta property=\"og:locale\" content=\"es_ES\" \/>\n<meta property=\"og:type\" content=\"article\" \/>\n<meta property=\"og:title\" content=\"M\u00fasica por todo el Baix Empord\u00e0 - Visit Empord\u00e0\" \/>\n<meta property=\"og:description\" content=\"Las primeras manifestaciones musicales aparecen en el \u00e1mbito religioso y, desde entonces, han evolucionado tal como lo ha hecho la sociedad bajo-ampurdanesa, adapt\u00e1ndose a sus costumbres y tradiciones. Coplas, orquestas, corales, canciones de taberna, habaneras y, m\u00e1s recientemente, conciertos y festivales de rock, jazz y pop\u2026 La m\u00fasica, en todas sus manifestaciones, simboliza un rasgo [&hellip;]\" \/>\n<meta property=\"og:url\" content=\"https:\/\/visitemporda.com\/es\/recomendaciones\/propostes\/patrimoni-cultural\/terra-de-musics\/la-musica-por-todo-el-baix-emporda\/\" \/>\n<meta property=\"og:site_name\" content=\"Visit Empord\u00e0\" \/>\n<meta property=\"article:publisher\" content=\"https:\/\/www.facebook.com\/baixempordaturisme\" \/>\n<meta property=\"article:modified_time\" content=\"2022-01-31T11:21:39+00:00\" \/>\n<meta property=\"og:image\" content=\"https:\/\/visitemporda.com\/wp-content\/uploads\/2022\/01\/0000626799.jpg\" \/>\n\t<meta property=\"og:image:width\" content=\"4252\" \/>\n\t<meta property=\"og:image:height\" content=\"2843\" \/>\n\t<meta property=\"og:image:type\" content=\"image\/jpeg\" \/>\n<meta name=\"twitter:card\" content=\"summary_large_image\" \/>\n<meta name=\"twitter:site\" content=\"@baixemporda_tur\" \/>\n<meta name=\"twitter:label1\" content=\"Tiempo de lectura\" \/>\n\t<meta name=\"twitter:data1\" content=\"2 minutos\" \/>\n<script type=\"application\/ld+json\" class=\"yoast-schema-graph\">{\"@context\":\"https:\\\/\\\/schema.org\",\"@graph\":[{\"@type\":\"WebPage\",\"@id\":\"https:\\\/\\\/visitemporda.com\\\/es\\\/recomendaciones\\\/propostes\\\/patrimoni-cultural\\\/terra-de-musics\\\/la-musica-por-todo-el-baix-emporda\\\/\",\"url\":\"https:\\\/\\\/visitemporda.com\\\/es\\\/recomendaciones\\\/propostes\\\/patrimoni-cultural\\\/terra-de-musics\\\/la-musica-por-todo-el-baix-emporda\\\/\",\"name\":\"M\u00fasica por todo el Baix Empord\u00e0 - Visit Empord\u00e0\",\"isPartOf\":{\"@id\":\"https:\\\/\\\/visitemporda.com\\\/es\\\/#website\"},\"primaryImageOfPage\":{\"@id\":\"https:\\\/\\\/visitemporda.com\\\/es\\\/recomendaciones\\\/propostes\\\/patrimoni-cultural\\\/terra-de-musics\\\/la-musica-por-todo-el-baix-emporda\\\/#primaryimage\"},\"image\":{\"@id\":\"https:\\\/\\\/visitemporda.com\\\/es\\\/recomendaciones\\\/propostes\\\/patrimoni-cultural\\\/terra-de-musics\\\/la-musica-por-todo-el-baix-emporda\\\/#primaryimage\"},\"thumbnailUrl\":\"https:\\\/\\\/visitemporda.com\\\/wp-content\\\/uploads\\\/2022\\\/01\\\/0000626799.jpg\",\"datePublished\":\"2022-01-31T10:48:21+00:00\",\"dateModified\":\"2022-01-31T11:21:39+00:00\",\"breadcrumb\":{\"@id\":\"https:\\\/\\\/visitemporda.com\\\/es\\\/recomendaciones\\\/propostes\\\/patrimoni-cultural\\\/terra-de-musics\\\/la-musica-por-todo-el-baix-emporda\\\/#breadcrumb\"},\"inLanguage\":\"es\",\"potentialAction\":[{\"@type\":\"ReadAction\",\"target\":[\"https:\\\/\\\/visitemporda.com\\\/es\\\/recomendaciones\\\/propostes\\\/patrimoni-cultural\\\/terra-de-musics\\\/la-musica-por-todo-el-baix-emporda\\\/\"]}]},{\"@type\":\"ImageObject\",\"inLanguage\":\"es\",\"@id\":\"https:\\\/\\\/visitemporda.com\\\/es\\\/recomendaciones\\\/propostes\\\/patrimoni-cultural\\\/terra-de-musics\\\/la-musica-por-todo-el-baix-emporda\\\/#primaryimage\",\"url\":\"https:\\\/\\\/visitemporda.com\\\/wp-content\\\/uploads\\\/2022\\\/01\\\/0000626799.jpg\",\"contentUrl\":\"https:\\\/\\\/visitemporda.com\\\/wp-content\\\/uploads\\\/2022\\\/01\\\/0000626799.jpg\",\"width\":4252,\"height\":2843,\"caption\":\"En una pla\u00e7a de poble, un grup de m\u00fasic en format de cobla toquen\"},{\"@type\":\"BreadcrumbList\",\"@id\":\"https:\\\/\\\/visitemporda.com\\\/es\\\/recomendaciones\\\/propostes\\\/patrimoni-cultural\\\/terra-de-musics\\\/la-musica-por-todo-el-baix-emporda\\\/#breadcrumb\",\"itemListElement\":[{\"@type\":\"ListItem\",\"position\":1,\"name\":\"Inici\",\"item\":\"https:\\\/\\\/visitemporda.com\\\/es\\\/\"},{\"@type\":\"ListItem\",\"position\":2,\"name\":\"Recomendaciones\",\"item\":\"https:\\\/\\\/visitemporda.com\\\/es\\\/recomendaciones\\\/\"},{\"@type\":\"ListItem\",\"position\":3,\"name\":\"Qu\u00e9 hacer\",\"item\":\"https:\\\/\\\/visitemporda.com\\\/es\\\/recomendaciones\\\/propostes\\\/\"},{\"@type\":\"ListItem\",\"position\":4,\"name\":\"Patrimonio cultural\",\"item\":\"https:\\\/\\\/visitemporda.com\\\/es\\\/recomendaciones\\\/propostes\\\/patrimoni-cultural\\\/\"},{\"@type\":\"ListItem\",\"position\":5,\"name\":\"Tierra de m\u00fasicos\",\"item\":\"https:\\\/\\\/visitemporda.com\\\/es\\\/recomendaciones\\\/propostes\\\/patrimoni-cultural\\\/terra-de-musics\\\/\"},{\"@type\":\"ListItem\",\"position\":6,\"name\":\"M\u00fasica por todo el Baix Empord\u00e0\"}]},{\"@type\":\"WebSite\",\"@id\":\"https:\\\/\\\/visitemporda.com\\\/es\\\/#website\",\"url\":\"https:\\\/\\\/visitemporda.com\\\/es\\\/\",\"name\":\"Visit Empord\u00e0\",\"description\":\"Web tur\u00edstica oficial del Baix Empord\u00e0\",\"publisher\":{\"@id\":\"https:\\\/\\\/visitemporda.com\\\/es\\\/#organization\"},\"potentialAction\":[{\"@type\":\"SearchAction\",\"target\":{\"@type\":\"EntryPoint\",\"urlTemplate\":\"https:\\\/\\\/visitemporda.com\\\/es\\\/?s={search_term_string}\"},\"query-input\":{\"@type\":\"PropertyValueSpecification\",\"valueRequired\":true,\"valueName\":\"search_term_string\"}}],\"inLanguage\":\"es\"},{\"@type\":\"Organization\",\"@id\":\"https:\\\/\\\/visitemporda.com\\\/es\\\/#organization\",\"name\":\"Consell Comarcal del Baix Empord\u00e0\",\"url\":\"https:\\\/\\\/visitemporda.com\\\/es\\\/\",\"logo\":{\"@type\":\"ImageObject\",\"inLanguage\":\"es\",\"@id\":\"https:\\\/\\\/visitemporda.com\\\/es\\\/#\\\/schema\\\/logo\\\/image\\\/\",\"url\":\"https:\\\/\\\/visitemporda.com\\\/wp-content\\\/uploads\\\/2024\\\/11\\\/Logotip_CCBE.png\",\"contentUrl\":\"https:\\\/\\\/visitemporda.com\\\/wp-content\\\/uploads\\\/2024\\\/11\\\/Logotip_CCBE.png\",\"width\":3617,\"height\":3617,\"caption\":\"Consell Comarcal del Baix Empord\u00e0\"},\"image\":{\"@id\":\"https:\\\/\\\/visitemporda.com\\\/es\\\/#\\\/schema\\\/logo\\\/image\\\/\"},\"sameAs\":[\"https:\\\/\\\/www.facebook.com\\\/baixempordaturisme\",\"https:\\\/\\\/x.com\\\/baixemporda_tur\",\"https:\\\/\\\/www.instagram.com\\\/visitemporda\"]}]}<\/script>\n<!-- \/ Yoast SEO plugin. -->","yoast_head_json":{"title":"M\u00fasica por todo el Baix Empord\u00e0 - Visit Empord\u00e0","robots":{"index":"index","follow":"follow","max-snippet":"max-snippet:-1","max-image-preview":"max-image-preview:large","max-video-preview":"max-video-preview:-1"},"canonical":"https:\/\/visitemporda.com\/es\/recomendaciones\/propostes\/patrimoni-cultural\/terra-de-musics\/la-musica-por-todo-el-baix-emporda\/","og_locale":"es_ES","og_type":"article","og_title":"M\u00fasica por todo el Baix Empord\u00e0 - Visit Empord\u00e0","og_description":"Las primeras manifestaciones musicales aparecen en el \u00e1mbito religioso y, desde entonces, han evolucionado tal como lo ha hecho la sociedad bajo-ampurdanesa, adapt\u00e1ndose a sus costumbres y tradiciones. Coplas, orquestas, corales, canciones de taberna, habaneras y, m\u00e1s recientemente, conciertos y festivales de rock, jazz y pop\u2026 La m\u00fasica, en todas sus manifestaciones, simboliza un rasgo [&hellip;]","og_url":"https:\/\/visitemporda.com\/es\/recomendaciones\/propostes\/patrimoni-cultural\/terra-de-musics\/la-musica-por-todo-el-baix-emporda\/","og_site_name":"Visit Empord\u00e0","article_publisher":"https:\/\/www.facebook.com\/baixempordaturisme","article_modified_time":"2022-01-31T11:21:39+00:00","og_image":[{"width":4252,"height":2843,"url":"https:\/\/visitemporda.com\/wp-content\/uploads\/2022\/01\/0000626799.jpg","type":"image\/jpeg"}],"twitter_card":"summary_large_image","twitter_site":"@baixemporda_tur","twitter_misc":{"Tiempo de lectura":"2 minutos"},"schema":{"@context":"https:\/\/schema.org","@graph":[{"@type":"WebPage","@id":"https:\/\/visitemporda.com\/es\/recomendaciones\/propostes\/patrimoni-cultural\/terra-de-musics\/la-musica-por-todo-el-baix-emporda\/","url":"https:\/\/visitemporda.com\/es\/recomendaciones\/propostes\/patrimoni-cultural\/terra-de-musics\/la-musica-por-todo-el-baix-emporda\/","name":"M\u00fasica por todo el Baix Empord\u00e0 - Visit Empord\u00e0","isPartOf":{"@id":"https:\/\/visitemporda.com\/es\/#website"},"primaryImageOfPage":{"@id":"https:\/\/visitemporda.com\/es\/recomendaciones\/propostes\/patrimoni-cultural\/terra-de-musics\/la-musica-por-todo-el-baix-emporda\/#primaryimage"},"image":{"@id":"https:\/\/visitemporda.com\/es\/recomendaciones\/propostes\/patrimoni-cultural\/terra-de-musics\/la-musica-por-todo-el-baix-emporda\/#primaryimage"},"thumbnailUrl":"https:\/\/visitemporda.com\/wp-content\/uploads\/2022\/01\/0000626799.jpg","datePublished":"2022-01-31T10:48:21+00:00","dateModified":"2022-01-31T11:21:39+00:00","breadcrumb":{"@id":"https:\/\/visitemporda.com\/es\/recomendaciones\/propostes\/patrimoni-cultural\/terra-de-musics\/la-musica-por-todo-el-baix-emporda\/#breadcrumb"},"inLanguage":"es","potentialAction":[{"@type":"ReadAction","target":["https:\/\/visitemporda.com\/es\/recomendaciones\/propostes\/patrimoni-cultural\/terra-de-musics\/la-musica-por-todo-el-baix-emporda\/"]}]},{"@type":"ImageObject","inLanguage":"es","@id":"https:\/\/visitemporda.com\/es\/recomendaciones\/propostes\/patrimoni-cultural\/terra-de-musics\/la-musica-por-todo-el-baix-emporda\/#primaryimage","url":"https:\/\/visitemporda.com\/wp-content\/uploads\/2022\/01\/0000626799.jpg","contentUrl":"https:\/\/visitemporda.com\/wp-content\/uploads\/2022\/01\/0000626799.jpg","width":4252,"height":2843,"caption":"En una pla\u00e7a de poble, un grup de m\u00fasic en format de cobla toquen"},{"@type":"BreadcrumbList","@id":"https:\/\/visitemporda.com\/es\/recomendaciones\/propostes\/patrimoni-cultural\/terra-de-musics\/la-musica-por-todo-el-baix-emporda\/#breadcrumb","itemListElement":[{"@type":"ListItem","position":1,"name":"Inici","item":"https:\/\/visitemporda.com\/es\/"},{"@type":"ListItem","position":2,"name":"Recomendaciones","item":"https:\/\/visitemporda.com\/es\/recomendaciones\/"},{"@type":"ListItem","position":3,"name":"Qu\u00e9 hacer","item":"https:\/\/visitemporda.com\/es\/recomendaciones\/propostes\/"},{"@type":"ListItem","position":4,"name":"Patrimonio cultural","item":"https:\/\/visitemporda.com\/es\/recomendaciones\/propostes\/patrimoni-cultural\/"},{"@type":"ListItem","position":5,"name":"Tierra de m\u00fasicos","item":"https:\/\/visitemporda.com\/es\/recomendaciones\/propostes\/patrimoni-cultural\/terra-de-musics\/"},{"@type":"ListItem","position":6,"name":"M\u00fasica por todo el Baix Empord\u00e0"}]},{"@type":"WebSite","@id":"https:\/\/visitemporda.com\/es\/#website","url":"https:\/\/visitemporda.com\/es\/","name":"Visit Empord\u00e0","description":"Web tur\u00edstica oficial del Baix Empord\u00e0","publisher":{"@id":"https:\/\/visitemporda.com\/es\/#organization"},"potentialAction":[{"@type":"SearchAction","target":{"@type":"EntryPoint","urlTemplate":"https:\/\/visitemporda.com\/es\/?s={search_term_string}"},"query-input":{"@type":"PropertyValueSpecification","valueRequired":true,"valueName":"search_term_string"}}],"inLanguage":"es"},{"@type":"Organization","@id":"https:\/\/visitemporda.com\/es\/#organization","name":"Consell Comarcal del Baix Empord\u00e0","url":"https:\/\/visitemporda.com\/es\/","logo":{"@type":"ImageObject","inLanguage":"es","@id":"https:\/\/visitemporda.com\/es\/#\/schema\/logo\/image\/","url":"https:\/\/visitemporda.com\/wp-content\/uploads\/2024\/11\/Logotip_CCBE.png","contentUrl":"https:\/\/visitemporda.com\/wp-content\/uploads\/2024\/11\/Logotip_CCBE.png","width":3617,"height":3617,"caption":"Consell Comarcal del Baix Empord\u00e0"},"image":{"@id":"https:\/\/visitemporda.com\/es\/#\/schema\/logo\/image\/"},"sameAs":["https:\/\/www.facebook.com\/baixempordaturisme","https:\/\/x.com\/baixemporda_tur","https:\/\/www.instagram.com\/visitemporda"]}]}},"_links":{"self":[{"href":"https:\/\/visitemporda.com\/es\/wp-json\/wp\/v2\/pages\/36729","targetHints":{"allow":["GET"]}}],"collection":[{"href":"https:\/\/visitemporda.com\/es\/wp-json\/wp\/v2\/pages"}],"about":[{"href":"https:\/\/visitemporda.com\/es\/wp-json\/wp\/v2\/types\/page"}],"author":[{"embeddable":true,"href":"https:\/\/visitemporda.com\/es\/wp-json\/wp\/v2\/users\/2"}],"replies":[{"embeddable":true,"href":"https:\/\/visitemporda.com\/es\/wp-json\/wp\/v2\/comments?post=36729"}],"version-history":[{"count":2,"href":"https:\/\/visitemporda.com\/es\/wp-json\/wp\/v2\/pages\/36729\/revisions"}],"predecessor-version":[{"id":36735,"href":"https:\/\/visitemporda.com\/es\/wp-json\/wp\/v2\/pages\/36729\/revisions\/36735"}],"up":[{"embeddable":true,"href":"https:\/\/visitemporda.com\/es\/wp-json\/wp\/v2\/pages\/20386"}],"wp:featuredmedia":[{"embeddable":true,"href":"https:\/\/visitemporda.com\/es\/wp-json\/wp\/v2\/media\/36717"}],"wp:attachment":[{"href":"https:\/\/visitemporda.com\/es\/wp-json\/wp\/v2\/media?parent=36729"}],"curies":[{"name":"wp","href":"https:\/\/api.w.org\/{rel}","templated":true}]}}