

{"id":30210,"date":"2021-03-19T14:41:03","date_gmt":"2021-03-19T13:41:03","guid":{"rendered":"http:\/\/visitemporda.com\/professionals\/empreses\/projectes-de-la-destinacio\/pla-daccessibilitat-turistica-del-baix-emporda-2\/"},"modified":"2021-05-14T20:54:23","modified_gmt":"2021-05-14T18:54:23","slug":"pla-daccessibilitat-turistica-del-baix-emporda-2","status":"publish","type":"page","link":"https:\/\/visitemporda.com\/es\/professionals\/empreses\/projectes-de-la-destinacio\/pla-daccessibilitat-turistica-del-baix-emporda-2\/","title":{"rendered":"Gesti\u00f3n y mantenimiento de las redes de turismo activo"},"content":{"rendered":"<p>La comarca del Baix Empord\u00e0 apost\u00f3 hace a\u00f1os por el turismo activo como modelo de desarrollo tur\u00edstico, sostenible y capaz de aprovechar los recursos naturales y de desestacionalizar la demanda tur\u00edstica. Este modelo impuls\u00f3 la creaci\u00f3n de una red de senderismo (370 km), una red de cicloturismo (310 km) y la creaci\u00f3n de un Centro BTT con diferentes rutas por la comarca (180 km). En total, existen casi 1000 km se\u00f1alizados en el territorio, muchos de los cuales atraviesan espacios naturales protegidos.<\/p>\n<p>Estas actividades de turismo activo son actualmente un factor de atracci\u00f3n de visitantes y turistas y han ayudado al desarrollo y a la dinamizaci\u00f3n de gran parte de la comarca, especialmente de los pueblos m\u00e1s peque\u00f1os. Adem\u00e1s, la creciente concienciaci\u00f3n y respeto de los espacios naturales ponen en mayor valor estas actividades.<\/p>\n<p>El Consell Comarcal se encarga de la gesti\u00f3n de estas redes que incluye de forma integrada el mantenimiento, la difusi\u00f3n y tambi\u00e9n la promoci\u00f3n.<\/p>\n","protected":false},"excerpt":{"rendered":"<p>La comarca del Baix Empord\u00e0 apost\u00f3 hace a\u00f1os por el turismo activo como modelo de desarrollo tur\u00edstico, sostenible y capaz de aprovechar los recursos naturales y de desestacionalizar la demanda tur\u00edstica. Este modelo impuls\u00f3 la creaci\u00f3n de una red de senderismo (370 km), una red de cicloturismo (310 km) y la creaci\u00f3n de un Centro [&hellip;]<\/p>\n","protected":false},"author":2,"featured_media":19874,"parent":30001,"menu_order":0,"comment_status":"closed","ping_status":"closed","template":"page-templates\/fitxa-campanyes-gastronomiques.php","meta":{"_acf_changed":false,"footnotes":""},"class_list":["post-30210","page","type-page","status-publish","has-post-thumbnail","hentry"],"acf":[],"yoast_head":"<!-- This site is optimized with the Yoast SEO plugin v27.3 - https:\/\/yoast.com\/product\/yoast-seo-wordpress\/ -->\n<title>Gesti\u00f3n y mantenimiento de las redes de turismo activo - Visit Empord\u00e0<\/title>\n<meta name=\"robots\" content=\"index, follow, max-snippet:-1, max-image-preview:large, max-video-preview:-1\" \/>\n<link rel=\"canonical\" href=\"https:\/\/visitemporda.com\/es\/professionals\/empreses\/projectes-de-la-destinacio\/pla-daccessibilitat-turistica-del-baix-emporda-2\/\" \/>\n<meta property=\"og:locale\" content=\"es_ES\" \/>\n<meta property=\"og:type\" content=\"article\" \/>\n<meta property=\"og:title\" content=\"Gesti\u00f3n y mantenimiento de las redes de turismo activo - Visit Empord\u00e0\" \/>\n<meta property=\"og:description\" content=\"La comarca del Baix Empord\u00e0 apost\u00f3 hace a\u00f1os por el turismo activo como modelo de desarrollo tur\u00edstico, sostenible y capaz de aprovechar los recursos naturales y de desestacionalizar la demanda tur\u00edstica. Este modelo impuls\u00f3 la creaci\u00f3n de una red de senderismo (370 km), una red de cicloturismo (310 km) y la creaci\u00f3n de un Centro [&hellip;]\" \/>\n<meta property=\"og:url\" content=\"https:\/\/visitemporda.com\/es\/professionals\/empreses\/projectes-de-la-destinacio\/pla-daccessibilitat-turistica-del-baix-emporda-2\/\" \/>\n<meta property=\"og:site_name\" content=\"Visit Empord\u00e0\" \/>\n<meta property=\"article:publisher\" content=\"https:\/\/www.facebook.com\/baixempordaturisme\" \/>\n<meta property=\"article:modified_time\" content=\"2021-05-14T18:54:23+00:00\" \/>\n<meta property=\"og:image\" content=\"https:\/\/visitemporda.com\/wp-content\/uploads\/2020\/09\/ciclo-Peratallada-1.jpg\" \/>\n\t<meta property=\"og:image:width\" content=\"1366\" \/>\n\t<meta property=\"og:image:height\" content=\"768\" \/>\n\t<meta property=\"og:image:type\" content=\"image\/jpeg\" \/>\n<meta name=\"twitter:card\" content=\"summary_large_image\" \/>\n<meta name=\"twitter:site\" content=\"@baixemporda_tur\" \/>\n<meta name=\"twitter:label1\" content=\"Tiempo de lectura\" \/>\n\t<meta name=\"twitter:data1\" content=\"1 minuto\" \/>\n<script type=\"application\/ld+json\" class=\"yoast-schema-graph\">{\"@context\":\"https:\\\/\\\/schema.org\",\"@graph\":[{\"@type\":\"WebPage\",\"@id\":\"https:\\\/\\\/visitemporda.com\\\/es\\\/professionals\\\/empreses\\\/projectes-de-la-destinacio\\\/pla-daccessibilitat-turistica-del-baix-emporda-2\\\/\",\"url\":\"https:\\\/\\\/visitemporda.com\\\/es\\\/professionals\\\/empreses\\\/projectes-de-la-destinacio\\\/pla-daccessibilitat-turistica-del-baix-emporda-2\\\/\",\"name\":\"Gesti\u00f3n y mantenimiento de las redes de turismo activo - Visit Empord\u00e0\",\"isPartOf\":{\"@id\":\"https:\\\/\\\/visitemporda.com\\\/es\\\/#website\"},\"primaryImageOfPage\":{\"@id\":\"https:\\\/\\\/visitemporda.com\\\/es\\\/professionals\\\/empreses\\\/projectes-de-la-destinacio\\\/pla-daccessibilitat-turistica-del-baix-emporda-2\\\/#primaryimage\"},\"image\":{\"@id\":\"https:\\\/\\\/visitemporda.com\\\/es\\\/professionals\\\/empreses\\\/projectes-de-la-destinacio\\\/pla-daccessibilitat-turistica-del-baix-emporda-2\\\/#primaryimage\"},\"thumbnailUrl\":\"https:\\\/\\\/visitemporda.com\\\/wp-content\\\/uploads\\\/2020\\\/09\\\/ciclo-Peratallada-1.jpg\",\"datePublished\":\"2021-03-19T13:41:03+00:00\",\"dateModified\":\"2021-05-14T18:54:23+00:00\",\"breadcrumb\":{\"@id\":\"https:\\\/\\\/visitemporda.com\\\/es\\\/professionals\\\/empreses\\\/projectes-de-la-destinacio\\\/pla-daccessibilitat-turistica-del-baix-emporda-2\\\/#breadcrumb\"},\"inLanguage\":\"es\",\"potentialAction\":[{\"@type\":\"ReadAction\",\"target\":[\"https:\\\/\\\/visitemporda.com\\\/es\\\/professionals\\\/empreses\\\/projectes-de-la-destinacio\\\/pla-daccessibilitat-turistica-del-baix-emporda-2\\\/\"]}]},{\"@type\":\"ImageObject\",\"inLanguage\":\"es\",\"@id\":\"https:\\\/\\\/visitemporda.com\\\/es\\\/professionals\\\/empreses\\\/projectes-de-la-destinacio\\\/pla-daccessibilitat-turistica-del-baix-emporda-2\\\/#primaryimage\",\"url\":\"https:\\\/\\\/visitemporda.com\\\/wp-content\\\/uploads\\\/2020\\\/09\\\/ciclo-Peratallada-1.jpg\",\"contentUrl\":\"https:\\\/\\\/visitemporda.com\\\/wp-content\\\/uploads\\\/2020\\\/09\\\/ciclo-Peratallada-1.jpg\",\"width\":1366,\"height\":768,\"caption\":\"noia en bicicleta que va per un cam\u00ed asfaltat cap a Peratallada\"},{\"@type\":\"BreadcrumbList\",\"@id\":\"https:\\\/\\\/visitemporda.com\\\/es\\\/professionals\\\/empreses\\\/projectes-de-la-destinacio\\\/pla-daccessibilitat-turistica-del-baix-emporda-2\\\/#breadcrumb\",\"itemListElement\":[{\"@type\":\"ListItem\",\"position\":1,\"name\":\"Inici\",\"item\":\"https:\\\/\\\/visitemporda.com\\\/es\\\/\"},{\"@type\":\"ListItem\",\"position\":2,\"name\":\"Profesionales\",\"item\":\"https:\\\/\\\/visitemporda.com\\\/es\\\/professionals\\\/\"},{\"@type\":\"ListItem\",\"position\":3,\"name\":\"Empresas tur\u00edsticas\",\"item\":\"https:\\\/\\\/visitemporda.com\\\/es\\\/professionals\\\/empreses\\\/\"},{\"@type\":\"ListItem\",\"position\":4,\"name\":\"Proyectos del destino\",\"item\":\"https:\\\/\\\/visitemporda.com\\\/es\\\/professionals\\\/empreses\\\/projectes-de-la-destinacio\\\/\"},{\"@type\":\"ListItem\",\"position\":5,\"name\":\"Gesti\u00f3n y mantenimiento de las redes de turismo activo\"}]},{\"@type\":\"WebSite\",\"@id\":\"https:\\\/\\\/visitemporda.com\\\/es\\\/#website\",\"url\":\"https:\\\/\\\/visitemporda.com\\\/es\\\/\",\"name\":\"Visit Empord\u00e0\",\"description\":\"Web tur\u00edstica oficial del Baix Empord\u00e0\",\"publisher\":{\"@id\":\"https:\\\/\\\/visitemporda.com\\\/es\\\/#organization\"},\"potentialAction\":[{\"@type\":\"SearchAction\",\"target\":{\"@type\":\"EntryPoint\",\"urlTemplate\":\"https:\\\/\\\/visitemporda.com\\\/es\\\/?s={search_term_string}\"},\"query-input\":{\"@type\":\"PropertyValueSpecification\",\"valueRequired\":true,\"valueName\":\"search_term_string\"}}],\"inLanguage\":\"es\"},{\"@type\":\"Organization\",\"@id\":\"https:\\\/\\\/visitemporda.com\\\/es\\\/#organization\",\"name\":\"Consell Comarcal del Baix Empord\u00e0\",\"url\":\"https:\\\/\\\/visitemporda.com\\\/es\\\/\",\"logo\":{\"@type\":\"ImageObject\",\"inLanguage\":\"es\",\"@id\":\"https:\\\/\\\/visitemporda.com\\\/es\\\/#\\\/schema\\\/logo\\\/image\\\/\",\"url\":\"https:\\\/\\\/visitemporda.com\\\/wp-content\\\/uploads\\\/2024\\\/11\\\/Logotip_CCBE.png\",\"contentUrl\":\"https:\\\/\\\/visitemporda.com\\\/wp-content\\\/uploads\\\/2024\\\/11\\\/Logotip_CCBE.png\",\"width\":3617,\"height\":3617,\"caption\":\"Consell Comarcal del Baix Empord\u00e0\"},\"image\":{\"@id\":\"https:\\\/\\\/visitemporda.com\\\/es\\\/#\\\/schema\\\/logo\\\/image\\\/\"},\"sameAs\":[\"https:\\\/\\\/www.facebook.com\\\/baixempordaturisme\",\"https:\\\/\\\/x.com\\\/baixemporda_tur\",\"https:\\\/\\\/www.instagram.com\\\/visitemporda\"]}]}<\/script>\n<!-- \/ Yoast SEO plugin. -->","yoast_head_json":{"title":"Gesti\u00f3n y mantenimiento de las redes de turismo activo - Visit Empord\u00e0","robots":{"index":"index","follow":"follow","max-snippet":"max-snippet:-1","max-image-preview":"max-image-preview:large","max-video-preview":"max-video-preview:-1"},"canonical":"https:\/\/visitemporda.com\/es\/professionals\/empreses\/projectes-de-la-destinacio\/pla-daccessibilitat-turistica-del-baix-emporda-2\/","og_locale":"es_ES","og_type":"article","og_title":"Gesti\u00f3n y mantenimiento de las redes de turismo activo - Visit Empord\u00e0","og_description":"La comarca del Baix Empord\u00e0 apost\u00f3 hace a\u00f1os por el turismo activo como modelo de desarrollo tur\u00edstico, sostenible y capaz de aprovechar los recursos naturales y de desestacionalizar la demanda tur\u00edstica. Este modelo impuls\u00f3 la creaci\u00f3n de una red de senderismo (370 km), una red de cicloturismo (310 km) y la creaci\u00f3n de un Centro [&hellip;]","og_url":"https:\/\/visitemporda.com\/es\/professionals\/empreses\/projectes-de-la-destinacio\/pla-daccessibilitat-turistica-del-baix-emporda-2\/","og_site_name":"Visit Empord\u00e0","article_publisher":"https:\/\/www.facebook.com\/baixempordaturisme","article_modified_time":"2021-05-14T18:54:23+00:00","og_image":[{"width":1366,"height":768,"url":"https:\/\/visitemporda.com\/wp-content\/uploads\/2020\/09\/ciclo-Peratallada-1.jpg","type":"image\/jpeg"}],"twitter_card":"summary_large_image","twitter_site":"@baixemporda_tur","twitter_misc":{"Tiempo de lectura":"1 minuto"},"schema":{"@context":"https:\/\/schema.org","@graph":[{"@type":"WebPage","@id":"https:\/\/visitemporda.com\/es\/professionals\/empreses\/projectes-de-la-destinacio\/pla-daccessibilitat-turistica-del-baix-emporda-2\/","url":"https:\/\/visitemporda.com\/es\/professionals\/empreses\/projectes-de-la-destinacio\/pla-daccessibilitat-turistica-del-baix-emporda-2\/","name":"Gesti\u00f3n y mantenimiento de las redes de turismo activo - Visit Empord\u00e0","isPartOf":{"@id":"https:\/\/visitemporda.com\/es\/#website"},"primaryImageOfPage":{"@id":"https:\/\/visitemporda.com\/es\/professionals\/empreses\/projectes-de-la-destinacio\/pla-daccessibilitat-turistica-del-baix-emporda-2\/#primaryimage"},"image":{"@id":"https:\/\/visitemporda.com\/es\/professionals\/empreses\/projectes-de-la-destinacio\/pla-daccessibilitat-turistica-del-baix-emporda-2\/#primaryimage"},"thumbnailUrl":"https:\/\/visitemporda.com\/wp-content\/uploads\/2020\/09\/ciclo-Peratallada-1.jpg","datePublished":"2021-03-19T13:41:03+00:00","dateModified":"2021-05-14T18:54:23+00:00","breadcrumb":{"@id":"https:\/\/visitemporda.com\/es\/professionals\/empreses\/projectes-de-la-destinacio\/pla-daccessibilitat-turistica-del-baix-emporda-2\/#breadcrumb"},"inLanguage":"es","potentialAction":[{"@type":"ReadAction","target":["https:\/\/visitemporda.com\/es\/professionals\/empreses\/projectes-de-la-destinacio\/pla-daccessibilitat-turistica-del-baix-emporda-2\/"]}]},{"@type":"ImageObject","inLanguage":"es","@id":"https:\/\/visitemporda.com\/es\/professionals\/empreses\/projectes-de-la-destinacio\/pla-daccessibilitat-turistica-del-baix-emporda-2\/#primaryimage","url":"https:\/\/visitemporda.com\/wp-content\/uploads\/2020\/09\/ciclo-Peratallada-1.jpg","contentUrl":"https:\/\/visitemporda.com\/wp-content\/uploads\/2020\/09\/ciclo-Peratallada-1.jpg","width":1366,"height":768,"caption":"noia en bicicleta que va per un cam\u00ed asfaltat cap a Peratallada"},{"@type":"BreadcrumbList","@id":"https:\/\/visitemporda.com\/es\/professionals\/empreses\/projectes-de-la-destinacio\/pla-daccessibilitat-turistica-del-baix-emporda-2\/#breadcrumb","itemListElement":[{"@type":"ListItem","position":1,"name":"Inici","item":"https:\/\/visitemporda.com\/es\/"},{"@type":"ListItem","position":2,"name":"Profesionales","item":"https:\/\/visitemporda.com\/es\/professionals\/"},{"@type":"ListItem","position":3,"name":"Empresas tur\u00edsticas","item":"https:\/\/visitemporda.com\/es\/professionals\/empreses\/"},{"@type":"ListItem","position":4,"name":"Proyectos del destino","item":"https:\/\/visitemporda.com\/es\/professionals\/empreses\/projectes-de-la-destinacio\/"},{"@type":"ListItem","position":5,"name":"Gesti\u00f3n y mantenimiento de las redes de turismo activo"}]},{"@type":"WebSite","@id":"https:\/\/visitemporda.com\/es\/#website","url":"https:\/\/visitemporda.com\/es\/","name":"Visit Empord\u00e0","description":"Web tur\u00edstica oficial del Baix Empord\u00e0","publisher":{"@id":"https:\/\/visitemporda.com\/es\/#organization"},"potentialAction":[{"@type":"SearchAction","target":{"@type":"EntryPoint","urlTemplate":"https:\/\/visitemporda.com\/es\/?s={search_term_string}"},"query-input":{"@type":"PropertyValueSpecification","valueRequired":true,"valueName":"search_term_string"}}],"inLanguage":"es"},{"@type":"Organization","@id":"https:\/\/visitemporda.com\/es\/#organization","name":"Consell Comarcal del Baix Empord\u00e0","url":"https:\/\/visitemporda.com\/es\/","logo":{"@type":"ImageObject","inLanguage":"es","@id":"https:\/\/visitemporda.com\/es\/#\/schema\/logo\/image\/","url":"https:\/\/visitemporda.com\/wp-content\/uploads\/2024\/11\/Logotip_CCBE.png","contentUrl":"https:\/\/visitemporda.com\/wp-content\/uploads\/2024\/11\/Logotip_CCBE.png","width":3617,"height":3617,"caption":"Consell Comarcal del Baix Empord\u00e0"},"image":{"@id":"https:\/\/visitemporda.com\/es\/#\/schema\/logo\/image\/"},"sameAs":["https:\/\/www.facebook.com\/baixempordaturisme","https:\/\/x.com\/baixemporda_tur","https:\/\/www.instagram.com\/visitemporda"]}]}},"_links":{"self":[{"href":"https:\/\/visitemporda.com\/es\/wp-json\/wp\/v2\/pages\/30210","targetHints":{"allow":["GET"]}}],"collection":[{"href":"https:\/\/visitemporda.com\/es\/wp-json\/wp\/v2\/pages"}],"about":[{"href":"https:\/\/visitemporda.com\/es\/wp-json\/wp\/v2\/types\/page"}],"author":[{"embeddable":true,"href":"https:\/\/visitemporda.com\/es\/wp-json\/wp\/v2\/users\/2"}],"replies":[{"embeddable":true,"href":"https:\/\/visitemporda.com\/es\/wp-json\/wp\/v2\/comments?post=30210"}],"version-history":[{"count":2,"href":"https:\/\/visitemporda.com\/es\/wp-json\/wp\/v2\/pages\/30210\/revisions"}],"predecessor-version":[{"id":30212,"href":"https:\/\/visitemporda.com\/es\/wp-json\/wp\/v2\/pages\/30210\/revisions\/30212"}],"up":[{"embeddable":true,"href":"https:\/\/visitemporda.com\/es\/wp-json\/wp\/v2\/pages\/30001"}],"wp:featuredmedia":[{"embeddable":true,"href":"https:\/\/visitemporda.com\/es\/wp-json\/wp\/v2\/media\/19874"}],"wp:attachment":[{"href":"https:\/\/visitemporda.com\/es\/wp-json\/wp\/v2\/media?parent=30210"}],"curies":[{"name":"wp","href":"https:\/\/api.w.org\/{rel}","templated":true}]}}