

{"id":30207,"date":"2021-03-16T10:02:36","date_gmt":"2021-03-16T09:02:36","guid":{"rendered":"http:\/\/visitemporda.com\/professionals\/empreses\/projectes-de-la-destinacio\/observatori-del-turisme\/"},"modified":"2021-05-14T20:51:08","modified_gmt":"2021-05-14T18:51:08","slug":"observatori-del-turisme","status":"publish","type":"page","link":"https:\/\/visitemporda.com\/es\/professionals\/empreses\/projectes-de-la-destinacio\/observatori-del-turisme\/","title":{"rendered":"Observatorio del Turismo del Baix Empord\u00e0"},"content":{"rendered":"<p>Desde el a\u00f1o 2016, el \u00e1rea de Turismo trabaja en la consolidaci\u00f3n del <strong>Observatorio del Turismo del Baix Empord\u00e0<\/strong>, un proyecto que pretende generar conocimiento sobre el territorio y contribuir a la creaci\u00f3n de informaci\u00f3n relacionada con la realidad econ\u00f3mica y tur\u00edstica de la comarca.<\/p>\n<p>Teniendo en cuenta que el turismo es una de las actividades econ\u00f3micas m\u00e1s relevantes de la comarca, el objetivo del proyecto es analizar y comprender como se desarrolla el turismo en el Baix Empord\u00e0. Adem\u00e1s, la intenci\u00f3n es acercar esta informaci\u00f3n a los profesionales del sector y a toda la ciudadan\u00eda en general, con la voluntad de contribuir a la generaci\u00f3n de conocimiento.<\/p>\n<p>Este proyecto tiene en cuenta diferentes perspectivas de an\u00e1lisis que intervienen en la actividad tur\u00edstica, como por ejemplo la aportaci\u00f3n del turismo a la econom\u00eda comarcal y a la creaci\u00f3n de ocupaci\u00f3n, conocer cu\u00e1l es el perfil y motivaci\u00f3n del turista que nos visita, entender c\u00f3mo se desarrolla el territorio en t\u00e9rminos de sostenibilidad e interpretar qu\u00e9 identidad y reputaci\u00f3n genera el territorio en la red, entre otros.<\/p>\n<p>Los beneficios de este proyecto por el sector tur\u00edstico se resumen en:<\/p>\n<p>\u2013 Acceso gratuito a informaci\u00f3n actualizada y contrastada sobre la actividad tur\u00edstica que se desarrolla en el Baix Empord\u00e0, a trav\u00e9s del portal: <a href=\"http:\/\/www.observatoriemporda.com\">www.observatoriemporda.com<\/a><\/p>\n<p>\u2013 Consulta y descarga del informe anual para analizar e interpretar como el turismo evoluciona en el Baix Empord\u00e0.<\/p>\n<p>\u2013 Acceso al hist\u00f3rico de datos para consultar la evoluci\u00f3n y los posibles cambios de tendencia experimentados en los diferentes indicadores estad\u00edsticos.<\/p>\n<p>\u2013 Conocimiento de la comarca en t\u00e9rminos de sostenibilidad por medio de los indicadores ETIS (European Tourism Indicators System).<\/p>\n<p>\u2013 Personalizaci\u00f3n y adaptaci\u00f3n de los resultados a la realidad tur\u00edstica de cada municipio.<\/p>\n<p>\u2013 Implicaci\u00f3n del sector p\u00fablico y privado, fomentando la participaci\u00f3n y cooperaci\u00f3n territorial.<\/p>\n<p>\u2013 Transferencia de datos y colaboraci\u00f3n entre administraciones.<\/p>\n<p>&nbsp;<\/p>\n","protected":false},"excerpt":{"rendered":"<p>Desde el a\u00f1o 2016, el \u00e1rea de Turismo trabaja en la consolidaci\u00f3n del Observatorio del Turismo del Baix Empord\u00e0, un proyecto que pretende generar conocimiento sobre el territorio y contribuir a la creaci\u00f3n de informaci\u00f3n relacionada con la realidad econ\u00f3mica y tur\u00edstica de la comarca. Teniendo en cuenta que el turismo es una de las [&hellip;]<\/p>\n","protected":false},"author":2,"featured_media":22429,"parent":30001,"menu_order":0,"comment_status":"closed","ping_status":"closed","template":"page-templates\/fitxa-campanyes-gastronomiques.php","meta":{"_acf_changed":false,"footnotes":""},"class_list":["post-30207","page","type-page","status-publish","has-post-thumbnail","hentry"],"acf":[],"yoast_head":"<!-- This site is optimized with the Yoast SEO plugin v27.4 - https:\/\/yoast.com\/product\/yoast-seo-wordpress\/ -->\n<title>Observatorio del Turismo del Baix Empord\u00e0 - Visit Empord\u00e0<\/title>\n<meta name=\"robots\" content=\"index, follow, max-snippet:-1, max-image-preview:large, max-video-preview:-1\" \/>\n<link rel=\"canonical\" href=\"https:\/\/visitemporda.com\/es\/professionals\/empreses\/projectes-de-la-destinacio\/observatori-del-turisme\/\" \/>\n<meta property=\"og:locale\" content=\"es_ES\" \/>\n<meta property=\"og:type\" content=\"article\" \/>\n<meta property=\"og:title\" content=\"Observatorio del Turismo del Baix Empord\u00e0 - Visit Empord\u00e0\" \/>\n<meta property=\"og:description\" content=\"Desde el a\u00f1o 2016, el \u00e1rea de Turismo trabaja en la consolidaci\u00f3n del Observatorio del Turismo del Baix Empord\u00e0, un proyecto que pretende generar conocimiento sobre el territorio y contribuir a la creaci\u00f3n de informaci\u00f3n relacionada con la realidad econ\u00f3mica y tur\u00edstica de la comarca. Teniendo en cuenta que el turismo es una de las [&hellip;]\" \/>\n<meta property=\"og:url\" content=\"https:\/\/visitemporda.com\/es\/professionals\/empreses\/projectes-de-la-destinacio\/observatori-del-turisme\/\" \/>\n<meta property=\"og:site_name\" content=\"Visit Empord\u00e0\" \/>\n<meta property=\"article:publisher\" content=\"https:\/\/www.facebook.com\/baixempordaturisme\" \/>\n<meta property=\"article:modified_time\" content=\"2021-05-14T18:51:08+00:00\" \/>\n<meta property=\"og:image\" content=\"https:\/\/visitemporda.com\/wp-content\/uploads\/2021\/03\/portada-observatori-fulleto.png\" \/>\n\t<meta property=\"og:image:width\" content=\"436\" \/>\n\t<meta property=\"og:image:height\" content=\"851\" \/>\n\t<meta property=\"og:image:type\" content=\"image\/png\" \/>\n<meta name=\"twitter:card\" content=\"summary_large_image\" \/>\n<meta name=\"twitter:site\" content=\"@baixemporda_tur\" \/>\n<meta name=\"twitter:label1\" content=\"Tiempo de lectura\" \/>\n\t<meta name=\"twitter:data1\" content=\"2 minutos\" \/>\n<script type=\"application\/ld+json\" class=\"yoast-schema-graph\">{\"@context\":\"https:\\\/\\\/schema.org\",\"@graph\":[{\"@type\":\"WebPage\",\"@id\":\"https:\\\/\\\/visitemporda.com\\\/es\\\/professionals\\\/empreses\\\/projectes-de-la-destinacio\\\/observatori-del-turisme\\\/\",\"url\":\"https:\\\/\\\/visitemporda.com\\\/es\\\/professionals\\\/empreses\\\/projectes-de-la-destinacio\\\/observatori-del-turisme\\\/\",\"name\":\"Observatorio del Turismo del Baix Empord\u00e0 - Visit Empord\u00e0\",\"isPartOf\":{\"@id\":\"https:\\\/\\\/visitemporda.com\\\/es\\\/#website\"},\"primaryImageOfPage\":{\"@id\":\"https:\\\/\\\/visitemporda.com\\\/es\\\/professionals\\\/empreses\\\/projectes-de-la-destinacio\\\/observatori-del-turisme\\\/#primaryimage\"},\"image\":{\"@id\":\"https:\\\/\\\/visitemporda.com\\\/es\\\/professionals\\\/empreses\\\/projectes-de-la-destinacio\\\/observatori-del-turisme\\\/#primaryimage\"},\"thumbnailUrl\":\"https:\\\/\\\/visitemporda.com\\\/wp-content\\\/uploads\\\/2021\\\/03\\\/portada-observatori-fulleto.png\",\"datePublished\":\"2021-03-16T09:02:36+00:00\",\"dateModified\":\"2021-05-14T18:51:08+00:00\",\"breadcrumb\":{\"@id\":\"https:\\\/\\\/visitemporda.com\\\/es\\\/professionals\\\/empreses\\\/projectes-de-la-destinacio\\\/observatori-del-turisme\\\/#breadcrumb\"},\"inLanguage\":\"es\",\"potentialAction\":[{\"@type\":\"ReadAction\",\"target\":[\"https:\\\/\\\/visitemporda.com\\\/es\\\/professionals\\\/empreses\\\/projectes-de-la-destinacio\\\/observatori-del-turisme\\\/\"]}]},{\"@type\":\"ImageObject\",\"inLanguage\":\"es\",\"@id\":\"https:\\\/\\\/visitemporda.com\\\/es\\\/professionals\\\/empreses\\\/projectes-de-la-destinacio\\\/observatori-del-turisme\\\/#primaryimage\",\"url\":\"https:\\\/\\\/visitemporda.com\\\/wp-content\\\/uploads\\\/2021\\\/03\\\/portada-observatori-fulleto.png\",\"contentUrl\":\"https:\\\/\\\/visitemporda.com\\\/wp-content\\\/uploads\\\/2021\\\/03\\\/portada-observatori-fulleto.png\",\"width\":436,\"height\":851,\"caption\":\"portada del fullet\u00f3 del projecte Observatori del Turisme. Es una portada rectangular amb una platja de gons i amb el logotip del projecte i dues icones de color blau: una pantalla amb una lupa i un gr\u00e0fic de barres.\"},{\"@type\":\"BreadcrumbList\",\"@id\":\"https:\\\/\\\/visitemporda.com\\\/es\\\/professionals\\\/empreses\\\/projectes-de-la-destinacio\\\/observatori-del-turisme\\\/#breadcrumb\",\"itemListElement\":[{\"@type\":\"ListItem\",\"position\":1,\"name\":\"Inici\",\"item\":\"https:\\\/\\\/visitemporda.com\\\/es\\\/\"},{\"@type\":\"ListItem\",\"position\":2,\"name\":\"Profesionales\",\"item\":\"https:\\\/\\\/visitemporda.com\\\/es\\\/professionals\\\/\"},{\"@type\":\"ListItem\",\"position\":3,\"name\":\"Empresas tur\u00edsticas\",\"item\":\"https:\\\/\\\/visitemporda.com\\\/es\\\/professionals\\\/empreses\\\/\"},{\"@type\":\"ListItem\",\"position\":4,\"name\":\"Proyectos del destino\",\"item\":\"https:\\\/\\\/visitemporda.com\\\/es\\\/professionals\\\/empreses\\\/projectes-de-la-destinacio\\\/\"},{\"@type\":\"ListItem\",\"position\":5,\"name\":\"Observatorio del Turismo del Baix Empord\u00e0\"}]},{\"@type\":\"WebSite\",\"@id\":\"https:\\\/\\\/visitemporda.com\\\/es\\\/#website\",\"url\":\"https:\\\/\\\/visitemporda.com\\\/es\\\/\",\"name\":\"Visit Empord\u00e0\",\"description\":\"Web tur\u00edstica oficial del Baix Empord\u00e0\",\"publisher\":{\"@id\":\"https:\\\/\\\/visitemporda.com\\\/es\\\/#organization\"},\"potentialAction\":[{\"@type\":\"SearchAction\",\"target\":{\"@type\":\"EntryPoint\",\"urlTemplate\":\"https:\\\/\\\/visitemporda.com\\\/es\\\/?s={search_term_string}\"},\"query-input\":{\"@type\":\"PropertyValueSpecification\",\"valueRequired\":true,\"valueName\":\"search_term_string\"}}],\"inLanguage\":\"es\"},{\"@type\":\"Organization\",\"@id\":\"https:\\\/\\\/visitemporda.com\\\/es\\\/#organization\",\"name\":\"Consell Comarcal del Baix Empord\u00e0\",\"url\":\"https:\\\/\\\/visitemporda.com\\\/es\\\/\",\"logo\":{\"@type\":\"ImageObject\",\"inLanguage\":\"es\",\"@id\":\"https:\\\/\\\/visitemporda.com\\\/es\\\/#\\\/schema\\\/logo\\\/image\\\/\",\"url\":\"https:\\\/\\\/visitemporda.com\\\/wp-content\\\/uploads\\\/2024\\\/11\\\/Logotip_CCBE.png\",\"contentUrl\":\"https:\\\/\\\/visitemporda.com\\\/wp-content\\\/uploads\\\/2024\\\/11\\\/Logotip_CCBE.png\",\"width\":3617,\"height\":3617,\"caption\":\"Consell Comarcal del Baix Empord\u00e0\"},\"image\":{\"@id\":\"https:\\\/\\\/visitemporda.com\\\/es\\\/#\\\/schema\\\/logo\\\/image\\\/\"},\"sameAs\":[\"https:\\\/\\\/www.facebook.com\\\/baixempordaturisme\",\"https:\\\/\\\/x.com\\\/baixemporda_tur\",\"https:\\\/\\\/www.instagram.com\\\/visitemporda\"]}]}<\/script>\n<!-- \/ Yoast SEO plugin. -->","yoast_head_json":{"title":"Observatorio del Turismo del Baix Empord\u00e0 - Visit Empord\u00e0","robots":{"index":"index","follow":"follow","max-snippet":"max-snippet:-1","max-image-preview":"max-image-preview:large","max-video-preview":"max-video-preview:-1"},"canonical":"https:\/\/visitemporda.com\/es\/professionals\/empreses\/projectes-de-la-destinacio\/observatori-del-turisme\/","og_locale":"es_ES","og_type":"article","og_title":"Observatorio del Turismo del Baix Empord\u00e0 - Visit Empord\u00e0","og_description":"Desde el a\u00f1o 2016, el \u00e1rea de Turismo trabaja en la consolidaci\u00f3n del Observatorio del Turismo del Baix Empord\u00e0, un proyecto que pretende generar conocimiento sobre el territorio y contribuir a la creaci\u00f3n de informaci\u00f3n relacionada con la realidad econ\u00f3mica y tur\u00edstica de la comarca. Teniendo en cuenta que el turismo es una de las [&hellip;]","og_url":"https:\/\/visitemporda.com\/es\/professionals\/empreses\/projectes-de-la-destinacio\/observatori-del-turisme\/","og_site_name":"Visit Empord\u00e0","article_publisher":"https:\/\/www.facebook.com\/baixempordaturisme","article_modified_time":"2021-05-14T18:51:08+00:00","og_image":[{"width":436,"height":851,"url":"https:\/\/visitemporda.com\/wp-content\/uploads\/2021\/03\/portada-observatori-fulleto.png","type":"image\/png"}],"twitter_card":"summary_large_image","twitter_site":"@baixemporda_tur","twitter_misc":{"Tiempo de lectura":"2 minutos"},"schema":{"@context":"https:\/\/schema.org","@graph":[{"@type":"WebPage","@id":"https:\/\/visitemporda.com\/es\/professionals\/empreses\/projectes-de-la-destinacio\/observatori-del-turisme\/","url":"https:\/\/visitemporda.com\/es\/professionals\/empreses\/projectes-de-la-destinacio\/observatori-del-turisme\/","name":"Observatorio del Turismo del Baix Empord\u00e0 - Visit Empord\u00e0","isPartOf":{"@id":"https:\/\/visitemporda.com\/es\/#website"},"primaryImageOfPage":{"@id":"https:\/\/visitemporda.com\/es\/professionals\/empreses\/projectes-de-la-destinacio\/observatori-del-turisme\/#primaryimage"},"image":{"@id":"https:\/\/visitemporda.com\/es\/professionals\/empreses\/projectes-de-la-destinacio\/observatori-del-turisme\/#primaryimage"},"thumbnailUrl":"https:\/\/visitemporda.com\/wp-content\/uploads\/2021\/03\/portada-observatori-fulleto.png","datePublished":"2021-03-16T09:02:36+00:00","dateModified":"2021-05-14T18:51:08+00:00","breadcrumb":{"@id":"https:\/\/visitemporda.com\/es\/professionals\/empreses\/projectes-de-la-destinacio\/observatori-del-turisme\/#breadcrumb"},"inLanguage":"es","potentialAction":[{"@type":"ReadAction","target":["https:\/\/visitemporda.com\/es\/professionals\/empreses\/projectes-de-la-destinacio\/observatori-del-turisme\/"]}]},{"@type":"ImageObject","inLanguage":"es","@id":"https:\/\/visitemporda.com\/es\/professionals\/empreses\/projectes-de-la-destinacio\/observatori-del-turisme\/#primaryimage","url":"https:\/\/visitemporda.com\/wp-content\/uploads\/2021\/03\/portada-observatori-fulleto.png","contentUrl":"https:\/\/visitemporda.com\/wp-content\/uploads\/2021\/03\/portada-observatori-fulleto.png","width":436,"height":851,"caption":"portada del fullet\u00f3 del projecte Observatori del Turisme. Es una portada rectangular amb una platja de gons i amb el logotip del projecte i dues icones de color blau: una pantalla amb una lupa i un gr\u00e0fic de barres."},{"@type":"BreadcrumbList","@id":"https:\/\/visitemporda.com\/es\/professionals\/empreses\/projectes-de-la-destinacio\/observatori-del-turisme\/#breadcrumb","itemListElement":[{"@type":"ListItem","position":1,"name":"Inici","item":"https:\/\/visitemporda.com\/es\/"},{"@type":"ListItem","position":2,"name":"Profesionales","item":"https:\/\/visitemporda.com\/es\/professionals\/"},{"@type":"ListItem","position":3,"name":"Empresas tur\u00edsticas","item":"https:\/\/visitemporda.com\/es\/professionals\/empreses\/"},{"@type":"ListItem","position":4,"name":"Proyectos del destino","item":"https:\/\/visitemporda.com\/es\/professionals\/empreses\/projectes-de-la-destinacio\/"},{"@type":"ListItem","position":5,"name":"Observatorio del Turismo del Baix Empord\u00e0"}]},{"@type":"WebSite","@id":"https:\/\/visitemporda.com\/es\/#website","url":"https:\/\/visitemporda.com\/es\/","name":"Visit Empord\u00e0","description":"Web tur\u00edstica oficial del Baix Empord\u00e0","publisher":{"@id":"https:\/\/visitemporda.com\/es\/#organization"},"potentialAction":[{"@type":"SearchAction","target":{"@type":"EntryPoint","urlTemplate":"https:\/\/visitemporda.com\/es\/?s={search_term_string}"},"query-input":{"@type":"PropertyValueSpecification","valueRequired":true,"valueName":"search_term_string"}}],"inLanguage":"es"},{"@type":"Organization","@id":"https:\/\/visitemporda.com\/es\/#organization","name":"Consell Comarcal del Baix Empord\u00e0","url":"https:\/\/visitemporda.com\/es\/","logo":{"@type":"ImageObject","inLanguage":"es","@id":"https:\/\/visitemporda.com\/es\/#\/schema\/logo\/image\/","url":"https:\/\/visitemporda.com\/wp-content\/uploads\/2024\/11\/Logotip_CCBE.png","contentUrl":"https:\/\/visitemporda.com\/wp-content\/uploads\/2024\/11\/Logotip_CCBE.png","width":3617,"height":3617,"caption":"Consell Comarcal del Baix Empord\u00e0"},"image":{"@id":"https:\/\/visitemporda.com\/es\/#\/schema\/logo\/image\/"},"sameAs":["https:\/\/www.facebook.com\/baixempordaturisme","https:\/\/x.com\/baixemporda_tur","https:\/\/www.instagram.com\/visitemporda"]}]}},"_links":{"self":[{"href":"https:\/\/visitemporda.com\/es\/wp-json\/wp\/v2\/pages\/30207","targetHints":{"allow":["GET"]}}],"collection":[{"href":"https:\/\/visitemporda.com\/es\/wp-json\/wp\/v2\/pages"}],"about":[{"href":"https:\/\/visitemporda.com\/es\/wp-json\/wp\/v2\/types\/page"}],"author":[{"embeddable":true,"href":"https:\/\/visitemporda.com\/es\/wp-json\/wp\/v2\/users\/2"}],"replies":[{"embeddable":true,"href":"https:\/\/visitemporda.com\/es\/wp-json\/wp\/v2\/comments?post=30207"}],"version-history":[{"count":2,"href":"https:\/\/visitemporda.com\/es\/wp-json\/wp\/v2\/pages\/30207\/revisions"}],"predecessor-version":[{"id":30209,"href":"https:\/\/visitemporda.com\/es\/wp-json\/wp\/v2\/pages\/30207\/revisions\/30209"}],"up":[{"embeddable":true,"href":"https:\/\/visitemporda.com\/es\/wp-json\/wp\/v2\/pages\/30001"}],"wp:featuredmedia":[{"embeddable":true,"href":"https:\/\/visitemporda.com\/es\/wp-json\/wp\/v2\/media\/22429"}],"wp:attachment":[{"href":"https:\/\/visitemporda.com\/es\/wp-json\/wp\/v2\/media?parent=30207"}],"curies":[{"name":"wp","href":"https:\/\/api.w.org\/{rel}","templated":true}]}}