

{"id":30014,"date":"2020-12-03T10:55:54","date_gmt":"2020-12-03T09:55:54","guid":{"rendered":"http:\/\/visitemporda.com\/professionals\/empreses\/projectes-de-la-destinacio\/pla-daccessibilitat-turistica-del-baix-emporda\/"},"modified":"2024-08-02T10:02:44","modified_gmt":"2024-08-02T08:02:44","slug":"pla-daccessibilitat-turistica-del-baix-emporda","status":"publish","type":"page","link":"https:\/\/visitemporda.com\/es\/professionals\/empreses\/projectes-de-la-destinacio\/pla-daccessibilitat-turistica-del-baix-emporda\/","title":{"rendered":"Plan de Accesibilidad Tur\u00edstica del Baix Empord\u00e0"},"content":{"rendered":"<p>El Plan de Accesibilidad Tur\u00edstica del Baix Empord\u00e0 es un proyecto impulsado por el \u00e1rea de Turismo del Consell Comarcal con el objetivo de poner en valor la comarca como destino tur\u00edstico accesible y generar un nuevo valor diferencial y cualitativo en la competitividad tur\u00edstica que ofrece el Baix Empord\u00e0.<\/p>\n<p>Los destinatarios de este proyecto son, en primer lugar, todos aquellos espacios p\u00fablicos y privados que forman parte de la oferta tur\u00edstica del Baix Empord\u00e0 y que quieren mejorar su accesibilidad tur\u00edstica, como son: oficinas de turismo, espacios naturales, recursos culturales, empresas de alojamiento, restaurantes, empresas de turismo activo, etc. Los destinatarios finales son turistas, visitantes y todas aquellas personas que tienen alg\u00fan tipo de discapacidad (f\u00edsica o motriz, sensorial o intelectual), movilidad reducida o necesidades especiales.<\/p>\n<p>Cualquier empresa o entidad del Baix Empord\u00e0 que ofrezca un servicio tur\u00edstico puede entrar a la plataforma <a href=\"https:\/\/accessibilitat.baixemporda.cat\/\">https:\/\/accessibilitat.baixemporda.cat\/<\/a> , registrarse y conocer su nivel de accesibilidad tur\u00edstica.<\/p>\n<p>\u00a1An\u00edmate y participa para convertir el Baix Empord\u00e0 en un destino tur\u00edstico inclusivo!<\/p>\n<p><a href=\"https:\/\/visitemporda.com\/wp-content\/uploads\/2024\/08\/QR_LF.pdf\" target=\"_blank\" rel=\"noopener\">Proyecto pictorizaci\u00f3n de la comarca<\/a><\/p>\n","protected":false},"excerpt":{"rendered":"<p>El Plan de Accesibilidad Tur\u00edstica del Baix Empord\u00e0 es un proyecto impulsado por el \u00e1rea de Turismo del Consell Comarcal con el objetivo de poner en valor la comarca como destino tur\u00edstico accesible y generar un nuevo valor diferencial y cualitativo en la competitividad tur\u00edstica que ofrece el Baix Empord\u00e0. Los destinatarios de este proyecto [&hellip;]<\/p>\n","protected":false},"author":5,"featured_media":22488,"parent":30001,"menu_order":0,"comment_status":"closed","ping_status":"closed","template":"page-templates\/fitxa-campanyes-gastronomiques.php","meta":{"_acf_changed":false,"footnotes":""},"class_list":["post-30014","page","type-page","status-publish","has-post-thumbnail","hentry"],"acf":[],"yoast_head":"<!-- This site is optimized with the Yoast SEO plugin v27.3 - https:\/\/yoast.com\/product\/yoast-seo-wordpress\/ -->\n<title>Plan de Accesibilidad Tur\u00edstica del Baix Empord\u00e0 - Visit Empord\u00e0<\/title>\n<meta name=\"robots\" content=\"index, follow, max-snippet:-1, max-image-preview:large, max-video-preview:-1\" \/>\n<link rel=\"canonical\" href=\"https:\/\/visitemporda.com\/es\/professionals\/empreses\/projectes-de-la-destinacio\/pla-daccessibilitat-turistica-del-baix-emporda\/\" \/>\n<meta property=\"og:locale\" content=\"es_ES\" \/>\n<meta property=\"og:type\" content=\"article\" \/>\n<meta property=\"og:title\" content=\"Plan de Accesibilidad Tur\u00edstica del Baix Empord\u00e0 - Visit Empord\u00e0\" \/>\n<meta property=\"og:description\" content=\"El Plan de Accesibilidad Tur\u00edstica del Baix Empord\u00e0 es un proyecto impulsado por el \u00e1rea de Turismo del Consell Comarcal con el objetivo de poner en valor la comarca como destino tur\u00edstico accesible y generar un nuevo valor diferencial y cualitativo en la competitividad tur\u00edstica que ofrece el Baix Empord\u00e0. Los destinatarios de este proyecto [&hellip;]\" \/>\n<meta property=\"og:url\" content=\"https:\/\/visitemporda.com\/es\/professionals\/empreses\/projectes-de-la-destinacio\/pla-daccessibilitat-turistica-del-baix-emporda\/\" \/>\n<meta property=\"og:site_name\" content=\"Visit Empord\u00e0\" \/>\n<meta property=\"article:publisher\" content=\"https:\/\/www.facebook.com\/baixempordaturisme\" \/>\n<meta property=\"article:modified_time\" content=\"2024-08-02T08:02:44+00:00\" \/>\n<meta property=\"og:image\" content=\"https:\/\/visitemporda.com\/wp-content\/uploads\/2021\/03\/pla-accessibilitat-1.jpg\" \/>\n\t<meta property=\"og:image:width\" content=\"488\" \/>\n\t<meta property=\"og:image:height\" content=\"508\" \/>\n\t<meta property=\"og:image:type\" content=\"image\/jpeg\" \/>\n<meta name=\"twitter:card\" content=\"summary_large_image\" \/>\n<meta name=\"twitter:site\" content=\"@baixemporda_tur\" \/>\n<meta name=\"twitter:label1\" content=\"Tiempo de lectura\" \/>\n\t<meta name=\"twitter:data1\" content=\"1 minuto\" \/>\n<script type=\"application\/ld+json\" class=\"yoast-schema-graph\">{\"@context\":\"https:\\\/\\\/schema.org\",\"@graph\":[{\"@type\":\"WebPage\",\"@id\":\"https:\\\/\\\/visitemporda.com\\\/es\\\/professionals\\\/empreses\\\/projectes-de-la-destinacio\\\/pla-daccessibilitat-turistica-del-baix-emporda\\\/\",\"url\":\"https:\\\/\\\/visitemporda.com\\\/es\\\/professionals\\\/empreses\\\/projectes-de-la-destinacio\\\/pla-daccessibilitat-turistica-del-baix-emporda\\\/\",\"name\":\"Plan de Accesibilidad Tur\u00edstica del Baix Empord\u00e0 - Visit Empord\u00e0\",\"isPartOf\":{\"@id\":\"https:\\\/\\\/visitemporda.com\\\/es\\\/#website\"},\"primaryImageOfPage\":{\"@id\":\"https:\\\/\\\/visitemporda.com\\\/es\\\/professionals\\\/empreses\\\/projectes-de-la-destinacio\\\/pla-daccessibilitat-turistica-del-baix-emporda\\\/#primaryimage\"},\"image\":{\"@id\":\"https:\\\/\\\/visitemporda.com\\\/es\\\/professionals\\\/empreses\\\/projectes-de-la-destinacio\\\/pla-daccessibilitat-turistica-del-baix-emporda\\\/#primaryimage\"},\"thumbnailUrl\":\"https:\\\/\\\/visitemporda.com\\\/wp-content\\\/uploads\\\/2021\\\/03\\\/pla-accessibilitat-1.jpg\",\"datePublished\":\"2020-12-03T09:55:54+00:00\",\"dateModified\":\"2024-08-02T08:02:44+00:00\",\"breadcrumb\":{\"@id\":\"https:\\\/\\\/visitemporda.com\\\/es\\\/professionals\\\/empreses\\\/projectes-de-la-destinacio\\\/pla-daccessibilitat-turistica-del-baix-emporda\\\/#breadcrumb\"},\"inLanguage\":\"es\",\"potentialAction\":[{\"@type\":\"ReadAction\",\"target\":[\"https:\\\/\\\/visitemporda.com\\\/es\\\/professionals\\\/empreses\\\/projectes-de-la-destinacio\\\/pla-daccessibilitat-turistica-del-baix-emporda\\\/\"]}]},{\"@type\":\"ImageObject\",\"inLanguage\":\"es\",\"@id\":\"https:\\\/\\\/visitemporda.com\\\/es\\\/professionals\\\/empreses\\\/projectes-de-la-destinacio\\\/pla-daccessibilitat-turistica-del-baix-emporda\\\/#primaryimage\",\"url\":\"https:\\\/\\\/visitemporda.com\\\/wp-content\\\/uploads\\\/2021\\\/03\\\/pla-accessibilitat-1.jpg\",\"contentUrl\":\"https:\\\/\\\/visitemporda.com\\\/wp-content\\\/uploads\\\/2021\\\/03\\\/pla-accessibilitat-1.jpg\",\"width\":488,\"height\":508,\"caption\":\"Portada del fullet\u00f3 del projecte: pla d'accessibilitat tur\u00edstica del Baix Empord\u00e0. Hi ha una passarela de fusta amb vorades laterals que et porta a la platja i tamb\u00e9 el logotip d'accessibilitat universal, logotip de la marca Empord\u00e0.\"},{\"@type\":\"BreadcrumbList\",\"@id\":\"https:\\\/\\\/visitemporda.com\\\/es\\\/professionals\\\/empreses\\\/projectes-de-la-destinacio\\\/pla-daccessibilitat-turistica-del-baix-emporda\\\/#breadcrumb\",\"itemListElement\":[{\"@type\":\"ListItem\",\"position\":1,\"name\":\"Inici\",\"item\":\"https:\\\/\\\/visitemporda.com\\\/es\\\/\"},{\"@type\":\"ListItem\",\"position\":2,\"name\":\"Profesionales\",\"item\":\"https:\\\/\\\/visitemporda.com\\\/es\\\/professionals\\\/\"},{\"@type\":\"ListItem\",\"position\":3,\"name\":\"Empresas tur\u00edsticas\",\"item\":\"https:\\\/\\\/visitemporda.com\\\/es\\\/professionals\\\/empreses\\\/\"},{\"@type\":\"ListItem\",\"position\":4,\"name\":\"Proyectos del destino\",\"item\":\"https:\\\/\\\/visitemporda.com\\\/es\\\/professionals\\\/empreses\\\/projectes-de-la-destinacio\\\/\"},{\"@type\":\"ListItem\",\"position\":5,\"name\":\"Plan de Accesibilidad Tur\u00edstica del Baix Empord\u00e0\"}]},{\"@type\":\"WebSite\",\"@id\":\"https:\\\/\\\/visitemporda.com\\\/es\\\/#website\",\"url\":\"https:\\\/\\\/visitemporda.com\\\/es\\\/\",\"name\":\"Visit Empord\u00e0\",\"description\":\"Web tur\u00edstica oficial del Baix Empord\u00e0\",\"publisher\":{\"@id\":\"https:\\\/\\\/visitemporda.com\\\/es\\\/#organization\"},\"potentialAction\":[{\"@type\":\"SearchAction\",\"target\":{\"@type\":\"EntryPoint\",\"urlTemplate\":\"https:\\\/\\\/visitemporda.com\\\/es\\\/?s={search_term_string}\"},\"query-input\":{\"@type\":\"PropertyValueSpecification\",\"valueRequired\":true,\"valueName\":\"search_term_string\"}}],\"inLanguage\":\"es\"},{\"@type\":\"Organization\",\"@id\":\"https:\\\/\\\/visitemporda.com\\\/es\\\/#organization\",\"name\":\"Consell Comarcal del Baix Empord\u00e0\",\"url\":\"https:\\\/\\\/visitemporda.com\\\/es\\\/\",\"logo\":{\"@type\":\"ImageObject\",\"inLanguage\":\"es\",\"@id\":\"https:\\\/\\\/visitemporda.com\\\/es\\\/#\\\/schema\\\/logo\\\/image\\\/\",\"url\":\"https:\\\/\\\/visitemporda.com\\\/wp-content\\\/uploads\\\/2024\\\/11\\\/Logotip_CCBE.png\",\"contentUrl\":\"https:\\\/\\\/visitemporda.com\\\/wp-content\\\/uploads\\\/2024\\\/11\\\/Logotip_CCBE.png\",\"width\":3617,\"height\":3617,\"caption\":\"Consell Comarcal del Baix Empord\u00e0\"},\"image\":{\"@id\":\"https:\\\/\\\/visitemporda.com\\\/es\\\/#\\\/schema\\\/logo\\\/image\\\/\"},\"sameAs\":[\"https:\\\/\\\/www.facebook.com\\\/baixempordaturisme\",\"https:\\\/\\\/x.com\\\/baixemporda_tur\",\"https:\\\/\\\/www.instagram.com\\\/visitemporda\"]}]}<\/script>\n<!-- \/ Yoast SEO plugin. -->","yoast_head_json":{"title":"Plan de Accesibilidad Tur\u00edstica del Baix Empord\u00e0 - Visit Empord\u00e0","robots":{"index":"index","follow":"follow","max-snippet":"max-snippet:-1","max-image-preview":"max-image-preview:large","max-video-preview":"max-video-preview:-1"},"canonical":"https:\/\/visitemporda.com\/es\/professionals\/empreses\/projectes-de-la-destinacio\/pla-daccessibilitat-turistica-del-baix-emporda\/","og_locale":"es_ES","og_type":"article","og_title":"Plan de Accesibilidad Tur\u00edstica del Baix Empord\u00e0 - Visit Empord\u00e0","og_description":"El Plan de Accesibilidad Tur\u00edstica del Baix Empord\u00e0 es un proyecto impulsado por el \u00e1rea de Turismo del Consell Comarcal con el objetivo de poner en valor la comarca como destino tur\u00edstico accesible y generar un nuevo valor diferencial y cualitativo en la competitividad tur\u00edstica que ofrece el Baix Empord\u00e0. Los destinatarios de este proyecto [&hellip;]","og_url":"https:\/\/visitemporda.com\/es\/professionals\/empreses\/projectes-de-la-destinacio\/pla-daccessibilitat-turistica-del-baix-emporda\/","og_site_name":"Visit Empord\u00e0","article_publisher":"https:\/\/www.facebook.com\/baixempordaturisme","article_modified_time":"2024-08-02T08:02:44+00:00","og_image":[{"width":488,"height":508,"url":"https:\/\/visitemporda.com\/wp-content\/uploads\/2021\/03\/pla-accessibilitat-1.jpg","type":"image\/jpeg"}],"twitter_card":"summary_large_image","twitter_site":"@baixemporda_tur","twitter_misc":{"Tiempo de lectura":"1 minuto"},"schema":{"@context":"https:\/\/schema.org","@graph":[{"@type":"WebPage","@id":"https:\/\/visitemporda.com\/es\/professionals\/empreses\/projectes-de-la-destinacio\/pla-daccessibilitat-turistica-del-baix-emporda\/","url":"https:\/\/visitemporda.com\/es\/professionals\/empreses\/projectes-de-la-destinacio\/pla-daccessibilitat-turistica-del-baix-emporda\/","name":"Plan de Accesibilidad Tur\u00edstica del Baix Empord\u00e0 - Visit Empord\u00e0","isPartOf":{"@id":"https:\/\/visitemporda.com\/es\/#website"},"primaryImageOfPage":{"@id":"https:\/\/visitemporda.com\/es\/professionals\/empreses\/projectes-de-la-destinacio\/pla-daccessibilitat-turistica-del-baix-emporda\/#primaryimage"},"image":{"@id":"https:\/\/visitemporda.com\/es\/professionals\/empreses\/projectes-de-la-destinacio\/pla-daccessibilitat-turistica-del-baix-emporda\/#primaryimage"},"thumbnailUrl":"https:\/\/visitemporda.com\/wp-content\/uploads\/2021\/03\/pla-accessibilitat-1.jpg","datePublished":"2020-12-03T09:55:54+00:00","dateModified":"2024-08-02T08:02:44+00:00","breadcrumb":{"@id":"https:\/\/visitemporda.com\/es\/professionals\/empreses\/projectes-de-la-destinacio\/pla-daccessibilitat-turistica-del-baix-emporda\/#breadcrumb"},"inLanguage":"es","potentialAction":[{"@type":"ReadAction","target":["https:\/\/visitemporda.com\/es\/professionals\/empreses\/projectes-de-la-destinacio\/pla-daccessibilitat-turistica-del-baix-emporda\/"]}]},{"@type":"ImageObject","inLanguage":"es","@id":"https:\/\/visitemporda.com\/es\/professionals\/empreses\/projectes-de-la-destinacio\/pla-daccessibilitat-turistica-del-baix-emporda\/#primaryimage","url":"https:\/\/visitemporda.com\/wp-content\/uploads\/2021\/03\/pla-accessibilitat-1.jpg","contentUrl":"https:\/\/visitemporda.com\/wp-content\/uploads\/2021\/03\/pla-accessibilitat-1.jpg","width":488,"height":508,"caption":"Portada del fullet\u00f3 del projecte: pla d'accessibilitat tur\u00edstica del Baix Empord\u00e0. Hi ha una passarela de fusta amb vorades laterals que et porta a la platja i tamb\u00e9 el logotip d'accessibilitat universal, logotip de la marca Empord\u00e0."},{"@type":"BreadcrumbList","@id":"https:\/\/visitemporda.com\/es\/professionals\/empreses\/projectes-de-la-destinacio\/pla-daccessibilitat-turistica-del-baix-emporda\/#breadcrumb","itemListElement":[{"@type":"ListItem","position":1,"name":"Inici","item":"https:\/\/visitemporda.com\/es\/"},{"@type":"ListItem","position":2,"name":"Profesionales","item":"https:\/\/visitemporda.com\/es\/professionals\/"},{"@type":"ListItem","position":3,"name":"Empresas tur\u00edsticas","item":"https:\/\/visitemporda.com\/es\/professionals\/empreses\/"},{"@type":"ListItem","position":4,"name":"Proyectos del destino","item":"https:\/\/visitemporda.com\/es\/professionals\/empreses\/projectes-de-la-destinacio\/"},{"@type":"ListItem","position":5,"name":"Plan de Accesibilidad Tur\u00edstica del Baix Empord\u00e0"}]},{"@type":"WebSite","@id":"https:\/\/visitemporda.com\/es\/#website","url":"https:\/\/visitemporda.com\/es\/","name":"Visit Empord\u00e0","description":"Web tur\u00edstica oficial del Baix Empord\u00e0","publisher":{"@id":"https:\/\/visitemporda.com\/es\/#organization"},"potentialAction":[{"@type":"SearchAction","target":{"@type":"EntryPoint","urlTemplate":"https:\/\/visitemporda.com\/es\/?s={search_term_string}"},"query-input":{"@type":"PropertyValueSpecification","valueRequired":true,"valueName":"search_term_string"}}],"inLanguage":"es"},{"@type":"Organization","@id":"https:\/\/visitemporda.com\/es\/#organization","name":"Consell Comarcal del Baix Empord\u00e0","url":"https:\/\/visitemporda.com\/es\/","logo":{"@type":"ImageObject","inLanguage":"es","@id":"https:\/\/visitemporda.com\/es\/#\/schema\/logo\/image\/","url":"https:\/\/visitemporda.com\/wp-content\/uploads\/2024\/11\/Logotip_CCBE.png","contentUrl":"https:\/\/visitemporda.com\/wp-content\/uploads\/2024\/11\/Logotip_CCBE.png","width":3617,"height":3617,"caption":"Consell Comarcal del Baix Empord\u00e0"},"image":{"@id":"https:\/\/visitemporda.com\/es\/#\/schema\/logo\/image\/"},"sameAs":["https:\/\/www.facebook.com\/baixempordaturisme","https:\/\/x.com\/baixemporda_tur","https:\/\/www.instagram.com\/visitemporda"]}]}},"_links":{"self":[{"href":"https:\/\/visitemporda.com\/es\/wp-json\/wp\/v2\/pages\/30014","targetHints":{"allow":["GET"]}}],"collection":[{"href":"https:\/\/visitemporda.com\/es\/wp-json\/wp\/v2\/pages"}],"about":[{"href":"https:\/\/visitemporda.com\/es\/wp-json\/wp\/v2\/types\/page"}],"author":[{"embeddable":true,"href":"https:\/\/visitemporda.com\/es\/wp-json\/wp\/v2\/users\/5"}],"replies":[{"embeddable":true,"href":"https:\/\/visitemporda.com\/es\/wp-json\/wp\/v2\/comments?post=30014"}],"version-history":[{"count":4,"href":"https:\/\/visitemporda.com\/es\/wp-json\/wp\/v2\/pages\/30014\/revisions"}],"predecessor-version":[{"id":48545,"href":"https:\/\/visitemporda.com\/es\/wp-json\/wp\/v2\/pages\/30014\/revisions\/48545"}],"up":[{"embeddable":true,"href":"https:\/\/visitemporda.com\/es\/wp-json\/wp\/v2\/pages\/30001"}],"wp:featuredmedia":[{"embeddable":true,"href":"https:\/\/visitemporda.com\/es\/wp-json\/wp\/v2\/media\/22488"}],"wp:attachment":[{"href":"https:\/\/visitemporda.com\/es\/wp-json\/wp\/v2\/media?parent=30014"}],"curies":[{"name":"wp","href":"https:\/\/api.w.org\/{rel}","templated":true}]}}