

{"id":22890,"date":"2020-07-02T13:50:53","date_gmt":"2020-07-02T11:50:53","guid":{"rendered":"http:\/\/visitemporda.com\/professionals\/empreses\/serveis-a-les-empreses\/"},"modified":"2021-05-06T18:09:50","modified_gmt":"2021-05-06T16:09:50","slug":"serveis-a-les-empreses","status":"publish","type":"page","link":"https:\/\/visitemporda.com\/es\/professionals\/empreses\/serveis-a-les-empreses\/","title":{"rendered":"Servicios a las empresas"},"content":{"rendered":"<p><strong><u>Servicio de informaci\u00f3n tur\u00edstica <\/u><\/strong><\/p>\n<p>Material informativo y tur\u00edstico a disposici\u00f3n de todas las empresas de la comarca con el fin de poder informar a sus clientes sobre los principales recursos y atractivos de la comarca.<\/p>\n<p><a href=\"https:\/\/visitemporda.com\/es\/planifica\/publicacions\/\" target=\"_blank\" rel=\"noopener noreferrer\">Consulta nuestras publicaciones<\/a><\/p>\n<p><strong><u>Servicio de difusi\u00f3n tur\u00edstica <\/u><\/strong><\/p>\n<p>Difusi\u00f3n individual de todos los establecimientos tur\u00edsticos a la p\u00e1gina web (<a href=\"http:\/\/www.visitemporda.com\">www.visitemporda.com<\/a>). Participaci\u00f3n en acciones de acompa\u00f1amiento a la difusi\u00f3n del territorio a trav\u00e9s de formatos digitales (web y redes sociales) o de formatos imprimidos (publicaciones y material divulgativo de la comarca).<\/p>\n<p><strong><u>Servicio de soporte a la creaci\u00f3n de producto<\/u><\/strong><\/p>\n<p>Informaci\u00f3n y asesoramiento en las empresas tur\u00edsticas en la creaci\u00f3n de productos, con especializaci\u00f3n en turismo activo, cultural, agroalimentario, accesible y turismo responsable.<\/p>\n<p><strong><u>Servicio de soporte a la comercializaci\u00f3n<\/u><\/strong><\/p>\n<p>Informaci\u00f3n sobre mercados y operadores tur\u00edsticos. Fomento de la creaci\u00f3n de experiencias tur\u00edsticas y participaci\u00f3n en la difusi\u00f3n a trav\u00e9s de la web tur\u00edstica comarcal.<\/p>\n<p><strong><u>Servicio de an\u00e1lisis de datos <\/u><\/strong><\/p>\n<p>Informaci\u00f3n estad\u00edstica sobre la actividad tur\u00edstica y econ\u00f3mica de la comarca. Disposici\u00f3n de informes con datos y tambi\u00e9n indicadores comarcales.<\/p>\n<p><strong><u>Servicio de uso de im\u00e1genes y videos<\/u><\/strong><\/p>\n<p>Disposici\u00f3n de im\u00e1genes y videos para ser utilizados para promover los atractivos tur\u00edsticos comarcales y fomentar todav\u00eda m\u00e1s la actividad tur\u00edstica en el territorio.<\/p>\n<p>&nbsp;<\/p>\n<p>&nbsp;<\/p>\n","protected":false},"excerpt":{"rendered":"<p>Servicio de informaci\u00f3n tur\u00edstica Material informativo y tur\u00edstico a disposici\u00f3n de todas las empresas de la comarca con el fin de poder informar a sus clientes sobre los principales recursos y atractivos de la comarca. Consulta nuestras publicaciones Servicio de difusi\u00f3n tur\u00edstica Difusi\u00f3n individual de todos los establecimientos tur\u00edsticos a la p\u00e1gina web (www.visitemporda.com). Participaci\u00f3n [&hellip;]<\/p>\n","protected":false},"author":5,"featured_media":22725,"parent":21356,"menu_order":0,"comment_status":"closed","ping_status":"closed","template":"page-templates\/fitxa-campanyes-gastronomiques.php","meta":{"_acf_changed":false,"footnotes":""},"class_list":["post-22890","page","type-page","status-publish","has-post-thumbnail","hentry"],"acf":[],"yoast_head":"<!-- This site is optimized with the Yoast SEO plugin v27.3 - https:\/\/yoast.com\/product\/yoast-seo-wordpress\/ -->\n<title>Servicios a las empresas - Visit Empord\u00e0<\/title>\n<meta name=\"robots\" content=\"index, follow, max-snippet:-1, max-image-preview:large, max-video-preview:-1\" \/>\n<link rel=\"canonical\" href=\"https:\/\/visitemporda.com\/es\/professionals\/empreses\/serveis-a-les-empreses\/\" \/>\n<meta property=\"og:locale\" content=\"es_ES\" \/>\n<meta property=\"og:type\" content=\"article\" \/>\n<meta property=\"og:title\" content=\"Servicios a las empresas - Visit Empord\u00e0\" \/>\n<meta property=\"og:description\" content=\"Servicio de informaci\u00f3n tur\u00edstica Material informativo y tur\u00edstico a disposici\u00f3n de todas las empresas de la comarca con el fin de poder informar a sus clientes sobre los principales recursos y atractivos de la comarca. Consulta nuestras publicaciones Servicio de difusi\u00f3n tur\u00edstica Difusi\u00f3n individual de todos los establecimientos tur\u00edsticos a la p\u00e1gina web (www.visitemporda.com). Participaci\u00f3n [&hellip;]\" \/>\n<meta property=\"og:url\" content=\"https:\/\/visitemporda.com\/es\/professionals\/empreses\/serveis-a-les-empreses\/\" \/>\n<meta property=\"og:site_name\" content=\"Visit Empord\u00e0\" \/>\n<meta property=\"article:publisher\" content=\"https:\/\/www.facebook.com\/baixempordaturisme\" \/>\n<meta property=\"article:modified_time\" content=\"2021-05-06T16:09:50+00:00\" \/>\n<meta property=\"og:image\" content=\"https:\/\/visitemporda.com\/wp-content\/uploads\/2021\/04\/Dise\u00f1o-sin-t\u00edtulo-1.jpg\" \/>\n\t<meta property=\"og:image:width\" content=\"1747\" \/>\n\t<meta property=\"og:image:height\" content=\"1240\" \/>\n\t<meta property=\"og:image:type\" content=\"image\/jpeg\" \/>\n<meta name=\"twitter:card\" content=\"summary_large_image\" \/>\n<meta name=\"twitter:site\" content=\"@baixemporda_tur\" \/>\n<meta name=\"twitter:label1\" content=\"Tiempo de lectura\" \/>\n\t<meta name=\"twitter:data1\" content=\"1 minuto\" \/>\n<script type=\"application\/ld+json\" class=\"yoast-schema-graph\">{\"@context\":\"https:\\\/\\\/schema.org\",\"@graph\":[{\"@type\":\"WebPage\",\"@id\":\"https:\\\/\\\/visitemporda.com\\\/es\\\/professionals\\\/empreses\\\/serveis-a-les-empreses\\\/\",\"url\":\"https:\\\/\\\/visitemporda.com\\\/es\\\/professionals\\\/empreses\\\/serveis-a-les-empreses\\\/\",\"name\":\"Servicios a las empresas - Visit Empord\u00e0\",\"isPartOf\":{\"@id\":\"https:\\\/\\\/visitemporda.com\\\/es\\\/#website\"},\"primaryImageOfPage\":{\"@id\":\"https:\\\/\\\/visitemporda.com\\\/es\\\/professionals\\\/empreses\\\/serveis-a-les-empreses\\\/#primaryimage\"},\"image\":{\"@id\":\"https:\\\/\\\/visitemporda.com\\\/es\\\/professionals\\\/empreses\\\/serveis-a-les-empreses\\\/#primaryimage\"},\"thumbnailUrl\":\"https:\\\/\\\/visitemporda.com\\\/wp-content\\\/uploads\\\/2021\\\/04\\\/Dise\u00f1o-sin-t\u00edtulo-1.jpg\",\"datePublished\":\"2020-07-02T11:50:53+00:00\",\"dateModified\":\"2021-05-06T16:09:50+00:00\",\"breadcrumb\":{\"@id\":\"https:\\\/\\\/visitemporda.com\\\/es\\\/professionals\\\/empreses\\\/serveis-a-les-empreses\\\/#breadcrumb\"},\"inLanguage\":\"es\",\"potentialAction\":[{\"@type\":\"ReadAction\",\"target\":[\"https:\\\/\\\/visitemporda.com\\\/es\\\/professionals\\\/empreses\\\/serveis-a-les-empreses\\\/\"]}]},{\"@type\":\"ImageObject\",\"inLanguage\":\"es\",\"@id\":\"https:\\\/\\\/visitemporda.com\\\/es\\\/professionals\\\/empreses\\\/serveis-a-les-empreses\\\/#primaryimage\",\"url\":\"https:\\\/\\\/visitemporda.com\\\/wp-content\\\/uploads\\\/2021\\\/04\\\/Dise\u00f1o-sin-t\u00edtulo-1.jpg\",\"contentUrl\":\"https:\\\/\\\/visitemporda.com\\\/wp-content\\\/uploads\\\/2021\\\/04\\\/Dise\u00f1o-sin-t\u00edtulo-1.jpg\",\"width\":1747,\"height\":1240,\"caption\":\"Carpeta blanca amb el logotip empord\u00e0 amb una m\u00e0 que l'agafa\"},{\"@type\":\"BreadcrumbList\",\"@id\":\"https:\\\/\\\/visitemporda.com\\\/es\\\/professionals\\\/empreses\\\/serveis-a-les-empreses\\\/#breadcrumb\",\"itemListElement\":[{\"@type\":\"ListItem\",\"position\":1,\"name\":\"Inici\",\"item\":\"https:\\\/\\\/visitemporda.com\\\/es\\\/\"},{\"@type\":\"ListItem\",\"position\":2,\"name\":\"Profesionales\",\"item\":\"https:\\\/\\\/visitemporda.com\\\/es\\\/professionals\\\/\"},{\"@type\":\"ListItem\",\"position\":3,\"name\":\"Empresas tur\u00edsticas\",\"item\":\"https:\\\/\\\/visitemporda.com\\\/es\\\/professionals\\\/empreses\\\/\"},{\"@type\":\"ListItem\",\"position\":4,\"name\":\"Servicios a las empresas\"}]},{\"@type\":\"WebSite\",\"@id\":\"https:\\\/\\\/visitemporda.com\\\/es\\\/#website\",\"url\":\"https:\\\/\\\/visitemporda.com\\\/es\\\/\",\"name\":\"Visit Empord\u00e0\",\"description\":\"Web tur\u00edstica oficial del Baix Empord\u00e0\",\"publisher\":{\"@id\":\"https:\\\/\\\/visitemporda.com\\\/es\\\/#organization\"},\"potentialAction\":[{\"@type\":\"SearchAction\",\"target\":{\"@type\":\"EntryPoint\",\"urlTemplate\":\"https:\\\/\\\/visitemporda.com\\\/es\\\/?s={search_term_string}\"},\"query-input\":{\"@type\":\"PropertyValueSpecification\",\"valueRequired\":true,\"valueName\":\"search_term_string\"}}],\"inLanguage\":\"es\"},{\"@type\":\"Organization\",\"@id\":\"https:\\\/\\\/visitemporda.com\\\/es\\\/#organization\",\"name\":\"Consell Comarcal del Baix Empord\u00e0\",\"url\":\"https:\\\/\\\/visitemporda.com\\\/es\\\/\",\"logo\":{\"@type\":\"ImageObject\",\"inLanguage\":\"es\",\"@id\":\"https:\\\/\\\/visitemporda.com\\\/es\\\/#\\\/schema\\\/logo\\\/image\\\/\",\"url\":\"https:\\\/\\\/visitemporda.com\\\/wp-content\\\/uploads\\\/2024\\\/11\\\/Logotip_CCBE.png\",\"contentUrl\":\"https:\\\/\\\/visitemporda.com\\\/wp-content\\\/uploads\\\/2024\\\/11\\\/Logotip_CCBE.png\",\"width\":3617,\"height\":3617,\"caption\":\"Consell Comarcal del Baix Empord\u00e0\"},\"image\":{\"@id\":\"https:\\\/\\\/visitemporda.com\\\/es\\\/#\\\/schema\\\/logo\\\/image\\\/\"},\"sameAs\":[\"https:\\\/\\\/www.facebook.com\\\/baixempordaturisme\",\"https:\\\/\\\/x.com\\\/baixemporda_tur\",\"https:\\\/\\\/www.instagram.com\\\/visitemporda\"]}]}<\/script>\n<!-- \/ Yoast SEO plugin. -->","yoast_head_json":{"title":"Servicios a las empresas - Visit Empord\u00e0","robots":{"index":"index","follow":"follow","max-snippet":"max-snippet:-1","max-image-preview":"max-image-preview:large","max-video-preview":"max-video-preview:-1"},"canonical":"https:\/\/visitemporda.com\/es\/professionals\/empreses\/serveis-a-les-empreses\/","og_locale":"es_ES","og_type":"article","og_title":"Servicios a las empresas - Visit Empord\u00e0","og_description":"Servicio de informaci\u00f3n tur\u00edstica Material informativo y tur\u00edstico a disposici\u00f3n de todas las empresas de la comarca con el fin de poder informar a sus clientes sobre los principales recursos y atractivos de la comarca. Consulta nuestras publicaciones Servicio de difusi\u00f3n tur\u00edstica Difusi\u00f3n individual de todos los establecimientos tur\u00edsticos a la p\u00e1gina web (www.visitemporda.com). Participaci\u00f3n [&hellip;]","og_url":"https:\/\/visitemporda.com\/es\/professionals\/empreses\/serveis-a-les-empreses\/","og_site_name":"Visit Empord\u00e0","article_publisher":"https:\/\/www.facebook.com\/baixempordaturisme","article_modified_time":"2021-05-06T16:09:50+00:00","og_image":[{"width":1747,"height":1240,"url":"https:\/\/visitemporda.com\/wp-content\/uploads\/2021\/04\/Dise\u00f1o-sin-t\u00edtulo-1.jpg","type":"image\/jpeg"}],"twitter_card":"summary_large_image","twitter_site":"@baixemporda_tur","twitter_misc":{"Tiempo de lectura":"1 minuto"},"schema":{"@context":"https:\/\/schema.org","@graph":[{"@type":"WebPage","@id":"https:\/\/visitemporda.com\/es\/professionals\/empreses\/serveis-a-les-empreses\/","url":"https:\/\/visitemporda.com\/es\/professionals\/empreses\/serveis-a-les-empreses\/","name":"Servicios a las empresas - Visit Empord\u00e0","isPartOf":{"@id":"https:\/\/visitemporda.com\/es\/#website"},"primaryImageOfPage":{"@id":"https:\/\/visitemporda.com\/es\/professionals\/empreses\/serveis-a-les-empreses\/#primaryimage"},"image":{"@id":"https:\/\/visitemporda.com\/es\/professionals\/empreses\/serveis-a-les-empreses\/#primaryimage"},"thumbnailUrl":"https:\/\/visitemporda.com\/wp-content\/uploads\/2021\/04\/Dise\u00f1o-sin-t\u00edtulo-1.jpg","datePublished":"2020-07-02T11:50:53+00:00","dateModified":"2021-05-06T16:09:50+00:00","breadcrumb":{"@id":"https:\/\/visitemporda.com\/es\/professionals\/empreses\/serveis-a-les-empreses\/#breadcrumb"},"inLanguage":"es","potentialAction":[{"@type":"ReadAction","target":["https:\/\/visitemporda.com\/es\/professionals\/empreses\/serveis-a-les-empreses\/"]}]},{"@type":"ImageObject","inLanguage":"es","@id":"https:\/\/visitemporda.com\/es\/professionals\/empreses\/serveis-a-les-empreses\/#primaryimage","url":"https:\/\/visitemporda.com\/wp-content\/uploads\/2021\/04\/Dise\u00f1o-sin-t\u00edtulo-1.jpg","contentUrl":"https:\/\/visitemporda.com\/wp-content\/uploads\/2021\/04\/Dise\u00f1o-sin-t\u00edtulo-1.jpg","width":1747,"height":1240,"caption":"Carpeta blanca amb el logotip empord\u00e0 amb una m\u00e0 que l'agafa"},{"@type":"BreadcrumbList","@id":"https:\/\/visitemporda.com\/es\/professionals\/empreses\/serveis-a-les-empreses\/#breadcrumb","itemListElement":[{"@type":"ListItem","position":1,"name":"Inici","item":"https:\/\/visitemporda.com\/es\/"},{"@type":"ListItem","position":2,"name":"Profesionales","item":"https:\/\/visitemporda.com\/es\/professionals\/"},{"@type":"ListItem","position":3,"name":"Empresas tur\u00edsticas","item":"https:\/\/visitemporda.com\/es\/professionals\/empreses\/"},{"@type":"ListItem","position":4,"name":"Servicios a las empresas"}]},{"@type":"WebSite","@id":"https:\/\/visitemporda.com\/es\/#website","url":"https:\/\/visitemporda.com\/es\/","name":"Visit Empord\u00e0","description":"Web tur\u00edstica oficial del Baix Empord\u00e0","publisher":{"@id":"https:\/\/visitemporda.com\/es\/#organization"},"potentialAction":[{"@type":"SearchAction","target":{"@type":"EntryPoint","urlTemplate":"https:\/\/visitemporda.com\/es\/?s={search_term_string}"},"query-input":{"@type":"PropertyValueSpecification","valueRequired":true,"valueName":"search_term_string"}}],"inLanguage":"es"},{"@type":"Organization","@id":"https:\/\/visitemporda.com\/es\/#organization","name":"Consell Comarcal del Baix Empord\u00e0","url":"https:\/\/visitemporda.com\/es\/","logo":{"@type":"ImageObject","inLanguage":"es","@id":"https:\/\/visitemporda.com\/es\/#\/schema\/logo\/image\/","url":"https:\/\/visitemporda.com\/wp-content\/uploads\/2024\/11\/Logotip_CCBE.png","contentUrl":"https:\/\/visitemporda.com\/wp-content\/uploads\/2024\/11\/Logotip_CCBE.png","width":3617,"height":3617,"caption":"Consell Comarcal del Baix Empord\u00e0"},"image":{"@id":"https:\/\/visitemporda.com\/es\/#\/schema\/logo\/image\/"},"sameAs":["https:\/\/www.facebook.com\/baixempordaturisme","https:\/\/x.com\/baixemporda_tur","https:\/\/www.instagram.com\/visitemporda"]}]}},"_links":{"self":[{"href":"https:\/\/visitemporda.com\/es\/wp-json\/wp\/v2\/pages\/22890","targetHints":{"allow":["GET"]}}],"collection":[{"href":"https:\/\/visitemporda.com\/es\/wp-json\/wp\/v2\/pages"}],"about":[{"href":"https:\/\/visitemporda.com\/es\/wp-json\/wp\/v2\/types\/page"}],"author":[{"embeddable":true,"href":"https:\/\/visitemporda.com\/es\/wp-json\/wp\/v2\/users\/5"}],"replies":[{"embeddable":true,"href":"https:\/\/visitemporda.com\/es\/wp-json\/wp\/v2\/comments?post=22890"}],"version-history":[{"count":4,"href":"https:\/\/visitemporda.com\/es\/wp-json\/wp\/v2\/pages\/22890\/revisions"}],"predecessor-version":[{"id":29995,"href":"https:\/\/visitemporda.com\/es\/wp-json\/wp\/v2\/pages\/22890\/revisions\/29995"}],"up":[{"embeddable":true,"href":"https:\/\/visitemporda.com\/es\/wp-json\/wp\/v2\/pages\/21356"}],"wp:featuredmedia":[{"embeddable":true,"href":"https:\/\/visitemporda.com\/es\/wp-json\/wp\/v2\/media\/22725"}],"wp:attachment":[{"href":"https:\/\/visitemporda.com\/es\/wp-json\/wp\/v2\/media?parent=22890"}],"curies":[{"name":"wp","href":"https:\/\/api.w.org\/{rel}","templated":true}]}}