

{"id":22882,"date":"2021-03-31T12:57:18","date_gmt":"2021-03-31T10:57:18","guid":{"rendered":"http:\/\/visitemporda.com\/pla-daccessibilitat-turistica-del-baix-emporda-3\/"},"modified":"2021-04-16T13:09:11","modified_gmt":"2021-04-16T11:09:11","slug":"pla-daccessibilitat-turistica-del-baix-emporda-3","status":"publish","type":"page","link":"https:\/\/visitemporda.com\/es\/professionals\/empreses\/projectes-de-la-destinacio\/pla-daccessibilitat-turistica-del-baix-emporda-3\/","title":{"rendered":"Agroalimentaria y marca de garantia Productes de l\u2019Empord\u00e0"},"content":{"rendered":"<p>El Consell Comarcal del Baix Empord\u00e0 trabaja para poner en valor los productos agroalimentarios y los productos artesanos alimentarios, especialmente aquellos que son propios del Empord\u00e0. La marca de Garant\u00eda Productos del Empord\u00e0 certifica y reconoce aquellos productos producidos o elaborados, transformados y envasados en el Empord\u00e0, y seg\u00fan sus tradiciones. Actualmente forman parte de la marca el Arroz de Pals, Butifarra dulce, Brunyols del Empord\u00e0 (Bu\u00f1uelos de l\u2019Empord\u00e0), Cebolla de Figueres, Alubia peque\u00f1a (fesol de l\u2019ull ros), Gamba de Palam\u00f3s, Manzana de relleno de Vilabertran y el Recuit (Reques\u00f3n).<\/p>\n<p>El Consell Comarcal tambi\u00e9n contribuye a reconocer aquellos otros productos incluidos en otras certificaciones de calidad la Denominaci\u00f3n de Origen (DO) Vino del Empord\u00e0, la Denominaci\u00f3n de Origen Protegida (DOP) Aceite del Empord\u00e0 o la Identificaci\u00f3n Geogr\u00e1fica Protegida (IGP) Manzana de Girona.<\/p>\n<p>Adem\u00e1s, el \u00c1rea de Turismo impulsa la visita y el descubrimiento de aquellos productores y artesanos locales que con esfuerzo y dedicaci\u00f3n ayudan a mantener y a difundir la identidad de la comarca, abriendo las puertas de su casa. Una combinaci\u00f3n de turismo, artesan\u00eda y agroalimentaria que contribuye a un desarrollo tur\u00edstico sostenible y responsable de la comarca.<\/p>\n","protected":false},"excerpt":{"rendered":"<p>El Consell Comarcal del Baix Empord\u00e0 trabaja para poner en valor los productos agroalimentarios y los productos artesanos alimentarios, especialmente aquellos que son propios del Empord\u00e0. La marca de Garant\u00eda Productos del Empord\u00e0 certifica y reconoce aquellos productos producidos o elaborados, transformados y envasados en el Empord\u00e0, y seg\u00fan sus tradiciones. Actualmente forman parte de [&hellip;]<\/p>\n","protected":false},"author":2,"featured_media":22660,"parent":30001,"menu_order":0,"comment_status":"closed","ping_status":"closed","template":"page-templates\/fitxa-campanyes-gastronomiques.php","meta":{"_acf_changed":false,"footnotes":""},"class_list":["post-22882","page","type-page","status-publish","has-post-thumbnail","hentry"],"acf":[],"yoast_head":"<!-- This site is optimized with the Yoast SEO plugin v27.4 - https:\/\/yoast.com\/product\/yoast-seo-wordpress\/ -->\n<title>Agroalimentaria y marca de garantia Productes de l\u2019Empord\u00e0 - Visit Empord\u00e0<\/title>\n<meta name=\"robots\" content=\"index, follow, max-snippet:-1, max-image-preview:large, max-video-preview:-1\" \/>\n<link rel=\"canonical\" href=\"https:\/\/visitemporda.com\/es\/professionals\/empreses\/projectes-de-la-destinacio\/pla-daccessibilitat-turistica-del-baix-emporda-3\/\" \/>\n<meta property=\"og:locale\" content=\"es_ES\" \/>\n<meta property=\"og:type\" content=\"article\" \/>\n<meta property=\"og:title\" content=\"Agroalimentaria y marca de garantia Productes de l\u2019Empord\u00e0 - Visit Empord\u00e0\" \/>\n<meta property=\"og:description\" content=\"El Consell Comarcal del Baix Empord\u00e0 trabaja para poner en valor los productos agroalimentarios y los productos artesanos alimentarios, especialmente aquellos que son propios del Empord\u00e0. La marca de Garant\u00eda Productos del Empord\u00e0 certifica y reconoce aquellos productos producidos o elaborados, transformados y envasados en el Empord\u00e0, y seg\u00fan sus tradiciones. Actualmente forman parte de [&hellip;]\" \/>\n<meta property=\"og:url\" content=\"https:\/\/visitemporda.com\/es\/professionals\/empreses\/projectes-de-la-destinacio\/pla-daccessibilitat-turistica-del-baix-emporda-3\/\" \/>\n<meta property=\"og:site_name\" content=\"Visit Empord\u00e0\" \/>\n<meta property=\"article:publisher\" content=\"https:\/\/www.facebook.com\/baixempordaturisme\" \/>\n<meta property=\"article:modified_time\" content=\"2021-04-16T11:09:11+00:00\" \/>\n<meta property=\"og:image\" content=\"https:\/\/visitemporda.com\/wp-content\/uploads\/2021\/03\/Punt-de-llibre-definitiu-_compre.jpg\" \/>\n\t<meta property=\"og:image:width\" content=\"127\" \/>\n\t<meta property=\"og:image:height\" content=\"430\" \/>\n\t<meta property=\"og:image:type\" content=\"image\/jpeg\" \/>\n<meta name=\"twitter:card\" content=\"summary_large_image\" \/>\n<meta name=\"twitter:site\" content=\"@baixemporda_tur\" \/>\n<meta name=\"twitter:label1\" content=\"Tiempo de lectura\" \/>\n\t<meta name=\"twitter:data1\" content=\"1 minuto\" \/>\n<script type=\"application\/ld+json\" class=\"yoast-schema-graph\">{\"@context\":\"https:\\\/\\\/schema.org\",\"@graph\":[{\"@type\":\"WebPage\",\"@id\":\"https:\\\/\\\/visitemporda.com\\\/es\\\/professionals\\\/empreses\\\/projectes-de-la-destinacio\\\/pla-daccessibilitat-turistica-del-baix-emporda-3\\\/\",\"url\":\"https:\\\/\\\/visitemporda.com\\\/es\\\/professionals\\\/empreses\\\/projectes-de-la-destinacio\\\/pla-daccessibilitat-turistica-del-baix-emporda-3\\\/\",\"name\":\"Agroalimentaria y marca de garantia Productes de l\u2019Empord\u00e0 - Visit Empord\u00e0\",\"isPartOf\":{\"@id\":\"https:\\\/\\\/visitemporda.com\\\/es\\\/#website\"},\"primaryImageOfPage\":{\"@id\":\"https:\\\/\\\/visitemporda.com\\\/es\\\/professionals\\\/empreses\\\/projectes-de-la-destinacio\\\/pla-daccessibilitat-turistica-del-baix-emporda-3\\\/#primaryimage\"},\"image\":{\"@id\":\"https:\\\/\\\/visitemporda.com\\\/es\\\/professionals\\\/empreses\\\/projectes-de-la-destinacio\\\/pla-daccessibilitat-turistica-del-baix-emporda-3\\\/#primaryimage\"},\"thumbnailUrl\":\"https:\\\/\\\/visitemporda.com\\\/wp-content\\\/uploads\\\/2021\\\/03\\\/Punt-de-llibre-definitiu-_compre.jpg\",\"datePublished\":\"2021-03-31T10:57:18+00:00\",\"dateModified\":\"2021-04-16T11:09:11+00:00\",\"breadcrumb\":{\"@id\":\"https:\\\/\\\/visitemporda.com\\\/es\\\/professionals\\\/empreses\\\/projectes-de-la-destinacio\\\/pla-daccessibilitat-turistica-del-baix-emporda-3\\\/#breadcrumb\"},\"inLanguage\":\"es\",\"potentialAction\":[{\"@type\":\"ReadAction\",\"target\":[\"https:\\\/\\\/visitemporda.com\\\/es\\\/professionals\\\/empreses\\\/projectes-de-la-destinacio\\\/pla-daccessibilitat-turistica-del-baix-emporda-3\\\/\"]}]},{\"@type\":\"ImageObject\",\"inLanguage\":\"es\",\"@id\":\"https:\\\/\\\/visitemporda.com\\\/es\\\/professionals\\\/empreses\\\/projectes-de-la-destinacio\\\/pla-daccessibilitat-turistica-del-baix-emporda-3\\\/#primaryimage\",\"url\":\"https:\\\/\\\/visitemporda.com\\\/wp-content\\\/uploads\\\/2021\\\/03\\\/Punt-de-llibre-definitiu-_compre.jpg\",\"contentUrl\":\"https:\\\/\\\/visitemporda.com\\\/wp-content\\\/uploads\\\/2021\\\/03\\\/Punt-de-llibre-definitiu-_compre.jpg\",\"width\":127,\"height\":430,\"caption\":\"Punt de llibre marca de garantia productes de l'Empord\u00e0. Mida vertical. A dalt de tot logtip productes de l'empord\u00e0 i a sota imatge gamba, despr\u00e9s imatge botifarra dol\u00e7a, ceba de figueres, pomes de relleno, brunyols de l'empord\u00e0, arr\u00f2s de pals, fesol de l'ull ros, recuit..\"},{\"@type\":\"BreadcrumbList\",\"@id\":\"https:\\\/\\\/visitemporda.com\\\/es\\\/professionals\\\/empreses\\\/projectes-de-la-destinacio\\\/pla-daccessibilitat-turistica-del-baix-emporda-3\\\/#breadcrumb\",\"itemListElement\":[{\"@type\":\"ListItem\",\"position\":1,\"name\":\"Inici\",\"item\":\"https:\\\/\\\/visitemporda.com\\\/es\\\/\"},{\"@type\":\"ListItem\",\"position\":2,\"name\":\"Profesionales\",\"item\":\"https:\\\/\\\/visitemporda.com\\\/es\\\/professionals\\\/\"},{\"@type\":\"ListItem\",\"position\":3,\"name\":\"Empresas tur\u00edsticas\",\"item\":\"https:\\\/\\\/visitemporda.com\\\/es\\\/professionals\\\/empreses\\\/\"},{\"@type\":\"ListItem\",\"position\":4,\"name\":\"Proyectos del destino\",\"item\":\"https:\\\/\\\/visitemporda.com\\\/es\\\/professionals\\\/empreses\\\/projectes-de-la-destinacio\\\/\"},{\"@type\":\"ListItem\",\"position\":5,\"name\":\"Agroalimentaria y marca de garantia Productes de l\u2019Empord\u00e0\"}]},{\"@type\":\"WebSite\",\"@id\":\"https:\\\/\\\/visitemporda.com\\\/es\\\/#website\",\"url\":\"https:\\\/\\\/visitemporda.com\\\/es\\\/\",\"name\":\"Visit Empord\u00e0\",\"description\":\"Web tur\u00edstica oficial del Baix Empord\u00e0\",\"publisher\":{\"@id\":\"https:\\\/\\\/visitemporda.com\\\/es\\\/#organization\"},\"potentialAction\":[{\"@type\":\"SearchAction\",\"target\":{\"@type\":\"EntryPoint\",\"urlTemplate\":\"https:\\\/\\\/visitemporda.com\\\/es\\\/?s={search_term_string}\"},\"query-input\":{\"@type\":\"PropertyValueSpecification\",\"valueRequired\":true,\"valueName\":\"search_term_string\"}}],\"inLanguage\":\"es\"},{\"@type\":\"Organization\",\"@id\":\"https:\\\/\\\/visitemporda.com\\\/es\\\/#organization\",\"name\":\"Consell Comarcal del Baix Empord\u00e0\",\"url\":\"https:\\\/\\\/visitemporda.com\\\/es\\\/\",\"logo\":{\"@type\":\"ImageObject\",\"inLanguage\":\"es\",\"@id\":\"https:\\\/\\\/visitemporda.com\\\/es\\\/#\\\/schema\\\/logo\\\/image\\\/\",\"url\":\"https:\\\/\\\/visitemporda.com\\\/wp-content\\\/uploads\\\/2024\\\/11\\\/Logotip_CCBE.png\",\"contentUrl\":\"https:\\\/\\\/visitemporda.com\\\/wp-content\\\/uploads\\\/2024\\\/11\\\/Logotip_CCBE.png\",\"width\":3617,\"height\":3617,\"caption\":\"Consell Comarcal del Baix Empord\u00e0\"},\"image\":{\"@id\":\"https:\\\/\\\/visitemporda.com\\\/es\\\/#\\\/schema\\\/logo\\\/image\\\/\"},\"sameAs\":[\"https:\\\/\\\/www.facebook.com\\\/baixempordaturisme\",\"https:\\\/\\\/x.com\\\/baixemporda_tur\",\"https:\\\/\\\/www.instagram.com\\\/visitemporda\"]}]}<\/script>\n<!-- \/ Yoast SEO plugin. -->","yoast_head_json":{"title":"Agroalimentaria y marca de garantia Productes de l\u2019Empord\u00e0 - Visit Empord\u00e0","robots":{"index":"index","follow":"follow","max-snippet":"max-snippet:-1","max-image-preview":"max-image-preview:large","max-video-preview":"max-video-preview:-1"},"canonical":"https:\/\/visitemporda.com\/es\/professionals\/empreses\/projectes-de-la-destinacio\/pla-daccessibilitat-turistica-del-baix-emporda-3\/","og_locale":"es_ES","og_type":"article","og_title":"Agroalimentaria y marca de garantia Productes de l\u2019Empord\u00e0 - Visit Empord\u00e0","og_description":"El Consell Comarcal del Baix Empord\u00e0 trabaja para poner en valor los productos agroalimentarios y los productos artesanos alimentarios, especialmente aquellos que son propios del Empord\u00e0. La marca de Garant\u00eda Productos del Empord\u00e0 certifica y reconoce aquellos productos producidos o elaborados, transformados y envasados en el Empord\u00e0, y seg\u00fan sus tradiciones. Actualmente forman parte de [&hellip;]","og_url":"https:\/\/visitemporda.com\/es\/professionals\/empreses\/projectes-de-la-destinacio\/pla-daccessibilitat-turistica-del-baix-emporda-3\/","og_site_name":"Visit Empord\u00e0","article_publisher":"https:\/\/www.facebook.com\/baixempordaturisme","article_modified_time":"2021-04-16T11:09:11+00:00","og_image":[{"width":127,"height":430,"url":"https:\/\/visitemporda.com\/wp-content\/uploads\/2021\/03\/Punt-de-llibre-definitiu-_compre.jpg","type":"image\/jpeg"}],"twitter_card":"summary_large_image","twitter_site":"@baixemporda_tur","twitter_misc":{"Tiempo de lectura":"1 minuto"},"schema":{"@context":"https:\/\/schema.org","@graph":[{"@type":"WebPage","@id":"https:\/\/visitemporda.com\/es\/professionals\/empreses\/projectes-de-la-destinacio\/pla-daccessibilitat-turistica-del-baix-emporda-3\/","url":"https:\/\/visitemporda.com\/es\/professionals\/empreses\/projectes-de-la-destinacio\/pla-daccessibilitat-turistica-del-baix-emporda-3\/","name":"Agroalimentaria y marca de garantia Productes de l\u2019Empord\u00e0 - Visit Empord\u00e0","isPartOf":{"@id":"https:\/\/visitemporda.com\/es\/#website"},"primaryImageOfPage":{"@id":"https:\/\/visitemporda.com\/es\/professionals\/empreses\/projectes-de-la-destinacio\/pla-daccessibilitat-turistica-del-baix-emporda-3\/#primaryimage"},"image":{"@id":"https:\/\/visitemporda.com\/es\/professionals\/empreses\/projectes-de-la-destinacio\/pla-daccessibilitat-turistica-del-baix-emporda-3\/#primaryimage"},"thumbnailUrl":"https:\/\/visitemporda.com\/wp-content\/uploads\/2021\/03\/Punt-de-llibre-definitiu-_compre.jpg","datePublished":"2021-03-31T10:57:18+00:00","dateModified":"2021-04-16T11:09:11+00:00","breadcrumb":{"@id":"https:\/\/visitemporda.com\/es\/professionals\/empreses\/projectes-de-la-destinacio\/pla-daccessibilitat-turistica-del-baix-emporda-3\/#breadcrumb"},"inLanguage":"es","potentialAction":[{"@type":"ReadAction","target":["https:\/\/visitemporda.com\/es\/professionals\/empreses\/projectes-de-la-destinacio\/pla-daccessibilitat-turistica-del-baix-emporda-3\/"]}]},{"@type":"ImageObject","inLanguage":"es","@id":"https:\/\/visitemporda.com\/es\/professionals\/empreses\/projectes-de-la-destinacio\/pla-daccessibilitat-turistica-del-baix-emporda-3\/#primaryimage","url":"https:\/\/visitemporda.com\/wp-content\/uploads\/2021\/03\/Punt-de-llibre-definitiu-_compre.jpg","contentUrl":"https:\/\/visitemporda.com\/wp-content\/uploads\/2021\/03\/Punt-de-llibre-definitiu-_compre.jpg","width":127,"height":430,"caption":"Punt de llibre marca de garantia productes de l'Empord\u00e0. Mida vertical. A dalt de tot logtip productes de l'empord\u00e0 i a sota imatge gamba, despr\u00e9s imatge botifarra dol\u00e7a, ceba de figueres, pomes de relleno, brunyols de l'empord\u00e0, arr\u00f2s de pals, fesol de l'ull ros, recuit.."},{"@type":"BreadcrumbList","@id":"https:\/\/visitemporda.com\/es\/professionals\/empreses\/projectes-de-la-destinacio\/pla-daccessibilitat-turistica-del-baix-emporda-3\/#breadcrumb","itemListElement":[{"@type":"ListItem","position":1,"name":"Inici","item":"https:\/\/visitemporda.com\/es\/"},{"@type":"ListItem","position":2,"name":"Profesionales","item":"https:\/\/visitemporda.com\/es\/professionals\/"},{"@type":"ListItem","position":3,"name":"Empresas tur\u00edsticas","item":"https:\/\/visitemporda.com\/es\/professionals\/empreses\/"},{"@type":"ListItem","position":4,"name":"Proyectos del destino","item":"https:\/\/visitemporda.com\/es\/professionals\/empreses\/projectes-de-la-destinacio\/"},{"@type":"ListItem","position":5,"name":"Agroalimentaria y marca de garantia Productes de l\u2019Empord\u00e0"}]},{"@type":"WebSite","@id":"https:\/\/visitemporda.com\/es\/#website","url":"https:\/\/visitemporda.com\/es\/","name":"Visit Empord\u00e0","description":"Web tur\u00edstica oficial del Baix Empord\u00e0","publisher":{"@id":"https:\/\/visitemporda.com\/es\/#organization"},"potentialAction":[{"@type":"SearchAction","target":{"@type":"EntryPoint","urlTemplate":"https:\/\/visitemporda.com\/es\/?s={search_term_string}"},"query-input":{"@type":"PropertyValueSpecification","valueRequired":true,"valueName":"search_term_string"}}],"inLanguage":"es"},{"@type":"Organization","@id":"https:\/\/visitemporda.com\/es\/#organization","name":"Consell Comarcal del Baix Empord\u00e0","url":"https:\/\/visitemporda.com\/es\/","logo":{"@type":"ImageObject","inLanguage":"es","@id":"https:\/\/visitemporda.com\/es\/#\/schema\/logo\/image\/","url":"https:\/\/visitemporda.com\/wp-content\/uploads\/2024\/11\/Logotip_CCBE.png","contentUrl":"https:\/\/visitemporda.com\/wp-content\/uploads\/2024\/11\/Logotip_CCBE.png","width":3617,"height":3617,"caption":"Consell Comarcal del Baix Empord\u00e0"},"image":{"@id":"https:\/\/visitemporda.com\/es\/#\/schema\/logo\/image\/"},"sameAs":["https:\/\/www.facebook.com\/baixempordaturisme","https:\/\/x.com\/baixemporda_tur","https:\/\/www.instagram.com\/visitemporda"]}]}},"_links":{"self":[{"href":"https:\/\/visitemporda.com\/es\/wp-json\/wp\/v2\/pages\/22882","targetHints":{"allow":["GET"]}}],"collection":[{"href":"https:\/\/visitemporda.com\/es\/wp-json\/wp\/v2\/pages"}],"about":[{"href":"https:\/\/visitemporda.com\/es\/wp-json\/wp\/v2\/types\/page"}],"author":[{"embeddable":true,"href":"https:\/\/visitemporda.com\/es\/wp-json\/wp\/v2\/users\/2"}],"replies":[{"embeddable":true,"href":"https:\/\/visitemporda.com\/es\/wp-json\/wp\/v2\/comments?post=22882"}],"version-history":[{"count":1,"href":"https:\/\/visitemporda.com\/es\/wp-json\/wp\/v2\/pages\/22882\/revisions"}],"predecessor-version":[{"id":22883,"href":"https:\/\/visitemporda.com\/es\/wp-json\/wp\/v2\/pages\/22882\/revisions\/22883"}],"up":[{"embeddable":true,"href":"https:\/\/visitemporda.com\/es\/wp-json\/wp\/v2\/pages\/30001"}],"wp:featuredmedia":[{"embeddable":true,"href":"https:\/\/visitemporda.com\/es\/wp-json\/wp\/v2\/media\/22660"}],"wp:attachment":[{"href":"https:\/\/visitemporda.com\/es\/wp-json\/wp\/v2\/media?parent=22882"}],"curies":[{"name":"wp","href":"https:\/\/api.w.org\/{rel}","templated":true}]}}