

{"id":20762,"date":"2019-12-31T11:25:51","date_gmt":"2019-12-31T10:25:51","guid":{"rendered":"http:\/\/visitemporda.com\/planifica\/propostes\/territori-i-natura\/les-8-proposts-a-laire-lliure\/el-castell-del-montgri\/"},"modified":"2021-06-04T23:00:09","modified_gmt":"2021-06-04T21:00:09","slug":"el-castillo-del-montgri","status":"publish","type":"page","link":"https:\/\/visitemporda.com\/es\/recomendaciones\/propostes\/territori-i-natura\/les-8-proposts-a-laire-lliure\/el-castillo-del-montgri\/","title":{"rendered":"El Castillo del Montgr\u00ed"},"content":{"rendered":"<p>Coronando el macizo del Montgr\u00ed, la ascensi\u00f3n hasta el castillo es una visita imprescindible. Un punto emblem\u00e1tico y querido, en medio de un parque natural y con unas vistas espectaculares del Empord\u00e0.<\/p>\n<p>Desde Torroella de Montgr\u00ed, siguiendo el sendero del GR-92 se puede acceder a pie sin excesiva dificultad. No se puede ir en veh\u00edculo. Una vez arriba se puede continuar por este sendero de gran recorrido o adentrarse en el Montgr\u00ed siguiendo otros senderos se\u00f1alizados.<\/p>\n<p>Se recomienda un calzado adecuado si bien no presenta excesiva dificultad, si hay que tomar precauciones. Trat\u00e1ndose de un macizo de roca gran\u00edtica, la se\u00f1alizaci\u00f3n se encuentra en las piedras y rocas, por lo que habr\u00e1 que fijarse en todo momento.<\/p>\n","protected":false},"excerpt":{"rendered":"<p>Coronando el macizo del Montgr\u00ed, la ascensi\u00f3n hasta el castillo es una visita imprescindible. Un punto emblem\u00e1tico y querido, en medio de un parque natural y con unas vistas espectaculares del Empord\u00e0. Desde Torroella de Montgr\u00ed, siguiendo el sendero del GR-92 se puede acceder a pie sin excesiva dificultad. No se puede ir en veh\u00edculo. [&hellip;]<\/p>\n","protected":false},"author":2,"featured_media":13926,"parent":20191,"menu_order":0,"comment_status":"closed","ping_status":"closed","template":"page-templates\/fitxa-campanyes-gastronomiques.php","meta":{"_acf_changed":false,"footnotes":""},"class_list":["post-20762","page","type-page","status-publish","has-post-thumbnail","hentry"],"acf":[],"yoast_head":"<!-- This site is optimized with the Yoast SEO plugin v27.4 - https:\/\/yoast.com\/product\/yoast-seo-wordpress\/ -->\n<title>El Castillo del Montgr\u00ed - Visit Empord\u00e0<\/title>\n<meta name=\"robots\" content=\"index, follow, max-snippet:-1, max-image-preview:large, max-video-preview:-1\" \/>\n<link rel=\"canonical\" href=\"https:\/\/visitemporda.com\/es\/recomendaciones\/propostes\/territori-i-natura\/les-8-proposts-a-laire-lliure\/el-castillo-del-montgri\/\" \/>\n<meta property=\"og:locale\" content=\"es_ES\" \/>\n<meta property=\"og:type\" content=\"article\" \/>\n<meta property=\"og:title\" content=\"El Castillo del Montgr\u00ed - Visit Empord\u00e0\" \/>\n<meta property=\"og:description\" content=\"Coronando el macizo del Montgr\u00ed, la ascensi\u00f3n hasta el castillo es una visita imprescindible. Un punto emblem\u00e1tico y querido, en medio de un parque natural y con unas vistas espectaculares del Empord\u00e0. Desde Torroella de Montgr\u00ed, siguiendo el sendero del GR-92 se puede acceder a pie sin excesiva dificultad. No se puede ir en veh\u00edculo. [&hellip;]\" \/>\n<meta property=\"og:url\" content=\"https:\/\/visitemporda.com\/es\/recomendaciones\/propostes\/territori-i-natura\/les-8-proposts-a-laire-lliure\/el-castillo-del-montgri\/\" \/>\n<meta property=\"og:site_name\" content=\"Visit Empord\u00e0\" \/>\n<meta property=\"article:publisher\" content=\"https:\/\/www.facebook.com\/baixempordaturisme\" \/>\n<meta property=\"article:modified_time\" content=\"2021-06-04T21:00:09+00:00\" \/>\n<meta property=\"og:image\" content=\"https:\/\/visitemporda.com\/wp-content\/uploads\/2019\/12\/IMG_4730-1024x768.jpg\" \/>\n\t<meta property=\"og:image:width\" content=\"1024\" \/>\n\t<meta property=\"og:image:height\" content=\"768\" \/>\n\t<meta property=\"og:image:type\" content=\"image\/jpeg\" \/>\n<meta name=\"twitter:card\" content=\"summary_large_image\" \/>\n<meta name=\"twitter:site\" content=\"@baixemporda_tur\" \/>\n<meta name=\"twitter:label1\" content=\"Tiempo de lectura\" \/>\n\t<meta name=\"twitter:data1\" content=\"1 minuto\" \/>\n<script type=\"application\/ld+json\" class=\"yoast-schema-graph\">{\"@context\":\"https:\\\/\\\/schema.org\",\"@graph\":[{\"@type\":\"WebPage\",\"@id\":\"https:\\\/\\\/visitemporda.com\\\/es\\\/recomendaciones\\\/propostes\\\/territori-i-natura\\\/les-8-proposts-a-laire-lliure\\\/el-castillo-del-montgri\\\/\",\"url\":\"https:\\\/\\\/visitemporda.com\\\/es\\\/recomendaciones\\\/propostes\\\/territori-i-natura\\\/les-8-proposts-a-laire-lliure\\\/el-castillo-del-montgri\\\/\",\"name\":\"El Castillo del Montgr\u00ed - Visit Empord\u00e0\",\"isPartOf\":{\"@id\":\"https:\\\/\\\/visitemporda.com\\\/es\\\/#website\"},\"primaryImageOfPage\":{\"@id\":\"https:\\\/\\\/visitemporda.com\\\/es\\\/recomendaciones\\\/propostes\\\/territori-i-natura\\\/les-8-proposts-a-laire-lliure\\\/el-castillo-del-montgri\\\/#primaryimage\"},\"image\":{\"@id\":\"https:\\\/\\\/visitemporda.com\\\/es\\\/recomendaciones\\\/propostes\\\/territori-i-natura\\\/les-8-proposts-a-laire-lliure\\\/el-castillo-del-montgri\\\/#primaryimage\"},\"thumbnailUrl\":\"https:\\\/\\\/visitemporda.com\\\/wp-content\\\/uploads\\\/2019\\\/12\\\/IMG_4730.jpg\",\"datePublished\":\"2019-12-31T10:25:51+00:00\",\"dateModified\":\"2021-06-04T21:00:09+00:00\",\"breadcrumb\":{\"@id\":\"https:\\\/\\\/visitemporda.com\\\/es\\\/recomendaciones\\\/propostes\\\/territori-i-natura\\\/les-8-proposts-a-laire-lliure\\\/el-castillo-del-montgri\\\/#breadcrumb\"},\"inLanguage\":\"es\",\"potentialAction\":[{\"@type\":\"ReadAction\",\"target\":[\"https:\\\/\\\/visitemporda.com\\\/es\\\/recomendaciones\\\/propostes\\\/territori-i-natura\\\/les-8-proposts-a-laire-lliure\\\/el-castillo-del-montgri\\\/\"]}]},{\"@type\":\"ImageObject\",\"inLanguage\":\"es\",\"@id\":\"https:\\\/\\\/visitemporda.com\\\/es\\\/recomendaciones\\\/propostes\\\/territori-i-natura\\\/les-8-proposts-a-laire-lliure\\\/el-castillo-del-montgri\\\/#primaryimage\",\"url\":\"https:\\\/\\\/visitemporda.com\\\/wp-content\\\/uploads\\\/2019\\\/12\\\/IMG_4730.jpg\",\"contentUrl\":\"https:\\\/\\\/visitemporda.com\\\/wp-content\\\/uploads\\\/2019\\\/12\\\/IMG_4730.jpg\",\"width\":4032,\"height\":3024,\"caption\":\"castell del montgr\u00ed\"},{\"@type\":\"BreadcrumbList\",\"@id\":\"https:\\\/\\\/visitemporda.com\\\/es\\\/recomendaciones\\\/propostes\\\/territori-i-natura\\\/les-8-proposts-a-laire-lliure\\\/el-castillo-del-montgri\\\/#breadcrumb\",\"itemListElement\":[{\"@type\":\"ListItem\",\"position\":1,\"name\":\"Inici\",\"item\":\"https:\\\/\\\/visitemporda.com\\\/es\\\/\"},{\"@type\":\"ListItem\",\"position\":2,\"name\":\"Recomendaciones\",\"item\":\"https:\\\/\\\/visitemporda.com\\\/es\\\/recomendaciones\\\/\"},{\"@type\":\"ListItem\",\"position\":3,\"name\":\"Qu\u00e9 hacer\",\"item\":\"https:\\\/\\\/visitemporda.com\\\/es\\\/recomendaciones\\\/propostes\\\/\"},{\"@type\":\"ListItem\",\"position\":4,\"name\":\"Propuestas de naturaleza\",\"item\":\"https:\\\/\\\/visitemporda.com\\\/es\\\/recomendaciones\\\/propostes\\\/territori-i-natura\\\/\"},{\"@type\":\"ListItem\",\"position\":5,\"name\":\"8 propuestas al aire libre\",\"item\":\"https:\\\/\\\/visitemporda.com\\\/es\\\/recomendaciones\\\/propostes\\\/territori-i-natura\\\/les-8-proposts-a-laire-lliure\\\/\"},{\"@type\":\"ListItem\",\"position\":6,\"name\":\"El Castillo del Montgr\u00ed\"}]},{\"@type\":\"WebSite\",\"@id\":\"https:\\\/\\\/visitemporda.com\\\/es\\\/#website\",\"url\":\"https:\\\/\\\/visitemporda.com\\\/es\\\/\",\"name\":\"Visit Empord\u00e0\",\"description\":\"Web tur\u00edstica oficial del Baix Empord\u00e0\",\"publisher\":{\"@id\":\"https:\\\/\\\/visitemporda.com\\\/es\\\/#organization\"},\"potentialAction\":[{\"@type\":\"SearchAction\",\"target\":{\"@type\":\"EntryPoint\",\"urlTemplate\":\"https:\\\/\\\/visitemporda.com\\\/es\\\/?s={search_term_string}\"},\"query-input\":{\"@type\":\"PropertyValueSpecification\",\"valueRequired\":true,\"valueName\":\"search_term_string\"}}],\"inLanguage\":\"es\"},{\"@type\":\"Organization\",\"@id\":\"https:\\\/\\\/visitemporda.com\\\/es\\\/#organization\",\"name\":\"Consell Comarcal del Baix Empord\u00e0\",\"url\":\"https:\\\/\\\/visitemporda.com\\\/es\\\/\",\"logo\":{\"@type\":\"ImageObject\",\"inLanguage\":\"es\",\"@id\":\"https:\\\/\\\/visitemporda.com\\\/es\\\/#\\\/schema\\\/logo\\\/image\\\/\",\"url\":\"https:\\\/\\\/visitemporda.com\\\/wp-content\\\/uploads\\\/2024\\\/11\\\/Logotip_CCBE.png\",\"contentUrl\":\"https:\\\/\\\/visitemporda.com\\\/wp-content\\\/uploads\\\/2024\\\/11\\\/Logotip_CCBE.png\",\"width\":3617,\"height\":3617,\"caption\":\"Consell Comarcal del Baix Empord\u00e0\"},\"image\":{\"@id\":\"https:\\\/\\\/visitemporda.com\\\/es\\\/#\\\/schema\\\/logo\\\/image\\\/\"},\"sameAs\":[\"https:\\\/\\\/www.facebook.com\\\/baixempordaturisme\",\"https:\\\/\\\/x.com\\\/baixemporda_tur\",\"https:\\\/\\\/www.instagram.com\\\/visitemporda\"]}]}<\/script>\n<!-- \/ Yoast SEO plugin. -->","yoast_head_json":{"title":"El Castillo del Montgr\u00ed - Visit Empord\u00e0","robots":{"index":"index","follow":"follow","max-snippet":"max-snippet:-1","max-image-preview":"max-image-preview:large","max-video-preview":"max-video-preview:-1"},"canonical":"https:\/\/visitemporda.com\/es\/recomendaciones\/propostes\/territori-i-natura\/les-8-proposts-a-laire-lliure\/el-castillo-del-montgri\/","og_locale":"es_ES","og_type":"article","og_title":"El Castillo del Montgr\u00ed - Visit Empord\u00e0","og_description":"Coronando el macizo del Montgr\u00ed, la ascensi\u00f3n hasta el castillo es una visita imprescindible. Un punto emblem\u00e1tico y querido, en medio de un parque natural y con unas vistas espectaculares del Empord\u00e0. Desde Torroella de Montgr\u00ed, siguiendo el sendero del GR-92 se puede acceder a pie sin excesiva dificultad. No se puede ir en veh\u00edculo. [&hellip;]","og_url":"https:\/\/visitemporda.com\/es\/recomendaciones\/propostes\/territori-i-natura\/les-8-proposts-a-laire-lliure\/el-castillo-del-montgri\/","og_site_name":"Visit Empord\u00e0","article_publisher":"https:\/\/www.facebook.com\/baixempordaturisme","article_modified_time":"2021-06-04T21:00:09+00:00","og_image":[{"width":1024,"height":768,"url":"https:\/\/visitemporda.com\/wp-content\/uploads\/2019\/12\/IMG_4730-1024x768.jpg","type":"image\/jpeg"}],"twitter_card":"summary_large_image","twitter_site":"@baixemporda_tur","twitter_misc":{"Tiempo de lectura":"1 minuto"},"schema":{"@context":"https:\/\/schema.org","@graph":[{"@type":"WebPage","@id":"https:\/\/visitemporda.com\/es\/recomendaciones\/propostes\/territori-i-natura\/les-8-proposts-a-laire-lliure\/el-castillo-del-montgri\/","url":"https:\/\/visitemporda.com\/es\/recomendaciones\/propostes\/territori-i-natura\/les-8-proposts-a-laire-lliure\/el-castillo-del-montgri\/","name":"El Castillo del Montgr\u00ed - Visit Empord\u00e0","isPartOf":{"@id":"https:\/\/visitemporda.com\/es\/#website"},"primaryImageOfPage":{"@id":"https:\/\/visitemporda.com\/es\/recomendaciones\/propostes\/territori-i-natura\/les-8-proposts-a-laire-lliure\/el-castillo-del-montgri\/#primaryimage"},"image":{"@id":"https:\/\/visitemporda.com\/es\/recomendaciones\/propostes\/territori-i-natura\/les-8-proposts-a-laire-lliure\/el-castillo-del-montgri\/#primaryimage"},"thumbnailUrl":"https:\/\/visitemporda.com\/wp-content\/uploads\/2019\/12\/IMG_4730.jpg","datePublished":"2019-12-31T10:25:51+00:00","dateModified":"2021-06-04T21:00:09+00:00","breadcrumb":{"@id":"https:\/\/visitemporda.com\/es\/recomendaciones\/propostes\/territori-i-natura\/les-8-proposts-a-laire-lliure\/el-castillo-del-montgri\/#breadcrumb"},"inLanguage":"es","potentialAction":[{"@type":"ReadAction","target":["https:\/\/visitemporda.com\/es\/recomendaciones\/propostes\/territori-i-natura\/les-8-proposts-a-laire-lliure\/el-castillo-del-montgri\/"]}]},{"@type":"ImageObject","inLanguage":"es","@id":"https:\/\/visitemporda.com\/es\/recomendaciones\/propostes\/territori-i-natura\/les-8-proposts-a-laire-lliure\/el-castillo-del-montgri\/#primaryimage","url":"https:\/\/visitemporda.com\/wp-content\/uploads\/2019\/12\/IMG_4730.jpg","contentUrl":"https:\/\/visitemporda.com\/wp-content\/uploads\/2019\/12\/IMG_4730.jpg","width":4032,"height":3024,"caption":"castell del montgr\u00ed"},{"@type":"BreadcrumbList","@id":"https:\/\/visitemporda.com\/es\/recomendaciones\/propostes\/territori-i-natura\/les-8-proposts-a-laire-lliure\/el-castillo-del-montgri\/#breadcrumb","itemListElement":[{"@type":"ListItem","position":1,"name":"Inici","item":"https:\/\/visitemporda.com\/es\/"},{"@type":"ListItem","position":2,"name":"Recomendaciones","item":"https:\/\/visitemporda.com\/es\/recomendaciones\/"},{"@type":"ListItem","position":3,"name":"Qu\u00e9 hacer","item":"https:\/\/visitemporda.com\/es\/recomendaciones\/propostes\/"},{"@type":"ListItem","position":4,"name":"Propuestas de naturaleza","item":"https:\/\/visitemporda.com\/es\/recomendaciones\/propostes\/territori-i-natura\/"},{"@type":"ListItem","position":5,"name":"8 propuestas al aire libre","item":"https:\/\/visitemporda.com\/es\/recomendaciones\/propostes\/territori-i-natura\/les-8-proposts-a-laire-lliure\/"},{"@type":"ListItem","position":6,"name":"El Castillo del Montgr\u00ed"}]},{"@type":"WebSite","@id":"https:\/\/visitemporda.com\/es\/#website","url":"https:\/\/visitemporda.com\/es\/","name":"Visit Empord\u00e0","description":"Web tur\u00edstica oficial del Baix Empord\u00e0","publisher":{"@id":"https:\/\/visitemporda.com\/es\/#organization"},"potentialAction":[{"@type":"SearchAction","target":{"@type":"EntryPoint","urlTemplate":"https:\/\/visitemporda.com\/es\/?s={search_term_string}"},"query-input":{"@type":"PropertyValueSpecification","valueRequired":true,"valueName":"search_term_string"}}],"inLanguage":"es"},{"@type":"Organization","@id":"https:\/\/visitemporda.com\/es\/#organization","name":"Consell Comarcal del Baix Empord\u00e0","url":"https:\/\/visitemporda.com\/es\/","logo":{"@type":"ImageObject","inLanguage":"es","@id":"https:\/\/visitemporda.com\/es\/#\/schema\/logo\/image\/","url":"https:\/\/visitemporda.com\/wp-content\/uploads\/2024\/11\/Logotip_CCBE.png","contentUrl":"https:\/\/visitemporda.com\/wp-content\/uploads\/2024\/11\/Logotip_CCBE.png","width":3617,"height":3617,"caption":"Consell Comarcal del Baix Empord\u00e0"},"image":{"@id":"https:\/\/visitemporda.com\/es\/#\/schema\/logo\/image\/"},"sameAs":["https:\/\/www.facebook.com\/baixempordaturisme","https:\/\/x.com\/baixemporda_tur","https:\/\/www.instagram.com\/visitemporda"]}]}},"_links":{"self":[{"href":"https:\/\/visitemporda.com\/es\/wp-json\/wp\/v2\/pages\/20762","targetHints":{"allow":["GET"]}}],"collection":[{"href":"https:\/\/visitemporda.com\/es\/wp-json\/wp\/v2\/pages"}],"about":[{"href":"https:\/\/visitemporda.com\/es\/wp-json\/wp\/v2\/types\/page"}],"author":[{"embeddable":true,"href":"https:\/\/visitemporda.com\/es\/wp-json\/wp\/v2\/users\/2"}],"replies":[{"embeddable":true,"href":"https:\/\/visitemporda.com\/es\/wp-json\/wp\/v2\/comments?post=20762"}],"version-history":[{"count":3,"href":"https:\/\/visitemporda.com\/es\/wp-json\/wp\/v2\/pages\/20762\/revisions"}],"predecessor-version":[{"id":32096,"href":"https:\/\/visitemporda.com\/es\/wp-json\/wp\/v2\/pages\/20762\/revisions\/32096"}],"up":[{"embeddable":true,"href":"https:\/\/visitemporda.com\/es\/wp-json\/wp\/v2\/pages\/20191"}],"wp:featuredmedia":[{"embeddable":true,"href":"https:\/\/visitemporda.com\/es\/wp-json\/wp\/v2\/media\/13926"}],"wp:attachment":[{"href":"https:\/\/visitemporda.com\/es\/wp-json\/wp\/v2\/media?parent=20762"}],"curies":[{"name":"wp","href":"https:\/\/api.w.org\/{rel}","templated":true}]}}