

{"id":20696,"date":"2019-08-07T10:32:51","date_gmt":"2019-08-07T08:32:51","guid":{"rendered":"http:\/\/visitemporda.com\/planifica\/propostes\/propostes-en-familia\/cultura-en-familia\/museu-de-la-pesca-de-palamos\/"},"modified":"2020-10-15T12:00:55","modified_gmt":"2020-10-15T10:00:55","slug":"museo-de-la-pesca-de-palamos","status":"publish","type":"page","link":"https:\/\/visitemporda.com\/es\/recomendaciones\/propostes\/propostes-en-familia\/cultura-en-familia\/museo-de-la-pesca-de-palamos\/","title":{"rendered":"Museo de la Pesca de Palam\u00f3s"},"content":{"rendered":"<p>Este equipamiento, \u00fanico en la Mediterr\u00e1nea, os ofrece la mejor experiencia en familia para comprender el mundo de la pesca. Juntos podr\u00e9is visitar una barca de pesca, participar en distintos talleres, y a los m\u00e1s peque\u00f1os, les espera un juego muy divertido, el \u201cGall i cap\u201d.<\/p>\n","protected":false},"excerpt":{"rendered":"<p>Este equipamiento, \u00fanico en la Mediterr\u00e1nea, os ofrece la mejor experiencia en familia para comprender el mundo de la pesca. Juntos podr\u00e9is visitar una barca de pesca, participar en distintos talleres, y a los m\u00e1s peque\u00f1os, les espera un juego muy divertido, el \u201cGall i cap\u201d.<\/p>\n","protected":false},"author":2,"featured_media":14188,"parent":20482,"menu_order":0,"comment_status":"closed","ping_status":"closed","template":"page-templates\/fitxa-campanyes-gastronomiques.php","meta":{"_acf_changed":false,"footnotes":""},"class_list":["post-20696","page","type-page","status-publish","has-post-thumbnail","hentry"],"acf":[],"yoast_head":"<!-- This site is optimized with the Yoast SEO plugin v27.4 - https:\/\/yoast.com\/product\/yoast-seo-wordpress\/ -->\n<title>Museo de la Pesca de Palam\u00f3s - Visit Empord\u00e0<\/title>\n<meta name=\"robots\" content=\"index, follow, max-snippet:-1, max-image-preview:large, max-video-preview:-1\" \/>\n<link rel=\"canonical\" href=\"https:\/\/visitemporda.com\/es\/recomendaciones\/propostes\/propostes-en-familia\/cultura-en-familia\/museo-de-la-pesca-de-palamos\/\" \/>\n<meta property=\"og:locale\" content=\"es_ES\" \/>\n<meta property=\"og:type\" content=\"article\" \/>\n<meta property=\"og:title\" content=\"Museo de la Pesca de Palam\u00f3s - Visit Empord\u00e0\" \/>\n<meta property=\"og:description\" content=\"Este equipamiento, \u00fanico en la Mediterr\u00e1nea, os ofrece la mejor experiencia en familia para comprender el mundo de la pesca. Juntos podr\u00e9is visitar una barca de pesca, participar en distintos talleres, y a los m\u00e1s peque\u00f1os, les espera un juego muy divertido, el \u201cGall i cap\u201d.\" \/>\n<meta property=\"og:url\" content=\"https:\/\/visitemporda.com\/es\/recomendaciones\/propostes\/propostes-en-familia\/cultura-en-familia\/museo-de-la-pesca-de-palamos\/\" \/>\n<meta property=\"og:site_name\" content=\"Visit Empord\u00e0\" \/>\n<meta property=\"article:publisher\" content=\"https:\/\/www.facebook.com\/baixempordaturisme\" \/>\n<meta property=\"article:modified_time\" content=\"2020-10-15T10:00:55+00:00\" \/>\n<meta property=\"og:image\" content=\"https:\/\/visitemporda.com\/wp-content\/uploads\/2019\/12\/9-DSCN2004-Museu-de-la-Pesca-2.jpg\" \/>\n\t<meta property=\"og:image:width\" content=\"2048\" \/>\n\t<meta property=\"og:image:height\" content=\"1536\" \/>\n\t<meta property=\"og:image:type\" content=\"image\/jpeg\" \/>\n<meta name=\"twitter:card\" content=\"summary_large_image\" \/>\n<meta name=\"twitter:site\" content=\"@baixemporda_tur\" \/>\n<script type=\"application\/ld+json\" class=\"yoast-schema-graph\">{\"@context\":\"https:\\\/\\\/schema.org\",\"@graph\":[{\"@type\":\"WebPage\",\"@id\":\"https:\\\/\\\/visitemporda.com\\\/es\\\/recomendaciones\\\/propostes\\\/propostes-en-familia\\\/cultura-en-familia\\\/museo-de-la-pesca-de-palamos\\\/\",\"url\":\"https:\\\/\\\/visitemporda.com\\\/es\\\/recomendaciones\\\/propostes\\\/propostes-en-familia\\\/cultura-en-familia\\\/museo-de-la-pesca-de-palamos\\\/\",\"name\":\"Museo de la Pesca de Palam\u00f3s - Visit Empord\u00e0\",\"isPartOf\":{\"@id\":\"https:\\\/\\\/visitemporda.com\\\/es\\\/#website\"},\"primaryImageOfPage\":{\"@id\":\"https:\\\/\\\/visitemporda.com\\\/es\\\/recomendaciones\\\/propostes\\\/propostes-en-familia\\\/cultura-en-familia\\\/museo-de-la-pesca-de-palamos\\\/#primaryimage\"},\"image\":{\"@id\":\"https:\\\/\\\/visitemporda.com\\\/es\\\/recomendaciones\\\/propostes\\\/propostes-en-familia\\\/cultura-en-familia\\\/museo-de-la-pesca-de-palamos\\\/#primaryimage\"},\"thumbnailUrl\":\"https:\\\/\\\/visitemporda.com\\\/wp-content\\\/uploads\\\/2019\\\/12\\\/9-DSCN2004-Museu-de-la-Pesca-2.jpg\",\"datePublished\":\"2019-08-07T08:32:51+00:00\",\"dateModified\":\"2020-10-15T10:00:55+00:00\",\"breadcrumb\":{\"@id\":\"https:\\\/\\\/visitemporda.com\\\/es\\\/recomendaciones\\\/propostes\\\/propostes-en-familia\\\/cultura-en-familia\\\/museo-de-la-pesca-de-palamos\\\/#breadcrumb\"},\"inLanguage\":\"es\",\"potentialAction\":[{\"@type\":\"ReadAction\",\"target\":[\"https:\\\/\\\/visitemporda.com\\\/es\\\/recomendaciones\\\/propostes\\\/propostes-en-familia\\\/cultura-en-familia\\\/museo-de-la-pesca-de-palamos\\\/\"]}]},{\"@type\":\"ImageObject\",\"inLanguage\":\"es\",\"@id\":\"https:\\\/\\\/visitemporda.com\\\/es\\\/recomendaciones\\\/propostes\\\/propostes-en-familia\\\/cultura-en-familia\\\/museo-de-la-pesca-de-palamos\\\/#primaryimage\",\"url\":\"https:\\\/\\\/visitemporda.com\\\/wp-content\\\/uploads\\\/2019\\\/12\\\/9-DSCN2004-Museu-de-la-Pesca-2.jpg\",\"contentUrl\":\"https:\\\/\\\/visitemporda.com\\\/wp-content\\\/uploads\\\/2019\\\/12\\\/9-DSCN2004-Museu-de-la-Pesca-2.jpg\",\"width\":2048,\"height\":1536,\"caption\":\"Museu de la Pesca. Part de l'exposici\u00f3 on hi ha pescadors\"},{\"@type\":\"BreadcrumbList\",\"@id\":\"https:\\\/\\\/visitemporda.com\\\/es\\\/recomendaciones\\\/propostes\\\/propostes-en-familia\\\/cultura-en-familia\\\/museo-de-la-pesca-de-palamos\\\/#breadcrumb\",\"itemListElement\":[{\"@type\":\"ListItem\",\"position\":1,\"name\":\"Inici\",\"item\":\"https:\\\/\\\/visitemporda.com\\\/es\\\/\"},{\"@type\":\"ListItem\",\"position\":2,\"name\":\"Recomendaciones\",\"item\":\"https:\\\/\\\/visitemporda.com\\\/es\\\/recomendaciones\\\/\"},{\"@type\":\"ListItem\",\"position\":3,\"name\":\"Qu\u00e9 hacer\",\"item\":\"https:\\\/\\\/visitemporda.com\\\/es\\\/recomendaciones\\\/propostes\\\/\"},{\"@type\":\"ListItem\",\"position\":4,\"name\":\"Propuestas en fam\u00edlia\",\"item\":\"https:\\\/\\\/visitemporda.com\\\/es\\\/recomendaciones\\\/propostes\\\/propostes-en-familia\\\/\"},{\"@type\":\"ListItem\",\"position\":5,\"name\":\"Cultura en fam\u00edlia\",\"item\":\"https:\\\/\\\/visitemporda.com\\\/es\\\/recomendaciones\\\/propostes\\\/propostes-en-familia\\\/cultura-en-familia\\\/\"},{\"@type\":\"ListItem\",\"position\":6,\"name\":\"Museo de la Pesca de Palam\u00f3s\"}]},{\"@type\":\"WebSite\",\"@id\":\"https:\\\/\\\/visitemporda.com\\\/es\\\/#website\",\"url\":\"https:\\\/\\\/visitemporda.com\\\/es\\\/\",\"name\":\"Visit Empord\u00e0\",\"description\":\"Web tur\u00edstica oficial del Baix Empord\u00e0\",\"publisher\":{\"@id\":\"https:\\\/\\\/visitemporda.com\\\/es\\\/#organization\"},\"potentialAction\":[{\"@type\":\"SearchAction\",\"target\":{\"@type\":\"EntryPoint\",\"urlTemplate\":\"https:\\\/\\\/visitemporda.com\\\/es\\\/?s={search_term_string}\"},\"query-input\":{\"@type\":\"PropertyValueSpecification\",\"valueRequired\":true,\"valueName\":\"search_term_string\"}}],\"inLanguage\":\"es\"},{\"@type\":\"Organization\",\"@id\":\"https:\\\/\\\/visitemporda.com\\\/es\\\/#organization\",\"name\":\"Consell Comarcal del Baix Empord\u00e0\",\"url\":\"https:\\\/\\\/visitemporda.com\\\/es\\\/\",\"logo\":{\"@type\":\"ImageObject\",\"inLanguage\":\"es\",\"@id\":\"https:\\\/\\\/visitemporda.com\\\/es\\\/#\\\/schema\\\/logo\\\/image\\\/\",\"url\":\"https:\\\/\\\/visitemporda.com\\\/wp-content\\\/uploads\\\/2024\\\/11\\\/Logotip_CCBE.png\",\"contentUrl\":\"https:\\\/\\\/visitemporda.com\\\/wp-content\\\/uploads\\\/2024\\\/11\\\/Logotip_CCBE.png\",\"width\":3617,\"height\":3617,\"caption\":\"Consell Comarcal del Baix Empord\u00e0\"},\"image\":{\"@id\":\"https:\\\/\\\/visitemporda.com\\\/es\\\/#\\\/schema\\\/logo\\\/image\\\/\"},\"sameAs\":[\"https:\\\/\\\/www.facebook.com\\\/baixempordaturisme\",\"https:\\\/\\\/x.com\\\/baixemporda_tur\",\"https:\\\/\\\/www.instagram.com\\\/visitemporda\"]}]}<\/script>\n<!-- \/ Yoast SEO plugin. -->","yoast_head_json":{"title":"Museo de la Pesca de Palam\u00f3s - Visit Empord\u00e0","robots":{"index":"index","follow":"follow","max-snippet":"max-snippet:-1","max-image-preview":"max-image-preview:large","max-video-preview":"max-video-preview:-1"},"canonical":"https:\/\/visitemporda.com\/es\/recomendaciones\/propostes\/propostes-en-familia\/cultura-en-familia\/museo-de-la-pesca-de-palamos\/","og_locale":"es_ES","og_type":"article","og_title":"Museo de la Pesca de Palam\u00f3s - Visit Empord\u00e0","og_description":"Este equipamiento, \u00fanico en la Mediterr\u00e1nea, os ofrece la mejor experiencia en familia para comprender el mundo de la pesca. Juntos podr\u00e9is visitar una barca de pesca, participar en distintos talleres, y a los m\u00e1s peque\u00f1os, les espera un juego muy divertido, el \u201cGall i cap\u201d.","og_url":"https:\/\/visitemporda.com\/es\/recomendaciones\/propostes\/propostes-en-familia\/cultura-en-familia\/museo-de-la-pesca-de-palamos\/","og_site_name":"Visit Empord\u00e0","article_publisher":"https:\/\/www.facebook.com\/baixempordaturisme","article_modified_time":"2020-10-15T10:00:55+00:00","og_image":[{"width":2048,"height":1536,"url":"https:\/\/visitemporda.com\/wp-content\/uploads\/2019\/12\/9-DSCN2004-Museu-de-la-Pesca-2.jpg","type":"image\/jpeg"}],"twitter_card":"summary_large_image","twitter_site":"@baixemporda_tur","schema":{"@context":"https:\/\/schema.org","@graph":[{"@type":"WebPage","@id":"https:\/\/visitemporda.com\/es\/recomendaciones\/propostes\/propostes-en-familia\/cultura-en-familia\/museo-de-la-pesca-de-palamos\/","url":"https:\/\/visitemporda.com\/es\/recomendaciones\/propostes\/propostes-en-familia\/cultura-en-familia\/museo-de-la-pesca-de-palamos\/","name":"Museo de la Pesca de Palam\u00f3s - Visit Empord\u00e0","isPartOf":{"@id":"https:\/\/visitemporda.com\/es\/#website"},"primaryImageOfPage":{"@id":"https:\/\/visitemporda.com\/es\/recomendaciones\/propostes\/propostes-en-familia\/cultura-en-familia\/museo-de-la-pesca-de-palamos\/#primaryimage"},"image":{"@id":"https:\/\/visitemporda.com\/es\/recomendaciones\/propostes\/propostes-en-familia\/cultura-en-familia\/museo-de-la-pesca-de-palamos\/#primaryimage"},"thumbnailUrl":"https:\/\/visitemporda.com\/wp-content\/uploads\/2019\/12\/9-DSCN2004-Museu-de-la-Pesca-2.jpg","datePublished":"2019-08-07T08:32:51+00:00","dateModified":"2020-10-15T10:00:55+00:00","breadcrumb":{"@id":"https:\/\/visitemporda.com\/es\/recomendaciones\/propostes\/propostes-en-familia\/cultura-en-familia\/museo-de-la-pesca-de-palamos\/#breadcrumb"},"inLanguage":"es","potentialAction":[{"@type":"ReadAction","target":["https:\/\/visitemporda.com\/es\/recomendaciones\/propostes\/propostes-en-familia\/cultura-en-familia\/museo-de-la-pesca-de-palamos\/"]}]},{"@type":"ImageObject","inLanguage":"es","@id":"https:\/\/visitemporda.com\/es\/recomendaciones\/propostes\/propostes-en-familia\/cultura-en-familia\/museo-de-la-pesca-de-palamos\/#primaryimage","url":"https:\/\/visitemporda.com\/wp-content\/uploads\/2019\/12\/9-DSCN2004-Museu-de-la-Pesca-2.jpg","contentUrl":"https:\/\/visitemporda.com\/wp-content\/uploads\/2019\/12\/9-DSCN2004-Museu-de-la-Pesca-2.jpg","width":2048,"height":1536,"caption":"Museu de la Pesca. Part de l'exposici\u00f3 on hi ha pescadors"},{"@type":"BreadcrumbList","@id":"https:\/\/visitemporda.com\/es\/recomendaciones\/propostes\/propostes-en-familia\/cultura-en-familia\/museo-de-la-pesca-de-palamos\/#breadcrumb","itemListElement":[{"@type":"ListItem","position":1,"name":"Inici","item":"https:\/\/visitemporda.com\/es\/"},{"@type":"ListItem","position":2,"name":"Recomendaciones","item":"https:\/\/visitemporda.com\/es\/recomendaciones\/"},{"@type":"ListItem","position":3,"name":"Qu\u00e9 hacer","item":"https:\/\/visitemporda.com\/es\/recomendaciones\/propostes\/"},{"@type":"ListItem","position":4,"name":"Propuestas en fam\u00edlia","item":"https:\/\/visitemporda.com\/es\/recomendaciones\/propostes\/propostes-en-familia\/"},{"@type":"ListItem","position":5,"name":"Cultura en fam\u00edlia","item":"https:\/\/visitemporda.com\/es\/recomendaciones\/propostes\/propostes-en-familia\/cultura-en-familia\/"},{"@type":"ListItem","position":6,"name":"Museo de la Pesca de Palam\u00f3s"}]},{"@type":"WebSite","@id":"https:\/\/visitemporda.com\/es\/#website","url":"https:\/\/visitemporda.com\/es\/","name":"Visit Empord\u00e0","description":"Web tur\u00edstica oficial del Baix Empord\u00e0","publisher":{"@id":"https:\/\/visitemporda.com\/es\/#organization"},"potentialAction":[{"@type":"SearchAction","target":{"@type":"EntryPoint","urlTemplate":"https:\/\/visitemporda.com\/es\/?s={search_term_string}"},"query-input":{"@type":"PropertyValueSpecification","valueRequired":true,"valueName":"search_term_string"}}],"inLanguage":"es"},{"@type":"Organization","@id":"https:\/\/visitemporda.com\/es\/#organization","name":"Consell Comarcal del Baix Empord\u00e0","url":"https:\/\/visitemporda.com\/es\/","logo":{"@type":"ImageObject","inLanguage":"es","@id":"https:\/\/visitemporda.com\/es\/#\/schema\/logo\/image\/","url":"https:\/\/visitemporda.com\/wp-content\/uploads\/2024\/11\/Logotip_CCBE.png","contentUrl":"https:\/\/visitemporda.com\/wp-content\/uploads\/2024\/11\/Logotip_CCBE.png","width":3617,"height":3617,"caption":"Consell Comarcal del Baix Empord\u00e0"},"image":{"@id":"https:\/\/visitemporda.com\/es\/#\/schema\/logo\/image\/"},"sameAs":["https:\/\/www.facebook.com\/baixempordaturisme","https:\/\/x.com\/baixemporda_tur","https:\/\/www.instagram.com\/visitemporda"]}]}},"_links":{"self":[{"href":"https:\/\/visitemporda.com\/es\/wp-json\/wp\/v2\/pages\/20696","targetHints":{"allow":["GET"]}}],"collection":[{"href":"https:\/\/visitemporda.com\/es\/wp-json\/wp\/v2\/pages"}],"about":[{"href":"https:\/\/visitemporda.com\/es\/wp-json\/wp\/v2\/types\/page"}],"author":[{"embeddable":true,"href":"https:\/\/visitemporda.com\/es\/wp-json\/wp\/v2\/users\/2"}],"replies":[{"embeddable":true,"href":"https:\/\/visitemporda.com\/es\/wp-json\/wp\/v2\/comments?post=20696"}],"version-history":[{"count":1,"href":"https:\/\/visitemporda.com\/es\/wp-json\/wp\/v2\/pages\/20696\/revisions"}],"predecessor-version":[{"id":20697,"href":"https:\/\/visitemporda.com\/es\/wp-json\/wp\/v2\/pages\/20696\/revisions\/20697"}],"up":[{"embeddable":true,"href":"https:\/\/visitemporda.com\/es\/wp-json\/wp\/v2\/pages\/20482"}],"wp:featuredmedia":[{"embeddable":true,"href":"https:\/\/visitemporda.com\/es\/wp-json\/wp\/v2\/media\/14188"}],"wp:attachment":[{"href":"https:\/\/visitemporda.com\/es\/wp-json\/wp\/v2\/media?parent=20696"}],"curies":[{"name":"wp","href":"https:\/\/api.w.org\/{rel}","templated":true}]}}