

{"id":20694,"date":"2019-08-07T10:33:41","date_gmt":"2019-08-07T08:33:41","guid":{"rendered":"http:\/\/visitemporda.com\/planifica\/propostes\/propostes-en-familia\/cultura-en-familia\/poblat-iberic-dullastret\/"},"modified":"2020-10-15T11:59:24","modified_gmt":"2020-10-15T09:59:24","slug":"poblado-iberico-de-ullastret","status":"publish","type":"page","link":"https:\/\/visitemporda.com\/es\/recomendaciones\/propostes\/propostes-en-familia\/cultura-en-familia\/poblado-iberico-de-ullastret\/","title":{"rendered":"Poblado ib\u00e9rico de Ullastret"},"content":{"rendered":"<p>Revivir el pasado es una experiencia que pod\u00e9is disfrutar en este yacimiento ib\u00e9rico, el m\u00e1s grande de Catalu\u00f1a. Pod\u00e9is reservar una visita guiada con Indiketa, personaje que os ense\u00f1ar\u00e1 como era la vida hace muchos siglos. No perd\u00e1is ocasi\u00f3n de preguntar por los talleres de arqueolog\u00eda en familia.<\/p>\n","protected":false},"excerpt":{"rendered":"<p>Revivir el pasado es una experiencia que pod\u00e9is disfrutar en este yacimiento ib\u00e9rico, el m\u00e1s grande de Catalu\u00f1a. Pod\u00e9is reservar una visita guiada con Indiketa, personaje que os ense\u00f1ar\u00e1 como era la vida hace muchos siglos. No perd\u00e1is ocasi\u00f3n de preguntar por los talleres de arqueolog\u00eda en familia.<\/p>\n","protected":false},"author":2,"featured_media":14184,"parent":20482,"menu_order":0,"comment_status":"closed","ping_status":"closed","template":"page-templates\/fitxa-campanyes-gastronomiques.php","meta":{"_acf_changed":false,"footnotes":""},"class_list":["post-20694","page","type-page","status-publish","has-post-thumbnail","hentry"],"acf":[],"yoast_head":"<!-- This site is optimized with the Yoast SEO plugin v27.3 - https:\/\/yoast.com\/product\/yoast-seo-wordpress\/ -->\n<title>Poblado ib\u00e9rico de Ullastret - Visit Empord\u00e0<\/title>\n<meta name=\"robots\" content=\"index, follow, max-snippet:-1, max-image-preview:large, max-video-preview:-1\" \/>\n<link rel=\"canonical\" href=\"https:\/\/visitemporda.com\/es\/recomendaciones\/propostes\/propostes-en-familia\/cultura-en-familia\/poblado-iberico-de-ullastret\/\" \/>\n<meta property=\"og:locale\" content=\"es_ES\" \/>\n<meta property=\"og:type\" content=\"article\" \/>\n<meta property=\"og:title\" content=\"Poblado ib\u00e9rico de Ullastret - Visit Empord\u00e0\" \/>\n<meta property=\"og:description\" content=\"Revivir el pasado es una experiencia que pod\u00e9is disfrutar en este yacimiento ib\u00e9rico, el m\u00e1s grande de Catalu\u00f1a. Pod\u00e9is reservar una visita guiada con Indiketa, personaje que os ense\u00f1ar\u00e1 como era la vida hace muchos siglos. No perd\u00e1is ocasi\u00f3n de preguntar por los talleres de arqueolog\u00eda en familia.\" \/>\n<meta property=\"og:url\" content=\"https:\/\/visitemporda.com\/es\/recomendaciones\/propostes\/propostes-en-familia\/cultura-en-familia\/poblado-iberico-de-ullastret\/\" \/>\n<meta property=\"og:site_name\" content=\"Visit Empord\u00e0\" \/>\n<meta property=\"article:publisher\" content=\"https:\/\/www.facebook.com\/baixempordaturisme\" \/>\n<meta property=\"article:modified_time\" content=\"2020-10-15T09:59:24+00:00\" \/>\n<meta property=\"og:image\" content=\"https:\/\/visitemporda.com\/wp-content\/uploads\/2019\/12\/8-Ullastret-foto-Jofre-014-2-1024x746.jpg\" \/>\n\t<meta property=\"og:image:width\" content=\"1024\" \/>\n\t<meta property=\"og:image:height\" content=\"746\" \/>\n\t<meta property=\"og:image:type\" content=\"image\/jpeg\" \/>\n<meta name=\"twitter:card\" content=\"summary_large_image\" \/>\n<meta name=\"twitter:site\" content=\"@baixemporda_tur\" \/>\n<script type=\"application\/ld+json\" class=\"yoast-schema-graph\">{\"@context\":\"https:\\\/\\\/schema.org\",\"@graph\":[{\"@type\":\"WebPage\",\"@id\":\"https:\\\/\\\/visitemporda.com\\\/es\\\/recomendaciones\\\/propostes\\\/propostes-en-familia\\\/cultura-en-familia\\\/poblado-iberico-de-ullastret\\\/\",\"url\":\"https:\\\/\\\/visitemporda.com\\\/es\\\/recomendaciones\\\/propostes\\\/propostes-en-familia\\\/cultura-en-familia\\\/poblado-iberico-de-ullastret\\\/\",\"name\":\"Poblado ib\u00e9rico de Ullastret - Visit Empord\u00e0\",\"isPartOf\":{\"@id\":\"https:\\\/\\\/visitemporda.com\\\/es\\\/#website\"},\"primaryImageOfPage\":{\"@id\":\"https:\\\/\\\/visitemporda.com\\\/es\\\/recomendaciones\\\/propostes\\\/propostes-en-familia\\\/cultura-en-familia\\\/poblado-iberico-de-ullastret\\\/#primaryimage\"},\"image\":{\"@id\":\"https:\\\/\\\/visitemporda.com\\\/es\\\/recomendaciones\\\/propostes\\\/propostes-en-familia\\\/cultura-en-familia\\\/poblado-iberico-de-ullastret\\\/#primaryimage\"},\"thumbnailUrl\":\"https:\\\/\\\/visitemporda.com\\\/wp-content\\\/uploads\\\/2019\\\/12\\\/8-Ullastret-foto-Jofre-014-2.jpg\",\"datePublished\":\"2019-08-07T08:33:41+00:00\",\"dateModified\":\"2020-10-15T09:59:24+00:00\",\"breadcrumb\":{\"@id\":\"https:\\\/\\\/visitemporda.com\\\/es\\\/recomendaciones\\\/propostes\\\/propostes-en-familia\\\/cultura-en-familia\\\/poblado-iberico-de-ullastret\\\/#breadcrumb\"},\"inLanguage\":\"es\",\"potentialAction\":[{\"@type\":\"ReadAction\",\"target\":[\"https:\\\/\\\/visitemporda.com\\\/es\\\/recomendaciones\\\/propostes\\\/propostes-en-familia\\\/cultura-en-familia\\\/poblado-iberico-de-ullastret\\\/\"]}]},{\"@type\":\"ImageObject\",\"inLanguage\":\"es\",\"@id\":\"https:\\\/\\\/visitemporda.com\\\/es\\\/recomendaciones\\\/propostes\\\/propostes-en-familia\\\/cultura-en-familia\\\/poblado-iberico-de-ullastret\\\/#primaryimage\",\"url\":\"https:\\\/\\\/visitemporda.com\\\/wp-content\\\/uploads\\\/2019\\\/12\\\/8-Ullastret-foto-Jofre-014-2.jpg\",\"contentUrl\":\"https:\\\/\\\/visitemporda.com\\\/wp-content\\\/uploads\\\/2019\\\/12\\\/8-Ullastret-foto-Jofre-014-2.jpg\",\"width\":3940,\"height\":2871,\"caption\":\"Taller amb pedres. Arque\u00f2leg i un nen que pica unes pedres. Estan tots dos a terra i gent que els mira com ho fan\"},{\"@type\":\"BreadcrumbList\",\"@id\":\"https:\\\/\\\/visitemporda.com\\\/es\\\/recomendaciones\\\/propostes\\\/propostes-en-familia\\\/cultura-en-familia\\\/poblado-iberico-de-ullastret\\\/#breadcrumb\",\"itemListElement\":[{\"@type\":\"ListItem\",\"position\":1,\"name\":\"Inici\",\"item\":\"https:\\\/\\\/visitemporda.com\\\/es\\\/\"},{\"@type\":\"ListItem\",\"position\":2,\"name\":\"Recomendaciones\",\"item\":\"https:\\\/\\\/visitemporda.com\\\/es\\\/recomendaciones\\\/\"},{\"@type\":\"ListItem\",\"position\":3,\"name\":\"Qu\u00e9 hacer\",\"item\":\"https:\\\/\\\/visitemporda.com\\\/es\\\/recomendaciones\\\/propostes\\\/\"},{\"@type\":\"ListItem\",\"position\":4,\"name\":\"Propuestas en fam\u00edlia\",\"item\":\"https:\\\/\\\/visitemporda.com\\\/es\\\/recomendaciones\\\/propostes\\\/propostes-en-familia\\\/\"},{\"@type\":\"ListItem\",\"position\":5,\"name\":\"Cultura en fam\u00edlia\",\"item\":\"https:\\\/\\\/visitemporda.com\\\/es\\\/recomendaciones\\\/propostes\\\/propostes-en-familia\\\/cultura-en-familia\\\/\"},{\"@type\":\"ListItem\",\"position\":6,\"name\":\"Poblado ib\u00e9rico de Ullastret\"}]},{\"@type\":\"WebSite\",\"@id\":\"https:\\\/\\\/visitemporda.com\\\/es\\\/#website\",\"url\":\"https:\\\/\\\/visitemporda.com\\\/es\\\/\",\"name\":\"Visit Empord\u00e0\",\"description\":\"Web tur\u00edstica oficial del Baix Empord\u00e0\",\"publisher\":{\"@id\":\"https:\\\/\\\/visitemporda.com\\\/es\\\/#organization\"},\"potentialAction\":[{\"@type\":\"SearchAction\",\"target\":{\"@type\":\"EntryPoint\",\"urlTemplate\":\"https:\\\/\\\/visitemporda.com\\\/es\\\/?s={search_term_string}\"},\"query-input\":{\"@type\":\"PropertyValueSpecification\",\"valueRequired\":true,\"valueName\":\"search_term_string\"}}],\"inLanguage\":\"es\"},{\"@type\":\"Organization\",\"@id\":\"https:\\\/\\\/visitemporda.com\\\/es\\\/#organization\",\"name\":\"Consell Comarcal del Baix Empord\u00e0\",\"url\":\"https:\\\/\\\/visitemporda.com\\\/es\\\/\",\"logo\":{\"@type\":\"ImageObject\",\"inLanguage\":\"es\",\"@id\":\"https:\\\/\\\/visitemporda.com\\\/es\\\/#\\\/schema\\\/logo\\\/image\\\/\",\"url\":\"https:\\\/\\\/visitemporda.com\\\/wp-content\\\/uploads\\\/2024\\\/11\\\/Logotip_CCBE.png\",\"contentUrl\":\"https:\\\/\\\/visitemporda.com\\\/wp-content\\\/uploads\\\/2024\\\/11\\\/Logotip_CCBE.png\",\"width\":3617,\"height\":3617,\"caption\":\"Consell Comarcal del Baix Empord\u00e0\"},\"image\":{\"@id\":\"https:\\\/\\\/visitemporda.com\\\/es\\\/#\\\/schema\\\/logo\\\/image\\\/\"},\"sameAs\":[\"https:\\\/\\\/www.facebook.com\\\/baixempordaturisme\",\"https:\\\/\\\/x.com\\\/baixemporda_tur\",\"https:\\\/\\\/www.instagram.com\\\/visitemporda\"]}]}<\/script>\n<!-- \/ Yoast SEO plugin. -->","yoast_head_json":{"title":"Poblado ib\u00e9rico de Ullastret - Visit Empord\u00e0","robots":{"index":"index","follow":"follow","max-snippet":"max-snippet:-1","max-image-preview":"max-image-preview:large","max-video-preview":"max-video-preview:-1"},"canonical":"https:\/\/visitemporda.com\/es\/recomendaciones\/propostes\/propostes-en-familia\/cultura-en-familia\/poblado-iberico-de-ullastret\/","og_locale":"es_ES","og_type":"article","og_title":"Poblado ib\u00e9rico de Ullastret - Visit Empord\u00e0","og_description":"Revivir el pasado es una experiencia que pod\u00e9is disfrutar en este yacimiento ib\u00e9rico, el m\u00e1s grande de Catalu\u00f1a. Pod\u00e9is reservar una visita guiada con Indiketa, personaje que os ense\u00f1ar\u00e1 como era la vida hace muchos siglos. No perd\u00e1is ocasi\u00f3n de preguntar por los talleres de arqueolog\u00eda en familia.","og_url":"https:\/\/visitemporda.com\/es\/recomendaciones\/propostes\/propostes-en-familia\/cultura-en-familia\/poblado-iberico-de-ullastret\/","og_site_name":"Visit Empord\u00e0","article_publisher":"https:\/\/www.facebook.com\/baixempordaturisme","article_modified_time":"2020-10-15T09:59:24+00:00","og_image":[{"width":1024,"height":746,"url":"https:\/\/visitemporda.com\/wp-content\/uploads\/2019\/12\/8-Ullastret-foto-Jofre-014-2-1024x746.jpg","type":"image\/jpeg"}],"twitter_card":"summary_large_image","twitter_site":"@baixemporda_tur","schema":{"@context":"https:\/\/schema.org","@graph":[{"@type":"WebPage","@id":"https:\/\/visitemporda.com\/es\/recomendaciones\/propostes\/propostes-en-familia\/cultura-en-familia\/poblado-iberico-de-ullastret\/","url":"https:\/\/visitemporda.com\/es\/recomendaciones\/propostes\/propostes-en-familia\/cultura-en-familia\/poblado-iberico-de-ullastret\/","name":"Poblado ib\u00e9rico de Ullastret - Visit Empord\u00e0","isPartOf":{"@id":"https:\/\/visitemporda.com\/es\/#website"},"primaryImageOfPage":{"@id":"https:\/\/visitemporda.com\/es\/recomendaciones\/propostes\/propostes-en-familia\/cultura-en-familia\/poblado-iberico-de-ullastret\/#primaryimage"},"image":{"@id":"https:\/\/visitemporda.com\/es\/recomendaciones\/propostes\/propostes-en-familia\/cultura-en-familia\/poblado-iberico-de-ullastret\/#primaryimage"},"thumbnailUrl":"https:\/\/visitemporda.com\/wp-content\/uploads\/2019\/12\/8-Ullastret-foto-Jofre-014-2.jpg","datePublished":"2019-08-07T08:33:41+00:00","dateModified":"2020-10-15T09:59:24+00:00","breadcrumb":{"@id":"https:\/\/visitemporda.com\/es\/recomendaciones\/propostes\/propostes-en-familia\/cultura-en-familia\/poblado-iberico-de-ullastret\/#breadcrumb"},"inLanguage":"es","potentialAction":[{"@type":"ReadAction","target":["https:\/\/visitemporda.com\/es\/recomendaciones\/propostes\/propostes-en-familia\/cultura-en-familia\/poblado-iberico-de-ullastret\/"]}]},{"@type":"ImageObject","inLanguage":"es","@id":"https:\/\/visitemporda.com\/es\/recomendaciones\/propostes\/propostes-en-familia\/cultura-en-familia\/poblado-iberico-de-ullastret\/#primaryimage","url":"https:\/\/visitemporda.com\/wp-content\/uploads\/2019\/12\/8-Ullastret-foto-Jofre-014-2.jpg","contentUrl":"https:\/\/visitemporda.com\/wp-content\/uploads\/2019\/12\/8-Ullastret-foto-Jofre-014-2.jpg","width":3940,"height":2871,"caption":"Taller amb pedres. Arque\u00f2leg i un nen que pica unes pedres. Estan tots dos a terra i gent que els mira com ho fan"},{"@type":"BreadcrumbList","@id":"https:\/\/visitemporda.com\/es\/recomendaciones\/propostes\/propostes-en-familia\/cultura-en-familia\/poblado-iberico-de-ullastret\/#breadcrumb","itemListElement":[{"@type":"ListItem","position":1,"name":"Inici","item":"https:\/\/visitemporda.com\/es\/"},{"@type":"ListItem","position":2,"name":"Recomendaciones","item":"https:\/\/visitemporda.com\/es\/recomendaciones\/"},{"@type":"ListItem","position":3,"name":"Qu\u00e9 hacer","item":"https:\/\/visitemporda.com\/es\/recomendaciones\/propostes\/"},{"@type":"ListItem","position":4,"name":"Propuestas en fam\u00edlia","item":"https:\/\/visitemporda.com\/es\/recomendaciones\/propostes\/propostes-en-familia\/"},{"@type":"ListItem","position":5,"name":"Cultura en fam\u00edlia","item":"https:\/\/visitemporda.com\/es\/recomendaciones\/propostes\/propostes-en-familia\/cultura-en-familia\/"},{"@type":"ListItem","position":6,"name":"Poblado ib\u00e9rico de Ullastret"}]},{"@type":"WebSite","@id":"https:\/\/visitemporda.com\/es\/#website","url":"https:\/\/visitemporda.com\/es\/","name":"Visit Empord\u00e0","description":"Web tur\u00edstica oficial del Baix Empord\u00e0","publisher":{"@id":"https:\/\/visitemporda.com\/es\/#organization"},"potentialAction":[{"@type":"SearchAction","target":{"@type":"EntryPoint","urlTemplate":"https:\/\/visitemporda.com\/es\/?s={search_term_string}"},"query-input":{"@type":"PropertyValueSpecification","valueRequired":true,"valueName":"search_term_string"}}],"inLanguage":"es"},{"@type":"Organization","@id":"https:\/\/visitemporda.com\/es\/#organization","name":"Consell Comarcal del Baix Empord\u00e0","url":"https:\/\/visitemporda.com\/es\/","logo":{"@type":"ImageObject","inLanguage":"es","@id":"https:\/\/visitemporda.com\/es\/#\/schema\/logo\/image\/","url":"https:\/\/visitemporda.com\/wp-content\/uploads\/2024\/11\/Logotip_CCBE.png","contentUrl":"https:\/\/visitemporda.com\/wp-content\/uploads\/2024\/11\/Logotip_CCBE.png","width":3617,"height":3617,"caption":"Consell Comarcal del Baix Empord\u00e0"},"image":{"@id":"https:\/\/visitemporda.com\/es\/#\/schema\/logo\/image\/"},"sameAs":["https:\/\/www.facebook.com\/baixempordaturisme","https:\/\/x.com\/baixemporda_tur","https:\/\/www.instagram.com\/visitemporda"]}]}},"_links":{"self":[{"href":"https:\/\/visitemporda.com\/es\/wp-json\/wp\/v2\/pages\/20694","targetHints":{"allow":["GET"]}}],"collection":[{"href":"https:\/\/visitemporda.com\/es\/wp-json\/wp\/v2\/pages"}],"about":[{"href":"https:\/\/visitemporda.com\/es\/wp-json\/wp\/v2\/types\/page"}],"author":[{"embeddable":true,"href":"https:\/\/visitemporda.com\/es\/wp-json\/wp\/v2\/users\/2"}],"replies":[{"embeddable":true,"href":"https:\/\/visitemporda.com\/es\/wp-json\/wp\/v2\/comments?post=20694"}],"version-history":[{"count":1,"href":"https:\/\/visitemporda.com\/es\/wp-json\/wp\/v2\/pages\/20694\/revisions"}],"predecessor-version":[{"id":20695,"href":"https:\/\/visitemporda.com\/es\/wp-json\/wp\/v2\/pages\/20694\/revisions\/20695"}],"up":[{"embeddable":true,"href":"https:\/\/visitemporda.com\/es\/wp-json\/wp\/v2\/pages\/20482"}],"wp:featuredmedia":[{"embeddable":true,"href":"https:\/\/visitemporda.com\/es\/wp-json\/wp\/v2\/media\/14184"}],"wp:attachment":[{"href":"https:\/\/visitemporda.com\/es\/wp-json\/wp\/v2\/media?parent=20694"}],"curies":[{"name":"wp","href":"https:\/\/api.w.org\/{rel}","templated":true}]}}